{"id":968987,"date":"2016-06-01T14:21:08","date_gmt":"2016-06-01T14:21:08","guid":{"rendered":"https:\/\/wpml.org\/de\/startseite\/vergleich-von-wpml-mit-kostenlosen-und-kostenpflichtigen-alternativen\/"},"modified":"2025-12-09T09:25:08","modified_gmt":"2025-12-09T09:25:08","slug":"vergleich-von-wpml-mit-kostenlosen-und-kostenpflichtigen-alternativen","status":"publish","type":"page","link":"https:\/\/wpml.org\/de\/startseite\/vergleich-von-wpml-mit-kostenlosen-und-kostenpflichtigen-alternativen\/","title":{"rendered":"WPML im Vergleich zu kostenlosen und kostenpflichtigen Alternativen"},"content":{"rendered":"\n<div class=\"wp-block-toolset-blocks-container tb-container\" data-toolset-blocks-container=\"3bbe7c5c4bf290180151b2be3af6f689\"><div class=\"tb-container-inner\">\n<div class=\"wp-block-toolset-blocks-grid tb-grid\" data-toolset-blocks-grid=\"45a28227956944f4b2189b2d10c2f3f8\">\n<div class=\"wp-block-toolset-blocks-grid-column tb-grid-column tb-grid-align-top\" data-toolset-blocks-grid-column=\"3034fbe886c11054e95b46b09d3e4112\">\n<p class=\"tb-heading\" data-toolset-blocks-heading=\"520fcf3802b9a6a3a60de7770e574333\" data-last-update=\"1.4\"><strong>Vergleichen Sie Ihre Kosten<\/strong> f\u00fcr jedes wichtige mehrsprachige WordPress-Plugin basierend auf den Funktionen, die Sie ben\u00f6tigen.<\/p>\n<\/div>\n\n\n\n<div class=\"wp-block-toolset-blocks-grid-column tb-grid-column tb-grid-align-top\" data-toolset-blocks-grid-column=\"3034fbe886c11054e95b46b09d3e4112\">\n<p class=\"tb-heading\" data-toolset-blocks-heading=\"28e0e933681b2060daf347d58549c7a3\" data-last-update=\"1.4\">Sehen Sie, wie WPML im Vergleich zu Mitbewerbern abschneidet. W\u00e4hlen Sie unten Ihre Optionen aus, um die Kosten f\u00fcr die \u00dcbersetzung Ihrer Website mit jedem g\u00e4ngigen WordPress-\u00dcbersetzungs-Plugin anzuzeigen. <\/p>\n<\/div>\n<\/div>\n<\/div><\/div>\n<div class=\"wpml-compare-calculator\">\n                        <div class=\"wpml-compare-calculator__grid\">\n                            <div class=\"wpml-compare-calculator__grid-sidebar\">\n                                <button class=\"wpml-compare-calculator__grid-sidebar-toggle\"><i class=\"wpml-ico-funnel\"><\/i> Filter<\/button>\n                                <div class=\"wpml-compare-calculator__grid-sidebar-wrapper\">\n                                    <div class=\"wpml-compare-calculator__grid-sidebar-head\">\n                                        <a href=\"#\"><i class=\"wpml-ico-close\"><\/i><\/a>\n                                        <a href=\"#\">Anwenden<\/a>\n                                    <\/div>\n                                    <div class=\"wpml-compare-calculator__grid-sidebar-item\">\n                                        <div class=\"form-group form-group__slider\">\n                                            <label for=\"fLanguages\">In wie viele Sprachen m\u00f6chtest du deine Website \u00fcbersetzen (ohne deine Standardsprache)?<\/label>\n                                            <input type=\"number\" class=\"form-control\" id=\"fLanguages\" value=\"2\" min=\"0\" max=\"10\" readonly>\n                                            <div class=\"form-group__range\">\n                                                <div class=\"form-group__range-track\"><\/div>\n                                                <input type=\"range\" class=\"form-control-range\" id=\"fLanguagesRange\" value=\"0\" min=\"0\" max=\"3\" step=\"1\">\n                                            <\/div>\n                                        <\/div>\n                                    <\/div>\n                                    <div class=\"wpml-compare-calculator__grid-sidebar-item\">\n                                        <div class=\"form-group form-group__slider\">\n                                            <label for=\"fSites\">Wie viele Websites m\u00f6chtest du \u00fcbersetzen?<\/label>\n                                            <input type=\"number\" class=\"form-control\" id=\"fSites\" value=\"1\" min=\"0\" max=\"25\" readonly>\n                                            <div class=\"form-group__range\">\n                                                <div class=\"form-group__range-track\"><\/div>\n                                                <input type=\"range\" class=\"form-control-range\" id=\"fSitesRange\" value=\"0\" min=\"0\" max=\"3\" step=\"1\">\n                                            <\/div>\n                                        <\/div>\n                                    <\/div>\n                                <\/div>\n                            <\/div>\n                            <div class=\"wpml-compare-calculator__grid-content\">\n                                <div class=\"wpml-compare-calculator__grid-content__table\">\n                                    <div class=\"wcc-table__logo\"><\/div>\n                                    <div class=\"wcc-table__logo wcc-table__logo-polylang\">Polylang<\/div>\n                                    <div class=\"wcc-table__logo wcc-table__logo-translatepress\">TranslatePress<\/div>\n                                    <div class=\"wcc-table__logo wcc-table__logo-weglot\">Weglot<\/div>\n                                    <div class=\"wcc-table__logo wcc-table__logo-gtranslate\">GTranslate<\/div>\n                                    <div class=\"wcc-table__logo wcc-table__logo-wpml\">WPML<\/div>\n                                    \n                                    <div class=\"wcc-table__label\">Preis f\u00fcr das erste Jahr <i class=\"wpml-ico-info-o\" data-toggle=\"tooltip\" title=\"Der anf\u00e4ngliche Kaufpreis basierend auf den gew\u00e4hlten Optionen\"><\/i><\/div>\n                                    <div class=\"wcc-table__item text-blue\" data-id=\"polylang\" data-content=\"pricing\">$89<\/div>\n                                    <div class=\"wcc-table__item text-blue\" data-id=\"translatePress\" data-content=\"pricing\">$159<\/div>\n                                    <div class=\"wcc-table__item text-blue\" data-id=\"weglot\" data-content=\"pricing\">$1,990<\/div>\n                                    <div class=\"wcc-table__item text-blue\" data-id=\"gTranslate\" data-content=\"pricing\">$299<\/div>\n                                    <div class=\"wcc-table__item text-blue\" data-id=\"wpml\" data-content=\"pricing\">&euro;99<\/div>\n                                    \n                                    <div class=\"wcc-table__label\">Backend-\u00dcbersetzung <i class=\"wpml-ico-info-o\" data-toggle=\"tooltip\" title=\"Du kannst den Inhalt der Website im Backend \u00fcbersetzen, ohne darauf warten zu m\u00fcssen, dass Besucher ihn zuerst im Frontend ansehen. Plugins, die nur Frontend-\u00dcbersetzung erm\u00f6glichen, lassen die \u00dcbersetzung einfach erscheinen, h\u00e4ngen aber davon ab, dass jemand den Inhalt zuerst ansieht, bevor er f\u00fcr die \u00dcbersetzung verf\u00fcgbar ist.\"><\/i><\/div>\n                                    <div class=\"wcc-table__item wcc-table__item-check\" data-id=\"polylang\" data-content=\"backendTranslation\"><\/div>\n                                    <div class=\"wcc-table__item wcc-table__item-check\" data-id=\"translatePress\" data-content=\"backendTranslation\"><\/div>\n                                    <div class=\"wcc-table__item wcc-table__item-check\" data-id=\"weglot\" data-content=\"backendTranslation\"><\/div>\n                                    <div class=\"wcc-table__item wcc-table__item-check\" data-id=\"gTranslate\" data-content=\"backendTranslation\"><\/div>\n                                    <div class=\"wcc-table__item wcc-table__item-check\" data-id=\"wpml\" data-content=\"backendTranslation\"><\/div>\n                                    \n                                    <div class=\"wcc-table__label\">Automatische \u00dcbersetzung mit PTC <i class=\"wpml-ico-info-o\" data-toggle=\"tooltip\" title=\"\u00dcbersetze deine Website sofort mit unserer propriet\u00e4ren KI-Technologie.\"><\/i><\/div>\n                                    <div class=\"wcc-table__item wcc-table__item-check\" data-id=\"polylang\" data-content=\"wpmlAI\"><\/div>\n                                    <div class=\"wcc-table__item wcc-table__item-check\" data-id=\"translatePress\" data-content=\"wpmlAI\"><\/div>\n                                    <div class=\"wcc-table__item wcc-table__item-check\" data-id=\"weglot\" data-content=\"wpmlAI\"><\/div>\n                                    <div class=\"wcc-table__item wcc-table__item-check\" data-id=\"gTranslate\" data-content=\"wpmlAI\"><\/div>\n                                    <div class=\"wcc-table__item wcc-table__item-check\" data-id=\"wpml\" data-content=\"wpmlAI\"><\/div>\n                                    \n                                    <div class=\"wcc-table__label\">Automatische \u00dcbersetzung mit Google Translate <i class=\"wpml-ico-info-o\" data-toggle=\"tooltip\" title=\"\u00dcbersetze deine Website sofort, unterst\u00fctzt von Google Translate\"><\/i><\/div>\n                                    <div class=\"wcc-table__item wcc-table__item-check\" data-id=\"polylang\" data-content=\"atGoogle\"><\/div>\n                                    <div class=\"wcc-table__item wcc-table__item-check\" data-id=\"translatePress\" data-content=\"atGoogle\"><\/div>\n                                    <div class=\"wcc-table__item wcc-table__item-check\" data-id=\"weglot\" data-content=\"atGoogle\"><\/div>\n                                    <div class=\"wcc-table__item wcc-table__item-check\" data-id=\"gTranslate\" data-content=\"atGoogle\"><\/div>\n                                    <div class=\"wcc-table__item wcc-table__item-check\" data-id=\"wpml\" data-content=\"atGoogle\"><\/div>\n                                    \n                                    \n                                    <div class=\"wcc-table__label\">Automatische \u00dcbersetzung mit DeepL <i class=\"wpml-ico-info-o\" data-toggle=\"tooltip\" title=\"\u00dcbersetze deine Website sofort, unterst\u00fctzt von DeepL\"><\/i><\/div>\n                                    <div class=\"wcc-table__item wcc-table__item-check\" data-id=\"polylang\" data-content=\"atDeepl\"><\/div>\n                                    <div class=\"wcc-table__item wcc-table__item-check\" data-id=\"translatePress\" data-content=\"atDeepl\"><\/div>\n                                    <div class=\"wcc-table__item wcc-table__item-check\" data-id=\"weglot\" data-content=\"atDeepl\"><\/div>\n                                    <div class=\"wcc-table__item wcc-table__item-check\" data-id=\"gTranslate\" data-content=\"atDeepl\"><\/div>\n                                    <div class=\"wcc-table__item wcc-table__item-check\" data-id=\"wpml\" data-content=\"atDeepl\"><\/div>\n                                    \n                                    <div class=\"wcc-table__label\">Mehrsprachiges SEO <i class=\"wpml-ico-info-o\" data-toggle=\"tooltip\" title=\"\u00dcbersetze alle Post-Metadaten und f\u00fcge hreflang-Attribute zu jeder Seite hinzu\"><\/i><\/div>\n                                    <div class=\"wcc-table__item wcc-table__item-check\" data-id=\"polylang\" data-content=\"multilingualSeo\"><i class=\"wpml-ico wpml-ico-check-circle\"><\/i><\/div>\n                                    <div class=\"wcc-table__item wcc-table__item-check\" data-id=\"translatePress\" data-content=\"multilingualSeo\"><i class=\"wpml-ico wpml-ico-check-circle\"><\/i><\/div>\n                                    <div class=\"wcc-table__item wcc-table__item-check\" data-id=\"weglot\" data-content=\"multilingualSeo\"><i class=\"wpml-ico wpml-ico-check-circle\"><\/i><\/div>\n                                    <div class=\"wcc-table__item wcc-table__item-check\" data-id=\"gTranslate\" data-content=\"multilingualSeo\"><i class=\"wpml-ico wpml-ico-check-circle\"><\/i><\/div>\n                                    <div class=\"wcc-table__item wcc-table__item-check\" data-id=\"wpml\" data-content=\"multilingualSeo\"><i class=\"wpml-ico wpml-ico-check-circle\"><\/i><\/div>\n                                    \n                                    <div class=\"wcc-table__label\">URL-Slugs \u00fcbersetzen <i class=\"wpml-ico-info-o\" data-toggle=\"tooltip\" title=\"Volle Kontrolle \u00fcber Slugs f\u00fcr alle Inhaltstypen haben\"><\/i><\/div>\n                                    <div class=\"wcc-table__item wcc-table__item-check\" data-id=\"polylang\" data-content=\"translateUrlSlugs\"><i class=\"wpml-ico wpml-ico-check-circle\"><\/i><\/div>\n                                    <div class=\"wcc-table__item wcc-table__item-check\" data-id=\"translatePress\" data-content=\"translateUrlSlugs\"><i class=\"wpml-ico wpml-ico-check-circle\"><\/i><\/div>\n                                    <div class=\"wcc-table__item wcc-table__item-check\" data-id=\"weglot\" data-content=\"translateUrlSlugs\"><i class=\"wpml-ico wpml-ico-check-circle\"><\/i><\/div>\n                                    <div class=\"wcc-table__item wcc-table__item-check\" data-id=\"gTranslate\" data-content=\"translateUrlSlugs\"><i class=\"wpml-ico wpml-ico-check-circle\"><\/i><\/div>\n                                    <div class=\"wcc-table__item wcc-table__item-check\" data-id=\"wpml\" data-content=\"translateUrlSlugs\"><i class=\"wpml-ico wpml-ico-check-circle\"><\/i><\/div>\n                                    \n                                    <div class=\"wcc-table__label\">WooCommerce-Unterst\u00fctzung <i class=\"wpml-ico-info-o\" data-toggle=\"tooltip\" title=\"\u00dcbersetze einfache und variable Produkte und halte die Sprache w\u00e4hrend des gesamten Checkout-Prozesses konsistent\"><\/i><\/div>\n                                    <div class=\"wcc-table__item wcc-table__item-check\" data-id=\"polylang\" data-content=\"wooSupport\"><\/div>\n                                    <div class=\"wcc-table__item wcc-table__item-check\" data-id=\"translatePress\" data-content=\"wooSupport\"><\/div>\n                                    <div class=\"wcc-table__item wcc-table__item-check\" data-id=\"weglot\" data-content=\"wooSupport\"><\/div>\n                                    <div class=\"wcc-table__item wcc-table__item-check\" data-id=\"gTranslate\" data-content=\"wooSupport\"><\/div>\n                                    <div class=\"wcc-table__item wcc-table__item-check\" data-id=\"wpml\" data-content=\"wooSupport\"><\/div>\n                                    \n                                    <div class=\"wcc-table__label\">\u00dcbersetzungsmanagement <i class=\"wpml-ico-info-o\" data-toggle=\"tooltip\" title=\"Richte ein Team von \u00dcbersetzern ein, weise Aufgaben zu und \u00fcberpr\u00fcfe den Gesamtstatus der \u00dcbersetzer einer Website\"><\/i><\/div>\n                                    <div class=\"wcc-table__item wcc-table__item-check\" data-id=\"polylang\" data-content=\"translationManagement\"><\/div>\n                                    <div class=\"wcc-table__item wcc-table__item-check\" data-id=\"translatePress\" data-content=\"translationManagement\"><i class=\"wpml-ico wpml-ico-check-circle\"><\/i><\/div>\n                                    <div class=\"wcc-table__item wcc-table__item-check\" data-id=\"weglot\" data-content=\"translationManagement\"><i class=\"wpml-ico wpml-ico-check-circle\"><\/i><\/div>\n                                    <div class=\"wcc-table__item wcc-table__item-check\" data-id=\"gTranslate\" data-content=\"translationManagement\"><i class=\"wpml-ico wpml-ico-check-circle\"><\/i><\/div>\n                                    <div class=\"wcc-table__item wcc-table__item-check\" data-id=\"wpml\" data-content=\"translationManagement\"><i class=\"wpml-ico wpml-ico-check-circle\"><\/i><\/div> \n                                    \n                                    <div class=\"wcc-table__label\">Anzahl der integrierten \u00dcbersetzungsdienste <i class=\"wpml-ico-info-o\" data-toggle=\"tooltip\" title=\"Professionelle \u00dcbersetzungsdienste, die hochwertige \u00dcbersetzungen anbieten, die mit jedem Plugin funktionieren\"><\/i><\/div>\n                                    <div class=\"wcc-table__item\" data-id=\"polylang\" data-content=\"noTs\"><span>1<\/span><\/div>\n                                    <div class=\"wcc-table__item\" data-id=\"translatePress\" data-content=\"noTs\"><span>2<\/span><\/div>\n                                    <div class=\"wcc-table__item\" data-id=\"weglot\" data-content=\"noTs\"><span>1<\/span><\/div>\n                                    <div class=\"wcc-table__item\" data-id=\"gTranslate\" data-content=\"noTs\"><span><\/span><\/div>\n                                    <div class=\"wcc-table__item\" data-id=\"wpml\" data-content=\"noTs\"><span>70<\/span><\/div>\n                                    \n                                    <div class=\"wcc-table__label\">Besitze deine \u00dcbersetzungen <i class=\"wpml-ico-info-o\" data-toggle=\"tooltip\" title=\"Speichert deine \u00dcbersetzungen in deiner eigenen Datenbank, sodass du nicht weiter bezahlen musst, um die \u00dcbersetzungen auf deiner Website anzuzeigen.\"><\/i><\/div>\n                                    <div class=\"wcc-table__item\" data-id=\"polylang\" data-content=\"ownTranslations\"><i class=\"wpml-ico wpml-ico-check-circle\"><\/i><\/div>\n                                    <div class=\"wcc-table__item\" data-id=\"translatePress\" data-content=\"ownTranslations\"><i class=\"wpml-ico wpml-ico-check-circle\"><\/i><\/div>\n                                    <div class=\"wcc-table__item\" data-id=\"weglot\" data-content=\"ownTranslations\"><\/div>\n                                    <div class=\"wcc-table__item\" data-id=\"gTranslate\" data-content=\"ownTranslations\"><\/div>\n                                    <div class=\"wcc-table__item\" data-id=\"wpml\" data-content=\"ownTranslations\"><i class=\"wpml-ico wpml-ico-check-circle\"><\/i><\/div>\n                                    \n                                    <div class=\"wcc-table__label\">\u00dcbersetze E-Mails, die vom WordPress-Admin gesendet werden <i class=\"wpml-ico-info-o\" data-toggle=\"tooltip\" title=\"\u00dcbersetze E-Mails und andere Texte, die auf keiner Seite erscheinen\"><\/i><\/div>\n                                    <div class=\"wcc-table__item\" data-id=\"polylang\" data-content=\"translateEmails\"><i class=\"wpml-ico wpml-ico-check-circle\"><\/i><\/div>\n                                    <div class=\"wcc-table__item\" data-id=\"translatePress\" data-content=\"translateEmails\"><i class=\"wpml-ico wpml-ico-check-circle\"><\/i><\/div>\n                                    <div class=\"wcc-table__item\" data-id=\"weglot\" data-content=\"translateEmails\"><\/div>\n                                    <div class=\"wcc-table__item\" data-id=\"gTranslate\" data-content=\"translateEmails\"><i class=\"wpml-ico wpml-ico-check-circle\"><\/i><\/div>\n                                    <div class=\"wcc-table__item\" data-id=\"wpml\" data-content=\"translateEmails\"><i class=\"wpml-ico wpml-ico-check-circle\"><\/i><\/div>\n\n                                <\/div>\n                            <\/div>\n                        <\/div>\n\n<div class=\"wp-block-toolset-blocks-grid tb-grid\" data-toolset-blocks-grid=\"3e5c71a1ca979719795a70892bd7f7c9\">\n<div class=\"wp-block-toolset-blocks-grid-column tb-grid-column tb-grid-align-top\" data-toolset-blocks-grid-column=\"3034fbe886c11054e95b46b09d3e4112\"><\/div>\n\n\n\n<div class=\"wp-block-toolset-blocks-grid-column tb-grid-column tb-grid-align-top\" data-toolset-blocks-grid-column=\"3034fbe886c11054e95b46b09d3e4112\">\n<p class=\"tb-heading\" data-toolset-blocks-heading=\"82e1505a6ddda3ffe9a06b813997e3d2\" data-last-update=\"1.4\">* Business-Websites haben etwa <strong>20<\/strong> Seiten mit <strong>500<\/strong> W\u00f6rtern auf jeder Seite. E-Commerce-Websites haben <g id=\"gid_2\">100<\/g> Produkte mit je <g id=\"gid_3\">300<\/g> W\u00f6rtern. Verwenden Sie unseren <a href=\"https:\/\/wpml.org\/de\/documentation-3\/automatische-uebersetzung-fuer-wordpress-inhalte-mit-wpml\/preise-fuer-automatische-uebersetzung\/#how-automatic-translation-works\">Automatischen \u00dcbersetzungs-Preisrechner<\/a> f\u00fcr genauere Sch\u00e4tzungen.  <\/p>\n<\/div>\n<\/div>\n\n<div class=\"wp-block-toolset-blocks-container tb-container\" data-toolset-blocks-container=\"fa3170e0556695f46bd70cc1519740ee\">\n<h2 class=\"tb-heading has-text-color\" data-toolset-blocks-heading=\"49ecf4a0b0ca049343fa6c4e0da0e828\" data-last-update=\"1.4\">Bereit zu beginnen?<\/h2>\n\n\n\n<div class=\"tb-button\" data-toolset-blocks-button=\"95b002cc91fbb9f1fb4aaa9e77832629\"><a class=\"tb-button__link\" href=\"https:\/\/wpml.org\/purchase\/\"><span class=\"tb-button__content\">WPML kaufen<\/span><i class=\"tb-button__icon\"><\/i><\/a><\/div>\n\n\n\n<p class=\"tb-heading has-text-color\" data-toolset-blocks-heading=\"5f94c2f3865b84670a4dea86398a2867\" data-last-update=\"1.4\">Ben\u00f6tigen Sie weitere Hilfe?  <a href=\"https:\/\/wpml.org\/de\/purchase\/fragen-vor-dem-kauf\/\" target=\"_blank\" rel=\"noreferrer noopener\">Eine Frage stellen<\/a><\/p>\n<\/div>\n","protected":false},"excerpt":{"rendered":"","protected":false},"author":204756,"featured_media":0,"parent":1253,"menu_order":87,"comment_status":"closed","ping_status":"closed","template":"template-full-header-with-wrapper.php","meta":{"_bbp_topic_count":0,"_bbp_reply_count":0,"_bbp_total_topic_count":0,"_bbp_total_reply_count":0,"_bbp_voice_count":0,"_bbp_anonymous_reply_count":0,"_bbp_topic_count_hidden":0,"_bbp_reply_count_hidden":0,"_bbp_forum_subforum_count":0,"ep_exclude_from_search":false,"footnotes":""},"related-projects-category":[],"class_list":["post-968987","page","type-page","status-publish","hentry"],"_links":{"self":[{"href":"https:\/\/wpml.org\/de\/wp-json\/wp\/v2\/pages\/968987","targetHints":{"allow":["GET"]}}],"collection":[{"href":"https:\/\/wpml.org\/de\/wp-json\/wp\/v2\/pages"}],"about":[{"href":"https:\/\/wpml.org\/de\/wp-json\/wp\/v2\/types\/page"}],"author":[{"embeddable":true,"href":"https:\/\/wpml.org\/de\/wp-json\/wp\/v2\/users\/204756"}],"replies":[{"embeddable":true,"href":"https:\/\/wpml.org\/de\/wp-json\/wp\/v2\/comments?post=968987"}],"version-history":[{"count":8,"href":"https:\/\/wpml.org\/de\/wp-json\/wp\/v2\/pages\/968987\/revisions"}],"predecessor-version":[{"id":17646300,"href":"https:\/\/wpml.org\/de\/wp-json\/wp\/v2\/pages\/968987\/revisions\/17646300"}],"up":[{"embeddable":true,"href":"https:\/\/wpml.org\/de\/wp-json\/wp\/v2\/pages\/1253"}],"wp:attachment":[{"href":"https:\/\/wpml.org\/de\/wp-json\/wp\/v2\/media?parent=968987"}],"wp:term":[{"taxonomy":"related-projects-category","embeddable":true,"href":"https:\/\/wpml.org\/de\/wp-json\/wp\/v2\/related-projects-category?post=968987"}],"curies":[{"name":"wp","href":"https:\/\/api.w.org\/{rel}","templated":true}]}}