{"id":97658,"date":"2013-01-18T23:50:46","date_gmt":"2013-01-18T23:50:46","guid":{"rendered":"http:\/\/wpml.org\/documentation-3\/ahnliche-projekte\/"},"modified":"2024-06-07T11:44:06","modified_gmt":"2024-06-07T11:44:06","slug":"ahnliche-projekte","status":"publish","type":"page","link":"https:\/\/wpml.org\/de\/documentation-3\/ahnliche-projekte\/","title":{"rendered":"Verwandte Projekte"},"content":{"rendered":"\n<div class=\"wp-block-toolset-blocks-container tb-container\" data-toolset-blocks-container=\"bd2e94b9989cc14eb39c6fbe0a58b640\"><div class=\"tb-container-inner\">\n<p class=\"tb-heading\" data-toolset-blocks-heading=\"fd2bebae4a20c4be8f67d0b557f121dc\" data-last-update=\"1.4\">Zus\u00e4tzlich zu WPML bieten wir Ihnen weitere Werkzeuge, die Sie bei der \u00dcbersetzung verschiedener Aspekte Ihrer Website unterst\u00fctzen. Erstellen Sie mit unseren benutzerfreundlichen L\u00f6sungen, die sich nahtlos in die wichtigsten WordPress Plugins integrieren, ganz einfach eine umfassende mehrsprachige Website.<\/p>\n<\/div><\/div>\n<div class=\"wpv-view-output\" data-toolset-views-view-editor=\"db951b03d71daa524cc05baa62f47590\"><div class=\"wpv-view-wrapper\"><div class=\"wpv-custom-search-loading-overlay js-wpv-custom-search-loading-overlay\" style=\"display:none;background:rgba( 255, 255, 255, 0 );\">\n\t\t\t\t\t<div class=\"spinner\">\n\t\t\t\t\t\t<div class=\"icon\" style=\"background:url(https:\/\/wpml.org\/wp-content\/plugins\/wp-views\/embedded\/res\/img\/ajax-loader3.svg)\"><\/div>\n\t\t\t\t\t<\/div>\n\t\t\t\t<\/div><div class=\"wp-block-toolset-views-view-editor\">\n<div class=\"wp-block-toolset-blocks-container tb-container\" data-toolset-blocks-container=\"f1f6cf433548e794e350cca473324a7f\"><div class=\"tb-container-inner\">\n<div class=\"wp-block-toolset-views-custom-search-container\"><form autocomplete=\"off\" name=\"wpv-filter-13463167-TCPID97658\" action=\"\/de\/wp-json\/wp\/v2\/pages\/97658?wpv_view_count=13463167-TCPID97658\" method=\"get\" class=\"wpv-filter-form js-wpv-filter-form js-wpv-filter-form-13463167-TCPID97658 js-wpv-form-full js-wpv-dps-enabled js-wpv-ajax-results-enabled\" data-viewnumber=\"13463167-TCPID97658\" data-viewid=\"13463167\" data-viewhash=\"eyJuYW1lIjoicmVsYXRlZC1wcm9qZWN0cyJ9\" data-viewwidgetid=\"0\" data-orderby=\"\" data-order=\"\" data-orderbyas=\"\" data-orderbysecond=\"\" data-ordersecond=\"\" data-parametric=\"{&quot;query&quot;:&quot;normal&quot;,&quot;id&quot;:13463167,&quot;view_id&quot;:13463167,&quot;widget_id&quot;:0,&quot;view_hash&quot;:&quot;13463167-TCPID97658&quot;,&quot;action&quot;:&quot;\\\/de\\\/wp-json\\\/wp\\\/v2\\\/pages\\\/97658?wpv_view_count=13463167-TCPID97658&quot;,&quot;sort&quot;:{&quot;orderby&quot;:&quot;&quot;,&quot;order&quot;:&quot;&quot;,&quot;orderby_as&quot;:&quot;&quot;,&quot;orderby_second&quot;:&quot;&quot;,&quot;order_second&quot;:&quot;&quot;},&quot;orderby&quot;:&quot;&quot;,&quot;order&quot;:&quot;&quot;,&quot;orderby_as&quot;:&quot;&quot;,&quot;orderby_second&quot;:&quot;&quot;,&quot;order_second&quot;:&quot;&quot;,&quot;ajax_form&quot;:&quot;&quot;,&quot;ajax_results&quot;:&quot;&quot;,&quot;effect&quot;:&quot;fade&quot;,&quot;prebefore&quot;:&quot;&quot;,&quot;before&quot;:&quot;&quot;,&quot;after&quot;:&quot;&quot;,&quot;attributes&quot;:[],&quot;environment&quot;:{&quot;current_post_id&quot;:97658,&quot;parent_post_id&quot;:97658,&quot;parent_term_id&quot;:0,&quot;parent_user_id&quot;:0,&quot;archive&quot;:{&quot;type&quot;:&quot;&quot;,&quot;name&quot;:&quot;&quot;,&quot;data&quot;:[]}},&quot;loop&quot;:{&quot;type&quot;:&quot;&quot;,&quot;name&quot;:&quot;&quot;,&quot;data&quot;:[],&quot;id&quot;:0}}\" data-attributes=\"[]\" data-environment=\"{&quot;current_post_id&quot;:97658,&quot;parent_post_id&quot;:97658,&quot;parent_term_id&quot;:0,&quot;parent_user_id&quot;:0,&quot;archive&quot;:{&quot;type&quot;:&quot;&quot;,&quot;name&quot;:&quot;&quot;,&quot;data&quot;:[]}}\"><input type=\"hidden\" class=\"js-wpv-dps-filter-data js-wpv-filter-data-for-this-form\" data-action=\"\/de\/wp-json\/wp\/v2\/pages\/97658?wpv_view_count=13463167-TCPID97658\" data-page=\"1\" data-ajax=\"enable\" data-effect=\"fade\" data-maxpages=\"0\" data-ajaxprebefore=\"\" data-ajaxbefore=\"\" data-ajaxafter=\"\" \/><input class=\"wpv_view_count wpv_view_count-13463167-TCPID97658\" type=\"hidden\" name=\"wpv_view_count\" value=\"13463167-TCPID97658\" \/> <div>\n<div class=\"wp-block-toolset-blocks-grid tb-grid\" data-toolset-blocks-grid=\"83ae1f9bb26c3f4528f4604370d54270\">\n<div class=\"wp-block-toolset-blocks-grid-column tb-grid-column tb-grid-align-top\" data-toolset-blocks-grid-column=\"3034fbe886c11054e95b46b09d3e4112\"><\/div>\n\n\n\n<div class=\"wp-block-toolset-blocks-grid-column tb-grid-column tb-grid-align-top\" data-toolset-blocks-grid-column=\"3034fbe886c11054e95b46b09d3e4112\"><\/div>\n\n\n\n<div class=\"wp-block-toolset-blocks-grid-column tb-grid-column tb-grid-align-top\" data-toolset-blocks-grid-column=\"3034fbe886c11054e95b46b09d3e4112\">\n<div class=\"wp-block-toolset-views-custom-search-filter wpv-custom-search-filter wpv-custom-search-filter-label-top\" data-toolset-views-custom-search-filter=\"849814c662e41bf8c56007a999863a5a\"><div><div class=\"form-group\"><span class=\"wpv-custom-search-filter__input\"><select name=\"wpv-related-projects-category\" class=\"js-wpv-filter-trigger form-control\"><option selected='selected' value=\"0\">- Alle Kategorien -<\/option><option value=\"masgeschneiderte-felder\">Benutzerdefinierte Felder<\/option><option value=\"e-commerce-de\">E-Commerce<\/option><option value=\"build-advanced-sites-de\">Erstellen Sie fortschrittliche Webseiten<\/option><option value=\"forms-de\">Formulare<\/option><option value=\"import-export-de\">Importieren \/ Exportieren<\/option><option value=\"seo-de\">SEO<\/option><option value=\"soziale-netzwerke-foren\">Soziale Netzwerke &amp; Foren<\/option><\/select><\/span><\/div><\/div><\/div>\n<\/div>\n<\/div>\n<\/div> <\/form><\/div>\n\n\n<div id=\"wpv-view-layout-13463167-TCPID97658\" class=\"js-wpv-view-layout js-wpv-layout-responsive js-wpv-view-layout-13463167-TCPID97658\" data-viewnumber=\"13463167-TCPID97658\" data-pagination=\"{&quot;id&quot;:13463167,&quot;query&quot;:&quot;normal&quot;,&quot;type&quot;:&quot;disabled&quot;,&quot;effect&quot;:&quot;fade&quot;,&quot;duration&quot;:500,&quot;speed&quot;:5,&quot;pause_on_hover&quot;:&quot;enabled&quot;,&quot;stop_rollover&quot;:&quot;false&quot;,&quot;cache_pages&quot;:&quot;enabled&quot;,&quot;preload_images&quot;:&quot;enabled&quot;,&quot;preload_pages&quot;:&quot;enabled&quot;,&quot;preload_reach&quot;:1,&quot;spinner&quot;:&quot;builtin&quot;,&quot;spinner_image&quot;:&quot;https:\/\/wpml.org\/wp-content\/plugins\/wp-views\/embedded\/res\/img\/ajax-loader.gif&quot;,&quot;callback_next&quot;:&quot;&quot;,&quot;manage_history&quot;:&quot;disabled&quot;,&quot;has_controls_in_form&quot;:&quot;disabled&quot;,&quot;infinite_tolerance&quot;:&quot;0&quot;,&quot;max_pages&quot;:0,&quot;page&quot;:1,&quot;base_permalink&quot;:&quot;\/de\/wp-json\/wp\/v2\/pages\/97658?wpv_view_count=13463167-TCPID97658&amp;wpv_paged=WPV_PAGE_NUM&quot;,&quot;loop&quot;:{&quot;type&quot;:&quot;&quot;,&quot;name&quot;:&quot;&quot;,&quot;data&quot;:[],&quot;id&quot;:0}}\" data-permalink=\"\/de\/wp-json\/wp\/v2\/pages\/97658?wpv_view_count=13463167-TCPID97658\">\n<div class=\"js-wpv-loop-wrapper\"><div class=\"tb-grid\"><div class=\"tb-grid-column\">\n<div class=\"wp-block-toolset-views-view-template-block wpv-block-loop-item php-to-be-replaced-with-shortcode\" data-toolset-views-view-template-block=\"229f8d21fffe8fbefe2a50d84bf935b1\">\n<div class=\"tb-field showcase-tax\" data-toolset-blocks-field=\"7a1051273cf99f513dd823c9e02be522\" data-last-update=\"1.4\">E-Commerce<\/div>\n\n\n\n<div class=\"tb-button mention-btn\" data-toolset-blocks-button=\"c99bd361af5061591097b01de874ee92\"><a class=\"tb-button__link\" href=\"https:\/\/wpml.org\/de\/documentation-3\/ahnliche-projekte\/woocommerce-multilingual-betreiben-sie-e-commerce-seiten-in-mehreren-sprachen\/\"><span class=\"tb-button__content\">WPML Multilingual &amp; Multicurrency for WooCommerce \u2013 Shops \u00fcbersetzen<\/span><i class=\"tb-button__icon\"><\/i><\/a><\/div>\n\n\n\n<div class=\"tb-field\" data-toolset-blocks-field=\"0ffb88e4739c9090a743afdc5ca844ad\" data-last-update=\"1.4\">WPML Multilingual &amp; Multicurrency f\u00fcr WooCommerce erleichtert den Betrieb mehrsprachiger E-Commerce-Websites mit WooCommerce und WPML. Das Plugin optimiert den \u00dcbersetzungsprozess, sodass Sie nur die Texte \u00fcbersetzen m\u00fcssen. \u00dcbersetzungen f\u00fcr Produkte, Kategorien und Variationen werden automatisch f\u00fcr Sie...<\/div>\n<\/div>\n<\/div><div class=\"tb-grid-column\">\n<div class=\"wp-block-toolset-views-view-template-block wpv-block-loop-item php-to-be-replaced-with-shortcode\" data-toolset-views-view-template-block=\"229f8d21fffe8fbefe2a50d84bf935b1\">\n<div class=\"tb-field showcase-tax\" data-toolset-blocks-field=\"7a1051273cf99f513dd823c9e02be522\" data-last-update=\"1.4\"><\/div>\n\n\n\n<div class=\"tb-button mention-btn\" data-toolset-blocks-button=\"c99bd361af5061591097b01de874ee92\"><a class=\"tb-button__link\" href=\"https:\/\/wpml.org\/de\/documentation-3\/ahnliche-projekte\/importieren-mehrerer-sprachen-mit-wp-all-import-und-wpml\/\"><span class=\"tb-button__content\">Importieren mehrerer Sprachen mit WP All Import und WPML<\/span><i class=\"tb-button__icon\"><\/i><\/a><\/div>\n\n\n\n<div class=\"tb-field\" data-toolset-blocks-field=\"0ffb88e4739c9090a743afdc5ca844ad\" data-last-update=\"1.4\">Mit WP All Import, WPML und dem WPML All Import Add-on k\u00f6nnen Sie Inhalte in mehreren Sprachen importieren. Dies umfasst Beitr\u00e4ge, Seiten, WooCommerce Produkte, Taxonomien, Medien und andere benutzerdefinierte Felder und Beitragstypen. Diese Seite zeigt Ihnen, wie...<\/div>\n<\/div>\n<\/div><div class=\"tb-grid-column\">\n<div class=\"wp-block-toolset-views-view-template-block wpv-block-loop-item php-to-be-replaced-with-shortcode\" data-toolset-views-view-template-block=\"229f8d21fffe8fbefe2a50d84bf935b1\">\n<div class=\"tb-field showcase-tax\" data-toolset-blocks-field=\"7a1051273cf99f513dd823c9e02be522\" data-last-update=\"1.4\">Erstellen Sie fortschrittliche Webseiten<\/div>\n\n\n\n<div class=\"tb-button mention-btn\" data-toolset-blocks-button=\"c99bd361af5061591097b01de874ee92\"><a class=\"tb-button__link\" href=\"https:\/\/wpml.org\/de\/documentation-3\/ahnliche-projekte\/wpml-graphql-mehrsprachige-funktionalitaet-zum-wpgraphql-schema-hinzufuegen\/\"><span class=\"tb-button__content\">WPML GraphQL \u2013 Mehrsprachige Funktionalit\u00e4t zum WPGraphQL-Schema hinzuf\u00fcgen<\/span><i class=\"tb-button__icon\"><\/i><\/a><\/div>\n\n\n\n<div class=\"tb-field\" data-toolset-blocks-field=\"0ffb88e4739c9090a743afdc5ca844ad\" data-last-update=\"1.4\"><span><span><a href=\"https:\/\/wpml.org\/de\/startseite\/\">Home<\/a><\/span><\/span> WPML GraphQL \u2013 Mehrsprachige Funktionalit\u00e4t zum WPGraphQL-Schema hinzuf\u00fcgen Mit WPML GraphQL k\u00f6nnen Sie sprachspezifische Inhalte und \u00dcbersetzungen aus dem WPGraphQL-Schema abfragen, filtern und abrufen. WPML GraphQL erhalten  Hauptfunktionen Inhalte nach Sprache...<\/div>\n<\/div>\n<\/div><div class=\"tb-grid-column\">\n<div class=\"wp-block-toolset-views-view-template-block wpv-block-loop-item php-to-be-replaced-with-shortcode\" data-toolset-views-view-template-block=\"229f8d21fffe8fbefe2a50d84bf935b1\">\n<div class=\"tb-field showcase-tax\" data-toolset-blocks-field=\"7a1051273cf99f513dd823c9e02be522\" data-last-update=\"1.4\">Importieren \/ Exportieren<\/div>\n\n\n\n<div class=\"tb-button mention-btn\" data-toolset-blocks-button=\"c99bd361af5061591097b01de874ee92\"><a class=\"tb-button__link\" href=\"https:\/\/wpml.org\/de\/documentation-3\/ahnliche-projekte\/wpml-export-und-import\/\"><span class=\"tb-button__content\">WPML Export and Import<\/span><i class=\"tb-button__icon\"><\/i><\/a><\/div>\n\n\n\n<div class=\"tb-field\" data-toolset-blocks-field=\"0ffb88e4739c9090a743afdc5ca844ad\" data-last-update=\"1.4\"><span><span><a href=\"https:\/\/wpml.org\/de\/startseite\/\">Home<\/a><\/span><\/span> WPML Export and Import \u2013 Einfacher Export und Import von \u00dcbersetzungen WPML Export and Import ist ein WPML-Addon zum Importieren mehrsprachiger Inhalte aus Tabellenkalkulationen und anderen Websites in Ihre Website. Holen Sie sich WPML Export and...<\/div>\n<\/div>\n<\/div><div class=\"tb-grid-column\">\n<div class=\"wp-block-toolset-views-view-template-block wpv-block-loop-item php-to-be-replaced-with-shortcode\" data-toolset-views-view-template-block=\"229f8d21fffe8fbefe2a50d84bf935b1\">\n<div class=\"tb-field showcase-tax\" data-toolset-blocks-field=\"7a1051273cf99f513dd823c9e02be522\" data-last-update=\"1.4\">Benutzerdefinierte Felder, Erstellen Sie fortschrittliche Webseiten<\/div>\n\n\n\n<div class=\"tb-button mention-btn\" data-toolset-blocks-button=\"c99bd361af5061591097b01de874ee92\"><a class=\"tb-button__link\" href=\"https:\/\/wpml.org\/de\/documentation-3\/ahnliche-projekte\/advanced-custom-fields-acf-multilingual-alle-felder-mit-wpml-uebersetzen\/\"><span class=\"tb-button__content\">Advanced Custom Fields (ACF) Mehrsprachig \u2013 Alle Felder mit WPML \u00fcbersetzen<\/span><i class=\"tb-button__icon\"><\/i><\/a><\/div>\n\n\n\n<div class=\"tb-field\" data-toolset-blocks-field=\"0ffb88e4739c9090a743afdc5ca844ad\" data-last-update=\"1.4\">WPML erm\u00f6glicht es Ihnen, Websites zu \u00fcbersetzen, die mit dem Advanced Custom Fields (ACF)-Plugin erstellt wurden.<\/div>\n<\/div>\n<\/div><div class=\"tb-grid-column\">\n<div class=\"wp-block-toolset-views-view-template-block wpv-block-loop-item php-to-be-replaced-with-shortcode\" data-toolset-views-view-template-block=\"229f8d21fffe8fbefe2a50d84bf935b1\">\n<div class=\"tb-field showcase-tax\" data-toolset-blocks-field=\"7a1051273cf99f513dd823c9e02be522\" data-last-update=\"1.4\">SEO<\/div>\n\n\n\n<div class=\"tb-button mention-btn\" data-toolset-blocks-button=\"c99bd361af5061591097b01de874ee92\"><a class=\"tb-button__link\" href=\"https:\/\/wpml.org\/de\/documentation-3\/ahnliche-projekte\/wpml-seo\/\"><span class=\"tb-button__content\">WPML SEO<\/span><i class=\"tb-button__icon\"><\/i><\/a><\/div>\n\n\n\n<div class=\"tb-field\" data-toolset-blocks-field=\"0ffb88e4739c9090a743afdc5ca844ad\" data-last-update=\"1.4\">WPML SEO macht Ihre mehrsprachige Website mit den beliebten SEO-Plugins Yoast und Rank Math kompatibel. Erreichen Sie ein globales Publikum, indem Sie Ihre Website f\u00fcr Suchmaschinen in verschiedenen Sprachen optimieren. Steigern Sie den Traffic, verbessern Sie die...<\/div>\n<\/div>\n<\/div><div class=\"tb-grid-column\">\n<div class=\"wp-block-toolset-views-view-template-block wpv-block-loop-item php-to-be-replaced-with-shortcode\" data-toolset-views-view-template-block=\"229f8d21fffe8fbefe2a50d84bf935b1\">\n<div class=\"tb-field showcase-tax\" data-toolset-blocks-field=\"7a1051273cf99f513dd823c9e02be522\" data-last-update=\"1.4\">Formulare<\/div>\n\n\n\n<div class=\"tb-button mention-btn\" data-toolset-blocks-button=\"c99bd361af5061591097b01de874ee92\"><a class=\"tb-button__link\" href=\"https:\/\/wpml.org\/de\/documentation-3\/ahnliche-projekte\/kontaktformulare-7-mit-wpml-verwenden\/\"><span class=\"tb-button__content\">WPML Multilingual for CF7<\/span><i class=\"tb-button__icon\"><\/i><\/a><\/div>\n\n\n\n<div class=\"tb-field\" data-toolset-blocks-field=\"0ffb88e4739c9090a743afdc5ca844ad\" data-last-update=\"1.4\">Contact Form 7 erm\u00f6glicht es Ihnen, Front-End-Formulare f\u00fcr Ihre Website zu erstellen, anzupassen und zu verwalten. In diesem Tutorial bieten wir Ihnen eine Schritt-f\u00fcr-Schritt-Anleitung, wie Sie diese Formulare mit WPML mehrsprachig machen.<\/div>\n<\/div>\n<\/div><div class=\"tb-grid-column\">\n<div class=\"wp-block-toolset-views-view-template-block wpv-block-loop-item php-to-be-replaced-with-shortcode\" data-toolset-views-view-template-block=\"229f8d21fffe8fbefe2a50d84bf935b1\">\n<div class=\"tb-field showcase-tax\" data-toolset-blocks-field=\"7a1051273cf99f513dd823c9e02be522\" data-last-update=\"1.4\">Formulare<\/div>\n\n\n\n<div class=\"tb-button mention-btn\" data-toolset-blocks-button=\"c99bd361af5061591097b01de874ee92\"><a class=\"tb-button__link\" href=\"https:\/\/wpml.org\/de\/documentation-3\/ahnliche-projekte\/gravity-forms-multilingual\/\"><span class=\"tb-button__content\">Gravity Forms Multilingual<\/span><i class=\"tb-button__icon\"><\/i><\/a><\/div>\n\n\n\n<div class=\"tb-field\" data-toolset-blocks-field=\"0ffb88e4739c9090a743afdc5ca844ad\" data-last-update=\"1.4\">Mit WPML k\u00f6nnen Sie die Texte, die in Ihren Gravity Forms erscheinen, in andere Sprachen Ihrer Website \u00fcbersetzen. Nach der \u00dcbersetzung wird das Formular automatisch in der korrekten Sprache im Frontend angezeigt.<\/div>\n<\/div>\n<\/div><div class=\"tb-grid-column\">\n<div class=\"wp-block-toolset-views-view-template-block wpv-block-loop-item php-to-be-replaced-with-shortcode\" data-toolset-views-view-template-block=\"229f8d21fffe8fbefe2a50d84bf935b1\">\n<div class=\"tb-field showcase-tax\" data-toolset-blocks-field=\"7a1051273cf99f513dd823c9e02be522\" data-last-update=\"1.4\">Formulare<\/div>\n\n\n\n<div class=\"tb-button mention-btn\" data-toolset-blocks-button=\"c99bd361af5061591097b01de874ee92\"><a class=\"tb-button__link\" href=\"https:\/\/wpml.org\/de\/documentation-3\/ahnliche-projekte\/mailchimp-fuer-wordpress-mehrsprachig\/\"><span class=\"tb-button__content\">MailChimp f\u00fcr WordPress mehrsprachig<\/span><i class=\"tb-button__icon\"><\/i><\/a><\/div>\n\n\n\n<div class=\"tb-field\" data-toolset-blocks-field=\"0ffb88e4739c9090a743afdc5ca844ad\" data-last-update=\"1.4\">MailChimp ist ein beliebter Online-Dienst, mit dem Sie automatisierte E-Mail-Kampagnen verteilen k\u00f6nnen. Die Integration zwischen dem MailChimp for WordPress Plugin und WPML erm\u00f6glicht es Ihnen, Anmeldeformulare und zugeh\u00f6rige Nachrichten zu \u00fcbersetzen.<\/div>\n<\/div>\n<\/div><div class=\"tb-grid-column\">\n<div class=\"wp-block-toolset-views-view-template-block wpv-block-loop-item php-to-be-replaced-with-shortcode\" data-toolset-views-view-template-block=\"229f8d21fffe8fbefe2a50d84bf935b1\">\n<div class=\"tb-field showcase-tax\" data-toolset-blocks-field=\"7a1051273cf99f513dd823c9e02be522\" data-last-update=\"1.4\">Soziale Netzwerke &amp; Foren<\/div>\n\n\n\n<div class=\"tb-button mention-btn\" data-toolset-blocks-button=\"c99bd361af5061591097b01de874ee92\"><a class=\"tb-button__link\" href=\"https:\/\/wpml.org\/de\/documentation-3\/ahnliche-projekte\/buddypress-multilingual-buddypress-und-buddyboss-websites-uebersetzen\/\"><span class=\"tb-button__content\">\u00dcbersetzen Sie BuddyPress- und BuddyBoss-Websites mit WPML<\/span><i class=\"tb-button__icon\"><\/i><\/a><\/div>\n\n\n\n<div class=\"tb-field\" data-toolset-blocks-field=\"0ffb88e4739c9090a743afdc5ca844ad\" data-last-update=\"1.4\">Mit BuddyPress k\u00f6nnen Sie Ihre WordPress-Website in ein soziales Netzwerk verwandeln. WPML und sein BuddyPress Multilingual Add-on erm\u00f6glichen es BuddyPress-Websites, mehrsprachig zu laufen.<\/div>\n<\/div>\n<\/div><div class=\"tb-grid-column\">\n<div class=\"wp-block-toolset-views-view-template-block wpv-block-loop-item php-to-be-replaced-with-shortcode\" data-toolset-views-view-template-block=\"229f8d21fffe8fbefe2a50d84bf935b1\">\n<div class=\"tb-field showcase-tax\" data-toolset-blocks-field=\"7a1051273cf99f513dd823c9e02be522\" data-last-update=\"1.4\">Erstellen Sie fortschrittliche Webseiten<\/div>\n\n\n\n<div class=\"tb-button mention-btn\" data-toolset-blocks-button=\"c99bd361af5061591097b01de874ee92\"><a class=\"tb-button__link\" href=\"https:\/\/wpml.org\/de\/documentation-3\/ahnliche-projekte\/verwendung-von-elasticpress-auf-ihrer-mehrsprachigen-website\/\"><span class=\"tb-button__content\">WPML ElasticPress \u2013 Mehrsprachige Suchergebnisse<\/span><i class=\"tb-button__icon\"><\/i><\/a><\/div>\n\n\n\n<div class=\"tb-field\" data-toolset-blocks-field=\"0ffb88e4739c9090a743afdc5ca844ad\" data-last-update=\"1.4\"><span><span><a href=\"https:\/\/wpml.org\/de\/startseite\/\">Home<\/a><\/span><\/span> WPML ElasticPress \u2013 Mehrsprachige Suchergebnisse anzeigen Mit WPML ElasticPress k\u00f6nnen Sie relevante, sprachspezifische Ergebnisse f\u00fcr Suchen anzeigen, die mit Elasticsearch durchgef\u00fchrt werden. WPML ElasticPress herunterladen  Hauptfunktionen Generiert Indizes f\u00fcr jede Sprache...<\/div>\n<\/div>\n<\/div><div class=\"tb-grid-column\">\n<div class=\"wp-block-toolset-views-view-template-block wpv-block-loop-item php-to-be-replaced-with-shortcode\" data-toolset-views-view-template-block=\"229f8d21fffe8fbefe2a50d84bf935b1\">\n<div class=\"tb-field showcase-tax\" data-toolset-blocks-field=\"7a1051273cf99f513dd823c9e02be522\" data-last-update=\"1.4\">Formulare<\/div>\n\n\n\n<div class=\"tb-button mention-btn\" data-toolset-blocks-button=\"c99bd361af5061591097b01de874ee92\"><a class=\"tb-button__link\" href=\"https:\/\/wpml.org\/de\/documentation-3\/ahnliche-projekte\/erstellen-mehrsprachiger-formulare-mit-wpforms-und-wpml\/\"><span class=\"tb-button__content\">Erstellung mehrsprachiger Formulare mit WPForms und WPML<\/span><i class=\"tb-button__icon\"><\/i><\/a><\/div>\n\n\n\n<div class=\"tb-field\" data-toolset-blocks-field=\"0ffb88e4739c9090a743afdc5ca844ad\" data-last-update=\"1.4\">WPForms ist ein Plugin, mit dem Sie Kontaktformulare zu Ihrer WordPress-Website hinzuf\u00fcgen k\u00f6nnen. In dieser Anleitung erfahren Sie, wie Sie Ihre WPForms mit WPML mehrsprachig machen k\u00f6nnen.<\/div>\n<\/div>\n<\/div><div class=\"tb-grid-column\">\n<div class=\"wp-block-toolset-views-view-template-block wpv-block-loop-item php-to-be-replaced-with-shortcode\" data-toolset-views-view-template-block=\"229f8d21fffe8fbefe2a50d84bf935b1\">\n<div class=\"tb-field showcase-tax\" data-toolset-blocks-field=\"7a1051273cf99f513dd823c9e02be522\" data-last-update=\"1.4\">Formulare<\/div>\n\n\n\n<div class=\"tb-button mention-btn\" data-toolset-blocks-button=\"c99bd361af5061591097b01de874ee92\"><a class=\"tb-button__link\" href=\"https:\/\/wpml.org\/de\/documentation-3\/ahnliche-projekte\/erstellen-mehrsprachiger-formulare-mit-ninja-forms-und-wpml\/\"><span class=\"tb-button__content\">Erstellen mehrsprachiger Formulare mit Ninja Forms und WPML<\/span><i class=\"tb-button__icon\"><\/i><\/a><\/div>\n\n\n\n<div class=\"tb-field\" data-toolset-blocks-field=\"0ffb88e4739c9090a743afdc5ca844ad\" data-last-update=\"1.4\">Ninja Forms ist ein intuitiver Drag-and-Drop-Formular-Builder f\u00fcr WordPress. Erfahren Sie, wie Sie WPML verwenden, um mit Ninja Forms mehrsprachige Formulare zu erstellen.<\/div>\n<\/div>\n<\/div><\/div><\/div><\/div><\/div><\/div>\n<\/div><\/div><\/div>","protected":false},"excerpt":{"rendered":"<p>Neben WPML unterhalten wir auch mehrere verwandte Projekte, die es anderen Arten von Websites erm\u00f6glichen, mehrsprachig zu arbeiten.  <\/p>\n","protected":false},"author":2,"featured_media":0,"parent":3317,"menu_order":67,"comment_status":"closed","ping_status":"closed","template":"nosidebar-template.php","meta":{"_bbp_topic_count":0,"_bbp_reply_count":0,"_bbp_total_topic_count":0,"_bbp_total_reply_count":0,"_bbp_voice_count":0,"_bbp_anonymous_reply_count":0,"_bbp_topic_count_hidden":0,"_bbp_reply_count_hidden":0,"_bbp_forum_subforum_count":0,"_uag_custom_page_level_css":"","ep_exclude_from_search":false,"footnotes":""},"related-projects-category":[],"class_list":["post-97658","page","type-page","status-publish","hentry"],"spectra_custom_meta":{"ratings_users":["0"],"ratings_score":["0"],"ratings_average":["0"],"_wp_page_template":["nosidebar-template.php"],"_icl_translation":["1"],"_alp_processed":["1717760646"],"_views_template":["0"],"_subscription_coupon_product_id":["0"],"inline_featured_image":["0"],"_last_translation_edit_mode":["translation-editor"],"_wpml_media_featured":["1"],"wpcf-unformatted-code":[""],"wpcf-price-increase-show-from":[""],"wpcf-price-increase-show-till":[""],"toolset_post_editor_mode":["block"],"_wpml_media_duplicate":["0"],"_yoast_wpseo_metadesc":["Entdecken Sie unsere verwandten Projekte mit benutzerfreundlichen Werkzeugen f\u00fcr die \u00dcbersetzung, die sich nahtlos in beliebte WordPress Plugins integrieren lassen, um eine effiziente mehrsprachige Website zu erstellen."],"_edit_lock":["1756455841:64191"],"_uag_css_file_name":["uag-css-97658.css"],"_uag_page_assets":["a:9:{s:3:\"css\";s:260:\".uag-blocks-common-selector{z-index:var(--z-index-desktop) !important}@media(max-width: 976px){.uag-blocks-common-selector{z-index:var(--z-index-tablet) !important}}@media(max-width: 767px){.uag-blocks-common-selector{z-index:var(--z-index-mobile) !important}}\";s:2:\"js\";s:0:\"\";s:18:\"current_block_list\";a:12:{i:0;s:24:\"toolset-blocks\/container\";i:1;s:22:\"toolset-blocks\/heading\";i:2;s:25:\"toolset-views\/view-editor\";i:4;s:37:\"toolset-views\/custom-search-container\";i:5;s:19:\"toolset-blocks\/grid\";i:6;s:26:\"toolset-blocks\/grid-column\";i:8;s:34:\"toolset-views\/custom-search-filter\";i:9;s:31:\"toolset-views\/view-layout-block\";i:10;s:33:\"toolset-views\/view-template-block\";i:11;s:20:\"toolset-blocks\/field\";i:12;s:21:\"toolset-blocks\/button\";i:13;s:14:\"core\/shortcode\";}s:8:\"uag_flag\";b:0;s:11:\"uag_version\";s:10:\"1778585441\";s:6:\"gfonts\";a:0:{}s:10:\"gfonts_url\";s:0:\"\";s:12:\"gfonts_files\";a:0:{}s:14:\"uag_faq_layout\";b:0;}"]},"uagb_featured_image_src":{"full":false,"thumbnail":false,"medium":false,"medium_large":false,"large":false,"1536x1536":false,"2048x2048":false,"gform-image-choice-sm":false,"gform-image-choice-md":false,"gform-image-choice-lg":false,"woocommerce_thumbnail":false,"woocommerce_single":false,"woocommerce_gallery_thumbnail":false},"uagb_author_info":{"display_name":"Amir","author_link":"https:\/\/wpml.org\/de\/author\/amir\/"},"uagb_comment_info":0,"uagb_excerpt":"Neben WPML unterhalten wir auch mehrere verwandte Projekte, die es anderen Arten von Websites erm\u00f6glichen, mehrsprachig zu arbeiten.","_links":{"self":[{"href":"https:\/\/wpml.org\/de\/wp-json\/wp\/v2\/pages\/97658","targetHints":{"allow":["GET"]}}],"collection":[{"href":"https:\/\/wpml.org\/de\/wp-json\/wp\/v2\/pages"}],"about":[{"href":"https:\/\/wpml.org\/de\/wp-json\/wp\/v2\/types\/page"}],"author":[{"embeddable":true,"href":"https:\/\/wpml.org\/de\/wp-json\/wp\/v2\/users\/2"}],"replies":[{"embeddable":true,"href":"https:\/\/wpml.org\/de\/wp-json\/wp\/v2\/comments?post=97658"}],"version-history":[{"count":9,"href":"https:\/\/wpml.org\/de\/wp-json\/wp\/v2\/pages\/97658\/revisions"}],"predecessor-version":[{"id":17356925,"href":"https:\/\/wpml.org\/de\/wp-json\/wp\/v2\/pages\/97658\/revisions\/17356925"}],"up":[{"embeddable":true,"href":"https:\/\/wpml.org\/de\/wp-json\/wp\/v2\/pages\/3317"}],"wp:attachment":[{"href":"https:\/\/wpml.org\/de\/wp-json\/wp\/v2\/media?parent=97658"}],"wp:term":[{"taxonomy":"related-projects-category","embeddable":true,"href":"https:\/\/wpml.org\/de\/wp-json\/wp\/v2\/related-projects-category?post=97658"}],"curies":[{"name":"wp","href":"https:\/\/api.w.org\/{rel}","templated":true}]}}