{"id":11414713,"date":"2013-07-10T10:54:22","date_gmt":"2013-07-10T10:54:22","guid":{"rendered":"https:\/\/wpml.org\/documentation-2\/proyectos-relacionados\/optimizar-sitios-multilingues-con-yoast-seo-y-wpml\/"},"modified":"2026-02-26T07:21:55","modified_gmt":"2026-02-26T07:21:55","slug":"optimizar-sitios-multilingues-con-yoast-seo-y-wpml","status":"publish","type":"page","link":"https:\/\/wpml.org\/es\/documentation-2\/compatibilidad-de-los-plugin\/optimizar-sitios-multilingues-con-yoast-seo-y-wpml\/","title":{"rendered":"Yoast SEO Multilingual: optimice sitios con WPML"},"content":{"rendered":"\n<div class=\"tb-fields-and-text\" data-toolset-blocks-fields-and-text=\"1bfdc8431e59bcf096caffac6389cfaf\"><p><img decoding=\"async\" class=\"size-full wp-image-15661604 aligncenter\" src=\"https:\/\/wpml.org\/wp-content\/uploads\/2024\/05\/Banner-YoastSEO-1-min.png\" alt=\"\" width=\"1400\" height=\"540\" srcset=\"https:\/\/wpml.org\/wp-content\/uploads\/2024\/05\/Banner-YoastSEO-1-min.png 1400w, https:\/\/wpml.org\/wp-content\/uploads\/2024\/05\/Banner-YoastSEO-1-min-300x116.png 300w, https:\/\/wpml.org\/wp-content\/uploads\/2024\/05\/Banner-YoastSEO-1-min-1024x395.png 1024w, https:\/\/wpml.org\/wp-content\/uploads\/2024\/05\/Banner-YoastSEO-1-min-150x58.png 150w, https:\/\/wpml.org\/wp-content\/uploads\/2024\/05\/Banner-YoastSEO-1-min-768x296.png 768w\" sizes=\"(max-width: 1400px) 100vw, 1400px\" \/><\/p><\/div>\n\n<p class=\"lead\">Aprenda a traducir la metainformaci\u00f3n de Yoast SEO a m\u00e1s idiomas y a optimizar su sitio para el SEO multiling\u00fce.<\/p>\n\n<div class=\"wp-block-toolset-blocks-grid tb-grid\" data-toolset-blocks-grid=\"53f136bfa28f200d6e261a82c95996b5\">\n<div class=\"wp-block-toolset-blocks-grid-column tb-grid-column tb-grid-align-top\" data-toolset-blocks-grid-column=\"3034fbe886c11054e95b46b09d3e4112\">\n<div class=\"wp-block-toolset-blocks-container tb-container\" data-toolset-blocks-container=\"be73f458495d79428d7e89cedc1b399f\"><\/div>\n\n\n\n<p class=\"tb-heading\" data-toolset-blocks-heading=\"6eee2a0222dd86c811e3129fc3ca4915\" data-last-update=\"1.4\">Traduzca elementos de SEO on-page<\/p>\n\n\n\n<p class=\"tb-heading has-text-color\" data-toolset-blocks-heading=\"8f22bb68207bdb49cdf90c813ccae5c6\" data-last-update=\"1.4\">Traduzca t\u00edtulos, metadescripciones, slugs de URL y mucho m\u00e1s<\/p>\n<\/div>\n\n\n\n<div class=\"wp-block-toolset-blocks-grid-column tb-grid-column tb-grid-align-top\" data-toolset-blocks-grid-column=\"3034fbe886c11054e95b46b09d3e4112\">\n<div class=\"wp-block-toolset-blocks-container tb-container\" data-toolset-blocks-container=\"e3745882ba0b8c516064055aec850f9c\"><\/div>\n\n\n\n<p class=\"tb-heading\" data-toolset-blocks-heading=\"6eee2a0222dd86c811e3129fc3ca4915\" data-last-update=\"1.4\">Optimice para las funciones de las SERP<\/p>\n\n\n\n<p class=\"tb-heading has-text-color\" data-toolset-blocks-heading=\"8f22bb68207bdb49cdf90c813ccae5c6\" data-last-update=\"1.4\">Traduzca el marcado de esquema para aparecer en las funciones de las SERP<\/p>\n<\/div>\n\n\n\n<div class=\"wp-block-toolset-blocks-grid-column tb-grid-column tb-grid-align-top\" data-toolset-blocks-grid-column=\"d70c942bde2021df68b110a492c57696\">\n<div class=\"wp-block-toolset-blocks-container tb-container\" data-toolset-blocks-container=\"8a1b313c9f03b55aaa0c1e630f1582bc\"><\/div>\n\n\n\n<p class=\"tb-heading\" data-toolset-blocks-heading=\"6eee2a0222dd86c811e3129fc3ca4915\" data-last-update=\"1.4\">Mejore la indexaci\u00f3n en otros idiomas<\/p>\n\n\n\n<p class=\"tb-heading has-text-color\" data-toolset-blocks-heading=\"8f22bb68207bdb49cdf90c813ccae5c6\" data-last-update=\"1.4\">Ayude a los motores de b\u00fasqueda a encontrar su contenido con mapas del sitio multiling\u00fces<\/p>\n<\/div>\n<\/div>\n\n<h2 class=\"wp-block-heading\" id=\"get-started\">Primeros pasos<\/h2>\n\n<p>Para usar Yoast SEO con WPML, necesita los siguientes plugins: <\/p>\n\n<ul class=\"wp-block-list\">\n<li>Yoast SEO<\/li>\n\n\n\n<li>WPML <\/li>\n\n\n\n<li>WPML String Translation<\/li>\n\n\n\n<li><a href=\"https:\/\/wpml.org\/es\/documentation-2\/proyectos-relacionados\/wpml-seo\/\">WPML SEO<\/a> (complemento gratuito)<\/li>\n<\/ul>\n\n<h2 class=\"wp-block-heading\" id=\"translate-on-page-seo-elements\">Traduzca elementos de SEO on-page<\/h2>\n\n<p>WPML puede traducir los elementos de SEO on-page que a\u00f1ada al contenido con Yoast, tales como: <\/p>\n\n<ul class=\"wp-block-list\">\n<li>T\u00edtulos SEO<\/li>\n\n\n\n<li>Metadescripciones<\/li>\n\n\n\n<li>Slugs de URL<\/li>\n\n\n\n<li>Leyendas de imagen<\/li>\n\n\n\n<li>Migas de pan<\/li>\n\n\n\n<li>Metadatos sociales<\/li>\n<\/ul>\n\n<p>Para traducir estos elementos, simplemente env\u00ede a traducci\u00f3n el contenido al que pertenecen: <\/p>\n\n<ol class=\"wp-block-list\">\n<li>Vaya a <strong>WPML<\/strong> \u2192 <strong>Gesti\u00f3n de traducci\u00f3n<\/strong>. <\/li>\n\n\n\n<li>Seleccione la p\u00e1gina, entrada o entrada personalizada que desee traducir. <\/li>\n<\/ol>\n<div class=\"wp-block-image\">\n<figure class=\" tb-image tb-image-dynamic tb-image-frame-none aligncenter\" data-toolset-blocks-image=\"4331ff0834321f888d21daa056d97c76\"><a href=\"https:\/\/wpml.org\/wp-content\/uploads\/2025\/08\/Selecting-content-to-translate.png\"><img decoding=\"async\" width=\"1935\" height=\"1254\" loading=\"lazy\" src=\"https:\/\/wpml.org\/wp-content\/uploads\/2025\/08\/Selecting-content-to-translate.png\" alt=\"\" class=\"wp-image-17327097\" srcset=\"https:\/\/wpml.org\/wp-content\/uploads\/2025\/08\/Selecting-content-to-translate.png 1935w, https:\/\/wpml.org\/wp-content\/uploads\/2025\/08\/Selecting-content-to-translate-300x194.png 300w, https:\/\/wpml.org\/wp-content\/uploads\/2025\/08\/Selecting-content-to-translate-1024x664.png 1024w, https:\/\/wpml.org\/wp-content\/uploads\/2025\/08\/Selecting-content-to-translate-150x97.png 150w, https:\/\/wpml.org\/wp-content\/uploads\/2025\/08\/Selecting-content-to-translate-768x498.png 768w, https:\/\/wpml.org\/wp-content\/uploads\/2025\/08\/Selecting-content-to-translate-1536x995.png 1536w\" sizes=\"auto, (max-width: 1935px) 100vw, 1935px\" \/><\/a><figcaption><div class=\"tb-image-caption\">Selecci\u00f3n de contenido para traducir en el Gestor de traducci\u00f3n<\/div><\/figcaption><\/figure>\n<\/div>\n<ol start=\"3\" class=\"wp-block-list\">\n<li>Elija un m\u00e9todo de traducci\u00f3n y traduzca. Para obtener la mejor calidad, recomendamos utilizar la <a href=\"https:\/\/wpml.org\/es\/documentation-2\/traduccion-automatica-para-contenido-de-wordpress-con-wpml\/\">traducci\u00f3n autom\u00e1tica<\/a> de WPML. <\/li>\n<\/ol>\n\n<p>WPML traducir\u00e1 autom\u00e1ticamente los elementos de SEO on-page junto con el resto de su contenido. <\/p>\n\n<h2 class=\"wp-block-heading\" id=\"translating-global-seo-texts\">Traduzca textos de SEO globales<\/h2>\n\n<p>Para traducir textos de SEO globales, como la etiqueta de la p\u00e1gina de inicio de las migas de pan, siga estos pasos:<\/p>\n\n<ol class=\"wp-block-list\">\n<li>Vaya a <strong>WPML<\/strong> \u2192 <strong>Gesti\u00f3n de traducci\u00f3n<\/strong>.<\/li>\n\n\n\n<li>Despl\u00e1cese hasta la secci\u00f3n <strong>Otros textos (Cadenas)<\/strong> y busque sus textos.<\/li>\n\n\n\n<li>Seleccione sus textos y env\u00edelos a traducci\u00f3n.<\/li>\n<\/ol>\n\n<h2 class=\"wp-block-heading\">Traduzca metadatos de taxonom\u00eda<\/h2>\n\n<p>Antes de nuestras recientes actualizaciones de WPML, solo pod\u00eda traducir los metadatos de taxonom\u00eda personalizada manualmente cambiando el idioma desde la administraci\u00f3n. Ahora, puede hacerlo desde el <strong>Gestor de traducci\u00f3n<\/strong>. <\/p>\n\n<figure class=\"wp-block-image tb-image tb-image-dynamic tb-image-frame-none\" data-toolset-blocks-image=\"121e0122cc57e1efef820652f3bd1fc9\"><a href=\"https:\/\/wpml.org\/wp-content\/uploads\/2025\/06\/yoast-taxonomy-metadata-example.png\"><img decoding=\"async\" width=\"1914\" height=\"1788\" loading=\"lazy\" src=\"https:\/\/wpml.org\/wp-content\/uploads\/2025\/06\/yoast-taxonomy-metadata-example.png\" alt=\"\" class=\"wp-image-17148889\" srcset=\"https:\/\/wpml.org\/wp-content\/uploads\/2025\/06\/yoast-taxonomy-metadata-example.png 1914w, https:\/\/wpml.org\/wp-content\/uploads\/2025\/06\/yoast-taxonomy-metadata-example-300x280.png 300w, https:\/\/wpml.org\/wp-content\/uploads\/2025\/06\/yoast-taxonomy-metadata-example-1024x957.png 1024w, https:\/\/wpml.org\/wp-content\/uploads\/2025\/06\/yoast-taxonomy-metadata-example-150x140.png 150w, https:\/\/wpml.org\/wp-content\/uploads\/2025\/06\/yoast-taxonomy-metadata-example-768x717.png 768w, https:\/\/wpml.org\/wp-content\/uploads\/2025\/06\/yoast-taxonomy-metadata-example-1536x1435.png 1536w\" sizes=\"auto, (max-width: 1914px) 100vw, 1914px\" \/><\/a><figcaption><div class=\"tb-image-caption\">Ejemplo de metadatos de taxonom\u00eda personalizada a\u00f1adidos con Yoast SEO<\/div><\/figcaption><\/figure>\n\n<p>Supongamos que establece el t\u00edtulo SEO y la metadescripci\u00f3n de una categor\u00eda. Para traducir estos metadatos: <\/p>\n\n<p>1. Vaya a <strong>WPML \u2192 Translation Dashboard<\/strong> y despl\u00e1cese hacia abajo hasta la secci\u00f3n <strong>Yoast SEO<\/strong>.<\/p>\n\n<p>2. Seleccione <strong>Term Meta<\/strong> y env\u00edelo a traducci\u00f3n. Esto traduce todo el texto personalizado a\u00f1adido en los campos de Yoast SEO dentro de taxonom\u00edas individuales. <\/p>\n\n<figure class=\"wp-block-image tb-image tb-image-dynamic tb-image-frame-none\" data-toolset-blocks-image=\"00b8279b5df45ba72550f840ef09f718\"><a href=\"https:\/\/wpml.org\/wp-content\/uploads\/2025\/08\/translate-yoast-term-meta-scaled-1.png\"><img decoding=\"async\" width=\"2560\" height=\"1697\" loading=\"lazy\" src=\"https:\/\/wpml.org\/wp-content\/uploads\/2025\/08\/translate-yoast-term-meta-scaled-1.png\" alt=\"\" class=\"wp-image-17327111\" srcset=\"https:\/\/wpml.org\/wp-content\/uploads\/2025\/08\/translate-yoast-term-meta-scaled-1.png 2560w, https:\/\/wpml.org\/wp-content\/uploads\/2025\/08\/translate-yoast-term-meta-scaled-1-300x199.png 300w, https:\/\/wpml.org\/wp-content\/uploads\/2025\/08\/translate-yoast-term-meta-scaled-1-1024x679.png 1024w, https:\/\/wpml.org\/wp-content\/uploads\/2025\/08\/translate-yoast-term-meta-scaled-1-150x99.png 150w, https:\/\/wpml.org\/wp-content\/uploads\/2025\/08\/translate-yoast-term-meta-scaled-1-768x509.png 768w, https:\/\/wpml.org\/wp-content\/uploads\/2025\/08\/translate-yoast-term-meta-scaled-1-1536x1018.png 1536w, https:\/\/wpml.org\/wp-content\/uploads\/2025\/08\/translate-yoast-term-meta-scaled-1-2048x1358.png 2048w\" sizes=\"auto, (max-width: 2560px) 100vw, 2560px\" \/><\/a><figcaption><div class=\"tb-image-caption\">Traducci\u00f3n de los metadatos de taxonom\u00eda de Yoast SEO desde el Translation Dashboard<\/div><\/figcaption><\/figure>\n\n<p>Traducir los metadatos de taxonom\u00eda desde el <strong>Gestor de traducci\u00f3n<\/strong> sobrescribe cualquier traducci\u00f3n manual que haya podido a\u00f1adir anteriormente.<\/p>\n\n<p>Si no traduce sus metadatos, las categor\u00edas traducidas utilizar\u00e1n los metadatos predeterminados (globales) a\u00f1adidos en los ajustes de Yoast. Para traducir los metadatos predeterminados, vaya a <strong>WPML \u2192 String Translation<\/strong> y filtre por cadenas de SEO (<strong>admin_texts_wpseo_titles<\/strong>). <\/p>\n\n<h2 class=\"wp-block-heading\" id=\"translate-schema-markup\">Traduzca el marcado de esquema<\/h2>\n\n<p>WPML puede traducir cualquier tipo de marcado schema que cree con Yoast SEO. Esto incluye productos, recetas, rese\u00f1as, preguntas frecuentes y cualquier otro <a href=\"https:\/\/yoast.com\/structured-data-schema-ultimate-guide\/#kinds\" target=\"_blank\" rel=\"noreferrer noopener\">marcado compatible con Yoast<\/a>.  <\/p>\n\n<p>Para traducir su marcado de esquema, simplemente env\u00ede su contenido a traducci\u00f3n. WPML generar\u00e1 autom\u00e1ticamente el marcado de esquema utilizando sus traducciones.  <\/p>\n\n<h2 class=\"wp-block-heading\" id=\"create-multilingual-sitemaps\">Cree mapas del sitio multiling\u00fces<\/h2>\n\n<p>WPML trabaja junto con Yoast para organizar autom\u00e1ticamente su contenido original y traducido en un mapa del sitio. Solo hay un mapa del sitio para todos los idiomas (a menos que <a href=\"https:\/\/wpml.org\/documentation\/getting-started-guide\/language-setup\/language-url-options\/how-to-use-wpml-with-different-domains-per-language\/\">cree dominios independientes para cada idioma<\/a>). <\/p>\n\n<h3 class=\"wp-block-heading\">Uso de etiquetas hreflang<\/h3>\n\n<p>Por defecto, WPML a\u00f1ade <a href=\"https:\/\/wpml.org\/documentation\/support\/adding-hreflang-wordpress\/\">etiquetas hreflang<\/a> para cada variaci\u00f3n de URL directamente en el mapa del sitio XML para un SEO m\u00e1s eficiente.<\/p>\n\n<div class=\"wp-block-toolset-blocks-container tb-container\" data-toolset-blocks-container=\"2c91a1408f0350425618fe679f6cd945\">\n<div class=\"wp-block-toolset-blocks-grid tb-grid\" data-toolset-blocks-grid=\"37d19417981b1b97920df56c088840a6\">\n<div class=\"wp-block-toolset-blocks-grid-column tb-grid-column tb-grid-align-top\" data-toolset-blocks-grid-column=\"3034fbe886c11054e95b46b09d3e4112\">\n<div class=\"wp-block-toolset-blocks-container tb-container\" data-toolset-blocks-container=\"8462661d63c4401da3f7686632759d01\"><\/div>\n<\/div>\n\n\n\n<div class=\"wp-block-toolset-blocks-grid-column tb-grid-column tb-grid-align-top\" data-toolset-blocks-grid-column=\"3034fbe886c11054e95b46b09d3e4112\">\n<p class=\"tb-heading has-text-color\" data-toolset-blocks-heading=\"6b0edee257fd23ea76bab786d83a8c96\" data-last-update=\"1.4\"><strong>Nota:<\/strong> Este cambio solo es visible en el c\u00f3digo fuente XML.<\/p>\n\n\n\n<p class=\"tb-heading has-text-color\" data-toolset-blocks-heading=\"c1ace1a37913fe1cf5b4191d09bc8145\" data-last-update=\"1.4\">Si abre su mapa del sitio en un navegador, no ver\u00e1 las etiquetas hreflang en la vista legible para humanos. Esto es lo esperado. Para confirmar que las etiquetas est\u00e1n ah\u00ed, vea el c\u00f3digo fuente de la p\u00e1gina; ver\u00e1 las etiquetas hreflang correctamente incluidas en el XML sin procesar.  <\/p>\n<\/div>\n<\/div>\n<\/div>\n\n<p>Si prefiere las etiquetas hreflang en el  de la p\u00e1gina, siga estos pasos:<\/p>\n\n<p>1. Desactive la funci\u00f3n de mapa del sitio a\u00f1adiendo el siguiente c\u00f3digo a su archivo <strong>wp-config.php<\/strong>:<\/p>\n\n<pre class=\"wp-block-preformatted\">define( 'WPML_SEO_ENABLE_SITEMAP_HREFLANG', false ); <\/pre>\n\n<p>2. Vaya a <strong>WPML \u2192 Idiomas<\/strong> y despl\u00e1cese hasta <strong>Opciones de SEO<\/strong>. All\u00ed, active el ajuste <strong>Mostrar los idiomas alternativos en la secci\u00f3n HEAD<\/strong>. <\/p>\n\n<figure class=\"wp-block-image tb-image tb-image-dynamic tb-image-frame-none\" data-toolset-blocks-image=\"022f014f7dcb8a799fbee75dd779b8ef\"><a href=\"https:\/\/wpml.org\/wp-content\/uploads\/2025\/08\/display-alternative-languages-1.png\"><img decoding=\"async\" width=\"2348\" height=\"1374\" loading=\"lazy\" src=\"https:\/\/wpml.org\/wp-content\/uploads\/2025\/08\/display-alternative-languages-1.png\" alt=\"\" class=\"wp-image-17327149\" srcset=\"https:\/\/wpml.org\/wp-content\/uploads\/2025\/08\/display-alternative-languages-1.png 2348w, https:\/\/wpml.org\/wp-content\/uploads\/2025\/08\/display-alternative-languages-1-300x176.png 300w, https:\/\/wpml.org\/wp-content\/uploads\/2025\/08\/display-alternative-languages-1-1024x599.png 1024w, https:\/\/wpml.org\/wp-content\/uploads\/2025\/08\/display-alternative-languages-1-150x88.png 150w, https:\/\/wpml.org\/wp-content\/uploads\/2025\/08\/display-alternative-languages-1-768x449.png 768w, https:\/\/wpml.org\/wp-content\/uploads\/2025\/08\/display-alternative-languages-1-1536x899.png 1536w, https:\/\/wpml.org\/wp-content\/uploads\/2025\/08\/display-alternative-languages-1-2048x1198.png 2048w\" sizes=\"auto, (max-width: 2348px) 100vw, 2348px\" \/><\/a><figcaption><div class=\"tb-image-caption\">Activaci\u00f3n del ajuste que a\u00f1ade etiquetas hreflang en el <head de la p\u00e1gina><\/div><\/figcaption><\/figure>\n\n<p>WPML tambi\u00e9n admite un atributo hreflang x-default que define a d\u00f3nde enviar a los usuarios si su idioma no est\u00e1 incluido en otras etiquetas hreflang.<\/p>\n\n<h2 class=\"wp-block-heading\" id=\"get-started-yoast-wpml\">Empiece con Yoast SEO y WPML<\/h2>\n\n<p>Para usar Yoast SEO con WPML, necesita el plan Multilingual CMS o Multilingual Agency de WPML. <\/p>\n\n<p>Para obtener m\u00e1s informaci\u00f3n sobre nuestros planes, visite nuestra <a href=\"https:\/\/wpml.org\/es\/purchase\/\">p\u00e1gina de precios<\/a>. <\/p>\n\n<h2 class=\"wp-block-heading\" id=\"support-help\">Soporte y ayuda<\/h2>\n\n<p>\u00bfTiene alg\u00fan problema al traducir Yoast SEO? Visite nuestras <a href=\"https:\/\/wpml.org\/known-issues\/\">Incidencias conocidas y soluciones<\/a> para encontrar una soluci\u00f3n a su problema.  <\/p>\n\n<p>\u00bfA\u00fan necesita ayuda? Abra un <a href=\"https:\/\/wpml.org\/es\/forums\/forum\/soporte-en-espanol\/\">ticket de soporte<\/a>.  <\/p>\n","protected":false},"excerpt":{"rendered":"<p class=\"lead\">Yoast SEO y WPML impulsan decenas de miles de sitios WordPress multiling\u00fces. Juntos, le ayudan a optimizar el contenido de su sitio para los motores de b\u00fasqueda en cada uno de los idiomas del sitio (SEO multiling\u00fce). <\/p>\n","protected":false},"author":578773,"featured_media":0,"parent":16317464,"menu_order":41,"comment_status":"closed","ping_status":"closed","template":"template-sidebar-2.php","meta":{"_bbp_topic_count":0,"_bbp_reply_count":0,"_bbp_total_topic_count":0,"_bbp_total_reply_count":0,"_bbp_voice_count":0,"_bbp_anonymous_reply_count":0,"_bbp_topic_count_hidden":0,"_bbp_reply_count_hidden":0,"_bbp_forum_subforum_count":0,"ep_exclude_from_search":false,"footnotes":""},"related-projects-category":[27815],"class_list":["post-11414713","page","type-page","status-publish","hentry","related-projects-category-seo-es"],"_links":{"self":[{"href":"https:\/\/wpml.org\/es\/wp-json\/wp\/v2\/pages\/11414713","targetHints":{"allow":["GET"]}}],"collection":[{"href":"https:\/\/wpml.org\/es\/wp-json\/wp\/v2\/pages"}],"about":[{"href":"https:\/\/wpml.org\/es\/wp-json\/wp\/v2\/types\/page"}],"author":[{"embeddable":true,"href":"https:\/\/wpml.org\/es\/wp-json\/wp\/v2\/users\/578773"}],"replies":[{"embeddable":true,"href":"https:\/\/wpml.org\/es\/wp-json\/wp\/v2\/comments?post=11414713"}],"version-history":[{"count":8,"href":"https:\/\/wpml.org\/es\/wp-json\/wp\/v2\/pages\/11414713\/revisions"}],"predecessor-version":[{"id":17854084,"href":"https:\/\/wpml.org\/es\/wp-json\/wp\/v2\/pages\/11414713\/revisions\/17854084"}],"up":[{"embeddable":true,"href":"https:\/\/wpml.org\/es\/wp-json\/wp\/v2\/pages\/16317464"}],"wp:attachment":[{"href":"https:\/\/wpml.org\/es\/wp-json\/wp\/v2\/media?parent=11414713"}],"wp:term":[{"taxonomy":"related-projects-category","embeddable":true,"href":"https:\/\/wpml.org\/es\/wp-json\/wp\/v2\/related-projects-category?post=11414713"}],"curies":[{"name":"wp","href":"https:\/\/api.w.org\/{rel}","templated":true}]}}