{"id":11415309,"date":"2022-06-08T13:40:57","date_gmt":"2022-06-08T13:40:57","guid":{"rendered":"https:\/\/wpml.org\/documentation-2\/guia-de-inicio\/configuracion-del-idioma\/habilitacion-de-una-cookie-de-idioma-para-soportar-el-filtrado-ajax\/"},"modified":"2024-05-22T06:31:15","modified_gmt":"2024-05-22T06:31:15","slug":"habilitacion-de-una-cookie-de-idioma-para-soportar-el-filtrado-ajax","status":"publish","type":"page","link":"https:\/\/wpml.org\/es\/documentation-2\/guia-de-inicio\/configuracion-del-idioma\/habilitacion-de-una-cookie-de-idioma-para-soportar-el-filtrado-ajax\/","title":{"rendered":"Activar una cookie de idioma para soportar el filtrado AJAX"},"content":{"rendered":"\n<p class=\"lead\">WPML Multilingual &#038; Multicurrency for WooCommerce y algunos temas y plugins necesitan ejecutar llamadas AJAX en el front-end basadas en la informaci\u00f3n del idioma. Para ello, es posible que tenga que habilitar una cookie de idioma que admita el filtrado AJAX.<\/p>\n\n<p>Para habilitar la informaci\u00f3n de idioma para las llamadas AJAX del front-end, ve a <strong>WPML<\/strong> \u2192 <strong>Idiomas<\/strong> y despl\u00e1zate hasta la secci\u00f3n <strong>Filtrado de idioma para operaciones AJAX <\/strong>. All\u00ed, marca la opci\u00f3n <strong>Tienda una cookie de idioma para admitir el filtrado de idioma para AJAX<\/strong>.<\/p>\n<div class=\"wp-block-image\">\n<figure class=\" tb-image tb-image-dynamic tb-image-frame-none aligncenter\" data-toolset-blocks-image=\"140e5ba8514a71e257816c8fb2c5964a\"><a href=\"https:\/\/wpml.org\/wp-content\/uploads\/2017\/06\/wpml-store-a-language-cookie-to-support-language-filtering-for-AJAX.png\"><img decoding=\"async\" width=\"950\" height=\"137\" loading=\"lazy\" src=\"https:\/\/wpml.org\/wp-content\/uploads\/2017\/06\/wpml-store-a-language-cookie-to-support-language-filtering-for-AJAX.png\" alt=\"\" class=\"wp-image-11415315\" srcset=\"https:\/\/wpml.org\/wp-content\/uploads\/2017\/06\/wpml-store-a-language-cookie-to-support-language-filtering-for-AJAX.png 950w, https:\/\/wpml.org\/wp-content\/uploads\/2017\/06\/wpml-store-a-language-cookie-to-support-language-filtering-for-AJAX-150x22.png 150w, https:\/\/wpml.org\/wp-content\/uploads\/2017\/06\/wpml-store-a-language-cookie-to-support-language-filtering-for-AJAX-300x43.png 300w, https:\/\/wpml.org\/wp-content\/uploads\/2017\/06\/wpml-store-a-language-cookie-to-support-language-filtering-for-AJAX-768x111.png 768w\" sizes=\"auto, (max-width: 950px) 100vw, 950px\" \/><\/a><figcaption><div class=\"tb-image-caption\">Activar la cookie de idioma que soporta el filtro AJAX en la Portada<\/div><\/figcaption><\/figure>\n<\/div>\n<p>Ahora, WPML establecer\u00e1 una cookie mediante JavaScript que le permitir\u00e1 devolver el contenido correcto para las operaciones AJAX.<\/p>\n\n<p>As\u00ed es como funciona para los visitantes:<\/p>\n\n<ul class=\"wp-block-list\"><li>Para los usuarios que han iniciado sesi\u00f3n, nada cambia y esta configuraci\u00f3n no se aplica. La cookie de idioma se guarda normalmente usando PHP.<\/li><li>Para los usuarios que no han iniciado sesi\u00f3n, WPML comprueba si esta configuraci\u00f3n est\u00e1 activada y, si es as\u00ed, la cookie de idioma se establece mediante JavaScript. Esto permite a WPML establecer la cookie de idioma incluso si el sitio est\u00e1 en cach\u00e9.<\/li><\/ul>\n\n<p>Si utiliza WPML 4.5 o posterior, esta configuraci\u00f3n est\u00e1 activada por defecto. Si notas que interfiere con tu plugin de cach\u00e9, puedes desactivarlo siguiendo los mismos pasos detallados anteriormente.<\/p>\n","protected":false},"excerpt":{"rendered":"<p>WPML Multilingual &#038; Multicurrency for WooCommerce y algunos temas y plugins necesitan ejecutar llamadas AJAX en el front-end basadas en la informaci\u00f3n del idioma. Para ello, es posible que tenga que habilitar una cookie de idioma que admita el filtrado AJAX. Para habilitar la informaci\u00f3n de idioma para las llamadas AJAX del front-end, ve a [&hellip;]<\/p>\n","protected":false},"author":76577,"featured_media":0,"parent":1373,"menu_order":79,"comment_status":"closed","ping_status":"closed","template":"","meta":{"_bbp_topic_count":0,"_bbp_reply_count":0,"_bbp_total_topic_count":0,"_bbp_total_reply_count":0,"_bbp_voice_count":0,"_bbp_anonymous_reply_count":0,"_bbp_topic_count_hidden":0,"_bbp_reply_count_hidden":0,"_bbp_forum_subforum_count":0,"_uag_custom_page_level_css":"","ep_exclude_from_search":false,"footnotes":""},"related-projects-category":[],"class_list":["post-11415309","page","type-page","status-publish","hentry"],"spectra_custom_meta":{"ratings_users":["0"],"ratings_score":["0"],"ratings_average":["0"],"_subscription_coupon_product_id":["0"],"_wpv_contains_gutenberg_views":[""],"_alp_processed":["1716359475"],"_views_template":["0"],"wpcf-unformatted-code":[""],"_wpml_media_duplicate":["1"],"_wpml_media_featured":["1"],"toolset_post_editor_mode":["block"],"wpcf-price-increase-show-from":[""],"wpcf-price-increase-show-till":[""],"_wp_page_template":["default"],"_last_translation_edit_mode":["translation-editor"],"_wpml_word_count":["{\"total\":244,\"to_translate\":{\"ar\":244,\"zh-hans\":244,\"en\":244,\"fr\":244,\"de\":244,\"he\":244,\"it\":244,\"ja\":244,\"pt-br\":244,\"ru\":244}}"],"_uag_css_file_name":["uag-css-11415309.css"],"_uag_page_assets":["a:9:{s:3:\"css\";s:260:\".uag-blocks-common-selector{z-index:var(--z-index-desktop) !important}@media(max-width: 976px){.uag-blocks-common-selector{z-index:var(--z-index-tablet) !important}}@media(max-width: 767px){.uag-blocks-common-selector{z-index:var(--z-index-mobile) !important}}\";s:2:\"js\";s:0:\"\";s:18:\"current_block_list\";a:4:{i:0;s:14:\"core\/paragraph\";i:1;s:20:\"toolset-blocks\/image\";i:2;s:9:\"core\/list\";i:3;s:14:\"core\/shortcode\";}s:8:\"uag_flag\";b:0;s:11:\"uag_version\";s:10:\"1778699278\";s:6:\"gfonts\";a:0:{}s:10:\"gfonts_url\";s:0:\"\";s:12:\"gfonts_files\";a:0:{}s:14:\"uag_faq_layout\";b:0;}"]},"uagb_featured_image_src":{"full":false,"thumbnail":false,"medium":false,"medium_large":false,"large":false,"1536x1536":false,"2048x2048":false,"gform-image-choice-sm":false,"gform-image-choice-md":false,"gform-image-choice-lg":false,"woocommerce_thumbnail":false,"woocommerce_single":false,"woocommerce_gallery_thumbnail":false},"uagb_author_info":{"display_name":"Dario","author_link":"https:\/\/wpml.org\/es\/author\/darioh\/"},"uagb_comment_info":0,"uagb_excerpt":"WPML Multilingual &#038; Multicurrency for WooCommerce y algunos temas y plugins necesitan ejecutar llamadas AJAX en el front-end basadas en la informaci\u00f3n del idioma. Para ello, es posible que tenga que habilitar una cookie de idioma que admita el filtrado AJAX. Para habilitar la informaci\u00f3n de idioma para las llamadas AJAX del front-end, ve a&hellip;","_links":{"self":[{"href":"https:\/\/wpml.org\/es\/wp-json\/wp\/v2\/pages\/11415309","targetHints":{"allow":["GET"]}}],"collection":[{"href":"https:\/\/wpml.org\/es\/wp-json\/wp\/v2\/pages"}],"about":[{"href":"https:\/\/wpml.org\/es\/wp-json\/wp\/v2\/types\/page"}],"author":[{"embeddable":true,"href":"https:\/\/wpml.org\/es\/wp-json\/wp\/v2\/users\/76577"}],"replies":[{"embeddable":true,"href":"https:\/\/wpml.org\/es\/wp-json\/wp\/v2\/comments?post=11415309"}],"version-history":[{"count":3,"href":"https:\/\/wpml.org\/es\/wp-json\/wp\/v2\/pages\/11415309\/revisions"}],"predecessor-version":[{"id":15653552,"href":"https:\/\/wpml.org\/es\/wp-json\/wp\/v2\/pages\/11415309\/revisions\/15653552"}],"up":[{"embeddable":true,"href":"https:\/\/wpml.org\/es\/wp-json\/wp\/v2\/pages\/1373"}],"wp:attachment":[{"href":"https:\/\/wpml.org\/es\/wp-json\/wp\/v2\/media?parent=11415309"}],"wp:term":[{"taxonomy":"related-projects-category","embeddable":true,"href":"https:\/\/wpml.org\/es\/wp-json\/wp\/v2\/related-projects-category?post=11415309"}],"curies":[{"name":"wp","href":"https:\/\/api.w.org\/{rel}","templated":true}]}}