{"id":1146725,"date":"2013-05-25T05:23:18","date_gmt":"2013-05-25T05:23:18","guid":{"rendered":"https:\/\/wpml.org\/documentation-2\/guia-de-inicio\/configuracion-del-idioma\/opciones-del-intercambiador-de-idiomas\/"},"modified":"2026-02-26T08:01:23","modified_gmt":"2026-02-26T08:01:23","slug":"opciones-del-intercambiador-de-idiomas","status":"publish","type":"page","link":"https:\/\/wpml.org\/es\/documentation-2\/guia-de-inicio\/configuracion-del-idioma\/opciones-del-intercambiador-de-idiomas\/","title":{"rendered":"C\u00f3mo a\u00f1adir un selector de idiomas a su sitio WordPress"},"content":{"rendered":"\n<div class=\"wp-block-toolset-blocks-container tb-container\" data-toolset-blocks-container=\"f1f6cf433548e794e350cca473324a7f\"><div class=\"tb-container-inner\">\n<p class=\"lead\">WPML le permite a\u00f1adir un selector de idioma al men\u00fa de su sitio web, como widget o en el pie de p\u00e1gina. Tambi\u00e9n puede incluir banderas, mostrar los idiomas en sus nombres nativos y a\u00f1adir estilos personalizados. <\/p>\n\n\n\n<p>Un selector de idiomas permite a los visitantes seleccionar el idioma en el que desean leer su contenido. Dependiendo de su preferencia, puede mostrarlo en diferentes ubicaciones de su sitio web. <\/p>\n\n\n\n<p>Por ejemplo, puede colocar su selector de idioma como un men\u00fa en la secci\u00f3n del encabezado.<\/p>\n\n\n\n<figure class=\"wp-block-image tb-image tb-image-dynamic tb-image-frame-none\" data-toolset-blocks-image=\"4fb3499999aa10ccdc6991dec5a9f98f\"><a href=\"https:\/\/wpml.org\/wp-content\/uploads\/2024\/11\/Language-switcher-in-header-1.png\"><img decoding=\"async\" width=\"1024\" height=\"588\" loading=\"lazy\" src=\"https:\/\/wpml.org\/wp-content\/uploads\/2024\/11\/Language-switcher-in-header-1-1024x588.png\" alt=\"Language switcher in header\" class=\"wp-image-16446319\" srcset=\"https:\/\/wpml.org\/wp-content\/uploads\/2024\/11\/Language-switcher-in-header-1-1024x588.png 1024w, https:\/\/wpml.org\/wp-content\/uploads\/2024\/11\/Language-switcher-in-header-1-300x172.png 300w, https:\/\/wpml.org\/wp-content\/uploads\/2024\/11\/Language-switcher-in-header-1-150x86.png 150w, https:\/\/wpml.org\/wp-content\/uploads\/2024\/11\/Language-switcher-in-header-1-768x441.png 768w, https:\/\/wpml.org\/wp-content\/uploads\/2024\/11\/Language-switcher-in-header-1-1536x882.png 1536w, https:\/\/wpml.org\/wp-content\/uploads\/2024\/11\/Language-switcher-in-header-1.png 1600w\" sizes=\"auto, (max-width: 1024px) 100vw, 1024px\" \/><\/a><figcaption><div class=\"tb-image-caption\">Selector de idiomas en la secci\u00f3n del encabezado<\/div><\/figcaption><\/figure>\n\n\n\n<p>O, si no desea editar el dise\u00f1o de su encabezado, puede colocar el selector de idiomas en la parte inferior de la secci\u00f3n del pie de p\u00e1gina. <\/p>\n\n\n\n<figure class=\"wp-block-image tb-image tb-image-dynamic tb-image-frame-none\" data-toolset-blocks-image=\"b108afeeaf99f2655f1b998e1426f8fc\"><a href=\"https:\/\/wpml.org\/wp-content\/uploads\/2024\/03\/language-switcher-in-footer.png\"><img decoding=\"async\" width=\"1024\" height=\"563\" loading=\"lazy\" src=\"https:\/\/wpml.org\/wp-content\/uploads\/2024\/03\/language-switcher-in-footer-1024x563.png\" alt=\"Language switcher in the footer section\" class=\"wp-image-15415069\" srcset=\"https:\/\/wpml.org\/wp-content\/uploads\/2024\/03\/language-switcher-in-footer-1024x563.png 1024w, https:\/\/wpml.org\/wp-content\/uploads\/2024\/03\/language-switcher-in-footer-300x165.png 300w, https:\/\/wpml.org\/wp-content\/uploads\/2024\/03\/language-switcher-in-footer-150x83.png 150w, https:\/\/wpml.org\/wp-content\/uploads\/2024\/03\/language-switcher-in-footer-768x422.png 768w, https:\/\/wpml.org\/wp-content\/uploads\/2024\/03\/language-switcher-in-footer-1536x845.png 1536w, https:\/\/wpml.org\/wp-content\/uploads\/2024\/03\/language-switcher-in-footer.png 1600w\" sizes=\"auto, (max-width: 1024px) 100vw, 1024px\" \/><\/a><figcaption><div class=\"tb-image-caption\">Selector de idiomas en la secci\u00f3n del pie de p\u00e1gina<\/div><\/figcaption><\/figure>\n\n\n\n<p>Con WPML, puede a\u00f1adir f\u00e1cilmente selectores de idioma a su sitio como los que se muestran arriba. <\/p>\n\n\n\n<h2 class=\"wp-block-heading\" id=\"add-language-switcher-wpml\">C\u00f3mo a\u00f1adir un selector de idioma con WPML<\/h2>\n\n\n\n<p>Con WPML, puede a\u00f1adir varios selectores de idioma en distintas ubicaciones. Esto incluye:  <\/p>\n\n\n\n<div style=\"height:20px\" aria-hidden=\"true\" class=\"wp-block-spacer\"><\/div>\n\n\n\n<div class=\"wp-block-toolset-blocks-grid tb-grid\" data-toolset-blocks-grid=\"6329aaaa361b6c3ff5e14c6308f907de\">\n<div class=\"wp-block-toolset-blocks-grid-column tb-grid-column tb-grid-align-top\" data-toolset-blocks-grid-column=\"e0c62ef28c440411136281632d5a8d63\">\n<div class=\"wp-block-toolset-blocks-container tb-container aligncenter\" data-toolset-blocks-container=\"48873aa9a1502db94cee7985805c3625\">\n<div class=\"tb-fields-and-text\" data-toolset-blocks-fields-and-text=\"3e1d2592ce20bdf2bf813c9dfa44c991\"><p><img decoding=\"async\" class=\" wp-image-15966792 aligncenter\" src=\"https:\/\/wpml.org\/wp-content\/uploads\/2024\/07\/menu1-min.png\" alt=\"\" width=\"190\" height=\"190\" srcset=\"https:\/\/wpml.org\/wp-content\/uploads\/2024\/07\/menu1-min.png 370w, https:\/\/wpml.org\/wp-content\/uploads\/2024\/07\/menu1-min-300x300.png 300w, https:\/\/wpml.org\/wp-content\/uploads\/2024\/07\/menu1-min-150x150.png 150w, https:\/\/wpml.org\/wp-content\/uploads\/2024\/07\/menu1-min-100x100.png 100w\" sizes=\"(max-width: 190px) 100vw, 190px\" \/><\/p><\/div>\n\n\n\n<p class=\"tb-heading has-text-color\" data-toolset-blocks-heading=\"bf983b028e621cb4ef8152faf0911a40\" data-last-update=\"1.4\"><strong>Men\u00fas<\/strong><\/p>\n<\/div>\n<\/div>\n\n\n\n<div class=\"wp-block-toolset-blocks-grid-column tb-grid-column tb-grid-align-top\" data-toolset-blocks-grid-column=\"3034fbe886c11054e95b46b09d3e4112\">\n<div class=\"wp-block-toolset-blocks-container tb-container aligncenter\" data-toolset-blocks-container=\"48873aa9a1502db94cee7985805c3625\">\n<div class=\"tb-fields-and-text\" data-toolset-blocks-fields-and-text=\"3e1d2592ce20bdf2bf813c9dfa44c991\"><p><img decoding=\"async\" class=\" wp-image-15966806 aligncenter\" src=\"https:\/\/wpml.org\/wp-content\/uploads\/2024\/07\/widget1-min.png\" alt=\"\" width=\"190\" height=\"190\" srcset=\"https:\/\/wpml.org\/wp-content\/uploads\/2024\/07\/widget1-min.png 370w, https:\/\/wpml.org\/wp-content\/uploads\/2024\/07\/widget1-min-300x300.png 300w, https:\/\/wpml.org\/wp-content\/uploads\/2024\/07\/widget1-min-150x150.png 150w, https:\/\/wpml.org\/wp-content\/uploads\/2024\/07\/widget1-min-100x100.png 100w\" sizes=\"(max-width: 190px) 100vw, 190px\" \/><\/p><\/div>\n\n\n\n<p class=\"tb-heading has-text-color\" data-toolset-blocks-heading=\"bf983b028e621cb4ef8152faf0911a40\" data-last-update=\"1.4\"><strong><strong>Widgets<\/strong><\/strong><\/p>\n<\/div>\n<\/div>\n\n\n\n<div class=\"wp-block-toolset-blocks-grid-column tb-grid-column tb-grid-align-top\" data-toolset-blocks-grid-column=\"3034fbe886c11054e95b46b09d3e4112\">\n<div class=\"wp-block-toolset-blocks-container tb-container aligncenter\" data-toolset-blocks-container=\"48873aa9a1502db94cee7985805c3625\">\n<div class=\"tb-fields-and-text\" data-toolset-blocks-fields-and-text=\"3e1d2592ce20bdf2bf813c9dfa44c991\"><p><img decoding=\"async\" class=\" wp-image-15966821 aligncenter\" src=\"https:\/\/wpml.org\/wp-content\/uploads\/2024\/07\/template1-min.png\" alt=\"\" width=\"190\" height=\"190\" srcset=\"https:\/\/wpml.org\/wp-content\/uploads\/2024\/07\/template1-min.png 370w, https:\/\/wpml.org\/wp-content\/uploads\/2024\/07\/template1-min-300x300.png 300w, https:\/\/wpml.org\/wp-content\/uploads\/2024\/07\/template1-min-150x150.png 150w, https:\/\/wpml.org\/wp-content\/uploads\/2024\/07\/template1-min-100x100.png 100w\" sizes=\"(max-width: 190px) 100vw, 190px\" \/><\/p><\/div>\n\n\n\n<p class=\"tb-heading has-text-color\" data-toolset-blocks-heading=\"bf983b028e621cb4ef8152faf0911a40\" data-last-update=\"1.4\"><strong><strong><strong>Plantillas<\/strong><\/strong><\/strong><\/p>\n<\/div>\n<\/div>\n\n\n\n<div class=\"wp-block-toolset-blocks-grid-column tb-grid-column tb-grid-align-top\" data-toolset-blocks-grid-column=\"3034fbe886c11054e95b46b09d3e4112\">\n<div class=\"wp-block-toolset-blocks-container tb-container aligncenter\" data-toolset-blocks-container=\"48873aa9a1502db94cee7985805c3625\">\n<div class=\"tb-fields-and-text\" data-toolset-blocks-fields-and-text=\"3e1d2592ce20bdf2bf813c9dfa44c991\"><p><img decoding=\"async\" class=\" wp-image-15966835 aligncenter\" src=\"https:\/\/wpml.org\/wp-content\/uploads\/2024\/07\/post1-min.png\" alt=\"\" width=\"190\" height=\"190\" srcset=\"https:\/\/wpml.org\/wp-content\/uploads\/2024\/07\/post1-min.png 370w, https:\/\/wpml.org\/wp-content\/uploads\/2024\/07\/post1-min-300x300.png 300w, https:\/\/wpml.org\/wp-content\/uploads\/2024\/07\/post1-min-150x150.png 150w, https:\/\/wpml.org\/wp-content\/uploads\/2024\/07\/post1-min-100x100.png 100w\" sizes=\"(max-width: 190px) 100vw, 190px\" \/><\/p><\/div>\n\n\n\n<p class=\"tb-heading has-text-color\" data-toolset-blocks-heading=\"bf983b028e621cb4ef8152faf0911a40\" data-last-update=\"1.4\"><strong>Contenido de entradas<\/strong><\/p>\n<\/div>\n<\/div>\n<\/div>\n\n\n\n<div style=\"height:40px\" aria-hidden=\"true\" class=\"wp-block-spacer\"><\/div>\n\n\n\n<h3 class=\"wp-block-heading\" id=\"add-language-switcher-menu\">A\u00f1adir selector de idiomas a un men\u00fa, widget o pie de p\u00e1gina<\/h3>\n\n\n\n<p>Para a\u00f1adir un selector de idioma a un men\u00fa, widget o pie de p\u00e1gina, vaya a <strong>WPML \u2192 Idiomas<\/strong>. <\/p>\n\n\n\n<p>Desde aqu\u00ed, tambi\u00e9n puede personalizar cada selector de idioma. Haga clic en el icono del l\u00e1piz para editar: puede cambiar el tama\u00f1o y los colores del selector de idioma, y c\u00f3mo debe mostrarse cada idioma (por ejemplo, en el idioma nativo y en el idioma actual del sitio). <\/p>\n\n\n<div class=\"wp-block-image\">\n<figure class=\" tb-image tb-image-dynamic tb-image-frame-none aligncenter\" data-toolset-blocks-image=\"118ecdfaeca09762e525676dcce1eeb2\"><a href=\"https:\/\/wpml.org\/wp-content\/uploads\/2025\/08\/Language-switcher-settings.png\"><img decoding=\"async\" width=\"1860\" height=\"1147\" loading=\"lazy\" src=\"https:\/\/wpml.org\/wp-content\/uploads\/2025\/08\/Language-switcher-settings.png\" alt=\"\" class=\"wp-image-17328482\" srcset=\"https:\/\/wpml.org\/wp-content\/uploads\/2025\/08\/Language-switcher-settings.png 1860w, https:\/\/wpml.org\/wp-content\/uploads\/2025\/08\/Language-switcher-settings-300x185.png 300w, https:\/\/wpml.org\/wp-content\/uploads\/2025\/08\/Language-switcher-settings-1024x631.png 1024w, https:\/\/wpml.org\/wp-content\/uploads\/2025\/08\/Language-switcher-settings-150x93.png 150w, https:\/\/wpml.org\/wp-content\/uploads\/2025\/08\/Language-switcher-settings-768x474.png 768w, https:\/\/wpml.org\/wp-content\/uploads\/2025\/08\/Language-switcher-settings-1536x947.png 1536w\" sizes=\"auto, (max-width: 1860px) 100vw, 1860px\" \/><\/a><figcaption><div class=\"tb-image-caption\">Configuraciones de Selector de idiomas<\/div><\/figcaption><\/figure>\n<\/div>\n\n\n<h3 class=\"wp-block-heading\" id=\"add-language-switcher-post-content\">A\u00f1adir selector de idiomas al contenido de la publicaci\u00f3n<\/h3>\n\n\n\n<p>Los selectores de idiomas en el contenido de la publicaci\u00f3n aparecen como enlaces en l\u00ednea. <\/p>\n\n\n\n<figure class=\"wp-block-image tb-image tb-image-dynamic tb-image-frame-none\" data-toolset-blocks-image=\"bdd226928cee9acd69bd4b905131dbc5\"><a href=\"https:\/\/wpml.org\/wp-content\/uploads\/2024\/07\/Language-switcher-in-post-content.png\"><img decoding=\"async\" width=\"1024\" height=\"644\" loading=\"lazy\" src=\"https:\/\/wpml.org\/wp-content\/uploads\/2024\/07\/Language-switcher-in-post-content-1024x644.png\" alt=\"Language switcher in post content\" class=\"wp-image-15962560\" srcset=\"https:\/\/wpml.org\/wp-content\/uploads\/2024\/07\/Language-switcher-in-post-content-1024x644.png 1024w, https:\/\/wpml.org\/wp-content\/uploads\/2024\/07\/Language-switcher-in-post-content-300x189.png 300w, https:\/\/wpml.org\/wp-content\/uploads\/2024\/07\/Language-switcher-in-post-content-150x94.png 150w, https:\/\/wpml.org\/wp-content\/uploads\/2024\/07\/Language-switcher-in-post-content-768x483.png 768w, https:\/\/wpml.org\/wp-content\/uploads\/2024\/07\/Language-switcher-in-post-content-1536x966.png 1536w, https:\/\/wpml.org\/wp-content\/uploads\/2024\/07\/Language-switcher-in-post-content.png 1913w\" sizes=\"auto, (max-width: 1024px) 100vw, 1024px\" \/><\/a><figcaption><div class=\"tb-image-caption\">Selector de idiomas sobre el contenido de la publicaci\u00f3n<\/div><\/figcaption><\/figure>\n\n\n\n<p>De manera similar a los selectores de idiomas regulares, puede incluir banderas, mostrar idiomas en sus nombres nativos y controlar d\u00f3nde aparecen los enlaces en la p\u00e1gina; debajo o encima de la publicaci\u00f3n. <\/p>\n\n\n\n<p>Para a\u00f1adir un selector de idiomas en el contenido de la publicaci\u00f3n: <\/p>\n\n\n\n<ol class=\"wp-block-list\">\n<li>Vaya a <strong>WPML \u2192 Idiomas<\/strong>.<\/li>\n\n\n\n<li>Despl\u00e1cese hacia abajo hasta <strong>Enlaces a traducci\u00f3n de entradas<\/strong> y marque la casilla.<\/li>\n<\/ol>\n\n\n\n<h3 class=\"wp-block-heading\" id=\"add-language-switcher-template\">A\u00f1adir selector de idiomas a una plantilla<\/h3>\n\n\n\n<p>Utilizando el bloque <strong>Selector de idioma de WPML<\/strong>, puede a\u00f1adir un selector de idioma a cualquier plantilla o parte de plantilla de su sitio.<\/p>\n\n\n\n<figure class=\"wp-block-image tb-image tb-image-dynamic tb-image-frame-none\" data-toolset-blocks-image=\"58e4dcce800a533034f7d8c6efe2d185\"><a href=\"https:\/\/wpml.org\/wp-content\/uploads\/2024\/07\/Adding-WPML-Language-Switcher-to-template-2.png\"><img decoding=\"async\" width=\"1024\" height=\"762\" loading=\"lazy\" src=\"https:\/\/wpml.org\/wp-content\/uploads\/2024\/07\/Adding-WPML-Language-Switcher-to-template-2-1024x762.png\" alt=\"Adding WPML Language Switcher to template\" class=\"wp-image-15962878\" srcset=\"https:\/\/wpml.org\/wp-content\/uploads\/2024\/07\/Adding-WPML-Language-Switcher-to-template-2-1024x762.png 1024w, https:\/\/wpml.org\/wp-content\/uploads\/2024\/07\/Adding-WPML-Language-Switcher-to-template-2-300x223.png 300w, https:\/\/wpml.org\/wp-content\/uploads\/2024\/07\/Adding-WPML-Language-Switcher-to-template-2-150x112.png 150w, https:\/\/wpml.org\/wp-content\/uploads\/2024\/07\/Adding-WPML-Language-Switcher-to-template-2-768x571.png 768w, https:\/\/wpml.org\/wp-content\/uploads\/2024\/07\/Adding-WPML-Language-Switcher-to-template-2-1536x1143.png 1536w, https:\/\/wpml.org\/wp-content\/uploads\/2024\/07\/Adding-WPML-Language-Switcher-to-template-2.png 1640w\" sizes=\"auto, (max-width: 1024px) 100vw, 1024px\" \/><\/a><figcaption><div class=\"tb-image-caption\">A\u00f1adir el selector de idioma de WPML a la plantilla<\/div><\/figcaption><\/figure>\n\n\n\n<p>Como otros elementos de bloque, para mostrar el <strong>Selector de idioma de WPML<\/strong> en otros idiomas, necesita traducirlo:<\/p>\n\n\n\n<ol class=\"wp-block-list\">\n<li>Vaya a <strong>WPML \u2192 panel de control de traducci\u00f3n<\/strong>.<\/li>\n\n\n\n<li>Seleccione la plantilla a la que a\u00f1adi\u00f3 el selector de idiomas. <\/li>\n<\/ol>\n\n\n\n<figure class=\"wp-block-image tb-image tb-image-dynamic tb-image-frame-none\" data-toolset-blocks-image=\"4df73c59c8163fc31117803cb6e9624b\"><a href=\"https:\/\/wpml.org\/wp-content\/uploads\/2025\/08\/Selecting-navigation-in-Translation-Management-1.png\"><img decoding=\"async\" width=\"1982\" height=\"1253\" loading=\"lazy\" src=\"https:\/\/wpml.org\/wp-content\/uploads\/2025\/08\/Selecting-navigation-in-Translation-Management-1.png\" alt=\"\" class=\"wp-image-17328524\" srcset=\"https:\/\/wpml.org\/wp-content\/uploads\/2025\/08\/Selecting-navigation-in-Translation-Management-1.png 1982w, https:\/\/wpml.org\/wp-content\/uploads\/2025\/08\/Selecting-navigation-in-Translation-Management-1-300x190.png 300w, https:\/\/wpml.org\/wp-content\/uploads\/2025\/08\/Selecting-navigation-in-Translation-Management-1-1024x647.png 1024w, https:\/\/wpml.org\/wp-content\/uploads\/2025\/08\/Selecting-navigation-in-Translation-Management-1-150x95.png 150w, https:\/\/wpml.org\/wp-content\/uploads\/2025\/08\/Selecting-navigation-in-Translation-Management-1-768x486.png 768w, https:\/\/wpml.org\/wp-content\/uploads\/2025\/08\/Selecting-navigation-in-Translation-Management-1-1536x971.png 1536w\" sizes=\"auto, (max-width: 1982px) 100vw, 1982px\" \/><\/a><figcaption><div class=\"tb-image-caption\">Selecci\u00f3n de la navegaci\u00f3n en el panel de control de traducci\u00f3n<\/div><\/figcaption><\/figure>\n\n\n\n<ol start=\"3\" class=\"wp-block-list\">\n<li>Elija un m\u00e9todo de traducci\u00f3n y <strong>traduzca<\/strong>.<\/li>\n<\/ol>\n\n\n\n<p>El selector de idiomas ahora ser\u00e1 visible en sus idiomas secundarios.<\/p>\n\n\n\n<h2 class=\"wp-block-heading\" id=\"style-language-switcher\">Estilice su selector de idiomas<\/h2>\n\n\n\n<p>WPML ofrece varias opciones de estilo para personalizar cada tipo de selector de idioma. Esto incluye: <\/p>\n\n\n\n<ul class=\"wp-block-list\">\n<li>Orden de los idiomas<\/li>\n\n\n\n<li>Mostrar \/ ocultar bandera de idioma<\/li>\n\n\n\n<li>Dise\u00f1o desplegable o de lista<\/li>\n\n\n\n<li>Mostrar idiomas en nombre nativo<\/li>\n<\/ul>\n\n\n\n<p>Para modificar cualquiera de estos ajustes, vaya a <strong><strong>WPML \u2192 Idiomas<\/strong><\/strong> y edite el selector de idioma que desee personalizar.<\/p>\n\n\n\n<p>Si necesita m\u00e1s opciones de personalizaci\u00f3n y se siente c\u00f3modo utilizando c\u00f3digo, puede <a href=\"https:\/\/wpml.org\/documentation\/getting-started-guide\/language-setup\/custom-language-switcher\/\">crear selectores de idiomas personalizados utilizando PHP<\/a>.<\/p>\n\n\n\n<h2 class=\"wp-block-heading\" id=\"get-started-wpml\">Comience con WPML<\/h2>\n\n\n\n<p>Para a\u00f1adir selectores de idioma con WPML, necesita el plan Multilingual CMS o Multilingual Agency. Consulte nuestra <a href=\"https:\/\/wpml.org\/es\/purchase\/\">p\u00e1gina de precios<\/a> para obtener m\u00e1s informaci\u00f3n. <\/p>\n<\/div><\/div>\n","protected":false},"excerpt":{"rendered":"","protected":false},"author":578773,"featured_media":0,"parent":1373,"menu_order":45,"comment_status":"closed","ping_status":"closed","template":"","meta":{"_bbp_topic_count":0,"_bbp_reply_count":0,"_bbp_total_topic_count":0,"_bbp_total_reply_count":0,"_bbp_voice_count":0,"_bbp_anonymous_reply_count":0,"_bbp_topic_count_hidden":0,"_bbp_reply_count_hidden":0,"_bbp_forum_subforum_count":0,"_uag_custom_page_level_css":"","ep_exclude_from_search":false,"footnotes":""},"related-projects-category":[],"class_list":["post-1146725","page","type-page","status-publish","hentry"],"spectra_custom_meta":{"ratings_users":["0"],"ratings_score":["0"],"ratings_average":["0"],"_alp_processed":["1772092884"],"_views_template":["0"],"_wp_page_template":["default"],"_syntaxhighlighter_encoded":["1"],"_subscription_coupon_product_id":["0"],"inline_featured_image":["0"],"_last_translation_edit_mode":["translation-editor"],"_wpml_media_featured":["1"],"_oembed_b9ed4048f72ad6c7db9e194b36b2ddd7":["<iframe title=\"Add a Custom Language in WPML\" width=\"700\" height=\"394\" src=\"https:\/\/www.youtube.com\/embed\/gbdbEOQA0Kw?feature=oembed&enablejsapi=1&origin=https:\/\/wpml.org\" frameborder=\"0\" allow=\"accelerometer; autoplay; clipboard-write; encrypted-media; gyroscope; picture-in-picture\" allowfullscreen><\/iframe>"],"_oembed_time_b9ed4048f72ad6c7db9e194b36b2ddd7":["1613987417"],"_oembed_8f4dd281fde949aaaec897e32bbedb6b":["<iframe title=\"Doing a Test Translation with Translation Services\" width=\"700\" height=\"394\" src=\"https:\/\/www.youtube.com\/embed\/ozBasV4sNCs?feature=oembed&enablejsapi=1&origin=https:\/\/wpml.org\" frameborder=\"0\" allow=\"accelerometer; autoplay; clipboard-write; encrypted-media; gyroscope; picture-in-picture\" allowfullscreen><\/iframe>"],"_oembed_time_8f4dd281fde949aaaec897e32bbedb6b":["1614862074"],"_oembed_1e02e02ee671c61d8638766a0ee1cb8e":["<iframe title=\"WPML Advanced Translation Editor\" width=\"700\" height=\"394\" src=\"https:\/\/www.youtube.com\/embed\/TmmyU6MtXY8?feature=oembed&enablejsapi=1&origin=https:\/\/wpml.org\" frameborder=\"0\" allow=\"accelerometer; autoplay; clipboard-write; encrypted-media; gyroscope; picture-in-picture\" allowfullscreen><\/iframe>"],"_oembed_time_1e02e02ee671c61d8638766a0ee1cb8e":["1614862074"],"_oembed_6eeaaf76264d07834a5024ecc691d2d0":["<iframe title=\"Media Translation for WPML 4.0\" width=\"525\" height=\"394\" src=\"https:\/\/www.youtube.com\/embed\/8kvqMTy3r2g?feature=oembed&enablejsapi=1&origin=https:\/\/wpml.org\" frameborder=\"0\" allow=\"accelerometer; autoplay; clipboard-write; encrypted-media; gyroscope; picture-in-picture\" allowfullscreen><\/iframe>"],"_oembed_time_6eeaaf76264d07834a5024ecc691d2d0":["1614862074"],"_oembed_085e890236af876c824fa92e59328670":["<iframe title=\"Translating Menus in WPML\" width=\"700\" height=\"394\" src=\"https:\/\/www.youtube.com\/embed\/aFQuEGQs19c?feature=oembed&enablejsapi=1&origin=https:\/\/wpml.org\" frameborder=\"0\" allow=\"accelerometer; autoplay; clipboard-write; encrypted-media; gyroscope; picture-in-picture\" allowfullscreen><\/iframe>"],"_oembed_time_085e890236af876c824fa92e59328670":["1614942457"],"wpcf-unformatted-code":[""],"wpcf-price-increase-show-from":[""],"wpcf-price-increase-show-till":[""],"_wpml_media_duplicate":["0"],"_edit_lock":["1680525219:353313"],"_edit_last":["228164"],"_yoast_wpseo_content_score":["60"],"_yoast_wpseo_estimated-reading-time-minutes":[""],"wpcf-price-increase-content":[""],"wpcf-login-box-title":[""],"wpcf-page-content":[""],"_oembed_f56bf1c5a64a315a94e4cbf7a197b2b0":["<iframe title=\"Integration between Astra theme and Toolset\" width=\"700\" height=\"394\" src=\"https:\/\/www.youtube.com\/embed\/z0GrsNVmFjo?feature=oembed&enablejsapi=1&origin=https:\/\/wpml.org\" frameborder=\"0\" allow=\"accelerometer; autoplay; clipboard-write; encrypted-media; gyroscope; picture-in-picture\" allowfullscreen><\/iframe>"],"_oembed_time_f56bf1c5a64a315a94e4cbf7a197b2b0":["1647394377"],"_oembed_a2bd2c0b8f2c628b1b3793abb74e7359":["<iframe title=\"WPML 3.9 with &quot;Display as Translated&quot; mode\" width=\"525\" height=\"394\" src=\"https:\/\/www.youtube.com\/embed\/eiPUIuELo2A?feature=oembed&enablejsapi=1&origin=https:\/\/wpml.org\" frameborder=\"0\" allow=\"accelerometer; autoplay; clipboard-write; encrypted-media; gyroscope; picture-in-picture\" allowfullscreen><\/iframe>"],"_oembed_time_a2bd2c0b8f2c628b1b3793abb74e7359":["1647394377"],"_oembed_8b192c37df925cacb831b3922e69595d":["<iframe title=\"Using WPML To Translate Pages Built With Fusion Builder (Avada Theme)\" width=\"700\" height=\"394\" src=\"https:\/\/www.youtube.com\/embed\/_bNqjjBPdGA?feature=oembed&enablejsapi=1&origin=https:\/\/wpml.org\" frameborder=\"0\" allow=\"accelerometer; autoplay; clipboard-write; encrypted-media; gyroscope; picture-in-picture\" allowfullscreen><\/iframe>"],"_oembed_time_8b192c37df925cacb831b3922e69595d":["1648980656"],"_oembed_bbf56b1d4c25ce11481afba39f176f85":["<iframe title=\"Using WPML to translate content created with page builders\" width=\"700\" height=\"394\" src=\"https:\/\/www.youtube.com\/embed\/MSqNzrdPMkE?feature=oembed&enablejsapi=1&origin=https:\/\/wpml.org\" frameborder=\"0\" allow=\"accelerometer; autoplay; clipboard-write; encrypted-media; gyroscope; picture-in-picture\" allowfullscreen><\/iframe>"],"_oembed_time_bbf56b1d4c25ce11481afba39f176f85":["1648980656"],"toolset_post_editor_mode":["block"],"_wpml_word_count":["594"],"cmplz_hide_cookiebanner":[""],"_yoast_wpseo_primary_related-projects-category":[""],"_yoast_wpseo_metadesc":["Aprenda c\u00f3mo a\u00f1adir un selector de idiomas al men\u00fa de su sitio web, como un widget, en una plantilla o en el pie de p\u00e1gina."],"_yoast_wpseo_focuskw":["selector de idiomas wordpress"],"_uag_css_file_name":["uag-css-1146725.css"],"_uag_page_assets":["a:9:{s:3:\"css\";s:0:\"\";s:2:\"js\";s:0:\"\";s:18:\"current_block_list\";a:12:{i:0;s:24:\"toolset-blocks\/container\";i:1;s:14:\"core\/paragraph\";i:2;s:20:\"toolset-blocks\/image\";i:3;s:12:\"core\/heading\";i:4;s:11:\"core\/spacer\";i:5;s:19:\"toolset-blocks\/grid\";i:6;s:26:\"toolset-blocks\/grid-column\";i:8;s:30:\"toolset-blocks\/fields-and-text\";i:9;s:22:\"toolset-blocks\/heading\";i:10;s:9:\"core\/list\";i:11;s:14:\"core\/list-item\";i:12;s:14:\"core\/shortcode\";}s:8:\"uag_flag\";b:0;s:11:\"uag_version\";s:10:\"1778918708\";s:6:\"gfonts\";a:0:{}s:10:\"gfonts_url\";s:0:\"\";s:12:\"gfonts_files\";a:0:{}s:14:\"uag_faq_layout\";b:0;}"]},"uagb_featured_image_src":{"full":false,"thumbnail":false,"medium":false,"medium_large":false,"large":false,"1536x1536":false,"2048x2048":false,"gform-image-choice-sm":false,"gform-image-choice-md":false,"gform-image-choice-lg":false,"woocommerce_thumbnail":false,"woocommerce_single":false,"woocommerce_gallery_thumbnail":false},"uagb_author_info":{"display_name":"Tomer Helzer","author_link":"https:\/\/wpml.org\/es\/author\/tomer-h\/"},"uagb_comment_info":0,"uagb_excerpt":null,"_links":{"self":[{"href":"https:\/\/wpml.org\/es\/wp-json\/wp\/v2\/pages\/1146725","targetHints":{"allow":["GET"]}}],"collection":[{"href":"https:\/\/wpml.org\/es\/wp-json\/wp\/v2\/pages"}],"about":[{"href":"https:\/\/wpml.org\/es\/wp-json\/wp\/v2\/types\/page"}],"author":[{"embeddable":true,"href":"https:\/\/wpml.org\/es\/wp-json\/wp\/v2\/users\/578773"}],"replies":[{"embeddable":true,"href":"https:\/\/wpml.org\/es\/wp-json\/wp\/v2\/comments?post=1146725"}],"version-history":[{"count":8,"href":"https:\/\/wpml.org\/es\/wp-json\/wp\/v2\/pages\/1146725\/revisions"}],"predecessor-version":[{"id":17854795,"href":"https:\/\/wpml.org\/es\/wp-json\/wp\/v2\/pages\/1146725\/revisions\/17854795"}],"up":[{"embeddable":true,"href":"https:\/\/wpml.org\/es\/wp-json\/wp\/v2\/pages\/1373"}],"wp:attachment":[{"href":"https:\/\/wpml.org\/es\/wp-json\/wp\/v2\/media?parent=1146725"}],"wp:term":[{"taxonomy":"related-projects-category","embeddable":true,"href":"https:\/\/wpml.org\/es\/wp-json\/wp\/v2\/related-projects-category?post=1146725"}],"curies":[{"name":"wp","href":"https:\/\/api.w.org\/{rel}","templated":true}]}}