{"id":11500155,"date":"2022-06-20T13:52:42","date_gmt":"2022-06-20T13:52:42","guid":{"rendered":"https:\/\/wpml.org\/documentation-2\/guia-de-inicio\/configuracion-del-idioma\/idiomas-preconfigurados\/"},"modified":"2024-11-28T07:07:41","modified_gmt":"2024-11-28T07:07:41","slug":"idiomas-preconfigurados","status":"publish","type":"page","link":"https:\/\/wpml.org\/es\/documentation-2\/guia-de-inicio\/configuracion-del-idioma\/idiomas-preconfigurados\/","title":{"rendered":"Idiomas preconfigurados"},"content":{"rendered":"\n<p class=\"lead\">WPML incluye 65 idiomas listos para usar. Vea nuestra lista de idiomas para saber cu\u00e1les est\u00e1n disponibles. <\/p>\n\n<p>Aqu\u00ed hay una lista de idiomas que vienen <strong>pre-configurados<\/strong> con WPML:<\/p>\n\n<h2 class=\"wp-block-heading\">Los m\u00e1s populares<\/h2>\n\n<ul class=\"wp-block-list\">\n<li>Chino (simplificado)<\/li>\n\n\n\n<li>Chino (tradicional)<\/li>\n\n\n\n<li>Dan\u00e9s<\/li>\n\n\n\n<li>Holand\u00e9s<\/li>\n\n\n\n<li>Ingl\u00e9s<\/li>\n\n\n\n<li>Franc\u00e9s<\/li>\n\n\n\n<li>Alem\u00e1n<\/li>\n\n\n\n<li>Italiano<\/li>\n\n\n\n<li>Japon\u00e9s<\/li>\n\n\n\n<li>Ruso<\/li>\n\n\n\n<li>Espa\u00f1ol<\/li>\n<\/ul>\n\n<h2 class=\"wp-block-heading\">Otros idiomas preconfigurados<\/h2>\n\n<ul class=\"wp-block-list\">\n<li>Alban\u00e9s<\/li>\n\n\n\n<li>\u00c1rabe<\/li>\n\n\n\n<li>Armenio<\/li>\n\n\n\n<li>Azerbaiy\u00e1n<\/li>\n\n\n\n<li>Vasco<\/li>\n\n\n\n<li>Bengal\u00ed<\/li>\n\n\n\n<li>Bosnia<\/li>\n\n\n\n<li>B\u00falgaro<\/li>\n\n\n\n<li>Catal\u00e1n<\/li>\n\n\n\n<li>Croata<\/li>\n\n\n\n<li>Checa<\/li>\n\n\n\n<li>Esperanto<\/li>\n\n\n\n<li>Estonio<\/li>\n\n\n\n<li>Finland\u00e9s<\/li>\n\n\n\n<li>Gallego<\/li>\n\n\n\n<li>Griego<\/li>\n\n\n\n<li>Hebreo<\/li>\n\n\n\n<li>Hindi<\/li>\n\n\n\n<li>H\u00fangaro<\/li>\n\n\n\n<li>Islandia<\/li>\n\n\n\n<li>Indonesia<\/li>\n\n\n\n<li>Irland\u00e9s<\/li>\n\n\n\n<li>Coreano<\/li>\n\n\n\n<li>Kurdo<\/li>\n\n\n\n<li>Let\u00f3n<\/li>\n\n\n\n<li>Lituania<\/li>\n\n\n\n<li>Macedonio<\/li>\n\n\n\n<li>Malayo<\/li>\n\n\n\n<li>Malt\u00e9s<\/li>\n\n\n\n<li>Moldavia<\/li>\n\n\n\n<li>Mongolia<\/li>\n\n\n\n<li>Nepal\u00ed<\/li>\n\n\n\n<li>Bokm\u00e5l noruego<\/li>\n\n\n\n<li>Persa<\/li>\n\n\n\n<li>Polaco<\/li>\n\n\n\n<li>Portugu\u00e9s (Brasil)<\/li>\n\n\n\n<li>Portugu\u00e9s (Portugal)<\/li>\n\n\n\n<li>Punjabi<\/li>\n\n\n\n<li>Quechua<\/li>\n\n\n\n<li>Rumano<\/li>\n\n\n\n<li>Serbio<\/li>\n\n\n\n<li>Eslovaquia<\/li>\n\n\n\n<li>Eslovenia<\/li>\n\n\n\n<li>Somalia<\/li>\n\n\n\n<li>Sueco<\/li>\n\n\n\n<li>Tamil<\/li>\n\n\n\n<li>Tailand\u00e9s<\/li>\n\n\n\n<li>Turco<\/li>\n\n\n\n<li>ucraniano<\/li>\n\n\n\n<li>Urdu<\/li>\n\n\n\n<li>Uzbekist\u00e1n<\/li>\n\n\n\n<li>Vietnamita<\/li>\n\n\n\n<li>Galesa<\/li>\n\n\n\n<li>Yiddish<\/li>\n\n\n\n<li>Zul\u00fa<\/li>\n<\/ul>\n\n<p>Puede encontrar la lista de idiomas pre-configurados yendo a <strong>WPML<\/strong> \u2192 <strong>Idiomas<\/strong> y haciendo clic en <strong>Agregar\/Eliminar idiomas<\/strong>.<\/p>\n\n<p>Si quieres utilizar la traducci\u00f3n autom\u00e1tica, consulta <a href=\"https:\/\/ate.wpml.org\/mt_langs\">qu\u00e9 motores de traducci\u00f3n admiten cada idioma<\/a>.<\/p>\n\n<p>Si desea conocer el c\u00f3digo de idioma de cada idioma en su sitio, puede consultar las <a href=\"https:\/\/wpml.org\/documentation\/support\/wpml-tables\/\">tablas de la base de datos de WPML<\/a> para todos los idiomas. O, puede ir a <strong>WPML<\/strong> \u2192 <strong>Idiomas<\/strong> y hacer clic en <strong>Editar Idiomas<\/strong>.  <\/p>\n\n<h2 class=\"wp-block-heading\">\u00bfNo ha encontrado su idioma? A\u00f1\u00e1delo t\u00fa mismo<\/h2>\n\n<p>Si tu idioma no est\u00e1 incluido en la lista preconfigurada de idiomas, puedes <a href=\"https:\/\/wpml.org\/documentation\/getting-started-guide\/language-setup\/editing-wpmls-languages-table\/\">a\u00f1adir idiomas personalizados o espec\u00edficos de tu pa\u00eds<\/a>.<\/p>\n","protected":false},"excerpt":{"rendered":"<p>WPML incluye 65 idiomas listos para usar. Vea nuestra lista de idiomas para saber cu\u00e1les est\u00e1n disponibles. Aqu\u00ed hay una lista de idiomas que vienen pre-configurados con WPML: Los m\u00e1s populares Otros idiomas preconfigurados Puede encontrar la lista de idiomas pre-configurados yendo a WPML \u2192 Idiomas y haciendo clic en Agregar\/Eliminar idiomas. Si quieres utilizar [&hellip;]<\/p>\n","protected":false},"author":59141,"featured_media":0,"parent":1373,"menu_order":0,"comment_status":"closed","ping_status":"closed","template":"template-nosidebar-centered.php","meta":{"_bbp_topic_count":0,"_bbp_reply_count":0,"_bbp_total_topic_count":0,"_bbp_total_reply_count":0,"_bbp_voice_count":0,"_bbp_anonymous_reply_count":0,"_bbp_topic_count_hidden":0,"_bbp_reply_count_hidden":0,"_bbp_forum_subforum_count":0,"_uag_custom_page_level_css":"","ep_exclude_from_search":false,"footnotes":""},"related-projects-category":[],"class_list":["post-11500155","page","type-page","status-publish","hentry"],"spectra_custom_meta":{"ratings_users":["0"],"ratings_score":["0"],"ratings_average":["0"],"_subscription_coupon_product_id":["0"],"_wpv_contains_gutenberg_views":[""],"_alp_processed":["1732777661"],"_views_template":["0"],"wpcf-unformatted-code":[""],"_wpml_media_duplicate":["0"],"_wpml_media_featured":["1"],"toolset_post_editor_mode":["block"],"wpcf-price-increase-show-from":[""],"wpcf-price-increase-show-till":[""],"_wp_page_template":["template-nosidebar-centered.php"],"_last_translation_edit_mode":["translation-editor"],"_wpml_word_count":["252"],"_yoast_wpseo_metadesc":["WPML incluye 65 idiomas listos para usar. Vea nuestra lista de idiomas para saber cu\u00e1les est\u00e1n disponibles."],"_uag_css_file_name":["uag-css-11500155.css"],"_uag_page_assets":["a:9:{s:3:\"css\";s:260:\".uag-blocks-common-selector{z-index:var(--z-index-desktop) !important}@media(max-width: 976px){.uag-blocks-common-selector{z-index:var(--z-index-tablet) !important}}@media(max-width: 767px){.uag-blocks-common-selector{z-index:var(--z-index-mobile) !important}}\";s:2:\"js\";s:0:\"\";s:18:\"current_block_list\";a:5:{i:0;s:14:\"core\/paragraph\";i:1;s:12:\"core\/heading\";i:2;s:9:\"core\/list\";i:3;s:14:\"core\/list-item\";i:4;s:14:\"core\/shortcode\";}s:8:\"uag_flag\";b:0;s:11:\"uag_version\";s:10:\"1778832417\";s:6:\"gfonts\";a:0:{}s:10:\"gfonts_url\";s:0:\"\";s:12:\"gfonts_files\";a:0:{}s:14:\"uag_faq_layout\";b:0;}"]},"uagb_featured_image_src":{"full":false,"thumbnail":false,"medium":false,"medium_large":false,"large":false,"1536x1536":false,"2048x2048":false,"gform-image-choice-sm":false,"gform-image-choice-md":false,"gform-image-choice-lg":false,"woocommerce_thumbnail":false,"woocommerce_single":false,"woocommerce_gallery_thumbnail":false},"uagb_author_info":{"display_name":"Agnes Bury","author_link":"https:\/\/wpml.org\/es\/author\/agnes-b\/"},"uagb_comment_info":0,"uagb_excerpt":"WPML incluye 65 idiomas listos para usar. Vea nuestra lista de idiomas para saber cu\u00e1les est\u00e1n disponibles. Aqu\u00ed hay una lista de idiomas que vienen pre-configurados con WPML: Los m\u00e1s populares Otros idiomas preconfigurados Puede encontrar la lista de idiomas pre-configurados yendo a WPML \u2192 Idiomas y haciendo clic en Agregar\/Eliminar idiomas. Si quieres utilizar&hellip;","_links":{"self":[{"href":"https:\/\/wpml.org\/es\/wp-json\/wp\/v2\/pages\/11500155","targetHints":{"allow":["GET"]}}],"collection":[{"href":"https:\/\/wpml.org\/es\/wp-json\/wp\/v2\/pages"}],"about":[{"href":"https:\/\/wpml.org\/es\/wp-json\/wp\/v2\/types\/page"}],"author":[{"embeddable":true,"href":"https:\/\/wpml.org\/es\/wp-json\/wp\/v2\/users\/59141"}],"replies":[{"embeddable":true,"href":"https:\/\/wpml.org\/es\/wp-json\/wp\/v2\/comments?post=11500155"}],"version-history":[{"count":7,"href":"https:\/\/wpml.org\/es\/wp-json\/wp\/v2\/pages\/11500155\/revisions"}],"predecessor-version":[{"id":16452960,"href":"https:\/\/wpml.org\/es\/wp-json\/wp\/v2\/pages\/11500155\/revisions\/16452960"}],"up":[{"embeddable":true,"href":"https:\/\/wpml.org\/es\/wp-json\/wp\/v2\/pages\/1373"}],"wp:attachment":[{"href":"https:\/\/wpml.org\/es\/wp-json\/wp\/v2\/media?parent=11500155"}],"wp:term":[{"taxonomy":"related-projects-category","embeddable":true,"href":"https:\/\/wpml.org\/es\/wp-json\/wp\/v2\/related-projects-category?post=11500155"}],"curies":[{"name":"wp","href":"https:\/\/api.w.org\/{rel}","templated":true}]}}