{"id":1154716,"date":"2016-12-08T10:08:43","date_gmt":"2016-12-08T10:08:43","guid":{"rendered":"https:\/\/wpml.org\/documentation-2\/guia-de-inicio\/configuracion-del-idioma\/directorio-de-idioma-para-el-idioma-por-defecto\/"},"modified":"2024-06-12T09:14:37","modified_gmt":"2024-06-12T09:14:37","slug":"directorio-de-idioma-para-el-idioma-por-defecto","status":"publish","type":"page","link":"https:\/\/wpml.org\/es\/documentation-2\/guia-de-inicio\/configuracion-del-idioma\/directorio-de-idioma-para-el-idioma-por-defecto\/","title":{"rendered":"Directorio de idioma por defecto"},"content":{"rendered":"\n<p class=\"lead\">WPML te permite crear una P\u00e1gina ra\u00edz espec\u00edfica para tu sitio.\nEsto significa que, independientemente de los idiomas disponibles en tu sitio, todos tus visitantes ver\u00e1n la misma p\u00e1gina de inicio. <\/p>\n\n<p>WPML te permite crear directorios virtuales para todos los idiomas, incluido el idioma por defecto.\nNo se trata de directorios f\u00edsicos reales en la unidad de disco del servidor, sino de directorios virtuales que s\u00f3lo aparecen en las URL. <\/p>\n\n<div class=\"wp-block-toolset-blocks-container tb-container\" data-toolset-blocks-container=\"b1991dfb59bacdeebdc97e40f18802e1\">\n<p>Ten en cuenta que cuando se establece la <strong>opci\u00f3n Usar directorio para el idioma por defecto<\/strong> en la P\u00e1gina de <strong>WPML \u2192 Idiomas<\/strong>, se <strong>debe utilizar<\/strong> una p\u00e1gina ra\u00edz.<\/p>\n<\/div>\n\n<p>Con carpetas de idiomas para todas las lenguas, la estructura de tu sitio puede tener el siguiente aspecto:<\/p>\n\n<p><code>mysite.com\/en\/<br\/>mysite.com\/es\/<br\/>mysite.com\/fr\/<\/code><\/p>\n\n<p>Para activar este formato, ve a <strong>WPML \u2192 Idiomas<\/strong> y despl\u00e1zate hacia abajo hasta la secci\u00f3n <strong>Formato de URL de idioma<\/strong>.<\/p>\n<div class=\"wp-block-image\">\n<figure class=\" tb-image tb-image-dynamic tb-image-frame-none aligncenter\" data-toolset-blocks-image=\"b0d5cdd566a0e677022a204bf9eb9a52\"><a href=\"https:\/\/wpml.org\/wp-content\/uploads\/2023\/06\/wpml-url-format-directory-for-default-language.png\"><img decoding=\"async\" width=\"1946\" height=\"872\" loading=\"lazy\" src=\"https:\/\/wpml.org\/wp-content\/uploads\/2023\/06\/wpml-url-format-directory-for-default-language.png\" alt=\"\" class=\"wp-image-13759823\" srcset=\"https:\/\/wpml.org\/wp-content\/uploads\/2023\/06\/wpml-url-format-directory-for-default-language.png 1946w, https:\/\/wpml.org\/wp-content\/uploads\/2023\/06\/wpml-url-format-directory-for-default-language-300x134.png 300w, https:\/\/wpml.org\/wp-content\/uploads\/2023\/06\/wpml-url-format-directory-for-default-language-1024x459.png 1024w, https:\/\/wpml.org\/wp-content\/uploads\/2023\/06\/wpml-url-format-directory-for-default-language-150x67.png 150w, https:\/\/wpml.org\/wp-content\/uploads\/2023\/06\/wpml-url-format-directory-for-default-language-768x344.png 768w, https:\/\/wpml.org\/wp-content\/uploads\/2023\/06\/wpml-url-format-directory-for-default-language-1536x688.png 1536w\" sizes=\"auto, (max-width: 1946px) 100vw, 1946px\" \/><\/a><figcaption><div class=\"tb-image-caption\"><em>Seleccionar la opci\u00f3n Utilizar directorio para idioma por defecto<\/em><\/div><\/figcaption><\/figure>\n<\/div>\n<p><strong>En esta P\u00e1gina:<\/strong><\/p>\n\n<ul class=\"wp-block-list\">\n<li><a href=\"#what-is-a-root-page-and-do-i-need-one\">\u00bfQu\u00e9 es una P\u00e1gina Ra\u00edz y la necesito?<\/a><\/li>\n\n\n\n<li><a href=\"#setting-up-the-root-page\">Configurar la P\u00e1gina Ra\u00edz<\/a>\n<ul class=\"wp-block-list\">\n<li><a href=\"#selecting-an-html-file\">Seleccionar un archivo HTML<\/a>\n<ul class=\"wp-block-list\">\n<li><a href=\"#using-a-relative-path\">Utilizar una ruta relativa<\/a><\/li>\n\n\n\n<li><a href=\"#using-an-absolute-path\">Utilizar una ruta absoluta<\/a><\/li>\n<\/ul>\n<\/li>\n<\/ul>\n<\/li>\n\n\n\n<li><a href=\"#selecting-a-wordpress-page\">Seleccionar una P\u00e1gina de WordPress<\/a>\n<ul class=\"wp-block-list\">\n<li><a href=\"#how-to-edit-an-existing-root-page\">C\u00f3mo editar una P\u00e1gina Ra\u00edz existente<\/a><\/li>\n\n\n\n<li><a href=\"#redirect-the-root-domain-to-the-default-language-directory\">Redirigir el dominio ra\u00edz al directorio de idioma por defecto<\/a><\/li>\n<\/ul>\n<\/li>\n<\/ul>\n\n<h2 class=\"wp-block-heading\">\u00bfQu\u00e9 es una P\u00e1gina Ra\u00edz y la necesito?<\/h2>\n\n<p>La P\u00e1gina ra\u00edz de tu web es el contenido que se carga cuando los visitantes acceden a tu nombre de dominio, es decir, <strong>mysite.com<\/strong>, en un Navegador web.\nSi utilizas la opci\u00f3n <strong>Utilizar directorio para idioma por defecto<\/strong>, la p\u00e1gina de inicio ser\u00e1 la misma para todos tus visitantes, independientemente de los idiomas disponibles en tu sitio. <\/p>\n\n<p>A continuaci\u00f3n puedes ver un ejemplo sencillo de p\u00e1gina ra\u00edz, que destaca un mensaje de bienvenida y enlaces a las versiones ling\u00fc\u00edsticas del sitio.<\/p>\n<div class=\"wp-block-image\">\n<figure class=\" tb-image tb-image-dynamic tb-image-frame-none aligncenter\" data-toolset-blocks-image=\"9bf1eb76bc1a80c3cd5e0cc2cefb9366\"><a href=\"https:\/\/wpml.org\/wp-content\/uploads\/2023\/06\/wpml-different-directories-root-page.jpeg\"><img decoding=\"async\" width=\"1658\" height=\"1194\" loading=\"lazy\" src=\"https:\/\/wpml.org\/wp-content\/uploads\/2023\/06\/wpml-different-directories-root-page.jpeg\" alt=\"\" class=\"wp-image-13759859\" srcset=\"https:\/\/wpml.org\/wp-content\/uploads\/2023\/06\/wpml-different-directories-root-page.jpeg 1658w, https:\/\/wpml.org\/wp-content\/uploads\/2023\/06\/wpml-different-directories-root-page-300x216.jpeg 300w, https:\/\/wpml.org\/wp-content\/uploads\/2023\/06\/wpml-different-directories-root-page-1024x737.jpeg 1024w, https:\/\/wpml.org\/wp-content\/uploads\/2023\/06\/wpml-different-directories-root-page-150x108.jpeg 150w, https:\/\/wpml.org\/wp-content\/uploads\/2023\/06\/wpml-different-directories-root-page-768x553.jpeg 768w, https:\/\/wpml.org\/wp-content\/uploads\/2023\/06\/wpml-different-directories-root-page-1536x1106.jpeg 1536w\" sizes=\"auto, (max-width: 1658px) 100vw, 1658px\" \/><\/a><figcaption><div class=\"tb-image-caption\"><em>Una p\u00e1gina ra\u00edz en el front-end<\/em><\/div><\/figcaption><\/figure>\n<\/div>\n<h2 class=\"wp-block-heading\">Configurar la P\u00e1gina Ra\u00edz<\/h2>\n\n<p>Para utilizar una P\u00e1gina ra\u00edz, primero <strong>debes<\/strong> seleccionar la opci\u00f3n <strong>Diferentes lenguas en los directorios<\/strong>.<\/p>\n\n<p>A continuaci\u00f3n, activa la opci\u00f3n <strong>Utilizar directorio para el idioma por defecto<\/strong>.<\/p>\n\n<p>Ahora, <strong>debes<\/strong> elegir qu\u00e9 va en la URL ra\u00edz de tu sitio.\nPara la URL ra\u00edz, puedes elegir entre un <a href=\"#selecting-an-html-file\">archivo HTML<\/a> o una <a href=\"#selecting-a-wordpress-page\">P\u00e1gina de WordPress<\/a>. <\/p>\n\n<h3 class=\"wp-block-heading\">Seleccionar un archivo HTML<\/h3>\n\n<p>Cuando elijas un HTML<strong> <\/strong>debes indicar su ruta.\nSi la ruta empieza por una barra <strong>\u00ab\/\u00bb,<\/strong> es una ruta absoluta en el servidor.\nDe lo contrario, es relativa al directorio de WordPress.  <\/p>\n\n<h4 class=\"wp-block-heading\">Utilizar una ruta relativa<\/h4>\n\n<p>Puedes subir el archivo HTML que quieras utilizar para tu P\u00e1gina ra\u00edz utilizando un programa FTP y colocarlo en el directorio WordPress de tu sitio, como se muestra en la imagen siguiente.<\/p>\n<div class=\"wp-block-image\">\n<figure class=\" tb-image tb-image-dynamic tb-image-frame-none aligncenter\" data-toolset-blocks-image=\"f47722f010666e876fca98401f86f449\"><a href=\"https:\/\/wpml.org\/wp-content\/uploads\/2023\/06\/html-relative-page-in-WP-root.png\"><img decoding=\"async\" width=\"1358\" height=\"776\" loading=\"lazy\" src=\"https:\/\/wpml.org\/wp-content\/uploads\/2023\/06\/html-relative-page-in-WP-root.png\" alt=\"\" class=\"wp-image-13759881\" srcset=\"https:\/\/wpml.org\/wp-content\/uploads\/2023\/06\/html-relative-page-in-WP-root.png 1358w, https:\/\/wpml.org\/wp-content\/uploads\/2023\/06\/html-relative-page-in-WP-root-300x171.png 300w, https:\/\/wpml.org\/wp-content\/uploads\/2023\/06\/html-relative-page-in-WP-root-1024x585.png 1024w, https:\/\/wpml.org\/wp-content\/uploads\/2023\/06\/html-relative-page-in-WP-root-150x86.png 150w, https:\/\/wpml.org\/wp-content\/uploads\/2023\/06\/html-relative-page-in-WP-root-768x439.png 768w\" sizes=\"auto, (max-width: 1358px) 100vw, 1358px\" \/><\/a><figcaption><div class=\"tb-image-caption\"><em>Subir un archivo HTML a tu directorio de WordPress<\/em><\/div><\/figcaption><\/figure>\n<\/div>\n<p>Una vez subido el archivo, puedes establecer su ruta relativa, simplemente especificando el nombre del archivo.\nComo ejemplo, establecemos el nombre del archivo como <strong>p\u00e1gina-ra\u00edz.html<\/strong>. <\/p>\n<div class=\"wp-block-image\">\n<figure class=\" tb-image tb-image-dynamic tb-image-frame-none aligncenter\" data-toolset-blocks-image=\"d1f3e3d4a9684731463a9c5b66cffb27\"><a href=\"https:\/\/wpml.org\/wp-content\/uploads\/2023\/06\/wpml-languages-url-setting-the-root-page.png\"><img decoding=\"async\" width=\"1986\" height=\"876\" loading=\"lazy\" src=\"https:\/\/wpml.org\/wp-content\/uploads\/2023\/06\/wpml-languages-url-setting-the-root-page.png\" alt=\"\" class=\"wp-image-13759907\" srcset=\"https:\/\/wpml.org\/wp-content\/uploads\/2023\/06\/wpml-languages-url-setting-the-root-page.png 1986w, https:\/\/wpml.org\/wp-content\/uploads\/2023\/06\/wpml-languages-url-setting-the-root-page-300x132.png 300w, https:\/\/wpml.org\/wp-content\/uploads\/2023\/06\/wpml-languages-url-setting-the-root-page-1024x452.png 1024w, https:\/\/wpml.org\/wp-content\/uploads\/2023\/06\/wpml-languages-url-setting-the-root-page-150x66.png 150w, https:\/\/wpml.org\/wp-content\/uploads\/2023\/06\/wpml-languages-url-setting-the-root-page-768x339.png 768w, https:\/\/wpml.org\/wp-content\/uploads\/2023\/06\/wpml-languages-url-setting-the-root-page-1536x678.png 1536w\" sizes=\"auto, (max-width: 1986px) 100vw, 1986px\" \/><\/a><figcaption><div class=\"tb-image-caption\"><em>A\u00f1adir la ruta a la opci\u00f3n de archivo HTML<\/em><\/div><\/figcaption><\/figure>\n<\/div>\n<h4 class=\"wp-block-heading\">Utilizar una ruta absoluta<\/h4>\n\n<p>Si quieres utilizar una ruta absoluta en tu servidor, puedes subir tu archivo HTML<strong> <\/strong>en cualquiera de las carpetas del sitio.<\/p>\n<div class=\"wp-block-image\">\n<figure class=\" tb-image tb-image-dynamic tb-image-frame-none aligncenter\" data-toolset-blocks-image=\"fda08a6234ec7a0d5c6f0077a22bdd41\"><a href=\"https:\/\/wpml.org\/wp-content\/uploads\/2023\/06\/html-absolulte-page-in-WP-root.png\"><img decoding=\"async\" width=\"1420\" height=\"738\" loading=\"lazy\" src=\"https:\/\/wpml.org\/wp-content\/uploads\/2023\/06\/html-absolulte-page-in-WP-root.png\" alt=\"\" class=\"wp-image-13759971\" srcset=\"https:\/\/wpml.org\/wp-content\/uploads\/2023\/06\/html-absolulte-page-in-WP-root.png 1420w, https:\/\/wpml.org\/wp-content\/uploads\/2023\/06\/html-absolulte-page-in-WP-root-300x156.png 300w, https:\/\/wpml.org\/wp-content\/uploads\/2023\/06\/html-absolulte-page-in-WP-root-1024x532.png 1024w, https:\/\/wpml.org\/wp-content\/uploads\/2023\/06\/html-absolulte-page-in-WP-root-150x78.png 150w, https:\/\/wpml.org\/wp-content\/uploads\/2023\/06\/html-absolulte-page-in-WP-root-768x399.png 768w\" sizes=\"auto, (max-width: 1420px) 100vw, 1420px\" \/><\/a><figcaption><div class=\"tb-image-caption\"><em>Subir un archivo HTML al directorio<\/em><\/div><\/figcaption><\/figure>\n<\/div>\n<p>Una vez subido el archivo, puedes establecer su ruta absoluta, por ejemplo <strong>\/home\/andres\/p\u00e1gina-root.html<\/strong>.<\/p>\n\n<h2 class=\"wp-block-heading\">Seleccionar una P\u00e1gina de WordPress<\/h2>\n\n<p>Si en <strong>WPML<\/strong> <strong>\u2192 Idiomas<\/strong> eliges mostrar <strong>Una p\u00e1gina <\/strong>para la URL ra\u00edz, guarda primero tu configuraci\u00f3n y luego haz clic en el enlace <strong>Crear p\u00e1gina ra\u00edz<\/strong>.<\/p>\n<div class=\"wp-block-image\">\n<figure class=\" tb-image tb-image-dynamic tb-image-frame-none aligncenter\" data-toolset-blocks-image=\"c877ee0529ecb490daad1e1c8597faae\"><a href=\"https:\/\/wpml.org\/wp-content\/uploads\/2023\/06\/wpml-language-directory-creating-a-page-for-root-URL.png\"><img decoding=\"async\" width=\"1860\" height=\"938\" loading=\"lazy\" src=\"https:\/\/wpml.org\/wp-content\/uploads\/2023\/06\/wpml-language-directory-creating-a-page-for-root-URL.png\" alt=\"\" class=\"wp-image-13760007\" srcset=\"https:\/\/wpml.org\/wp-content\/uploads\/2023\/06\/wpml-language-directory-creating-a-page-for-root-URL.png 1860w, https:\/\/wpml.org\/wp-content\/uploads\/2023\/06\/wpml-language-directory-creating-a-page-for-root-URL-300x151.png 300w, https:\/\/wpml.org\/wp-content\/uploads\/2023\/06\/wpml-language-directory-creating-a-page-for-root-URL-1024x516.png 1024w, https:\/\/wpml.org\/wp-content\/uploads\/2023\/06\/wpml-language-directory-creating-a-page-for-root-URL-150x76.png 150w, https:\/\/wpml.org\/wp-content\/uploads\/2023\/06\/wpml-language-directory-creating-a-page-for-root-URL-768x387.png 768w, https:\/\/wpml.org\/wp-content\/uploads\/2023\/06\/wpml-language-directory-creating-a-page-for-root-URL-1536x775.png 1536w\" sizes=\"auto, (max-width: 1860px) 100vw, 1860px\" \/><\/a><figcaption><div class=\"tb-image-caption\"><em>Haciendo clic en el enlace para crear una P\u00e1gina ra\u00edz<\/em><\/div><\/figcaption><\/figure>\n<\/div>\n<p>Esto te redirige a la interfaz del editor de p\u00e1ginas de WordPress.<\/p>\n\n<p>Aqu\u00ed puedes dise\u00f1ar c\u00f3mo quieres que sea la p\u00e1gina de destino principal de tu sitio.\nPor ejemplo, puedes elegir mostrar un mensaje de bienvenida y proporcionar una interfaz de selecci\u00f3n de idioma. <\/p>\n\n<figure class=\"wp-block-image tb-image tb-image-dynamic tb-image-frame-none\" data-toolset-blocks-image=\"937bcc330ed9b28a507db199de210188\"><a href=\"https:\/\/wpml.org\/wp-content\/uploads\/2023\/06\/wpml-root-page-example.png\"><img decoding=\"async\" width=\"1908\" height=\"1028\" loading=\"lazy\" src=\"https:\/\/wpml.org\/wp-content\/uploads\/2023\/06\/wpml-root-page-example.png\" alt=\"\" class=\"wp-image-13760065\" srcset=\"https:\/\/wpml.org\/wp-content\/uploads\/2023\/06\/wpml-root-page-example.png 1908w, https:\/\/wpml.org\/wp-content\/uploads\/2023\/06\/wpml-root-page-example-300x162.png 300w, https:\/\/wpml.org\/wp-content\/uploads\/2023\/06\/wpml-root-page-example-1024x552.png 1024w, https:\/\/wpml.org\/wp-content\/uploads\/2023\/06\/wpml-root-page-example-150x81.png 150w, https:\/\/wpml.org\/wp-content\/uploads\/2023\/06\/wpml-root-page-example-768x414.png 768w, https:\/\/wpml.org\/wp-content\/uploads\/2023\/06\/wpml-root-page-example-1536x828.png 1536w\" sizes=\"auto, (max-width: 1908px) 100vw, 1908px\" \/><\/a><figcaption><div class=\"tb-image-caption\">Un ejemplo de p\u00e1gina ra\u00edz<\/div><\/figcaption><\/figure>\n\n<p>Cuando termines de a\u00f1adir el contenido, guarda la P\u00e1gina.<\/p>\n\n<p>Eso es. Cuando los visitantes lleguen a tu sitio, esta p\u00e1gina se utilizar\u00e1 como p\u00e1gina de destino ra\u00edz, independientemente de las preferencias de idioma disponibles.<\/p>\n\n<h3 class=\"wp-block-heading\" id=\"how-to-edit-an-existing-root-page\">Editar una P\u00e1gina Ra\u00edz Existente<\/h3>\n\n<p>Cuando selecciones utilizar una p\u00e1gina est\u00e1ndar de WordPress como p\u00e1gina ra\u00edz, no la encontrar\u00e1s listada en <strong>P\u00e1ginas<\/strong>.<\/p>\n\n<p>Para editar tu P\u00e1gina ra\u00edz, tienes que ir a la p\u00e1gina <strong>WPML<\/strong> \u2192 <strong>Idiomas <\/strong>, desplazarte hasta la secci\u00f3n <strong>Formato de URL de idioma<\/strong> y hacer clic en el enlace <strong>Editar p\u00e1gina ra\u00edz <\/strong>.<\/p>\n<div class=\"wp-block-image\">\n<figure class=\" tb-image tb-image-dynamic tb-image-frame-none aligncenter\" data-toolset-blocks-image=\"04aa0ef69c4c59f4092ed8939aff57c7\"><a href=\"https:\/\/wpml.org\/wp-content\/uploads\/2023\/06\/wpml-language-url-format-edit-root-page.png\"><img decoding=\"async\" width=\"1918\" height=\"976\" loading=\"lazy\" src=\"https:\/\/wpml.org\/wp-content\/uploads\/2023\/06\/wpml-language-url-format-edit-root-page.png\" alt=\"\" class=\"wp-image-13760117\" srcset=\"https:\/\/wpml.org\/wp-content\/uploads\/2023\/06\/wpml-language-url-format-edit-root-page.png 1918w, https:\/\/wpml.org\/wp-content\/uploads\/2023\/06\/wpml-language-url-format-edit-root-page-300x153.png 300w, https:\/\/wpml.org\/wp-content\/uploads\/2023\/06\/wpml-language-url-format-edit-root-page-1024x521.png 1024w, https:\/\/wpml.org\/wp-content\/uploads\/2023\/06\/wpml-language-url-format-edit-root-page-150x76.png 150w, https:\/\/wpml.org\/wp-content\/uploads\/2023\/06\/wpml-language-url-format-edit-root-page-768x391.png 768w, https:\/\/wpml.org\/wp-content\/uploads\/2023\/06\/wpml-language-url-format-edit-root-page-1536x782.png 1536w\" sizes=\"auto, (max-width: 1918px) 100vw, 1918px\" \/><\/a><figcaption><div class=\"tb-image-caption\"><em>Hacer clic en el enlace para editar la P\u00e1gina ra\u00edz<\/em><\/div><\/figcaption><\/figure>\n<\/div>\n<h3 class=\"wp-block-heading\" id=\"redirect-the-root-domain-to-the-default-language-directory\">Redirigir el dominio ra\u00edz al directorio de idioma por defecto<\/h3>\n\n<p>A veces, puede que quieras redirigir tu dominio ra\u00edz al directorio del idioma por defecto.\nEn otras palabras, si el ingl\u00e9s es el idioma por defecto y alguien visita <strong>www.yoursite.com,<\/strong> se le redirigir\u00e1 a <strong>www.yoursite.com\/en\/.<\/strong> <\/p>\n\n<p>Empieza por crear una <a href=\"https:\/\/developer.wordpress.org\/themes\/template-files-section\/page-template-files\/#creating-custom-page-templates-for-global-use\">Plantilla PHP<\/a> para el tema de tu sitio.\nEn la mayor\u00eda de los casos, debes a\u00f1adir estos archivos PHP a un tema hijo. <\/p>\n\n<p>A\u00f1ade el siguiente contenido a tu nuevo archivo PHP de plantilla de p\u00e1gina:<\/p>\n\n                    <div class='codesnipdiv' id='b335c'>\n                    <a class='root-redirect' data-titleselector='root-redirect' data-randspinner ='b335c' data-sniphost='1154716' title='Click to Expand or Minimize' id='codesnipfrontend'><img src='https:\/\/wpml.org\/wp-content\/plugins\/code-snips\/res\/img\/code_icon.png' \/>Root Redirect<\/a>\n                    <div id='b335c_innerdiv' class='clearfix'>\n                    <pre class='brush:php;'>&lt;?php\r\n\/*\r\nTemplate Name: Root redirect\r\n*\/\r\nwp_redirect( home_url() );\r\nexit;\r\n?&gt;<\/pre>\n                    <script>\n                    if ('undefined' === typeof cacheObj_open) {\n                        window.cacheObj_open = {};\n                    }\n                    if (typeof SyntaxHighlighter !== 'undefined') SyntaxHighlighter.highlight();\n                    <\/script>\n                    <input type='hidden' id='b335c_minimize' value='Minimize'>\n                    <input type='hidden' id='b335c_cachedstartopen' value='cachedstartopen'>\n                    <\/div>\n                    <\/div>\t\t\t\n                    <script>\t\t\t\t\t\t\t\t \t\t\t\n                    cacheObj_open['b335c_root-redirect']='<pre class=\"brush: php;\">&lt;?php\\r\\n\\\/*\\r\\nTemplate Name: Root redirect\\r\\n*\\\/\\r\\nwp_redirect( home_url() );\\r\\nexit;\\r\\n?&gt;<\/pre>';            \n                    <\/script>\n\n<p>Ahora, vuelve atr\u00e1s y <a href=\"#how-to-edit-an-existing-root-page\">edita tu P\u00e1gina ra\u00edz<\/a>.<\/p>\n\n<p>En la barra lateral derecha, despliega la secci\u00f3n <b>Resumen<\/b> y selecciona la Plantilla que acabas de crear.<\/p>\n<div class=\"wp-block-image\">\n<figure class=\" tb-image tb-image-dynamic tb-image-frame-none aligncenter\" data-toolset-blocks-image=\"25b3b3c17c84f84697593cc7075fba08\"><a href=\"https:\/\/wpml.org\/wp-content\/uploads\/2023\/06\/wpml-template-root-redirect.png\"><img decoding=\"async\" width=\"2032\" height=\"906\" loading=\"lazy\" src=\"https:\/\/wpml.org\/wp-content\/uploads\/2023\/06\/wpml-template-root-redirect.png\" alt=\"\" class=\"wp-image-13760145\" srcset=\"https:\/\/wpml.org\/wp-content\/uploads\/2023\/06\/wpml-template-root-redirect.png 2032w, https:\/\/wpml.org\/wp-content\/uploads\/2023\/06\/wpml-template-root-redirect-300x134.png 300w, https:\/\/wpml.org\/wp-content\/uploads\/2023\/06\/wpml-template-root-redirect-1024x457.png 1024w, https:\/\/wpml.org\/wp-content\/uploads\/2023\/06\/wpml-template-root-redirect-150x67.png 150w, https:\/\/wpml.org\/wp-content\/uploads\/2023\/06\/wpml-template-root-redirect-768x342.png 768w, https:\/\/wpml.org\/wp-content\/uploads\/2023\/06\/wpml-template-root-redirect-1536x685.png 1536w\" sizes=\"auto, (max-width: 2032px) 100vw, 2032px\" \/><\/a><figcaption><div class=\"tb-image-caption\"><em>Seleccionar la P\u00e1gina ra\u00edz de la secci\u00f3n Resumen<\/em><\/div><\/figcaption><\/figure>\n<\/div>\n<p>Cuando hayas terminado, aseg\u00farate de actualizar la P\u00e1gina.<\/p>\n\n<p>Ahora, tu P\u00e1gina ra\u00edz se redirigir\u00e1 al directorio de idioma por defecto.<\/p>\n","protected":false},"excerpt":{"rendered":"<p>WPML te permite crear una P\u00e1gina ra\u00edz espec\u00edfica para tu sitio. Esto significa que, independientemente de los idiomas disponibles en tu sitio, todos tus visitantes ver\u00e1n la misma p\u00e1gina de inicio. WPML te permite crear directorios virtuales para todos los idiomas, incluido el idioma por defecto. No se trata de directorios f\u00edsicos reales en la [&hellip;]<\/p>\n","protected":false},"author":2,"featured_media":0,"parent":1373,"menu_order":71,"comment_status":"closed","ping_status":"closed","template":"template-sidebar-2.php","meta":{"_bbp_topic_count":0,"_bbp_reply_count":0,"_bbp_total_topic_count":0,"_bbp_total_reply_count":0,"_bbp_voice_count":0,"_bbp_anonymous_reply_count":0,"_bbp_topic_count_hidden":0,"_bbp_reply_count_hidden":0,"_bbp_forum_subforum_count":0,"_uag_custom_page_level_css":"","ep_exclude_from_search":false,"footnotes":""},"related-projects-category":[],"class_list":["post-1154716","page","type-page","status-publish","hentry"],"spectra_custom_meta":{"ratings_users":["0"],"ratings_score":["0"],"ratings_average":["0"],"_alp_processed":["1718183677"],"_views_template":["0"],"_wp_page_template":["template-sidebar-2.php"],"_wpml_media_featured":["1"],"_subscription_coupon_product_id":["0"],"_last_translation_edit_mode":["translation-editor"],"_oembed_809539948dec7d9364864e7814a4a558":["<iframe title=\"How we translate wpml.org\" width=\"700\" height=\"394\" src=\"https:\/\/www.youtube.com\/embed\/FxScQ-bkOXo?feature=oembed&enablejsapi=1&origin=https:\/\/wpml.org\" frameborder=\"0\" allow=\"accelerometer; autoplay; clipboard-write; encrypted-media; gyroscope; picture-in-picture\" allowfullscreen><\/iframe>"],"_oembed_time_809539948dec7d9364864e7814a4a558":["1633599939"],"_oembed_c5805eb9f854cabdcc04201d2b76c30c":["<iframe title=\"Using WPML to translate content created with Gutenberg editor\" width=\"700\" height=\"394\" src=\"https:\/\/www.youtube.com\/embed\/Lw1rdlVxXQ4?feature=oembed&enablejsapi=1&origin=https:\/\/wpml.org\" frameborder=\"0\" allow=\"accelerometer; autoplay; clipboard-write; encrypted-media; gyroscope; picture-in-picture\" allowfullscreen><\/iframe>"],"_oembed_time_c5805eb9f854cabdcc04201d2b76c30c":["1633599939"],"_oembed_8b192c37df925cacb831b3922e69595d":["<iframe title=\"Using WPML To Translate Pages Built With Fusion Builder (Avada Theme)\" width=\"700\" height=\"394\" src=\"https:\/\/www.youtube.com\/embed\/_bNqjjBPdGA?feature=oembed&enablejsapi=1&origin=https:\/\/wpml.org\" frameborder=\"0\" allow=\"accelerometer; autoplay; clipboard-write; encrypted-media; gyroscope; picture-in-picture\" allowfullscreen><\/iframe>"],"_oembed_time_8b192c37df925cacb831b3922e69595d":["1633599939"],"_oembed_bbf56b1d4c25ce11481afba39f176f85":["<iframe title=\"Using WPML to translate content created with page builders\" width=\"700\" height=\"394\" src=\"https:\/\/www.youtube.com\/embed\/MSqNzrdPMkE?feature=oembed&enablejsapi=1&origin=https:\/\/wpml.org\" frameborder=\"0\" allow=\"accelerometer; autoplay; clipboard-write; encrypted-media; gyroscope; picture-in-picture\" allowfullscreen><\/iframe>"],"_oembed_time_bbf56b1d4c25ce11481afba39f176f85":["1633599939"],"wpcf-unformatted-code":[""],"wpcf-price-increase-show-from":[""],"wpcf-price-increase-show-till":[""],"_wpml_media_duplicate":["0"],"toolset_post_editor_mode":["block"],"_yoast_wpseo_metadesc":["WPML te permite crear una P\u00e1gina ra\u00edz para tu sitio en todos los idiomas y directorios virtuales para cada idioma que s\u00f3lo son visibles en las URL."],"_uag_css_file_name":["uag-css-1154716.css"],"_uag_page_assets":["a:9:{s:3:\"css\";s:0:\"\";s:2:\"js\";s:0:\"\";s:18:\"current_block_list\";a:7:{i:0;s:14:\"core\/paragraph\";i:1;s:24:\"toolset-blocks\/container\";i:2;s:20:\"toolset-blocks\/image\";i:3;s:9:\"core\/list\";i:4;s:14:\"core\/list-item\";i:5;s:12:\"core\/heading\";i:6;s:14:\"core\/shortcode\";}s:8:\"uag_flag\";b:0;s:11:\"uag_version\";s:10:\"1778874407\";s:6:\"gfonts\";a:0:{}s:10:\"gfonts_url\";s:0:\"\";s:12:\"gfonts_files\";a:0:{}s:14:\"uag_faq_layout\";b:0;}"]},"uagb_featured_image_src":{"full":false,"thumbnail":false,"medium":false,"medium_large":false,"large":false,"1536x1536":false,"2048x2048":false,"gform-image-choice-sm":false,"gform-image-choice-md":false,"gform-image-choice-lg":false,"woocommerce_thumbnail":false,"woocommerce_single":false,"woocommerce_gallery_thumbnail":false},"uagb_author_info":{"display_name":"Amir","author_link":"https:\/\/wpml.org\/es\/author\/amir\/"},"uagb_comment_info":0,"uagb_excerpt":"WPML te permite crear una P\u00e1gina ra\u00edz espec\u00edfica para tu sitio. Esto significa que, independientemente de los idiomas disponibles en tu sitio, todos tus visitantes ver\u00e1n la misma p\u00e1gina de inicio. WPML te permite crear directorios virtuales para todos los idiomas, incluido el idioma por defecto. No se trata de directorios f\u00edsicos reales en la&hellip;","_links":{"self":[{"href":"https:\/\/wpml.org\/es\/wp-json\/wp\/v2\/pages\/1154716","targetHints":{"allow":["GET"]}}],"collection":[{"href":"https:\/\/wpml.org\/es\/wp-json\/wp\/v2\/pages"}],"about":[{"href":"https:\/\/wpml.org\/es\/wp-json\/wp\/v2\/types\/page"}],"author":[{"embeddable":true,"href":"https:\/\/wpml.org\/es\/wp-json\/wp\/v2\/users\/2"}],"replies":[{"embeddable":true,"href":"https:\/\/wpml.org\/es\/wp-json\/wp\/v2\/comments?post=1154716"}],"version-history":[{"count":5,"href":"https:\/\/wpml.org\/es\/wp-json\/wp\/v2\/pages\/1154716\/revisions"}],"predecessor-version":[{"id":15730108,"href":"https:\/\/wpml.org\/es\/wp-json\/wp\/v2\/pages\/1154716\/revisions\/15730108"}],"up":[{"embeddable":true,"href":"https:\/\/wpml.org\/es\/wp-json\/wp\/v2\/pages\/1373"}],"wp:attachment":[{"href":"https:\/\/wpml.org\/es\/wp-json\/wp\/v2\/media?parent=1154716"}],"wp:term":[{"taxonomy":"related-projects-category","embeddable":true,"href":"https:\/\/wpml.org\/es\/wp-json\/wp\/v2\/related-projects-category?post=1154716"}],"curies":[{"name":"wp","href":"https:\/\/api.w.org\/{rel}","templated":true}]}}