{"id":11870735,"date":"2022-02-22T08:57:45","date_gmt":"2022-02-22T08:57:45","guid":{"rendered":"https:\/\/wpml.org\/documentation-2\/traduccion-automatica-para-contenido-de-wordpress-con-wpml\/como-registrarse-al-sistema-de-pago-por-uso\/"},"modified":"2026-05-05T15:44:33","modified_gmt":"2026-05-05T15:44:33","slug":"como-registrarse-al-sistema-de-pago-por-uso","status":"publish","type":"page","link":"https:\/\/wpml.org\/es\/documentation-2\/traduccion-automatica-para-contenido-de-wordpress-con-wpml\/como-registrarse-al-sistema-de-pago-por-uso\/","title":{"rendered":"C\u00f3mo registrarse en Pago por uso"},"content":{"rendered":"\n<p class=\"lead\">Pagar por la traducci\u00f3n autom\u00e1tica a medida que la usas te permite traducir tu contenido y, despu\u00e9s, pagar las traducciones al final de mes. Tus primeros 2000 cr\u00e9ditos son gratis cada mes, y solo se te cobra por los cr\u00e9ditos que realmente usas. <\/p>\n\n<p>Utilizar el Pago por uso para la traducci\u00f3n autom\u00e1tica es la forma m\u00e1s asequible y flexible de traducir su sitio. Para registrarse, no necesita acceso a la cuenta de WPML.org. Cualquier usuario configurado como <a href=\"https:\/\/wpml.org\/documentation\/translating-your-contents\/working-with-translation-managers\/\">Gestor de traducci\u00f3n<\/a> en el sitio puede registrarse directamente sin tener que pasar por un desarrollador del sitio.  <\/p>\n\n<p>Para empezar con el pago por uso:<\/p>\n\n<ol class=\"wp-block-list\">\n<li>Vaya a <strong>WPML<\/strong> \u2192 <strong>Panel de traducci\u00f3n<\/strong>, haga clic en la pesta\u00f1a <strong>Pagos y mantenimiento<\/strong> y luego haga clic en el bot\u00f3n <strong>Activar Pago por uso<\/strong>.<\/li>\n<\/ol>\n\n<figure class=\"wp-block-image tb-image tb-image-dynamic tb-image-frame-none\" data-toolset-blocks-image=\"4d6e12ff933c6843503705d63f09b857\"><a href=\"https:\/\/wpml.org\/wp-content\/uploads\/2026\/03\/wpml-activate-pay-as-you-go.png\"><img decoding=\"async\" width=\"1903\" height=\"727\" loading=\"lazy\" src=\"https:\/\/wpml.org\/wp-content\/uploads\/2026\/03\/wpml-activate-pay-as-you-go.png\" alt=\"\" class=\"wp-image-17920657\" srcset=\"https:\/\/wpml.org\/wp-content\/uploads\/2026\/03\/wpml-activate-pay-as-you-go.png 1903w, https:\/\/wpml.org\/wp-content\/uploads\/2026\/03\/wpml-activate-pay-as-you-go-300x115.png 300w, https:\/\/wpml.org\/wp-content\/uploads\/2026\/03\/wpml-activate-pay-as-you-go-1024x391.png 1024w, https:\/\/wpml.org\/wp-content\/uploads\/2026\/03\/wpml-activate-pay-as-you-go-150x57.png 150w, https:\/\/wpml.org\/wp-content\/uploads\/2026\/03\/wpml-activate-pay-as-you-go-768x293.png 768w, https:\/\/wpml.org\/wp-content\/uploads\/2026\/03\/wpml-activate-pay-as-you-go-1536x587.png 1536w\" sizes=\"auto, (max-width: 1903px) 100vw, 1903px\" \/><\/a><figcaption><div class=\"tb-image-caption\">Activaci\u00f3n del Pago por uso en WPML<\/div><\/figcaption><\/figure>\n\n<ol start=\"2\" class=\"wp-block-list\">\n<li>En la p\u00e1gina de registro, a\u00f1ada su informaci\u00f3n de facturaci\u00f3n y confirme haciendo clic en <strong>Activar Pago por uso y continuar<\/strong>. \u00a1Ya est\u00e1 listo para empezar a traducir! <\/li>\n<\/ol>\n\n<figure class=\"wp-block-image tb-image tb-image-dynamic tb-image-frame-none\" data-toolset-blocks-image=\"f85b35725fa6e5a1e685c0f1a5b00dd2\"><a href=\"https:\/\/wpml.org\/wp-content\/uploads\/2026\/03\/wpml-pay-as-you-go-sign-up.png\"><img decoding=\"async\" width=\"1260\" height=\"674\" loading=\"lazy\" src=\"https:\/\/wpml.org\/wp-content\/uploads\/2026\/03\/wpml-pay-as-you-go-sign-up.png\" alt=\"\" class=\"wp-image-17920749\" srcset=\"https:\/\/wpml.org\/wp-content\/uploads\/2026\/03\/wpml-pay-as-you-go-sign-up.png 1260w, https:\/\/wpml.org\/wp-content\/uploads\/2026\/03\/wpml-pay-as-you-go-sign-up-300x160.png 300w, https:\/\/wpml.org\/wp-content\/uploads\/2026\/03\/wpml-pay-as-you-go-sign-up-1024x548.png 1024w, https:\/\/wpml.org\/wp-content\/uploads\/2026\/03\/wpml-pay-as-you-go-sign-up-150x80.png 150w, https:\/\/wpml.org\/wp-content\/uploads\/2026\/03\/wpml-pay-as-you-go-sign-up-768x411.png 768w\" sizes=\"auto, (max-width: 1260px) 100vw, 1260px\" \/><\/a><figcaption><div class=\"tb-image-caption\">Registro en el Pago por uso de WPML para la traducci\u00f3n autom\u00e1tica<\/div><\/figcaption><\/figure>\n\n<p>M\u00e1s informaci\u00f3n sobre los <a href=\"https:\/\/wpml.org\/es\/documentation-2\/traduccion-automatica-para-contenido-de-wordpress-con-wpml\/precios-del-servicio-de-traduccion-automatica\/\">precios de pago por uso<\/a> y <a href=\"https:\/\/wpml.org\/faq\/how-do-automatic-translation-account-invoices-work\/\">c\u00f3mo funcionan las facturas<\/a>.<\/p>\n\n<h2 class=\"wp-block-heading\">Pagos con tarjeta de cr\u00e9dito<\/h2>\n\n<p>Para registrarse en Pago por uso, necesitar\u00e1 una tarjeta de cr\u00e9dito. PayPal no es compatible en este momento. Cuando introduzca los datos de su tarjeta, WPML no los almacena; todo lo gestiona de forma segura Stripe.  <\/p>\n\n<h2 class=\"wp-block-heading\" id=\"paying-as-you-go-across-multiple-sites\">Pago por uso en varios sitios web<\/h2>\n\n<p>Si gestionas m\u00e1s de un sitio multiling\u00fce, puedes <a href=\"https:\/\/wpml.org\/documentation\/translating-your-contents\/advanced-translation-editor\/automatic-translation-subscription-for-multiple-sites\/\">pagar por uso en todos tus sitios registrados<\/a>. Esto te permite compartir tus cr\u00e9ditos de traducci\u00f3n autom\u00e1tica, glosario y memoria de traducci\u00f3n entre varios sitios, incluidos los subsitios en la misma configuraci\u00f3n multisitio. <\/p>\n\n<h2 class=\"wp-block-heading\" id=\"how-to-stop-paying-as-you-go\">C\u00f3mo dejar de pagar por uso<\/h2>\n\n<p>No est\u00e1s vinculado por un contrato y puedes dejar de pagar cuando quieras.<\/p>\n\n<p>Vaya a <strong>WPML<\/strong> \u2192 <strong>Panel de traducci\u00f3n<\/strong> y haga clic en la pesta\u00f1a <strong>Pagos y mantenimiento<\/strong>. En la secci\u00f3n <strong>detalles de la cuenta de Pago por uso<\/strong>, haga clic en el enlace <strong>Dejar de usar pago por uso<\/strong>.<\/p>\n\n<p>Recibir\u00e1s una factura final por los cr\u00e9ditos que hayas usado desde tu \u00faltima factura.<\/p>\n","protected":false},"excerpt":{"rendered":"<p>Pagar por la traducci\u00f3n autom\u00e1tica a medida que la usas te permite traducir tu contenido y, despu\u00e9s, pagar las traducciones al final de mes. Tus primeros 2000 cr\u00e9ditos son gratis cada mes, y solo se te cobra por los cr\u00e9ditos que realmente usas. Utilizar el Pago por uso para la traducci\u00f3n autom\u00e1tica es la forma [&hellip;]<\/p>\n","protected":false},"author":76577,"featured_media":0,"parent":4844549,"menu_order":19,"comment_status":"closed","ping_status":"closed","template":"template-nosidebar-centered.php","meta":{"_bbp_topic_count":0,"_bbp_reply_count":0,"_bbp_total_topic_count":0,"_bbp_total_reply_count":0,"_bbp_voice_count":0,"_bbp_anonymous_reply_count":0,"_bbp_topic_count_hidden":0,"_bbp_reply_count_hidden":0,"_bbp_forum_subforum_count":0,"_uag_custom_page_level_css":"","ep_exclude_from_search":false,"footnotes":""},"related-projects-category":[],"class_list":["post-11870735","page","type-page","status-publish","hentry"],"spectra_custom_meta":{"ratings_users":["0"],"ratings_score":["0"],"ratings_average":["0"],"_subscription_coupon_product_id":["0"],"_wpv_contains_gutenberg_views":[""],"_alp_processed":["1777995873"],"wpcf-unformatted-code":[""],"_wpml_media_duplicate":["1"],"_wpml_media_featured":["1"],"toolset_post_editor_mode":["block"],"wpcf-price-increase-show-from":[""],"wpcf-price-increase-show-till":[""],"_last_translation_edit_mode":["translation-editor"],"_oembed_920202e323cae5d4978973f8ff477cf1":["<iframe title=\"How to Activate Pay-As-You-Go Automatic Translation in WPML\" width=\"700\" height=\"394\" src=\"https:\/\/www.youtube.com\/embed\/QP0EH_nMy0k?feature=oembed\" frameborder=\"0\" allow=\"accelerometer; autoplay; clipboard-write; encrypted-media; gyroscope; picture-in-picture\" allowfullscreen><\/iframe>"],"_oembed_time_920202e323cae5d4978973f8ff477cf1":["1660635599"],"_wp_page_template":["template-nosidebar-centered.php"],"wpcf-price-increase-content":[""],"wpcf-login-box-title":[""],"wpcf-page-content":[""],"_oembed_bbf56b1d4c25ce11481afba39f176f85":["<iframe title=\"Using WPML to translate content created with page builders\" width=\"700\" height=\"394\" src=\"https:\/\/www.youtube.com\/embed\/MSqNzrdPMkE?feature=oembed&enablejsapi=1&origin=https:\/\/wpml.org\" frameborder=\"0\" allow=\"accelerometer; autoplay; clipboard-write; encrypted-media; gyroscope; picture-in-picture; web-share\" allowfullscreen><\/iframe>"],"_oembed_time_bbf56b1d4c25ce11481afba39f176f85":["1709545907"],"_wpml_word_count":["348"],"_uag_css_file_name":["uag-css-11870735.css"],"_uag_page_assets":["a:9:{s:3:\"css\";s:260:\".uag-blocks-common-selector{z-index:var(--z-index-desktop) !important}@media(max-width: 976px){.uag-blocks-common-selector{z-index:var(--z-index-tablet) !important}}@media(max-width: 767px){.uag-blocks-common-selector{z-index:var(--z-index-mobile) !important}}\";s:2:\"js\";s:0:\"\";s:18:\"current_block_list\";a:6:{i:0;s:14:\"core\/paragraph\";i:1;s:9:\"core\/list\";i:2;s:14:\"core\/list-item\";i:3;s:20:\"toolset-blocks\/image\";i:4;s:12:\"core\/heading\";i:5;s:14:\"core\/shortcode\";}s:8:\"uag_flag\";b:0;s:11:\"uag_version\";s:10:\"1778339913\";s:6:\"gfonts\";a:0:{}s:10:\"gfonts_url\";s:0:\"\";s:12:\"gfonts_files\";a:0:{}s:14:\"uag_faq_layout\";b:0;}"]},"uagb_featured_image_src":{"full":false,"thumbnail":false,"medium":false,"medium_large":false,"large":false,"1536x1536":false,"2048x2048":false,"gform-image-choice-sm":false,"gform-image-choice-md":false,"gform-image-choice-lg":false,"woocommerce_thumbnail":false,"woocommerce_single":false,"woocommerce_gallery_thumbnail":false},"uagb_author_info":{"display_name":"Dario","author_link":"https:\/\/wpml.org\/es\/author\/darioh\/"},"uagb_comment_info":0,"uagb_excerpt":"Pagar por la traducci\u00f3n autom\u00e1tica a medida que la usas te permite traducir tu contenido y, despu\u00e9s, pagar las traducciones al final de mes. Tus primeros 2000 cr\u00e9ditos son gratis cada mes, y solo se te cobra por los cr\u00e9ditos que realmente usas. Utilizar el Pago por uso para la traducci\u00f3n autom\u00e1tica es la forma&hellip;","_links":{"self":[{"href":"https:\/\/wpml.org\/es\/wp-json\/wp\/v2\/pages\/11870735","targetHints":{"allow":["GET"]}}],"collection":[{"href":"https:\/\/wpml.org\/es\/wp-json\/wp\/v2\/pages"}],"about":[{"href":"https:\/\/wpml.org\/es\/wp-json\/wp\/v2\/types\/page"}],"author":[{"embeddable":true,"href":"https:\/\/wpml.org\/es\/wp-json\/wp\/v2\/users\/76577"}],"replies":[{"embeddable":true,"href":"https:\/\/wpml.org\/es\/wp-json\/wp\/v2\/comments?post=11870735"}],"version-history":[{"count":8,"href":"https:\/\/wpml.org\/es\/wp-json\/wp\/v2\/pages\/11870735\/revisions"}],"predecessor-version":[{"id":18014689,"href":"https:\/\/wpml.org\/es\/wp-json\/wp\/v2\/pages\/11870735\/revisions\/18014689"}],"up":[{"embeddable":true,"href":"https:\/\/wpml.org\/es\/wp-json\/wp\/v2\/pages\/4844549"}],"wp:attachment":[{"href":"https:\/\/wpml.org\/es\/wp-json\/wp\/v2\/media?parent=11870735"}],"wp:term":[{"taxonomy":"related-projects-category","embeddable":true,"href":"https:\/\/wpml.org\/es\/wp-json\/wp\/v2\/related-projects-category?post=11870735"}],"curies":[{"name":"wp","href":"https:\/\/api.w.org\/{rel}","templated":true}]}}