{"id":12120599,"date":"2022-09-15T06:36:08","date_gmt":"2022-09-15T06:36:08","guid":{"rendered":"https:\/\/wpml.org\/purchase\/renovacion-de-wpml-como-funciona-y-que-pasa-si-no-renueva\/"},"modified":"2026-04-22T15:42:05","modified_gmt":"2026-04-22T15:42:05","slug":"renovacion-de-wpml-como-funciona-y-que-pasa-si-no-renueva","status":"publish","type":"page","link":"https:\/\/wpml.org\/es\/purchase\/renovacion-de-wpml-como-funciona-y-que-pasa-si-no-renueva\/","title":{"rendered":"Renovaciones de WPML"},"content":{"rendered":"\n<div class=\"wp-block-toolset-blocks-container tb-container alignfull\" data-toolset-blocks-container=\"fc8d2aa82106d329ae904413f0960ef9\"><div class=\"tb-container-inner\">\n<div class=\"wp-block-toolset-blocks-grid tb-grid\" data-toolset-blocks-grid=\"39038e72c7b2df1b8a5c57af96f915d6\">\n<div class=\"wp-block-toolset-blocks-grid-column tb-grid-column tb-grid-align-center\" data-toolset-blocks-grid-column=\"f586ff7bfe1d7317c63162ec7b7039ed\">\n<h1 class=\"tb-heading has-text-color\" data-toolset-blocks-heading=\"415760732ef66df37e1713d118e7d93d\" data-last-update=\"1.4\">Renovaciones de WPML<\/h1>\n\n\n\n<div class=\"tb-fields-and-text\" data-toolset-blocks-fields-and-text=\"dc100ae563ee26e223a5d75993da1a4e\"><p><span style=\"font-weight: 400;\">Renovar WPML mantiene su sitio web seguro, evita que deje de funcionar cuando salgan actualizaciones de WordPress y garantiza que WPML siempre funcione.<\/span><\/p><\/div>\n\n\n\n<div class=\"tb-button\" data-toolset-blocks-button=\"3f5cb58304a741dd7ef6e91b6aaeb95b\"><a class=\"tb-button__link\" href=\"#renew-wpml\"><span class=\"tb-button__content\">Renovar mi cuenta<\/span><i class=\"tb-button__icon\"><\/i><\/a><\/div>\n<\/div>\n\n\n\n<div class=\"wp-block-toolset-blocks-grid-column tb-grid-column tb-grid-align-top\" data-toolset-blocks-grid-column=\"3034fbe886c11054e95b46b09d3e4112\"><div class=\"wp-block-image\">\n<figure class=\" tb-image tb-image-dynamic tb-image-frame-none aligncenter\" data-toolset-blocks-image=\"0d855ff1ba944aa1655a9ba8ebc1dee3\"><img decoding=\"async\" width=\"605\" height=\"543\" loading=\"lazy\" src=\"https:\/\/wpml.org\/wp-content\/uploads\/2024\/11\/img-1-min.png\" alt=\"\" class=\"wp-image-16367007\" srcset=\"https:\/\/wpml.org\/wp-content\/uploads\/2024\/11\/img-1-min.png 605w, https:\/\/wpml.org\/wp-content\/uploads\/2024\/11\/img-1-min-300x269.png 300w, https:\/\/wpml.org\/wp-content\/uploads\/2024\/11\/img-1-min-150x135.png 150w\" sizes=\"auto, (max-width: 605px) 100vw, 605px\" \/><\/figure>\n<\/div><\/div>\n<\/div>\n<\/div><\/div>\n\n<div class=\"wp-block-toolset-blocks-container tb-container\" data-toolset-blocks-container=\"7a6ae5a2fdbcfb671737dff1d7fc2d17\"><div class=\"tb-container-inner\">\n<h2 class=\"tb-heading has-text-color\" data-toolset-blocks-heading=\"d75fcd62e73a51f64a3177fe7b033435\" data-last-update=\"1.4\">Ventajas de la renovaci\u00f3n<\/h2>\n\n\n\n<div class=\"wp-block-toolset-blocks-grid tb-grid\" data-toolset-blocks-grid=\"0ee53de61aa8541b5f8c6e136a129062\">\n<div class=\"wp-block-toolset-blocks-grid-column tb-grid-column\" data-toolset-blocks-grid-column=\"c777ff47b88bccde2288392889584581\">\n<div class=\"wp-block-toolset-blocks-container tb-container\" data-toolset-blocks-container=\"7eb4078d55be244546f812efa0213233\">\n<div class=\"wp-block-toolset-blocks-container tb-container\" data-toolset-blocks-container=\"f0feeef213a928c481d5a878e68f6ab9\"><\/div>\n\n\n\n<div class=\"wp-block-toolset-blocks-container tb-container\" data-toolset-blocks-container=\"4562bb7f50514de52ca267d05ac7ce1a\">\n<p class=\"tb-heading has-text-color\" data-toolset-blocks-heading=\"0827eb14e25db5fe9ecb993108aaf87f\" data-last-update=\"1.4\"><strong>Traducir con WPML<\/strong><\/p>\n\n\n\n<p class=\"tb-heading has-text-color\" data-toolset-blocks-heading=\"24ac9e8ddc1793cbb331be1edd5d28be\" data-last-update=\"1.4\">Siga usando WPML y conserve todas sus traducciones<\/p>\n<\/div>\n\n\n\n<div class=\"wp-block-toolset-blocks-container tb-container\" data-toolset-blocks-container=\"4562bb7f50514de52ca267d05ac7ce1a\">\n<p class=\"tb-heading has-text-color\" data-toolset-blocks-heading=\"0827eb14e25db5fe9ecb993108aaf87f\" data-last-update=\"1.4\"><strong>Actualizaciones de compatibilidad<\/strong><\/p>\n\n\n\n<p class=\"tb-heading has-text-color\" data-toolset-blocks-heading=\"24ac9e8ddc1793cbb331be1edd5d28be\" data-last-update=\"1.4\">Reciba actualizaciones peri\u00f3dicas antes de las versiones de WordPress<\/p>\n<\/div>\n\n\n\n<div class=\"wp-block-toolset-blocks-container tb-container\" data-toolset-blocks-container=\"4562bb7f50514de52ca267d05ac7ce1a\">\n<p class=\"tb-heading has-text-color\" data-toolset-blocks-heading=\"0827eb14e25db5fe9ecb993108aaf87f\" data-last-update=\"1.4\"><strong>Soporte<\/strong><\/p>\n\n\n\n<p class=\"tb-heading has-text-color\" data-toolset-blocks-heading=\"24ac9e8ddc1793cbb331be1edd5d28be\" data-last-update=\"1.4\">Obtenga ayuda de nuestro equipo de soporte<\/p>\n<\/div>\n\n\n\n<div class=\"wp-block-toolset-blocks-container tb-container\" data-toolset-blocks-container=\"4562bb7f50514de52ca267d05ac7ce1a\">\n<p class=\"tb-heading has-text-color\" data-toolset-blocks-heading=\"0827eb14e25db5fe9ecb993108aaf87f\" data-last-update=\"1.4\"><strong>Recargas de cr\u00e9ditos<\/strong><\/p>\n\n\n\n<p class=\"tb-heading has-text-color\" data-toolset-blocks-heading=\"24ac9e8ddc1793cbb331be1edd5d28be\" data-last-update=\"1.4\">Obtenga cr\u00e9ditos gratis cuando se renueve su cuenta<\/p>\n<\/div>\n\n\n\n<div class=\"wp-block-toolset-blocks-container tb-container\" data-toolset-blocks-container=\"4562bb7f50514de52ca267d05ac7ce1a\">\n<p class=\"tb-heading has-text-color\" data-toolset-blocks-heading=\"0827eb14e25db5fe9ecb993108aaf87f\" data-last-update=\"1.4\"><strong>Registrar WPML en nuevos sitios<\/strong><\/p>\n\n\n\n<p class=\"tb-heading has-text-color\" data-toolset-blocks-heading=\"24ac9e8ddc1793cbb331be1edd5d28be\" data-last-update=\"1.4\">Siga instalando WPML en nuevos sitios web<\/p>\n<\/div>\n<\/div>\n<\/div>\n\n\n\n<div class=\"wp-block-toolset-blocks-grid-column tb-grid-column tb-grid-align-top\" data-toolset-blocks-grid-column=\"3034fbe886c11054e95b46b09d3e4112\">\n<div class=\"wp-block-toolset-blocks-container tb-container\" data-toolset-blocks-container=\"d86653a2d26876b3e2a6aba0093581aa\">\n<div class=\"wp-block-toolset-blocks-container tb-container\" data-toolset-blocks-container=\"9f66c40ed9b5fdacfc4286d120b702c7\">\n<p class=\"tb-heading has-text-color\" data-toolset-blocks-heading=\"ac39eeff1e96129d91de7bdab8fc0540\" data-last-update=\"1.4\">Cuenta activa<\/p>\n<\/div>\n\n\n\n<div class=\"wp-block-toolset-blocks-container tb-container\" data-toolset-blocks-container=\"6b466e726ef96ac8f2ff092044064d30\">\n<div class=\"wp-block-toolset-blocks-container tb-container\" data-toolset-blocks-container=\"4c1e644b100a7cd79ae08b214443135d\"><\/div>\n\n\n\n<p class=\"tb-heading has-text-color\" data-toolset-blocks-heading=\"066ff0eb7301bfcc7c8c82495ec49f7a\" data-last-update=\"1.4\">Traducir con WPML<\/p>\n<\/div>\n\n\n\n<div class=\"wp-block-toolset-blocks-container tb-container\" data-toolset-blocks-container=\"6b466e726ef96ac8f2ff092044064d30\">\n<div class=\"wp-block-toolset-blocks-container tb-container\" data-toolset-blocks-container=\"4c1e644b100a7cd79ae08b214443135d\"><\/div>\n\n\n\n<p class=\"tb-heading has-text-color\" data-toolset-blocks-heading=\"066ff0eb7301bfcc7c8c82495ec49f7a\" data-last-update=\"1.4\">Actualizaciones de compatibilidad<\/p>\n<\/div>\n\n\n\n<div class=\"wp-block-toolset-blocks-container tb-container\" data-toolset-blocks-container=\"6b466e726ef96ac8f2ff092044064d30\">\n<div class=\"wp-block-toolset-blocks-container tb-container\" data-toolset-blocks-container=\"4c1e644b100a7cd79ae08b214443135d\"><\/div>\n\n\n\n<p class=\"tb-heading has-text-color\" data-toolset-blocks-heading=\"066ff0eb7301bfcc7c8c82495ec49f7a\" data-last-update=\"1.4\">Soporte<\/p>\n<\/div>\n\n\n\n<div class=\"wp-block-toolset-blocks-container tb-container\" data-toolset-blocks-container=\"6b466e726ef96ac8f2ff092044064d30\">\n<div class=\"wp-block-toolset-blocks-container tb-container\" data-toolset-blocks-container=\"4c1e644b100a7cd79ae08b214443135d\"><\/div>\n\n\n\n<p class=\"tb-heading has-text-color\" data-toolset-blocks-heading=\"066ff0eb7301bfcc7c8c82495ec49f7a\" data-last-update=\"1.4\">Recargas de cr\u00e9ditos<\/p>\n<\/div>\n\n\n\n<div class=\"wp-block-toolset-blocks-container tb-container\" data-toolset-blocks-container=\"1e636e193165ce3af2c00312087c07c3\">\n<div class=\"wp-block-toolset-blocks-container tb-container\" data-toolset-blocks-container=\"4c1e644b100a7cd79ae08b214443135d\"><\/div>\n\n\n\n<p class=\"tb-heading has-text-color\" data-toolset-blocks-heading=\"066ff0eb7301bfcc7c8c82495ec49f7a\" data-last-update=\"1.4\">Registrar WPML en nuevos sitios<\/p>\n<\/div>\n<\/div>\n<\/div>\n\n\n\n<div class=\"wp-block-toolset-blocks-grid-column tb-grid-column tb-grid-align-top\" data-toolset-blocks-grid-column=\"3034fbe886c11054e95b46b09d3e4112\">\n<div class=\"wp-block-toolset-blocks-container tb-container\" data-toolset-blocks-container=\"b6e68f76113613cbae24c92d22b96508\">\n<div class=\"wp-block-toolset-blocks-container tb-container\" data-toolset-blocks-container=\"cc15e079305115ef004ae52708640087\">\n<p class=\"tb-heading has-text-color\" data-toolset-blocks-heading=\"ac39eeff1e96129d91de7bdab8fc0540\" data-last-update=\"1.4\">Cuenta caducada<\/p>\n<\/div>\n\n\n\n<div class=\"wp-block-toolset-blocks-container tb-container\" data-toolset-blocks-container=\"ce852b3c7ae437d6bc69191b1631da45\">\n<div class=\"wp-block-toolset-blocks-container tb-container\" data-toolset-blocks-container=\"4c1e644b100a7cd79ae08b214443135d\"><\/div>\n\n\n\n<p class=\"tb-heading has-text-color\" data-toolset-blocks-heading=\"066ff0eb7301bfcc7c8c82495ec49f7a\" data-last-update=\"1.4\">Traducir con WPML<\/p>\n<\/div>\n\n\n\n<div class=\"wp-block-toolset-blocks-container tb-container\" data-toolset-blocks-container=\"ce852b3c7ae437d6bc69191b1631da45\">\n<div class=\"wp-block-toolset-blocks-container tb-container\" data-toolset-blocks-container=\"f02b797b61bfb4dc15c841a611f765e9\"><\/div>\n\n\n\n<p class=\"tb-heading has-text-color\" data-toolset-blocks-heading=\"066ff0eb7301bfcc7c8c82495ec49f7a\" data-last-update=\"1.4\">Actualizaciones de compatibilidad<\/p>\n<\/div>\n\n\n\n<div class=\"wp-block-toolset-blocks-container tb-container\" data-toolset-blocks-container=\"ce852b3c7ae437d6bc69191b1631da45\">\n<div class=\"wp-block-toolset-blocks-container tb-container\" data-toolset-blocks-container=\"f02b797b61bfb4dc15c841a611f765e9\"><\/div>\n\n\n\n<p class=\"tb-heading has-text-color\" data-toolset-blocks-heading=\"066ff0eb7301bfcc7c8c82495ec49f7a\" data-last-update=\"1.4\">Soporte<\/p>\n<\/div>\n\n\n\n<div class=\"wp-block-toolset-blocks-container tb-container\" data-toolset-blocks-container=\"ce852b3c7ae437d6bc69191b1631da45\">\n<div class=\"wp-block-toolset-blocks-container tb-container\" data-toolset-blocks-container=\"f02b797b61bfb4dc15c841a611f765e9\"><\/div>\n\n\n\n<p class=\"tb-heading has-text-color\" data-toolset-blocks-heading=\"066ff0eb7301bfcc7c8c82495ec49f7a\" data-last-update=\"1.4\">Recargas de cr\u00e9ditos<\/p>\n<\/div>\n\n\n\n<div class=\"wp-block-toolset-blocks-container tb-container\" data-toolset-blocks-container=\"1e636e193165ce3af2c00312087c07c3\">\n<div class=\"wp-block-toolset-blocks-container tb-container\" data-toolset-blocks-container=\"f02b797b61bfb4dc15c841a611f765e9\"><\/div>\n\n\n\n<p class=\"tb-heading has-text-color\" data-toolset-blocks-heading=\"066ff0eb7301bfcc7c8c82495ec49f7a\" data-last-update=\"1.4\">Registrar WPML en nuevos sitios<\/p>\n<\/div>\n<\/div>\n<\/div>\n<\/div>\n<\/div><\/div>\n\n<div class=\"wp-block-toolset-blocks-container tb-container\" data-toolset-blocks-container=\"e65048833a949a6393bcf2d55656d528\"><div class=\"tb-container-inner\">\n<h2 id=\"renew-wpml\" class=\"tb-heading has-text-color\" data-toolset-blocks-heading=\"73941e21fda40c58799714bd31f5acd8\" data-last-update=\"1.4\">C\u00f3mo renovar WPML<\/h2>\n\n\n\n<div class=\"wp-block-toolset-blocks-grid tb-grid\" data-toolset-blocks-grid=\"8ea5865c429595b71917a429796edf70\">\n<div class=\"wp-block-toolset-blocks-grid-column tb-grid-column tb-grid-align-top\" data-toolset-blocks-grid-column=\"89e1e0dc39d3e98fead7c4090a01f1bc\">\n<p class=\"tb-heading has-text-color has-background wa aligncenter\" data-toolset-blocks-heading=\"273107ffbd4dd1c4671a651a69c7655a\" data-last-update=\"1.4\">Paso 1<\/p>\n\n\n\n<p class=\"tb-heading has-text-color\" data-toolset-blocks-heading=\"659dd5913ccccf4c54a2a438a35416f5\" data-last-update=\"1.4\">Inicie sesi\u00f3n en su <a href=\"https:\/\/wpml.org\/es\/account\/\">cuenta de WPML<\/a> caducada<\/p>\n<\/div>\n\n\n\n<div class=\"wp-block-toolset-blocks-grid-column tb-grid-column tb-grid-align-top\" data-toolset-blocks-grid-column=\"89e1e0dc39d3e98fead7c4090a01f1bc\">\n<p class=\"tb-heading has-text-color has-background wa aligncenter\" data-toolset-blocks-heading=\"273107ffbd4dd1c4671a651a69c7655a\" data-last-update=\"1.4\">Paso 2<\/p>\n\n\n\n<p class=\"tb-heading has-text-color\" data-toolset-blocks-heading=\"e49c26538802030c4b291cb432b9921c\" data-last-update=\"1.4\">Haga clic en <strong>Renovar su cuenta<\/strong> en el aviso<\/p>\n<\/div>\n\n\n\n<div class=\"wp-block-toolset-blocks-grid-column tb-grid-column tb-grid-align-top\" data-toolset-blocks-grid-column=\"89e1e0dc39d3e98fead7c4090a01f1bc\">\n<p class=\"tb-heading has-text-color has-background wa aligncenter\" data-toolset-blocks-heading=\"273107ffbd4dd1c4671a651a69c7655a\" data-last-update=\"1.4\">Paso 3<\/p>\n\n\n\n<p class=\"tb-heading has-text-color\" data-toolset-blocks-heading=\"e49c26538802030c4b291cb432b9921c\" data-last-update=\"1.4\">Complete el proceso de compra y pague<\/p>\n<\/div>\n<\/div>\n<\/div><\/div>\n\n<div style=\"height:20px\" aria-hidden=\"true\" class=\"wp-block-spacer\"><\/div>\n\n<div class=\"wp-block-toolset-blocks-container tb-container\" data-toolset-blocks-container=\"9aa1ac579f2c88c7aaf6219534e4b8ea\"><div class=\"tb-container-inner\">\n<div id=\"FAQ\" class=\"wp-block-toolset-blocks-container tb-container\" data-toolset-blocks-container=\"b85bbea7fba27be991aa0c24c63aa6ba\">\n<h3 class=\"tb-heading has-text-color\" data-toolset-blocks-heading=\"9577dea7d75d2ba21e3ec7d0eadf3c94\" data-last-update=\"1.4\">Preguntas frecuentes<\/h3>\n\n\n\n<div class=\"wp-block-toolset-blocks-container tb-container\" data-toolset-blocks-container=\"b58d71c6b23adcf044605babd02164c4\">\n<div id=\"what-is-a-credit-lnk\" class=\"tb-fields-and-text\" data-toolset-blocks-fields-and-text=\"af636384927fde30cddd30da1d57c590\"><p><a class=\"anchorlink btn btn-primary no-underline\" role=\"button\" href=\"#renewals-credits\" data-toggle=\"collapse\" aria-expanded=\"false\" aria-controls=\"collapseExample\" style=\"   color: #373737; font-weight: bold;\">\u00bfQu\u00e9 son las recargas de cr\u00e9ditos?<\/a><\/p><\/div>\n\n\n\n<div id=\"renewals-credits\" class=\"wp-block-toolset-blocks-container tb-container collapse\" data-toolset-blocks-container=\"543a6cca6897caf680dd72ddca86f52c\">\n<div class=\"wp-block-toolset-blocks-container tb-container card-body card\" data-toolset-blocks-container=\"4709f8ae6b8c27d262b7a97685dda302\">\n<div class=\"wp-block-toolset-blocks-grid tb-grid\" data-toolset-blocks-grid=\"e9d2b9c7255d69a7c46b00fef2b535e9\">\n<div class=\"wp-block-toolset-blocks-grid-column tb-grid-column tb-grid-align-center\" data-toolset-blocks-grid-column=\"f586ff7bfe1d7317c63162ec7b7039ed\">\n<div class=\"tb-video\"><video autoplay=\"\" playsinline=\"\" loop=\"\" muted=\"\" data-src=\"https:\/\/wpml.org\/wp-content\/uploads\/2023\/07\/Video-renew-WPML-1.mp4\" data-toolset-blocks-video=\"6e01a70e0c5e31ccf7d44b670e33d470\"><\/video><\/div>\n<\/div>\n\n\n\n<div class=\"wp-block-toolset-blocks-grid-column tb-grid-column tb-grid-align-center\" data-toolset-blocks-grid-column=\"f586ff7bfe1d7317c63162ec7b7039ed\">\n<div class=\"tb-fields-and-text product-page-content\" data-toolset-blocks-fields-and-text=\"934dc2c72b193267729e3c3ffd4c5a0c\"><div class=\"wp-block-toolset-blocks-grid tb-grid product-page-content\" data-toolset-blocks-grid=\"1151edddf677d57865be04c77ac1cb97\">\n  <div class=\"wp-block-toolset-blocks-grid-column tb-grid-column tb-grid-align-center\" data-toolset-blocks-grid-column=\"f586ff7bfe1d7317c63162ec7b7039ed\">\n    <p>Cada vez que renueva WPML, reponemos su saldo de cr\u00e9ditos de traducci\u00f3n hasta un l\u00edmite determinado:  <\/p>\n    <ul class=\"wp-block-list\">\n      <li><strong>Multilingual CMS<\/strong> \u2013 hasta 90.000 cr\u00e9ditos <\/li>\n      <li><strong>Multilingual Agency<\/strong> \u2013 hasta 180.000 cr\u00e9ditos<\/li>\n    <\/ul>\n  <\/div>\n<\/div><\/div>\n<\/div>\n<\/div>\n\n\n\n<p class=\"tb-heading\" data-toolset-blocks-heading=\"8421bda8b50dfb8caa6445075e894f0b\" data-last-update=\"1.4\">Por ejemplo, si tiene un plan <strong>Multilingual CMS<\/strong> con 33.000 cr\u00e9ditos restantes, recibir\u00e1 57.000 cr\u00e9ditos al renovar WPML. <\/p>\n<\/div>\n<\/div>\n<\/div>\n\n\n\n<div class=\"wp-block-toolset-blocks-container tb-container\" data-toolset-blocks-container=\"b58d71c6b23adcf044605babd02164c4\">\n<div id=\"calculate-your-cost-lnk\" class=\"tb-fields-and-text\" data-toolset-blocks-fields-and-text=\"83b909202873c48f1a431dcfe7e3fd31\"><p><a class=\"anchorlink btn btn-primary no-underline\" role=\"button\" href=\"#payment-method\" data-toggle=\"collapse\" aria-expanded=\"false\" aria-controls=\"collapseExample\" style=\"   color: #373737; font-weight: bold;\">\u00bfPuedo transferir las renovaciones a mis clientes?<\/a><\/p><\/div>\n\n\n\n<div id=\"payment-method\" class=\"wp-block-toolset-blocks-container tb-container collapse\" data-toolset-blocks-container=\"dec7797e6ac58ce5e9c9a487f19f3a9d\">\n<div class=\"wp-block-toolset-blocks-container tb-container card-body card\" data-toolset-blocks-container=\"4709f8ae6b8c27d262b7a97685dda302\">\n<p class=\"tb-heading\" data-toolset-blocks-heading=\"8421bda8b50dfb8caa6445075e894f0b\" data-last-update=\"1.4\">A partir del 13 de enero de 2026, no es posible transferir las renovaciones a sus clientes. Las transferencias realizadas antes de esa fecha seguir\u00e1n funcionando para los usuarios finales existentes.  Si su cliente quiere hacerse cargo de un sitio que usted ha creado para \u00e9l, debe <a href=\"https:\/\/wpml.org\/purchase\/paying-wpml-renewal-for-my-site\/\">comprar una suscripci\u00f3n a WPML y volver a registrar el sitio<\/a>. <\/p>\n<\/div>\n<\/div>\n<\/div>\n<\/div>\n<\/div><\/div>\n","protected":false},"excerpt":{"rendered":"","protected":false},"author":204756,"featured_media":0,"parent":6197,"menu_order":0,"comment_status":"closed","ping_status":"closed","template":"template-full.php","meta":{"_bbp_topic_count":0,"_bbp_reply_count":0,"_bbp_total_topic_count":0,"_bbp_total_reply_count":0,"_bbp_voice_count":0,"_bbp_anonymous_reply_count":0,"_bbp_topic_count_hidden":0,"_bbp_reply_count_hidden":0,"_bbp_forum_subforum_count":0,"ep_exclude_from_search":false,"footnotes":""},"related-projects-category":[],"class_list":["post-12120599","page","type-page","status-publish","hentry"],"_links":{"self":[{"href":"https:\/\/wpml.org\/es\/wp-json\/wp\/v2\/pages\/12120599","targetHints":{"allow":["GET"]}}],"collection":[{"href":"https:\/\/wpml.org\/es\/wp-json\/wp\/v2\/pages"}],"about":[{"href":"https:\/\/wpml.org\/es\/wp-json\/wp\/v2\/types\/page"}],"author":[{"embeddable":true,"href":"https:\/\/wpml.org\/es\/wp-json\/wp\/v2\/users\/204756"}],"replies":[{"embeddable":true,"href":"https:\/\/wpml.org\/es\/wp-json\/wp\/v2\/comments?post=12120599"}],"version-history":[{"count":8,"href":"https:\/\/wpml.org\/es\/wp-json\/wp\/v2\/pages\/12120599\/revisions"}],"predecessor-version":[{"id":17988389,"href":"https:\/\/wpml.org\/es\/wp-json\/wp\/v2\/pages\/12120599\/revisions\/17988389"}],"up":[{"embeddable":true,"href":"https:\/\/wpml.org\/es\/wp-json\/wp\/v2\/pages\/6197"}],"wp:attachment":[{"href":"https:\/\/wpml.org\/es\/wp-json\/wp\/v2\/media?parent=12120599"}],"wp:term":[{"taxonomy":"related-projects-category","embeddable":true,"href":"https:\/\/wpml.org\/es\/wp-json\/wp\/v2\/related-projects-category?post=12120599"}],"curies":[{"name":"wp","href":"https:\/\/api.w.org\/{rel}","templated":true}]}}