{"id":1374,"date":"2011-08-21T21:57:21","date_gmt":"2011-08-21T21:57:21","guid":{"rendered":"http:\/\/wpml.org\/soporte\/depurar-wpml\/"},"modified":"2022-08-08T11:18:11","modified_gmt":"2022-08-08T11:18:11","slug":"depurar-wpml","status":"publish","type":"page","link":"https:\/\/wpml.org\/es\/documentation-2\/soporte\/depurar-wpml\/","title":{"rendered":"Depuraci\u00f3n de WPML"},"content":{"rendered":"<h2>Activaci\u00f3n de la funci\u00f3n de depuraci\u00f3n integrada en WordPress<\/h2>\n<p>WordPress incluye un modo de depuraci\u00f3n que ayuda a detectar problemas de PHP.<\/p>\n<p>Para activarla, debe abrir el archivo <strong>wp-config.php<\/strong> y buscar <strong>define(&#8216;WP_DEBUG&#8217;, false);<\/strong>. Cambiarlo a:<\/p>\n<pre>define('WP_DEBUG', true);<\/pre>\n<p>Para habilitar el registro de error en un archivo del servidor, debe agregar una l\u00ednea similar m\u00e1s:<\/p>\n<pre>define( 'WP_DEBUG_LOG', true );<\/pre>\n<p>En este caso, los errores se guardar\u00e1n en un archivo de registro <strong><tt>debug.log<\/tt><\/strong> dentro del <strong><tt>directorio <\/tt><\/strong>\/wp-content\/.<\/p>\n<p>A menos que desee mostrar los errores en la p\u00e1gina cuando las personas visiten su sitio web, deber\u00e1 agregar esta l\u00ednea inmediatamente despu\u00e9s de la l\u00ednea arriba mencionada.<\/p>\n<pre>define( 'WP_DEBUG_DISPLAY', false );<\/pre>\n<p>El archivo <strong>wp-config.php<\/strong> se encuentra ubicado en el directorio ra\u00edz de WordPress. Es el mismo archivo que contiene los ajustes de configuraci\u00f3n de la base de datos. Para poder editarlo, deber\u00e1 acceder al mismo mediante FTP o SFTP.<\/p>\n<p>Si abre el archivo <strong>wp-config.php<\/strong> y la instrucci\u00f3n de definici\u00f3n no se encuentra en el mismo, podr\u00e1 agregarla justo antes de esta l\u00ednea:<\/p>\n<pre>\/* That's all, stop editing! Happy blogging. *\/<\/pre>\n<p>Tenga presente que ver\u00e1 todo los mensajes, no solamente los relacionados con WPML. Probablemente, esto incluir\u00e1 mensajes de otros plugins, de su tema e incluso del n\u00facleo de WordPress. Los mensajes aparecen en todas partes.. A veces, se encuentran en la parte superior, pero tambi\u00e9n pueden aparecer en el medio de la p\u00e1gina.<\/p>\n<h2>C\u00f3mo enviar el informe de errores.<\/h2>\n<p>Para enviar informe de errores, lo mejor es hacerlo a trav\u00e9s de nuestro <a href=\"https:\/\/wpml.org\/forums\/forum\/english-support\/\">foro de soporte t\u00e9cnico<\/a>. Los miembros del equipo de soporte de WPML leen todas las publicaciones y responden r\u00e1pidamente. Ellos notificar\u00e1n al equipo de desarrollo de WPML para evaluar y atender correctamente cualquier informe de error que nos env\u00eden. Si desea obtener notificaciones por email sobre comentarios en su hilo, deber\u00e1 suscribirse para recibir nuestras respuestas cuando est\u00e9n disponibles.<\/p>\n<h3>C\u00f3mo enviar un archivo de registro de errores a nuestro equipo de soporte.<\/h3>\n<p>En la mayor\u00eda de los casos, podr\u00e1 encontrar el archivo <strong>debug.log<\/strong> en la carpeta <strong>wp-content<\/strong>. Para obtener el archivo <strong>debug.log<\/strong> debe utilizar FTP u otro m\u00e9todo, seg\u00fan los ajustes de su servidor. Podr\u00e1 enviarnos su contenido.<\/p>\n<h3>C\u00f3mo enviar registro de comunicaciones al equipo de soporte.<\/h3>\n<p>En la p\u00e1gina <strong>WPML <\/strong>-&gt; <strong>Soporte,<\/strong> encontrar\u00e1 su registro de comunicaciones. En esta p\u00e1gina, deber\u00e1 hacer clic en el enlace de registro de comunicaciones. Luego, deber\u00e1 copiar la informaci\u00f3n del registro y proporcionarla en el foro cuando la solicite el equipo de soporte de WPML.<\/p>\n<figure id=\"attachment_4763347\" aria-describedby=\"caption-attachment-4763347\" style=\"width: 714px\" class=\"wp-caption aligncenter\"><a href=\"https:\/\/wpml.org\/wp-content\/uploads\/2019\/10\/wpml-communication-log.png\"><img decoding=\"async\" class=\"img-border wp-image-4763347 size-full\" src=\"https:\/\/wpml.org\/wp-content\/uploads\/2019\/10\/wpml-communication-log.png\" alt=\"Acceso a la p\u00e1gina de registro de comunicaciones\" width=\"714\" height=\"487\" srcset=\"https:\/\/wpml.org\/wp-content\/uploads\/2019\/10\/wpml-communication-log.png 714w, https:\/\/wpml.org\/wp-content\/uploads\/2019\/10\/wpml-communication-log-150x102.png 150w, https:\/\/wpml.org\/wp-content\/uploads\/2019\/10\/wpml-communication-log-300x205.png 300w\" sizes=\"(max-width: 714px) 100vw, 714px\" \/><\/a><figcaption id=\"caption-attachment-4763347\" class=\"wp-caption-text\">Acceso a la p\u00e1gina de registro de comunicaciones<\/figcaption><\/figure>\n<p>&nbsp;<\/p>\n","protected":false},"excerpt":{"rendered":"<p>Activaci\u00f3n de la funci\u00f3n de depuraci\u00f3n integrada en WordPress WordPress incluye un modo de depuraci\u00f3n que ayuda a detectar problemas de PHP. Para activarla, debe abrir el archivo wp-config.php y buscar define(&#8216;WP_DEBUG&#8217;, false);. Cambiarlo a: define(&#8216;WP_DEBUG&#8217;, true); Para habilitar el registro de error en un archivo del servidor, debe agregar una l\u00ednea similar m\u00e1s: define( [&hellip;]<\/p>\n","protected":false},"author":2,"featured_media":0,"parent":1088,"menu_order":53,"comment_status":"closed","ping_status":"closed","template":"","meta":{"_bbp_topic_count":0,"_bbp_reply_count":0,"_bbp_total_topic_count":0,"_bbp_total_reply_count":0,"_bbp_voice_count":0,"_bbp_anonymous_reply_count":0,"_bbp_topic_count_hidden":0,"_bbp_reply_count_hidden":0,"_bbp_forum_subforum_count":0,"_uag_custom_page_level_css":"","ep_exclude_from_search":false,"footnotes":""},"related-projects-category":[],"class_list":["post-1374","page","type-page","status-publish","hentry"],"spectra_custom_meta":{"_icl_translation":["1"],"_wp_page_template":["default"],"ratings_users":["0"],"ratings_score":["0"],"ratings_average":["0"],"_views_template":["0"],"_alp_processed":["1659957492"],"_wpml_media_duplicate":["1"],"_wpml_media_featured":["1"],"_subscription_coupon_product_id":["0"],"_last_translation_edit_mode":["translation-editor"],"_oembed_085e890236af876c824fa92e59328670":["<iframe title=\"Translating Menus in WPML\" width=\"700\" height=\"394\" src=\"https:\/\/www.youtube.com\/embed\/aFQuEGQs19c?feature=oembed&enablejsapi=1&origin=https:\/\/wpml.org\" frameborder=\"0\" allow=\"accelerometer; autoplay; clipboard-write; encrypted-media; gyroscope; picture-in-picture\" allowfullscreen><\/iframe>"],"_oembed_time_085e890236af876c824fa92e59328670":["1628198803"],"_oembed_b9ed4048f72ad6c7db9e194b36b2ddd7":["<iframe title=\"Add a Custom Language in WPML\" width=\"700\" height=\"394\" src=\"https:\/\/www.youtube.com\/embed\/gbdbEOQA0Kw?feature=oembed&enablejsapi=1&origin=https:\/\/wpml.org\" frameborder=\"0\" allow=\"accelerometer; autoplay; clipboard-write; encrypted-media; gyroscope; picture-in-picture\" allowfullscreen><\/iframe>"],"_oembed_time_b9ed4048f72ad6c7db9e194b36b2ddd7":["1630858113"],"_oembed_8b192c37df925cacb831b3922e69595d":["<iframe title=\"Using WPML To Translate Pages Built With Fusion Builder (Avada Theme)\" width=\"700\" height=\"394\" src=\"https:\/\/www.youtube.com\/embed\/_bNqjjBPdGA?feature=oembed&enablejsapi=1&origin=https:\/\/wpml.org\" frameborder=\"0\" allow=\"accelerometer; autoplay; clipboard-write; encrypted-media; gyroscope; picture-in-picture\" allowfullscreen><\/iframe>"],"_oembed_time_8b192c37df925cacb831b3922e69595d":["1630858113"],"_wpv_contains_gutenberg_views":[""],"_wpml_word_count":["{\"total\":443,\"to_translate\":{\"ar\":443,\"zh-hans\":443,\"en\":443,\"fr\":443,\"de\":443,\"he\":443,\"it\":443,\"ja\":443,\"pt-br\":443,\"ru\":443}}"],"_edit_last":["64191"],"_oembed_bbf56b1d4c25ce11481afba39f176f85":["{{unknown}}"],"_uag_page_assets":["a:9:{s:3:\"css\";s:260:\".uag-blocks-common-selector{z-index:var(--z-index-desktop) !important}@media(max-width: 976px){.uag-blocks-common-selector{z-index:var(--z-index-tablet) !important}}@media(max-width: 767px){.uag-blocks-common-selector{z-index:var(--z-index-mobile) !important}}\";s:2:\"js\";s:0:\"\";s:18:\"current_block_list\";a:1:{i:0;s:14:\"core\/shortcode\";}s:8:\"uag_flag\";b:0;s:11:\"uag_version\";s:10:\"1778158782\";s:6:\"gfonts\";a:0:{}s:10:\"gfonts_url\";s:0:\"\";s:12:\"gfonts_files\";a:0:{}s:14:\"uag_faq_layout\";b:0;}"],"_uag_css_file_name":["uag-css-1374.css"]},"uagb_featured_image_src":{"full":false,"thumbnail":false,"medium":false,"medium_large":false,"large":false,"1536x1536":false,"2048x2048":false,"gform-image-choice-sm":false,"gform-image-choice-md":false,"gform-image-choice-lg":false,"woocommerce_thumbnail":false,"woocommerce_single":false,"woocommerce_gallery_thumbnail":false},"uagb_author_info":{"display_name":"Amir","author_link":"https:\/\/wpml.org\/es\/author\/amir\/"},"uagb_comment_info":0,"uagb_excerpt":"Activaci\u00f3n de la funci\u00f3n de depuraci\u00f3n integrada en WordPress WordPress incluye un modo de depuraci\u00f3n que ayuda a detectar problemas de PHP. Para activarla, debe abrir el archivo wp-config.php y buscar define(&#8216;WP_DEBUG&#8217;, false);. Cambiarlo a: define('WP_DEBUG', true); Para habilitar el registro de error en un archivo del servidor, debe agregar una l\u00ednea similar m\u00e1s: define(&hellip;","_links":{"self":[{"href":"https:\/\/wpml.org\/es\/wp-json\/wp\/v2\/pages\/1374","targetHints":{"allow":["GET"]}}],"collection":[{"href":"https:\/\/wpml.org\/es\/wp-json\/wp\/v2\/pages"}],"about":[{"href":"https:\/\/wpml.org\/es\/wp-json\/wp\/v2\/types\/page"}],"author":[{"embeddable":true,"href":"https:\/\/wpml.org\/es\/wp-json\/wp\/v2\/users\/2"}],"replies":[{"embeddable":true,"href":"https:\/\/wpml.org\/es\/wp-json\/wp\/v2\/comments?post=1374"}],"version-history":[{"count":3,"href":"https:\/\/wpml.org\/es\/wp-json\/wp\/v2\/pages\/1374\/revisions"}],"predecessor-version":[{"id":6554311,"href":"https:\/\/wpml.org\/es\/wp-json\/wp\/v2\/pages\/1374\/revisions\/6554311"}],"up":[{"embeddable":true,"href":"https:\/\/wpml.org\/es\/wp-json\/wp\/v2\/pages\/1088"}],"wp:attachment":[{"href":"https:\/\/wpml.org\/es\/wp-json\/wp\/v2\/media?parent=1374"}],"wp:term":[{"taxonomy":"related-projects-category","embeddable":true,"href":"https:\/\/wpml.org\/es\/wp-json\/wp\/v2\/related-projects-category?post=1374"}],"curies":[{"name":"wp","href":"https:\/\/api.w.org\/{rel}","templated":true}]}}