{"id":15083193,"date":"2021-08-05T15:02:06","date_gmt":"2021-08-05T15:02:06","guid":{"rendered":"https:\/\/wpml.org\/pagina-principal\/terminos-y-condiciones\/"},"modified":"2026-03-11T14:55:58","modified_gmt":"2026-03-11T14:55:58","slug":"terminos-y-condiciones","status":"publish","type":"page","link":"https:\/\/wpml.org\/es\/pagina-principal\/terminos-y-condiciones\/","title":{"rendered":"T\u00e9rminos y condiciones"},"content":{"rendered":"\n<p class=\"lead\">Los plugins de WPML, este sitio web y todos los servicios relacionados son proporcionados por la empresa <a href=\"https:\/\/onthegosystems.com\/\" target=\"_blank\" rel=\"noreferrer noopener\">OnTheGoSystems<\/a>. Al utilizarlos, usted acepta los t\u00e9rminos y condiciones que se presentan a continuaci\u00f3n. <\/p>\n\n<p><strong>En esta p\u00e1gina:<\/strong><\/p>\n\n<ul class=\"wp-block-list\">\n<li><a href=\"#license-and-trademark\">Licencia y marca comercial<\/a><\/li>\n\n\n\n<li><a href=\"#using-your-wpml-account\">Uso de su cuenta WPML<\/a>\n<ul class=\"wp-block-list\">\n<li><a href=\"#renewal-options\">Opciones de renovaci\u00f3n<\/a><\/li>\n\n\n\n<li><a href=\"#what-happens-if-you-don-t-renew\">Qu\u00e9 pasa si no renuevas<\/a><\/li>\n\n\n\n<li><a href=\"#registering-sites-with-wpml\">Registro de sitios con WPML<\/a><\/li>\n\n\n\n<li><a href=\"#receiving-support\">Recepci\u00f3n de soporte<\/a><\/li>\n<\/ul>\n<\/li>\n\n\n\n<li><a href=\"#developing-wpml-powered-websites-for-clients\">Desarrollo de sitios web con WPML para clientes<\/a>\n<ul class=\"wp-block-list\">\n<li><a href=\"#transferring-accounts-to-clients\">Transferencia de cuentas a clientes<\/a><\/li>\n\n\n\n<li><a href=\"#adding-other-people-to-your-account\">Adici\u00f3n de otras personas a su cuenta<\/a><\/li>\n<\/ul>\n<\/li>\n\n\n\n<li><a href=\"#fair-usage-policy\">Pol\u00edtica de uso justo<\/a><\/li>\n\n\n\n<li><a href=\"#using-wpmls-automatic-translation\">Uso de la traducci\u00f3n autom\u00e1tica de WPML<\/a>\n<ul class=\"wp-block-list\">\n<li><a href=\"#pay-as-you-go-for-automatic-translation\">Pago por uso para traducci\u00f3n autom\u00e1tica<\/a><\/li>\n\n\n\n<li><a href=\"#prepaid-packages-for-automatic-translation\">Paquetes de prepago para la traducci\u00f3n autom\u00e1tica<\/a><\/li>\n\n\n\n<li><a href=\"#refunds-related-to-automatic-translation\">Reembolsos relacionados con la traducci\u00f3n autom\u00e1tica<\/a><\/li>\n\n\n\n<li><a href=\"#content-restrictions-when-using-ptc\">Restricciones de contenido al usar PTC<\/a><\/li>\n<\/ul>\n<\/li>\n\n\n\n<li><a href=\"#privacy-information-and-gdpr\">Informaci\u00f3n de privacidad y RGPD<\/a><\/li>\n<\/ul>\n\n<h2 class=\"wp-block-heading\" id=\"license-and-trademark\">Licencia y marca comercial<\/h2>\n\n<p>El c\u00f3digo de WPML est\u00e1 bajo licencia GPL. El nombre, el logotipo de WPML y el nombre de la empresa OnTheGoSystems son marcas comerciales y no est\u00e1n cubiertos por la licencia GPL. <\/p>\n\n<p>Para m\u00e1s detalles, consulte nuestra p\u00e1gina de <a href=\"https:\/\/wpml.org\/es\/pagina-principal\/cumplimiento-de-la-licencia-gpl-de-wpml\/\">cumplimiento de la licencia GPL de WPML<\/a>.<\/p>\n\n<p><strong>Usted no puede:<\/strong><\/p>\n\n<ul class=\"wp-block-list\">\n<li>Usar el nombre, el logotipo de WPML o la marca OnTheGoSystems sin permiso<\/li>\n\n\n\n<li>Implicar afiliaci\u00f3n oficial con WPML o OnTheGoSystems<\/li>\n<\/ul>\n\n<p>La inclusi\u00f3n de WPML en ofertas de productos requiere un acuerdo de asociaci\u00f3n. <a href=\"https:\/\/wpml.org\/es\/pagina-principal\/contactarnos\/formulario-de-contacto\/\">P\u00f3ngase en contacto con nosotros<\/a> para discutir las opciones.<\/p>\n\n<h2 class=\"wp-block-heading\" id=\"using-your-wpml-account\">Uso de su cuenta WPML<\/h2>\n\n<p>Cuando adquiere WPML, obtiene acceso a una cuenta de WPML. Existen tres tipos de cuentas de WPML: Multilingual Blog, Multilingual CMS y Multilingual Agency. <\/p>\n\n<p>Cada tipo de cuenta le da acceso a un conjunto espec\u00edfico de caracter\u00edsticas. Lo m\u00e1s importante es que el tipo de su cuenta define: <\/p>\n\n<ul class=\"wp-block-list\">\n<li>A qu\u00e9 plugins de WPML tiene acceso<\/li>\n\n\n\n<li>Cu\u00e1ntos sitios puede registrar con WPML<\/li>\n<\/ul>\n\n<p>Adem\u00e1s, todos los tipos de cuentas le ofrecen:<\/p>\n\n<ul class=\"wp-block-list\">\n<li>Acceso a nuestro soporte durante 1 a\u00f1o<\/li>\n\n\n\n<li>Actualizaciones gratuitas durante 1 a\u00f1o<\/li>\n<\/ul>\n\n<h3 class=\"wp-block-heading\" id=\"renewal-options\">Opciones de renovaci\u00f3n<\/h3>\n\n<p>Su cuenta WPML est\u00e1 configurada para la renovaci\u00f3n autom\u00e1tica por defecto. Su suscripci\u00f3n se renovar\u00e1 autom\u00e1ticamente cada a\u00f1o a menos que cambie a la renovaci\u00f3n manual.  <\/p>\n\n<p>Con la renovaci\u00f3n manual, le enviaremos correos electr\u00f3nicos de recordatorio 30 d\u00edas y 3 d\u00edas antes de que expire su cuenta. Para evitar que su cuenta caduque, deber\u00e1 completar manualmente el pago de la renovaci\u00f3n. <\/p>\n\n<h3 class=\"wp-block-heading\" id=\"what-happens-if-you-don-t-renew\">Qu\u00e9 sucede si no renueva<\/h3>\n\n<p>Su suscripci\u00f3n puede caducar si no paga una renovaci\u00f3n manual a tiempo, o si la renovaci\u00f3n autom\u00e1tica no se completa. Si esto sucede, a\u00fan podr\u00e1 iniciar sesi\u00f3n en su cuenta, sin embargo, usted: <\/p>\n\n<ul class=\"wp-block-list\">\n<li>Dejar\u00e1 de recibir actualizaciones de plugins<\/li>\n\n\n\n<li>Ya no tendr\u00e1 acceso al soporte<\/li>\n\n\n\n<li>No podr\u00e1 registrar WPML en un nuevo sitio, incluso si a\u00fan tiene espacios disponibles<\/li>\n\n\n\n<li>No podr\u00e1 volver a registrar WPML en un sitio que ya lo estaba usando si la URL del sitio cambia (por ejemplo, despu\u00e9s de una migraci\u00f3n o actualizaci\u00f3n de dominio)<\/li>\n<\/ul>\n\n<p>Puede seguir utilizando WPML en los sitios registrados existentes, pero tenga en cuenta que WordPress y otros plugins se actualizan regularmente. Ejecutar una versi\u00f3n desactualizada de WPML puede provocar problemas de compatibilidad con el tiempo. <\/p>\n\n<h3 class=\"wp-block-heading\" id=\"registering-sites-with-wpml\">Registro de sitios con WPML<\/h3>\n\n<p>Debe <a href=\"https:\/\/wpml.org\/es\/faq\/como-instalar-wpml\/#register\">registrar WPML en su sitio de WordPress con una clave de sitio<\/a> cuando:<\/p>\n\n<ul class=\"wp-block-list\">\n<li>Instale y active WPML en un nuevo sitio<\/li>\n\n\n\n<li>La URL de un sitio ya registrado con WPML cambia, como despu\u00e9s de una migraci\u00f3n o actualizaci\u00f3n de dominio <\/li>\n<\/ul>\n\n<p>En ambos casos, necesita una suscripci\u00f3n activa a WPML. <\/p>\n\n<p>El n\u00famero de sitios que puede registrar depende de su tipo de cuenta WPML:<\/p>\n\n<ul class=\"wp-block-list\">\n<li><strong>Multilingual Blog<\/strong> \u2013 1 sitio de producci\u00f3n + 3 sitios de desarrollo<\/li>\n\n\n\n<li><strong>Multilingual CMS<\/strong> \u2013 3 sitios de producci\u00f3n + 9 sitios de desarrollo<\/li>\n\n\n\n<li><strong>Multilingual Agency<\/strong> \u2013 n\u00famero ilimitado de sitios de producci\u00f3n y desarrollo<\/li>\n\n\n\n<li><strong>Lifetime (descontinuado)<\/strong> \u2013 n\u00famero ilimitado de sitios, no se requiere suscripci\u00f3n anual<\/li>\n<\/ul>\n\n<h3 class=\"wp-block-heading\" id=\"receiving-support\">Recepci\u00f3n de soporte<\/h3>\n\n<p>Solo los clientes con cuentas v\u00e1lidas y activas tienen acceso a nuestro soporte. Ofrecemos soporte a trav\u00e9s de chat y foro. <\/p>\n\n<p>Para obtener informaci\u00f3n detallada sobre lo que incluye nuestro soporte, lea nuestra <a href=\"https:\/\/wpml.org\/es\/purchase\/politica-de-soporte\/\">pol\u00edtica de soporte<\/a>.<\/p>\n\n<h2 class=\"wp-block-heading\" id=\"developing-wpml-powered-websites-for-clients\">Desarrollo de sitios web con WPML para clientes<\/h2>\n\n<p>Usted es libre de registrar WPML en los sitios que desarrolle para sus clientes. <\/p>\n\n<p>En este caso, usted sigue siendo el \u00fanico con acceso a las funciones de su cuenta. En otras palabras, solo usted puede descargar los plugins de WPML, registrar sitios y recibir soporte. <\/p>\n\n<p>Si sus clientes necesitan soporte, usted tendr\u00e1 que proporcion\u00e1rselo.<\/p>\n\n<h3 class=\"wp-block-heading\" id=\"transferring-accounts-to-clients\">Transferencia de cuentas a clientes<\/h3>\n\n<p>A partir del 13 de enero de 2026, la transferencia de renovaciones no ser\u00e1 posible. Cualquier transferencia que haya realizado antes de esa fecha seguir\u00e1 funcionando mientras sus clientes sigan renovando. <\/p>\n\n<p>Para transferir la propiedad, su cliente debe <a href=\"https:\/\/wpml.org\/es\/purchase\/\">adquirir su propia suscripci\u00f3n a WPML<\/a> y luego <a href=\"https:\/\/wpml.org\/purchase\/paying-wpml-renewal-for-my-site\/\">registrar el sitio bajo su cuenta<\/a>.<\/p>\n\n<h3 class=\"wp-block-heading\" id=\"adding-other-people-to-your-account\">Adici\u00f3n de otras personas a su cuenta<\/h3>\n\n<p>Si usted es una agencia que crea sitios para clientes, es posible que tenga diferentes personas en su equipo que necesiten acceso a diferentes funciones de su cuenta WPML. Por ejemplo, diferentes personas podr\u00edan necesitar descargar plugins, registrar sitios, abrir tickets de soporte y pagar la suscripci\u00f3n. <\/p>\n\n<p>En este caso, puede <a href=\"https:\/\/wpml.org\/announcements\/2020\/09\/add-other-people-to-your-wpml-cms-or-agency-account\/\">a\u00f1adir f\u00e1cilmente m\u00e1s personas a su cuenta<\/a>.<\/p>\n\n<h2 class=\"wp-block-heading\" id=\"fair-usage-policy\">Pol\u00edtica de uso justo<\/h2>\n\n<p>Aunque las cuentas Multilingual Agency y las cuentas Lifetime descontinuadas le permiten registrar WPML en un n\u00famero ilimitado de sitios, est\u00e1 obligado a utilizarlas de acuerdo con nuestra pol\u00edtica de uso razonable.<\/p>\n\n<p>En otras palabras, puede utilizarlas en sitios web que desarrolle para usted y\/o sus clientes. No est\u00e1 permitido registrar WPML en sitios web de terceros fuera de este \u00e1mbito. <\/p>\n\n<p>Nos reservamos el derecho de cancelar cualquier cuenta que viole esta pol\u00edtica.<\/p>\n\n<h2 class=\"wp-block-heading\" id=\"using-wpmls-automatic-translation\">Uso de la traducci\u00f3n con IA de WPML<\/h2>\n\n<p>Con WPML, puede <a href=\"https:\/\/wpml.org\/es\/documentation-2\/traduccion-automatica-para-contenido-de-wordpress-con-wpml\/\">traducir su sitio utilizando la traducci\u00f3n con IA<\/a> a trav\u00e9s de su motor PTC (Private Translation Cloud) o utilizando otros tres motores de traducci\u00f3n autom\u00e1tica: DeepL, Google y Microsoft.<\/p>\n\n<p>Para usar la traducci\u00f3n autom\u00e1tica de WPML, necesita cr\u00e9ditos. Al comprar WPML, obtiene un generoso paquete de cr\u00e9ditos para empezar y, si necesita m\u00e1s, puede activar una cuenta de Pago por uso o comprar un paquete de cr\u00e9ditos de prepago. <\/p>\n\n<h3 class=\"wp-block-heading\" id=\"pay-as-you-go-for-automatic-translation\">Pago por uso para traducci\u00f3n autom\u00e1tica<\/h3>\n\n<p>La forma m\u00e1s econ\u00f3mica y conveniente de pagar la traducci\u00f3n autom\u00e1tica es registrarse desde la interfaz del plugin y utilizar el pago por uso. No hay cuota de suscripci\u00f3n mensual y puede cancelar en cualquier momento. <\/p>\n\n<p>As\u00ed es como funciona en resumen:<\/p>\n\n<ul class=\"wp-block-list\">\n<li>Cada palabra traducida cuesta una cierta cantidad de cr\u00e9ditos de traducci\u00f3n seg\u00fan el motor de traducci\u00f3n que utilice (PTC, Google, Microsoft o DeepL).<\/li>\n\n\n\n<li>Los primeros 2.000 cr\u00e9ditos de traducci\u00f3n que utilice cada mes son gratuitos. Si gasta m\u00e1s, le cobraremos en funci\u00f3n de cu\u00e1ntos cr\u00e9ditos haya utilizado por encima de esa cantidad, de acuerdo con la <a href=\"https:\/\/wpml.org\/es\/documentation-2\/traduccion-automatica-para-contenido-de-wordpress-con-wpml\/precios-del-servicio-de-traduccion-automatica\/\">tabla de precios actual<\/a>. No puede transferir los cr\u00e9ditos gratuitos no utilizados al mes siguiente.  <\/li>\n\n\n\n<li>Los precios se calculan progresivamente, por lo que cuanto m\u00e1s traduzca en un mes, m\u00e1s barato ser\u00e1 por cr\u00e9dito.<\/li>\n\n\n\n<li>Si no gast\u00f3 ning\u00fan cr\u00e9dito en un mes determinado, simplemente no le cobraremos nada.<\/li>\n\n\n\n<li>Por cada factura de traducci\u00f3n autom\u00e1tica, se le cobrar\u00e1n los cr\u00e9ditos que haya utilizado durante el mes natural anterior. El per\u00edodo de facturaci\u00f3n comienza a medianoche UTC del primer d\u00eda del mes y termina a medianoche UTC del primer d\u00eda del mes siguiente. Las facturas se emiten y su tarjeta de cr\u00e9dito se carga el d\u00eda 3 de cada mes.  <\/li>\n\n\n\n<li>WPML no almacena la informaci\u00f3n de su tarjeta de cr\u00e9dito. Los pagos se procesan a trav\u00e9s de Stripe. <\/li>\n<\/ul>\n\n<p>Nos reservamos el derecho de cambiar los precios de traducci\u00f3n y la forma en que se calculan en el futuro. Por supuesto, si esto sucede, siempre le notificaremos con antelaci\u00f3n.  Para obtener informaci\u00f3n detallada, incluida una calculadora de precios, consulte nuestra p\u00e1gina sobre <a href=\"https:\/\/wpml.org\/es\/documentation-2\/traduccion-automatica-para-contenido-de-wordpress-con-wpml\/precios-del-servicio-de-traduccion-automatica\/\">precios de la traducci\u00f3n autom\u00e1tica<\/a>.<\/p>\n\n<p>Cargos por l\u00edmite de seguridad:<\/p>\n\n<ul class=\"wp-block-list\">\n<li>Existen dos cargos de l\u00edmite de seguridad que nos protegen contra el fraude. <\/li>\n\n\n\n<li>Si supera los 100 \u20ac en un mes, le cobraremos autom\u00e1ticamente esos primeros 100 euros (+ IVA). Ten en cuenta que necesitar\u00edas traducir muchas palabras para alcanzar este l\u00edmite. Entonces restaremos esos 100 euros de tu factura al final de ese mes.<\/li>\n\n\n\n<li>Lo mismo ocurre si superas los 4.000 euros en un mes. Si supera ese l\u00edmite en un mes, se lo cobraremos autom\u00e1ticamente. Ten en cuenta que necesitar\u00edas traducir una gran cantidad de palabras para alcanzar este l\u00edmite. De nuevo, restaremos esos 4.000 euros de tu factura al final de ese mes.<\/li>\n<\/ul>\n\n<p>Los l\u00edmites de seguridad est\u00e1n vinculados a su suscripci\u00f3n de pago por uso, por lo que se restablecer\u00e1n cada vez que la cancele y la reactive. Esto tambi\u00e9n puede ocurrir si migra su sitio, por ejemplo, cuando hace una copia de su sitio e inicia una nueva suscripci\u00f3n. <\/p>\n\n<h3 class=\"wp-block-heading\" id=\"prepaid-packages-for-automatic-translation\">Paquetes de prepago para la traducci\u00f3n autom\u00e1tica<\/h3>\n\n<p>En algunos casos, es posible que prefiera comprar paquetes de cr\u00e9ditos para la traducci\u00f3n autom\u00e1tica. Ofrecemos los siguientes paquetes:  <\/p>\n\n<ul class=\"wp-block-list\">\n<li>40.000 cr\u00e9ditos por 50 \u20ac<\/li>\n\n\n\n<li>90.000 cr\u00e9ditos por 90 \u20ac<\/li>\n\n\n\n<li>200.000 cr\u00e9ditos por 180 \u20ac<\/li>\n\n\n\n<li>500.000 cr\u00e9ditos por 420 \u20ac<\/li>\n\n\n\n<li>1.000.000 cr\u00e9ditos por 800 \u20ac<\/li>\n<\/ul>\n\n<p>Puede a\u00f1adir cr\u00e9ditos a cualquier sitio que no utilice pago por uso. Estos cr\u00e9ditos no caducan. <\/p>\n\n<h3 class=\"wp-block-heading\" id=\"refunds-related-to-automatic-translation\">Reembolsos relacionados con la traducci\u00f3n autom\u00e1tica<\/h3>\n\n<p><strong>Motor de traducci\u00f3n PTC<\/strong><\/p>\n\n<p>Solo el motor de traducci\u00f3n PTC de WPML viene con una <a href=\"https:\/\/wpml.org\/es\/documentation-2\/traduccion-automatica-para-contenido-de-wordpress-con-wpml\/traduccion-automatica-con-calidad-garantizada\/\">Garant\u00eda de calidad de traducci\u00f3n<\/a> que permite reembolsos por cr\u00e9ditos de traducci\u00f3n. Si no est\u00e1 satisfecho con las traducciones autom\u00e1ticas de PTC, trabajaremos para solucionarlo. Si a\u00fan no est\u00e1 satisfecho, le reembolsaremos \u00edntegramente sus cr\u00e9ditos de traducci\u00f3n.  <\/p>\n\n<p><strong>Motores de traducci\u00f3n DeepL, Google y Microsoft<\/strong><\/p>\n\n<p>No ofrecemos reembolsos ni garant\u00eda para otros motores de traducci\u00f3n disponibles en WPML: DeepL, Google y Microsoft. Cuando utiliza estos motores, en el momento en que se realiza la traducci\u00f3n autom\u00e1tica (que es muy r\u00e1pida), ya hemos pagado a estos motores de traducci\u00f3n por esta traducci\u00f3n. <\/p>\n\n<p>Por esta raz\u00f3n, generalmente no podemos ofrecer reembolsos por los cr\u00e9ditos de traducci\u00f3n que ya utiliz\u00f3 con estos motores de terceros. En algunos casos excepcionales, podr\u00edamos concederle un reembolso parcial o total. Por ejemplo, esto podr\u00eda ocurrir en caso de posibles problemas t\u00e9cnicos por nuestra parte, relacionados con el cobro de cr\u00e9ditos de traducci\u00f3n autom\u00e1tica.  <\/p>\n\n<p>Tenga en cuenta que, en tales casos, la cantidad que le reembolsamos podr\u00eda ser ligeramente inferior a la cantidad que pag\u00f3. Esta diferencia se debe a que nosotros, como empresa, operamos exclusivamente en euros (EUR), por lo que se producen debido a la conversi\u00f3n de moneda. Estas diferencias son muy peque\u00f1as y no somos responsables de ellas, por lo que no podemos ni emitiremos reembolsos adicionales por ellas.  <\/p>\n\n<h3 class=\"wp-block-heading\" id=\"content-restrictions-when-using-ptc\">Restricciones de contenido al usar PTC<\/h3>\n\n<p>PTC es el motor de traducci\u00f3n con IA de WPML y utiliza potentes modelos de lenguaje para traducir su contenido. Estos modelos siguen reglas estrictas para garantizar que se utilicen de forma responsable. <\/p>\n\n<p>Debido a esto, PTC no traducir\u00e1 contenido que incluya elementos como:<\/p>\n\n<ul class=\"wp-block-list\">\n<li>Actividad ilegal, por ejemplo, c\u00f3mo fabricar sustancias nocivas, comprar armas ilegales o promover la violencia<\/li>\n\n\n\n<li>Material sexualmente expl\u00edcito o explotador<\/li>\n\n\n\n<li>Discurso de odio, acoso o discriminaci\u00f3n<\/li>\n\n\n\n<li>Informaci\u00f3n falsa o suplantaci\u00f3n de identidad<\/li>\n<\/ul>\n\n<p>Si PTC detecta este tipo de contenido, se detendr\u00e1 y se negar\u00e1 a traducirlo. En estos casos, cambiamos autom\u00e1ticamente el motor de traducci\u00f3n de su sitio a DeepL para que pueda seguir obteniendo traducciones, pero no a trav\u00e9s de PTC. <\/p>\n\n<p>Al utilizar PTC, usted acepta seguir estas directrices. Si su contenido las incumple, podemos limitar o cambiar el funcionamiento de PTC en su sitio. <\/p>\n\n<h2 class=\"wp-block-heading\" id=\"privacy-information-and-gdpr\">Informaci\u00f3n de privacidad y RGPD<\/h2>\n\n<p>Si busca informaci\u00f3n sobre privacidad, lea nuestra <a href=\"https:\/\/wpml.org\/es\/documentation-2\/politica-de-privacidad-y-cumplimiento-del-gdpr\/\">pol\u00edtica de privacidad y cumplimiento del RGPD<\/a>.<\/p>\n","protected":false},"excerpt":{"rendered":"<p>Los plugins de WPML, este sitio web y todos los servicios relacionados son proporcionados por la empresa OnTheGoSystems. Al utilizarlos, usted acepta los t\u00e9rminos y condiciones que se presentan a continuaci\u00f3n. En esta p\u00e1gina: Licencia y marca comercial El c\u00f3digo de WPML est\u00e1 bajo licencia GPL. El nombre, el logotipo de WPML y el nombre [&hellip;]<\/p>\n","protected":false},"author":76577,"featured_media":0,"parent":1090,"menu_order":0,"comment_status":"closed","ping_status":"closed","template":"template-nosidebar-centered.php","meta":{"_bbp_topic_count":0,"_bbp_reply_count":0,"_bbp_total_topic_count":0,"_bbp_total_reply_count":0,"_bbp_voice_count":0,"_bbp_anonymous_reply_count":0,"_bbp_topic_count_hidden":0,"_bbp_reply_count_hidden":0,"_bbp_forum_subforum_count":0,"_uag_custom_page_level_css":"","ep_exclude_from_search":false,"footnotes":""},"related-projects-category":[],"class_list":["post-15083193","page","type-page","status-publish","hentry"],"spectra_custom_meta":{"ratings_users":["0"],"ratings_score":["0"],"ratings_average":["0"],"_subscription_coupon_product_id":["0"],"_wpv_contains_gutenberg_views":[""],"_alp_processed":["1773240958"],"wpcf-unformatted-code":[""],"_wpml_media_duplicate":["1"],"_wpml_media_featured":["1"],"toolset_post_editor_mode":["block"],"wpcf-price-increase-show-from":[""],"wpcf-price-increase-show-till":[""],"_wp_page_template":["template-nosidebar-centered.php"],"_last_translation_edit_mode":["translation-editor"],"_oembed_bbf56b1d4c25ce11481afba39f176f85":["<iframe title=\"Using WPML to translate content created with page builders\" width=\"700\" height=\"394\" src=\"https:\/\/www.youtube.com\/embed\/MSqNzrdPMkE?feature=oembed&enablejsapi=1&origin=https:\/\/wpml.org\" frameborder=\"0\" allow=\"accelerometer; autoplay; clipboard-write; encrypted-media; gyroscope; picture-in-picture; web-share\" allowfullscreen><\/iframe>"],"_oembed_time_bbf56b1d4c25ce11481afba39f176f85":["1705592751"],"_wpml_word_count":["2010"],"cmplz_hide_cookiebanner":[""],"wpcf-price-increase-content":[""],"wpcf-login-box-title":[""],"wpcf-page-content":[""],"_yoast_wpseo_primary_related-projects-category":[""],"wpml_tf_post_rating_quantity":["1"],"wpml_tf_post_rating_average":["5"],"_uag_css_file_name":["uag-css-15083193.css"],"_uag_page_assets":["a:9:{s:3:\"css\";s:0:\"\";s:2:\"js\";s:0:\"\";s:18:\"current_block_list\";a:5:{i:0;s:14:\"core\/paragraph\";i:1;s:9:\"core\/list\";i:2;s:14:\"core\/list-item\";i:3;s:12:\"core\/heading\";i:4;s:14:\"core\/shortcode\";}s:8:\"uag_flag\";b:0;s:11:\"uag_version\";s:10:\"1778383860\";s:6:\"gfonts\";a:0:{}s:10:\"gfonts_url\";s:0:\"\";s:12:\"gfonts_files\";a:0:{}s:14:\"uag_faq_layout\";b:0;}"]},"uagb_featured_image_src":{"full":false,"thumbnail":false,"medium":false,"medium_large":false,"large":false,"1536x1536":false,"2048x2048":false,"gform-image-choice-sm":false,"gform-image-choice-md":false,"gform-image-choice-lg":false,"woocommerce_thumbnail":false,"woocommerce_single":false,"woocommerce_gallery_thumbnail":false},"uagb_author_info":{"display_name":"Dario","author_link":"https:\/\/wpml.org\/es\/author\/darioh\/"},"uagb_comment_info":0,"uagb_excerpt":"Los plugins de WPML, este sitio web y todos los servicios relacionados son proporcionados por la empresa OnTheGoSystems. Al utilizarlos, usted acepta los t\u00e9rminos y condiciones que se presentan a continuaci\u00f3n. En esta p\u00e1gina: Licencia y marca comercial El c\u00f3digo de WPML est\u00e1 bajo licencia GPL. El nombre, el logotipo de WPML y el nombre&hellip;","_links":{"self":[{"href":"https:\/\/wpml.org\/es\/wp-json\/wp\/v2\/pages\/15083193","targetHints":{"allow":["GET"]}}],"collection":[{"href":"https:\/\/wpml.org\/es\/wp-json\/wp\/v2\/pages"}],"about":[{"href":"https:\/\/wpml.org\/es\/wp-json\/wp\/v2\/types\/page"}],"author":[{"embeddable":true,"href":"https:\/\/wpml.org\/es\/wp-json\/wp\/v2\/users\/76577"}],"replies":[{"embeddable":true,"href":"https:\/\/wpml.org\/es\/wp-json\/wp\/v2\/comments?post=15083193"}],"version-history":[{"count":8,"href":"https:\/\/wpml.org\/es\/wp-json\/wp\/v2\/pages\/15083193\/revisions"}],"predecessor-version":[{"id":17889335,"href":"https:\/\/wpml.org\/es\/wp-json\/wp\/v2\/pages\/15083193\/revisions\/17889335"}],"up":[{"embeddable":true,"href":"https:\/\/wpml.org\/es\/wp-json\/wp\/v2\/pages\/1090"}],"wp:attachment":[{"href":"https:\/\/wpml.org\/es\/wp-json\/wp\/v2\/media?parent=15083193"}],"wp:term":[{"taxonomy":"related-projects-category","embeddable":true,"href":"https:\/\/wpml.org\/es\/wp-json\/wp\/v2\/related-projects-category?post=15083193"}],"curies":[{"name":"wp","href":"https:\/\/api.w.org\/{rel}","templated":true}]}}