{"id":15197990,"date":"2011-04-13T08:09:29","date_gmt":"2011-04-13T08:09:29","guid":{"rendered":"https:\/\/wpml.org\/documentation-2\/proyectos-relacionados\/gravity-forms-multilingual\/"},"modified":"2026-02-26T07:25:22","modified_gmt":"2026-02-26T07:25:22","slug":"gravity-forms-multilingual","status":"publish","type":"page","link":"https:\/\/wpml.org\/es\/documentation-2\/proyectos-relacionados\/gravity-forms-multilingual\/","title":{"rendered":"Gravity Forms Multilingual"},"content":{"rendered":"\n<div class=\"wp-block-toolset-blocks-container tb-container alignfull\" data-toolset-blocks-container=\"10492591bfb51d70e8d09aa8d457bae2\"><div class=\"tb-container-inner\">\n<p class=\"tb-heading has-text-color\" data-toolset-blocks-heading=\"0190bf5c0f5e682e6e1d8be7e6f401ac\" data-last-update=\"1.4\"><span><span><a href=\"https:\/\/wpml.org\/es\/pagina-principal\/\">Home<\/a><\/span><\/span><\/p>\n\n\n\n<div class=\"wp-block-toolset-blocks-grid tb-grid\" data-toolset-blocks-grid=\"1e3256eddcd8d1ddf217eef5389f4d56\">\n<div class=\"wp-block-toolset-blocks-grid-column tb-grid-column tb-grid-align-center\" data-toolset-blocks-grid-column=\"f586ff7bfe1d7317c63162ec7b7039ed\">\n<div class=\"wp-block-toolset-blocks-container tb-container\" data-toolset-blocks-container=\"cbb7accfa9454b18fd5408ff9119221d\"><\/div>\n\n\n\n<h1 class=\"tb-heading has-text-color\" data-toolset-blocks-heading=\"b686c8b3d4780754ef6585bd91a569b8\" data-last-update=\"1.4\">Gravity Forms Multilingual &#8211; Traduzca formularios con WPML<\/h1>\n\n\n\n<div class=\"tb-fields-and-text\" data-toolset-blocks-fields-and-text=\"3f9f3fa6c769cb8df265aa2f59e7f9eb\"><p><span data-sheets-root=\"1\">Gravity Forms Multilingual (GFML) es un complemento de WPML para traducir los campos y las etiquetas de sus formularios a m\u00e1s idiomas.  <\/span><\/p><\/div>\n\n\n\n<div id=\"wpml-info-account-trigger\" class=\"tb-button\" data-toolset-blocks-button=\"7b5891302f0eddf84dcd7b224689c366\"><a class=\"tb-button__link\" href=\"https:\/\/wpml.org\/account\/downloads\/#gravityforms-multilingual\"><span class=\"tb-button__content\">Obtenga Gravity Forms Multilingual<\/span><i class=\"tb-button__icon\"><\/i><\/a><\/div>\n<\/div>\n\n\n\n<div class=\"wp-block-toolset-blocks-grid-column tb-grid-column tb-grid-align-center\" data-toolset-blocks-grid-column=\"c77f65d01bb1c283e93f285b389d97af\">\n<figure class=\"wp-block-image tb-image tb-image-dynamic tb-image-frame-none\" data-toolset-blocks-image=\"5706d347fdaaf17eed1ed237c8b186f0\"><img decoding=\"async\" loading=\"lazy\" src=\"https:\/\/cdn.wpml.org\/wp-content\/uploads\/2023\/04\/form-10-1.png\"\/><\/figure>\n<\/div>\n<\/div>\n<\/div><\/div>\n\n<div class=\"wp-block-toolset-blocks-container tb-container\" data-toolset-blocks-container=\"8f3deaef8758197413c254193c4637bf\"><div class=\"tb-container-inner\">\n<h3 class=\"tb-heading has-text-color\" data-toolset-blocks-heading=\"64944ef240e0d9481016a33eed26e822\" data-last-update=\"1.4\"><strong>Una forma sencilla y potente de crear formularios gravity multiling\u00fces<\/strong><\/h3>\n\n\n\n<div class=\"wp-block-toolset-blocks-grid tb-grid\" data-toolset-blocks-grid=\"d73b029f031f092476d7c78dca9026b6\">\n<div class=\"wp-block-toolset-blocks-grid-column tb-grid-column tb-grid-align-top\" data-toolset-blocks-grid-column=\"3034fbe886c11054e95b46b09d3e4112\">\n<div class=\"wp-block-toolset-blocks-grid tb-grid\" data-toolset-blocks-grid=\"1c3b519f11ed173dde36e2dd3d915363\">\n<div class=\"wp-block-toolset-blocks-grid-column tb-grid-column tb-grid-align-top\" data-toolset-blocks-grid-column=\"3034fbe886c11054e95b46b09d3e4112\">\n<div class=\"wp-block-toolset-blocks-container tb-container\" data-toolset-blocks-container=\"4c1e644b100a7cd79ae08b214443135d\"><\/div>\n<\/div>\n\n\n\n<div class=\"wp-block-toolset-blocks-grid-column tb-grid-column tb-grid-align-center\" data-toolset-blocks-grid-column=\"f586ff7bfe1d7317c63162ec7b7039ed\">\n<h3 class=\"tb-heading has-text-color\" data-toolset-blocks-heading=\"b2d352fa342796268e813d45e9ad169e\" data-last-update=\"1.4\"><strong>Flujo de trabajo sencillo<\/strong><\/h3>\n\n\n\n<p class=\"tb-heading has-text-color\" data-toolset-blocks-heading=\"3a2e96e3a39991294f000d733d564a60\" data-last-update=\"1.4\">Traduce formularios gravity con el panel de traducci\u00f3n de WPML.<\/p>\n<\/div>\n<\/div>\n<\/div>\n\n\n\n<div class=\"wp-block-toolset-blocks-grid-column tb-grid-column tb-grid-align-top\" data-toolset-blocks-grid-column=\"6aa6629b0bd14de4b0c8a30d5e016060\">\n<div class=\"wp-block-toolset-blocks-grid tb-grid\" data-toolset-blocks-grid=\"1c3b519f11ed173dde36e2dd3d915363\">\n<div class=\"wp-block-toolset-blocks-grid-column tb-grid-column tb-grid-align-top\" data-toolset-blocks-grid-column=\"3034fbe886c11054e95b46b09d3e4112\">\n<div class=\"wp-block-toolset-blocks-container tb-container\" data-toolset-blocks-container=\"4c1e644b100a7cd79ae08b214443135d\"><\/div>\n<\/div>\n\n\n\n<div class=\"wp-block-toolset-blocks-grid-column tb-grid-column tb-grid-align-center\" data-toolset-blocks-grid-column=\"f586ff7bfe1d7317c63162ec7b7039ed\">\n<h3 class=\"tb-heading has-text-color\" data-toolset-blocks-heading=\"3b2b4300cf3526adeeeceb0a7d34ea01\" data-last-update=\"1.4\"><strong>Traducci\u00f3n flexible<\/strong><\/h3>\n\n\n\n<p class=\"tb-heading has-text-color\" data-toolset-blocks-heading=\"489fe393b980d16eaf272662f21c57f9\" data-last-update=\"1.4\">Traduce formularios Gravity t\u00fa mismo o con la ayuda de traductores profesionales.<\/p>\n<\/div>\n<\/div>\n<\/div>\n\n\n\n<div class=\"wp-block-toolset-blocks-grid-column tb-grid-column tb-grid-align-top\" data-toolset-blocks-grid-column=\"3034fbe886c11054e95b46b09d3e4112\">\n<div class=\"wp-block-toolset-blocks-grid tb-grid\" data-toolset-blocks-grid=\"1c3b519f11ed173dde36e2dd3d915363\">\n<div class=\"wp-block-toolset-blocks-grid-column tb-grid-column tb-grid-align-top\" data-toolset-blocks-grid-column=\"3034fbe886c11054e95b46b09d3e4112\">\n<div class=\"wp-block-toolset-blocks-container tb-container\" data-toolset-blocks-container=\"4c1e644b100a7cd79ae08b214443135d\"><\/div>\n<\/div>\n\n\n\n<div class=\"wp-block-toolset-blocks-grid-column tb-grid-column tb-grid-align-center\" data-toolset-blocks-grid-column=\"f586ff7bfe1d7317c63162ec7b7039ed\">\n<h3 class=\"tb-heading has-text-color\" data-toolset-blocks-heading=\"3b2b4300cf3526adeeeceb0a7d34ea01\" data-last-update=\"1.4\"><strong>Proceso r\u00e1pido<\/strong><\/h3>\n\n\n\n<p class=\"tb-heading has-text-color\" data-toolset-blocks-heading=\"489fe393b980d16eaf272662f21c57f9\" data-last-update=\"1.4\">Traduce formularios gravity individuales y m\u00faltiples en tan solo unos minutos.<\/p>\n<\/div>\n<\/div>\n<\/div>\n<\/div>\n<\/div><\/div>\n\n<div class=\"wp-block-toolset-blocks-container tb-container\" data-toolset-blocks-container=\"a03f28b68e7ebf56bfe1641740b90da2\"><div class=\"tb-container-inner\">\n<div class=\"wp-block-toolset-blocks-grid tb-grid\" data-toolset-blocks-grid=\"bc3b338eeaf2c2dab6d1efcf997e6968\">\n<div class=\"wp-block-toolset-blocks-grid-column tb-grid-column tb-grid-align-top wcml-sticky-top\" data-toolset-blocks-grid-column=\"f7f9a013a6074411e874a8d48900e955\">\n<p class=\"tb-heading\" data-toolset-blocks-heading=\"ba314f8b957a1e719a05768a3039acf2\" data-last-update=\"1.4\"><strong>En esta p\u00e1gina<\/strong><\/p>\n\n\n\n<p class=\"tb-heading has-text-color\" data-toolset-blocks-heading=\"e61aa8997e9522834de21cdb2df7f0d9\" data-last-update=\"1.4\"><a href=\"#getting-started\">C\u00f3mo empezar<\/a><\/p>\n\n\n\n<p class=\"tb-heading has-text-color\" data-toolset-blocks-heading=\"e61aa8997e9522834de21cdb2df7f0d9\" data-last-update=\"1.4\"><a href=\"#translate-gravity-forms\">C\u00f3mo traducir formularios gravity con WPML<\/a><\/p>\n\n\n\n<p class=\"tb-heading has-text-color\" data-toolset-blocks-heading=\"57fd50fba93b22bbe47ab8e2f98ccbfc\" data-last-update=\"1.4\"><a href=\"#translate-with-wpml\">Empieza a traducir con WPML<\/a><\/p>\n<\/div>\n\n\n\n<div class=\"wp-block-toolset-blocks-grid-column tb-grid-column tb-grid-align-top product-page-content\" data-toolset-blocks-grid-column=\"3ca40a3bbaa937ab1f07ea8568a8fddf\">\n<h2 class=\"wp-block-heading\" id=\"getting-started\">C\u00f3mo empezar<\/h2>\n\n\n\n<p>Para traducir Gravity Forms con WPML, tienes que instalar y activar los siguientes plugins:<\/p>\n\n\n\n<ul class=\"wp-block-list\">\n<li>WPML<\/li>\n\n\n\n<li>WPML String Translation<\/li>\n\n\n\n<li><a href=\"https:\/\/www.gravityforms.com\/\">Gravity forms<\/a><\/li>\n\n\n\n<li><a href=\"https:\/\/wpml.org\/es\/account\/downloads\/#gravityforms-multilingual\">Gravity Forms Multilingual<\/a><\/li>\n<\/ul>\n\n\n\n<h2 class=\"wp-block-heading\" id=\"translate-gravity-forms\">C\u00f3mo traducir formularios gravity con WPML<\/h2>\n\n\n\n<p>Con WPML, puedes traducir todos los elementos de Gravity Forms. Esto incluye <\/p>\n\n\n\n<ul class=\"wp-block-list\">\n<li>T\u00edtulos de formulario<\/li>\n\n\n\n<li>Etiquetas de campo<\/li>\n\n\n\n<li>Subetiquetas<\/li>\n\n\n\n<li>Botones de radio<\/li>\n\n\n\n<li>Casillas de verificaci\u00f3n<\/li>\n\n\n\n<li>Desplegables<\/li>\n\n\n\n<li>Confirmaciones<\/li>\n\n\n\n<li>Notificaciones<\/li>\n<\/ul>\n\n\n\n<p>Para traducir Gravity Forms con WPML:<\/p>\n\n\n\n<ol class=\"wp-block-list\">\n<li>Ve a <strong>WPML<\/strong> \u2192 <strong>Panel de traducci\u00f3n<\/strong> y despl\u00e1zate hasta la secci\u00f3n <strong>Gravity Forms<\/strong>.<\/li>\n\n\n\n<li>Selecciona los formularios que quieres traducir y env\u00edalos para su traducci\u00f3n. <\/li>\n<\/ol>\n\n\n\n<figure class=\"wp-block-image tb-image tb-image-dynamic tb-image-frame-none\" data-toolset-blocks-image=\"8b5ec2a09b31d7cefa81f15dad358e5d\"><a href=\"https:\/\/wpml.org\/wp-content\/uploads\/2026\/02\/Selecting-to-translate-Gravity-Forms.png\"><img decoding=\"async\" width=\"1024\" height=\"625\" loading=\"lazy\" src=\"https:\/\/wpml.org\/wp-content\/uploads\/2026\/02\/Selecting-to-translate-Gravity-Forms-1024x625.png\" alt=\"Selecting to translate Gravity Forms\" class=\"wp-image-17792211\" srcset=\"https:\/\/wpml.org\/wp-content\/uploads\/2026\/02\/Selecting-to-translate-Gravity-Forms-1024x625.png 1024w, https:\/\/wpml.org\/wp-content\/uploads\/2026\/02\/Selecting-to-translate-Gravity-Forms-300x183.png 300w, https:\/\/wpml.org\/wp-content\/uploads\/2026\/02\/Selecting-to-translate-Gravity-Forms-150x92.png 150w, https:\/\/wpml.org\/wp-content\/uploads\/2026\/02\/Selecting-to-translate-Gravity-Forms-768x469.png 768w, https:\/\/wpml.org\/wp-content\/uploads\/2026\/02\/Selecting-to-translate-Gravity-Forms-1536x938.png 1536w, https:\/\/wpml.org\/wp-content\/uploads\/2026\/02\/Selecting-to-translate-Gravity-Forms.png 1600w\" sizes=\"auto, (max-width: 1024px) 100vw, 1024px\" \/><\/a><figcaption><div class=\"tb-image-caption\">Selecci\u00f3n para traducir Gravity Forms<\/div><\/figcaption><\/figure>\n\n\n\n<ol start=\"3\" class=\"wp-block-list\">\n<li>Por \u00faltimo, ve a <strong>WPML <\/strong>\u2192 <strong>Traducciones <\/strong>para revisar las traducciones autom\u00e1ticas o introducir las tuyas propias (si vas a traducir t\u00fa mismo).<\/li>\n<\/ol>\n\n\n\n<figure class=\"wp-block-image tb-image tb-image-dynamic tb-image-frame-none\" data-toolset-blocks-image=\"d513a7fa7c0c36635d995fd24ea92c1e\"><a href=\"https:\/\/wpml.org\/wp-content\/uploads\/2025\/08\/Clicking-the-Review-button-to-check-automatic-translations.png\"><img decoding=\"async\" width=\"1024\" height=\"578\" loading=\"lazy\" src=\"https:\/\/wpml.org\/wp-content\/uploads\/2025\/08\/Clicking-the-Review-button-to-check-automatic-translations-1024x578.png\" alt=\"Clicking the Review button to check automatic translations\" class=\"wp-image-17317394\" srcset=\"https:\/\/wpml.org\/wp-content\/uploads\/2025\/08\/Clicking-the-Review-button-to-check-automatic-translations-1024x578.png 1024w, https:\/\/wpml.org\/wp-content\/uploads\/2025\/08\/Clicking-the-Review-button-to-check-automatic-translations-300x169.png 300w, https:\/\/wpml.org\/wp-content\/uploads\/2025\/08\/Clicking-the-Review-button-to-check-automatic-translations-150x85.png 150w, https:\/\/wpml.org\/wp-content\/uploads\/2025\/08\/Clicking-the-Review-button-to-check-automatic-translations-768x433.png 768w, https:\/\/wpml.org\/wp-content\/uploads\/2025\/08\/Clicking-the-Review-button-to-check-automatic-translations-1536x867.png 1536w, https:\/\/wpml.org\/wp-content\/uploads\/2025\/08\/Clicking-the-Review-button-to-check-automatic-translations.png 1600w\" sizes=\"auto, (max-width: 1024px) 100vw, 1024px\" \/><\/a><figcaption><div class=\"tb-image-caption\">Hacer clic en el bot\u00f3n Revisar para comprobar las traducciones autom\u00e1ticas<\/div><\/figcaption><\/figure>\n\n\n\n<p>Si vas a traducir por tu cuenta, se te dirigir\u00e1 al <strong>Editor de traducci\u00f3n avanzado<\/strong>. All\u00ed, ver\u00e1s todos los elementos de tu formulario, incluidos los campos del formulario, los mensajes de confirmaci\u00f3n y las <strong>notificaciones por correo electr\u00f3nico<\/strong>, listos para ser traducidos. <\/p>\n\n\n<div class=\"wp-block-image\">\n<figure class=\" tb-image tb-image-dynamic tb-image-frame-none aligncenter\" data-toolset-blocks-image=\"614ed99cf6b92b21ec74720bbd295c77\"><a href=\"https:\/\/wpml.org\/wp-content\/uploads\/2025\/04\/wpml-advanced-translation-editor-translating-gravity-form.png\"><img decoding=\"async\" width=\"1024\" height=\"703\" loading=\"lazy\" src=\"https:\/\/wpml.org\/wp-content\/uploads\/2025\/04\/wpml-advanced-translation-editor-translating-gravity-form-1024x703.png\" alt=\"\" class=\"wp-image-16937907\" srcset=\"https:\/\/wpml.org\/wp-content\/uploads\/2025\/04\/wpml-advanced-translation-editor-translating-gravity-form-1024x703.png 1024w, https:\/\/wpml.org\/wp-content\/uploads\/2025\/04\/wpml-advanced-translation-editor-translating-gravity-form-300x206.png 300w, https:\/\/wpml.org\/wp-content\/uploads\/2025\/04\/wpml-advanced-translation-editor-translating-gravity-form-150x103.png 150w, https:\/\/wpml.org\/wp-content\/uploads\/2025\/04\/wpml-advanced-translation-editor-translating-gravity-form-768x528.png 768w, https:\/\/wpml.org\/wp-content\/uploads\/2025\/04\/wpml-advanced-translation-editor-translating-gravity-form-1536x1055.png 1536w, https:\/\/wpml.org\/wp-content\/uploads\/2025\/04\/wpml-advanced-translation-editor-translating-gravity-form-2048x1407.png 2048w\" sizes=\"auto, (max-width: 1024px) 100vw, 1024px\" \/><\/a><figcaption><div class=\"tb-image-caption\">Traducci\u00f3n de un formulario gravity en el editor de traducci\u00f3n avanzado<\/div><\/figcaption><\/figure>\n<\/div>\n\n\n<p>Cuando hayas terminado, puedes ver tus Gravity Forms traducidos cambiando de idioma en tu sitio. Recuerda <a href=\"https:\/\/wpml.org\/documentation\/getting-started-guide\/translate-pages-in-wordpress-with-wpml\/\">traducir la p\u00e1gina<\/a> que contiene tu formulario para poder cambiar de idioma. <\/p>\n\n\n\n<div class=\"wp-block-columns is-layout-flex wp-container-core-columns-is-layout-28f84493 wp-block-columns-is-layout-flex\">\n<div class=\"wp-block-column is-layout-flow wp-block-column-is-layout-flow\">\n<figure class=\"wp-block-image tb-image tb-image-dynamic tb-image-frame-none\" data-toolset-blocks-image=\"1363834e26e8c4908fe944d05a44d8ac\"><a href=\"https:\/\/wpml.org\/wp-content\/uploads\/2024\/04\/Contact-form-in-English.png\"><img decoding=\"async\" width=\"1024\" height=\"715\" loading=\"lazy\" src=\"https:\/\/wpml.org\/wp-content\/uploads\/2024\/04\/Contact-form-in-English-1024x715.png\" alt=\"Contact form in English\" class=\"wp-image-15483528\" srcset=\"https:\/\/wpml.org\/wp-content\/uploads\/2024\/04\/Contact-form-in-English-1024x715.png 1024w, https:\/\/wpml.org\/wp-content\/uploads\/2024\/04\/Contact-form-in-English-300x209.png 300w, https:\/\/wpml.org\/wp-content\/uploads\/2024\/04\/Contact-form-in-English-150x105.png 150w, https:\/\/wpml.org\/wp-content\/uploads\/2024\/04\/Contact-form-in-English-768x536.png 768w, https:\/\/wpml.org\/wp-content\/uploads\/2024\/04\/Contact-form-in-English.png 1490w\" sizes=\"auto, (max-width: 1024px) 100vw, 1024px\" \/><\/a><figcaption><div class=\"tb-image-caption\">Formulario de contacto en ingl\u00e9s <\/div><\/figcaption><\/figure>\n<\/div>\n\n\n\n<div class=\"wp-block-column is-layout-flow wp-block-column-is-layout-flow\">\n<figure class=\"wp-block-image tb-image tb-image-dynamic tb-image-frame-none\" data-toolset-blocks-image=\"dc14b32d6c440e2558dff259cb37ab2b\"><a href=\"https:\/\/wpml.org\/wp-content\/uploads\/2024\/04\/Contact-form-in-Spanish.png\"><img decoding=\"async\" width=\"1024\" height=\"697\" loading=\"lazy\" src=\"https:\/\/wpml.org\/wp-content\/uploads\/2024\/04\/Contact-form-in-Spanish-1024x697.png\" alt=\"Contact form in Spanish\" class=\"wp-image-15483543\" srcset=\"https:\/\/wpml.org\/wp-content\/uploads\/2024\/04\/Contact-form-in-Spanish-1024x697.png 1024w, https:\/\/wpml.org\/wp-content\/uploads\/2024\/04\/Contact-form-in-Spanish-300x204.png 300w, https:\/\/wpml.org\/wp-content\/uploads\/2024\/04\/Contact-form-in-Spanish-150x102.png 150w, https:\/\/wpml.org\/wp-content\/uploads\/2024\/04\/Contact-form-in-Spanish-768x523.png 768w, https:\/\/wpml.org\/wp-content\/uploads\/2024\/04\/Contact-form-in-Spanish.png 1512w\" sizes=\"auto, (max-width: 1024px) 100vw, 1024px\" \/><\/a><figcaption><div class=\"tb-image-caption\">Formulario de contacto en espa\u00f1ol <\/div><\/figcaption><\/figure>\n<\/div>\n<\/div>\n\n\n\n<h2 class=\"wp-block-heading\" id=\"translate-with-wpml\">Empieza a traducir con WPML <\/h2>\n\n\n\n<p>Si ya tiene una cuenta de WPML, puede descargar Gravity Forms Multilingual (sin coste adicional) desde la <a href=\"https:\/\/wpml.org\/es\/account\/downloads\/#gravityforms-multilingual\">p\u00e1gina de descargas<\/a>.<\/p>\n\n\n\n<p>\u00bfNo tienes WPML? Visita nuestra <a href=\"https:\/\/wpml.org\/es\/purchase\/\">p\u00e1gina de precios<\/a> para encontrar el plan adecuado para tu sitio web.  <\/p>\n<\/div>\n<\/div>\n<\/div><\/div>\n","protected":false},"excerpt":{"rendered":"<p class=\"lead\">WPML te permite traducir los textos que aparecen en tus Gravity Forms a otros idiomas en tu sitio. Una vez traducido, el formulario se muestra autom\u00e1ticamente en el idioma correcto en el front-end. <\/p>\n","protected":false},"author":538393,"featured_media":0,"parent":97645,"menu_order":36,"comment_status":"closed","ping_status":"closed","template":"template-full-with-popup-generic.php","meta":{"_bbp_topic_count":0,"_bbp_reply_count":0,"_bbp_total_topic_count":0,"_bbp_total_reply_count":0,"_bbp_voice_count":0,"_bbp_anonymous_reply_count":0,"_bbp_topic_count_hidden":0,"_bbp_reply_count_hidden":0,"_bbp_forum_subforum_count":0,"_uag_custom_page_level_css":"","ep_exclude_from_search":false,"footnotes":""},"related-projects-category":[27804],"class_list":["post-15197990","page","type-page","status-publish","hentry","related-projects-category-forms-es"],"spectra_custom_meta":{"ratings_users":["0"],"ratings_score":["0"],"ratings_average":["0"],"_subscription_coupon_product_id":["0"],"_wpv_contains_gutenberg_views":[""],"_alp_processed":["1772090723"],"_views_template":["0"],"wpcf-unformatted-code":[""],"_wpml_media_duplicate":["0"],"_wpml_media_featured":["1"],"toolset_post_editor_mode":["block"],"wpcf-price-increase-show-from":[""],"wpcf-price-increase-show-till":[""],"_wp_page_template":["template-full-with-popup-generic.php"],"_last_translation_edit_mode":["translation-editor"],"_wpml_word_count":["580"],"cmplz_hide_cookiebanner":[""],"wpcf-related-product-full-name":["Gravity Forms Multilingual"],"wpcf-related-product-download-url":["https:\/\/wpml.org\/account\/downloads\/#gravityforms-multilingual"],"wpcf-price-increase-content":[""],"wpcf-login-box-title":[""],"wpcf-page-content":[""],"_yoast_wpseo_primary_related-projects-category":["26967"],"_oembed_bbf56b1d4c25ce11481afba39f176f85":["{{unknown}}"],"_yoast_wpseo_title":["Gravity Forms Multilingual - Traduzca formularios con WPML"],"_yoast_wpseo_metadesc":["Gravity Forms Multilingual (GFML) es un complemento de WPML para traducir los campos y las etiquetas de sus formularios a m\u00e1s idiomas."],"_yoast_wpseo_focuskw":["gravity forms multilingual"],"_uag_css_file_name":["uag-css-15197990.css"],"_uag_page_assets":["a:9:{s:3:\"css\";s:260:\".uag-blocks-common-selector{z-index:var(--z-index-desktop) !important}@media(max-width: 976px){.uag-blocks-common-selector{z-index:var(--z-index-tablet) !important}}@media(max-width: 767px){.uag-blocks-common-selector{z-index:var(--z-index-mobile) !important}}\";s:2:\"js\";s:0:\"\";s:18:\"current_block_list\";a:14:{i:0;s:24:\"toolset-blocks\/container\";i:1;s:22:\"toolset-blocks\/heading\";i:2;s:19:\"toolset-blocks\/grid\";i:3;s:26:\"toolset-blocks\/grid-column\";i:4;s:30:\"toolset-blocks\/fields-and-text\";i:5;s:21:\"toolset-blocks\/button\";i:7;s:20:\"toolset-blocks\/image\";i:9;s:12:\"core\/heading\";i:10;s:14:\"core\/paragraph\";i:11;s:9:\"core\/list\";i:12;s:14:\"core\/list-item\";i:13;s:12:\"core\/columns\";i:14;s:11:\"core\/column\";i:15;s:14:\"core\/shortcode\";}s:8:\"uag_flag\";b:0;s:11:\"uag_version\";s:10:\"1778176237\";s:6:\"gfonts\";a:0:{}s:10:\"gfonts_url\";s:0:\"\";s:12:\"gfonts_files\";a:0:{}s:14:\"uag_faq_layout\";b:0;}"]},"uagb_featured_image_src":{"full":false,"thumbnail":false,"medium":false,"medium_large":false,"large":false,"1536x1536":false,"2048x2048":false,"gform-image-choice-sm":false,"gform-image-choice-md":false,"gform-image-choice-lg":false,"woocommerce_thumbnail":false,"woocommerce_single":false,"woocommerce_gallery_thumbnail":false},"uagb_author_info":{"display_name":"Kathy","author_link":"https:\/\/wpml.org\/es\/author\/kathy-b\/"},"uagb_comment_info":0,"uagb_excerpt":"WPML te permite traducir los textos que aparecen en tus Gravity Forms a otros idiomas en tu sitio. Una vez traducido, el formulario se muestra autom\u00e1ticamente en el idioma correcto en el front-end.","_links":{"self":[{"href":"https:\/\/wpml.org\/es\/wp-json\/wp\/v2\/pages\/15197990","targetHints":{"allow":["GET"]}}],"collection":[{"href":"https:\/\/wpml.org\/es\/wp-json\/wp\/v2\/pages"}],"about":[{"href":"https:\/\/wpml.org\/es\/wp-json\/wp\/v2\/types\/page"}],"author":[{"embeddable":true,"href":"https:\/\/wpml.org\/es\/wp-json\/wp\/v2\/users\/538393"}],"replies":[{"embeddable":true,"href":"https:\/\/wpml.org\/es\/wp-json\/wp\/v2\/comments?post=15197990"}],"version-history":[{"count":8,"href":"https:\/\/wpml.org\/es\/wp-json\/wp\/v2\/pages\/15197990\/revisions"}],"predecessor-version":[{"id":17854254,"href":"https:\/\/wpml.org\/es\/wp-json\/wp\/v2\/pages\/15197990\/revisions\/17854254"}],"up":[{"embeddable":true,"href":"https:\/\/wpml.org\/es\/wp-json\/wp\/v2\/pages\/97645"}],"wp:attachment":[{"href":"https:\/\/wpml.org\/es\/wp-json\/wp\/v2\/media?parent=15197990"}],"wp:term":[{"taxonomy":"related-projects-category","embeddable":true,"href":"https:\/\/wpml.org\/es\/wp-json\/wp\/v2\/related-projects-category?post=15197990"}],"curies":[{"name":"wp","href":"https:\/\/api.w.org\/{rel}","templated":true}]}}