{"id":1524442,"date":"2018-02-21T07:04:57","date_gmt":"2018-02-21T07:04:57","guid":{"rendered":"https:\/\/wpml.org\/account\/administracion-de-la-comunicacion\/"},"modified":"2024-06-12T09:14:30","modified_gmt":"2024-06-12T09:14:30","slug":"administracion-de-la-comunicacion","status":"publish","type":"page","link":"https:\/\/wpml.org\/es\/account\/administracion-de-la-comunicacion\/","title":{"rendered":"Gesti\u00f3n de boletines"},"content":{"rendered":"","protected":false},"excerpt":{"rendered":"","protected":false},"author":64191,"featured_media":0,"parent":452173,"menu_order":27,"comment_status":"closed","ping_status":"closed","template":"page-newsletter-management.php","meta":{"_bbp_topic_count":0,"_bbp_reply_count":0,"_bbp_total_topic_count":0,"_bbp_total_reply_count":0,"_bbp_voice_count":0,"_bbp_anonymous_reply_count":0,"_bbp_topic_count_hidden":0,"_bbp_reply_count_hidden":0,"_bbp_forum_subforum_count":0,"_uag_custom_page_level_css":"","ep_exclude_from_search":false,"footnotes":""},"related-projects-category":[],"class_list":["post-1524442","page","type-page","status-publish","hentry"],"spectra_custom_meta":{"ratings_users":["0"],"ratings_score":["0"],"ratings_average":["0"],"inline_featured_image":["0"],"_alp_processed":["1718183670"],"_views_template":["0"],"_wp_page_template":["page-newsletter-management.php"],"_wpml_media_featured":["1"],"_wpml_media_duplicate":["0"],"_subscription_coupon_product_id":["0"],"_last_translation_edit_mode":["translation-editor"],"_top_nav_excluded":[""],"_cms_nav_minihome":[""],"wpcf-login-box-title":["Configura tu bolet\u00edn WPML"],"wpcf-page-content":["<div class=\"row justify-content-center\">\n<div class=\"col-md-10\">\nEsta P\u00e1gina te permite cambiar la configuraci\u00f3n para recibir noticias sobre las versiones de WPML, consejos de nuestros expertos, \u00faltimas novedades y mucho m\u00e1s.\nPuedes seleccionar f\u00e1cilmente qu\u00e9 actualizaciones quieres recibir exactamente. \n<\/div>\n<\/div>"],"_uag_page_assets":["a:9:{s:3:\"css\";s:260:\".uag-blocks-common-selector{z-index:var(--z-index-desktop) !important}@media(max-width: 976px){.uag-blocks-common-selector{z-index:var(--z-index-tablet) !important}}@media(max-width: 767px){.uag-blocks-common-selector{z-index:var(--z-index-mobile) !important}}\";s:2:\"js\";s:0:\"\";s:18:\"current_block_list\";a:1:{i:0;s:14:\"core\/shortcode\";}s:8:\"uag_flag\";b:0;s:11:\"uag_version\";s:10:\"1778208518\";s:6:\"gfonts\";a:0:{}s:10:\"gfonts_url\";s:0:\"\";s:12:\"gfonts_files\";a:0:{}s:14:\"uag_faq_layout\";b:0;}"],"_uag_css_file_name":["uag-css-1524442.css"]},"uagb_featured_image_src":{"full":false,"thumbnail":false,"medium":false,"medium_large":false,"large":false,"1536x1536":false,"2048x2048":false,"gform-image-choice-sm":false,"gform-image-choice-md":false,"gform-image-choice-lg":false,"woocommerce_thumbnail":false,"woocommerce_single":false,"woocommerce_gallery_thumbnail":false},"uagb_author_info":{"display_name":"Ana","author_link":"https:\/\/wpml.org\/es\/author\/ana-c\/"},"uagb_comment_info":0,"uagb_excerpt":null,"_links":{"self":[{"href":"https:\/\/wpml.org\/es\/wp-json\/wp\/v2\/pages\/1524442","targetHints":{"allow":["GET"]}}],"collection":[{"href":"https:\/\/wpml.org\/es\/wp-json\/wp\/v2\/pages"}],"about":[{"href":"https:\/\/wpml.org\/es\/wp-json\/wp\/v2\/types\/page"}],"author":[{"embeddable":true,"href":"https:\/\/wpml.org\/es\/wp-json\/wp\/v2\/users\/64191"}],"replies":[{"embeddable":true,"href":"https:\/\/wpml.org\/es\/wp-json\/wp\/v2\/comments?post=1524442"}],"version-history":[{"count":1,"href":"https:\/\/wpml.org\/es\/wp-json\/wp\/v2\/pages\/1524442\/revisions"}],"predecessor-version":[{"id":15730107,"href":"https:\/\/wpml.org\/es\/wp-json\/wp\/v2\/pages\/1524442\/revisions\/15730107"}],"up":[{"embeddable":true,"href":"https:\/\/wpml.org\/es\/wp-json\/wp\/v2\/pages\/452173"}],"wp:attachment":[{"href":"https:\/\/wpml.org\/es\/wp-json\/wp\/v2\/media?parent=1524442"}],"wp:term":[{"taxonomy":"related-projects-category","embeddable":true,"href":"https:\/\/wpml.org\/es\/wp-json\/wp\/v2\/related-projects-category?post=1524442"}],"curies":[{"name":"wp","href":"https:\/\/api.w.org\/{rel}","templated":true}]}}