{"id":15251844,"date":"2020-01-10T16:51:40","date_gmt":"2020-01-10T16:51:40","guid":{"rendered":"https:\/\/wpml.org\/documentation-2\/proyectos-relacionados\/como-crear-formularios-multilingues-con-ninja-forms-multilingual-y-wpml\/"},"modified":"2026-02-26T07:11:56","modified_gmt":"2026-02-26T07:11:56","slug":"como-crear-formularios-multilingues-con-ninja-forms-multilingual-y-wpml","status":"publish","type":"page","link":"https:\/\/wpml.org\/es\/documentation-2\/proyectos-relacionados\/como-crear-formularios-multilingues-con-ninja-forms-multilingual-y-wpml\/","title":{"rendered":"Creaci\u00f3n de formularios multiling\u00fces con Ninja Forms y WPML"},"content":{"rendered":"\n<div class=\"wp-block-toolset-blocks-container tb-container alignfull\" data-toolset-blocks-container=\"3bdd7b7923f0504f85e1f169382e9634\"><div class=\"tb-container-inner\">\n<p class=\"tb-heading has-text-color\" data-toolset-blocks-heading=\"12d3e7a40b21f8b1ac6a31847a202b82\" data-last-update=\"1.4\"><span><span><a href=\"https:\/\/wpml.org\/es\/pagina-principal\/\">Home<\/a><\/span><\/span><\/p>\n\n\n\n<div class=\"wp-block-toolset-blocks-grid tb-grid\" data-toolset-blocks-grid=\"1e3256eddcd8d1ddf217eef5389f4d56\">\n<div class=\"wp-block-toolset-blocks-grid-column tb-grid-column tb-grid-align-center\" data-toolset-blocks-grid-column=\"f586ff7bfe1d7317c63162ec7b7039ed\">\n<div class=\"wp-block-toolset-blocks-container tb-container\" data-toolset-blocks-container=\"b7100b8049c686a2b456b529c816d48c\"><\/div>\n\n\n\n<h1 class=\"tb-heading has-text-color\" data-toolset-blocks-heading=\"b686c8b3d4780754ef6585bd91a569b8\" data-last-update=\"1.4\">Ninja Forms Multilingual: traducci\u00f3n de formularios sin esfuerzo con WPML<\/h1>\n\n\n\n<p class=\"has-medium-font-size\">Ninja Forms Multilingual (NFML) es un complemento de WPML para traducir los campos y las etiquetas de sus formularios a m\u00e1s idiomas.<\/p>\n\n\n\n<div style=\"height:15px\" aria-hidden=\"true\" class=\"wp-block-spacer\"><\/div>\n\n\n\n<div id=\"wpml-info-account-trigger\" class=\"tb-button\" data-toolset-blocks-button=\"ef2a24371a5cef791a2cf0512e8867b1\"><a class=\"tb-button__link\" href=\"https:\/\/wpml.org\/account\/downloads\/#wpml-ninja-forms\"><span class=\"tb-button__content\">Obtenga Ninja Forms Multilingual<\/span><i class=\"tb-button__icon\"><\/i><\/a><\/div>\n<\/div>\n\n\n\n<div class=\"wp-block-toolset-blocks-grid-column tb-grid-column tb-grid-align-center\" data-toolset-blocks-grid-column=\"c77f65d01bb1c283e93f285b389d97af\">\n<figure class=\"wp-block-image tb-image tb-image-dynamic tb-image-frame-none\" data-toolset-blocks-image=\"d232bd64397efd699a867df4fdcb96f9\"><img decoding=\"async\" width=\"706\" height=\"644\" loading=\"lazy\" src=\"https:\/\/wpml.org\/wp-content\/uploads\/2023\/04\/form-14-1.png\" alt=\"\" class=\"wp-image-13398407\" srcset=\"https:\/\/wpml.org\/wp-content\/uploads\/2023\/04\/form-14-1.png 706w, https:\/\/wpml.org\/wp-content\/uploads\/2023\/04\/form-14-1-300x274.png 300w, https:\/\/wpml.org\/wp-content\/uploads\/2023\/04\/form-14-1-150x137.png 150w\" sizes=\"auto, (max-width: 706px) 100vw, 706px\" \/><\/figure>\n<\/div>\n<\/div>\n<\/div><\/div>\n\n<div class=\"wp-block-toolset-blocks-container tb-container\" data-toolset-blocks-container=\"4402d053d6a59f530e7a06f2c4a80699\"><div class=\"tb-container-inner\">\n<h3 class=\"tb-heading has-text-color\" data-toolset-blocks-heading=\"dc56c1bd2585d5bceed02dcf19062eab\" data-last-update=\"1.4\"><strong>Traduzca Ninja Forms con WPML<\/strong><\/h3>\n\n\n\n<div class=\"wp-block-toolset-blocks-grid tb-grid\" data-toolset-blocks-grid=\"d73b029f031f092476d7c78dca9026b6\">\n<div class=\"wp-block-toolset-blocks-grid-column tb-grid-column tb-grid-align-top\" data-toolset-blocks-grid-column=\"3034fbe886c11054e95b46b09d3e4112\">\n<div class=\"wp-block-toolset-blocks-grid tb-grid\" data-toolset-blocks-grid=\"9bfc87ef58a09f5e6817f53045b0bafe\">\n<div class=\"wp-block-toolset-blocks-grid-column tb-grid-column tb-grid-align-top\" data-toolset-blocks-grid-column=\"3034fbe886c11054e95b46b09d3e4112\">\n<div class=\"wp-block-toolset-blocks-container tb-container\" data-toolset-blocks-container=\"4c1e644b100a7cd79ae08b214443135d\"><\/div>\n<\/div>\n\n\n\n<div class=\"wp-block-toolset-blocks-grid-column tb-grid-column tb-grid-align-center\" data-toolset-blocks-grid-column=\"f586ff7bfe1d7317c63162ec7b7039ed\">\n<h3 class=\"tb-heading has-text-color\" data-toolset-blocks-heading=\"9725591899e85568dfc63c9cff28e917\" data-last-update=\"1.4\">Simplemente crea formularios en tu idioma y, a continuaci\u00f3n, trad\u00facelos a varios idiomas<\/h3>\n<\/div>\n<\/div>\n<\/div>\n\n\n\n<div class=\"wp-block-toolset-blocks-grid-column tb-grid-column tb-grid-align-top\" data-toolset-blocks-grid-column=\"6aa6629b0bd14de4b0c8a30d5e016060\">\n<div class=\"wp-block-toolset-blocks-grid tb-grid\" data-toolset-blocks-grid=\"9bfc87ef58a09f5e6817f53045b0bafe\">\n<div class=\"wp-block-toolset-blocks-grid-column tb-grid-column tb-grid-align-top\" data-toolset-blocks-grid-column=\"3034fbe886c11054e95b46b09d3e4112\">\n<div class=\"wp-block-toolset-blocks-container tb-container\" data-toolset-blocks-container=\"4c1e644b100a7cd79ae08b214443135d\"><\/div>\n<\/div>\n\n\n\n<div class=\"wp-block-toolset-blocks-grid-column tb-grid-column tb-grid-align-center\" data-toolset-blocks-grid-column=\"f586ff7bfe1d7317c63162ec7b7039ed\">\n<h3 class=\"tb-heading has-text-color\" data-toolset-blocks-heading=\"b40d2f81245ad6defbcd1e818829d11d\" data-last-update=\"1.4\">Traduce formularios autom\u00e1ticamente, por ti mismo o con la ayuda de traductores experimentados<\/h3>\n<\/div>\n<\/div>\n<\/div>\n\n\n\n<div class=\"wp-block-toolset-blocks-grid-column tb-grid-column tb-grid-align-top\" data-toolset-blocks-grid-column=\"3034fbe886c11054e95b46b09d3e4112\">\n<div class=\"wp-block-toolset-blocks-grid tb-grid\" data-toolset-blocks-grid=\"1c3b519f11ed173dde36e2dd3d915363\">\n<div class=\"wp-block-toolset-blocks-grid-column tb-grid-column tb-grid-align-top\" data-toolset-blocks-grid-column=\"3034fbe886c11054e95b46b09d3e4112\">\n<div class=\"wp-block-toolset-blocks-container tb-container\" data-toolset-blocks-container=\"4c1e644b100a7cd79ae08b214443135d\"><\/div>\n<\/div>\n\n\n\n<div class=\"wp-block-toolset-blocks-grid-column tb-grid-column tb-grid-align-center\" data-toolset-blocks-grid-column=\"f586ff7bfe1d7317c63162ec7b7039ed\">\n<h3 class=\"tb-heading has-text-color\" data-toolset-blocks-heading=\"b40d2f81245ad6defbcd1e818829d11d\" data-last-update=\"1.4\">Los formularios traducidos aparecen autom\u00e1ticamente en tus entradas y p\u00e1ginas sin ning\u00fan esfuerzo adicional por tu parte<\/h3>\n<\/div>\n<\/div>\n<\/div>\n<\/div>\n<\/div><\/div>\n\n<div class=\"wp-block-toolset-blocks-container tb-container\" data-toolset-blocks-container=\"a03f28b68e7ebf56bfe1641740b90da2\"><div class=\"tb-container-inner\">\n<div class=\"wp-block-toolset-blocks-grid tb-grid\" data-toolset-blocks-grid=\"d996511cd63e79e8bac4bdd8b35d3a54\">\n<div class=\"wp-block-toolset-blocks-grid-column tb-grid-column tb-grid-align-top product-page-content\" data-toolset-blocks-grid-column=\"3ca40a3bbaa937ab1f07ea8568a8fddf\">\n<h2 class=\"wp-block-heading\" id=\"getting-started\">C\u00f3mo empezar<\/h2>\n\n\n\n<p>Para traducir Ninja Forms con WPML, instale y active los siguientes plugins: <\/p>\n\n\n\n<ul class=\"wp-block-list\">\n<li><a href=\"https:\/\/ninjaforms.com\/\" target=\"_blank\" rel=\"noreferrer noopener\">Ninja Forms<\/a><\/li>\n\n\n\n<li>WPML <\/li>\n\n\n\n<li>WPML String Translation<\/li>\n\n\n\n<li><a href=\"https:\/\/wpml.org\/es\/download\/wpml-ninja-forms\/?section=changelog\">Ninja Forms Multilingual<\/a><\/li>\n<\/ul>\n\n\n\n<h2 class=\"wp-block-heading\" id=\"creating-and-translating-forms\">C\u00f3mo traducir Ninja Forms con WPML<\/h2>\n\n\n\n<p>WPML le permite traducir cada parte de Ninja Forms. Esto incluye tipos de campo, etiquetas, marcadores de posici\u00f3n, texto de ayuda, mensajes y m\u00e1s.  <\/p>\n\n\n\n<p>Para traducir Ninja Forms con WPML:<\/p>\n\n\n\n<ol class=\"wp-block-list\">\n<li>Vaya a <strong>WPML<\/strong> \u2192 <strong>Panel de traducci\u00f3n<\/strong> y despl\u00e1cese hasta la secci\u00f3n <strong>Ninja Forms<\/strong>.<\/li>\n\n\n\n<li>Selecciona los formularios que quieras traducir.<\/li>\n<\/ol>\n\n\n\n<figure class=\"wp-block-image tb-image tb-image-dynamic tb-image-frame-none\" data-toolset-blocks-image=\"420076f41ef01e08eb4d030359482531\"><a href=\"https:\/\/wpml.org\/wp-content\/uploads\/2026\/02\/Selecting-to-translate-Ninja-Form.png\"><img decoding=\"async\" width=\"1024\" height=\"625\" loading=\"lazy\" src=\"https:\/\/wpml.org\/wp-content\/uploads\/2026\/02\/Selecting-to-translate-Ninja-Form-1024x625.png\" alt=\"Selecting to translate Ninja Form\" class=\"wp-image-17792515\" srcset=\"https:\/\/wpml.org\/wp-content\/uploads\/2026\/02\/Selecting-to-translate-Ninja-Form-1024x625.png 1024w, https:\/\/wpml.org\/wp-content\/uploads\/2026\/02\/Selecting-to-translate-Ninja-Form-300x183.png 300w, https:\/\/wpml.org\/wp-content\/uploads\/2026\/02\/Selecting-to-translate-Ninja-Form-150x92.png 150w, https:\/\/wpml.org\/wp-content\/uploads\/2026\/02\/Selecting-to-translate-Ninja-Form-768x469.png 768w, https:\/\/wpml.org\/wp-content\/uploads\/2026\/02\/Selecting-to-translate-Ninja-Form-1536x938.png 1536w, https:\/\/wpml.org\/wp-content\/uploads\/2026\/02\/Selecting-to-translate-Ninja-Form.png 1600w\" sizes=\"auto, (max-width: 1024px) 100vw, 1024px\" \/><\/a><figcaption><div class=\"tb-image-caption\">Seleccionando para traducir Ninja Form<\/div><\/figcaption><\/figure>\n\n\n\n<ol start=\"3\" class=\"wp-block-list\">\n<li>Elige un m\u00e9todo de traducci\u00f3n y, a continuaci\u00f3n, env\u00eda para traducir.<\/li>\n<\/ol>\n\n\n\n<div style=\"height:30px\" aria-hidden=\"true\" class=\"wp-block-spacer\"><\/div>\n\n\n\n<p>Para ver tu formulario traducido, visita la p\u00e1gina que contiene tu formulario y cambia de idioma. <\/p>\n\n\n\n<div class=\"wp-block-toolset-blocks-grid tb-grid\" data-toolset-blocks-grid=\"3d9c399fe625e1b972f817a0680229f6\">\n<div class=\"wp-block-toolset-blocks-grid-column tb-grid-column tb-grid-align-top\" data-toolset-blocks-grid-column=\"3034fbe886c11054e95b46b09d3e4112\">\n<figure class=\"wp-block-image tb-image tb-image-dynamic tb-image-frame-none\" data-toolset-blocks-image=\"1373f6997fde4652820ad79c9dc286c7\"><a href=\"https:\/\/wpml.org\/wp-content\/uploads\/2024\/07\/Ninja-Form-in-English.png\"><img decoding=\"async\" width=\"1024\" height=\"903\" loading=\"lazy\" src=\"https:\/\/wpml.org\/wp-content\/uploads\/2024\/07\/Ninja-Form-in-English-1024x903.png\" alt=\"Ninja Form in English\" class=\"wp-image-16006964\" srcset=\"https:\/\/wpml.org\/wp-content\/uploads\/2024\/07\/Ninja-Form-in-English-1024x903.png 1024w, https:\/\/wpml.org\/wp-content\/uploads\/2024\/07\/Ninja-Form-in-English-300x264.png 300w, https:\/\/wpml.org\/wp-content\/uploads\/2024\/07\/Ninja-Form-in-English-150x132.png 150w, https:\/\/wpml.org\/wp-content\/uploads\/2024\/07\/Ninja-Form-in-English-768x677.png 768w, https:\/\/wpml.org\/wp-content\/uploads\/2024\/07\/Ninja-Form-in-English.png 1334w\" sizes=\"auto, (max-width: 1024px) 100vw, 1024px\" \/><\/a><figcaption><div class=\"tb-image-caption\">Ninja Forms en ingl\u00e9s<\/div><\/figcaption><\/figure>\n<\/div>\n\n\n\n<div class=\"wp-block-toolset-blocks-grid-column tb-grid-column tb-grid-align-top\" data-toolset-blocks-grid-column=\"3034fbe886c11054e95b46b09d3e4112\">\n<figure class=\"wp-block-image tb-image tb-image-dynamic tb-image-frame-none\" data-toolset-blocks-image=\"28169bfe5cd63b19d009f25cdf09d10d\"><a href=\"https:\/\/wpml.org\/wp-content\/uploads\/2024\/07\/Ninja-Form-in-Spanish-1.png\"><img decoding=\"async\" width=\"1024\" height=\"904\" loading=\"lazy\" src=\"https:\/\/wpml.org\/wp-content\/uploads\/2024\/07\/Ninja-Form-in-Spanish-1-1024x904.png\" alt=\"Ninja Form in Spanish\" class=\"wp-image-16007396\" srcset=\"https:\/\/wpml.org\/wp-content\/uploads\/2024\/07\/Ninja-Form-in-Spanish-1-1024x904.png 1024w, https:\/\/wpml.org\/wp-content\/uploads\/2024\/07\/Ninja-Form-in-Spanish-1-300x265.png 300w, https:\/\/wpml.org\/wp-content\/uploads\/2024\/07\/Ninja-Form-in-Spanish-1-150x132.png 150w, https:\/\/wpml.org\/wp-content\/uploads\/2024\/07\/Ninja-Form-in-Spanish-1-768x678.png 768w, https:\/\/wpml.org\/wp-content\/uploads\/2024\/07\/Ninja-Form-in-Spanish-1.png 1320w\" sizes=\"auto, (max-width: 1024px) 100vw, 1024px\" \/><\/a><figcaption><div class=\"tb-image-caption\">Formulario Ninja en espa\u00f1ol<\/div><\/figcaption><\/figure>\n<\/div>\n<\/div>\n\n\n\n<p>Recuerda <a href=\"\/?page_id=15451745\">traducir la p\u00e1gina<\/a> que contiene tu formulario para poder cambiar de idioma.<\/p>\n\n\n\n<h2 class=\"wp-block-heading\" id=\"get-started\">Comience con WPML<\/h2>\n\n\n\n<p>Para traducir Ninja Forms con WPML, necesita un plan de pago. Visite nuestra <a href=\"https:\/\/wpml.org\/es\/purchase\/\">p\u00e1gina de precios<\/a> para obtener m\u00e1s informaci\u00f3n. <\/p>\n<\/div>\n\n\n\n<div class=\"wp-block-toolset-blocks-grid-column tb-grid-column tb-grid-align-top\" data-toolset-blocks-grid-column=\"3034fbe886c11054e95b46b09d3e4112\">\n<\/div>\n<\/div>\n<\/div><\/div>\n","protected":false},"excerpt":{"rendered":"<p class=\"lead\">Ninja Forms es un creador de formularios intuitivo de arrastrar y soltar para WordPress. Aprenda a usar WPML para crear formularios multiling\u00fces con Ninja Forms. <\/p>\n","protected":false},"author":538393,"featured_media":0,"parent":97645,"menu_order":64,"comment_status":"closed","ping_status":"closed","template":"template-full-with-popup-generic.php","meta":{"_bbp_topic_count":0,"_bbp_reply_count":0,"_bbp_total_topic_count":0,"_bbp_total_reply_count":0,"_bbp_voice_count":0,"_bbp_anonymous_reply_count":0,"_bbp_topic_count_hidden":0,"_bbp_reply_count_hidden":0,"_bbp_forum_subforum_count":0,"_uag_custom_page_level_css":"","ep_exclude_from_search":false,"footnotes":""},"related-projects-category":[27804],"class_list":["post-15251844","page","type-page","status-publish","hentry","related-projects-category-forms-es"],"spectra_custom_meta":{"ratings_users":["0"],"ratings_score":["0"],"ratings_average":["0"],"_subscription_coupon_product_id":["0"],"_wpv_contains_gutenberg_views":[""],"_alp_processed":["1772089917"],"_views_template":["0"],"wpcf-unformatted-code":[""],"_wpml_media_duplicate":["1"],"_wpml_media_featured":["1"],"toolset_post_editor_mode":["block"],"wpcf-price-increase-show-from":[""],"wpcf-price-increase-show-till":[""],"_wp_page_template":["template-full-with-popup-generic.php"],"_last_translation_edit_mode":["translation-editor"],"_oembed_9d8f38350a62c2462b3bba4cd94fcb5c":["{{unknown}}"],"_oembed_2b752d957f9927f85cd3e8f1842c4adf":["{{unknown}}"],"_wpml_word_count":["399"],"_oembed_bbf56b1d4c25ce11481afba39f176f85":["<iframe title=\"Using WPML to translate content created with page builders\" width=\"700\" height=\"394\" src=\"https:\/\/www.youtube.com\/embed\/MSqNzrdPMkE?feature=oembed&enablejsapi=1&origin=https:\/\/wpml.org\" frameborder=\"0\" allow=\"accelerometer; autoplay; clipboard-write; encrypted-media; gyroscope; picture-in-picture; web-share\" referrerpolicy=\"strict-origin-when-cross-origin\" allowfullscreen><\/iframe>"],"_oembed_time_bbf56b1d4c25ce11481afba39f176f85":["1712565372"],"cmplz_hide_cookiebanner":[""],"wpcf-related-product-full-name":["Ninja Forms Multilingual"],"wpcf-related-product-download-url":["https:\/\/wpml.org\/account\/downloads\/#wpml-ninja-forms"],"wpcf-price-increase-content":[""],"wpcf-login-box-title":[""],"wpcf-page-content":[""],"_yoast_wpseo_primary_related-projects-category":["26967"],"_yoast_wpseo_title":["Ninja Forms Multilingual: traduzca formularios con WPML"],"_yoast_wpseo_metadesc":["Ninja Forms Multilingual (NFML) es un complemento de WPML para traducir los campos y las etiquetas de sus formularios a m\u00e1s idiomas."],"_uag_css_file_name":["uag-css-15251844.css"],"_uag_page_assets":["a:9:{s:3:\"css\";s:260:\".uag-blocks-common-selector{z-index:var(--z-index-desktop) !important}@media(max-width: 976px){.uag-blocks-common-selector{z-index:var(--z-index-tablet) !important}}@media(max-width: 767px){.uag-blocks-common-selector{z-index:var(--z-index-mobile) !important}}\";s:2:\"js\";s:0:\"\";s:18:\"current_block_list\";a:12:{i:0;s:24:\"toolset-blocks\/container\";i:1;s:22:\"toolset-blocks\/heading\";i:2;s:19:\"toolset-blocks\/grid\";i:3;s:26:\"toolset-blocks\/grid-column\";i:4;s:14:\"core\/paragraph\";i:5;s:11:\"core\/spacer\";i:6;s:21:\"toolset-blocks\/button\";i:8;s:20:\"toolset-blocks\/image\";i:12;s:12:\"core\/heading\";i:13;s:9:\"core\/list\";i:14;s:14:\"core\/list-item\";i:16;s:14:\"core\/shortcode\";}s:8:\"uag_flag\";b:0;s:11:\"uag_version\";s:10:\"1778459707\";s:6:\"gfonts\";a:0:{}s:10:\"gfonts_url\";s:0:\"\";s:12:\"gfonts_files\";a:0:{}s:14:\"uag_faq_layout\";b:0;}"]},"uagb_featured_image_src":{"full":false,"thumbnail":false,"medium":false,"medium_large":false,"large":false,"1536x1536":false,"2048x2048":false,"gform-image-choice-sm":false,"gform-image-choice-md":false,"gform-image-choice-lg":false,"woocommerce_thumbnail":false,"woocommerce_single":false,"woocommerce_gallery_thumbnail":false},"uagb_author_info":{"display_name":"Kathy","author_link":"https:\/\/wpml.org\/es\/author\/kathy-b\/"},"uagb_comment_info":0,"uagb_excerpt":"Ninja Forms es un creador de formularios intuitivo de arrastrar y soltar para WordPress. Aprenda a usar WPML para crear formularios multiling\u00fces con Ninja Forms.","_links":{"self":[{"href":"https:\/\/wpml.org\/es\/wp-json\/wp\/v2\/pages\/15251844","targetHints":{"allow":["GET"]}}],"collection":[{"href":"https:\/\/wpml.org\/es\/wp-json\/wp\/v2\/pages"}],"about":[{"href":"https:\/\/wpml.org\/es\/wp-json\/wp\/v2\/types\/page"}],"author":[{"embeddable":true,"href":"https:\/\/wpml.org\/es\/wp-json\/wp\/v2\/users\/538393"}],"replies":[{"embeddable":true,"href":"https:\/\/wpml.org\/es\/wp-json\/wp\/v2\/comments?post=15251844"}],"version-history":[{"count":8,"href":"https:\/\/wpml.org\/es\/wp-json\/wp\/v2\/pages\/15251844\/revisions"}],"predecessor-version":[{"id":17853713,"href":"https:\/\/wpml.org\/es\/wp-json\/wp\/v2\/pages\/15251844\/revisions\/17853713"}],"up":[{"embeddable":true,"href":"https:\/\/wpml.org\/es\/wp-json\/wp\/v2\/pages\/97645"}],"wp:attachment":[{"href":"https:\/\/wpml.org\/es\/wp-json\/wp\/v2\/media?parent=15251844"}],"wp:term":[{"taxonomy":"related-projects-category","embeddable":true,"href":"https:\/\/wpml.org\/es\/wp-json\/wp\/v2\/related-projects-category?post=15251844"}],"curies":[{"name":"wp","href":"https:\/\/api.w.org\/{rel}","templated":true}]}}