{"id":15257675,"date":"2020-01-20T11:59:52","date_gmt":"2020-01-20T11:59:52","guid":{"rendered":"https:\/\/wpml.org\/documentation-2\/proyectos-relacionados\/crear-formularios-multilingues-con-wpforms-y-wpml\/"},"modified":"2026-02-26T07:09:18","modified_gmt":"2026-02-26T07:09:18","slug":"crear-formularios-multilingues-con-wpforms-y-wpml","status":"publish","type":"page","link":"https:\/\/wpml.org\/es\/documentation-2\/proyectos-relacionados\/crear-formularios-multilingues-con-wpforms-y-wpml\/","title":{"rendered":"Creaci\u00f3n de formularios multiling\u00fces con WPForms y WPML"},"content":{"rendered":"\n<div class=\"wp-block-toolset-blocks-container tb-container alignfull\" data-toolset-blocks-container=\"94dd78864cc45c0d76f651c04a8537d4\"><div class=\"tb-container-inner\">\n<p class=\"tb-heading has-text-color\" data-toolset-blocks-heading=\"0190bf5c0f5e682e6e1d8be7e6f401ac\" data-last-update=\"1.4\"><span><span><a href=\"https:\/\/wpml.org\/es\/pagina-principal\/\">Home<\/a><\/span><\/span><\/p>\n\n\n\n<div class=\"wp-block-toolset-blocks-grid tb-grid\" data-toolset-blocks-grid=\"1e3256eddcd8d1ddf217eef5389f4d56\">\n<div class=\"wp-block-toolset-blocks-grid-column tb-grid-column tb-grid-align-center\" data-toolset-blocks-grid-column=\"f586ff7bfe1d7317c63162ec7b7039ed\">\n<div class=\"wp-block-toolset-blocks-container tb-container\" data-toolset-blocks-container=\"63eba53fa33f26df5ecc49627b8c150d\"><\/div>\n\n\n\n<h1 class=\"tb-heading has-text-color\" data-toolset-blocks-heading=\"b686c8b3d4780754ef6585bd91a569b8\" data-last-update=\"1.4\">WPForms Multilingual &#8211; Traduzca formularios con WPML<\/h1>\n\n\n\n<div class=\"tb-fields-and-text\" data-toolset-blocks-fields-and-text=\"2d56af030c7b03fd37e29388704bc251\"><p><span data-sheets-root=\"1\">WPForms Multilingual (WPFML) es un complemento de WPML para traducir los campos y etiquetas de sus formularios a m\u00e1s idiomas. <\/span><\/p><\/div>\n\n\n\n<div id=\"wpml-info-account-trigger\" class=\"tb-button\" data-toolset-blocks-button=\"834a89eddfac04bc07bcb63894889a7e\"><a class=\"tb-button__link\" href=\"https:\/\/wpml.org\/account\/downloads\/#wpforms-multilingual\"><span class=\"tb-button__content\">Obtener WPForms Multilingual<\/span><i class=\"tb-button__icon\"><\/i><\/a><\/div>\n<\/div>\n\n\n\n<div class=\"wp-block-toolset-blocks-grid-column tb-grid-column tb-grid-align-center\" data-toolset-blocks-grid-column=\"c77f65d01bb1c283e93f285b389d97af\">\n<figure class=\"wp-block-image tb-image tb-image-dynamic tb-image-frame-none\" data-toolset-blocks-image=\"7514518659316b7a6c4ca8dd966a452f\"><img decoding=\"async\" width=\"706\" height=\"644\" loading=\"lazy\" src=\"https:\/\/wpml.org\/wp-content\/uploads\/2023\/04\/form-10-1.png\" alt=\"\" class=\"wp-image-13391983\" srcset=\"https:\/\/wpml.org\/wp-content\/uploads\/2023\/04\/form-10-1.png 706w, https:\/\/wpml.org\/wp-content\/uploads\/2023\/04\/form-10-1-300x274.png 300w, https:\/\/wpml.org\/wp-content\/uploads\/2023\/04\/form-10-1-150x137.png 150w\" sizes=\"auto, (max-width: 706px) 100vw, 706px\" \/><\/figure>\n<\/div>\n<\/div>\n<\/div><\/div>\n\n<div class=\"wp-block-toolset-blocks-container tb-container\" data-toolset-blocks-container=\"8f3deaef8758197413c254193c4637bf\"><div class=\"tb-container-inner\">\n<h3 class=\"tb-heading has-text-color\" data-toolset-blocks-heading=\"b070f645c37bab54e01bb6a1dae34a7f\" data-last-update=\"1.4\"><strong>Crea WPForms multiling\u00fces con WPML<\/strong><\/h3>\n\n\n\n<div class=\"wp-block-toolset-blocks-grid tb-grid\" data-toolset-blocks-grid=\"7edcf3bc4776444a257584af916cc96f\">\n<div class=\"wp-block-toolset-blocks-grid-column tb-grid-column tb-grid-align-top\" data-toolset-blocks-grid-column=\"3034fbe886c11054e95b46b09d3e4112\">\n<div class=\"wp-block-toolset-blocks-container tb-container\" data-toolset-blocks-container=\"adbbcc4f0fb57ebb3945b71819a17420\"><\/div>\n\n\n\n<p class=\"tb-heading has-text-color\" data-toolset-blocks-heading=\"d4f8b066db357591cd36f26cf22c3f4b\" data-last-update=\"1.4\">Traduce el mismo formulario a un <strong>n\u00famero ilimitado de idiomas<\/strong> en cuesti\u00f3n de minutos.<\/p>\n<\/div>\n\n\n\n<div class=\"wp-block-toolset-blocks-grid-column tb-grid-column tb-grid-align-top\" data-toolset-blocks-grid-column=\"6aa6629b0bd14de4b0c8a30d5e016060\">\n<div class=\"wp-block-toolset-blocks-container tb-container\" data-toolset-blocks-container=\"5684ad6fb8b6cdf9e58c033a331ea3c3\"><\/div>\n\n\n\n<h3 class=\"tb-heading has-text-color\" data-toolset-blocks-heading=\"3ef30984be70a22f91a1371cf6f5feb7\" data-last-update=\"1.4\">Traduce <strong>cada elemento<\/strong> de tu formulario de WordPress, incluidos los t\u00edtulos de los formularios, los campos, las etiquetas, las subetiquetas, las notificaciones, las confirmaciones y mucho m\u00e1s.<\/h3>\n<\/div>\n\n\n\n<div class=\"wp-block-toolset-blocks-grid-column tb-grid-column tb-grid-align-top\" data-toolset-blocks-grid-column=\"3034fbe886c11054e95b46b09d3e4112\">\n<div class=\"wp-block-toolset-blocks-container tb-container\" data-toolset-blocks-container=\"768e3db91a13730deb5db79f1a2f2625\"><\/div>\n\n\n\n<h3 class=\"tb-heading has-text-color\" data-toolset-blocks-heading=\"3ef30984be70a22f91a1371cf6f5feb7\" data-last-update=\"1.4\">Traduce formularios <strong>autom\u00e1ticamente<\/strong>, <strong>por ti mismo<\/strong> o <strong>con<\/strong> <strong>traductores profesionales<\/strong>, todo desde el panel de traducci\u00f3n de WPML.<\/h3>\n<\/div>\n<\/div>\n<\/div><\/div>\n\n<div class=\"wp-block-toolset-blocks-container tb-container\" data-toolset-blocks-container=\"a03f28b68e7ebf56bfe1641740b90da2\"><div class=\"tb-container-inner\">\n<div class=\"wp-block-toolset-blocks-grid tb-grid\" data-toolset-blocks-grid=\"53ce567584c307825428d23825630ccf\">\n<div class=\"wp-block-toolset-blocks-grid-column tb-grid-column tb-grid-align-top product-page-content wcml-sticky-top\" data-toolset-blocks-grid-column=\"6c0dc946376cceadc9fc9fc41b7e5a85\">\n<p class=\"tb-heading has-text-color\" data-toolset-blocks-heading=\"71bae4bc73e48e0e55545f40ce013867\" data-last-update=\"1.4\"><strong>En esta p\u00e1gina<\/strong><\/p>\n\n\n\n<p class=\"tb-heading\" data-toolset-blocks-heading=\"4501ab3f5d8cb86525799ef6b1804e84\" data-last-update=\"1.4\"><a href=\"#getting-started\">Complementos requeridos<\/a><\/p>\n\n\n\n<p class=\"tb-heading\" data-toolset-blocks-heading=\"4501ab3f5d8cb86525799ef6b1804e84\" data-last-update=\"1.4\"><a href=\"#translate-wpforms-with-wpml\">C\u00f3mo traducir WPForms con WPML<\/a><\/p>\n\n\n\n<p class=\"tb-heading\" data-toolset-blocks-heading=\"4501ab3f5d8cb86525799ef6b1804e84\" data-last-update=\"1.4\"><a href=\"#text-not-translating\">\u00bfEl texto no se traduce?<\/a><\/p>\n\n\n\n<p class=\"tb-heading\" data-toolset-blocks-heading=\"4501ab3f5d8cb86525799ef6b1804e84\" data-last-update=\"1.4\"><a href=\"#start-translating-with-wpml\">Empieza a traducir con WPML<\/a><\/p>\n<\/div>\n\n\n\n<div class=\"wp-block-toolset-blocks-grid-column tb-grid-column tb-grid-align-top product-page-content\" data-toolset-blocks-grid-column=\"613ca808c900d7f6c7303b84383bbf91\">\n<h2 class=\"wp-block-heading\" id=\"getting-started\">Complementos requeridos<\/h2>\n\n\n\n<p>Para traducir WPForms con WPML, instala y activa: <\/p>\n\n\n\n<ul class=\"wp-block-list\">\n<li><a href=\"https:\/\/wpml.org\/es\/purchase\/\">WPML<\/a> <\/li>\n\n\n\n<li>WPML String Translation <\/li>\n\n\n\n<li><a href=\"https:\/\/wpforms.com\/\">WPForms<\/a> o <a href=\"https:\/\/wordpress.org\/plugins\/wpforms-lite\/\">WPForms lite<\/a><\/li>\n\n\n\n<li><a href=\"https:\/\/wpml.org\/es\/account\/downloads\/#wpforms-multilingual\">WPForms Multilingual<\/a><\/li>\n<\/ul>\n\n\n\n<div style=\"height:10px\" aria-hidden=\"true\" class=\"wp-block-spacer\"><\/div>\n\n\n\n<h2 class=\"wp-block-heading\" id=\"translate-wpforms-with-wpml\">C\u00f3mo traducir WPForms con WPML<\/h2>\n\n\n\n<p>Para traducir WPForms con WPML:<\/p>\n\n\n\n<ol class=\"wp-block-list\">\n<li>Ve a <strong>WPML \u2192 Translation Dashboard<\/strong> y despl\u00e1zate hacia abajo hasta la secci\u00f3n <strong>WPForms<\/strong>.<\/li>\n\n\n\n<li>Selecciona los formularios que quieras traducir.<\/li>\n<\/ol>\n\n\n\n<figure class=\"wp-block-image tb-image tb-image-dynamic tb-image-frame-none\" data-toolset-blocks-image=\"d2a04325e00c9482ba6596fa6a12dc8b\"><a href=\"https:\/\/wpml.org\/wp-content\/uploads\/2026\/02\/Selecting-WPForms-to-translate.png\"><img decoding=\"async\" width=\"1024\" height=\"625\" loading=\"lazy\" src=\"https:\/\/wpml.org\/wp-content\/uploads\/2026\/02\/Selecting-WPForms-to-translate-1024x625.png\" alt=\"Selecting WPForms to translate\" class=\"wp-image-17792335\" srcset=\"https:\/\/wpml.org\/wp-content\/uploads\/2026\/02\/Selecting-WPForms-to-translate-1024x625.png 1024w, https:\/\/wpml.org\/wp-content\/uploads\/2026\/02\/Selecting-WPForms-to-translate-300x183.png 300w, https:\/\/wpml.org\/wp-content\/uploads\/2026\/02\/Selecting-WPForms-to-translate-150x92.png 150w, https:\/\/wpml.org\/wp-content\/uploads\/2026\/02\/Selecting-WPForms-to-translate-768x469.png 768w, https:\/\/wpml.org\/wp-content\/uploads\/2026\/02\/Selecting-WPForms-to-translate-1536x938.png 1536w, https:\/\/wpml.org\/wp-content\/uploads\/2026\/02\/Selecting-WPForms-to-translate.png 1600w\" sizes=\"auto, (max-width: 1024px) 100vw, 1024px\" \/><\/a><figcaption><div class=\"tb-image-caption\">Selecci\u00f3n de WPForms para traducir<\/div><\/figcaption><\/figure>\n\n\n\n<ol start=\"3\" class=\"wp-block-list\">\n<li>Elija un m\u00e9todo de traducci\u00f3n y env\u00ede para su traducci\u00f3n. <\/li>\n<\/ol>\n\n\n\n<div style=\"height:30px\" aria-hidden=\"true\" class=\"wp-block-spacer\"><\/div>\n\n\n\n<p>Para ver tu formulario en el sitio web, ve a la p\u00e1gina que contiene tu formulario y cambia de idioma. Recuerda <a href=\"https:\/\/wpml.org\/documentation\/getting-started-guide\/translate-pages-in-wordpress-with-wpml\/\">traducir la p\u00e1gina<\/a> con tu formulario para poder hacer esto.  <\/p>\n\n\n\n<div class=\"wp-block-toolset-blocks-grid tb-grid\" data-toolset-blocks-grid=\"3d9c399fe625e1b972f817a0680229f6\">\n<div class=\"wp-block-toolset-blocks-grid-column tb-grid-column tb-grid-align-top\" data-toolset-blocks-grid-column=\"3034fbe886c11054e95b46b09d3e4112\">\n<figure class=\"wp-block-image tb-image tb-image-dynamic tb-image-frame-none\" data-toolset-blocks-image=\"ecb464f0158c81e6d8f5faad4c65ec38\"><a href=\"https:\/\/wpml.org\/wp-content\/uploads\/2024\/05\/wpml-wpforms-english-form.png\"><img decoding=\"async\" width=\"885\" height=\"1024\" loading=\"lazy\" src=\"https:\/\/wpml.org\/wp-content\/uploads\/2024\/05\/wpml-wpforms-english-form-885x1024.png\" alt=\"\" class=\"wp-image-15667914\" srcset=\"https:\/\/wpml.org\/wp-content\/uploads\/2024\/05\/wpml-wpforms-english-form-885x1024.png 885w, https:\/\/wpml.org\/wp-content\/uploads\/2024\/05\/wpml-wpforms-english-form-259x300.png 259w, https:\/\/wpml.org\/wp-content\/uploads\/2024\/05\/wpml-wpforms-english-form-130x150.png 130w, https:\/\/wpml.org\/wp-content\/uploads\/2024\/05\/wpml-wpforms-english-form-768x889.png 768w, https:\/\/wpml.org\/wp-content\/uploads\/2024\/05\/wpml-wpforms-english-form-300x347.png 300w, https:\/\/wpml.org\/wp-content\/uploads\/2024\/05\/wpml-wpforms-english-form.png 1320w\" sizes=\"auto, (max-width: 885px) 100vw, 885px\" \/><\/a><figcaption><div class=\"tb-image-caption\">Formulario de solicitud de empleo en ingl\u00e9s <\/div><\/figcaption><\/figure>\n<\/div>\n\n\n\n<div class=\"wp-block-toolset-blocks-grid-column tb-grid-column tb-grid-align-top\" data-toolset-blocks-grid-column=\"3034fbe886c11054e95b46b09d3e4112\">\n<figure class=\"wp-block-image tb-image tb-image-dynamic tb-image-frame-none\" data-toolset-blocks-image=\"ca9afd352f60c0ef00901e5437823363\"><a href=\"https:\/\/wpml.org\/wp-content\/uploads\/2024\/05\/wpml-wpforms-spanish-translation.png\"><img decoding=\"async\" width=\"886\" height=\"1024\" loading=\"lazy\" src=\"https:\/\/wpml.org\/wp-content\/uploads\/2024\/05\/wpml-wpforms-spanish-translation-886x1024.png\" alt=\"\" class=\"wp-image-15667928\" srcset=\"https:\/\/wpml.org\/wp-content\/uploads\/2024\/05\/wpml-wpforms-spanish-translation-886x1024.png 886w, https:\/\/wpml.org\/wp-content\/uploads\/2024\/05\/wpml-wpforms-spanish-translation-259x300.png 259w, https:\/\/wpml.org\/wp-content\/uploads\/2024\/05\/wpml-wpforms-spanish-translation-130x150.png 130w, https:\/\/wpml.org\/wp-content\/uploads\/2024\/05\/wpml-wpforms-spanish-translation-768x888.png 768w, https:\/\/wpml.org\/wp-content\/uploads\/2024\/05\/wpml-wpforms-spanish-translation-1328x1536.png 1328w, https:\/\/wpml.org\/wp-content\/uploads\/2024\/05\/wpml-wpforms-spanish-translation-300x347.png 300w, https:\/\/wpml.org\/wp-content\/uploads\/2024\/05\/wpml-wpforms-spanish-translation.png 1408w\" sizes=\"auto, (max-width: 886px) 100vw, 886px\" \/><\/a><figcaption><div class=\"tb-image-caption\">Formulario de solicitud de empleo en espa\u00f1ol<\/div><\/figcaption><\/figure>\n<\/div>\n<\/div>\n\n\n\n<h2 class=\"wp-block-heading\" id=\"text-not-translating\">\u00bfEl texto no se traduce?<\/h2>\n\n\n\n<p>Si algunos de los textos de tu formulario no se traducen, como las etiquetas y las subetiquetas, es probable que sean strings. Para traducir strings:  <\/p>\n\n\n\n<ol class=\"wp-block-list\">\n<li>Visita tu formulario en el front-end. Esto har\u00e1 que WPML registre los strings para su traducci\u00f3n. <\/li>\n\n\n\n<li>Luego, ve a <strong>WPML \u2192 Translation Dashboard<\/strong> y despl\u00e1zate hasta la secci\u00f3n <strong>Otros textos (Strings)<\/strong>.<\/li>\n\n\n\n<li>Busque sus cadenas y env\u00edelas para su traducci\u00f3n. <\/li>\n<\/ol>\n\n\n\n<div style=\"height:30px\" aria-hidden=\"true\" class=\"wp-block-spacer\"><\/div>\n\n\n\n<p>Si a\u00fan no puedes encontrar estos textos, aseg\u00farate de que la <strong>autorregistraci\u00f3n<\/strong> est\u00e9 activada en la secci\u00f3n <strong>Otros textos (Strings)<\/strong> del panel de traducci\u00f3n.<\/p>\n\n\n\n<h2 class=\"wp-block-heading\" id=\"start-translating-with-wpml\">Empieza a traducir con WPML <\/h2>\n\n\n\n<p>Si ya tiene una cuenta de WPML, puede descargar WPForms Multilingual (sin coste adicional) desde la p\u00e1gina de <a href=\"https:\/\/wpml.org\/es\/account\/downloads\/#wpforms-multilingual\">Descargas<\/a>.<\/p>\n\n\n\n<p>\u00bfNo tienes WPML? Visita nuestra <a href=\"https:\/\/wpml.org\/es\/purchase\/\">p\u00e1gina de precios<\/a> para encontrar el plan adecuado para tu sitio web.  <\/p>\n<\/div>\n<\/div>\n<\/div><\/div>\n","protected":false},"excerpt":{"rendered":"<p class=\"lead\">WPForms es un plugin para a\u00f1adir formularios de contacto a tu sitio de WordPress. En esta gu\u00eda, puedes aprender c\u00f3mo hacer que tus WPForms sean multiling\u00fces usando WPML. <\/p>\n","protected":false},"author":538393,"featured_media":0,"parent":97645,"menu_order":59,"comment_status":"closed","ping_status":"closed","template":"template-full-with-popup-generic.php","meta":{"_bbp_topic_count":0,"_bbp_reply_count":0,"_bbp_total_topic_count":0,"_bbp_total_reply_count":0,"_bbp_voice_count":0,"_bbp_anonymous_reply_count":0,"_bbp_topic_count_hidden":0,"_bbp_reply_count_hidden":0,"_bbp_forum_subforum_count":0,"ep_exclude_from_search":false,"footnotes":""},"related-projects-category":[27804],"class_list":["post-15257675","page","type-page","status-publish","hentry","related-projects-category-forms-es"],"_links":{"self":[{"href":"https:\/\/wpml.org\/es\/wp-json\/wp\/v2\/pages\/15257675","targetHints":{"allow":["GET"]}}],"collection":[{"href":"https:\/\/wpml.org\/es\/wp-json\/wp\/v2\/pages"}],"about":[{"href":"https:\/\/wpml.org\/es\/wp-json\/wp\/v2\/types\/page"}],"author":[{"embeddable":true,"href":"https:\/\/wpml.org\/es\/wp-json\/wp\/v2\/users\/538393"}],"replies":[{"embeddable":true,"href":"https:\/\/wpml.org\/es\/wp-json\/wp\/v2\/comments?post=15257675"}],"version-history":[{"count":8,"href":"https:\/\/wpml.org\/es\/wp-json\/wp\/v2\/pages\/15257675\/revisions"}],"predecessor-version":[{"id":17853618,"href":"https:\/\/wpml.org\/es\/wp-json\/wp\/v2\/pages\/15257675\/revisions\/17853618"}],"up":[{"embeddable":true,"href":"https:\/\/wpml.org\/es\/wp-json\/wp\/v2\/pages\/97645"}],"wp:attachment":[{"href":"https:\/\/wpml.org\/es\/wp-json\/wp\/v2\/media?parent=15257675"}],"wp:term":[{"taxonomy":"related-projects-category","embeddable":true,"href":"https:\/\/wpml.org\/es\/wp-json\/wp\/v2\/related-projects-category?post=15257675"}],"curies":[{"name":"wp","href":"https:\/\/api.w.org\/{rel}","templated":true}]}}