{"id":15274416,"date":"2019-04-26T07:57:10","date_gmt":"2019-04-26T07:57:10","guid":{"rendered":"https:\/\/wpml.org\/purchase\/como-cambiar-tu-metodo-de-pago\/"},"modified":"2026-03-04T07:46:25","modified_gmt":"2026-03-04T07:46:25","slug":"como-cambiar-tu-metodo-de-pago","status":"publish","type":"page","link":"https:\/\/wpml.org\/es\/purchase\/como-cambiar-tu-metodo-de-pago\/","title":{"rendered":"C\u00f3mo cambiar su m\u00e9todo de pago en WPML"},"content":{"rendered":"\n<p class=\"lead\">Puede cambiar su m\u00e9todo de pago para los planes de WPML en el \u00e1rea de su cuenta de WPML, y para la traducci\u00f3n autom\u00e1tica en la pesta\u00f1a Pagos y mantenimiento del administrador de WordPress.<\/p>\n\n<p>Existen dos tipos de pagos en WPML:  <\/p>\n\n<ul class=\"wp-block-list\">\n<li>Planes de WPML (por ejemplo, WPML Multilingual CMS)<\/li>\n\n\n\n<li>Traducci\u00f3n autom\u00e1tica (Pago por uso)  <\/li>\n<\/ul>\n\n<p>Cada opci\u00f3n tiene un proceso diferente para cambiar los m\u00e9todos de pago.<\/p>\n\n<h2 class=\"wp-block-heading\" id=\"wpml-plans\">Cambio del m\u00e9todo de pago para los planes de WPML<\/h2>\n\n<p>Para cambiar el m\u00e9todo de pago de su plan de WPML:<\/p>\n\n<ol class=\"wp-block-list\">\n<li>Inicie sesi\u00f3n en su <a href=\"https:\/\/wpml.org\/es\/account\/\">cuenta de WPML<\/a>.<\/li>\n\n\n\n<li>En la secci\u00f3n <strong>Cuenta y pagos<\/strong>, haga clic en <strong>Modificar sus opciones de renovaci\u00f3n<\/strong>.<\/li>\n<\/ol>\n\n<figure class=\"wp-block-image tb-image tb-image-dynamic tb-image-frame-none\" data-toolset-blocks-image=\"ef228ae186bc0623f5df4ade9a64e81b\"><a href=\"https:\/\/wpml.org\/wp-content\/uploads\/2026\/01\/wpml-modify-renewal-options.png\"><img decoding=\"async\" width=\"1024\" height=\"705\" loading=\"lazy\" src=\"https:\/\/wpml.org\/wp-content\/uploads\/2026\/01\/wpml-modify-renewal-options-1024x705.png\" alt=\"\" class=\"wp-image-17725416\" srcset=\"https:\/\/wpml.org\/wp-content\/uploads\/2026\/01\/wpml-modify-renewal-options-1024x705.png 1024w, https:\/\/wpml.org\/wp-content\/uploads\/2026\/01\/wpml-modify-renewal-options-300x207.png 300w, https:\/\/wpml.org\/wp-content\/uploads\/2026\/01\/wpml-modify-renewal-options-150x103.png 150w, https:\/\/wpml.org\/wp-content\/uploads\/2026\/01\/wpml-modify-renewal-options-768x529.png 768w, https:\/\/wpml.org\/wp-content\/uploads\/2026\/01\/wpml-modify-renewal-options-1536x1058.png 1536w, https:\/\/wpml.org\/wp-content\/uploads\/2026\/01\/wpml-modify-renewal-options-2048x1410.png 2048w\" sizes=\"auto, (max-width: 1024px) 100vw, 1024px\" \/><\/a><figcaption><div class=\"tb-image-caption\">Al hacer clic en el enlace Modificar sus opciones de renovaci\u00f3n  <\/div><\/figcaption><\/figure>\n\n<ol start=\"3\" class=\"wp-block-list\">\n<li>Haga clic en <strong>Cambiar m\u00e9todo de pago<\/strong> e introduzca una nueva opci\u00f3n de pago.<\/li>\n<\/ol>\n\n<figure class=\"wp-block-image tb-image tb-image-dynamic tb-image-frame-none\" data-toolset-blocks-image=\"0eaf22585d1d16c64ba52ed41d797931\"><a href=\"https:\/\/wpml.org\/wp-content\/uploads\/2026\/01\/wpml-change-payment-method.png\"><img decoding=\"async\" width=\"1024\" height=\"600\" loading=\"lazy\" src=\"https:\/\/wpml.org\/wp-content\/uploads\/2026\/01\/wpml-change-payment-method-1024x600.png\" alt=\"\" class=\"wp-image-17725369\" srcset=\"https:\/\/wpml.org\/wp-content\/uploads\/2026\/01\/wpml-change-payment-method-1024x600.png 1024w, https:\/\/wpml.org\/wp-content\/uploads\/2026\/01\/wpml-change-payment-method-300x176.png 300w, https:\/\/wpml.org\/wp-content\/uploads\/2026\/01\/wpml-change-payment-method-150x88.png 150w, https:\/\/wpml.org\/wp-content\/uploads\/2026\/01\/wpml-change-payment-method-768x450.png 768w, https:\/\/wpml.org\/wp-content\/uploads\/2026\/01\/wpml-change-payment-method-1536x900.png 1536w, https:\/\/wpml.org\/wp-content\/uploads\/2026\/01\/wpml-change-payment-method-2048x1200.png 2048w\" sizes=\"auto, (max-width: 1024px) 100vw, 1024px\" \/><\/a><figcaption><div class=\"tb-image-caption\">Cambiar el m\u00e9todo de pago para WPML<\/div><\/figcaption><\/figure>\n\n<p>Su suscripci\u00f3n utilizar\u00e1 ahora el nuevo m\u00e9todo de pago cuando se renueve su plan de WPML.  <\/p>\n\n<h2 class=\"wp-block-heading\" id=\"automatic-translation\">Cambio del m\u00e9todo de pago para la traducci\u00f3n autom\u00e1tica<\/h2>\n\n<p>Para cambiar el m\u00e9todo de pago de la traducci\u00f3n autom\u00e1tica:<\/p>\n\n<ol class=\"wp-block-list\">\n<li>Inicie sesi\u00f3n en su administrador de WordPress.<\/li>\n\n\n\n<li>Vaya a <strong>WPML<\/strong> \u2192 <strong>panel de control de traducci\u00f3n<\/strong>.<\/li>\n\n\n\n<li>Cambie a la pesta\u00f1a <strong>Pagos y mantenimiento<\/strong>.<\/li>\n\n\n\n<li>Haga clic en <strong>Editar<\/strong> bajo <strong>Detalles de pago<\/strong> e introduzca un nuevo m\u00e9todo de pago.<\/li>\n<\/ol>\n\n<figure class=\"wp-block-image tb-image tb-image-dynamic tb-image-frame-none\" data-toolset-blocks-image=\"716201e12c5e53a460440996f9105f57\"><a href=\"https:\/\/wpml.org\/wp-content\/uploads\/2026\/02\/Changing-payment-method-for-automatic-translation.png\"><img decoding=\"async\" width=\"1024\" height=\"634\" loading=\"lazy\" src=\"https:\/\/wpml.org\/wp-content\/uploads\/2026\/02\/Changing-payment-method-for-automatic-translation-1024x634.png\" alt=\"Changing payment method for automatic translation\" class=\"wp-image-17860786\" srcset=\"https:\/\/wpml.org\/wp-content\/uploads\/2026\/02\/Changing-payment-method-for-automatic-translation-1024x634.png 1024w, https:\/\/wpml.org\/wp-content\/uploads\/2026\/02\/Changing-payment-method-for-automatic-translation-300x186.png 300w, https:\/\/wpml.org\/wp-content\/uploads\/2026\/02\/Changing-payment-method-for-automatic-translation-150x93.png 150w, https:\/\/wpml.org\/wp-content\/uploads\/2026\/02\/Changing-payment-method-for-automatic-translation-768x476.png 768w, https:\/\/wpml.org\/wp-content\/uploads\/2026\/02\/Changing-payment-method-for-automatic-translation-1536x951.png 1536w, https:\/\/wpml.org\/wp-content\/uploads\/2026\/02\/Changing-payment-method-for-automatic-translation.png 1600w\" sizes=\"auto, (max-width: 1024px) 100vw, 1024px\" \/><\/a><figcaption><div class=\"tb-image-caption\">Cambio del m\u00e9todo de pago para la traducci\u00f3n autom\u00e1tica<\/div><\/figcaption><\/figure>\n\n<p>WPML utilizar\u00e1 ahora su nuevo m\u00e9todo de pago al consumir cr\u00e9ditos de Pago por uso.<\/p>\n\n<h2 class=\"wp-block-heading\" id=\"expired-accounts\">Cambio del m\u00e9todo de pago para cuentas caducadas<\/h2>\n\n<p>Si su plan de WPML ha caducado debido a un fallo en el pago, debe actualizar su m\u00e9todo de pago:<\/p>\n\n<ol class=\"wp-block-list\">\n<li>Inicie sesi\u00f3n en su <a href=\"https:\/\/wpml.org\/es\/account\/\">cuenta de WPML<\/a>.<\/li>\n\n\n\n<li>Haga clic en el bot\u00f3n <strong>Renovar su cuenta<\/strong>.<\/li>\n\n\n\n<li>En la p\u00e1gina de pago, haga clic en el enlace <strong>Usar un m\u00e9todo de pago diferente <\/strong>. <\/li>\n<\/ol>\n\n<figure class=\"wp-block-image tb-image tb-image-dynamic tb-image-frame-none\" data-toolset-blocks-image=\"bf0b909e5ec2664944143c0537d46e9c\"><a href=\"https:\/\/wpml.org\/wp-content\/uploads\/2026\/03\/Use-a-different-payment-method-button.png\"><img decoding=\"async\" width=\"1024\" height=\"636\" loading=\"lazy\" src=\"https:\/\/wpml.org\/wp-content\/uploads\/2026\/03\/Use-a-different-payment-method-button-1024x636.png\" alt=\"Use a different payment method button\" class=\"wp-image-17869704\" srcset=\"https:\/\/wpml.org\/wp-content\/uploads\/2026\/03\/Use-a-different-payment-method-button-1024x636.png 1024w, https:\/\/wpml.org\/wp-content\/uploads\/2026\/03\/Use-a-different-payment-method-button-300x186.png 300w, https:\/\/wpml.org\/wp-content\/uploads\/2026\/03\/Use-a-different-payment-method-button-150x93.png 150w, https:\/\/wpml.org\/wp-content\/uploads\/2026\/03\/Use-a-different-payment-method-button-768x477.png 768w, https:\/\/wpml.org\/wp-content\/uploads\/2026\/03\/Use-a-different-payment-method-button.png 1385w\" sizes=\"auto, (max-width: 1024px) 100vw, 1024px\" \/><\/a><figcaption><div class=\"tb-image-caption\">Enlace para usar un m\u00e9todo de pago diferente<\/div><\/figcaption><\/figure>\n\n<ol start=\"4\" class=\"wp-block-list\">\n<li>En la ventana emergente que se abre, seleccione la opci\u00f3n <strong>Pagar con tarjeta de cr\u00e9dito <\/strong>.<\/li>\n\n\n\n<li>Finalice la compra con su nueva tarjeta.<\/li>\n<\/ol>\n\n<h2 class=\"wp-block-heading\" id=\"update-billing-details\">C\u00f3mo actualizar los datos de facturaci\u00f3n<\/h2>\n\n<p>Al igual que los m\u00e9todos de pago, los datos de facturaci\u00f3n tambi\u00e9n se gestionan por separado para los planes de WPML y las facturas de traducci\u00f3n autom\u00e1tica.  <\/p>\n\n<h3 class=\"wp-block-heading\">Actualizar los datos de facturaci\u00f3n de los planes de WPML<\/h3>\n\n<p>Para actualizar los datos de facturaci\u00f3n en las facturas de los planes de WPML:  <\/p>\n\n<ol class=\"wp-block-list\">\n<li>Inicie sesi\u00f3n en su <a href=\"https:\/\/wpml.org\/es\/account\/\">cuenta de WPML<\/a>.  <\/li>\n\n\n\n<li>En <strong>Cuenta y pagos<\/strong>, haga clic en <strong>Datos personales y contrase\u00f1a<\/strong>.  <\/li>\n\n\n\n<li>Actualice sus datos de facturaci\u00f3n y guarde los cambios.  <\/li>\n<\/ol>\n\n<h3 class=\"wp-block-heading\">Actualizar los datos de facturaci\u00f3n de la traducci\u00f3n autom\u00e1tica<\/h3>\n\n<p>Para actualizar los datos de facturaci\u00f3n de las facturas de traducci\u00f3n autom\u00e1tica:  <\/p>\n\n<ol class=\"wp-block-list\">\n<li>Vaya a <strong>WPML<\/strong> \u2192 <strong>panel de control de traducci\u00f3n<\/strong>.<\/li>\n\n\n\n<li>Cambie a la pesta\u00f1a <strong>Pagos y mantenimiento<\/strong>.<\/li>\n\n\n\n<li>Haga clic en <strong>Editar<\/strong> en el cuadro de <strong>Datos de la empresa<\/strong>.<\/li>\n\n\n\n<li>Actualice sus datos de facturaci\u00f3n y guarde los cambios.  <\/li>\n<\/ol>\n\n<div class=\"wp-block-toolset-blocks-container tb-container\" data-toolset-blocks-container=\"f908b134276ba3432b0b77744504af0a\">\n<div class=\"wp-block-toolset-blocks-grid tb-grid\" data-toolset-blocks-grid=\"37d19417981b1b97920df56c088840a6\">\n<div class=\"wp-block-toolset-blocks-grid-column tb-grid-column tb-grid-align-top\" data-toolset-blocks-grid-column=\"3034fbe886c11054e95b46b09d3e4112\">\n<div class=\"wp-block-toolset-blocks-container tb-container\" data-toolset-blocks-container=\"cc43e498a8e72566120af9f4b6101de7\"><\/div>\n<\/div>\n\n\n\n<div class=\"wp-block-toolset-blocks-grid-column tb-grid-column tb-grid-align-top\" data-toolset-blocks-grid-column=\"3034fbe886c11054e95b46b09d3e4112\">\n<p class=\"tb-heading\" data-toolset-blocks-heading=\"5f70829b5533bc42f59006f0ef3ef21a\" data-last-update=\"1.4\"><strong>Importante:<\/strong> Los cambios en sus datos de facturaci\u00f3n solo se aplican a las facturas futuras.<\/p>\n\n\n\n<p class=\"tb-heading\" data-toolset-blocks-heading=\"a2008aa16950a8d790fdc66dc574eeb8\" data-last-update=\"1.4\">Si necesita actualizar una factura que ya se ha emitido, deber\u00e1 solicitar un reembolso del pedido original y volver a realizarlo con sus datos actualizados. Obtenga m\u00e1s informaci\u00f3n sobre <a href=\"https:\/\/wpml.org\/es\/faq\/como-puedo-obtener-una-factura-fiscal-wpml-y-actualizar-mis-datos-de-facturacion\/#can-i-update-billing-information-for-an-invoice-thats-already-been-issued\">la actualizaci\u00f3n de facturas emitidas<\/a>. <\/p>\n<\/div>\n<\/div>\n<\/div>\n","protected":false},"excerpt":{"rendered":"<p>Puede cambiar su m\u00e9todo de pago para los planes de WPML en el \u00e1rea de su cuenta de WPML, y para la traducci\u00f3n autom\u00e1tica en la pesta\u00f1a Pagos y mantenimiento del administrador de WordPress. Existen dos tipos de pagos en WPML: Cada opci\u00f3n tiene un proceso diferente para cambiar los m\u00e9todos de pago. Cambio del [&hellip;]<\/p>\n","protected":false},"author":76577,"featured_media":0,"parent":6197,"menu_order":39,"comment_status":"closed","ping_status":"closed","template":"template-sidebar-2.php","meta":{"_bbp_topic_count":0,"_bbp_reply_count":0,"_bbp_total_topic_count":0,"_bbp_total_reply_count":0,"_bbp_voice_count":0,"_bbp_anonymous_reply_count":0,"_bbp_topic_count_hidden":0,"_bbp_reply_count_hidden":0,"_bbp_forum_subforum_count":0,"_uag_custom_page_level_css":"","ep_exclude_from_search":false,"footnotes":""},"related-projects-category":[],"class_list":["post-15274416","page","type-page","status-publish","hentry"],"spectra_custom_meta":{"ratings_users":["0"],"ratings_score":["0"],"ratings_average":["0"],"_subscription_coupon_product_id":["0"],"_wpv_contains_gutenberg_views":[""],"_alp_processed":["1772610386"],"_views_template":["0"],"wpcf-unformatted-code":[""],"_wpml_media_duplicate":["1"],"_wpml_media_featured":["1"],"toolset_post_editor_mode":["block"],"wpcf-price-increase-show-from":[""],"wpcf-price-increase-show-till":[""],"_wp_page_template":["template-sidebar-2.php"],"_last_translation_edit_mode":["translation-editor"],"_wpml_word_count":["514"],"cmplz_hide_cookiebanner":[""],"wpcf-price-increase-content":[""],"wpcf-login-box-title":[""],"wpcf-page-content":[""],"_yoast_wpseo_primary_related-projects-category":[""],"_yoast_wpseo_title":["%%title%% %%page%%"],"_yoast_wpseo_metadesc":["Cambie el m\u00e9todo de pago de los planes de WPML en el \u00e1rea de su cuenta de WPML, y el de la traducci\u00f3n autom\u00e1tica en la pesta\u00f1a Pagos y mantenimiento en WordPress."],"_yoast_wpseo_focuskw":["cambiar el m\u00e9todo de pago"],"_uag_css_file_name":["uag-css-15274416.css"],"_uag_page_assets":["a:9:{s:3:\"css\";s:260:\".uag-blocks-common-selector{z-index:var(--z-index-desktop) !important}@media(max-width: 976px){.uag-blocks-common-selector{z-index:var(--z-index-tablet) !important}}@media(max-width: 767px){.uag-blocks-common-selector{z-index:var(--z-index-mobile) !important}}\";s:2:\"js\";s:0:\"\";s:18:\"current_block_list\";a:10:{i:0;s:14:\"core\/paragraph\";i:1;s:9:\"core\/list\";i:2;s:14:\"core\/list-item\";i:3;s:12:\"core\/heading\";i:4;s:20:\"toolset-blocks\/image\";i:5;s:24:\"toolset-blocks\/container\";i:6;s:19:\"toolset-blocks\/grid\";i:7;s:26:\"toolset-blocks\/grid-column\";i:9;s:22:\"toolset-blocks\/heading\";i:10;s:14:\"core\/shortcode\";}s:8:\"uag_flag\";b:0;s:11:\"uag_version\";s:10:\"1778191179\";s:6:\"gfonts\";a:0:{}s:10:\"gfonts_url\";s:0:\"\";s:12:\"gfonts_files\";a:0:{}s:14:\"uag_faq_layout\";b:0;}"]},"uagb_featured_image_src":{"full":false,"thumbnail":false,"medium":false,"medium_large":false,"large":false,"1536x1536":false,"2048x2048":false,"gform-image-choice-sm":false,"gform-image-choice-md":false,"gform-image-choice-lg":false,"woocommerce_thumbnail":false,"woocommerce_single":false,"woocommerce_gallery_thumbnail":false},"uagb_author_info":{"display_name":"Dario","author_link":"https:\/\/wpml.org\/es\/author\/darioh\/"},"uagb_comment_info":0,"uagb_excerpt":"Puede cambiar su m\u00e9todo de pago para los planes de WPML en el \u00e1rea de su cuenta de WPML, y para la traducci\u00f3n autom\u00e1tica en la pesta\u00f1a Pagos y mantenimiento del administrador de WordPress. Existen dos tipos de pagos en WPML: Cada opci\u00f3n tiene un proceso diferente para cambiar los m\u00e9todos de pago. Cambio del&hellip;","_links":{"self":[{"href":"https:\/\/wpml.org\/es\/wp-json\/wp\/v2\/pages\/15274416","targetHints":{"allow":["GET"]}}],"collection":[{"href":"https:\/\/wpml.org\/es\/wp-json\/wp\/v2\/pages"}],"about":[{"href":"https:\/\/wpml.org\/es\/wp-json\/wp\/v2\/types\/page"}],"author":[{"embeddable":true,"href":"https:\/\/wpml.org\/es\/wp-json\/wp\/v2\/users\/76577"}],"replies":[{"embeddable":true,"href":"https:\/\/wpml.org\/es\/wp-json\/wp\/v2\/comments?post=15274416"}],"version-history":[{"count":8,"href":"https:\/\/wpml.org\/es\/wp-json\/wp\/v2\/pages\/15274416\/revisions"}],"predecessor-version":[{"id":17870784,"href":"https:\/\/wpml.org\/es\/wp-json\/wp\/v2\/pages\/15274416\/revisions\/17870784"}],"up":[{"embeddable":true,"href":"https:\/\/wpml.org\/es\/wp-json\/wp\/v2\/pages\/6197"}],"wp:attachment":[{"href":"https:\/\/wpml.org\/es\/wp-json\/wp\/v2\/media?parent=15274416"}],"wp:term":[{"taxonomy":"related-projects-category","embeddable":true,"href":"https:\/\/wpml.org\/es\/wp-json\/wp\/v2\/related-projects-category?post=15274416"}],"curies":[{"name":"wp","href":"https:\/\/api.w.org\/{rel}","templated":true}]}}