{"id":15653496,"date":"2020-11-04T09:50:56","date_gmt":"2020-11-04T09:50:56","guid":{"rendered":"https:\/\/wpml.org\/documentation-2\/traduccion-automatica-para-contenido-de-wordpress-con-wpml\/utilizar-la-traduccion-automatica-con-lenguas-personalizadas\/"},"modified":"2025-08-20T16:17:28","modified_gmt":"2025-08-20T16:17:28","slug":"utilizar-la-traduccion-automatica-con-lenguas-personalizadas","status":"publish","type":"page","link":"https:\/\/wpml.org\/es\/documentation-2\/traduccion-automatica-para-contenido-de-wordpress-con-wpml\/utilizar-la-traduccion-automatica-con-lenguas-personalizadas\/","title":{"rendered":"Utilizar la Traducci\u00f3n autom\u00e1tica con lenguas personalizadas"},"content":{"rendered":"\n<p class=\"lead\">Si utiliza un idioma personalizado o espec\u00edfico de un pa\u00eds en su sitio, puede seguir utilizando el corrector ortogr\u00e1fico y la traducci\u00f3n autom\u00e1tica asign\u00e1ndolo a un idioma compatible.<\/p>\n\n<p>WPML ofrece una <a href=\"https:\/\/ate.wpml.org\/mt_langs\">amplia lista de idiomas compatibles<\/a> que funcionan con los motores de traducci\u00f3n autom\u00e1tica. Sin embargo, es posible que necesite un idioma en su sitio que no aparezca en la lista, o que desee utilizar un idioma espec\u00edfico de un pa\u00eds.  Tienes que <a href=\"https:\/\/wpml.org\/documentation\/support\/editing-wpmls-languages-table\/\">a\u00f1adirlos como idiomas personalizados<\/a>.<\/p>\n\n<p>Al crear tu idioma personalizado, puedes asignarlo a un idioma similar y compatible. Esto le permite traducir autom\u00e1ticamente su contenido al idioma admitido. Luego, cuando revises las traducciones, s\u00f3lo tendr\u00e1s que hacer peque\u00f1os cambios en lugar de traducirlo todo desde cero.<\/p>\n\n<p>Por ejemplo, digamos que utilizamos el idioma personalizado alem\u00e1n suizo en nuestro sitio. No es una lengua admitida por ninguno de nuestros motores de traducci\u00f3n. Sin embargo, podemos asignarlo a la lengua admitida m\u00e1s pr\u00f3xima, el alem\u00e1n.<\/p>\n\n<p>Al asignar los idiomas entre s\u00ed, podemos traducir autom\u00e1ticamente el contenido al alem\u00e1n y hacer solo algunos cambios para que suene bien en alem\u00e1n suizo.<\/p>\n\n<div class=\"wp-block-toolset-blocks-container tb-container\" data-toolset-blocks-container=\"55c3bf860e000c3bb94389dfc2fe7c24\">\n<div class=\"tb-fields-and-text\" data-toolset-blocks-fields-and-text=\"3e1d2592ce20bdf2bf813c9dfa44c991\"><p>Si no asigna un idioma personalizado a un idioma compatible, no podr\u00e1 utilizar la <a href=\"https:\/\/wpml.org\/es\/documentation-2\/traduccion-automatica-para-contenido-de-wordpress-con-wpml\/\">traducci\u00f3n autom\u00e1tica de WPML<\/a> ni las <a href=\"https:\/\/wpml.org\/es\/documentation-2\/traducir-los-contenidos\/editor-de-traduccion-avanzado\/#spell-checker\">funciones de revisi\u00f3n ortogr\u00e1fica<\/a>.<\/p><\/div>\n<\/div>\n\n<h2 class=\"wp-block-heading\">C\u00f3mo asignar un idioma personalizado a un idioma admitido<\/h2>\n\n<p>Consulta nuestra <a href=\"https:\/\/ate.wpml.org\/mt_langs\">lista de idiomas admitidos<\/a> para ver qu\u00e9 motores de traducci\u00f3n e idiomas est\u00e1n disponibles.<\/p>\n\n<p>Puedes a\u00f1adir una asignaci\u00f3n de idioma personalizada en 3 lugares:<\/p>\n\n<h3 class=\"wp-block-heading\">En el asistente de configuraci\u00f3n<\/h3>\n\n<p>Al configurar los idiomas de su sitio por primera vez, puede decidir la asignaci\u00f3n a medida que crea su idioma personalizado.<\/p>\n<div class=\"wp-block-image\">\n<figure class=\" tb-image tb-image-dynamic tb-image-frame-none aligncenter\" data-toolset-blocks-image=\"2d7ec46347208da485c9e52ae2c9e85e\"><a href=\"https:\/\/wpml.org\/wp-content\/uploads\/2021\/09\/custom-language-in-setup-wizard-1.png\"><img decoding=\"async\" width=\"918\" height=\"710\" loading=\"lazy\" src=\"https:\/\/wpml.org\/wp-content\/uploads\/2021\/09\/custom-language-in-setup-wizard-1.png\" alt=\"\" class=\"wp-image-9656071\" srcset=\"https:\/\/wpml.org\/wp-content\/uploads\/2021\/09\/custom-language-in-setup-wizard-1.png 918w, https:\/\/wpml.org\/wp-content\/uploads\/2021\/09\/custom-language-in-setup-wizard-1-300x232.png 300w, https:\/\/wpml.org\/wp-content\/uploads\/2021\/09\/custom-language-in-setup-wizard-1-150x116.png 150w, https:\/\/wpml.org\/wp-content\/uploads\/2021\/09\/custom-language-in-setup-wizard-1-768x594.png 768w\" sizes=\"auto, (max-width: 918px) 100vw, 918px\" \/><\/a><figcaption><div class=\"tb-image-caption\">Elegir una asignaci\u00f3n de idioma en el asistente de configuraci\u00f3n<\/div><\/figcaption><\/figure>\n<\/div>\n<h3 class=\"wp-block-heading\">En la Configuraci\u00f3n de idiomas<\/h3>\n\n<p>Vaya a <strong>WPML<\/strong> \u2192 <strong>Idiomas<\/strong> y haga clic en <strong>Editar idiomas<\/strong>. Aqu\u00ed, puede ver una columna con un men\u00fa desplegable donde puede elegir la asignaci\u00f3n de idioma para cada uno de los idiomas de su sitio. <\/p>\n<div class=\"wp-block-image\">\n<figure class=\" tb-image tb-image-dynamic tb-image-frame-none aligncenter\" data-toolset-blocks-image=\"0dcdda0dd5edc54258caba59bdf1e429\"><a href=\"https:\/\/wpml.org\/wp-content\/uploads\/2021\/09\/language-mapping-edit-languages.png\"><img decoding=\"async\" width=\"1287\" height=\"697\" loading=\"lazy\" src=\"https:\/\/wpml.org\/wp-content\/uploads\/2021\/09\/language-mapping-edit-languages.png\" alt=\"\" class=\"wp-image-9656095\" srcset=\"https:\/\/wpml.org\/wp-content\/uploads\/2021\/09\/language-mapping-edit-languages.png 1287w, https:\/\/wpml.org\/wp-content\/uploads\/2021\/09\/language-mapping-edit-languages-300x162.png 300w, https:\/\/wpml.org\/wp-content\/uploads\/2021\/09\/language-mapping-edit-languages-1024x555.png 1024w, https:\/\/wpml.org\/wp-content\/uploads\/2021\/09\/language-mapping-edit-languages-150x81.png 150w, https:\/\/wpml.org\/wp-content\/uploads\/2021\/09\/language-mapping-edit-languages-768x416.png 768w\" sizes=\"auto, (max-width: 1287px) 100vw, 1287px\" \/><\/a><figcaption><div class=\"tb-image-caption\">Elegir una asignaci\u00f3n de idioma en la configuraci\u00f3n de Idiomas<\/div><\/figcaption><\/figure>\n<\/div>\n<h3 class=\"wp-block-heading\">En la Configuraci\u00f3n de la Traducci\u00f3n autom\u00e1tica<\/h3>\n\n<p>Vaya a <strong>WPML<\/strong> \u2192 <strong>Panel de traducci\u00f3n<\/strong> y haga clic en la pesta\u00f1a <strong>Herramientas<\/strong>. Haz clic en <strong>Asignaciones de idioma<\/strong>.<\/p>\n<div class=\"wp-block-image\">\n<figure class=\" tb-image tb-image-dynamic tb-image-frame-none aligncenter\" data-toolset-blocks-image=\"8722cc981729d24ea48463d25a70ad9b\"><a href=\"https:\/\/wpml.org\/wp-content\/uploads\/2025\/08\/wpml-translation-management-language-mapping.png\"><img decoding=\"async\" width=\"1838\" height=\"1600\" loading=\"lazy\" src=\"https:\/\/wpml.org\/wp-content\/uploads\/2025\/08\/wpml-translation-management-language-mapping.png\" alt=\"\" class=\"wp-image-17326936\" srcset=\"https:\/\/wpml.org\/wp-content\/uploads\/2025\/08\/wpml-translation-management-language-mapping.png 1838w, https:\/\/wpml.org\/wp-content\/uploads\/2025\/08\/wpml-translation-management-language-mapping-300x261.png 300w, https:\/\/wpml.org\/wp-content\/uploads\/2025\/08\/wpml-translation-management-language-mapping-1024x891.png 1024w, https:\/\/wpml.org\/wp-content\/uploads\/2025\/08\/wpml-translation-management-language-mapping-150x131.png 150w, https:\/\/wpml.org\/wp-content\/uploads\/2025\/08\/wpml-translation-management-language-mapping-768x669.png 768w, https:\/\/wpml.org\/wp-content\/uploads\/2025\/08\/wpml-translation-management-language-mapping-1536x1337.png 1536w\" sizes=\"auto, (max-width: 1838px) 100vw, 1838px\" \/><\/a><figcaption><div class=\"tb-image-caption\">Elegir una asignaci\u00f3n de idiomas en la configuraci\u00f3n de Traducci\u00f3n autom\u00e1tica<\/div><\/figcaption><\/figure>\n<\/div>\n<p>Haga clic en el icono del <strong>l\u00e1piz<\/strong> para a\u00f1adir o editar el idioma admitido para cada uno de los idiomas de su sitio.<\/p>\n\n<h2 class=\"wp-block-heading\">Consideraciones importantes al mapear lenguas<\/h2>\n\n<p>No recomendamos utilizar la traducci\u00f3n autom\u00e1tica o el modo <strong>Traducir todo<\/strong> <strong>autom\u00e1ticamente<\/strong> con ciertas configuraciones de idioma personalizadas:<\/p>\n\n<ol class=\"wp-block-list\">\n<li>Cuando un idioma secundario personalizado se asigna al idioma predeterminado de su sitio<\/li>\n\n\n\n<li>Cuando se asignan varias lenguas secundarias a la misma lengua admitida<\/li>\n<\/ol>\n\n<h3 class=\"wp-block-heading\">Asignar un idioma secundario personalizado al idioma por defecto de tu sitio web<\/h3>\n\n<p><strong>Ejemplo<\/strong>: Un sitio con un idioma predeterminado de ingl\u00e9s y un idioma secundario de ingl\u00e9s brit\u00e1nico, asignado a ingl\u00e9s<\/p>\n\n<p>Actualmente, no es posible traducir autom\u00e1ticamente su contenido porque su idioma original y el idioma de destino son el mismo. La traducci\u00f3n autom\u00e1tica s\u00f3lo funciona cuando se traduce entre dos lenguas soportadas diferentes.<\/p>\n\n<h3 class=\"wp-block-heading\">Asignar varias lenguas secundarias a la misma lengua soportada<\/h3>\n\n<p><strong>Ejemplo<\/strong>: Un sitio con idiomas secundarios de franc\u00e9s y franc\u00e9s canadiense, ambos asignados a franc\u00e9s<\/p>\n\n<p>Cuando tiene varios idiomas secundarios que est\u00e1n asignados al mismo idioma, esencialmente est\u00e1 creando trabajos de traducci\u00f3n id\u00e9nticos: el mismo contenido del mismo idioma predeterminado al mismo idioma de destino.<\/p>\n\n<p>Normalmente, la <a href=\"https:\/\/wpml.org\/documentation\/translating-your-contents\/how-wpml-keeps-track-of-your-translations\/\">memoria de traducci\u00f3n de WPML<\/a> puede ayudarle a ahorrar cr\u00e9ditos de traducci\u00f3n autom\u00e1tica recordando y aplicando las traducciones que ya se han generado en otros lugares de su sitio. Sin embargo, cuando los trabajos se crean al mismo tiempo, la memoria de traducci\u00f3n de un idioma personalizado a\u00fan no est\u00e1 disponible para el otro. Esto significa que utiliza cr\u00e9ditos de traducci\u00f3n autom\u00e1tica para la traducci\u00f3n a cada idioma personalizado, a pesar de que las traducciones son las mismas.<\/p>\n\n<p>En este caso, no recomendamos utilizar el modo <strong>Traducir todo<\/strong> <strong>autom\u00e1ticamente<\/strong>, y si desea utilizar la traducci\u00f3n autom\u00e1tica, le recomendamos que env\u00ede el contenido a traducir por separado para cada idioma personalizado. Esto permitir\u00e1 a WPML utilizar la memoria de traducci\u00f3n para que no se le cobre por las mismas traducciones varias veces. <\/p>\n","protected":false},"excerpt":{"rendered":"<p>Si utiliza un idioma personalizado o espec\u00edfico de un pa\u00eds en su sitio, puede seguir utilizando el corrector ortogr\u00e1fico y la traducci\u00f3n autom\u00e1tica asign\u00e1ndolo a un idioma compatible. WPML ofrece una amplia lista de idiomas compatibles que funcionan con los motores de traducci\u00f3n autom\u00e1tica. Sin embargo, es posible que necesite un idioma en su sitio [&hellip;]<\/p>\n","protected":false},"author":76577,"featured_media":0,"parent":4844549,"menu_order":63,"comment_status":"closed","ping_status":"closed","template":"","meta":{"_bbp_topic_count":0,"_bbp_reply_count":0,"_bbp_total_topic_count":0,"_bbp_total_reply_count":0,"_bbp_voice_count":0,"_bbp_anonymous_reply_count":0,"_bbp_topic_count_hidden":0,"_bbp_reply_count_hidden":0,"_bbp_forum_subforum_count":0,"_uag_custom_page_level_css":"","ep_exclude_from_search":false,"footnotes":""},"related-projects-category":[],"class_list":["post-15653496","page","type-page","status-publish","hentry"],"spectra_custom_meta":{"ratings_users":["0"],"ratings_score":["0"],"ratings_average":["0"],"_subscription_coupon_product_id":["0"],"_wpv_contains_gutenberg_views":[""],"_alp_processed":["1755706648"],"_views_template":["0"],"wpcf-unformatted-code":[""],"_wpml_media_duplicate":["1"],"_wpml_media_featured":["1"],"toolset_post_editor_mode":["block"],"wpcf-price-increase-show-from":[""],"wpcf-price-increase-show-till":[""],"_last_translation_edit_mode":["translation-editor"],"_wp_page_template":[""],"_wpml_word_count":["774"],"cmplz_hide_cookiebanner":[""],"wpcf-price-increase-content":[""],"wpcf-login-box-title":[""],"wpcf-page-content":[""],"_yoast_wpseo_primary_related-projects-category":[""],"_uag_css_file_name":["uag-css-15653496.css"],"_uag_page_assets":["a:9:{s:3:\"css\";s:260:\".uag-blocks-common-selector{z-index:var(--z-index-desktop) !important}@media(max-width: 976px){.uag-blocks-common-selector{z-index:var(--z-index-tablet) !important}}@media(max-width: 767px){.uag-blocks-common-selector{z-index:var(--z-index-mobile) !important}}\";s:2:\"js\";s:0:\"\";s:18:\"current_block_list\";a:8:{i:0;s:14:\"core\/paragraph\";i:1;s:24:\"toolset-blocks\/container\";i:2;s:30:\"toolset-blocks\/fields-and-text\";i:3;s:12:\"core\/heading\";i:4;s:20:\"toolset-blocks\/image\";i:5;s:9:\"core\/list\";i:6;s:14:\"core\/list-item\";i:7;s:14:\"core\/shortcode\";}s:8:\"uag_flag\";b:0;s:11:\"uag_version\";s:10:\"1778551253\";s:6:\"gfonts\";a:0:{}s:10:\"gfonts_url\";s:0:\"\";s:12:\"gfonts_files\";a:0:{}s:14:\"uag_faq_layout\";b:0;}"]},"uagb_featured_image_src":{"full":false,"thumbnail":false,"medium":false,"medium_large":false,"large":false,"1536x1536":false,"2048x2048":false,"gform-image-choice-sm":false,"gform-image-choice-md":false,"gform-image-choice-lg":false,"woocommerce_thumbnail":false,"woocommerce_single":false,"woocommerce_gallery_thumbnail":false},"uagb_author_info":{"display_name":"Dario","author_link":"https:\/\/wpml.org\/es\/author\/darioh\/"},"uagb_comment_info":0,"uagb_excerpt":"Si utiliza un idioma personalizado o espec\u00edfico de un pa\u00eds en su sitio, puede seguir utilizando el corrector ortogr\u00e1fico y la traducci\u00f3n autom\u00e1tica asign\u00e1ndolo a un idioma compatible. WPML ofrece una amplia lista de idiomas compatibles que funcionan con los motores de traducci\u00f3n autom\u00e1tica. Sin embargo, es posible que necesite un idioma en su sitio&hellip;","_links":{"self":[{"href":"https:\/\/wpml.org\/es\/wp-json\/wp\/v2\/pages\/15653496","targetHints":{"allow":["GET"]}}],"collection":[{"href":"https:\/\/wpml.org\/es\/wp-json\/wp\/v2\/pages"}],"about":[{"href":"https:\/\/wpml.org\/es\/wp-json\/wp\/v2\/types\/page"}],"author":[{"embeddable":true,"href":"https:\/\/wpml.org\/es\/wp-json\/wp\/v2\/users\/76577"}],"replies":[{"embeddable":true,"href":"https:\/\/wpml.org\/es\/wp-json\/wp\/v2\/comments?post=15653496"}],"version-history":[{"count":5,"href":"https:\/\/wpml.org\/es\/wp-json\/wp\/v2\/pages\/15653496\/revisions"}],"predecessor-version":[{"id":17335129,"href":"https:\/\/wpml.org\/es\/wp-json\/wp\/v2\/pages\/15653496\/revisions\/17335129"}],"up":[{"embeddable":true,"href":"https:\/\/wpml.org\/es\/wp-json\/wp\/v2\/pages\/4844549"}],"wp:attachment":[{"href":"https:\/\/wpml.org\/es\/wp-json\/wp\/v2\/media?parent=15653496"}],"wp:term":[{"taxonomy":"related-projects-category","embeddable":true,"href":"https:\/\/wpml.org\/es\/wp-json\/wp\/v2\/related-projects-category?post=15653496"}],"curies":[{"name":"wp","href":"https:\/\/api.w.org\/{rel}","templated":true}]}}