{"id":15653705,"date":"2024-05-22T06:37:43","date_gmt":"2024-05-22T06:37:43","guid":{"rendered":"https:\/\/wpml.org\/como-afecta-la-redireccion-del-idioma-del-navegador-a-la-indexacion-de-google\/"},"modified":"2024-05-22T06:37:44","modified_gmt":"2024-05-22T06:37:44","slug":"como-afecta-la-redireccion-del-idioma-del-navegador-a-la-indexacion-de-google","status":"publish","type":"page","link":"https:\/\/wpml.org\/es\/como-afecta-la-redireccion-del-idioma-del-navegador-a-la-indexacion-de-google\/","title":{"rendered":"C\u00f3mo afecta la redirecci\u00f3n del idioma del Navegador a la indexaci\u00f3n de Google"},"content":{"rendered":"<p>Desde 2015, Google entiende la <a href=\"https:\/\/wpml.org\/documentation\/getting-started-guide\/language-setup\/automatic-redirect-based-on-browser-language\/\">redirecci\u00f3n del idioma del Navegador<\/a> y la interpretar\u00e1 como una redirecci\u00f3n a otra URL. Google puede indexar tu sitio desde varias direcciones IP y resolver las reglas de redirecci\u00f3n de idioma, pero no hay garant\u00eda de c\u00f3mo afecta esta redirecci\u00f3n a la indexaci\u00f3n de tu sitio. Esto est\u00e1 relacionado con el funcionamiento de Google y no con c\u00f3mo se implementa la redirecci\u00f3n de idioma en WPML. Si ves idiomas \u00abincorrectos\u00bb en el \u00edndice de Google, considera la posibilidad de desactivar la redirecci\u00f3n de idioma del Navegador.<\/p>\n<h2>Preguntas frecuentes<\/h2>\n<h3>P: \u00bfPuedo decirle a Google que no siga estas redirecciones?<\/h3>\n<p><strong>R:<\/strong> No lo hagas. Google es muy coherente con sus instrucciones sobre la indexaci\u00f3n. Debes permitir que GoogleBot indexe tu sitio exactamente como lo ven los visitantes. Evita lo que Google llama <a href=\"https:\/\/support.google.com\/webmasters\/answer\/2721217?hl=en&amp;ref_topic=6001971\">redireccionamientos furtivos<\/a>.<\/p>\n<h3>P: \u00bfCu\u00e1l es el perjuicio de que Google interprete incorrectamente las redirecciones de idioma del Navegador?<\/h3>\n<p><strong>R:<\/strong> Es imposible saberlo, porque nadie sabe exactamente c\u00f3mo responder\u00e1 Google. Debes utilizar <a href=\"https:\/\/www.google.com\/webmasters\/\">las Herramientas para webmasters de Google<\/a> para ver c\u00f3mo indexa Google tu sitio. Si sospechas que tu contenido se indexa en el idioma equivocado, es una buena idea desactivar la redirecci\u00f3n del Navegador. Google actualiza con frecuencia sus algoritmos de rastreo e indexaci\u00f3n. Lo que funciona ahora puede no funcionar despu\u00e9s y lo que falla ahora puede funcionar en el futuro. En cualquier caso, es una buena idea revisar peri\u00f3dicamente el estado de tu \u00edndice y responder a las alertas procedentes de las Herramientas para webmasters de Google.<\/p>\n<h3>P: Quiero ofrecer el contenido \u00abcorrecto\u00bb a mis visitantes. \u00bfAlguna buena alternativa a la redirecci\u00f3n de idioma del Navegador?<\/h3>\n<p>Colocar un selector de idioma, con banderas y con nombres en el idioma nativo, en un lugar destacado de tus p\u00e1ginas es la mejor forma de mostrar a la gente que tienes contenido en su idioma. WPML ofrece una serie de <a href=\"https:\/\/wpml.org\/documentation\/getting-started-guide\/language-setup\/language-switcher-options\/\">selectores de idiomas<\/a> que puedes utilizar y tambi\u00e9n puedes crear <a href=\"https:\/\/wpml.org\/documentation\/getting-started-guide\/language-setup\/language-switcher-options\/custom-language-switcher\/\">selectores de idiomas personalizados<\/a>. Si quieres preguntar primero a la gente por su idioma o regi\u00f3n y luego mostrar contenido relevante, puedes activar el <a href=\"https:\/\/wpml.org\/documentation\/getting-started-guide\/language-setup\/directory-default-language\/\">directorio de idiomas para el idioma por<\/a> defecto y luego colocar una p\u00e1gina de bienvenida en la ra\u00edz del sitio.<\/p>\n<h2>Referencias<\/h2>\n<ul>\n<li><a href=\"https:\/\/googlewebmastercentral.blogspot.com.br\/2015\/01\/crawling-and-indexing-of-locale.html\">Google Webmasters Central: Rastreo e indexaci\u00f3n de p\u00e1ginas adaptadas a la localizaci\u00f3n<\/a><\/li>\n<li><a href=\"https:\/\/support.google.com\/webmasters\/answer\/6144055\">Ayuda de la B\u00fasqueda de Google: Googlebot rastrea teniendo en cuenta la ubicaci\u00f3n local<\/a><\/li>\n<li><a href=\"https:\/\/support.google.com\/webmasters\/answer\/182192?hl=en\">Ayuda de la B\u00fasqueda de Google: Sitios multirregionales y multiling\u00fces<\/a><\/li>\n<\/ul>\n","protected":false},"excerpt":{"rendered":"<p>Desde 2015, Google entiende la redirecci\u00f3n del idioma del Navegador y la interpretar\u00e1 como una redirecci\u00f3n a otra URL. Google puede indexar tu sitio desde varias direcciones IP y resolver las reglas de redirecci\u00f3n de idioma, pero no hay garant\u00eda de c\u00f3mo afecta esta redirecci\u00f3n a la indexaci\u00f3n de tu sitio. Esto est\u00e1 relacionado con [&hellip;]<\/p>\n","protected":false},"author":2,"featured_media":0,"parent":0,"menu_order":0,"comment_status":"closed","ping_status":"closed","template":"","meta":{"_bbp_topic_count":0,"_bbp_reply_count":0,"_bbp_total_topic_count":0,"_bbp_total_reply_count":0,"_bbp_voice_count":0,"_bbp_anonymous_reply_count":0,"_bbp_topic_count_hidden":0,"_bbp_reply_count_hidden":0,"_bbp_forum_subforum_count":0,"_uag_custom_page_level_css":"","ep_exclude_from_search":false,"footnotes":""},"related-projects-category":[],"class_list":["post-15653705","page","type-page","status-publish","hentry"],"spectra_custom_meta":{"ratings_users":["0"],"ratings_score":["0"],"ratings_average":["0"],"_subscription_coupon_product_id":["0"],"_wpv_contains_gutenberg_views":[""],"_alp_processed":["1716359864"],"_views_template":["0"],"_wpml_media_duplicate":["0"],"_wpml_media_featured":["1"],"_wp_page_template":["default"],"_last_translation_edit_mode":["translation-editor"],"_uag_css_file_name":["uag-css-15653705.css"],"_uag_page_assets":["a:9:{s:3:\"css\";s:0:\"\";s:2:\"js\";s:0:\"\";s:18:\"current_block_list\";a:1:{i:0;s:14:\"core\/shortcode\";}s:8:\"uag_flag\";b:0;s:11:\"uag_version\";s:10:\"1778446649\";s:6:\"gfonts\";a:0:{}s:10:\"gfonts_url\";s:0:\"\";s:12:\"gfonts_files\";a:0:{}s:14:\"uag_faq_layout\";b:0;}"]},"uagb_featured_image_src":{"full":false,"thumbnail":false,"medium":false,"medium_large":false,"large":false,"1536x1536":false,"2048x2048":false,"gform-image-choice-sm":false,"gform-image-choice-md":false,"gform-image-choice-lg":false,"woocommerce_thumbnail":false,"woocommerce_single":false,"woocommerce_gallery_thumbnail":false},"uagb_author_info":{"display_name":"Amir","author_link":"https:\/\/wpml.org\/es\/author\/amir\/"},"uagb_comment_info":0,"uagb_excerpt":"Desde 2015, Google entiende la redirecci\u00f3n del idioma del Navegador y la interpretar\u00e1 como una redirecci\u00f3n a otra URL. Google puede indexar tu sitio desde varias direcciones IP y resolver las reglas de redirecci\u00f3n de idioma, pero no hay garant\u00eda de c\u00f3mo afecta esta redirecci\u00f3n a la indexaci\u00f3n de tu sitio. Esto est\u00e1 relacionado con&hellip;","_links":{"self":[{"href":"https:\/\/wpml.org\/es\/wp-json\/wp\/v2\/pages\/15653705","targetHints":{"allow":["GET"]}}],"collection":[{"href":"https:\/\/wpml.org\/es\/wp-json\/wp\/v2\/pages"}],"about":[{"href":"https:\/\/wpml.org\/es\/wp-json\/wp\/v2\/types\/page"}],"author":[{"embeddable":true,"href":"https:\/\/wpml.org\/es\/wp-json\/wp\/v2\/users\/2"}],"replies":[{"embeddable":true,"href":"https:\/\/wpml.org\/es\/wp-json\/wp\/v2\/comments?post=15653705"}],"version-history":[{"count":1,"href":"https:\/\/wpml.org\/es\/wp-json\/wp\/v2\/pages\/15653705\/revisions"}],"predecessor-version":[{"id":15653706,"href":"https:\/\/wpml.org\/es\/wp-json\/wp\/v2\/pages\/15653705\/revisions\/15653706"}],"wp:attachment":[{"href":"https:\/\/wpml.org\/es\/wp-json\/wp\/v2\/media?parent=15653705"}],"wp:term":[{"taxonomy":"related-projects-category","embeddable":true,"href":"https:\/\/wpml.org\/es\/wp-json\/wp\/v2\/related-projects-category?post=15653705"}],"curies":[{"name":"wp","href":"https:\/\/api.w.org\/{rel}","templated":true}]}}