{"id":15654260,"date":"2024-05-22T07:20:29","date_gmt":"2024-05-22T07:20:29","guid":{"rendered":"https:\/\/wpml.org\/documentation-2\/guia-de-inicio\/configuracion-del-idioma\/opciones-de-formato-de-url-del-idioma\/"},"modified":"2024-10-21T15:27:47","modified_gmt":"2024-10-21T15:27:47","slug":"opciones-de-formato-de-url-del-idioma","status":"publish","type":"page","link":"https:\/\/wpml.org\/es\/documentation-2\/guia-de-inicio\/configuracion-del-idioma\/opciones-de-formato-de-url-del-idioma\/","title":{"rendered":"Opciones de formato de URL del idioma"},"content":{"rendered":"<p class=\"lead\">WPML te da la opci\u00f3n de formatear las URLs de tu idioma en dominios, directorios o como par\u00e1metros. Aprende c\u00f3mo funciona y encuentra lo mejor para ti.<\/p>\n<p>WPML te permite elegir formatear las URLs de idioma de tu sitio usando un argumento de idioma en la URL, en carpetas virtuales o en diferentes dominios (o subdominios). Internamente, todos los idiomas se guardan en una base de datos de WordPress, pero para los visitantes los idiomas pueden parecer estar en diferentes sitios. Puedes elegir el formato que desees al configurar WPML por primera vez. Si deseas cambiar a un formato diferente despu\u00e9s de configurar WPML, puedes hacerlo yendo a <strong>WPML<\/strong> \u2192 <strong>Languages<\/strong> y desplaz\u00e1ndote a <strong>Formato de URL de idioma<\/strong>.<br \/>\nPuedes elegir entre las siguientes opciones: <\/p>\n<ul>\n<li><a href=\"#different-languages-in-directories\">Diferentes idiomas en los directorios<\/a><\/li>\n<li><a href=\"#a-different-domain-per-language\">Un dominio diferente por lengua<\/a><\/li>\n<li><a href=\"#language-name-added-as-a-parameter\">Nombre de la lengua como par\u00e1metro<\/a><\/li>\n<\/ul>\n<p><img decoding=\"async\" style=\"max-width: 100%;\" src=\"https:\/\/cdn.wpml.org\/wp-content\/uploads\/2012\/05\/language-url-options1.png\" alt=\"Opciones de URL de idioma\" width=\"655\"><\/p>\n<p><img decoding=\"async\" src=\"https:\/\/cdn.wpml.org\/wp-content\/themes\/sitepress\/images\/mail\/separator.jpg\" alt=\"\"><\/p>\n<h2>Diferentes idiomas en los directorios<\/h2>\n<p>Cuando habilitas idiomas en directorios, le est\u00e1s diciendo a WPML que organice las traducciones en lo que parecen ser diferentes carpetas virtuales. Por ejemplo:<\/p>\n<ul>\n<li>www.example.com<\/li>\n<li>www.example.com\/es\/<\/li>\n<li>www.example.com\/ja\/<\/li>\n<\/ul>\n<p><img decoding=\"async\" src=\"https:\/\/cdn.wpml.org\/wp-content\/uploads\/2013\/09\/language-directories.png\" alt=\"Lenguas en directorios\" width=\"275\" height=\"198\"><\/p>\n<h3>Configuraci\u00f3n del servidor para idiomas en directorios<\/h3>\n<p>Para configurar tus idiomas en directorios, el m\u00f3dulo de reescritura de Apache debe estar activado. Si no tienes acceso a la configuraci\u00f3n de tu servidor, ponte en contacto con tu proveedor de alojamiento para solicitarle que lo habilite.<\/p>\n<p>Tu sitio tambi\u00e9n necesita usar una <a href=\"https:\/\/wordpress.org\/support\/article\/using-permalinks\/#mod_rewrite-pretty-permalinks\">estructura de enlaces permanentes \u201cbonita\u201d<\/a>. Puedes cambiar la estructura de enlaces permanentes de tu sitio en la configuraci\u00f3n de WordPress. <\/p>\n<h3>Errores comunes<\/h3>\n<p>Aseg\u00farate de que NO est\u00e1s haciendo ninguna de las siguientes cosas:<\/p>\n<ul>\n<li><strong>Crear directorios reales en tu sitio<\/strong><br \/>\nNo necesitas crear directorios reales en tu instalaci\u00f3n de WordPress, ni instalar WordPress varias veces. En realidad, si haces esto, los idiomas de los directorios no funcionar\u00e1n.<\/p>\n<p>Estos directorios son virtuales. No existen como ninguna ruta f\u00edsica.<\/li>\n<li><strong>Redirigir a otros directorios<\/strong><br \/>\nSimilar a crear directorios reales, algunos usuarios editan sus archivos <strong>.htaccess<\/strong> y agregan reglas de redirecci\u00f3n. No deber\u00edas hacerlo. WPML crea sus propias reglas de redirecci\u00f3n din\u00e1micamente.<\/li>\n<\/ul>\n<p>Para obtener m\u00e1s consejos para diagnosticar problemas, consulta el siguiente art\u00edculo: <a href=\"https:\/\/wpml.org\/documentation\/getting-started-guide\/language-setup\/language-url-options\/cannot-activate-language-directories\/\">No se pueden activar los directorios de idioma<\/a>.<\/p>\n<h3>Mostrar el idioma predeterminado de tu sitio en un directorio<\/h3>\n<p>WPML tambi\u00e9n te permite mostrar tu idioma predeterminado en un directorio y seleccionar qu\u00e9 mostrar en la URL ra\u00edz del sitio.<\/p>\n<figure id=\"attachment_3119703\" aria-describedby=\"caption-attachment-3119703\" style=\"width: 934px\" class=\"wp-caption aligncenter\"><img decoding=\"async\" class=\"img-border wp-image-3119703 size-full\" src=\"https:\/\/wpml.org\/wp-content\/uploads\/2019\/01\/directory-for-default-language.png\" alt=\"Directorio para el idioma predeterminado\" width=\"934\" height=\"404\" srcset=\"https:\/\/wpml.org\/wp-content\/uploads\/2019\/01\/directory-for-default-language.png 934w, https:\/\/wpml.org\/wp-content\/uploads\/2019\/01\/directory-for-default-language-150x65.png 150w, https:\/\/wpml.org\/wp-content\/uploads\/2019\/01\/directory-for-default-language-300x130.png 300w, https:\/\/wpml.org\/wp-content\/uploads\/2019\/01\/directory-for-default-language-768x332.png 768w\" sizes=\"(max-width: 934px) 100vw, 934px\" \/><figcaption id=\"caption-attachment-3119703\" class=\"wp-caption-text\">Directorio para un idioma predeterminado<\/figcaption><\/figure>\n<p>Lee m\u00e1s sobre <a href=\"https:\/\/wpml.org\/documentation\/getting-started-guide\/language-setup\/directory-default-language\/\">colocar el idioma predeterminado del sitio en un directorio<\/a>.<\/p>\n<h2>Un dominio diferente por lengua<\/h2>\n<p>Puedes colocar distintas lenguas en dominios completamente independientes. Por ejemplo:<\/p>\n<ul>\n<li>www.example.com<\/li>\n<li>www.example.de<\/li>\n<\/ul>\n<p>Tambi\u00e9n puedes elegir colocar distintas lenguas en subdominios diferentes. Por ejemplo:  <\/p>\n<ul>\n<li>es.ejemplo.com<\/li>\n<li>de.ejemplo.com<\/li>\n<\/ul>\n<p><img decoding=\"async\" src=\"https:\/\/cdn.wpml.org\/wp-content\/uploads\/2013\/09\/language-urls.png\" alt=\"Lenguas en dominios\" width=\"275\" height=\"198\"><\/p>\n<h3>Ajustes de DNS y servidor para mostrar diferentes dominios por idioma<\/h3>\n<p>Elegir este formato requiere que configures el DNS adecuado y los ajustes del servidor. Por favor, consulta nuestro tutorial para instrucciones paso a paso sobre la configuraci\u00f3n del <a href=\"https:\/\/wpml.org\/documentation\/getting-started-guide\/language-setup\/language-url-options\/how-to-use-wpml-with-different-domains-per-language\/\">servidor necesaria para usar idiomas en dominios<\/a>.<\/p>\n<p>Si no tienes acceso a la configuraci\u00f3n de tu servidor, ponte en contacto con tu proveedor de alojamiento para que te ayude.<\/p>\n<h2>Nombre del idioma a\u00f1adido como par\u00e1metro<\/h2>\n<p>Elegir mostrar el idioma como un par\u00e1metro agrega el idioma al final de la URL de tu sitio. Por ejemplo:<\/p>\n<ul>\n<li>www.example.com\/?lang=fr<\/li>\n<li>www.example.com\/about\/?lang=en<\/li>\n<\/ul>\n<p>Este formato no requiere ning\u00fan cambio adicional en la configuraci\u00f3n de tu servidor.<\/p>\n","protected":false},"excerpt":{"rendered":"<p>WPML te da la opci\u00f3n de formatear las URLs de tu idioma en dominios, directorios o como par\u00e1metros. Aprende c\u00f3mo funciona y encuentra lo mejor para ti. WPML te permite elegir formatear las URLs de idioma de tu sitio usando un argumento de idioma en la URL, en carpetas virtuales o en diferentes dominios (o [&hellip;]<\/p>\n","protected":false},"author":76577,"featured_media":0,"parent":1373,"menu_order":0,"comment_status":"closed","ping_status":"closed","template":"template-sidebar-2.php","meta":{"_bbp_topic_count":0,"_bbp_reply_count":0,"_bbp_total_topic_count":0,"_bbp_total_reply_count":0,"_bbp_voice_count":0,"_bbp_anonymous_reply_count":0,"_bbp_topic_count_hidden":0,"_bbp_reply_count_hidden":0,"_bbp_forum_subforum_count":0,"_uag_custom_page_level_css":"","ep_exclude_from_search":false,"footnotes":""},"related-projects-category":[],"class_list":["post-15654260","page","type-page","status-publish","hentry"],"spectra_custom_meta":{"ratings_users":["0"],"ratings_score":["0"],"ratings_average":["0"],"_subscription_coupon_product_id":["0"],"_wpv_contains_gutenberg_views":[""],"_alp_processed":["1729524467"],"_views_template":["0"],"_wpml_media_duplicate":["0"],"_wpml_media_featured":["1"],"_wp_page_template":["template-sidebar-2.php"],"_last_translation_edit_mode":["translation-editor"],"_oembed_5a55d53e37a9b5cf0a1196915e7af25d":["<iframe title=\"Create Multilingual Contact Forms using Contact Form 7 and WPML\" width=\"700\" height=\"394\" src=\"https:\/\/www.youtube.com\/embed\/YC1LAMt6kvk?feature=oembed&enablejsapi=1&origin=https:\/\/wpml.org\" frameborder=\"0\" allow=\"accelerometer; autoplay; clipboard-write; encrypted-media; gyroscope; picture-in-picture; web-share\" referrerpolicy=\"strict-origin-when-cross-origin\" allowfullscreen><\/iframe>"],"_oembed_time_5a55d53e37a9b5cf0a1196915e7af25d":["1720126819"],"wpcf-unformatted-code":[""],"wpcf-price-increase-show-from":[""],"wpcf-price-increase-show-till":[""],"_top_nav_excluded":[""],"_cms_nav_minihome":[""],"_yoast_wpseo_metadesc":["WPML te da la opci\u00f3n de formatear las URLs de tu idioma en dominios, directorios o como par\u00e1metros. Aprende c\u00f3mo funciona y encuentra lo mejor para ti."],"_oembed_0a9b7c0e350cccf75658aa2dcf88ed85":["<iframe title=\"How to migrate from a custom database into WordPress\" width=\"700\" height=\"394\" src=\"https:\/\/www.youtube.com\/embed\/2PIChT5T0oQ?feature=oembed&enablejsapi=1&origin=https:\/\/wpml.org\" frameborder=\"0\" allow=\"accelerometer; autoplay; clipboard-write; encrypted-media; gyroscope; picture-in-picture; web-share\" referrerpolicy=\"strict-origin-when-cross-origin\" allowfullscreen><\/iframe>"],"_oembed_time_0a9b7c0e350cccf75658aa2dcf88ed85":["1761759820"],"_uag_css_file_name":["uag-css-15654260.css"],"_uag_page_assets":["a:9:{s:3:\"css\";s:260:\".uag-blocks-common-selector{z-index:var(--z-index-desktop) !important}@media(max-width: 976px){.uag-blocks-common-selector{z-index:var(--z-index-tablet) !important}}@media(max-width: 767px){.uag-blocks-common-selector{z-index:var(--z-index-mobile) !important}}\";s:2:\"js\";s:0:\"\";s:18:\"current_block_list\";a:1:{i:0;s:14:\"core\/shortcode\";}s:8:\"uag_flag\";b:0;s:11:\"uag_version\";s:10:\"1778178857\";s:6:\"gfonts\";a:0:{}s:10:\"gfonts_url\";s:0:\"\";s:12:\"gfonts_files\";a:0:{}s:14:\"uag_faq_layout\";b:0;}"]},"uagb_featured_image_src":{"full":false,"thumbnail":false,"medium":false,"medium_large":false,"large":false,"1536x1536":false,"2048x2048":false,"gform-image-choice-sm":false,"gform-image-choice-md":false,"gform-image-choice-lg":false,"woocommerce_thumbnail":false,"woocommerce_single":false,"woocommerce_gallery_thumbnail":false},"uagb_author_info":{"display_name":"Dario","author_link":"https:\/\/wpml.org\/es\/author\/darioh\/"},"uagb_comment_info":0,"uagb_excerpt":"WPML te da la opci\u00f3n de formatear las URLs de tu idioma en dominios, directorios o como par\u00e1metros. Aprende c\u00f3mo funciona y encuentra lo mejor para ti. WPML te permite elegir formatear las URLs de idioma de tu sitio usando un argumento de idioma en la URL, en carpetas virtuales o en diferentes dominios (o&hellip;","_links":{"self":[{"href":"https:\/\/wpml.org\/es\/wp-json\/wp\/v2\/pages\/15654260","targetHints":{"allow":["GET"]}}],"collection":[{"href":"https:\/\/wpml.org\/es\/wp-json\/wp\/v2\/pages"}],"about":[{"href":"https:\/\/wpml.org\/es\/wp-json\/wp\/v2\/types\/page"}],"author":[{"embeddable":true,"href":"https:\/\/wpml.org\/es\/wp-json\/wp\/v2\/users\/76577"}],"replies":[{"embeddable":true,"href":"https:\/\/wpml.org\/es\/wp-json\/wp\/v2\/comments?post=15654260"}],"version-history":[{"count":2,"href":"https:\/\/wpml.org\/es\/wp-json\/wp\/v2\/pages\/15654260\/revisions"}],"predecessor-version":[{"id":16313275,"href":"https:\/\/wpml.org\/es\/wp-json\/wp\/v2\/pages\/15654260\/revisions\/16313275"}],"up":[{"embeddable":true,"href":"https:\/\/wpml.org\/es\/wp-json\/wp\/v2\/pages\/1373"}],"wp:attachment":[{"href":"https:\/\/wpml.org\/es\/wp-json\/wp\/v2\/media?parent=15654260"}],"wp:term":[{"taxonomy":"related-projects-category","embeddable":true,"href":"https:\/\/wpml.org\/es\/wp-json\/wp\/v2\/related-projects-category?post=15654260"}],"curies":[{"name":"wp","href":"https:\/\/api.w.org\/{rel}","templated":true}]}}