{"id":15654321,"date":"2013-01-02T04:00:52","date_gmt":"2013-01-02T04:00:52","guid":{"rendered":"https:\/\/wpml.org\/documentation-2\/guia-de-inicio\/como-traducir-slugs-de-url-con-wpml\/"},"modified":"2026-03-25T11:08:35","modified_gmt":"2026-03-25T11:08:35","slug":"como-traducir-slugs-de-url-con-wpml","status":"publish","type":"page","link":"https:\/\/wpml.org\/es\/documentation-2\/guia-de-inicio\/como-traducir-slugs-de-url-con-wpml\/","title":{"rendered":"C\u00f3mo traducir slugs de URL con WPML"},"content":{"rendered":"\n<p class=\"lead\">WPML le permite traducir los slugs de URL a diferentes idiomas. Esto incluye slugs para p\u00e1ginas, entradas, tipos de contenido personalizados y taxonom\u00edas. <\/p>\n\n<p>Un slug de URL es la parte de una direcci\u00f3n URL que identifica una p\u00e1gina espec\u00edfica en un sitio web. Tanto los motores de b\u00fasqueda como los usuarios conf\u00edan en los slugs para comprender el tema de una p\u00e1gina, por lo que es importante que sean claros y f\u00e1ciles de leer.  <\/p>\n\n<figure class=\"wp-block-image tb-image tb-image-dynamic tb-image-frame-none\" data-toolset-blocks-image=\"4bc183fe93b1a7e954618827e8d9e419\"><img decoding=\"async\" width=\"1024\" height=\"604\" loading=\"lazy\" src=\"https:\/\/wpml.org\/wp-content\/uploads\/2024\/06\/URL-with-custom-post-type-and-page-title-slugs-1024x604.png\" alt=\"URL with custom post type and page title slugs\" class=\"wp-image-15705087\" srcset=\"https:\/\/wpml.org\/wp-content\/uploads\/2024\/06\/URL-with-custom-post-type-and-page-title-slugs-1024x604.png 1024w, https:\/\/wpml.org\/wp-content\/uploads\/2024\/06\/URL-with-custom-post-type-and-page-title-slugs-300x177.png 300w, https:\/\/wpml.org\/wp-content\/uploads\/2024\/06\/URL-with-custom-post-type-and-page-title-slugs-150x88.png 150w, https:\/\/wpml.org\/wp-content\/uploads\/2024\/06\/URL-with-custom-post-type-and-page-title-slugs-768x453.png 768w, https:\/\/wpml.org\/wp-content\/uploads\/2024\/06\/URL-with-custom-post-type-and-page-title-slugs.png 1063w\" sizes=\"auto, (max-width: 1024px) 100vw, 1024px\" \/><figcaption><div class=\"tb-image-caption\">URL con slugs de tipo de contenido personalizado y t\u00edtulo de p\u00e1gina<\/div><\/figcaption><\/figure>\n\n<h2 class=\"tb-heading\" data-toolset-blocks-heading=\"3a94a5f5ac99f0c5642cb0af3ba9a028\" data-last-update=\"1.4\">Empezando<\/h2>\n\n<p>Para traducir slugs de URL con WPML, instale y active: <\/p>\n\n<ul class=\"wp-block-list\">\n<li>WPML<\/li>\n\n\n\n<li>WPML String Translation<\/li>\n<\/ul>\n\n<div style=\"height:10px\" aria-hidden=\"true\" class=\"wp-block-spacer\"><\/div>\n\n<h2 class=\"wp-block-heading\" id=\"translate-custom-post-type-url-slug\">Traducir slugs de URL de tipos de contenido personalizados <\/h2>\n\n<p>Para traducir slugs de URL de tipos de contenido personalizados:<\/p>\n\n<ol class=\"wp-block-list\">\n<li>Vaya a <strong>WPML<\/strong> \u2192 <strong>Ajustes<\/strong>. <\/li>\n\n\n\n<li>Despl\u00e1cese hacia abajo hasta la secci\u00f3n <strong>Traducci\u00f3n de slugs<\/strong> y active la casilla de verificaci\u00f3n.<\/li>\n\n\n\n<li>A continuaci\u00f3n, despl\u00e1cese hasta la secci\u00f3n <strong>Traducci\u00f3n de tipos de contenido<\/strong> y establezca su tipo de contenido personalizado como <strong>Traducible: solo mostrar elementos traducidos<\/strong>. Haga clic en el bot\u00f3n <strong>Guardar<\/strong> en la parte inferior de esta secci\u00f3n. <\/li>\n<\/ol>\n\n<figure class=\"wp-block-image tb-image tb-image-dynamic tb-image-frame-none\" data-toolset-blocks-image=\"5c7c8b54c2308ab9542a43fa73a87275\"><a href=\"https:\/\/wpml.org\/wp-content\/uploads\/2024\/06\/Setting-custom-post-type-to-Translatable.png\"><img decoding=\"async\" width=\"1024\" height=\"589\" loading=\"lazy\" src=\"https:\/\/wpml.org\/wp-content\/uploads\/2024\/06\/Setting-custom-post-type-to-Translatable-1024x589.png\" alt=\"Setting custom post type to Translatable\" class=\"wp-image-15705130\" srcset=\"https:\/\/wpml.org\/wp-content\/uploads\/2024\/06\/Setting-custom-post-type-to-Translatable-1024x589.png 1024w, https:\/\/wpml.org\/wp-content\/uploads\/2024\/06\/Setting-custom-post-type-to-Translatable-300x173.png 300w, https:\/\/wpml.org\/wp-content\/uploads\/2024\/06\/Setting-custom-post-type-to-Translatable-150x86.png 150w, https:\/\/wpml.org\/wp-content\/uploads\/2024\/06\/Setting-custom-post-type-to-Translatable-768x442.png 768w, https:\/\/wpml.org\/wp-content\/uploads\/2024\/06\/Setting-custom-post-type-to-Translatable-1536x884.png 1536w, https:\/\/wpml.org\/wp-content\/uploads\/2024\/06\/Setting-custom-post-type-to-Translatable.png 1600w\" sizes=\"auto, (max-width: 1024px) 100vw, 1024px\" \/><\/a><figcaption><div class=\"tb-image-caption\">Configuraci\u00f3n del tipo de contenido personalizado como Traducible<\/div><\/figcaption><\/figure>\n\n<ol start=\"4\" class=\"wp-block-list\">\n<li>Tras recargar la p\u00e1gina, despl\u00e1cese hasta su tipo de contenido y, justo debajo, expanda la secci\u00f3n para configurar diferentes slugs. Introduzca las traducciones de los slugs de su tipo de contenido y haga clic en el bot\u00f3n <strong>Guardar<\/strong> en la parte inferior de la secci\u00f3n de tipos de contenido. <\/li>\n<\/ol>\n\n<figure class=\"wp-block-image tb-image tb-image-dynamic tb-image-frame-none\" data-toolset-blocks-image=\"1192727ace559ec9240dd56f3ec1cabd\"><a href=\"https:\/\/wpml.org\/wp-content\/uploads\/2024\/06\/Translating-slugs-for-custom-post-types.png\"><img decoding=\"async\" width=\"1024\" height=\"589\" loading=\"lazy\" src=\"https:\/\/wpml.org\/wp-content\/uploads\/2024\/06\/Translating-slugs-for-custom-post-types-1024x589.png\" alt=\"Translating slugs for custom post types\" class=\"wp-image-15705144\" srcset=\"https:\/\/wpml.org\/wp-content\/uploads\/2024\/06\/Translating-slugs-for-custom-post-types-1024x589.png 1024w, https:\/\/wpml.org\/wp-content\/uploads\/2024\/06\/Translating-slugs-for-custom-post-types-300x173.png 300w, https:\/\/wpml.org\/wp-content\/uploads\/2024\/06\/Translating-slugs-for-custom-post-types-150x86.png 150w, https:\/\/wpml.org\/wp-content\/uploads\/2024\/06\/Translating-slugs-for-custom-post-types-768x442.png 768w, https:\/\/wpml.org\/wp-content\/uploads\/2024\/06\/Translating-slugs-for-custom-post-types-1536x884.png 1536w, https:\/\/wpml.org\/wp-content\/uploads\/2024\/06\/Translating-slugs-for-custom-post-types.png 1600w\" sizes=\"auto, (max-width: 1024px) 100vw, 1024px\" \/><\/a><figcaption><div class=\"tb-image-caption\">Traducci\u00f3n de slugs para tipos de contenido personalizados<\/div><\/figcaption><\/figure>\n\n<p>Los slugs de sus tipos de contenido personalizados aparecer\u00e1n ahora traducidos en la URL. <\/p>\n\n<div class=\"wp-block-toolset-blocks-grid tb-grid\" data-toolset-blocks-grid=\"3d9c399fe625e1b972f817a0680229f6\">\n<div class=\"wp-block-toolset-blocks-grid-column tb-grid-column tb-grid-align-top\" data-toolset-blocks-grid-column=\"3034fbe886c11054e95b46b09d3e4112\">\n<figure class=\"wp-block-image tb-image tb-image-dynamic tb-image-frame-none\" data-toolset-blocks-image=\"862ab5c3717b5fcafb003929ec5f0f70\"><a href=\"https:\/\/wpml.org\/wp-content\/uploads\/2024\/06\/Custom-post-type-in-English.png\"><img decoding=\"async\" width=\"1024\" height=\"577\" loading=\"lazy\" src=\"https:\/\/wpml.org\/wp-content\/uploads\/2024\/06\/Custom-post-type-in-English-1024x577.png\" alt=\"Custom post type in English\" class=\"wp-image-15705160\" srcset=\"https:\/\/wpml.org\/wp-content\/uploads\/2024\/06\/Custom-post-type-in-English-1024x577.png 1024w, https:\/\/wpml.org\/wp-content\/uploads\/2024\/06\/Custom-post-type-in-English-300x169.png 300w, https:\/\/wpml.org\/wp-content\/uploads\/2024\/06\/Custom-post-type-in-English-150x84.png 150w, https:\/\/wpml.org\/wp-content\/uploads\/2024\/06\/Custom-post-type-in-English-768x432.png 768w, https:\/\/wpml.org\/wp-content\/uploads\/2024\/06\/Custom-post-type-in-English.png 1119w\" sizes=\"auto, (max-width: 1024px) 100vw, 1024px\" \/><\/a><figcaption><div class=\"tb-image-caption\">Tipo de contenido personalizado en ingl\u00e9s<\/div><\/figcaption><\/figure>\n<\/div>\n\n\n\n<div class=\"wp-block-toolset-blocks-grid-column tb-grid-column tb-grid-align-top\" data-toolset-blocks-grid-column=\"3034fbe886c11054e95b46b09d3e4112\">\n<figure class=\"wp-block-image tb-image tb-image-dynamic tb-image-frame-none\" data-toolset-blocks-image=\"b6d8dca290b8348118a4e2bebaf16589\"><a href=\"https:\/\/wpml.org\/wp-content\/uploads\/2024\/06\/Custom-post-type-in-Spanish.png\"><img decoding=\"async\" width=\"1024\" height=\"577\" loading=\"lazy\" src=\"https:\/\/wpml.org\/wp-content\/uploads\/2024\/06\/Custom-post-type-in-Spanish-1024x577.png\" alt=\"Custom post type in Spanish\" class=\"wp-image-15705174\" srcset=\"https:\/\/wpml.org\/wp-content\/uploads\/2024\/06\/Custom-post-type-in-Spanish-1024x577.png 1024w, https:\/\/wpml.org\/wp-content\/uploads\/2024\/06\/Custom-post-type-in-Spanish-300x169.png 300w, https:\/\/wpml.org\/wp-content\/uploads\/2024\/06\/Custom-post-type-in-Spanish-150x84.png 150w, https:\/\/wpml.org\/wp-content\/uploads\/2024\/06\/Custom-post-type-in-Spanish-768x432.png 768w, https:\/\/wpml.org\/wp-content\/uploads\/2024\/06\/Custom-post-type-in-Spanish.png 1119w\" sizes=\"auto, (max-width: 1024px) 100vw, 1024px\" \/><\/a><figcaption><div class=\"tb-image-caption\">Tipo de contenido personalizado en espa\u00f1ol<\/div><\/figcaption><\/figure>\n<\/div>\n<\/div>\n\n<h2 class=\"wp-block-heading\" id=\"translate-page-post-url-slug\">Traducir slugs de URL de p\u00e1ginas y entradas<\/h2>\n\n<p>Por defecto, al enviar p\u00e1ginas y entradas para traducir, WPML traduce autom\u00e1ticamente sus slugs de URL utilizando el t\u00edtulo. <\/p>\n\n<p>Por ejemplo, al traducir una p\u00e1gina titulada \u201cMixed Berry Smoothie\u201d al espa\u00f1ol, WPML utilizar\u00e1 el nuevo t\u00edtulo de la p\u00e1gina, \u201cBatido de Bayas Mixtas\u201d, al crear la URL:<\/p>\n<div class=\"wp-block-syntaxhighlighter-code \"><pre class=\"brush: xml; title: ; notranslate\" title=\"\">\nsmooothy.com\/es\/receta\/batido-de-bayas-mixtas\/\n<\/pre><\/div>\n<div style=\"height:15px\" aria-hidden=\"true\" class=\"wp-block-spacer\"><\/div>\n\n<p>Si desea tener m\u00e1s control, tambi\u00e9n puede traducir los slugs usted mismo:<\/p>\n\n<ol class=\"wp-block-list\">\n<li>Vaya a <strong>WPML <\/strong>\u2192 <strong>Configuraci\u00f3n<\/strong> y despl\u00e1cese hasta <strong>Opciones de documentos traducidos<\/strong>.<\/li>\n\n\n\n<li>Bajo <strong>URL de p\u00e1gina<\/strong>, elija la opci\u00f3n <strong>traducir<\/strong> y guarde.<\/li>\n<\/ol>\n\n<figure class=\"wp-block-image tb-image tb-image-dynamic tb-image-frame-none\" data-toolset-blocks-image=\"d8f67a73ca31d5ff29c6b6e7dbeb3f19\"><a href=\"https:\/\/wpml.org\/wp-content\/uploads\/2024\/06\/Setting-the-option-to-Translate-the-page-URL.png\"><img decoding=\"async\" width=\"1024\" height=\"596\" loading=\"lazy\" src=\"https:\/\/wpml.org\/wp-content\/uploads\/2024\/06\/Setting-the-option-to-Translate-the-page-URL-1024x596.png\" alt=\"Setting the option to Translate the page URL\" class=\"wp-image-15705203\" srcset=\"https:\/\/wpml.org\/wp-content\/uploads\/2024\/06\/Setting-the-option-to-Translate-the-page-URL-1024x596.png 1024w, https:\/\/wpml.org\/wp-content\/uploads\/2024\/06\/Setting-the-option-to-Translate-the-page-URL-300x175.png 300w, https:\/\/wpml.org\/wp-content\/uploads\/2024\/06\/Setting-the-option-to-Translate-the-page-URL-150x87.png 150w, https:\/\/wpml.org\/wp-content\/uploads\/2024\/06\/Setting-the-option-to-Translate-the-page-URL-768x447.png 768w, https:\/\/wpml.org\/wp-content\/uploads\/2024\/06\/Setting-the-option-to-Translate-the-page-URL.png 1536w\" sizes=\"auto, (max-width: 1024px) 100vw, 1024px\" \/><\/a><figcaption><div class=\"tb-image-caption\">Setting the option to Translate the page URL<\/div><\/figcaption><\/figure>\n\n<p>Ahora puede traducir el slug de la URL al editar p\u00e1ginas en el Editor de traducci\u00f3n avanzado. <\/p>\n\n<figure class=\"wp-block-image tb-image tb-image-dynamic tb-image-frame-none\" data-toolset-blocks-image=\"abdb39ea76e96571860273eca92ae4fe\"><a href=\"https:\/\/wpml.org\/wp-content\/uploads\/2025\/01\/Translating-URL-in-ATE-1.png\"><img decoding=\"async\" width=\"1024\" height=\"782\" loading=\"lazy\" src=\"https:\/\/wpml.org\/wp-content\/uploads\/2025\/01\/Translating-URL-in-ATE-1-1024x782.png\" alt=\"Translating URL in ATE\" class=\"wp-image-16646916\" srcset=\"https:\/\/wpml.org\/wp-content\/uploads\/2025\/01\/Translating-URL-in-ATE-1-1024x782.png 1024w, https:\/\/wpml.org\/wp-content\/uploads\/2025\/01\/Translating-URL-in-ATE-1-300x229.png 300w, https:\/\/wpml.org\/wp-content\/uploads\/2025\/01\/Translating-URL-in-ATE-1-150x114.png 150w, https:\/\/wpml.org\/wp-content\/uploads\/2025\/01\/Translating-URL-in-ATE-1-768x586.png 768w, https:\/\/wpml.org\/wp-content\/uploads\/2025\/01\/Translating-URL-in-ATE-1-1536x1172.png 1536w, https:\/\/wpml.org\/wp-content\/uploads\/2025\/01\/Translating-URL-in-ATE-1.png 1707w\" sizes=\"auto, (max-width: 1024px) 100vw, 1024px\" \/><\/a><figcaption><div class=\"tb-image-caption\">Traducci\u00f3n del slug de la URL de la p\u00e1gina en el Editor de traducci\u00f3n avanzado<\/div><\/figcaption><\/figure>\n\n<h2 class=\"wp-block-heading\" id=\"translate-taxonomy-url-slugs\">Traducir slugs de URL de taxonom\u00edas<\/h2>\n\n<p>Para traducir slugs de URL de taxonom\u00edas, siga nuestra <a href=\"https:\/\/wpml.org\/es\/documentation-2\/guia-de-inicio\/traduccion-de-categorias-de-entradas-y-taxonomias-personalizadas\/\">gu\u00eda de traducci\u00f3n de taxonom\u00edas<\/a>. <\/p>\n\n<h2 class=\"wp-block-heading\" id=\"copy-url\">Copiar URL al idioma secundario<\/h2>\n\n<p>Adem\u00e1s de traducir slugs de URL, WPML tambi\u00e9n le permite \u201ccopiar\u201d slugs a idiomas secundarios. <\/p>\n\n<div class=\"wp-block-toolset-blocks-grid tb-grid\" data-toolset-blocks-grid=\"3d9c399fe625e1b972f817a0680229f6\">\n<div class=\"wp-block-toolset-blocks-grid-column tb-grid-column tb-grid-align-top\" data-toolset-blocks-grid-column=\"3034fbe886c11054e95b46b09d3e4112\">\n<figure class=\"wp-block-image tb-image tb-image-dynamic tb-image-frame-none\" data-toolset-blocks-image=\"08c3923f15ea66a8c440d76a509e389c\"><a href=\"https:\/\/wpml.org\/wp-content\/uploads\/2024\/08\/Smoothie-recipe-in-English.png\"><img decoding=\"async\" width=\"1024\" height=\"577\" loading=\"lazy\" src=\"https:\/\/wpml.org\/wp-content\/uploads\/2024\/08\/Smoothie-recipe-in-English-1024x577.png\" alt=\"Smoothie recipe in English\" class=\"wp-image-16034824\" srcset=\"https:\/\/wpml.org\/wp-content\/uploads\/2024\/08\/Smoothie-recipe-in-English-1024x577.png 1024w, https:\/\/wpml.org\/wp-content\/uploads\/2024\/08\/Smoothie-recipe-in-English-300x169.png 300w, https:\/\/wpml.org\/wp-content\/uploads\/2024\/08\/Smoothie-recipe-in-English-150x84.png 150w, https:\/\/wpml.org\/wp-content\/uploads\/2024\/08\/Smoothie-recipe-in-English-768x432.png 768w, https:\/\/wpml.org\/wp-content\/uploads\/2024\/08\/Smoothie-recipe-in-English.png 1119w\" sizes=\"auto, (max-width: 1024px) 100vw, 1024px\" \/><\/a><figcaption><div class=\"tb-image-caption\">Receta de batido en ingl\u00e9s<\/div><\/figcaption><\/figure>\n<\/div>\n\n\n\n<div class=\"wp-block-toolset-blocks-grid-column tb-grid-column tb-grid-align-top\" data-toolset-blocks-grid-column=\"3034fbe886c11054e95b46b09d3e4112\">\n<figure class=\"wp-block-image tb-image tb-image-dynamic tb-image-frame-none\" data-toolset-blocks-image=\"897e18ef1a1ec71d6959103dcd836f31\"><a href=\"https:\/\/wpml.org\/wp-content\/uploads\/2024\/08\/Smoothie-recipe-in-Chinese.png\"><img decoding=\"async\" width=\"1024\" height=\"577\" loading=\"lazy\" src=\"https:\/\/wpml.org\/wp-content\/uploads\/2024\/08\/Smoothie-recipe-in-Chinese-1024x577.png\" alt=\"Smoothie recipe in Chinese\" class=\"wp-image-16034838\" srcset=\"https:\/\/wpml.org\/wp-content\/uploads\/2024\/08\/Smoothie-recipe-in-Chinese-1024x577.png 1024w, https:\/\/wpml.org\/wp-content\/uploads\/2024\/08\/Smoothie-recipe-in-Chinese-300x169.png 300w, https:\/\/wpml.org\/wp-content\/uploads\/2024\/08\/Smoothie-recipe-in-Chinese-150x84.png 150w, https:\/\/wpml.org\/wp-content\/uploads\/2024\/08\/Smoothie-recipe-in-Chinese-768x432.png 768w, https:\/\/wpml.org\/wp-content\/uploads\/2024\/08\/Smoothie-recipe-in-Chinese.png 1119w\" sizes=\"auto, (max-width: 1024px) 100vw, 1024px\" \/><\/a><figcaption><div class=\"tb-image-caption\">Receta de batido en chino<\/div><\/figcaption><\/figure>\n<\/div>\n<\/div>\n\n<p>Esto es \u00fatil cuando su sitio web tiene idiomas que no utilizan caracteres ASCII (chino, japon\u00e9s, \u00e1rabe, etc.) y desea evitar que sus URL parezcan spam al compartirlas en la web. Por ejemplo, la siguiente URL en chino se ver\u00e1 as\u00ed al copiarla y pegarla: <\/p>\n\n<div style=\"height:20px\" aria-hidden=\"true\" class=\"wp-block-spacer\"><\/div>\n\n<p>example.com\/\u716e\u996d\/ \u2192 example.com\/%E7%85%AE%E9%A5%AD\/<\/p>\n\n<div style=\"height:20px\" aria-hidden=\"true\" class=\"wp-block-spacer\"><\/div>\n\n<p>Para que sus URL tengan un mejor aspecto, puede copiar los slugs de sus URL originales a otros idiomas:<\/p>\n\n<ol class=\"wp-block-list\">\n<li>Vaya a <strong>WPML <\/strong>\u2192 <strong>Idiomas<\/strong>.<\/li>\n\n\n\n<li>Bajo <strong>idiomas del sitio<\/strong>, haga clic en el enlace <strong>editar idiomas<\/strong>. <\/li>\n\n\n\n<li>En la tabla, establezca el valor de <strong>Codificar URL <\/strong>en <strong>S\u00ed<\/strong> para el idioma al que desea que se copien los slugs. Haz clic en <strong>Guardar<\/strong>.<\/li>\n<\/ol>\n\n<figure class=\"wp-block-image tb-image tb-image-dynamic tb-image-frame-none\" data-toolset-blocks-image=\"7c3529241fe0ca56d92f4aed75fa832e\"><a href=\"https:\/\/wpml.org\/wp-content\/uploads\/2024\/08\/Encoding-URLs-for-Chinese-1.png\"><img decoding=\"async\" width=\"1024\" height=\"606\" loading=\"lazy\" src=\"https:\/\/wpml.org\/wp-content\/uploads\/2024\/08\/Encoding-URLs-for-Chinese-1-1024x606.png\" alt=\"\" class=\"wp-image-16034894\" srcset=\"https:\/\/wpml.org\/wp-content\/uploads\/2024\/08\/Encoding-URLs-for-Chinese-1-1024x606.png 1024w, https:\/\/wpml.org\/wp-content\/uploads\/2024\/08\/Encoding-URLs-for-Chinese-1-300x178.png 300w, https:\/\/wpml.org\/wp-content\/uploads\/2024\/08\/Encoding-URLs-for-Chinese-1-150x89.png 150w, https:\/\/wpml.org\/wp-content\/uploads\/2024\/08\/Encoding-URLs-for-Chinese-1-768x454.png 768w, https:\/\/wpml.org\/wp-content\/uploads\/2024\/08\/Encoding-URLs-for-Chinese-1-1536x909.png 1536w, https:\/\/wpml.org\/wp-content\/uploads\/2024\/08\/Encoding-URLs-for-Chinese-1-2048x1212.png 2048w\" sizes=\"auto, (max-width: 1024px) 100vw, 1024px\" \/><\/a><figcaption><div class=\"tb-image-caption\">Codificaci\u00f3n de URLs para chino<\/div><\/figcaption><\/figure>\n\n<ol start=\"4\" class=\"wp-block-list\">\n<li>A continuaci\u00f3n, vaya a <strong>WPML <\/strong>\u2192 <strong>Configuraci\u00f3n<\/strong>.<\/li>\n\n\n\n<li>Bajo <strong>opciones de documentos traducidos<\/strong>, configure <strong>URL de p\u00e1gina<\/strong> a <strong>copiar del idioma original<\/strong> y guarde. <\/li>\n<\/ol>\n\n<p>Los slugs de sus URL se copiar\u00e1n ahora a su idioma secundario (codificado) cuando traduzca contenido. <\/p>\n\n<h2 class=\"wp-block-heading\" id=\"get-started\">Comience con WPML<\/h2>\n\n<p>Para traducir slugs de URL con WPML, necesita el tipo de cuenta Multilingual CMS o Multilingual Agency. <\/p>\n\n<p>Visite nuestra <a href=\"https:\/\/wpml.org\/es\/purchase\/\">p\u00e1gina de precios<\/a> para obtener m\u00e1s informaci\u00f3n sobre nuestros planes.<\/p>\n","protected":false},"excerpt":{"rendered":"<p>WPML le permite traducir los slugs de URL a diferentes idiomas. Esto incluye slugs para p\u00e1ginas, entradas, tipos de contenido personalizados y taxonom\u00edas. Un slug de URL es la parte de una direcci\u00f3n URL que identifica una p\u00e1gina espec\u00edfica en un sitio web. Tanto los motores de b\u00fasqueda como los usuarios conf\u00edan en los slugs [&hellip;]<\/p>\n","protected":false},"author":2,"featured_media":0,"parent":1258,"menu_order":56,"comment_status":"closed","ping_status":"closed","template":"template-sidebar-2.php","meta":{"_bbp_topic_count":0,"_bbp_reply_count":0,"_bbp_total_topic_count":0,"_bbp_total_reply_count":0,"_bbp_voice_count":0,"_bbp_anonymous_reply_count":0,"_bbp_topic_count_hidden":0,"_bbp_reply_count_hidden":0,"_bbp_forum_subforum_count":0,"_uag_custom_page_level_css":"","ep_exclude_from_search":false,"footnotes":""},"related-projects-category":[],"class_list":["post-15654321","page","type-page","status-publish","hentry"],"spectra_custom_meta":{"ratings_users":["0"],"ratings_score":["0"],"ratings_average":["0"],"_subscription_coupon_product_id":["0"],"_wpv_contains_gutenberg_views":[""],"_alp_processed":["1774436916"],"_views_template":["0"],"wpcf-unformatted-code":[""],"_wpml_media_duplicate":["0"],"_wpml_media_featured":["1"],"toolset_post_editor_mode":["block"],"wpcf-price-increase-show-from":[""],"wpcf-price-increase-show-till":[""],"_wp_page_template":["template-sidebar-2.php"],"_last_translation_edit_mode":["translation-editor"],"_wpml_word_count":["677"],"_yoast_wpseo_title":["%%title%% %%page%%"],"_yoast_wpseo_metadesc":["WPML le permite traducir los slugs de URL a diferentes idiomas. Esto incluye slugs para p\u00e1ginas, entradas, tipos de contenido personalizados y taxonom\u00edas."],"_yoast_wpseo_focuskw":["Traduzca los slugs de URL"],"_uag_css_file_name":["uag-css-15654321.css"],"_uag_page_assets":["a:9:{s:3:\"css\";s:260:\".uag-blocks-common-selector{z-index:var(--z-index-desktop) !important}@media(max-width: 976px){.uag-blocks-common-selector{z-index:var(--z-index-tablet) !important}}@media(max-width: 767px){.uag-blocks-common-selector{z-index:var(--z-index-mobile) !important}}\";s:2:\"js\";s:0:\"\";s:18:\"current_block_list\";a:11:{i:0;s:14:\"core\/paragraph\";i:1;s:20:\"toolset-blocks\/image\";i:2;s:22:\"toolset-blocks\/heading\";i:3;s:9:\"core\/list\";i:4;s:14:\"core\/list-item\";i:5;s:11:\"core\/spacer\";i:6;s:12:\"core\/heading\";i:7;s:19:\"toolset-blocks\/grid\";i:8;s:26:\"toolset-blocks\/grid-column\";i:9;s:22:\"syntaxhighlighter\/code\";i:10;s:14:\"core\/shortcode\";}s:8:\"uag_flag\";b:0;s:11:\"uag_version\";s:10:\"1778682616\";s:6:\"gfonts\";a:0:{}s:10:\"gfonts_url\";s:0:\"\";s:12:\"gfonts_files\";a:0:{}s:14:\"uag_faq_layout\";b:0;}"]},"uagb_featured_image_src":{"full":false,"thumbnail":false,"medium":false,"medium_large":false,"large":false,"1536x1536":false,"2048x2048":false,"gform-image-choice-sm":false,"gform-image-choice-md":false,"gform-image-choice-lg":false,"woocommerce_thumbnail":false,"woocommerce_single":false,"woocommerce_gallery_thumbnail":false},"uagb_author_info":{"display_name":"Amir","author_link":"https:\/\/wpml.org\/es\/author\/amir\/"},"uagb_comment_info":0,"uagb_excerpt":"WPML le permite traducir los slugs de URL a diferentes idiomas. Esto incluye slugs para p\u00e1ginas, entradas, tipos de contenido personalizados y taxonom\u00edas. Un slug de URL es la parte de una direcci\u00f3n URL que identifica una p\u00e1gina espec\u00edfica en un sitio web. Tanto los motores de b\u00fasqueda como los usuarios conf\u00edan en los slugs&hellip;","_links":{"self":[{"href":"https:\/\/wpml.org\/es\/wp-json\/wp\/v2\/pages\/15654321","targetHints":{"allow":["GET"]}}],"collection":[{"href":"https:\/\/wpml.org\/es\/wp-json\/wp\/v2\/pages"}],"about":[{"href":"https:\/\/wpml.org\/es\/wp-json\/wp\/v2\/types\/page"}],"author":[{"embeddable":true,"href":"https:\/\/wpml.org\/es\/wp-json\/wp\/v2\/users\/2"}],"replies":[{"embeddable":true,"href":"https:\/\/wpml.org\/es\/wp-json\/wp\/v2\/comments?post=15654321"}],"version-history":[{"count":7,"href":"https:\/\/wpml.org\/es\/wp-json\/wp\/v2\/pages\/15654321\/revisions"}],"predecessor-version":[{"id":17925899,"href":"https:\/\/wpml.org\/es\/wp-json\/wp\/v2\/pages\/15654321\/revisions\/17925899"}],"up":[{"embeddable":true,"href":"https:\/\/wpml.org\/es\/wp-json\/wp\/v2\/pages\/1258"}],"wp:attachment":[{"href":"https:\/\/wpml.org\/es\/wp-json\/wp\/v2\/media?parent=15654321"}],"wp:term":[{"taxonomy":"related-projects-category","embeddable":true,"href":"https:\/\/wpml.org\/es\/wp-json\/wp\/v2\/related-projects-category?post=15654321"}],"curies":[{"name":"wp","href":"https:\/\/api.w.org\/{rel}","templated":true}]}}