{"id":15660727,"date":"2018-01-08T08:57:04","date_gmt":"2018-01-08T08:57:04","guid":{"rendered":"https:\/\/wpml.org\/documentation-2\/traducir-los-contenidos\/mostrar-contenido-no-traducido-en-lenguas-secundarias\/"},"modified":"2025-07-23T07:37:16","modified_gmt":"2025-07-23T07:37:16","slug":"mostrar-contenido-no-traducido-en-lenguas-secundarias","status":"publish","type":"page","link":"https:\/\/wpml.org\/es\/documentation-2\/traducir-los-contenidos\/mostrar-contenido-no-traducido-en-lenguas-secundarias\/","title":{"rendered":"C\u00f3mo duplicar y copiar contenido en WPML"},"content":{"rendered":"\n<p class=\"lead\">La duplicaci\u00f3n y la copia te permiten mostrar contenido sin traducir en tus idiomas secundarios. Sigue esta gu\u00eda para obtener m\u00e1s informaci\u00f3n sobre cada opci\u00f3n en WPML.  <\/p>\n\n<div style=\"height:30px\" aria-hidden=\"true\" class=\"wp-block-spacer\"><\/div>\n\n<figure class=\"wp-block-table is-style-regular\"><table><tbody><tr><th><\/th><th><a href=\"#duplicating-content\"><strong>Duplicar<\/strong><\/a><\/th><th><a href=\"#copying-content\"><strong>Copia<\/strong><\/a><\/th><th><a href=\"#fallback-content\"><strong>Alternativa<\/strong><\/a><\/th><\/tr><tr><td><strong>Funcionalidad<\/strong><\/td><td>Duplica el contenido original en los idiomas secundarios y los mantiene sincronizados<\/td><td>Copia el contenido original en los idiomas secundarios sin mantenerlos sincronizados<\/td><td>Muestra las traducciones si existen o el contenido original cuando no hay traducciones<\/td><\/tr><tr><td><strong>Prop\u00f3sito<\/strong><\/td><td>No tienes previsto traducir tu contenido, pero quieres mostrarlo en todos los idiomas <\/td><td>Tienes previsto traducir tu contenido y necesitas un marcador de posici\u00f3n temporal<\/td><td>Quieres mostrar contenido en idiomas secundarios, independientemente de si existen traducciones<\/td><\/tr><tr><td><strong>Dependencia<\/strong><\/td><td>Sincronizado con el contenido original<\/td><td>Independiente del contenido original<\/td><td>Sincronizado con el contenido original<\/td><\/tr><\/tbody><\/table><\/figure>\n\n<div style=\"height:10px\" aria-hidden=\"true\" class=\"wp-block-spacer\"><\/div>\n\n<h2 class=\"wp-block-heading\" id=\"duplicating-content\">Contenido Duplicado<a href=\"https:\/\/wpml.org\/es\/documentation-2\/traducir-los-contenidos\/mostrar-contenido-no-traducido-en-lenguas-secundarias\/#duplicating-content\"><\/a><\/h2>\n\n<p>La duplicaci\u00f3n de contenido copia todo el contenido, incluidas las taxonom\u00edas, de tu idioma predeterminado a tu idioma secundario, manteniendo ambos sincronizados. Cada vez que edites tu contenido original, la versi\u00f3n duplicada se actualizar\u00e1 autom\u00e1ticamente y cualquier edici\u00f3n que hayas realizado en ella se sobrescribir\u00e1.  <a href=\"https:\/\/wpml.org\/es\/documentation-2\/traducir-los-contenidos\/mostrar-contenido-no-traducido-en-lenguas-secundarias\/#how-to-duplicate-pages-and-posts-in-bulk\"><\/a><\/p>\n\n<p>Para duplicar contenido:<\/p>\n\n<ol class=\"wp-block-list\">\n<li>Vaya a <strong>WPML<\/strong> \u2192 <strong>Panel de traducci\u00f3n<\/strong>.<\/li>\n\n\n\n<li>Seleccione los elementos que desea duplicar.<\/li>\n<\/ol>\n\n<figure class=\"wp-block-image tb-image tb-image-dynamic tb-image-frame-none\" data-toolset-blocks-image=\"0d1cc2ab2893aaec940826d240b37d75\"><a href=\"https:\/\/wpml.org\/wp-content\/uploads\/2025\/02\/wpml-translation-management-selecting-posts-for-translation.png\"><img decoding=\"async\" width=\"1024\" height=\"719\" loading=\"lazy\" src=\"https:\/\/wpml.org\/wp-content\/uploads\/2025\/02\/wpml-translation-management-selecting-posts-for-translation-1024x719.png\" alt=\"\" class=\"wp-image-16694682\" srcset=\"https:\/\/wpml.org\/wp-content\/uploads\/2025\/02\/wpml-translation-management-selecting-posts-for-translation-1024x719.png 1024w, https:\/\/wpml.org\/wp-content\/uploads\/2025\/02\/wpml-translation-management-selecting-posts-for-translation-300x211.png 300w, https:\/\/wpml.org\/wp-content\/uploads\/2025\/02\/wpml-translation-management-selecting-posts-for-translation-150x105.png 150w, https:\/\/wpml.org\/wp-content\/uploads\/2025\/02\/wpml-translation-management-selecting-posts-for-translation-768x539.png 768w, https:\/\/wpml.org\/wp-content\/uploads\/2025\/02\/wpml-translation-management-selecting-posts-for-translation-1536x1079.png 1536w, https:\/\/wpml.org\/wp-content\/uploads\/2025\/02\/wpml-translation-management-selecting-posts-for-translation-2048x1438.png 2048w\" sizes=\"auto, (max-width: 1024px) 100vw, 1024px\" \/><\/a><figcaption><div class=\"tb-image-caption\">Selecci\u00f3n de contenido para traducir en el panel de control de traducci\u00f3n<\/div><\/figcaption><\/figure>\n\n<ol start=\"3\" class=\"wp-block-list\">\n<li>Elija los idiomas a los que desea duplicar y haga clic en <strong>duplicar<\/strong>.<\/li>\n<\/ol>\n\n<h3 class=\"wp-block-heading\" id=\"how-to-convert-a-translation-into-a-duplicate\">C\u00f3mo Convertir un Duplicado en una Traducci\u00f3n<a href=\"https:\/\/wpml.org\/es\/documentation-2\/traducir-los-contenidos\/mostrar-contenido-no-traducido-en-lenguas-secundarias\/#how-to-convert-a-translation-into-a-duplicate\"><\/a><\/h3>\n\n<p>Para convertir un duplicado en una traducci\u00f3n:<\/p>\n\n<ol class=\"wp-block-list\">\n<li>En la barra de administraci\u00f3n superior de WordPress, cambia al idioma de tu contenido duplicado.<\/li>\n<\/ol>\n<div class=\"wp-block-image\">\n<figure class=\" tb-image tb-image-dynamic tb-image-frame-none aligncenter\" data-toolset-blocks-image=\"e81fc7c545f210678a47ec2b534592f8\"><a href=\"https:\/\/wpml.org\/wp-content\/uploads\/2024\/07\/Selecting-language-of-duplicate-content-in-the-top-WordPress-admin-bar.png\"><img decoding=\"async\" width=\"1024\" height=\"644\" loading=\"lazy\" src=\"https:\/\/wpml.org\/wp-content\/uploads\/2024\/07\/Selecting-language-of-duplicate-content-in-the-top-WordPress-admin-bar-1024x644.png\" alt=\"Selecting language of duplicate content in the top WordPress admin bar\" class=\"wp-image-15968058\" srcset=\"https:\/\/wpml.org\/wp-content\/uploads\/2024\/07\/Selecting-language-of-duplicate-content-in-the-top-WordPress-admin-bar-1024x644.png 1024w, https:\/\/wpml.org\/wp-content\/uploads\/2024\/07\/Selecting-language-of-duplicate-content-in-the-top-WordPress-admin-bar-300x189.png 300w, https:\/\/wpml.org\/wp-content\/uploads\/2024\/07\/Selecting-language-of-duplicate-content-in-the-top-WordPress-admin-bar-150x94.png 150w, https:\/\/wpml.org\/wp-content\/uploads\/2024\/07\/Selecting-language-of-duplicate-content-in-the-top-WordPress-admin-bar-768x483.png 768w, https:\/\/wpml.org\/wp-content\/uploads\/2024\/07\/Selecting-language-of-duplicate-content-in-the-top-WordPress-admin-bar-1536x966.png 1536w, https:\/\/wpml.org\/wp-content\/uploads\/2024\/07\/Selecting-language-of-duplicate-content-in-the-top-WordPress-admin-bar.png 1995w\" sizes=\"auto, (max-width: 1024px) 100vw, 1024px\" \/><\/a><figcaption><div class=\"tb-image-caption\">Selecci\u00f3n del idioma del contenido duplicado en la barra de administraci\u00f3n superior de WordPress<\/div><\/figcaption><\/figure>\n<\/div>\n<ol start=\"2\" class=\"wp-block-list\">\n<li><strong>Edite<\/strong> el elemento duplicado que desea convertir en una traducci\u00f3n.<\/li>\n\n\n\n<li>Aparecer\u00e1 una ventana emergente una vez que se cargue el editor. Haga clic en <strong>editar de todos modos<\/strong>. <\/li>\n\n\n\n<li>En la secci\u00f3n de <strong>idioma<\/strong> del editor, haga clic en <strong>traducir independientemente<\/strong>.<\/li>\n<\/ol>\n<div class=\"wp-block-image\">\n<figure class=\" tb-image tb-image-dynamic tb-image-frame-none aligncenter\" data-toolset-blocks-image=\"74b0cc9c8fc11af3dc25b4bc8a124c09\"><a href=\"https:\/\/wpml.org\/wp-content\/uploads\/2024\/04\/selecting-translate-independently-in-wordpress-editor-1-2.png\"><img decoding=\"async\" width=\"1024\" height=\"619\" loading=\"lazy\" src=\"https:\/\/wpml.org\/wp-content\/uploads\/2024\/04\/selecting-translate-independently-in-wordpress-editor-1-2-1024x619.png\" alt=\"selecting translate independently in wordpress editor\" class=\"wp-image-15539171\" srcset=\"https:\/\/wpml.org\/wp-content\/uploads\/2024\/04\/selecting-translate-independently-in-wordpress-editor-1-2-1024x619.png 1024w, https:\/\/wpml.org\/wp-content\/uploads\/2024\/04\/selecting-translate-independently-in-wordpress-editor-1-2-300x181.png 300w, https:\/\/wpml.org\/wp-content\/uploads\/2024\/04\/selecting-translate-independently-in-wordpress-editor-1-2-150x91.png 150w, https:\/\/wpml.org\/wp-content\/uploads\/2024\/04\/selecting-translate-independently-in-wordpress-editor-1-2-768x464.png 768w, https:\/\/wpml.org\/wp-content\/uploads\/2024\/04\/selecting-translate-independently-in-wordpress-editor-1-2-1536x928.png 1536w, https:\/\/wpml.org\/wp-content\/uploads\/2024\/04\/selecting-translate-independently-in-wordpress-editor-1-2-2048x1237.png 2048w\" sizes=\"auto, (max-width: 1024px) 100vw, 1024px\" \/><\/a><figcaption><div class=\"tb-image-caption\"><em>Haciendo clic en traducir independientemente en el editor de WordPress<\/em><\/div><\/figcaption><\/figure>\n<\/div>\n<p>Tu p\u00e1gina dejar\u00e1 de sincronizarse con el contenido original. <\/p>\n\n<p>Para volver a convertir una traducci\u00f3n en un duplicado, sigue los mismos pasos descritos anteriormente, pero haz clic en el bot\u00f3n <strong>Sobrescribir con contenido de [idioma predeterminado]<\/strong>.<\/p>\n<div class=\"wp-block-image\">\n<figure class=\" tb-image tb-image-dynamic tb-image-frame-none aligncenter\" data-toolset-blocks-image=\"13dc996ab5cc5b65a5a74dc3f52a0dbc\"><a href=\"https:\/\/wpml.org\/wp-content\/uploads\/2024\/04\/overwriting-content-with-deafult-language-content-1.png\"><img decoding=\"async\" width=\"1024\" height=\"617\" loading=\"lazy\" src=\"https:\/\/wpml.org\/wp-content\/uploads\/2024\/04\/overwriting-content-with-deafult-language-content-1-1024x617.png\" alt=\"overwriting content with default language content\" class=\"wp-image-15539188\" srcset=\"https:\/\/wpml.org\/wp-content\/uploads\/2024\/04\/overwriting-content-with-deafult-language-content-1-1024x617.png 1024w, https:\/\/wpml.org\/wp-content\/uploads\/2024\/04\/overwriting-content-with-deafult-language-content-1-300x181.png 300w, https:\/\/wpml.org\/wp-content\/uploads\/2024\/04\/overwriting-content-with-deafult-language-content-1-150x90.png 150w, https:\/\/wpml.org\/wp-content\/uploads\/2024\/04\/overwriting-content-with-deafult-language-content-1-768x463.png 768w, https:\/\/wpml.org\/wp-content\/uploads\/2024\/04\/overwriting-content-with-deafult-language-content-1-1536x925.png 1536w, https:\/\/wpml.org\/wp-content\/uploads\/2024\/04\/overwriting-content-with-deafult-language-content-1-2048x1234.png 2048w\" sizes=\"auto, (max-width: 1024px) 100vw, 1024px\" \/><\/a><figcaption><div class=\"tb-image-caption\"><em>Sobrescribir contenido con contenido del idioma predeterminado<\/em><\/div><\/figcaption><\/figure>\n<\/div>\n<h2 class=\"wp-block-heading\" id=\"copying-content\">Copiar Contenido<a href=\"https:\/\/wpml.org\/es\/documentation-2\/traducir-los-contenidos\/mostrar-contenido-no-traducido-en-lenguas-secundarias\/#copying-content\"><\/a><\/h2>\n\n<p>Copiar contenido hace lo mismo que duplicar contenido con una excepci\u00f3n: el contenido copiado no se sincroniza con el original. Esto significa que puedes editarlo de forma independiente sin sobrescribir los cambios cuando actualices el contenido original. <\/p>\n\n<p>Copiar contenido copia el t\u00edtulo, el extracto y el contenido de la p\u00e1gina del idioma predeterminado. <strong>No<\/strong> copia campos personalizados.<a href=\"https:\/\/wpml.org\/es\/documentation-2\/traducir-los-contenidos\/mostrar-contenido-no-traducido-en-lenguas-secundarias\/#how-to-copy-content\"><\/a><\/p>\n\n<div style=\"height:15px\" aria-hidden=\"true\" class=\"wp-block-spacer\"><\/div>\n\n<p>Para copiar contenido:<\/p>\n\n<ol class=\"wp-block-list\">\n<li><strong>Edite<\/strong> la p\u00e1gina en el idioma predeterminado.<\/li>\n\n\n\n<li>En la barra de administraci\u00f3n superior de WordPress, cambia al idioma al que quieres copiar. Aparecer\u00e1 una p\u00e1gina en blanco. <\/li>\n\n\n\n<li>En la secci\u00f3n <strong>Idioma<\/strong> del editor, haz clic en el bot\u00f3n <strong>Copiar contenido de [idioma predeterminado]<\/strong>.<\/li>\n<\/ol>\n<div class=\"wp-block-image\">\n<figure class=\" tb-image tb-image-dynamic tb-image-frame-none aligncenter\" data-toolset-blocks-image=\"acdfe6fcc3f2793ddb6d7c8839e5f9fc\"><a href=\"https:\/\/wpml.org\/wp-content\/uploads\/2024\/04\/Copying-default-language-content-to-a-secondary-language-page-1.png\"><img decoding=\"async\" width=\"1024\" height=\"501\" loading=\"lazy\" src=\"https:\/\/wpml.org\/wp-content\/uploads\/2024\/04\/Copying-default-language-content-to-a-secondary-language-page-1-1024x501.png\" alt=\"Copying default language content to a secondary language page\" class=\"wp-image-15539347\" srcset=\"https:\/\/wpml.org\/wp-content\/uploads\/2024\/04\/Copying-default-language-content-to-a-secondary-language-page-1-1024x501.png 1024w, https:\/\/wpml.org\/wp-content\/uploads\/2024\/04\/Copying-default-language-content-to-a-secondary-language-page-1-300x147.png 300w, https:\/\/wpml.org\/wp-content\/uploads\/2024\/04\/Copying-default-language-content-to-a-secondary-language-page-1-150x73.png 150w, https:\/\/wpml.org\/wp-content\/uploads\/2024\/04\/Copying-default-language-content-to-a-secondary-language-page-1-768x375.png 768w, https:\/\/wpml.org\/wp-content\/uploads\/2024\/04\/Copying-default-language-content-to-a-secondary-language-page-1-1536x751.png 1536w, https:\/\/wpml.org\/wp-content\/uploads\/2024\/04\/Copying-default-language-content-to-a-secondary-language-page-1-2048x1001.png 2048w\" sizes=\"auto, (max-width: 1024px) 100vw, 1024px\" \/><\/a><figcaption><div class=\"tb-image-caption\"><em>Copiar contenido del idioma predeterminado a una p\u00e1gina de idioma secundario<\/em><\/div><\/figcaption><\/figure>\n<\/div>\n<div class=\"wp-block-toolset-blocks-container tb-container\" data-toolset-blocks-container=\"f5f041a90998d188dc29b72f1841b8ae\">\n<div class=\"wp-block-toolset-blocks-grid tb-grid\" data-toolset-blocks-grid=\"37d19417981b1b97920df56c088840a6\">\n<div class=\"wp-block-toolset-blocks-grid-column tb-grid-column tb-grid-align-top\" data-toolset-blocks-grid-column=\"3034fbe886c11054e95b46b09d3e4112\">\n<div class=\"wp-block-toolset-blocks-container tb-container\" data-toolset-blocks-container=\"8462661d63c4401da3f7686632759d01\"><\/div>\n<\/div>\n\n\n\n<div class=\"wp-block-toolset-blocks-grid-column tb-grid-column tb-grid-align-top\" data-toolset-blocks-grid-column=\"3034fbe886c11054e95b46b09d3e4112\">\n<p class=\"tb-heading has-text-color\" data-toolset-blocks-heading=\"c1ace1a37913fe1cf5b4191d09bc8145\" data-last-update=\"1.4\">Si est\u00e1s utilizando el editor de bloques de Gutenberg y no ves el selector de idioma en la parte superior de la pantalla, haz clic en el men\u00fa de 3 puntos en la esquina superior derecha y desmarca <strong>modo de pantalla completa<\/strong>.<\/p>\n<\/div>\n<\/div>\n<\/div>\n\n<p><\/p>\n\n<h2 class=\"wp-block-heading\" id=\"fallback-content\">Alternativa de Contenido No Traducido al Idioma Predeterminado<a href=\"https:\/\/wpml.org\/es\/documentation-2\/traducir-los-contenidos\/mostrar-contenido-no-traducido-en-lenguas-secundarias\/#using-the-default-language-as-a-fallback-for-untranslated-content\"><\/a><\/h2>\n\n<p>La reversi\u00f3n del contenido no traducido muestra el contenido original cuando no hay traducciones disponibles. En otras palabras:  <\/p>\n\n<ul class=\"wp-block-list\">\n<li>Si el contenido no tiene ninguna traducci\u00f3n, aparecer\u00e1 en el idioma predeterminado. <a href=\"https:\/\/wpml.org\/es\/documentation-2\/traducir-los-contenidos\/mostrar-contenido-no-traducido-en-lenguas-secundarias\/#how-to-display-untranslated-post-types-as-a-fallback\"><\/a><\/li>\n\n\n\n<li>Si el contenido tiene traducciones, aparecer\u00e1 traducido. <\/li>\n<\/ul>\n\n<div style=\"height:15px\" aria-hidden=\"true\" class=\"wp-block-spacer\"><\/div>\n\n<p>Para revertir los tipos de entrada no traducidos a tu idioma predeterminado:<\/p>\n\n<ol class=\"wp-block-list\">\n<li>Ve a <strong>WPML \u2192 Ajustes<\/strong>. <\/li>\n\n\n\n<li>Despl\u00e1zate hacia abajo hasta <strong>Traducci\u00f3n de tipos de entrada<\/strong> y selecciona <strong>Traducible: usar la traducci\u00f3n si est\u00e1 disponible o revertir al idioma predeterminado<\/strong> para tus tipos de entrada. <\/li>\n<\/ol>\n\n<figure class=\"wp-block-image tb-image tb-image-dynamic tb-image-frame-none\" data-toolset-blocks-image=\"839b20c4ccf56d765b729f4ce30c7583\"><a href=\"https:\/\/wpml.org\/wp-content\/uploads\/2024\/04\/Setting-post-types-to-fallback-to-original-language.png\"><img decoding=\"async\" width=\"1024\" height=\"560\" loading=\"lazy\" src=\"https:\/\/wpml.org\/wp-content\/uploads\/2024\/04\/Setting-post-types-to-fallback-to-original-language-1024x560.png\" alt=\"Setting post types to fallback to original language\" class=\"wp-image-15539610\" srcset=\"https:\/\/wpml.org\/wp-content\/uploads\/2024\/04\/Setting-post-types-to-fallback-to-original-language-1024x560.png 1024w, https:\/\/wpml.org\/wp-content\/uploads\/2024\/04\/Setting-post-types-to-fallback-to-original-language-300x164.png 300w, https:\/\/wpml.org\/wp-content\/uploads\/2024\/04\/Setting-post-types-to-fallback-to-original-language-150x82.png 150w, https:\/\/wpml.org\/wp-content\/uploads\/2024\/04\/Setting-post-types-to-fallback-to-original-language-768x420.png 768w, https:\/\/wpml.org\/wp-content\/uploads\/2024\/04\/Setting-post-types-to-fallback-to-original-language-1536x840.png 1536w, https:\/\/wpml.org\/wp-content\/uploads\/2024\/04\/Setting-post-types-to-fallback-to-original-language-2048x1121.png 2048w\" sizes=\"auto, (max-width: 1024px) 100vw, 1024px\" \/><\/a><figcaption><div class=\"tb-image-caption\"><em>Ajuste de los tipos de entrada para revertir al idioma predeterminado<\/em><\/div><\/figcaption><\/figure>\n\n<p>Para establecer una alternativa de taxonom\u00edas no traducidas a su idioma predeterminado:<\/p>\n\n<ol class=\"wp-block-list\">\n<li>Ve a <strong>WPML \u2192 Ajustes<\/strong>.<\/li>\n\n\n\n<li>Despl\u00e1zate hacia abajo hasta <strong>Taxonom\u00edas personalizadas<\/strong> y selecciona <strong>Traducible: usar la traducci\u00f3n si est\u00e1 disponible o revertir al idioma predeterminado<\/strong> para tus taxonom\u00edas. <\/li>\n<\/ol>\n<div class=\"wp-block-image\">\n<figure class=\" tb-image tb-image-dynamic tb-image-frame-none aligncenter\" data-toolset-blocks-image=\"63e176be054e03aa39f473a8c422fdc4\"><a href=\"https:\/\/wpml.org\/wp-content\/uploads\/2024\/04\/Setting-taxonomies-to-fallback-to-default-language.png\"><img decoding=\"async\" width=\"1024\" height=\"562\" loading=\"lazy\" src=\"https:\/\/wpml.org\/wp-content\/uploads\/2024\/04\/Setting-taxonomies-to-fallback-to-default-language-1024x562.png\" alt=\"Setting taxonomies to fallback to default language\" class=\"wp-image-15539773\" srcset=\"https:\/\/wpml.org\/wp-content\/uploads\/2024\/04\/Setting-taxonomies-to-fallback-to-default-language-1024x562.png 1024w, https:\/\/wpml.org\/wp-content\/uploads\/2024\/04\/Setting-taxonomies-to-fallback-to-default-language-300x165.png 300w, https:\/\/wpml.org\/wp-content\/uploads\/2024\/04\/Setting-taxonomies-to-fallback-to-default-language-150x82.png 150w, https:\/\/wpml.org\/wp-content\/uploads\/2024\/04\/Setting-taxonomies-to-fallback-to-default-language-768x421.png 768w, https:\/\/wpml.org\/wp-content\/uploads\/2024\/04\/Setting-taxonomies-to-fallback-to-default-language-1536x843.png 1536w, https:\/\/wpml.org\/wp-content\/uploads\/2024\/04\/Setting-taxonomies-to-fallback-to-default-language-2048x1124.png 2048w\" sizes=\"auto, (max-width: 1024px) 100vw, 1024px\" \/><\/a><figcaption><div class=\"tb-image-caption\">Configuraci\u00f3n de taxonom\u00edas para alternativa al idioma predeterminado<\/div><\/figcaption><\/figure>\n<\/div>","protected":false},"excerpt":{"rendered":"<p>La duplicaci\u00f3n y la copia te permiten mostrar contenido sin traducir en tus idiomas secundarios. Sigue esta gu\u00eda para obtener m\u00e1s informaci\u00f3n sobre cada opci\u00f3n en WPML. Duplicar Copia Alternativa Funcionalidad Duplica el contenido original en los idiomas secundarios y los mantiene sincronizados Copia el contenido original en los idiomas secundarios sin mantenerlos sincronizados Muestra [&hellip;]<\/p>\n","protected":false},"author":578773,"featured_media":0,"parent":3839,"menu_order":50,"comment_status":"closed","ping_status":"closed","template":"template-sidebar-2.php","meta":{"_bbp_topic_count":0,"_bbp_reply_count":0,"_bbp_total_topic_count":0,"_bbp_total_reply_count":0,"_bbp_voice_count":0,"_bbp_anonymous_reply_count":0,"_bbp_topic_count_hidden":0,"_bbp_reply_count_hidden":0,"_bbp_forum_subforum_count":0,"_uag_custom_page_level_css":"","ep_exclude_from_search":false,"footnotes":""},"related-projects-category":[],"class_list":["post-15660727","page","type-page","status-publish","hentry"],"spectra_custom_meta":{"ratings_users":["0"],"ratings_score":["0"],"ratings_average":["0"],"_subscription_coupon_product_id":["0"],"_wpv_contains_gutenberg_views":[""],"_alp_processed":["1753256236"],"_views_template":["0"],"wpcf-unformatted-code":[""],"_wpml_media_duplicate":["0"],"_wpml_media_featured":["1"],"toolset_post_editor_mode":["block"],"wpcf-price-increase-show-from":[""],"wpcf-price-increase-show-till":[""],"_wp_page_template":["template-sidebar-2.php"],"_last_translation_edit_mode":["translation-editor"],"_oembed_bbf56b1d4c25ce11481afba39f176f85":["{{unknown}}"],"_oembed_8b192c37df925cacb831b3922e69595d":["<iframe title=\"Using WPML To Translate Pages Built With Fusion Builder (Avada Theme)\" width=\"700\" height=\"394\" src=\"https:\/\/www.youtube.com\/embed\/_bNqjjBPdGA?feature=oembed&enablejsapi=1&origin=https:\/\/wpml.org\" frameborder=\"0\" allow=\"accelerometer; autoplay; clipboard-write; encrypted-media; gyroscope; picture-in-picture; web-share\" referrerpolicy=\"strict-origin-when-cross-origin\" allowfullscreen><\/iframe>"],"_oembed_time_8b192c37df925cacb831b3922e69595d":["1736765484"],"_wpml_word_count":["764"],"cmplz_hide_cookiebanner":[""],"wpcf-price-increase-content":[""],"wpcf-login-box-title":[""],"wpcf-page-content":[""],"_yoast_wpseo_primary_related-projects-category":[""],"_yoast_wpseo_title":["%%title%% %%page%%"],"_yoast_wpseo_metadesc":["Duplicar y copiar muestra contenido sin traducir. Aprende sobre las opciones en WPML."],"_oembed_d617e060b7133aea5401c0d73edbabae":["<iframe title=\"Using WPML to easily translate pages you build visually\" width=\"700\" height=\"394\" src=\"https:\/\/www.youtube.com\/embed\/AzxsHDjMA48?feature=oembed&enablejsapi=1&origin=https:\/\/wpml.org\" frameborder=\"0\" allow=\"accelerometer; autoplay; clipboard-write; encrypted-media; gyroscope; picture-in-picture; web-share\" referrerpolicy=\"strict-origin-when-cross-origin\" allowfullscreen><\/iframe>"],"_oembed_time_d617e060b7133aea5401c0d73edbabae":["1768556225"],"_uag_css_file_name":["uag-css-15660727.css"],"_uag_page_assets":["a:9:{s:3:\"css\";s:260:\".uag-blocks-common-selector{z-index:var(--z-index-desktop) !important}@media(max-width: 976px){.uag-blocks-common-selector{z-index:var(--z-index-tablet) !important}}@media(max-width: 767px){.uag-blocks-common-selector{z-index:var(--z-index-mobile) !important}}\";s:2:\"js\";s:0:\"\";s:18:\"current_block_list\";a:12:{i:0;s:14:\"core\/paragraph\";i:1;s:11:\"core\/spacer\";i:2;s:10:\"core\/table\";i:3;s:12:\"core\/heading\";i:4;s:9:\"core\/list\";i:5;s:14:\"core\/list-item\";i:6;s:20:\"toolset-blocks\/image\";i:7;s:24:\"toolset-blocks\/container\";i:8;s:19:\"toolset-blocks\/grid\";i:9;s:26:\"toolset-blocks\/grid-column\";i:11;s:22:\"toolset-blocks\/heading\";i:12;s:14:\"core\/shortcode\";}s:8:\"uag_flag\";b:0;s:11:\"uag_version\";s:10:\"1778207453\";s:6:\"gfonts\";a:0:{}s:10:\"gfonts_url\";s:0:\"\";s:12:\"gfonts_files\";a:0:{}s:14:\"uag_faq_layout\";b:0;}"]},"uagb_featured_image_src":{"full":false,"thumbnail":false,"medium":false,"medium_large":false,"large":false,"1536x1536":false,"2048x2048":false,"gform-image-choice-sm":false,"gform-image-choice-md":false,"gform-image-choice-lg":false,"woocommerce_thumbnail":false,"woocommerce_single":false,"woocommerce_gallery_thumbnail":false},"uagb_author_info":{"display_name":"Tomer Helzer","author_link":"https:\/\/wpml.org\/es\/author\/tomer-h\/"},"uagb_comment_info":0,"uagb_excerpt":"La duplicaci\u00f3n y la copia te permiten mostrar contenido sin traducir en tus idiomas secundarios. Sigue esta gu\u00eda para obtener m\u00e1s informaci\u00f3n sobre cada opci\u00f3n en WPML. Duplicar Copia Alternativa Funcionalidad Duplica el contenido original en los idiomas secundarios y los mantiene sincronizados Copia el contenido original en los idiomas secundarios sin mantenerlos sincronizados Muestra&hellip;","_links":{"self":[{"href":"https:\/\/wpml.org\/es\/wp-json\/wp\/v2\/pages\/15660727","targetHints":{"allow":["GET"]}}],"collection":[{"href":"https:\/\/wpml.org\/es\/wp-json\/wp\/v2\/pages"}],"about":[{"href":"https:\/\/wpml.org\/es\/wp-json\/wp\/v2\/types\/page"}],"author":[{"embeddable":true,"href":"https:\/\/wpml.org\/es\/wp-json\/wp\/v2\/users\/578773"}],"replies":[{"embeddable":true,"href":"https:\/\/wpml.org\/es\/wp-json\/wp\/v2\/comments?post=15660727"}],"version-history":[{"count":8,"href":"https:\/\/wpml.org\/es\/wp-json\/wp\/v2\/pages\/15660727\/revisions"}],"predecessor-version":[{"id":17262069,"href":"https:\/\/wpml.org\/es\/wp-json\/wp\/v2\/pages\/15660727\/revisions\/17262069"}],"up":[{"embeddable":true,"href":"https:\/\/wpml.org\/es\/wp-json\/wp\/v2\/pages\/3839"}],"wp:attachment":[{"href":"https:\/\/wpml.org\/es\/wp-json\/wp\/v2\/media?parent=15660727"}],"wp:term":[{"taxonomy":"related-projects-category","embeddable":true,"href":"https:\/\/wpml.org\/es\/wp-json\/wp\/v2\/related-projects-category?post=15660727"}],"curies":[{"name":"wp","href":"https:\/\/api.w.org\/{rel}","templated":true}]}}