{"id":15730076,"date":"2024-06-12T09:08:50","date_gmt":"2024-06-12T09:08:50","guid":{"rendered":"https:\/\/wpml.org\/documentation-2\/traducir-los-contenidos\/gestion-de-trabajos-de-traduccion-en-sitios-de-produccion-puesta-en-escena-y-desarrollo\/"},"modified":"2024-06-12T09:08:50","modified_gmt":"2024-06-12T09:08:50","slug":"gestion-de-trabajos-de-traduccion-en-sitios-de-produccion-puesta-en-escena-y-desarrollo","status":"publish","type":"page","link":"https:\/\/wpml.org\/es\/documentation-2\/traducir-los-contenidos\/gestion-de-trabajos-de-traduccion-en-sitios-de-produccion-puesta-en-escena-y-desarrollo\/","title":{"rendered":"Gesti\u00f3n de Trabajos de Traducci\u00f3n en Sitios de Producci\u00f3n, Puesta en Escena y Desarrollo"},"content":{"rendered":"<p class=\"lead\">Es habitual utilizar varios sitios distintos como parte del proceso de desarrollo.<br \/>\nPuedes tener varias copias de tu sitio web desde las que enviar contenido para traducir. <\/p>\n<p>Cuando env\u00edas un trabajo de traducci\u00f3n, los detalles del trabajo se introducen en tu base de datos.<br \/>\nS\u00f3lo puedes recoger traducciones de sitios que tengan ese trabajo en su base de datos.<br \/>\nPor tanto, debes tener cuidado al enviar un trabajo de traducci\u00f3n desde la copia correcta de tu sitio.  <\/p>\n<div class=\"alert alert-info\" role=\"alert\">Descargar una traducci\u00f3n de una de tus instancias no te impedir\u00e1 descargarla en otra instancia.<\/div>\n<p>Veamos un posible escenario:<\/p>\n<ul>\n<li>Tenemos una web llamada \u00abLive\u00bb y la duplicamos en un sitio llamado \u00abDevelop\u00bb.<\/li>\n<li>Enviamos la \u00abP\u00e1gina 1\u00bb para su traducci\u00f3n desde el sitio \u00abEn vivo\u00bb.<\/li>\n<li>Ahora, creamos otro duplicado del sitio \u00abEn vivo\u00bb y lo llamamos \u00abPrueba\u00bb.<\/li>\n<li>Desde el sitio \u00abDesarrollar\u00bb, enviamos la \u00abP\u00e1gina 2\u00bb para su traducci\u00f3n.<\/li>\n<li>Desde el sitio \u00abPrueba\u00bb, enviamos la \u00abP\u00e1gina 3\u00bb a traducir.<\/li>\n<\/ul>\n<p>El contenido que se entrega a un sitio concreto depende del m\u00e9todo de entrega de las traducciones.<br \/>\nPodemos utilizar la entrega autom\u00e1tica o manual de las traducciones.<br \/>\nLa entrega autom\u00e1tica s\u00f3lo funciona para el sitio original (es decir, \u00abVivo\u00bb) donde activamos por primera vez el servicio de traducci\u00f3n.<br \/>\nEn otras copias del sitio, s\u00f3lo podemos obtener las traducciones manualmente.<br \/>\nSi tenemos activada la entrega de <strong>traducciones<\/strong> autom\u00e1tica ocurrir\u00e1 lo siguiente:   <\/p>\n<ul>\n<li>El sitio \u00abEn vivo\u00bb no tiene constancia de que se hayan enviado a traducir la \u00abP\u00e1gina 2\u00bb y la \u00abP\u00e1gina 3\u00bb.<br \/>\nS\u00f3lo se aceptar\u00e1 la traducci\u00f3n de la \u00abP\u00e1gina 1\u00bb y se aplicar\u00e1 al sitio \u00abEn vivo\u00bb. <\/li>\n<\/ul>\n<p>Si <strong>buscamos las traducciones manualmente<\/strong> la situaci\u00f3n ser\u00eda la siguiente:<\/p>\n<ul>\n<li>El sitio \u00abEn vivo\u00bb s\u00f3lo recibir\u00e1 la traducci\u00f3n de la \u00abP\u00e1gina 1\u00bb.<br \/>\nAl mismo tiempo, el sitio \u00abDesarrollar\u00bb recibir\u00e1 una traducci\u00f3n para la \u00abP\u00e1gina 2\u00bb y el sitio \u00abProbar\u00bb recibir\u00e1 traducciones para la \u00abP\u00e1gina 1\u00bb y la \u00abP\u00e1gina 3\u00bb. <\/li>\n<li>El sitio \u00abDesarrollar\u00bb se cre\u00f3 antes de que se enviara a traducir la \u00abP\u00e1gina 1\u00bb, por lo que no es posible obtener una traducci\u00f3n para \u00e9l.<\/li>\n<li>El sitio \u00abPrueba\u00bb se cre\u00f3 despu\u00e9s de que la \u00abP\u00e1gina 1\u00bb se enviara a traducir, por lo que tiene un registro de esa acci\u00f3n.<\/li>\n<\/ul>\n","protected":false},"excerpt":{"rendered":"<p>Es habitual utilizar varios sitios distintos como parte del proceso de desarrollo. Puedes tener varias copias de tu sitio web desde las que enviar contenido para traducir. Cuando env\u00edas un trabajo de traducci\u00f3n, los detalles del trabajo se introducen en tu base de datos. S\u00f3lo puedes recoger traducciones de sitios que tengan ese trabajo en [&hellip;]<\/p>\n","protected":false},"author":76577,"featured_media":0,"parent":3839,"menu_order":99,"comment_status":"closed","ping_status":"closed","template":"","meta":{"_bbp_topic_count":0,"_bbp_reply_count":0,"_bbp_total_topic_count":0,"_bbp_total_reply_count":0,"_bbp_voice_count":0,"_bbp_anonymous_reply_count":0,"_bbp_topic_count_hidden":0,"_bbp_reply_count_hidden":0,"_bbp_forum_subforum_count":0,"_uag_custom_page_level_css":"","ep_exclude_from_search":false,"footnotes":""},"related-projects-category":[],"class_list":["post-15730076","page","type-page","status-publish","hentry"],"spectra_custom_meta":{"ratings_users":["0"],"ratings_score":["0"],"ratings_average":["0"],"_subscription_coupon_product_id":["0"],"_wpv_contains_gutenberg_views":[""],"_alp_processed":["1718183330"],"_views_template":["0"],"wpcf-unformatted-code":[""],"_wpml_media_duplicate":["1"],"_wpml_media_featured":["1"],"wpcf-price-increase-show-from":[""],"wpcf-price-increase-show-till":[""],"_wp_page_template":["default"],"_yoast_wpseo_metadesc":["Puedes utilizar sitios distintos como parte del proceso de desarrollo. Es importante enviar un trabajo de traducci\u00f3n desde la copia correcta de tu sitio."],"_last_translation_edit_mode":["translation-editor"],"_uag_css_file_name":["uag-css-15730076.css"],"_uag_page_assets":["a:9:{s:3:\"css\";s:260:\".uag-blocks-common-selector{z-index:var(--z-index-desktop) !important}@media(max-width: 976px){.uag-blocks-common-selector{z-index:var(--z-index-tablet) !important}}@media(max-width: 767px){.uag-blocks-common-selector{z-index:var(--z-index-mobile) !important}}\";s:2:\"js\";s:0:\"\";s:18:\"current_block_list\";a:1:{i:0;s:14:\"core\/shortcode\";}s:8:\"uag_flag\";b:0;s:11:\"uag_version\";s:10:\"1778729817\";s:6:\"gfonts\";a:0:{}s:10:\"gfonts_url\";s:0:\"\";s:12:\"gfonts_files\";a:0:{}s:14:\"uag_faq_layout\";b:0;}"]},"uagb_featured_image_src":{"full":false,"thumbnail":false,"medium":false,"medium_large":false,"large":false,"1536x1536":false,"2048x2048":false,"gform-image-choice-sm":false,"gform-image-choice-md":false,"gform-image-choice-lg":false,"woocommerce_thumbnail":false,"woocommerce_single":false,"woocommerce_gallery_thumbnail":false},"uagb_author_info":{"display_name":"Dario","author_link":"https:\/\/wpml.org\/es\/author\/darioh\/"},"uagb_comment_info":0,"uagb_excerpt":"Es habitual utilizar varios sitios distintos como parte del proceso de desarrollo. Puedes tener varias copias de tu sitio web desde las que enviar contenido para traducir. Cuando env\u00edas un trabajo de traducci\u00f3n, los detalles del trabajo se introducen en tu base de datos. S\u00f3lo puedes recoger traducciones de sitios que tengan ese trabajo en&hellip;","_links":{"self":[{"href":"https:\/\/wpml.org\/es\/wp-json\/wp\/v2\/pages\/15730076","targetHints":{"allow":["GET"]}}],"collection":[{"href":"https:\/\/wpml.org\/es\/wp-json\/wp\/v2\/pages"}],"about":[{"href":"https:\/\/wpml.org\/es\/wp-json\/wp\/v2\/types\/page"}],"author":[{"embeddable":true,"href":"https:\/\/wpml.org\/es\/wp-json\/wp\/v2\/users\/76577"}],"replies":[{"embeddable":true,"href":"https:\/\/wpml.org\/es\/wp-json\/wp\/v2\/comments?post=15730076"}],"version-history":[{"count":1,"href":"https:\/\/wpml.org\/es\/wp-json\/wp\/v2\/pages\/15730076\/revisions"}],"predecessor-version":[{"id":15730077,"href":"https:\/\/wpml.org\/es\/wp-json\/wp\/v2\/pages\/15730076\/revisions\/15730077"}],"up":[{"embeddable":true,"href":"https:\/\/wpml.org\/es\/wp-json\/wp\/v2\/pages\/3839"}],"wp:attachment":[{"href":"https:\/\/wpml.org\/es\/wp-json\/wp\/v2\/media?parent=15730076"}],"wp:term":[{"taxonomy":"related-projects-category","embeddable":true,"href":"https:\/\/wpml.org\/es\/wp-json\/wp\/v2\/related-projects-category?post=15730076"}],"curies":[{"name":"wp","href":"https:\/\/api.w.org\/{rel}","templated":true}]}}