{"id":15990758,"date":"2021-09-23T13:25:56","date_gmt":"2021-09-23T13:25:56","guid":{"rendered":"https:\/\/wpml.org\/documentation-2\/traducir-los-contenidos\/editor-de-traduccion-avanzado\/como-utilizar-el-glosario-para-traducir-con-precision\/"},"modified":"2025-11-26T12:57:41","modified_gmt":"2025-11-26T12:57:41","slug":"como-utilizar-el-glosario-para-traducir-con-precision","status":"publish","type":"page","link":"https:\/\/wpml.org\/es\/documentation-2\/traducir-los-contenidos\/editor-de-traduccion-avanzado\/como-utilizar-el-glosario-para-traducir-con-precision\/","title":{"rendered":"C\u00f3mo usar el glosario de WPML"},"content":{"rendered":"\n<p class=\"lead\">El glosario de WPML le ayuda a obtener traducciones de mayor calidad definiendo c\u00f3mo quiere que aparezcan ciertas palabras en varios idiomas.<\/p>\n\n<h2 class=\"wp-block-heading\" id=\"wpml-glossary\">\u00bfQu\u00e9 es el glosario de WPML?<\/h2>\n\n<p>El glosario de WPML es una herramienta que mejora la precisi\u00f3n de la <a href=\"https:\/\/wpml.org\/es\/documentation-2\/traduccion-automatica-para-contenido-de-wordpress-con-wpml\/\">traducci\u00f3n autom\u00e1tica<\/a> especificando traducciones para palabras que tienen m\u00faltiples significados (o m\u00faltiples traducciones posibles).<\/p>\n\n<p>Por ejemplo:<\/p>\n\n<ul class=\"wp-block-list\">\n<li>El t\u00e9rmino \u201calimentos integrales\u201d puede referirse tanto al supermercado ecol\u00f3gico (Whole Foods) como a los alimentos m\u00ednimamente procesados.<\/li>\n\n\n\n<li>En espa\u00f1ol, el checkout de WooCommerce se puede traducir de varias maneras, como \u201cP\u00e1gina de pago\u201d, \u201cFinalizar compra\u201d o \u201cCarrito de compra\u201d.<\/li>\n<\/ul>\n\n<p>Para evitar confusiones, puede crear una entrada de glosario con la traducci\u00f3n correcta o preferida en diferentes idiomas.<\/p>\n\n<figure class=\"wp-block-image tb-image tb-image-dynamic tb-image-frame-none\" data-toolset-blocks-image=\"a17398cb3ca9a22d3886cb3b06aac566\"><a href=\"https:\/\/wpml.org\/wp-content\/uploads\/2025\/08\/glossary-terms-examples-scaled-2.png\"><img decoding=\"async\" width=\"2560\" height=\"1496\" loading=\"lazy\" src=\"https:\/\/wpml.org\/wp-content\/uploads\/2025\/08\/glossary-terms-examples-scaled-2.png\" alt=\"\" class=\"wp-image-17327945\" srcset=\"https:\/\/wpml.org\/wp-content\/uploads\/2025\/08\/glossary-terms-examples-scaled-2.png 2560w, https:\/\/wpml.org\/wp-content\/uploads\/2025\/08\/glossary-terms-examples-scaled-2-300x175.png 300w, https:\/\/wpml.org\/wp-content\/uploads\/2025\/08\/glossary-terms-examples-scaled-2-1024x598.png 1024w, https:\/\/wpml.org\/wp-content\/uploads\/2025\/08\/glossary-terms-examples-scaled-2-150x88.png 150w, https:\/\/wpml.org\/wp-content\/uploads\/2025\/08\/glossary-terms-examples-scaled-2-768x449.png 768w, https:\/\/wpml.org\/wp-content\/uploads\/2025\/08\/glossary-terms-examples-scaled-2-1536x898.png 1536w, https:\/\/wpml.org\/wp-content\/uploads\/2025\/08\/glossary-terms-examples-scaled-2-2048x1197.png 2048w\" sizes=\"auto, (max-width: 2560px) 100vw, 2560px\" \/><\/a><figcaption><div class=\"tb-image-caption\">Entradas de glosario con sus traducciones en diferentes idiomas<span id=\"docs-internal-guid-882aa6a1-7fff-eb6d-0fd3-04d46d1bc1d0\"><div><span data-darkreader-inline-color=\"\" data-darkreader-inline-bgcolor=\"\" style=\"font-size: 10pt; font-family: Arial, sans-serif; color: rgb(0, 0, 0); background-color: transparent; font-style: italic; font-variant-numeric: normal; font-variant-east-asian: normal; font-variant-alternates: normal; font-variant-position: normal; vertical-align: baseline; --darkreader-inline-color: #efedea; --darkreader-inline-bgcolor: transparent;\"><\/span><\/div><\/span><\/div><\/figcaption><\/figure>\n\n<p>Una vez creado, los motores de traducci\u00f3n autom\u00e1tica utilizar\u00e1n la entrada del glosario para traducir correctamente sus t\u00e9rminos, y los traductores recibir\u00e1n contexto adicional durante la traducci\u00f3n.<\/p>\n\n<figure class=\"wp-block-image tb-image tb-image-dynamic tb-image-frame-none\" data-toolset-blocks-image=\"c91036b71ab40c8261b4dba8f61e3361\"><a href=\"https:\/\/wpml.org\/wp-content\/uploads\/2025\/06\/glossary-suggestions-in-ate.png\"><img decoding=\"async\" width=\"2524\" height=\"1124\" loading=\"lazy\" src=\"https:\/\/wpml.org\/wp-content\/uploads\/2025\/06\/glossary-suggestions-in-ate.png\" alt=\"\" class=\"wp-image-17173781\" srcset=\"https:\/\/wpml.org\/wp-content\/uploads\/2025\/06\/glossary-suggestions-in-ate.png 2524w, https:\/\/wpml.org\/wp-content\/uploads\/2025\/06\/glossary-suggestions-in-ate-300x134.png 300w, https:\/\/wpml.org\/wp-content\/uploads\/2025\/06\/glossary-suggestions-in-ate-1024x456.png 1024w, https:\/\/wpml.org\/wp-content\/uploads\/2025\/06\/glossary-suggestions-in-ate-150x67.png 150w, https:\/\/wpml.org\/wp-content\/uploads\/2025\/06\/glossary-suggestions-in-ate-768x342.png 768w, https:\/\/wpml.org\/wp-content\/uploads\/2025\/06\/glossary-suggestions-in-ate-1536x684.png 1536w, https:\/\/wpml.org\/wp-content\/uploads\/2025\/06\/glossary-suggestions-in-ate-2048x912.png 2048w\" sizes=\"auto, (max-width: 2524px) 100vw, 2524px\" \/><\/a><figcaption><div class=\"tb-image-caption\">El editor de traducci\u00f3n avanzado de WPML sugiere una traducci\u00f3n para un t\u00e9rmino del glosario<\/div><\/figcaption><\/figure>\n\n<h3 class=\"wp-block-heading\">El glosario solo es compatible con PTC y DeepL<\/h3>\n\n<p>La funci\u00f3n de glosario de WPML funciona al traducir con PTC y DeepL, pero no con los motores de traducci\u00f3n de Google o Microsoft.<\/p>\n\n<p>Esto se debe a que los m\u00e9todos disponibles para integrar los glosarios de WPML con Google y Microsoft son demasiado complejos o producen traducciones de menor calidad.<\/p>\n\n<p>Utilice el glosario con PTC para obtener los mejores resultados. PTC comprende completamente su sitio y su contenido, por lo que aplica los t\u00e9rminos del glosario de forma inteligente en lugar de simplemente intercambiar palabras. Adem\u00e1s, PTC siempre utilizar\u00e1 su glosario, mientras que DeepL puede ignorar una entrada si decide que una palabra diferente es m\u00e1s adecuada.  <\/p>\n\n<h2 class=\"wp-block-heading\" id=\"create-glossary-entries\">C\u00f3mo crear entradas de glosario en WPML<\/h2>\n\n<p>Antes hab\u00eda dos tipos de entradas de glosario en WPML: nombres y t\u00e9rminos generales. Con nuestras recientes actualizaciones, solo hay un tipo de entrada (nombres). Esto hace que el glosario sea m\u00e1s sencillo y f\u00e1cil de gestionar tanto para los usuarios como para la IA.  <\/p>\n\n<p>Para crear entradas de glosario en WPML: <\/p>\n\n<ol class=\"wp-block-list\">\n<li>Vaya a <strong>WPML<\/strong> \u2192 <strong>panel de control de traducci\u00f3n<\/strong>.<\/li>\n\n\n\n<li>Cambie a la pesta\u00f1a <strong>Herramientas de traducci\u00f3n<\/strong> y seleccione <strong>Glosario<\/strong>.<\/li>\n\n\n\n<li>Haga clic en <strong>A\u00f1adir entrada de glosario<\/strong> e introduzca su t\u00e9rmino, descripci\u00f3n y traducciones.<\/li>\n<\/ol>\n\n<figure class=\"wp-block-image tb-image tb-image-dynamic tb-image-frame-none\" data-toolset-blocks-image=\"229df1dcc6b5d9b9eb58e348e21f15e0\"><a href=\"https:\/\/wpml.org\/wp-content\/uploads\/2025\/08\/adding-glossary-term.png\"><img decoding=\"async\" width=\"2304\" height=\"1884\" loading=\"lazy\" src=\"https:\/\/wpml.org\/wp-content\/uploads\/2025\/08\/adding-glossary-term.png\" alt=\"\" class=\"wp-image-17328263\" srcset=\"https:\/\/wpml.org\/wp-content\/uploads\/2025\/08\/adding-glossary-term.png 2304w, https:\/\/wpml.org\/wp-content\/uploads\/2025\/08\/adding-glossary-term-300x245.png 300w, https:\/\/wpml.org\/wp-content\/uploads\/2025\/08\/adding-glossary-term-1024x837.png 1024w, https:\/\/wpml.org\/wp-content\/uploads\/2025\/08\/adding-glossary-term-150x123.png 150w, https:\/\/wpml.org\/wp-content\/uploads\/2025\/08\/adding-glossary-term-768x628.png 768w, https:\/\/wpml.org\/wp-content\/uploads\/2025\/08\/adding-glossary-term-1536x1256.png 1536w, https:\/\/wpml.org\/wp-content\/uploads\/2025\/08\/adding-glossary-term-2048x1675.png 2048w\" sizes=\"auto, (max-width: 2304px) 100vw, 2304px\" \/><\/a><figcaption><div class=\"tb-image-caption\">A\u00f1adir una nueva entrada de glosario en WPML<span id=\"docs-internal-guid-b6ce8840-7fff-cecd-0c3a-26c7af9dc3e7\"><div><span data-darkreader-inline-color=\"\" data-darkreader-inline-bgcolor=\"\" style=\"font-size: 10pt; font-family: Arial, sans-serif; color: rgb(0, 0, 0); background-color: transparent; font-style: italic; font-variant-numeric: normal; font-variant-east-asian: normal; font-variant-alternates: normal; font-variant-position: normal; vertical-align: baseline; --darkreader-inline-color: #efedea; --darkreader-inline-bgcolor: transparent;\"><\/span><\/div><\/span><\/div><\/figcaption><\/figure>\n\n<h2 class=\"wp-block-heading\">Buenas pr\u00e1cticas para a\u00f1adir t\u00e9rminos a su glosario<\/h2>\n\n<p>Antes de a\u00f1adir t\u00e9rminos al glosario de WPML, tenga en cuenta estas directrices:<\/p>\n\n<ul class=\"wp-block-list\">\n<li><strong>A\u00f1ada solo t\u00e9rminos cr\u00edticos<br\/><\/strong>Evite el uso excesivo del glosario para definir t\u00e9rminos innecesarios. Incluya solo los t\u00e9rminos que tanto los traductores humanos como los de IA podr\u00edan tener dificultades para traducir correctamente, como las palabras con m\u00faltiples significados. <\/li>\n\n\n\n<li><strong><strong>Mantenga los t\u00e9rminos simples<\/strong><\/strong><br\/>Introduzca los t\u00e9rminos exactamente como deben aparecer en las traducciones. No incluya informaci\u00f3n adicional como texto entre par\u00e9ntesis a menos que forme parte del propio t\u00e9rmino. <\/li>\n\n\n\n<li><strong>Evite los duplicados<\/strong><br\/>Aseg\u00farese de que cada t\u00e9rmino sea \u00fanico. Las entradas duplicadas pueden causar problemas con la traducci\u00f3n de la IA. <\/li>\n<\/ul>\n\n<h2 class=\"wp-block-heading\" id=\"importing-glossary-terms\">Importaci\u00f3n masiva de t\u00e9rminos de glosario mediante archivos CSV<\/h2>\n\n<p>WPML le permite importar (y exportar) f\u00e1cilmente los t\u00e9rminos de su glosario mediante archivos CSV. Este enfoque puede ahorrarle tiempo al importar instant\u00e1neamente muchos t\u00e9rminos a la vez, as\u00ed como agilizar su organizaci\u00f3n al tener todos los t\u00e9rminos en un solo lugar. <\/p>\n\n<p>Para importar t\u00e9rminos del glosario:<\/p>\n\n<ol class=\"wp-block-list\">\n<li>Vaya a <strong>WPML<\/strong> \u2192 <strong>panel de control de traducci\u00f3n<\/strong>.<\/li>\n\n\n\n<li>Cambie a la pesta\u00f1a <strong>Herramientas de traducci\u00f3n<\/strong> y seleccione <strong>Glosario<\/strong>.<\/li>\n\n\n\n<li>Haga clic en <strong>Importar glosario<\/strong> para subir un archivo CSV.<\/li>\n<\/ol>\n\n<p>Tambi\u00e9n puede hacer clic en <strong>Exportar glosario<\/strong> para descargar los t\u00e9rminos en un archivo CSV.<\/p>\n\n<figure class=\"wp-block-image tb-image tb-image-dynamic tb-image-frame-none\" data-toolset-blocks-image=\"8dd51b56b69c117e70942a2c8be6c1ac\"><a href=\"https:\/\/wpml.org\/wp-content\/uploads\/2025\/08\/import-glossary-scaled-2.png\"><img decoding=\"async\" width=\"2560\" height=\"1498\" loading=\"lazy\" src=\"https:\/\/wpml.org\/wp-content\/uploads\/2025\/08\/import-glossary-scaled-2.png\" alt=\"\" class=\"wp-image-17327931\" srcset=\"https:\/\/wpml.org\/wp-content\/uploads\/2025\/08\/import-glossary-scaled-2.png 2560w, https:\/\/wpml.org\/wp-content\/uploads\/2025\/08\/import-glossary-scaled-2-300x176.png 300w, https:\/\/wpml.org\/wp-content\/uploads\/2025\/08\/import-glossary-scaled-2-1024x599.png 1024w, https:\/\/wpml.org\/wp-content\/uploads\/2025\/08\/import-glossary-scaled-2-150x88.png 150w, https:\/\/wpml.org\/wp-content\/uploads\/2025\/08\/import-glossary-scaled-2-768x449.png 768w, https:\/\/wpml.org\/wp-content\/uploads\/2025\/08\/import-glossary-scaled-2-1536x899.png 1536w, https:\/\/wpml.org\/wp-content\/uploads\/2025\/08\/import-glossary-scaled-2-2048x1198.png 2048w\" sizes=\"auto, (max-width: 2560px) 100vw, 2560px\" \/><\/a><figcaption><div class=\"tb-image-caption\">Importar su glosario a trav\u00e9s de un archivo CSV<\/div><\/figcaption><\/figure>\n\n<h2 class=\"wp-block-heading\" id=\"updating-translations\">Actualizaci\u00f3n de traducciones despu\u00e9s de modificar entradas de glosario<\/h2>\n\n<p>Siempre que cree o actualice t\u00e9rminos del glosario, necesita actualizar las traducciones que incluyan estos t\u00e9rminos. Para actualizar autom\u00e1ticamente todas las traducciones necesarias, vaya a la pesta\u00f1a <strong>Glosario<\/strong> y haga clic en <strong>Actualizar traducciones existentes<\/strong>. <\/p>\n<div class=\"wp-block-image\">\n<figure class=\" tb-image tb-image-dynamic tb-image-frame-none aligncenter\" data-toolset-blocks-image=\"b89ba22f6df4feb5c30facaaa557472f\"><a href=\"https:\/\/wpml.org\/wp-content\/uploads\/2025\/06\/update-existing-translations-for-glossary-terms-scaled.png\"><img decoding=\"async\" width=\"2560\" height=\"1082\" loading=\"lazy\" src=\"https:\/\/wpml.org\/wp-content\/uploads\/2025\/06\/update-existing-translations-for-glossary-terms-scaled.png\" alt=\"\" class=\"wp-image-17173853\" srcset=\"https:\/\/wpml.org\/wp-content\/uploads\/2025\/06\/update-existing-translations-for-glossary-terms-scaled.png 2560w, https:\/\/wpml.org\/wp-content\/uploads\/2025\/06\/update-existing-translations-for-glossary-terms-300x127.png 300w, https:\/\/wpml.org\/wp-content\/uploads\/2025\/06\/update-existing-translations-for-glossary-terms-1024x433.png 1024w, https:\/\/wpml.org\/wp-content\/uploads\/2025\/06\/update-existing-translations-for-glossary-terms-150x63.png 150w, https:\/\/wpml.org\/wp-content\/uploads\/2025\/06\/update-existing-translations-for-glossary-terms-768x325.png 768w, https:\/\/wpml.org\/wp-content\/uploads\/2025\/06\/update-existing-translations-for-glossary-terms-1536x649.png 1536w, https:\/\/wpml.org\/wp-content\/uploads\/2025\/06\/update-existing-translations-for-glossary-terms-2048x865.png 2048w\" sizes=\"auto, (max-width: 2560px) 100vw, 2560px\" \/><\/a><figcaption><div class=\"tb-image-caption\">Haciendo clic en el bot\u00f3n de actualizar traducciones existentes<\/div><\/figcaption><\/figure>\n<\/div>\n<p>WPML ahora actualizar\u00e1 autom\u00e1ticamente las traducciones sin consumir ning\u00fan cr\u00e9dito. Completar este proceso puede tardar unos minutos, as\u00ed que no vuelva a hacer clic en el bot\u00f3n si no ve cambios inmediatos. <\/p>\n\n<p>De forma predeterminada, esta funci\u00f3n solo puede actualizar las traducciones creadas en los \u00faltimos 30 d\u00edas. Para actualizar los t\u00e9rminos del glosario en traducciones m\u00e1s antiguas, vuelva a enviar su contenido para su traducci\u00f3n a trav\u00e9s de <strong>WPML <\/strong>\u2192 <strong>Panel de traducci\u00f3n<\/strong>. Recuerde que este m\u00e9todo de traducci\u00f3n consume cr\u00e9ditos.  <\/p>\n\n<p><\/p>\n","protected":false},"excerpt":{"rendered":"<p>El glosario de WPML le ayuda a obtener traducciones de mayor calidad definiendo c\u00f3mo quiere que aparezcan ciertas palabras en varios idiomas. \u00bfQu\u00e9 es el glosario de WPML? El glosario de WPML es una herramienta que mejora la precisi\u00f3n de la traducci\u00f3n autom\u00e1tica especificando traducciones para palabras que tienen m\u00faltiples significados (o m\u00faltiples traducciones posibles). [&hellip;]<\/p>\n","protected":false},"author":777903,"featured_media":0,"parent":5209647,"menu_order":0,"comment_status":"closed","ping_status":"closed","template":"template-sidebar-2.php","meta":{"_bbp_topic_count":0,"_bbp_reply_count":0,"_bbp_total_topic_count":0,"_bbp_total_reply_count":0,"_bbp_voice_count":0,"_bbp_anonymous_reply_count":0,"_bbp_topic_count_hidden":0,"_bbp_reply_count_hidden":0,"_bbp_forum_subforum_count":0,"ep_exclude_from_search":false,"footnotes":""},"related-projects-category":[],"class_list":["post-15990758","page","type-page","status-publish","hentry"],"_links":{"self":[{"href":"https:\/\/wpml.org\/es\/wp-json\/wp\/v2\/pages\/15990758","targetHints":{"allow":["GET"]}}],"collection":[{"href":"https:\/\/wpml.org\/es\/wp-json\/wp\/v2\/pages"}],"about":[{"href":"https:\/\/wpml.org\/es\/wp-json\/wp\/v2\/types\/page"}],"author":[{"embeddable":true,"href":"https:\/\/wpml.org\/es\/wp-json\/wp\/v2\/users\/777903"}],"replies":[{"embeddable":true,"href":"https:\/\/wpml.org\/es\/wp-json\/wp\/v2\/comments?post=15990758"}],"version-history":[{"count":8,"href":"https:\/\/wpml.org\/es\/wp-json\/wp\/v2\/pages\/15990758\/revisions"}],"predecessor-version":[{"id":17612058,"href":"https:\/\/wpml.org\/es\/wp-json\/wp\/v2\/pages\/15990758\/revisions\/17612058"}],"up":[{"embeddable":true,"href":"https:\/\/wpml.org\/es\/wp-json\/wp\/v2\/pages\/5209647"}],"wp:attachment":[{"href":"https:\/\/wpml.org\/es\/wp-json\/wp\/v2\/media?parent=15990758"}],"wp:term":[{"taxonomy":"related-projects-category","embeddable":true,"href":"https:\/\/wpml.org\/es\/wp-json\/wp\/v2\/related-projects-category?post=15990758"}],"curies":[{"name":"wp","href":"https:\/\/api.w.org\/{rel}","templated":true}]}}