{"id":15990779,"date":"2024-04-16T14:44:19","date_gmt":"2024-04-16T14:44:19","guid":{"rendered":"https:\/\/wpml.org\/documentation-2\/guia-de-inicio\/uso-de-los-iconos-plus-de-wpml-para-traducir-contenido\/"},"modified":"2024-11-28T13:18:31","modified_gmt":"2024-11-28T13:18:31","slug":"uso-de-los-iconos-plus-de-wpml-para-traducir-contenido","status":"publish","type":"page","link":"https:\/\/wpml.org\/es\/documentation-2\/guia-de-inicio\/uso-de-los-iconos-plus-de-wpml-para-traducir-contenido\/","title":{"rendered":"Usando los Iconos Plus de WPML para Traducir Contenido"},"content":{"rendered":"\n<p class=\"lead\">Si tienes una cuenta de WPML Multilingual Blog, necesitas usar los iconos Plus para traducir.\nEstos iconos aparecen en las p\u00e1ginas de listado en el administrador y al editar contenido. <\/p>\n\n<h2 class=\"wp-block-heading\">C\u00f3mo Traducir Contenido Usando los Iconos Plus <\/h2>\n\n<p>Puedes traducir contenido usando los iconos plus en dos lugares: la pantalla de administraci\u00f3n o el Editor de Bloques.\nPara traducir contenido: <\/p>\n\n<ol class=\"wp-block-list\">\n<li>Haz clic en el icono <strong>Plus<\/strong> para el idioma al que deseas traducir. <\/li>\n<\/ol>\n\n<div class=\"wp-block-toolset-blocks-grid tb-grid\" data-toolset-blocks-grid=\"3d9c399fe625e1b972f817a0680229f6\">\n<div class=\"wp-block-toolset-blocks-grid-column tb-grid-column tb-grid-align-top\" data-toolset-blocks-grid-column=\"3034fbe886c11054e95b46b09d3e4112\">\n<figure class=\"wp-block-image tb-image tb-image-dynamic tb-image-frame-none\" data-toolset-blocks-image=\"2f115c8fd8e5e0cda10546288e45f865\"><a href=\"https:\/\/wpml.org\/wp-content\/uploads\/2024\/05\/Clicking-plus-icon-in-listing-screen.png\"><img decoding=\"async\" width=\"1024\" height=\"553\" loading=\"lazy\" src=\"https:\/\/wpml.org\/wp-content\/uploads\/2024\/05\/Clicking-plus-icon-in-listing-screen-1024x553.png\" alt=\"Clicking plus icon in listing screen\" class=\"wp-image-15608578\" srcset=\"https:\/\/wpml.org\/wp-content\/uploads\/2024\/05\/Clicking-plus-icon-in-listing-screen-1024x553.png 1024w, https:\/\/wpml.org\/wp-content\/uploads\/2024\/05\/Clicking-plus-icon-in-listing-screen-300x162.png 300w, https:\/\/wpml.org\/wp-content\/uploads\/2024\/05\/Clicking-plus-icon-in-listing-screen-150x81.png 150w, https:\/\/wpml.org\/wp-content\/uploads\/2024\/05\/Clicking-plus-icon-in-listing-screen-768x415.png 768w, https:\/\/wpml.org\/wp-content\/uploads\/2024\/05\/Clicking-plus-icon-in-listing-screen-1536x829.png 1536w, https:\/\/wpml.org\/wp-content\/uploads\/2024\/05\/Clicking-plus-icon-in-listing-screen.png 1660w\" sizes=\"auto, (max-width: 1024px) 100vw, 1024px\" \/><\/a><figcaption><div class=\"tb-image-caption\">Haciendo clic en el icono Plus en la pantalla de administraci\u00f3n<\/div><\/figcaption><\/figure>\n<\/div>\n\n\n\n<div class=\"wp-block-toolset-blocks-grid-column tb-grid-column tb-grid-align-top\" data-toolset-blocks-grid-column=\"3034fbe886c11054e95b46b09d3e4112\">\n<figure class=\"wp-block-image tb-image tb-image-dynamic tb-image-frame-none\" data-toolset-blocks-image=\"64f69c6f95222233407de438a3478a4e\"><a href=\"https:\/\/wpml.org\/wp-content\/uploads\/2024\/05\/clicking-plus-icon-in-Block-Editor.png\"><img decoding=\"async\" width=\"1024\" height=\"569\" loading=\"lazy\" src=\"https:\/\/wpml.org\/wp-content\/uploads\/2024\/05\/clicking-plus-icon-in-Block-Editor-1024x569.png\" alt=\"Clicking plus icon in Block Editor\" class=\"wp-image-15608495\" srcset=\"https:\/\/wpml.org\/wp-content\/uploads\/2024\/05\/clicking-plus-icon-in-Block-Editor-1024x569.png 1024w, https:\/\/wpml.org\/wp-content\/uploads\/2024\/05\/clicking-plus-icon-in-Block-Editor-300x167.png 300w, https:\/\/wpml.org\/wp-content\/uploads\/2024\/05\/clicking-plus-icon-in-Block-Editor-150x83.png 150w, https:\/\/wpml.org\/wp-content\/uploads\/2024\/05\/clicking-plus-icon-in-Block-Editor-768x426.png 768w, https:\/\/wpml.org\/wp-content\/uploads\/2024\/05\/clicking-plus-icon-in-Block-Editor-1536x853.png 1536w, https:\/\/wpml.org\/wp-content\/uploads\/2024\/05\/clicking-plus-icon-in-Block-Editor.png 1637w\" sizes=\"auto, (max-width: 1024px) 100vw, 1024px\" \/><\/a><figcaption><div class=\"tb-image-caption\">Haciendo clic en el icono Plus en el Editor de Bloques<\/div><\/figcaption><\/figure>\n<\/div>\n<\/div>\n\n<ol class=\"wp-block-list\" start=\"2\">\n<li>Esto abre una p\u00e1gina en blanco.\nPara crear una traducci\u00f3n completamente diferente, simplemente agrega tu texto en la p\u00e1gina.\nSi deseas comenzar con el contenido original y hacer ediciones, haz clic en <strong>Copiar contenido de <wpcodeself wptype=\"\" wpml_attr_0=\"\"><\/wpcodeself><\/strong>.   <\/li>\n<\/ol>\n\n<figure class=\"wp-block-image tb-image tb-image-dynamic tb-image-frame-none\" data-toolset-blocks-image=\"ce2a153bf5073b232f234cd550e8fa7b\"><a href=\"https:\/\/wpml.org\/wp-content\/uploads\/2024\/05\/Translating-page-into-French.png\"><img decoding=\"async\" width=\"1024\" height=\"540\" loading=\"lazy\" src=\"https:\/\/wpml.org\/wp-content\/uploads\/2024\/05\/Translating-page-into-French-1024x540.png\" alt=\"Translating page\" class=\"wp-image-15608654\" srcset=\"https:\/\/wpml.org\/wp-content\/uploads\/2024\/05\/Translating-page-into-French-1024x540.png 1024w, https:\/\/wpml.org\/wp-content\/uploads\/2024\/05\/Translating-page-into-French-300x158.png 300w, https:\/\/wpml.org\/wp-content\/uploads\/2024\/05\/Translating-page-into-French-150x79.png 150w, https:\/\/wpml.org\/wp-content\/uploads\/2024\/05\/Translating-page-into-French-768x405.png 768w, https:\/\/wpml.org\/wp-content\/uploads\/2024\/05\/Translating-page-into-French-1536x810.png 1536w, https:\/\/wpml.org\/wp-content\/uploads\/2024\/05\/Translating-page-into-French.png 1636w\" sizes=\"auto, (max-width: 1024px) 100vw, 1024px\" \/><\/a><figcaption><div class=\"tb-image-caption\">Copiando contenido del idioma predeterminado<\/div><\/figcaption><\/figure>\n\n<ol class=\"wp-block-list\" start=\"3\">\n<li>Una vez que hayas terminado de agregar traducciones, haz clic en <strong>Publicar<\/strong>.\nTus traducciones aparecer\u00e1n ahora en tu sitio web al cambiar de idioma.  <\/li>\n<\/ol>\n\n<div class=\"wp-block-toolset-blocks-grid tb-grid\" data-toolset-blocks-grid=\"3d9c399fe625e1b972f817a0680229f6\">\n<div class=\"wp-block-toolset-blocks-grid-column tb-grid-column tb-grid-align-top\" data-toolset-blocks-grid-column=\"3034fbe886c11054e95b46b09d3e4112\">\n<figure class=\"wp-block-image tb-image tb-image-dynamic tb-image-frame-none\" data-toolset-blocks-image=\"22c8fbbb5e2d7ad661b741e07cfd2257\"><a href=\"https:\/\/wpml.org\/wp-content\/uploads\/2024\/05\/contact-us-english-1.png\"><img decoding=\"async\" width=\"1024\" height=\"595\" loading=\"lazy\" src=\"https:\/\/wpml.org\/wp-content\/uploads\/2024\/05\/contact-us-english-1-1024x595.png\" alt=\"Contact page in English\" class=\"wp-image-15608718\" srcset=\"https:\/\/wpml.org\/wp-content\/uploads\/2024\/05\/contact-us-english-1-1024x595.png 1024w, https:\/\/wpml.org\/wp-content\/uploads\/2024\/05\/contact-us-english-1-300x174.png 300w, https:\/\/wpml.org\/wp-content\/uploads\/2024\/05\/contact-us-english-1-150x87.png 150w, https:\/\/wpml.org\/wp-content\/uploads\/2024\/05\/contact-us-english-1-768x446.png 768w, https:\/\/wpml.org\/wp-content\/uploads\/2024\/05\/contact-us-english-1.png 1076w\" sizes=\"auto, (max-width: 1024px) 100vw, 1024px\" \/><\/a><figcaption><div class=\"tb-image-caption\">P\u00e1gina de contacto en ingl\u00e9s<\/div><\/figcaption><\/figure>\n<\/div>\n\n\n\n<div class=\"wp-block-toolset-blocks-grid-column tb-grid-column tb-grid-align-top\" data-toolset-blocks-grid-column=\"3034fbe886c11054e95b46b09d3e4112\">\n<figure class=\"wp-block-image tb-image tb-image-dynamic tb-image-frame-none\" data-toolset-blocks-image=\"21318bb96089fd72f1c2aa9d4c90268f\"><a href=\"https:\/\/wpml.org\/wp-content\/uploads\/2024\/05\/contact-us-French.png\"><img decoding=\"async\" width=\"1024\" height=\"626\" loading=\"lazy\" src=\"https:\/\/wpml.org\/wp-content\/uploads\/2024\/05\/contact-us-French-1024x626.png\" alt=\"Contact page in French\" class=\"wp-image-15608704\" srcset=\"https:\/\/wpml.org\/wp-content\/uploads\/2024\/05\/contact-us-French-1024x626.png 1024w, https:\/\/wpml.org\/wp-content\/uploads\/2024\/05\/contact-us-French-300x183.png 300w, https:\/\/wpml.org\/wp-content\/uploads\/2024\/05\/contact-us-French-150x92.png 150w, https:\/\/wpml.org\/wp-content\/uploads\/2024\/05\/contact-us-French-768x470.png 768w, https:\/\/wpml.org\/wp-content\/uploads\/2024\/05\/contact-us-French.png 1076w\" sizes=\"auto, (max-width: 1024px) 100vw, 1024px\" \/><\/a><figcaption><div class=\"tb-image-caption\">P\u00e1gina de contacto en franc\u00e9s<\/div><\/figcaption><\/figure>\n<\/div>\n<\/div>\n\n<p>Si deseas editar tus traducciones, haz clic en el icono <strong>L\u00e1piz<\/strong> en la pantalla de administraci\u00f3n. <\/p>\n\n<figure class=\"wp-block-image tb-image tb-image-dynamic tb-image-frame-none\" data-toolset-blocks-image=\"53d4d5629653bdc1001427246805db33\"><a href=\"https:\/\/wpml.org\/wp-content\/uploads\/2024\/05\/Editing-translation-in-listing-screen.png\"><img decoding=\"async\" width=\"1024\" height=\"553\" loading=\"lazy\" src=\"https:\/\/wpml.org\/wp-content\/uploads\/2024\/05\/Editing-translation-in-listing-screen-1024x553.png\" alt=\"Editing translation in listing screen\" class=\"wp-image-15608610\" srcset=\"https:\/\/wpml.org\/wp-content\/uploads\/2024\/05\/Editing-translation-in-listing-screen-1024x553.png 1024w, https:\/\/wpml.org\/wp-content\/uploads\/2024\/05\/Editing-translation-in-listing-screen-300x162.png 300w, https:\/\/wpml.org\/wp-content\/uploads\/2024\/05\/Editing-translation-in-listing-screen-150x81.png 150w, https:\/\/wpml.org\/wp-content\/uploads\/2024\/05\/Editing-translation-in-listing-screen-768x415.png 768w, https:\/\/wpml.org\/wp-content\/uploads\/2024\/05\/Editing-translation-in-listing-screen-1536x829.png 1536w, https:\/\/wpml.org\/wp-content\/uploads\/2024\/05\/Editing-translation-in-listing-screen.png 1660w\" sizes=\"auto, (max-width: 1024px) 100vw, 1024px\" \/><\/a><figcaption><div class=\"tb-image-caption\">Editando traducci\u00f3n en la pantalla de administraci\u00f3n<\/div><\/figcaption><\/figure>\n\n<h2 class=\"wp-block-heading\">\u00bfBuscas Gesti\u00f3n Centralizada de Traducciones y Traducci\u00f3n Autom\u00e1tica?<\/h2>\n\n<p>Si tienes una cuenta de WPML Multilingual Blog, te est\u00e1s perdiendo la funci\u00f3n de Gesti\u00f3n de Traducciones.\nOfrece un panel donde puedes manejar todas las traducciones de tu sitio web: <\/p>\n\n<ul class=\"wp-block-list\">\n<li>Elige el mejor m\u00e9todo de traducci\u00f3n para cada parte de tu sitio web<\/li>\n\n\n\n<li>Env\u00eda contenido para traducir<\/li>\n\n\n\n<li>Rastrea el progreso de la traducci\u00f3n en todos los idiomas<\/li>\n<\/ul>\n\n<p>Y m\u00e1s.<\/p>\n\n<p>Actualizar tu cuenta de Multilingual Blog es f\u00e1cil:<\/p>\n\n<ol class=\"wp-block-list\">\n<li>Ve a <a href=\"https:\/\/wpml.org\/account\/\">tu cuenta de WPML<\/a> y haz clic en el enlace <strong>Opciones de actualizaci\u00f3n<\/strong> en la barra lateral. <\/li>\n\n\n\n<li>Haz clic para actualizar a una cuenta de Multilingual CMS o Multilingual Agency. En ambos casos, solo pagar\u00e1s la diferencia de precio entre tu cuenta de Multilingual Blog y el nuevo tipo de cuenta que elijas. <\/li>\n<\/ol>\n\n<figure class=\"wp-block-image tb-image tb-image-dynamic tb-image-frame-none\" data-toolset-blocks-image=\"9c605095dab62ab99440483419664ea1\"><a href=\"https:\/\/wpml.org\/wp-content\/uploads\/2024\/04\/blog-upgrade-proportions-arrow-1.png\"><img decoding=\"async\" width=\"1648\" height=\"1026\" loading=\"lazy\" src=\"https:\/\/wpml.org\/wp-content\/uploads\/2024\/04\/blog-upgrade-proportions-arrow-1.png\" alt=\"\" class=\"wp-image-15526042\" srcset=\"https:\/\/wpml.org\/wp-content\/uploads\/2024\/04\/blog-upgrade-proportions-arrow-1.png 1648w, https:\/\/wpml.org\/wp-content\/uploads\/2024\/04\/blog-upgrade-proportions-arrow-1-300x187.png 300w, https:\/\/wpml.org\/wp-content\/uploads\/2024\/04\/blog-upgrade-proportions-arrow-1-1024x638.png 1024w, https:\/\/wpml.org\/wp-content\/uploads\/2024\/04\/blog-upgrade-proportions-arrow-1-150x93.png 150w, https:\/\/wpml.org\/wp-content\/uploads\/2024\/04\/blog-upgrade-proportions-arrow-1-768x478.png 768w, https:\/\/wpml.org\/wp-content\/uploads\/2024\/04\/blog-upgrade-proportions-arrow-1-1536x956.png 1536w\" sizes=\"auto, (max-width: 1648px) 100vw, 1648px\" \/><\/a><figcaption><div class=\"tb-image-caption\">Actualizando una cuenta de WPML Multilingual Blog a un precio con descuento<\/div><\/figcaption><\/figure>\n","protected":false},"excerpt":{"rendered":"<p>Si tienes una cuenta de WPML Multilingual Blog, necesitas usar los iconos Plus para traducir. Estos iconos aparecen en las p\u00e1ginas de listado en el administrador y al editar contenido. C\u00f3mo Traducir Contenido Usando los Iconos Plus Puedes traducir contenido usando los iconos plus en dos lugares: la pantalla de administraci\u00f3n o el Editor de [&hellip;]<\/p>\n","protected":false},"author":748550,"featured_media":0,"parent":1258,"menu_order":76,"comment_status":"closed","ping_status":"closed","template":"template-nosidebar-centered.php","meta":{"_bbp_topic_count":0,"_bbp_reply_count":0,"_bbp_total_topic_count":0,"_bbp_total_reply_count":0,"_bbp_voice_count":0,"_bbp_anonymous_reply_count":0,"_bbp_topic_count_hidden":0,"_bbp_reply_count_hidden":0,"_bbp_forum_subforum_count":0,"_uag_custom_page_level_css":"","ep_exclude_from_search":false,"footnotes":""},"related-projects-category":[],"class_list":["post-15990779","page","type-page","status-publish","hentry"],"spectra_custom_meta":{"_subscription_coupon_product_id":["0"],"_wpv_contains_gutenberg_views":[""],"_alp_processed":["1732799911"],"wpcf-unformatted-code":[""],"_wpml_media_duplicate":["1"],"_wpml_media_featured":["1"],"toolset_post_editor_mode":["block"],"wpcf-price-increase-show-from":[""],"wpcf-price-increase-show-till":[""],"_last_translation_edit_mode":["translation-editor"],"_oembed_bbf56b1d4c25ce11481afba39f176f85":["{{unknown}}"],"_wp_page_template":["template-nosidebar-centered.php"],"_yoast_wpseo_metadesc":["Traduce f\u00e1cilmente con una cuenta de WPML Multilingual Blog. Utiliza los iconos Plus en las pantallas de listado y en el editor de WordPress."],"_wpml_word_count":["354"],"_oembed_8b192c37df925cacb831b3922e69595d":["<iframe title=\"Using WPML To Translate Pages Built With Fusion Builder (Avada Theme)\" width=\"700\" height=\"394\" src=\"https:\/\/www.youtube.com\/embed\/_bNqjjBPdGA?feature=oembed&enablejsapi=1&origin=https:\/\/wpml.org\" frameborder=\"0\" allow=\"accelerometer; autoplay; clipboard-write; encrypted-media; gyroscope; picture-in-picture; web-share\" referrerpolicy=\"strict-origin-when-cross-origin\" allowfullscreen><\/iframe>"],"_oembed_time_8b192c37df925cacb831b3922e69595d":["1742475237"],"_uagb_previous_block_counts":["a:90:{s:21:\"uagb\/advanced-heading\";i:0;s:15:\"uagb\/blockquote\";i:0;s:12:\"uagb\/buttons\";i:0;s:18:\"uagb\/buttons-child\";i:0;s:19:\"uagb\/call-to-action\";i:0;s:15:\"uagb\/cf7-styler\";i:0;s:11:\"uagb\/column\";i:0;s:12:\"uagb\/columns\";i:0;s:14:\"uagb\/container\";i:0;s:21:\"uagb\/content-timeline\";i:0;s:27:\"uagb\/content-timeline-child\";i:0;s:14:\"uagb\/countdown\";i:0;s:12:\"uagb\/counter\";i:0;s:8:\"uagb\/faq\";i:0;s:14:\"uagb\/faq-child\";i:0;s:10:\"uagb\/forms\";i:0;s:17:\"uagb\/forms-accept\";i:0;s:19:\"uagb\/forms-checkbox\";i:0;s:15:\"uagb\/forms-date\";i:0;s:16:\"uagb\/forms-email\";i:0;s:17:\"uagb\/forms-hidden\";i:0;s:15:\"uagb\/forms-name\";i:0;s:16:\"uagb\/forms-phone\";i:0;s:16:\"uagb\/forms-radio\";i:0;s:17:\"uagb\/forms-select\";i:0;s:19:\"uagb\/forms-textarea\";i:0;s:17:\"uagb\/forms-toggle\";i:0;s:14:\"uagb\/forms-url\";i:0;s:14:\"uagb\/gf-styler\";i:0;s:15:\"uagb\/google-map\";i:0;s:11:\"uagb\/how-to\";i:0;s:16:\"uagb\/how-to-step\";i:0;s:9:\"uagb\/icon\";i:0;s:14:\"uagb\/icon-list\";i:0;s:20:\"uagb\/icon-list-child\";i:0;s:10:\"uagb\/image\";i:0;s:18:\"uagb\/image-gallery\";i:0;s:13:\"uagb\/info-box\";i:0;s:18:\"uagb\/inline-notice\";i:0;s:11:\"uagb\/lottie\";i:0;s:21:\"uagb\/marketing-button\";i:0;s:10:\"uagb\/modal\";i:0;s:18:\"uagb\/popup-builder\";i:0;s:16:\"uagb\/post-button\";i:0;s:18:\"uagb\/post-carousel\";i:0;s:17:\"uagb\/post-excerpt\";i:0;s:14:\"uagb\/post-grid\";i:0;s:15:\"uagb\/post-image\";i:0;s:17:\"uagb\/post-masonry\";i:0;s:14:\"uagb\/post-meta\";i:0;s:18:\"uagb\/post-taxonomy\";i:0;s:18:\"uagb\/post-timeline\";i:0;s:15:\"uagb\/post-title\";i:0;s:20:\"uagb\/restaurant-menu\";i:0;s:26:\"uagb\/restaurant-menu-child\";i:0;s:11:\"uagb\/review\";i:0;s:12:\"uagb\/section\";i:0;s:14:\"uagb\/separator\";i:0;s:11:\"uagb\/slider\";i:0;s:17:\"uagb\/slider-child\";i:0;s:17:\"uagb\/social-share\";i:0;s:23:\"uagb\/social-share-child\";i:0;s:16:\"uagb\/star-rating\";i:0;s:23:\"uagb\/sure-cart-checkout\";i:0;s:22:\"uagb\/sure-cart-product\";i:0;s:15:\"uagb\/sure-forms\";i:0;s:22:\"uagb\/table-of-contents\";i:0;s:9:\"uagb\/tabs\";i:0;s:15:\"uagb\/tabs-child\";i:0;s:18:\"uagb\/taxonomy-list\";i:0;s:9:\"uagb\/team\";i:0;s:16:\"uagb\/testimonial\";i:0;s:14:\"uagb\/wp-search\";i:0;s:19:\"uagb\/instagram-feed\";i:0;s:10:\"uagb\/login\";i:0;s:17:\"uagb\/loop-builder\";i:0;s:18:\"uagb\/loop-category\";i:0;s:20:\"uagb\/loop-pagination\";i:0;s:15:\"uagb\/loop-reset\";i:0;s:16:\"uagb\/loop-search\";i:0;s:14:\"uagb\/loop-sort\";i:0;s:17:\"uagb\/loop-wrapper\";i:0;s:13:\"uagb\/register\";i:0;s:19:\"uagb\/register-email\";i:0;s:24:\"uagb\/register-first-name\";i:0;s:23:\"uagb\/register-last-name\";i:0;s:22:\"uagb\/register-password\";i:0;s:30:\"uagb\/register-reenter-password\";i:0;s:19:\"uagb\/register-terms\";i:0;s:22:\"uagb\/register-username\";i:0;}"],"_uag_css_file_name":["uag-css-15990779.css"],"_uag_page_assets":["a:9:{s:3:\"css\";s:260:\".uag-blocks-common-selector{z-index:var(--z-index-desktop) !important}@media(max-width: 976px){.uag-blocks-common-selector{z-index:var(--z-index-tablet) !important}}@media(max-width: 767px){.uag-blocks-common-selector{z-index:var(--z-index-mobile) !important}}\";s:2:\"js\";s:0:\"\";s:18:\"current_block_list\";a:8:{i:0;s:14:\"core\/paragraph\";i:1;s:12:\"core\/heading\";i:2;s:9:\"core\/list\";i:3;s:14:\"core\/list-item\";i:4;s:19:\"toolset-blocks\/grid\";i:5;s:26:\"toolset-blocks\/grid-column\";i:6;s:20:\"toolset-blocks\/image\";i:7;s:14:\"core\/shortcode\";}s:8:\"uag_flag\";b:0;s:11:\"uag_version\";s:10:\"1778341525\";s:6:\"gfonts\";a:0:{}s:10:\"gfonts_url\";s:0:\"\";s:12:\"gfonts_files\";a:0:{}s:14:\"uag_faq_layout\";b:0;}"]},"uagb_featured_image_src":{"full":false,"thumbnail":false,"medium":false,"medium_large":false,"large":false,"1536x1536":false,"2048x2048":false,"gform-image-choice-sm":false,"gform-image-choice-md":false,"gform-image-choice-lg":false,"woocommerce_thumbnail":false,"woocommerce_single":false,"woocommerce_gallery_thumbnail":false},"uagb_author_info":{"display_name":"Aliaksandra Makarevich","author_link":"https:\/\/wpml.org\/es\/author\/aliaksandra-m\/"},"uagb_comment_info":0,"uagb_excerpt":"Si tienes una cuenta de WPML Multilingual Blog, necesitas usar los iconos Plus para traducir. Estos iconos aparecen en las p\u00e1ginas de listado en el administrador y al editar contenido. C\u00f3mo Traducir Contenido Usando los Iconos Plus Puedes traducir contenido usando los iconos plus en dos lugares: la pantalla de administraci\u00f3n o el Editor de&hellip;","_links":{"self":[{"href":"https:\/\/wpml.org\/es\/wp-json\/wp\/v2\/pages\/15990779","targetHints":{"allow":["GET"]}}],"collection":[{"href":"https:\/\/wpml.org\/es\/wp-json\/wp\/v2\/pages"}],"about":[{"href":"https:\/\/wpml.org\/es\/wp-json\/wp\/v2\/types\/page"}],"author":[{"embeddable":true,"href":"https:\/\/wpml.org\/es\/wp-json\/wp\/v2\/users\/748550"}],"replies":[{"embeddable":true,"href":"https:\/\/wpml.org\/es\/wp-json\/wp\/v2\/comments?post=15990779"}],"version-history":[{"count":6,"href":"https:\/\/wpml.org\/es\/wp-json\/wp\/v2\/pages\/15990779\/revisions"}],"predecessor-version":[{"id":16455262,"href":"https:\/\/wpml.org\/es\/wp-json\/wp\/v2\/pages\/15990779\/revisions\/16455262"}],"up":[{"embeddable":true,"href":"https:\/\/wpml.org\/es\/wp-json\/wp\/v2\/pages\/1258"}],"wp:attachment":[{"href":"https:\/\/wpml.org\/es\/wp-json\/wp\/v2\/media?parent=15990779"}],"wp:term":[{"taxonomy":"related-projects-category","embeddable":true,"href":"https:\/\/wpml.org\/es\/wp-json\/wp\/v2\/related-projects-category?post=15990779"}],"curies":[{"name":"wp","href":"https:\/\/api.w.org\/{rel}","templated":true}]}}