{"id":16640582,"date":"2022-10-07T05:26:15","date_gmt":"2022-10-07T05:26:15","guid":{"rendered":"https:\/\/wpml.org\/documentation-2\/traduccion-automatica-para-contenido-de-wordpress-con-wpml\/como-utilizar-google-translate-en-wordpress-tutorial-completo\/"},"modified":"2026-02-26T07:20:55","modified_gmt":"2026-02-26T07:20:55","slug":"como-utilizar-google-translate-en-wordpress-tutorial-completo","status":"publish","type":"page","link":"https:\/\/wpml.org\/es\/documentation-2\/traduccion-automatica-para-contenido-de-wordpress-con-wpml\/como-utilizar-google-translate-en-wordpress-tutorial-completo\/","title":{"rendered":"C\u00f3mo usar Google Translate en WordPress"},"content":{"rendered":"\n<p class=\"lead\">Aprenda a usar Google Translate en WordPress y cree un sitio web multiling\u00fce con m\u00e1s idiomas.<\/p>\n\n<p>Google Translate sol\u00eda tener un widget que se pod\u00eda a\u00f1adir a su sitio web, permitiendo a los usuarios ver su sitio en diferentes idiomas. Desafortunadamente, este widget se interrumpi\u00f3 en 2019 y ya no est\u00e1 disponible.  <\/p>\n\n<figure class=\"wp-block-image tb-image tb-image-dynamic tb-image-frame-none\" data-toolset-blocks-image=\"da4b3acb424f7375105f741510f74ba9\"><img decoding=\"async\" width=\"896\" height=\"325\" loading=\"lazy\" src=\"https:\/\/wpml.org\/wp-content\/uploads\/2025\/04\/Google-Translate-Widget.png\" alt=\"Google Translate Widget\" class=\"wp-image-16975899\" srcset=\"https:\/\/wpml.org\/wp-content\/uploads\/2025\/04\/Google-Translate-Widget.png 896w, https:\/\/wpml.org\/wp-content\/uploads\/2025\/04\/Google-Translate-Widget-300x109.png 300w, https:\/\/wpml.org\/wp-content\/uploads\/2025\/04\/Google-Translate-Widget-150x54.png 150w, https:\/\/wpml.org\/wp-content\/uploads\/2025\/04\/Google-Translate-Widget-768x279.png 768w\" sizes=\"auto, (max-width: 896px) 100vw, 896px\" \/><figcaption><div class=\"tb-image-caption\">Widget descontinuado de Google Translate<\/div><\/figcaption><\/figure>\n\n<p>La buena noticia es que existen soluciones mejores, como <a href=\"http:\/\/wpml.org\/es\/\">WPML<\/a>, el plugin multiling\u00fce m\u00e1s popular para WordPress, que impulsa m\u00e1s de 1.000.000 de sitios web.<\/p>\n\n<h2 class=\"wp-block-heading\">C\u00f3mo usar Google Translate con WPML<\/h2>\n\n<p>WPML puede ayudarle a traducir todo su sitio web de WordPress utilizando Google Translate, permitiendo a los usuarios ver su contenido en su idioma preferido. <\/p>\n\n<p>A diferencia del antiguo widget que simplemente traduc\u00eda el contenido sobre la marcha, WPML almacena las traducciones en su sitio web, permitiendo que su contenido se posicione en otros idiomas sin ralentizar su sitio. Adem\u00e1s de ser compatible con el SEO, WPML tambi\u00e9n incluye todo lo que necesita para crear un sitio web multiling\u00fce, como:<\/p>\n\n<div style=\"height:15px\" aria-hidden=\"true\" class=\"wp-block-spacer\"><\/div>\n\n<ul class=\"wp-block-list\">\n<li>A\u00f1adir tantos idiomas como desee.<\/li>\n\n\n\n<li>Revisar y editar traducciones autom\u00e1ticas.<\/li>\n\n\n\n<li>Organizar traducciones con subcarpetas y subdirectorios.<\/li>\n<\/ul>\n\n<div style=\"height:20px\" aria-hidden=\"true\" class=\"wp-block-spacer\"><\/div>\n\n<p>Aqu\u00ed tiene un breve v\u00eddeo que muestra c\u00f3mo traducir su sitio utilizando Google Translate y WPML. <\/p>\n\n<div style=\"height:15px\" aria-hidden=\"true\" class=\"wp-block-spacer\"><\/div>\n\n<figure class=\"wp-block-embed is-type-video is-provider-youtube wp-block-embed-youtube wp-embed-aspect-16-9 wp-has-aspect-ratio\"><div class=\"wp-block-embed__wrapper\">\n<div class=\"embed-responsive embed-responsive-16by9\"><iframe title=\"How to Translate WordPress with Google Translate\" width=\"700\" height=\"394\" src=\"https:\/\/www.youtube.com\/embed\/bZh68V5DZak?feature=oembed\" frameborder=\"0\" allow=\"accelerometer; autoplay; clipboard-write; encrypted-media; gyroscope; picture-in-picture; web-share\" referrerpolicy=\"strict-origin-when-cross-origin\" allowfullscreen><\/iframe><\/div>\n<\/div><\/figure>\n\n<div style=\"height:15px\" aria-hidden=\"true\" class=\"wp-block-spacer\"><\/div>\n\n<h3 class=\"wp-block-heading\">1. Instale y active WPML<\/h3>\n\n<p>Para empezar a usar WPML, instale y active el plugin en su sitio web de WordPress. WPML es un plugin premium, por lo que primero tendr\u00e1 que <a href=\"https:\/\/wpml.org\/es\/purchase\/\">comprar una licencia<\/a>. <\/p>\n\n<figure class=\"wp-block-image tb-image tb-image-dynamic tb-image-frame-none\" data-toolset-blocks-image=\"46236f6022c8dd808a8591f598ed17f8\"><a href=\"https:\/\/wpml.org\/wp-content\/uploads\/2025\/04\/Installing-WPML-plugin-in-WordPress.png\"><img decoding=\"async\" width=\"1024\" height=\"691\" loading=\"lazy\" src=\"https:\/\/wpml.org\/wp-content\/uploads\/2025\/04\/Installing-WPML-plugin-in-WordPress-1024x691.png\" alt=\"Installing WPML plugin in WordPress\" class=\"wp-image-16975942\" srcset=\"https:\/\/wpml.org\/wp-content\/uploads\/2025\/04\/Installing-WPML-plugin-in-WordPress-1024x691.png 1024w, https:\/\/wpml.org\/wp-content\/uploads\/2025\/04\/Installing-WPML-plugin-in-WordPress-300x203.png 300w, https:\/\/wpml.org\/wp-content\/uploads\/2025\/04\/Installing-WPML-plugin-in-WordPress-150x101.png 150w, https:\/\/wpml.org\/wp-content\/uploads\/2025\/04\/Installing-WPML-plugin-in-WordPress-768x518.png 768w, https:\/\/wpml.org\/wp-content\/uploads\/2025\/04\/Installing-WPML-plugin-in-WordPress-1536x1037.png 1536w, https:\/\/wpml.org\/wp-content\/uploads\/2025\/04\/Installing-WPML-plugin-in-WordPress.png 1600w\" sizes=\"auto, (max-width: 1024px) 100vw, 1024px\" \/><\/a><figcaption><div class=\"tb-image-caption\">Instalaci\u00f3n del plugin WPML en WordPress<\/div><\/figcaption><\/figure>\n\n<h3 class=\"wp-block-heading\">2. Elija sus idiomas de destino<\/h3>\n\n<p>Una vez activado, dir\u00edjase a <strong>WPML <\/strong>\u2192 <strong>Configuraci\u00f3n<\/strong> para elegir los idiomas a los que desea traducir. Si a\u00fan no ha decidido qu\u00e9 idiomas quiere, no se preocupe, WPML le permite a\u00f1adir (y eliminar) idiomas m\u00e1s adelante. <\/p>\n\n<figure class=\"wp-block-image tb-image tb-image-dynamic tb-image-frame-none\" data-toolset-blocks-image=\"4067e96b7e6274bb0174e2f350c4264b\"><a href=\"https:\/\/wpml.org\/wp-content\/uploads\/2025\/04\/Choosing-languages-in-WPML-Setup.png\"><img decoding=\"async\" width=\"1024\" height=\"724\" loading=\"lazy\" src=\"https:\/\/wpml.org\/wp-content\/uploads\/2025\/04\/Choosing-languages-in-WPML-Setup-1024x724.png\" alt=\"Choosing languages in WPML Setup\" class=\"wp-image-16975957\" srcset=\"https:\/\/wpml.org\/wp-content\/uploads\/2025\/04\/Choosing-languages-in-WPML-Setup-1024x724.png 1024w, https:\/\/wpml.org\/wp-content\/uploads\/2025\/04\/Choosing-languages-in-WPML-Setup-300x212.png 300w, https:\/\/wpml.org\/wp-content\/uploads\/2025\/04\/Choosing-languages-in-WPML-Setup-150x106.png 150w, https:\/\/wpml.org\/wp-content\/uploads\/2025\/04\/Choosing-languages-in-WPML-Setup-768x543.png 768w, https:\/\/wpml.org\/wp-content\/uploads\/2025\/04\/Choosing-languages-in-WPML-Setup-1536x1086.png 1536w, https:\/\/wpml.org\/wp-content\/uploads\/2025\/04\/Choosing-languages-in-WPML-Setup.png 1600w\" sizes=\"auto, (max-width: 1024px) 100vw, 1024px\" \/><\/a><figcaption><div class=\"tb-image-caption\">Elecci\u00f3n de idiomas en la configuraci\u00f3n de WPML<\/div><\/figcaption><\/figure>\n\n<div class=\"wp-block-toolset-blocks-container tb-container\" data-toolset-blocks-container=\"b6d146d6ec96a66c98018efd2c2c33dd\">\n<div class=\"wp-block-toolset-blocks-grid tb-grid\" data-toolset-blocks-grid=\"37d19417981b1b97920df56c088840a6\">\n<div class=\"wp-block-toolset-blocks-grid-column tb-grid-column tb-grid-align-top\" data-toolset-blocks-grid-column=\"3034fbe886c11054e95b46b09d3e4112\">\n<div class=\"wp-block-toolset-blocks-container tb-container\" data-toolset-blocks-container=\"8462661d63c4401da3f7686632759d01\"><\/div>\n<\/div>\n\n\n\n<div class=\"wp-block-toolset-blocks-grid-column tb-grid-column tb-grid-align-top\" data-toolset-blocks-grid-column=\"3034fbe886c11054e95b46b09d3e4112\">\n<p class=\"tb-heading has-text-color\" data-toolset-blocks-heading=\"c1ace1a37913fe1cf5b4191d09bc8145\" data-last-update=\"1.4\">Antes de continuar, recuerde <a href=\"https:\/\/wpml.org\/documentation\/automatic-translation\/how-to-change-automatic-translation-engines\/\">establecer su motor de traducci\u00f3n<\/a> en Google Translate en los ajustes de WPML.<\/p>\n<\/div>\n<\/div>\n<\/div>\n\n<h3 class=\"wp-block-heading\">3. Enviar contenido para traducci\u00f3n<\/h3>\n\n<p>Para traducir su sitio web con Google Translate, empiece por ir a <strong>WPML <\/strong>\u2192 <strong>Panel de control de traducci\u00f3n<\/strong>. All\u00ed, encontrar\u00e1 todo el contenido de su sitio web organizado en secciones, como p\u00e1ginas, entradas y entradas personalizadas.  <\/p>\n\n<p>Para traducir contenido, simplemente seleccione sus elementos, elija <strong>Traducir autom\u00e1ticamente<\/strong> como su m\u00e9todo de traducci\u00f3n y haga clic en el bot\u00f3n <strong>Traducir<\/strong>.<\/p>\n\n<div style=\"height:20px\" aria-hidden=\"true\" class=\"wp-block-spacer\"><\/div>\n<p><video src=\"https:\/\/videos.wpml.org\/google-translate-tm.mp4\" controls autoplay muted style=\"width: 100%; height: auto;\"><\/video><\/p>\n\n<div style=\"height:20px\" aria-hidden=\"true\" class=\"wp-block-spacer\"><\/div>\n\n<p>Google Translate ahora traducir\u00e1 autom\u00e1ticamente su contenido, notific\u00e1ndole en la parte superior del panel de control cuando las traducciones est\u00e9n listas. <\/p>\n\n<div style=\"height:10px\" aria-hidden=\"true\" class=\"wp-block-spacer\"><\/div>\n\n<h3 class=\"wp-block-heading\">4. Revise las traducciones autom\u00e1ticas<\/h3>\n\n<p>Google Translate puede crear excelentes traducciones. Dicho esto, es posible que no siempre capturen el significado exacto o el tono preferido. Con WPML, puede perfeccionar las traducciones edit\u00e1ndolas con el <a href=\"https:\/\/wpml.org\/es\/documentation-2\/traducir-los-contenidos\/editor-de-traduccion-avanzado\/\">Editor de traducci\u00f3n avanzado<\/a>.  <\/p>\n\n<p>Simplemente vaya a <strong>WPML <\/strong>\u2192 <strong>Traducciones<\/strong> y seleccione el contenido que desea revisar. WPML le permite editar textos, enlaces y cualquier otro contenido de su p\u00e1gina, sin romper el formato. <\/p>\n\n<figure class=\"wp-block-image tb-image tb-image-dynamic tb-image-frame-none\" data-toolset-blocks-image=\"7106c25fc5e9d8f6c1ed5a947fb53e07\"><a href=\"https:\/\/wpml.org\/wp-content\/uploads\/2025\/04\/Editing-translations-in-the-Advanced-Translation-Editor-1.png\"><img decoding=\"async\" width=\"1024\" height=\"671\" loading=\"lazy\" src=\"https:\/\/wpml.org\/wp-content\/uploads\/2025\/04\/Editing-translations-in-the-Advanced-Translation-Editor-1-1024x671.png\" alt=\"Editing translations in the Advanced Translation Editor\" class=\"wp-image-16976000\" srcset=\"https:\/\/wpml.org\/wp-content\/uploads\/2025\/04\/Editing-translations-in-the-Advanced-Translation-Editor-1-1024x671.png 1024w, https:\/\/wpml.org\/wp-content\/uploads\/2025\/04\/Editing-translations-in-the-Advanced-Translation-Editor-1-300x197.png 300w, https:\/\/wpml.org\/wp-content\/uploads\/2025\/04\/Editing-translations-in-the-Advanced-Translation-Editor-1-150x98.png 150w, https:\/\/wpml.org\/wp-content\/uploads\/2025\/04\/Editing-translations-in-the-Advanced-Translation-Editor-1-768x503.png 768w, https:\/\/wpml.org\/wp-content\/uploads\/2025\/04\/Editing-translations-in-the-Advanced-Translation-Editor-1-1536x1006.png 1536w, https:\/\/wpml.org\/wp-content\/uploads\/2025\/04\/Editing-translations-in-the-Advanced-Translation-Editor-1.png 1600w\" sizes=\"auto, (max-width: 1024px) 100vw, 1024px\" \/><\/a><figcaption><div class=\"tb-image-caption\">Edici\u00f3n de traducciones en el editor de traducci\u00f3n avanzado<\/div><\/figcaption><\/figure>\n\n<h2 class=\"wp-block-heading\">Bonus: A\u00f1adir selector de idioma<\/h2>\n\n<p>WPML le permite <a href=\"https:\/\/wpml.org\/es\/documentation-2\/guia-de-inicio\/configuracion-del-idioma\/opciones-del-intercambiador-de-idiomas\/\">a\u00f1adir un selector de idioma<\/a> en cualquier lugar de su sitio web, incluyendo:<\/p>\n\n<div class=\"wp-block-toolset-blocks-grid tb-grid\" data-toolset-blocks-grid=\"baf9940492791f981ba2c5d2c7829fdc\">\n<div class=\"wp-block-toolset-blocks-grid-column tb-grid-column tb-grid-align-top\" data-toolset-blocks-grid-column=\"3034fbe886c11054e95b46b09d3e4112\">\n<figure class=\"wp-block-image tb-image tb-image-dynamic tb-image-frame-none\" data-toolset-blocks-image=\"943f9886e3c571c944d87660db72eaa9\"><a href=\"https:\/\/wpml.org\/wp-content\/uploads\/2025\/04\/Language-Switcher-in-Header.png\"><img decoding=\"async\" width=\"1006\" height=\"698\" loading=\"lazy\" src=\"https:\/\/wpml.org\/wp-content\/uploads\/2025\/04\/Language-Switcher-in-Header.png\" alt=\"Language Switcher in Header\" class=\"wp-image-16976014\" srcset=\"https:\/\/wpml.org\/wp-content\/uploads\/2025\/04\/Language-Switcher-in-Header.png 1006w, https:\/\/wpml.org\/wp-content\/uploads\/2025\/04\/Language-Switcher-in-Header-300x208.png 300w, https:\/\/wpml.org\/wp-content\/uploads\/2025\/04\/Language-Switcher-in-Header-150x104.png 150w, https:\/\/wpml.org\/wp-content\/uploads\/2025\/04\/Language-Switcher-in-Header-768x533.png 768w\" sizes=\"auto, (max-width: 1006px) 100vw, 1006px\" \/><\/a><\/figure>\n\n\n\n<p class=\"tb-heading\" data-toolset-blocks-heading=\"60d4acb3dfed1b4aaf39e8e0df855cf3\" data-last-update=\"1.4\"><strong>Cabecera<\/strong><\/p>\n<\/div>\n\n\n\n<div class=\"wp-block-toolset-blocks-grid-column tb-grid-column tb-grid-align-top\" data-toolset-blocks-grid-column=\"3034fbe886c11054e95b46b09d3e4112\">\n<figure class=\"wp-block-image tb-image tb-image-dynamic tb-image-frame-none\" data-toolset-blocks-image=\"a0663d8a9766928c41932123a42d0d69\"><a href=\"https:\/\/wpml.org\/wp-content\/uploads\/2025\/04\/image-4.png\"><img decoding=\"async\" width=\"687\" height=\"477\" loading=\"lazy\" src=\"https:\/\/wpml.org\/wp-content\/uploads\/2025\/04\/image-4.png\" alt=\"Switcher in Footer\" class=\"wp-image-16976447\" srcset=\"https:\/\/wpml.org\/wp-content\/uploads\/2025\/04\/image-4.png 687w, https:\/\/wpml.org\/wp-content\/uploads\/2025\/04\/image-4-300x208.png 300w, https:\/\/wpml.org\/wp-content\/uploads\/2025\/04\/image-4-150x104.png 150w\" sizes=\"auto, (max-width: 687px) 100vw, 687px\" \/><\/a><\/figure>\n\n\n\n<p class=\"tb-heading\" data-toolset-blocks-heading=\"60d4acb3dfed1b4aaf39e8e0df855cf3\" data-last-update=\"1.4\"><strong>Pie de p\u00e1gina<\/strong><\/p>\n<\/div>\n\n\n\n<div class=\"wp-block-toolset-blocks-grid-column tb-grid-column tb-grid-align-top\" data-toolset-blocks-grid-column=\"3034fbe886c11054e95b46b09d3e4112\">\n<figure class=\"wp-block-image tb-image tb-image-dynamic tb-image-frame-none\" data-toolset-blocks-image=\"c241d555e695f80692a257edf51c25d3\"><a href=\"https:\/\/wpml.org\/wp-content\/uploads\/2025\/04\/Language-Switcher-in-Widgets.png\"><img decoding=\"async\" width=\"916\" height=\"563\" loading=\"lazy\" src=\"https:\/\/wpml.org\/wp-content\/uploads\/2025\/04\/Language-Switcher-in-Widgets.png\" alt=\"\" class=\"wp-image-16976042\" srcset=\"https:\/\/wpml.org\/wp-content\/uploads\/2025\/04\/Language-Switcher-in-Widgets.png 916w, https:\/\/wpml.org\/wp-content\/uploads\/2025\/04\/Language-Switcher-in-Widgets-300x184.png 300w, https:\/\/wpml.org\/wp-content\/uploads\/2025\/04\/Language-Switcher-in-Widgets-150x92.png 150w, https:\/\/wpml.org\/wp-content\/uploads\/2025\/04\/Language-Switcher-in-Widgets-768x472.png 768w\" sizes=\"auto, (max-width: 916px) 100vw, 916px\" \/><\/a><\/figure>\n\n\n\n<p class=\"tb-heading\" data-toolset-blocks-heading=\"60d4acb3dfed1b4aaf39e8e0df855cf3\" data-last-update=\"1.4\"><strong>Widgets<\/strong><\/p>\n<\/div>\n\n\n\n<div class=\"wp-block-toolset-blocks-grid-column tb-grid-column tb-grid-align-top\" data-toolset-blocks-grid-column=\"3034fbe886c11054e95b46b09d3e4112\">\n<figure class=\"wp-block-image tb-image tb-image-dynamic tb-image-frame-none\" data-toolset-blocks-image=\"4ceedd002cc22abb75ab3c4d76db79c2\"><a href=\"https:\/\/wpml.org\/wp-content\/uploads\/2025\/04\/Language-Switcher-in-Content.png\"><img decoding=\"async\" width=\"985\" height=\"628\" loading=\"lazy\" src=\"https:\/\/wpml.org\/wp-content\/uploads\/2025\/04\/Language-Switcher-in-Content.png\" alt=\"Language Switcher in Content\" class=\"wp-image-16976056\" srcset=\"https:\/\/wpml.org\/wp-content\/uploads\/2025\/04\/Language-Switcher-in-Content.png 985w, https:\/\/wpml.org\/wp-content\/uploads\/2025\/04\/Language-Switcher-in-Content-300x191.png 300w, https:\/\/wpml.org\/wp-content\/uploads\/2025\/04\/Language-Switcher-in-Content-150x96.png 150w, https:\/\/wpml.org\/wp-content\/uploads\/2025\/04\/Language-Switcher-in-Content-768x490.png 768w\" sizes=\"auto, (max-width: 985px) 100vw, 985px\" \/><\/a><\/figure>\n\n\n\n<p class=\"tb-heading\" data-toolset-blocks-heading=\"60d4acb3dfed1b4aaf39e8e0df855cf3\" data-last-update=\"1.4\"><strong>P\u00e1ginas y entradas<\/strong><\/p>\n<\/div>\n<\/div>\n\n<div style=\"height:40px\" aria-hidden=\"true\" class=\"wp-block-spacer\"><\/div>\n\n<p>Para a\u00f1adir un selector de idioma, simplemente vaya a <strong>WPML <\/strong>\u2192 <strong>Idiomas<\/strong> y haga clic en el selector que desea a\u00f1adir.<\/p>\n\n<figure class=\"wp-block-image tb-image tb-image-dynamic tb-image-frame-none\" data-toolset-blocks-image=\"c0f62d8973ef8ecd7fa8ad1279d9ccae\"><a href=\"https:\/\/wpml.org\/wp-content\/uploads\/2025\/08\/Language-switcher-settings-in-WPML-1.png\"><img decoding=\"async\" width=\"1600\" height=\"985\" loading=\"lazy\" src=\"https:\/\/wpml.org\/wp-content\/uploads\/2025\/08\/Language-switcher-settings-in-WPML-1.png\" alt=\"\" class=\"wp-image-17326637\" srcset=\"https:\/\/wpml.org\/wp-content\/uploads\/2025\/08\/Language-switcher-settings-in-WPML-1.png 1600w, https:\/\/wpml.org\/wp-content\/uploads\/2025\/08\/Language-switcher-settings-in-WPML-1-300x185.png 300w, https:\/\/wpml.org\/wp-content\/uploads\/2025\/08\/Language-switcher-settings-in-WPML-1-1024x630.png 1024w, https:\/\/wpml.org\/wp-content\/uploads\/2025\/08\/Language-switcher-settings-in-WPML-1-150x92.png 150w, https:\/\/wpml.org\/wp-content\/uploads\/2025\/08\/Language-switcher-settings-in-WPML-1-768x473.png 768w, https:\/\/wpml.org\/wp-content\/uploads\/2025\/08\/Language-switcher-settings-in-WPML-1-1536x946.png 1536w\" sizes=\"auto, (max-width: 1600px) 100vw, 1600px\" \/><\/a><figcaption><div class=\"tb-image-caption\">Ajustes del selector de idioma en WPML<\/div><\/figcaption><\/figure>\n\n<h2 class=\"wp-block-heading\">\u00bfCu\u00e1nto cuesta Google Translate?<\/h2>\n\n<p>Todos los planes de WPML incluyen una cantidad gratuita de palabras que puede traducir autom\u00e1ticamente sin coste adicional: <\/p>\n\n<ul class=\"wp-block-list\">\n<li><strong>Multilingual CMS <\/strong>\u2013 45.000 palabras<\/li>\n\n\n\n<li><strong>Multilingual Agency <\/strong>\u2013 90.000 palabras<\/li>\n<\/ul>\n\n<div style=\"height:10px\" aria-hidden=\"true\" class=\"wp-block-spacer\"><\/div>\n\n<p>Para la mayor\u00eda de los sitios web, esta cantidad es suficiente para traducir autom\u00e1ticamente a 2-3 idiomas. Dicho esto, si tiene un sitio web grande y necesita traducir m\u00e1s palabras, puede comprar traducci\u00f3n autom\u00e1tica adicional a precios asequibles. <\/p>\n\n<p>Para obtener m\u00e1s informaci\u00f3n sobre nuestros precios y motores de traducci\u00f3n alternativos, consulte nuestra <a href=\"https:\/\/wpml.org\/es\/documentation-2\/traduccion-automatica-para-contenido-de-wordpress-con-wpml\/precios-del-servicio-de-traduccion-automatica\/\">traducci\u00f3n autom\u00e1tica<\/a>. <\/p>\n\n<h2 class=\"wp-block-heading\">Comience con WPML<\/h2>\n\n<p>\u00bfListo para hacer que su sitio de WordPress sea multiling\u00fce con Google Translate? Empiece hoy mismo con WPML y traduzca autom\u00e1ticamente todo su sitio web con solo unos clics.  <\/p>\n\n<p><a href=\"https:\/\/wpml.org\/es\/purchase\/\">Precios de WPML \u2192<\/a><\/p>\n\n<p><\/p>\n","protected":false},"excerpt":{"rendered":"<p>Aprenda a usar Google Translate en WordPress y cree un sitio web multiling\u00fce con m\u00e1s idiomas. Google Translate sol\u00eda tener un widget que se pod\u00eda a\u00f1adir a su sitio web, permitiendo a los usuarios ver su sitio en diferentes idiomas. Desafortunadamente, este widget se interrumpi\u00f3 en 2019 y ya no est\u00e1 disponible. La buena noticia [&hellip;]<\/p>\n","protected":false},"author":204756,"featured_media":15217879,"parent":4844549,"menu_order":74,"comment_status":"closed","ping_status":"closed","template":"template-sidebar-2.php","meta":{"_bbp_topic_count":0,"_bbp_reply_count":0,"_bbp_total_topic_count":0,"_bbp_total_reply_count":0,"_bbp_voice_count":0,"_bbp_anonymous_reply_count":0,"_bbp_topic_count_hidden":0,"_bbp_reply_count_hidden":0,"_bbp_forum_subforum_count":0,"ep_exclude_from_search":false,"footnotes":""},"related-projects-category":[],"class_list":["post-16640582","page","type-page","status-publish","has-post-thumbnail","hentry"],"_links":{"self":[{"href":"https:\/\/wpml.org\/es\/wp-json\/wp\/v2\/pages\/16640582","targetHints":{"allow":["GET"]}}],"collection":[{"href":"https:\/\/wpml.org\/es\/wp-json\/wp\/v2\/pages"}],"about":[{"href":"https:\/\/wpml.org\/es\/wp-json\/wp\/v2\/types\/page"}],"author":[{"embeddable":true,"href":"https:\/\/wpml.org\/es\/wp-json\/wp\/v2\/users\/204756"}],"replies":[{"embeddable":true,"href":"https:\/\/wpml.org\/es\/wp-json\/wp\/v2\/comments?post=16640582"}],"version-history":[{"count":8,"href":"https:\/\/wpml.org\/es\/wp-json\/wp\/v2\/pages\/16640582\/revisions"}],"predecessor-version":[{"id":17854045,"href":"https:\/\/wpml.org\/es\/wp-json\/wp\/v2\/pages\/16640582\/revisions\/17854045"}],"up":[{"embeddable":true,"href":"https:\/\/wpml.org\/es\/wp-json\/wp\/v2\/pages\/4844549"}],"wp:featuredmedia":[{"embeddable":true,"href":"https:\/\/wpml.org\/es\/wp-json\/wp\/v2\/media\/15217879"}],"wp:attachment":[{"href":"https:\/\/wpml.org\/es\/wp-json\/wp\/v2\/media?parent=16640582"}],"wp:term":[{"taxonomy":"related-projects-category","embeddable":true,"href":"https:\/\/wpml.org\/es\/wp-json\/wp\/v2\/related-projects-category?post=16640582"}],"curies":[{"name":"wp","href":"https:\/\/api.w.org\/{rel}","templated":true}]}}