{"id":16701191,"date":"2025-02-13T10:37:03","date_gmt":"2025-02-13T10:37:03","guid":{"rendered":"https:\/\/wpml.org\/account\/administrar-creditos-para-la-traduccion-automatica\/"},"modified":"2025-02-13T10:37:03","modified_gmt":"2025-02-13T10:37:03","slug":"administrar-creditos-para-la-traduccion-automatica","status":"publish","type":"page","link":"https:\/\/wpml.org\/es\/account\/administrar-creditos-para-la-traduccion-automatica\/","title":{"rendered":"Administrar cr\u00e9ditos para la Traducci\u00f3n Autom\u00e1tica"},"content":{"rendered":"","protected":false},"excerpt":{"rendered":"","protected":false},"author":609223,"featured_media":0,"parent":452173,"menu_order":0,"comment_status":"closed","ping_status":"closed","template":"templates\/account-manage-credits.php","meta":{"_bbp_topic_count":0,"_bbp_reply_count":0,"_bbp_total_topic_count":0,"_bbp_total_reply_count":0,"_bbp_voice_count":0,"_bbp_anonymous_reply_count":0,"_bbp_topic_count_hidden":0,"_bbp_reply_count_hidden":0,"_bbp_forum_subforum_count":0,"ep_exclude_from_search":false,"footnotes":""},"related-projects-category":[],"class_list":["post-16701191","page","type-page","status-publish","hentry"],"_links":{"self":[{"href":"https:\/\/wpml.org\/es\/wp-json\/wp\/v2\/pages\/16701191","targetHints":{"allow":["GET"]}}],"collection":[{"href":"https:\/\/wpml.org\/es\/wp-json\/wp\/v2\/pages"}],"about":[{"href":"https:\/\/wpml.org\/es\/wp-json\/wp\/v2\/types\/page"}],"author":[{"embeddable":true,"href":"https:\/\/wpml.org\/es\/wp-json\/wp\/v2\/users\/609223"}],"replies":[{"embeddable":true,"href":"https:\/\/wpml.org\/es\/wp-json\/wp\/v2\/comments?post=16701191"}],"version-history":[{"count":0,"href":"https:\/\/wpml.org\/es\/wp-json\/wp\/v2\/pages\/16701191\/revisions"}],"up":[{"embeddable":true,"href":"https:\/\/wpml.org\/es\/wp-json\/wp\/v2\/pages\/452173"}],"wp:attachment":[{"href":"https:\/\/wpml.org\/es\/wp-json\/wp\/v2\/media?parent=16701191"}],"wp:term":[{"taxonomy":"related-projects-category","embeddable":true,"href":"https:\/\/wpml.org\/es\/wp-json\/wp\/v2\/related-projects-category?post=16701191"}],"curies":[{"name":"wp","href":"https:\/\/api.w.org\/{rel}","templated":true}]}}