{"id":17014923,"date":"2022-10-13T05:23:29","date_gmt":"2022-10-13T05:23:29","guid":{"rendered":"https:\/\/wpml.org\/documentation-2\/traduccion-automatica-para-contenido-de-wordpress-con-wpml\/traduzca-su-sitio-wordpress-con-microsoft-translator\/"},"modified":"2026-04-20T11:43:37","modified_gmt":"2026-04-20T11:43:37","slug":"traduzca-su-sitio-wordpress-con-microsoft-translator","status":"publish","type":"page","link":"https:\/\/wpml.org\/es\/documentation-2\/traduccion-automatica-para-contenido-de-wordpress-con-wpml\/traduzca-su-sitio-wordpress-con-microsoft-translator\/","title":{"rendered":"Traduce tu sitio de WordPress con Microsoft Translator"},"content":{"rendered":"\n<p class=\"lead\">Traduzca autom\u00e1ticamente su sitio de WordPress con Microsoft Translator y WPML. Acceda a m\u00e1s de 130 idiomas a algunos de los costes de traducci\u00f3n m\u00e1s bajos disponibles actualmente. <\/p>\n\n<h2 class=\"wp-block-heading\">\u00bfQu\u00e9 es Microsoft Translator?<\/h2>\n\n<p>Microsoft Translator (tambi\u00e9n conocido como Azure Translator) es uno de los motores de traducci\u00f3n autom\u00e1tica m\u00e1s rentables disponibles en WPML. Con Microsoft Translator, puede traducir su sitio web de WordPress a m\u00e1s de <a href=\"https:\/\/ate.wpml.org\/mt_langs?_gl=1*1pjo6kq*_gcl_au*NzQ5NTQwNzYzLjE3NjkwNzE0OTIuODEyNTk5MDQ5LjE3NzYzNDQ4MDcuMTc3NjM0OTAyNw\" type=\"link\" id=\"https:\/\/ate.wpml.org\/mt_langs?_gl=1*1pjo6kq*_gcl_au*NzQ5NTQwNzYzLjE3NjkwNzE0OTIuODEyNTk5MDQ5LjE3NzYzNDQ4MDcuMTc3NjM0OTAyNw\" target=\"_blank\" rel=\"noreferrer noopener\">130 idiomas<\/a>. <br\/><\/p>\n\n<h2 class=\"wp-block-heading\" id=\"why-microsoft-translator-wpml\">\u00bfPor qu\u00e9 usar Microsoft Translator y WPML?<\/h2>\n\n<p>Con Microsoft Translator, usted puede:<\/p>\n\n<ul class=\"wp-block-list\">\n<li>Traduce autom\u00e1ticamente todo tu sitio en pocos minutos<\/li>\n\n\n\n<li>Mant\u00e9n bajos los costes de traducci\u00f3n, incluso para sitios web grandes<\/li>\n<\/ul>\n\n<p>Esto hace que Azure sea una excelente opci\u00f3n para:<\/p>\n\n<ul class=\"wp-block-list\">\n<li>Tiendas de comercio electr\u00f3nico<\/li>\n\n\n\n<li>Directorios en l\u00ednea<\/li>\n\n\n\n<li>Plataformas educativas<\/li>\n\n\n\n<li>Sitios web de noticias y medios de comunicaci\u00f3n<\/li>\n<\/ul>\n\n<p>Para usar Microsoft Translator en WordPress, necesita WPML, el plugin multiling\u00fce m\u00e1s popular para WordPress. WPML incluye soporte integrado para Microsoft Translator, por lo que puede empezar a traducir de inmediato, sin tener que lidiar con complejas configuraciones de API o desarrollo personalizado. <\/p>\n\n<p><strong>Con WPML y Microsoft Translator, obtendr\u00e1:  <\/strong><\/p>\n\n<ul class=\"wp-block-list\">\n<li><strong>Memoria de Traducci\u00f3n<\/strong>: evita pagar dos veces por el mismo contenido.<\/li>\n\n\n\n<li><strong>Localizaci\u00f3n completa del sitio<\/strong> \u2013 WPML traduce todo: contenido visible, formularios, notificaciones y mucho m\u00e1s.<\/li>\n\n\n\n<li><strong>Cr\u00e9ditos de traducci\u00f3n gratuitos<\/strong> \u2013 Los planes de WPML incluyen cr\u00e9ditos de traducci\u00f3n autom\u00e1tica gratuitos.<\/li>\n\n\n\n<li><strong>Traducciones optimizadas para SEO<\/strong> \u2013 WPML gestiona los metadatos, las URL y el hreflang por usted.<\/li>\n\n\n\n<li><strong>Compatibilidad<\/strong> \u2013 WPML funciona con cientos de plugins y temas. Consulte nuestros directorios de <a href=\"https:\/\/wpml.org\/plugin\/\">Plugins<\/a> y <a href=\"https:\/\/wpml.org\/theme\/\">Temas<\/a> compatibles para ver la lista completa de socios de compatibilidad. <\/li>\n<\/ul>\n\n<h2 class=\"wp-block-heading\" id=\"microsoft-translator-and-wpml\">C\u00f3mo traducir su sitio de WordPress con Microsoft Translator y WPML<\/h2>\n\n<p>Para usar Microsoft Translator, necesitar\u00e1 el plan WPML CMS o WPML Agency. <a href=\"https:\/\/wpml.org\/es\/purchase\/\">Compare los planes<\/a> para obtener m\u00e1s detalles.<\/p>\n\n<h3 class=\"wp-block-heading\" id=\"choose-languages\">1. Elija qu\u00e9 idiomas agregar<\/h3>\n\n<p>Microsoft Translator admite m\u00e1s de 130 idiomas, desde los m\u00e1s utilizados como el espa\u00f1ol y el alem\u00e1n hasta idiomas como el coreano y el chino. WPML le permite a\u00f1adir o eliminar idiomas en cualquier momento. <\/p>\n\n<p>\u00bfA\u00fan no est\u00e1s seguro de qu\u00e9 idiomas a\u00f1adir? Empieza con los m\u00e1s importantes y ampl\u00eda m\u00e1s adelante. <\/p>\n\n<p><a href=\"https:\/\/wpml.org\/es\/documentation-2\/guia-de-inicio\/configuracion-del-idioma\/\">Aprenda a a\u00f1adir idiomas en WPML<\/a>.<\/p>\n\n<h3 class=\"wp-block-heading\">2. Establezca Microsoft como su motor de traducci\u00f3n<\/h3>\n\n<p>Para usar Microsoft Translator con WPML, vaya a <strong>WPML \u2192 Ajustes<\/strong> y localice la secci\u00f3n <strong>Traducci\u00f3n autom\u00e1tica<\/strong>. Haga clic en <strong>Motor diferente<\/strong>, arrastre Microsoft a la parte superior de la lista y haga clic en el bot\u00f3n <strong>Guardar ajustes<\/strong> en la parte inferior de la secci\u00f3n. <\/p>\n\n<figure class=\"wp-block-image tb-image tb-image-dynamic tb-image-frame-none\" data-toolset-blocks-image=\"d7a1865f65ade32ec871ee3afa0ebf9b\"><a href=\"https:\/\/wpml.org\/wp-content\/uploads\/2026\/02\/wpml-microsoft-azure-translation-engine-settings.png\"><img decoding=\"async\" width=\"1024\" height=\"519\" loading=\"lazy\" src=\"https:\/\/wpml.org\/wp-content\/uploads\/2026\/02\/wpml-microsoft-azure-translation-engine-settings-1024x519.png\" alt=\"Selecting Microsoft in WPML\" class=\"wp-image-17832814\" srcset=\"https:\/\/wpml.org\/wp-content\/uploads\/2026\/02\/wpml-microsoft-azure-translation-engine-settings-1024x519.png 1024w, https:\/\/wpml.org\/wp-content\/uploads\/2026\/02\/wpml-microsoft-azure-translation-engine-settings-300x152.png 300w, https:\/\/wpml.org\/wp-content\/uploads\/2026\/02\/wpml-microsoft-azure-translation-engine-settings-150x76.png 150w, https:\/\/wpml.org\/wp-content\/uploads\/2026\/02\/wpml-microsoft-azure-translation-engine-settings-768x389.png 768w, https:\/\/wpml.org\/wp-content\/uploads\/2026\/02\/wpml-microsoft-azure-translation-engine-settings-1536x778.png 1536w, https:\/\/wpml.org\/wp-content\/uploads\/2026\/02\/wpml-microsoft-azure-translation-engine-settings-2048x1037.png 2048w\" sizes=\"auto, (max-width: 1024px) 100vw, 1024px\" \/><\/a><figcaption><div class=\"tb-image-caption\">Establecer Microsoft como motor de traducci\u00f3n predeterminado en los ajustes de WPML<\/div><\/figcaption><\/figure>\n\n<h3 class=\"wp-block-heading\" id=\"what-to-translate\">3. Traducir contenido con Microsoft Translator<\/h3>\n\n<p>Para traducir contenido con Microsoft Translator:<\/p>\n\n<ol class=\"wp-block-list\">\n<li>Vaya a <strong>WPML<\/strong> \u2192 <strong>panel de control de traducci\u00f3n<\/strong>.<\/li>\n\n\n\n<li>Seleccione el contenido que desea traducir.<\/li>\n\n\n\n<li>Seleccione <strong>Traducir autom\u00e1ticamente<\/strong> y haga clic en <strong>Traducir<\/strong>.<\/li>\n<\/ol>\n\n<figure class=\"wp-block-image tb-image tb-image-dynamic tb-image-frame-none\" data-toolset-blocks-image=\"d24aad7d46b4c47117641ba9adc5a048\"><a href=\"https:\/\/wpml.org\/wp-content\/uploads\/2026\/02\/wpml-selecting-content-for-translation.png\"><img decoding=\"async\" width=\"1024\" height=\"647\" loading=\"lazy\" src=\"https:\/\/wpml.org\/wp-content\/uploads\/2026\/02\/wpml-selecting-content-for-translation-1024x647.png\" alt=\"Sending content for translation from the Translation Dashboard\" class=\"wp-image-17832829\" srcset=\"https:\/\/wpml.org\/wp-content\/uploads\/2026\/02\/wpml-selecting-content-for-translation-1024x647.png 1024w, https:\/\/wpml.org\/wp-content\/uploads\/2026\/02\/wpml-selecting-content-for-translation-300x189.png 300w, https:\/\/wpml.org\/wp-content\/uploads\/2026\/02\/wpml-selecting-content-for-translation-150x95.png 150w, https:\/\/wpml.org\/wp-content\/uploads\/2026\/02\/wpml-selecting-content-for-translation-768x485.png 768w, https:\/\/wpml.org\/wp-content\/uploads\/2026\/02\/wpml-selecting-content-for-translation-1536x970.png 1536w, https:\/\/wpml.org\/wp-content\/uploads\/2026\/02\/wpml-selecting-content-for-translation-2048x1293.png 2048w\" sizes=\"auto, (max-width: 1024px) 100vw, 1024px\" \/><\/a><figcaption><div class=\"tb-image-caption\">Env\u00edo de contenido para traducir desde el Panel de traducci\u00f3n<\/div><\/figcaption><\/figure>\n\n<h3 class=\"wp-block-heading\" id=\"review-translations\">4. Revisar las traducciones<\/h3>\n\n<p>Para revisar las traducciones, WPML ofrece un editor de front-end, que muestra c\u00f3mo se ven las traducciones en su p\u00e1gina. <\/p>\n\n<figure class=\"wp-block-image tb-image tb-image-dynamic tb-image-frame-none\" data-toolset-blocks-image=\"dd903e420d7ca14086e8806177136296\"><a href=\"https:\/\/wpml.org\/wp-content\/uploads\/2024\/01\/Frame-7-2-1.png\"><img decoding=\"async\" width=\"1024\" height=\"625\" loading=\"lazy\" src=\"https:\/\/wpml.org\/wp-content\/uploads\/2024\/01\/Frame-7-2-1-1024x625.png\" alt=\"\" class=\"wp-image-15170101\" srcset=\"https:\/\/wpml.org\/wp-content\/uploads\/2024\/01\/Frame-7-2-1-1024x625.png 1024w, https:\/\/wpml.org\/wp-content\/uploads\/2024\/01\/Frame-7-2-1-300x183.png 300w, https:\/\/wpml.org\/wp-content\/uploads\/2024\/01\/Frame-7-2-1-150x92.png 150w, https:\/\/wpml.org\/wp-content\/uploads\/2024\/01\/Frame-7-2-1-768x468.png 768w, https:\/\/wpml.org\/wp-content\/uploads\/2024\/01\/Frame-7-2-1.png 1100w\" sizes=\"auto, (max-width: 1024px) 100vw, 1024px\" \/><\/a><figcaption><div class=\"tb-image-caption\">Editor de traducci\u00f3n de front-end de WPML<\/div><\/figcaption><\/figure>\n\n<p>Si est\u00e1 satisfecho con las traducciones de Microsoft, las publica en su sitio haciendo clic en el bot\u00f3n <strong>Aceptar esta traducci\u00f3n<\/strong>. Si desea realizar cambios, puede editar las traducciones en el <a href=\"https:\/\/wpml.org\/es\/documentation-2\/traducir-los-contenidos\/editor-de-traduccion-avanzado\/\">Editor de traducci\u00f3n avanzado<\/a> de WPML.  <\/p>\n\n<figure class=\"wp-block-image tb-image tb-image-dynamic tb-image-frame-none\" data-toolset-blocks-image=\"a964156faf2a6949e0e5a73e9ff46ec1\"><a href=\"https:\/\/wpml.org\/wp-content\/uploads\/2025\/07\/wpml-advanced-translation-editor.png\"><img decoding=\"async\" width=\"1024\" height=\"479\" loading=\"lazy\" src=\"https:\/\/wpml.org\/wp-content\/uploads\/2025\/07\/wpml-advanced-translation-editor-1024x479.png\" alt=\"Editing translations in the WPML Advanced Translation Editor\" class=\"wp-image-17275281\" srcset=\"https:\/\/wpml.org\/wp-content\/uploads\/2025\/07\/wpml-advanced-translation-editor-1024x479.png 1024w, https:\/\/wpml.org\/wp-content\/uploads\/2025\/07\/wpml-advanced-translation-editor-300x140.png 300w, https:\/\/wpml.org\/wp-content\/uploads\/2025\/07\/wpml-advanced-translation-editor-150x70.png 150w, https:\/\/wpml.org\/wp-content\/uploads\/2025\/07\/wpml-advanced-translation-editor-768x360.png 768w, https:\/\/wpml.org\/wp-content\/uploads\/2025\/07\/wpml-advanced-translation-editor-1536x719.png 1536w, https:\/\/wpml.org\/wp-content\/uploads\/2025\/07\/wpml-advanced-translation-editor-2048x959.png 2048w\" sizes=\"auto, (max-width: 1024px) 100vw, 1024px\" \/><\/a><figcaption><div class=\"tb-image-caption\">Editor de traducci\u00f3n avanzado de WPML<\/div><\/figcaption><\/figure>\n\n<p>\u00bfNo tiene tiempo para revisar las traducciones? <\/p>\n\n<p>WPML le permite invitar f\u00e1cilmente a otros usuarios a revisar sus traducciones. Los usuarios solo reciben acceso al contenido espec\u00edfico que usted desea que se revise, por lo que el resto de su sitio web (y los ajustes de administraci\u00f3n) permanecer\u00e1n cerrados e inaccesibles para cualquier otra persona.  <\/p>\n\n<p class=\"alert alert-info\"><strong>Por ejemplo&#8230; <\/strong><br\/><br\/>Si ha traducido una p\u00e1gina de producto y desea que un traductor profesional la revise, WPML solo compartir\u00e1 el contenido de esta p\u00e1gina espec\u00edfica con el traductor. El resto de su sitio permanecer\u00e1 cerrado para el traductor.  <\/p>\n\n<h2 class=\"wp-block-heading\">Preguntas frecuentes<\/h2>\n\n<div id=\"faq\" class=\"wp-block-toolset-blocks-container tb-container\" data-toolset-blocks-container=\"3c47785d6e1708c649124e2fe04a1b68\">\n<div class=\"wp-block-toolset-blocks-container tb-container\" data-toolset-blocks-container=\"40d6b7d75c97be28d62acd5aaafad645\">\n<details class=\"wp-block-details has-dark-gray-color has-text-color is-layout-flow wp-block-details-is-layout-flow\" open><summary><strong>\u00bfCu\u00e1l es el coste de usar Microsoft Translator con WPML?<\/strong><\/summary>\n<div class=\"wp-block-toolset-blocks-container tb-container\" data-toolset-blocks-container=\"b55b9e366429f8319ddee947984288b0\">\n<p class=\"tb-heading\" data-toolset-blocks-heading=\"9a15efaa54afc32df94f0ea0e933ff27\" data-last-update=\"1.4\">Para usar Microsoft Translator con WPML, necesita <a href=\"https:\/\/wpml.org\/es\/documentation-2\/traduccion-automatica-para-contenido-de-wordpress-con-wpml\/precios-del-servicio-de-traduccion-automatica\/\">cr\u00e9ditos de traducci\u00f3n autom\u00e1tica<\/a> (incluidos en su plan, con m\u00e1s disponibles seg\u00fan sea necesario).<br\/><br\/>Cuando compra WPML, obtiene un paquete gratuito de cr\u00e9ditos de traducci\u00f3n autom\u00e1tica, suficiente para traducir un sitio web de tama\u00f1o medio a 2-3 idiomas sin coste adicional. <br\/><br\/>En otras palabras, si planeas traducir tu sitio a solo unos pocos idiomas, puedes usar Microsoft Translator de forma gratuita. Si quieres traducir a m\u00e1s idiomas, o tienes un sitio web muy grande, puedes obtener f\u00e1cilmente m\u00e1s cr\u00e9ditos a un precio asequible, a partir de 0,0012 $ por palabra. <br\/><br\/>WPML utiliza un modelo de precios decreciente, por lo que cuantos m\u00e1s cr\u00e9ditos utilice, menor ser\u00e1 el coste por palabra. <a href=\"https:\/\/wpml.org\/es\/documentation-2\/traduccion-automatica-para-contenido-de-wordpress-con-wpml\/precios-del-servicio-de-traduccion-automatica\/\">Utilice nuestra calculadora de costes<\/a> para obtener una estimaci\u00f3n exacta.<br\/><\/p>\n<\/div>\n<\/details>\n<\/div>\n\n\n\n<div class=\"wp-block-toolset-blocks-container tb-container\" data-toolset-blocks-container=\"40d6b7d75c97be28d62acd5aaafad645\">\n<details class=\"wp-block-details has-dark-gray-color has-text-color is-layout-flow wp-block-details-is-layout-flow\"><summary><strong>\u00bfCon qu\u00e9 frecuencia se utiliza Microsoft Translator con WPML?<\/strong><\/summary>\n<div class=\"wp-block-toolset-blocks-container tb-container\" data-toolset-blocks-container=\"b55b9e366429f8319ddee947984288b0\">\n<p class=\"tb-heading\" data-toolset-blocks-heading=\"9a15efaa54afc32df94f0ea0e933ff27\" data-last-update=\"1.4\">Cada a\u00f1o, WPML ayuda a miles de sitios web de WordPress a traducir su contenido autom\u00e1ticamente. Solo en 2023, WPML tradujo m\u00e1s de <strong>2.500 millones de palabras usando Microsoft Translator<\/strong> (Azure). <br\/><br\/>Dicho esto, Microsoft Translator representa alrededor del <strong>14%<\/strong> del contenido total que WPML traduce anualmente, m\u00e1s de <strong>18.000 millones de palabras<\/strong> en total.<br\/><span id=\"docs-internal-guid-4d7fa5c0-7fff-f44b-7b8f-4dc1f5dcd09e\"><\/span><\/p>\n\n\n\n<figure class=\"wp-block-image tb-image tb-image-dynamic tb-image-frame-none\" data-toolset-blocks-image=\"d3b959ba955ecc633d72881434d5b13f\"><a href=\"https:\/\/wpml.org\/wp-content\/uploads\/2025\/07\/wpml-top-languages.png\"><img decoding=\"async\" width=\"1024\" height=\"576\" loading=\"lazy\" src=\"https:\/\/wpml.org\/wp-content\/uploads\/2025\/07\/wpml-top-languages-1024x576.png\" alt=\"\" class=\"wp-image-17275416\" srcset=\"https:\/\/wpml.org\/wp-content\/uploads\/2025\/07\/wpml-top-languages-1024x576.png 1024w, https:\/\/wpml.org\/wp-content\/uploads\/2025\/07\/wpml-top-languages-300x169.png 300w, https:\/\/wpml.org\/wp-content\/uploads\/2025\/07\/wpml-top-languages-150x84.png 150w, https:\/\/wpml.org\/wp-content\/uploads\/2025\/07\/wpml-top-languages-768x432.png 768w, https:\/\/wpml.org\/wp-content\/uploads\/2025\/07\/wpml-top-languages-1536x864.png 1536w, https:\/\/wpml.org\/wp-content\/uploads\/2025\/07\/wpml-top-languages.png 1920w\" sizes=\"auto, (max-width: 1024px) 100vw, 1024px\" \/><\/a><figcaption><div class=\"tb-image-caption\">Principales idiomas a los que traduce WPML<\/div><\/figcaption><\/figure>\n\n\n\n<p class=\"tb-heading has-text-color\" data-toolset-blocks-heading=\"98289a89e96ca858c0fcdf8fa716a3f5\" data-last-update=\"1.4\"><\/p>\n<\/div>\n<\/details>\n<\/div>\n\n\n\n<div class=\"wp-block-toolset-blocks-container tb-container\" data-toolset-blocks-container=\"40d6b7d75c97be28d62acd5aaafad645\">\n<details class=\"wp-block-details has-dark-gray-color has-text-color is-layout-flow wp-block-details-is-layout-flow\"><summary><strong>\u00bfEs Microsoft Translator la mejor opci\u00f3n para traducciones de alta calidad y conscientes del contexto?<\/strong><\/summary>\n<div class=\"wp-block-toolset-blocks-container tb-container\" data-toolset-blocks-container=\"b55b9e366429f8319ddee947984288b0\">\n<p class=\"tb-heading\" data-toolset-blocks-heading=\"9a15efaa54afc32df94f0ea0e933ff27\" data-last-update=\"1.4\">Microsoft Translator ofrece una calidad de traducci\u00f3n s\u00f3lida a un coste muy bajo. Es una excelente opci\u00f3n si est\u00e1s traduciendo grandes cantidades de contenido o trabajando con muchos idiomas. <br\/><br\/>Sin embargo, si est\u00e1s priorizando:<br\/>&#8211; Traducciones m\u00e1s <strong>precisas<\/strong> para contenido complejo o de marketing<br\/>&#8211; Resultados <strong>conscientes del contexto<\/strong> impulsados por IA<br\/>&#8211; Un <strong>tono y fluidez m\u00e1s naturales<\/strong> en tus traducciones<br\/><br\/>&#8230;puede que desee explorar otras opciones disponibles en WPML, como <a href=\"https:\/\/wpml.org\/es\/documentation-2\/traduccion-automatica-para-contenido-de-wordpress-con-wpml\/\">Private Translation Cloud (PTC)<\/a>, nuestro motor de traducci\u00f3n m\u00e1s avanzado. PTC est\u00e1 dise\u00f1ado para proporcionar resultados de mayor calidad aprovechando los Modelos de Lenguaje de Gran Tama\u00f1o (LLM) para una mejor comprensi\u00f3n del contenido. <br\/><\/p>\n<\/div>\n<\/details>\n<\/div>\n<\/div>\n\n<h2 class=\"wp-block-heading\" id=\"get-started\">\u00bfListo para traducir con Microsoft Translator y WPML?<\/h2>\n\n<p>Ya sea que priorice el coste o la calidad de la traducci\u00f3n, WPML facilita el inicio.<\/p>\n\n<ul class=\"wp-block-list\">\n<li><a href=\"https:\/\/wpml.org\/es\/purchase\/\">Obtener WPML<\/a><\/li>\n\n\n\n<li>Compare los motores de traducci\u00f3n disponibles: <a href=\"https:\/\/ptc.wpml.org\/about\" target=\"_blank\" rel=\"noreferrer noopener\">PTC<\/a>, <a href=\"https:\/\/wpml.org\/es\/documentation-2\/traduccion-automatica-para-contenido-de-wordpress-con-wpml\/como-traducir-su-sitio-wordpress-con-deepl\/\">DeepL<\/a> y <a href=\"https:\/\/wpml.org\/es\/documentation-2\/traduccion-automatica-para-contenido-de-wordpress-con-wpml\/como-utilizar-google-translate-en-wordpress-tutorial-completo\/\">Google Translate<\/a><\/li>\n\n\n\n<li><a href=\"https:\/\/wpml.org\/es\/pagina-principal\/contactarnos\/\">Pregunta a nuestro equipo<\/a> cualquier cosa antes de empezar<\/li>\n<\/ul>\n\n<p class=\"alert alert-info\">WPML ayuda a miles de usuarios de WordPress a traducir miles de millones de palabras cada a\u00f1o, ya sea con Azure, PTC u otros motores integrados. Empiece a traducir su sitio hoy mismo, con la configuraci\u00f3n que mejor se adapte a sus necesidades. <\/p>\n","protected":false},"excerpt":{"rendered":"<p>Traduzca autom\u00e1ticamente su sitio de WordPress con Microsoft Translator y WPML. Acceda a m\u00e1s de 130 idiomas a algunos de los costes de traducci\u00f3n m\u00e1s bajos disponibles actualmente. \u00bfQu\u00e9 es Microsoft Translator? Microsoft Translator (tambi\u00e9n conocido como Azure Translator) es uno de los motores de traducci\u00f3n autom\u00e1tica m\u00e1s rentables disponibles en WPML. Con Microsoft Translator, [&hellip;]<\/p>\n","protected":false},"author":578773,"featured_media":15217913,"parent":4844549,"menu_order":79,"comment_status":"closed","ping_status":"closed","template":"template-sidebar-2.php","meta":{"_bbp_topic_count":0,"_bbp_reply_count":0,"_bbp_total_topic_count":0,"_bbp_total_reply_count":0,"_bbp_voice_count":0,"_bbp_anonymous_reply_count":0,"_bbp_topic_count_hidden":0,"_bbp_reply_count_hidden":0,"_bbp_forum_subforum_count":0,"_uag_custom_page_level_css":"","ep_exclude_from_search":false,"footnotes":""},"related-projects-category":[],"class_list":["post-17014923","page","type-page","status-publish","has-post-thumbnail","hentry"],"spectra_custom_meta":{"_subscription_coupon_product_id":["0"],"_wpv_contains_gutenberg_views":[""],"_alp_processed":["1776685418"],"wpcf-unformatted-code":[""],"_wpml_media_duplicate":["1"],"_wpml_media_featured":["1"],"toolset_post_editor_mode":["block"],"wpcf-price-increase-show-from":[""],"wpcf-price-increase-show-till":[""],"_wp_page_template":["template-sidebar-2.php"],"_last_translation_edit_mode":["translation-editor"],"_wpml_word_count":["1171"],"_thumbnail_id":["15217913"],"_yoast_wpseo_metadesc":["Traduzca autom\u00e1ticamente su sitio de WordPress con Microsoft Translator y WPML. Acceda a m\u00e1s de 130 idiomas a costes de traducci\u00f3n asequibles."],"_yoast_wpseo_focuskw":["microsoft translator"],"_uag_page_assets":["a:9:{s:3:\"css\";s:260:\".uag-blocks-common-selector{z-index:var(--z-index-desktop) !important}@media(max-width: 976px){.uag-blocks-common-selector{z-index:var(--z-index-tablet) !important}}@media(max-width: 767px){.uag-blocks-common-selector{z-index:var(--z-index-mobile) !important}}\";s:2:\"js\";s:0:\"\";s:18:\"current_block_list\";a:9:{i:0;s:14:\"core\/paragraph\";i:1;s:12:\"core\/heading\";i:2;s:9:\"core\/list\";i:3;s:14:\"core\/list-item\";i:4;s:20:\"toolset-blocks\/image\";i:5;s:24:\"toolset-blocks\/container\";i:7;s:12:\"core\/details\";i:9;s:22:\"toolset-blocks\/heading\";i:10;s:14:\"core\/shortcode\";}s:8:\"uag_flag\";b:0;s:11:\"uag_version\";s:10:\"1778095883\";s:6:\"gfonts\";a:0:{}s:10:\"gfonts_url\";s:0:\"\";s:12:\"gfonts_files\";a:0:{}s:14:\"uag_faq_layout\";b:0;}"],"_uag_css_file_name":["uag-css-17014923.css"]},"uagb_featured_image_src":{"full":["https:\/\/wpml.org\/wp-content\/uploads\/2024\/01\/Slide-16_9-1-1-5.png",1920,1080,false],"thumbnail":["https:\/\/wpml.org\/wp-content\/uploads\/2024\/01\/Slide-16_9-1-1-5-150x84.png",150,84,true],"medium":["https:\/\/wpml.org\/wp-content\/uploads\/2024\/01\/Slide-16_9-1-1-5-300x169.png",300,169,true],"medium_large":["https:\/\/wpml.org\/wp-content\/uploads\/2024\/01\/Slide-16_9-1-1-5-768x432.png",768,432,true],"large":["https:\/\/wpml.org\/wp-content\/uploads\/2024\/01\/Slide-16_9-1-1-5-1024x576.png",1024,576,true],"1536x1536":["https:\/\/wpml.org\/wp-content\/uploads\/2024\/01\/Slide-16_9-1-1-5-1536x864.png",1536,864,true],"2048x2048":["https:\/\/wpml.org\/wp-content\/uploads\/2024\/01\/Slide-16_9-1-1-5.png",1920,1080,false],"gform-image-choice-sm":["https:\/\/wpml.org\/wp-content\/uploads\/2024\/01\/Slide-16_9-1-1-5.png",300,169,false],"gform-image-choice-md":["https:\/\/wpml.org\/wp-content\/uploads\/2024\/01\/Slide-16_9-1-1-5.png",400,225,false],"gform-image-choice-lg":["https:\/\/wpml.org\/wp-content\/uploads\/2024\/01\/Slide-16_9-1-1-5.png",600,338,false],"woocommerce_thumbnail":["https:\/\/wpml.org\/wp-content\/uploads\/2024\/01\/Slide-16_9-1-1-5-150x150.png",150,150,true],"woocommerce_single":["https:\/\/wpml.org\/wp-content\/uploads\/2024\/01\/Slide-16_9-1-1-5-300x169.png",300,169,true],"woocommerce_gallery_thumbnail":["https:\/\/wpml.org\/wp-content\/uploads\/2024\/01\/Slide-16_9-1-1-5-100x100.png",100,100,true]},"uagb_author_info":{"display_name":"Tomer Helzer","author_link":"https:\/\/wpml.org\/es\/author\/tomer-h\/"},"uagb_comment_info":0,"uagb_excerpt":"Traduzca autom\u00e1ticamente su sitio de WordPress con Microsoft Translator y WPML. Acceda a m\u00e1s de 130 idiomas a algunos de los costes de traducci\u00f3n m\u00e1s bajos disponibles actualmente. \u00bfQu\u00e9 es Microsoft Translator? Microsoft Translator (tambi\u00e9n conocido como Azure Translator) es uno de los motores de traducci\u00f3n autom\u00e1tica m\u00e1s rentables disponibles en WPML. Con Microsoft Translator,&hellip;","_links":{"self":[{"href":"https:\/\/wpml.org\/es\/wp-json\/wp\/v2\/pages\/17014923","targetHints":{"allow":["GET"]}}],"collection":[{"href":"https:\/\/wpml.org\/es\/wp-json\/wp\/v2\/pages"}],"about":[{"href":"https:\/\/wpml.org\/es\/wp-json\/wp\/v2\/types\/page"}],"author":[{"embeddable":true,"href":"https:\/\/wpml.org\/es\/wp-json\/wp\/v2\/users\/578773"}],"replies":[{"embeddable":true,"href":"https:\/\/wpml.org\/es\/wp-json\/wp\/v2\/comments?post=17014923"}],"version-history":[{"count":8,"href":"https:\/\/wpml.org\/es\/wp-json\/wp\/v2\/pages\/17014923\/revisions"}],"predecessor-version":[{"id":17980665,"href":"https:\/\/wpml.org\/es\/wp-json\/wp\/v2\/pages\/17014923\/revisions\/17980665"}],"up":[{"embeddable":true,"href":"https:\/\/wpml.org\/es\/wp-json\/wp\/v2\/pages\/4844549"}],"wp:featuredmedia":[{"embeddable":true,"href":"https:\/\/wpml.org\/es\/wp-json\/wp\/v2\/media\/15217913"}],"wp:attachment":[{"href":"https:\/\/wpml.org\/es\/wp-json\/wp\/v2\/media?parent=17014923"}],"wp:term":[{"taxonomy":"related-projects-category","embeddable":true,"href":"https:\/\/wpml.org\/es\/wp-json\/wp\/v2\/related-projects-category?post=17014923"}],"curies":[{"name":"wp","href":"https:\/\/api.w.org\/{rel}","templated":true}]}}