{"id":17014926,"date":"2022-09-26T17:56:55","date_gmt":"2022-09-26T17:56:55","guid":{"rendered":"https:\/\/wpml.org\/documentation-2\/traduccion-automatica-para-contenido-de-wordpress-con-wpml\/como-traducir-su-sitio-wordpress-con-deepl\/"},"modified":"2026-02-26T07:17:19","modified_gmt":"2026-02-26T07:17:19","slug":"como-traducir-su-sitio-wordpress-con-deepl","status":"publish","type":"page","link":"https:\/\/wpml.org\/es\/documentation-2\/traduccion-automatica-para-contenido-de-wordpress-con-wpml\/como-traducir-su-sitio-wordpress-con-deepl\/","title":{"rendered":"C\u00f3mo traducir su sitio de WordPress con DeepL"},"content":{"rendered":"\n<p class=\"lead\">Aprenda a traducir autom\u00e1ticamente su sitio web de WordPress a m\u00e1s idiomas con DeepL y WPML.<\/p>\n\n<div class=\"tb-fields-and-text\" data-toolset-blocks-fields-and-text=\"3c3b6da774357482b62973e19972f612\"><p><img decoding=\"async\" class=\"size-full wp-image-15646162 aligncenter\" src=\"https:\/\/wpml.org\/wp-content\/uploads\/2024\/05\/Banner-DeepL1-min.png\" alt=\"\" width=\"1400\" height=\"540\" srcset=\"https:\/\/wpml.org\/wp-content\/uploads\/2024\/05\/Banner-DeepL1-min.png 1400w, https:\/\/wpml.org\/wp-content\/uploads\/2024\/05\/Banner-DeepL1-min-300x116.png 300w, https:\/\/wpml.org\/wp-content\/uploads\/2024\/05\/Banner-DeepL1-min-1024x395.png 1024w, https:\/\/wpml.org\/wp-content\/uploads\/2024\/05\/Banner-DeepL1-min-150x58.png 150w, https:\/\/wpml.org\/wp-content\/uploads\/2024\/05\/Banner-DeepL1-min-768x296.png 768w\" sizes=\"(max-width: 1400px) 100vw, 1400px\" \/><\/p><\/div>\n\n<h2 class=\"wp-block-heading\" id=\"why-translate-with-wpml\">\u00bfPor qu\u00e9 traducir con DeepL y WPML?<\/h2>\n\n<p>DeepL es uno de los mejores motores de traducci\u00f3n autom\u00e1tica disponibles hoy en d\u00eda. Es compatible con m\u00e1s de 30 idiomas, puede generar traducciones con calidad de nativo y es el motor de traducci\u00f3n preferido entre los clientes de WPML. Solo en 2025, WPML tradujo m\u00e1s de <strong>13.000 millones de palabras<\/strong> con DeepL.  <\/p>\n\n<p>Al traducir con WPML, obtiene acceso completo a DeepL, adem\u00e1s de funciones exclusivas de WPML:<\/p>\n\n<div class=\"wp-block-toolset-blocks-grid tb-grid\" data-toolset-blocks-grid=\"e55248a839e80904b4f3d4995ba20b04\">\n<div class=\"wp-block-toolset-blocks-grid-column tb-grid-column tb-grid-align-top\" data-toolset-blocks-grid-column=\"3034fbe886c11054e95b46b09d3e4112\">\n<div class=\"wp-block-toolset-blocks-container tb-container\" data-toolset-blocks-container=\"dcc94753058845e5dfc3bb51fd001fd7\"><\/div>\n\n\n\n<p class=\"tb-heading\" data-toolset-blocks-heading=\"6eee2a0222dd86c811e3129fc3ca4915\" data-last-update=\"1.4\">Integraci\u00f3n directa<\/p>\n\n\n\n<p class=\"tb-heading has-text-color\" data-toolset-blocks-heading=\"8f22bb68207bdb49cdf90c813ccae5c6\" data-last-update=\"1.4\">Acceda a DeepL directamente desde el administrador de WordPress<\/p>\n<\/div>\n\n\n\n<div class=\"wp-block-toolset-blocks-grid-column tb-grid-column tb-grid-align-top\" data-toolset-blocks-grid-column=\"3034fbe886c11054e95b46b09d3e4112\">\n<div class=\"wp-block-toolset-blocks-container tb-container\" data-toolset-blocks-container=\"9ee1b84d5ec856faa07d399d1ab08f07\"><\/div>\n\n\n\n<p class=\"tb-heading\" data-toolset-blocks-heading=\"6eee2a0222dd86c811e3129fc3ca4915\" data-last-update=\"1.4\">Idiomas ilimitados<\/p>\n\n\n\n<p class=\"tb-heading has-text-color\" data-toolset-blocks-heading=\"8f22bb68207bdb49cdf90c813ccae5c6\" data-last-update=\"1.4\">Traduzca a tantos idiomas como desee<\/p>\n<\/div>\n\n\n\n<div class=\"wp-block-toolset-blocks-grid-column tb-grid-column tb-grid-align-top\" data-toolset-blocks-grid-column=\"3034fbe886c11054e95b46b09d3e4112\">\n<div class=\"wp-block-toolset-blocks-container tb-container\" data-toolset-blocks-container=\"70d5a5d61dcac229fe1d29ce8e00a0da\"><\/div>\n\n\n\n<p class=\"tb-heading\" data-toolset-blocks-heading=\"6eee2a0222dd86c811e3129fc3ca4915\" data-last-update=\"1.4\">Traducciones de calidad nativa<\/p>\n\n\n\n<p class=\"tb-heading has-text-color\" data-toolset-blocks-heading=\"8f22bb68207bdb49cdf90c813ccae5c6\" data-last-update=\"1.4\">Utilice las redes neuronales de IA de DeepL para generar traducciones<\/p>\n<\/div>\n\n\n\n<div class=\"wp-block-toolset-blocks-grid-column tb-grid-column tb-grid-align-top\" data-toolset-blocks-grid-column=\"3034fbe886c11054e95b46b09d3e4112\">\n<div class=\"wp-block-toolset-blocks-container tb-container\" data-toolset-blocks-container=\"21d23713a4ae77ce3721867dd0a95049\"><\/div>\n\n\n\n<p class=\"tb-heading\" data-toolset-blocks-heading=\"6eee2a0222dd86c811e3129fc3ca4915\" data-last-update=\"1.4\">Controle la formalidad<\/p>\n\n\n\n<p class=\"tb-heading has-text-color\" data-toolset-blocks-heading=\"8f22bb68207bdb49cdf90c813ccae5c6\" data-last-update=\"1.4\">Genere traducciones que se ajusten a las normas y preferencias locales<\/p>\n<\/div>\n\n\n\n<div class=\"wp-block-toolset-blocks-grid-column tb-grid-column tb-grid-align-top\" data-toolset-blocks-grid-column=\"3034fbe886c11054e95b46b09d3e4112\">\n<div class=\"wp-block-toolset-blocks-container tb-container\" data-toolset-blocks-container=\"e58b790335eff4ad6511098b15931f21\"><\/div>\n\n\n\n<p class=\"tb-heading\" data-toolset-blocks-heading=\"6eee2a0222dd86c811e3129fc3ca4915\" data-last-update=\"1.4\">Traducci\u00f3n autom\u00e1tica gratuita<\/p>\n\n\n\n<p class=\"tb-heading has-text-color\" data-toolset-blocks-heading=\"8f22bb68207bdb49cdf90c813ccae5c6\" data-last-update=\"1.4\">Traduzca autom\u00e1ticamente su sitio a 2-3 idiomas de forma gratuita<\/p>\n<\/div>\n\n\n\n<div class=\"wp-block-toolset-blocks-grid-column tb-grid-column tb-grid-align-top\" data-toolset-blocks-grid-column=\"3034fbe886c11054e95b46b09d3e4112\">\n<div class=\"wp-block-toolset-blocks-container tb-container\" data-toolset-blocks-container=\"b3040d3d13da2364a055f805b1b14f99\"><\/div>\n\n\n\n<p class=\"tb-heading\" data-toolset-blocks-heading=\"6eee2a0222dd86c811e3129fc3ca4915\" data-last-update=\"1.4\">Optimizaci\u00f3n para SEO<\/p>\n\n\n\n<p class=\"tb-heading has-text-color\" data-toolset-blocks-heading=\"8f22bb68207bdb49cdf90c813ccae5c6\" data-last-update=\"1.4\">Traduzca URL y metadatos, y establezca autom\u00e1ticamente las etiquetas hreflang<\/p>\n<\/div>\n<\/div>\n\n<h2 class=\"wp-block-heading\" id=\"translate-with-deepl-and-wpml\">C\u00f3mo traducir su sitio web de WordPress con DeepL y WPML <\/h2>\n\n<p>Traducir su sitio web de WordPress con DeepL y WPML solo lleva unos minutos. As\u00ed es como funciona el proceso.  <\/p>\n\n<h3 class=\"wp-block-heading\" id=\"select-your-languages\">1. Seleccione sus idiomas <\/h3>\n\n<p>Con WPML, puede a\u00f1adir un n\u00famero ilimitado de idiomas a su sitio web. <\/p>\n\n<p>Esto incluye los m\u00e1s de 30 idiomas disponibles de DeepL, adem\u00e1s de cualquier otro idioma compatible con los motores de traducci\u00f3n alternativos de WPML: <a href=\"https:\/\/wpml.org\/es\/documentation-2\/traduccion-automatica-para-contenido-de-wordpress-con-wpml\/como-utilizar-google-translate-en-wordpress-tutorial-completo\/\">Google Translate<\/a>, <a href=\"https:\/\/wpml.org\/es\/documentation-2\/traduccion-automatica-para-contenido-de-wordpress-con-wpml\/traduzca-su-sitio-wordpress-con-microsoft-translator\/\">Microsoft Translator<\/a> y <a href=\"https:\/\/wpml.org\/es\/documentation-2\/traduccion-automatica-para-contenido-de-wordpress-con-wpml\/\">PTC<\/a>.<\/p>\n\n<p>Para a\u00f1adir idiomas, simplemente seleccione tantos como quiera durante el asistente de configuraci\u00f3n de WPML. <\/p>\n<div class=\"wp-block-image\">\n<figure class=\" tb-image tb-image-dynamic tb-image-frame-none aligncenter\" data-toolset-blocks-image=\"314060fb176e3e5d1ae66ae03cd0105e\"><a href=\"https:\/\/wpml.org\/wp-content\/uploads\/2024\/07\/WPML-setup.png\"><img decoding=\"async\" width=\"1024\" height=\"674\" loading=\"lazy\" src=\"https:\/\/wpml.org\/wp-content\/uploads\/2024\/07\/WPML-setup-1024x674.png\" alt=\"WPML setup wizard\" class=\"wp-image-15988521\" srcset=\"https:\/\/wpml.org\/wp-content\/uploads\/2024\/07\/WPML-setup-1024x674.png 1024w, https:\/\/wpml.org\/wp-content\/uploads\/2024\/07\/WPML-setup-300x198.png 300w, https:\/\/wpml.org\/wp-content\/uploads\/2024\/07\/WPML-setup-150x99.png 150w, https:\/\/wpml.org\/wp-content\/uploads\/2024\/07\/WPML-setup-768x506.png 768w, https:\/\/wpml.org\/wp-content\/uploads\/2024\/07\/WPML-setup-1536x1011.png 1536w, https:\/\/wpml.org\/wp-content\/uploads\/2024\/07\/WPML-setup.png 1909w\" sizes=\"auto, (max-width: 1024px) 100vw, 1024px\" \/><\/a><figcaption><div class=\"tb-image-caption\">Selecci\u00f3n de idiomas en el asistente de configuraci\u00f3n de WPML<\/div><\/figcaption><\/figure>\n<\/div>\n<h3 class=\"wp-block-heading\" id=\"select-deepl\">2. Seleccione DeepL como su motor de traducci\u00f3n<\/h3>\n\n<p>Para usar DeepL con WPML, vaya a <strong>WPML \u2192 Ajustes<\/strong> y localice la secci\u00f3n <strong>Traducci\u00f3n autom\u00e1tica<\/strong>. Haga clic en <strong>Motor diferente<\/strong> y, a continuaci\u00f3n, arrastre DeepL a la parte superior de la lista. <\/p>\n\n<figure class=\"wp-block-image tb-image tb-image-dynamic tb-image-frame-none\" data-toolset-blocks-image=\"997490d397df3d1a2dfa148b42c66ba4\"><img decoding=\"async\" width=\"1024\" height=\"545\" loading=\"lazy\" src=\"https:\/\/wpml.org\/wp-content\/uploads\/2026\/02\/wpml-settings-making-deepl-default-engine-1024x545.png\" alt=\"DeepL translation engine in WPML Settinga\" class=\"wp-image-17832732\" srcset=\"https:\/\/wpml.org\/wp-content\/uploads\/2026\/02\/wpml-settings-making-deepl-default-engine-1024x545.png 1024w, https:\/\/wpml.org\/wp-content\/uploads\/2026\/02\/wpml-settings-making-deepl-default-engine-300x160.png 300w, https:\/\/wpml.org\/wp-content\/uploads\/2026\/02\/wpml-settings-making-deepl-default-engine-150x80.png 150w, https:\/\/wpml.org\/wp-content\/uploads\/2026\/02\/wpml-settings-making-deepl-default-engine-768x409.png 768w, https:\/\/wpml.org\/wp-content\/uploads\/2026\/02\/wpml-settings-making-deepl-default-engine-1536x817.png 1536w, https:\/\/wpml.org\/wp-content\/uploads\/2026\/02\/wpml-settings-making-deepl-default-engine-2048x1090.png 2048w\" sizes=\"auto, (max-width: 1024px) 100vw, 1024px\" \/><figcaption><div class=\"tb-image-caption\">Establecer DeepL como motor predeterminado en los ajustes de WPML<\/div><\/figcaption><\/figure>\n\n<p>De forma predeterminada, WPML establece autom\u00e1ticamente el nivel de formalidad para cada idioma seg\u00fan las preferencias culturales. Para ajustarlo, haga clic en el enlace <strong>Editar formalidad<\/strong> junto a DeepL y elija la configuraci\u00f3n que prefiera para cada idioma. <\/p>\n\n<p>Cuando termine, haga clic en <strong>Guardar ajustes<\/strong>. A partir de ahora, WPML usar\u00e1 DeepL para traducir su contenido. <\/p>\n\n<h3 class=\"wp-block-heading\" id=\"send-content-for-translation\">3. Enviar contenido para traducci\u00f3n<\/h3>\n\n<p>Con WPML, puede traducir todo el contenido de su sitio web. Esto incluye p\u00e1ginas, entradas, entradas personalizadas, productos y mucho m\u00e1s.  <\/p>\n\n<p>Para traducir contenido con DeepL:<\/p>\n\n<ol class=\"wp-block-list\">\n<li>Vaya a <strong>WPML<\/strong> \u2192 <strong>panel de control de traducci\u00f3n<\/strong>.<\/li>\n\n\n\n<li>Seleccione el contenido que desea traducir.<\/li>\n\n\n\n<li>Seleccione <strong>Traducir autom\u00e1ticamente<\/strong> y haga clic en <strong>Traducir<\/strong>.<\/li>\n<\/ol>\n<div class=\"wp-block-image\">\n<figure class=\" tb-image tb-image-dynamic tb-image-frame-none aligncenter\" data-toolset-blocks-image=\"5a3ec6f63ac8322456c6ebf56ee4be9c\"><a href=\"https:\/\/wpml.org\/wp-content\/uploads\/2026\/02\/Selecting-to-translate-homepage.png\"><img decoding=\"async\" width=\"1024\" height=\"601\" loading=\"lazy\" src=\"https:\/\/wpml.org\/wp-content\/uploads\/2026\/02\/Selecting-to-translate-homepage-1024x601.png\" alt=\"Selecting to translate homepage\" class=\"wp-image-17792289\" srcset=\"https:\/\/wpml.org\/wp-content\/uploads\/2026\/02\/Selecting-to-translate-homepage-1024x601.png 1024w, https:\/\/wpml.org\/wp-content\/uploads\/2026\/02\/Selecting-to-translate-homepage-300x176.png 300w, https:\/\/wpml.org\/wp-content\/uploads\/2026\/02\/Selecting-to-translate-homepage-150x88.png 150w, https:\/\/wpml.org\/wp-content\/uploads\/2026\/02\/Selecting-to-translate-homepage-768x451.png 768w, https:\/\/wpml.org\/wp-content\/uploads\/2026\/02\/Selecting-to-translate-homepage-1536x901.png 1536w, https:\/\/wpml.org\/wp-content\/uploads\/2026\/02\/Selecting-to-translate-homepage.png 1600w\" sizes=\"auto, (max-width: 1024px) 100vw, 1024px\" \/><\/a><figcaption><div class=\"tb-image-caption\">Selecci\u00f3n para traducir la p\u00e1gina de inicio<\/div><\/figcaption><\/figure>\n<\/div>\n<h3 class=\"wp-block-heading\" id=\"review-translations\">4. Revise sus traducciones<\/h3>\n\n<p>Una vez que DeepL termine de traducir su contenido, puede revisar sus traducciones autom\u00e1ticas con el editor del front-end de WPML. <\/p>\n\n<p>Si las traducciones se ven bien, puede publicarlas en su sitio. <\/p>\n\n<figure class=\"wp-block-image tb-image tb-image-dynamic tb-image-frame-none\" data-toolset-blocks-image=\"16826df9a930cfa08316459b8861dee1\"><a href=\"https:\/\/wpml.org\/wp-content\/uploads\/2024\/05\/Reviewing-translations-in-WPML.png\" data-lightbox=\"Reviewing-translations-in-WPML.png\"><img decoding=\"async\" width=\"1100\" height=\"671\" loading=\"lazy\" src=\"https:\/\/wpml.org\/wp-content\/uploads\/2024\/05\/Reviewing-translations-in-WPML.png\" alt=\"\" class=\"wp-image-15627915\" srcset=\"https:\/\/wpml.org\/wp-content\/uploads\/2024\/05\/Reviewing-translations-in-WPML.png 1100w, https:\/\/wpml.org\/wp-content\/uploads\/2024\/05\/Reviewing-translations-in-WPML-300x183.png 300w, https:\/\/wpml.org\/wp-content\/uploads\/2024\/05\/Reviewing-translations-in-WPML-1024x625.png 1024w, https:\/\/wpml.org\/wp-content\/uploads\/2024\/05\/Reviewing-translations-in-WPML-150x92.png 150w, https:\/\/wpml.org\/wp-content\/uploads\/2024\/05\/Reviewing-translations-in-WPML-768x468.png 768w\" sizes=\"auto, (max-width: 1100px) 100vw, 1100px\" \/><\/a><figcaption><div class=\"tb-image-caption\">Revisi\u00f3n de traducciones en WPML<\/div><\/figcaption><\/figure>\n\n<p>Si desea hacer cambios, puede editar las traducciones con el <a href=\"https:\/\/wpml.org\/es\/documentation-2\/traducir-los-contenidos\/editor-de-traduccion-avanzado\/\">Editor de traducci\u00f3n avanzado<\/a>. <\/p>\n<div class=\"wp-block-image\">\n<figure class=\" tb-image tb-image-dynamic tb-image-frame-none aligncenter\" data-toolset-blocks-image=\"32b2c0030b6aad27689b3cc1f4cbcca2\"><a href=\"https:\/\/wpml.org\/wp-content\/uploads\/2024\/07\/Editing-homepage-in-Advanced-Translation-Editor.png\"><img decoding=\"async\" width=\"1024\" height=\"687\" loading=\"lazy\" src=\"https:\/\/wpml.org\/wp-content\/uploads\/2024\/07\/Editing-homepage-in-Advanced-Translation-Editor-1024x687.png\" alt=\"Editing homepage in Advanced Translation Editor\" class=\"wp-image-15988662\" srcset=\"https:\/\/wpml.org\/wp-content\/uploads\/2024\/07\/Editing-homepage-in-Advanced-Translation-Editor-1024x687.png 1024w, https:\/\/wpml.org\/wp-content\/uploads\/2024\/07\/Editing-homepage-in-Advanced-Translation-Editor-300x201.png 300w, https:\/\/wpml.org\/wp-content\/uploads\/2024\/07\/Editing-homepage-in-Advanced-Translation-Editor-150x101.png 150w, https:\/\/wpml.org\/wp-content\/uploads\/2024\/07\/Editing-homepage-in-Advanced-Translation-Editor-768x515.png 768w, https:\/\/wpml.org\/wp-content\/uploads\/2024\/07\/Editing-homepage-in-Advanced-Translation-Editor-1536x1030.png 1536w, https:\/\/wpml.org\/wp-content\/uploads\/2024\/07\/Editing-homepage-in-Advanced-Translation-Editor.png 1870w\" sizes=\"auto, (max-width: 1024px) 100vw, 1024px\" \/><\/a><figcaption><div class=\"tb-image-caption\">Edici\u00f3n de la p\u00e1gina de inicio en el Editor de traducci\u00f3n avanzado<\/div><\/figcaption><\/figure>\n<\/div>\n<p>Si tiene poco tiempo o simplemente prefiere que un traductor profesional revise su contenido, tambi\u00e9n puede <a href=\"https:\/\/wpml.org\/documentation\/support\/wpml-admin-capabilities\/\">invitar a otros usuarios<\/a> a revisar las traducciones en su sitio.<\/p>\n\n<p>Para mantener su sitio seguro, los revisores solo pueden editar el contenido espec\u00edfico que les env\u00ede. <\/p>\n\n<h2 class=\"wp-block-heading\" id=\"deepl-wpml-cost\">\u00bfCu\u00e1nto cuestan DeepL y WPML?<\/h2>\n\n<p>Traducir con DeepL y WPML cuesta alrededor de $0.0015 por palabra. Sin embargo, al comprar WPML, las primeras 45.000 palabras son gratis. Esto es suficiente para traducir un sitio web de tama\u00f1o medio a 2-3 idiomas sin coste adicional.  <\/p>\n\n<p>Para obtener m\u00e1s informaci\u00f3n, visite nuestra <a href=\"https:\/\/wpml.org\/es\/documentation-2\/traduccion-automatica-para-contenido-de-wordpress-con-wpml\/precios-del-servicio-de-traduccion-automatica\/\">tarificaci\u00f3n de traducci\u00f3n autom\u00e1tica<\/a>.<\/p>\n\n<h2 class=\"wp-block-heading\" id=\"get-started\">Empiece con DeepL &amp; WPML<\/h2>\n\n<p class=\"lead\">Para traducir con DeepL y WPML, necesita el plan Multilingual CMS o Multilingual Agency de WPML. Para comparar los planes, visite nuestra <a href=\"https:\/\/wpml.org\/es\/purchase\/\">p\u00e1gina de precios<\/a>. <\/p>\n","protected":false},"excerpt":{"rendered":"<p>Aprenda a traducir autom\u00e1ticamente su sitio web de WordPress a m\u00e1s idiomas con DeepL y WPML. \u00bfPor qu\u00e9 traducir con DeepL y WPML? DeepL es uno de los mejores motores de traducci\u00f3n autom\u00e1tica disponibles hoy en d\u00eda. Es compatible con m\u00e1s de 30 idiomas, puede generar traducciones con calidad de nativo y es el motor [&hellip;]<\/p>\n","protected":false},"author":578773,"featured_media":15217894,"parent":4844549,"menu_order":68,"comment_status":"closed","ping_status":"closed","template":"template-sidebar-2.php","meta":{"_bbp_topic_count":0,"_bbp_reply_count":0,"_bbp_total_topic_count":0,"_bbp_total_reply_count":0,"_bbp_voice_count":0,"_bbp_anonymous_reply_count":0,"_bbp_topic_count_hidden":0,"_bbp_reply_count_hidden":0,"_bbp_forum_subforum_count":0,"_uag_custom_page_level_css":"","ep_exclude_from_search":false,"footnotes":""},"related-projects-category":[],"class_list":["post-17014926","page","type-page","status-publish","has-post-thumbnail","hentry"],"spectra_custom_meta":{"_subscription_coupon_product_id":["0"],"_wpv_contains_gutenberg_views":[""],"_alp_processed":["1772090240"],"wpcf-unformatted-code":[""],"_wpml_media_duplicate":["1"],"_wpml_media_featured":["1"],"toolset_post_editor_mode":["block"],"wpcf-price-increase-show-from":[""],"wpcf-price-increase-show-till":[""],"_wp_page_template":["template-sidebar-2.php"],"_last_translation_edit_mode":["translation-editor"],"_wpml_word_count":["788"],"_thumbnail_id":["15217894"],"cmplz_hide_cookiebanner":[""],"wpcf-price-increase-content":[""],"wpcf-login-box-title":[""],"wpcf-page-content":[""],"_yoast_wpseo_primary_related-projects-category":[""],"_yoast_wpseo_title":["%%title%% %%page%%"],"_yoast_wpseo_metadesc":["Aprenda a traducir autom\u00e1ticamente su sitio web de WordPress a m\u00e1s idiomas con DeepL y WPML."],"_yoast_wpseo_focuskw":["deepl wordpress"],"_uag_css_file_name":["uag-css-17014926.css"],"_uag_page_assets":["a:9:{s:3:\"css\";s:0:\"\";s:2:\"js\";s:0:\"\";s:18:\"current_block_list\";a:11:{i:0;s:14:\"core\/paragraph\";i:1;s:30:\"toolset-blocks\/fields-and-text\";i:2;s:12:\"core\/heading\";i:3;s:19:\"toolset-blocks\/grid\";i:4;s:26:\"toolset-blocks\/grid-column\";i:5;s:24:\"toolset-blocks\/container\";i:6;s:22:\"toolset-blocks\/heading\";i:7;s:20:\"toolset-blocks\/image\";i:8;s:9:\"core\/list\";i:9;s:14:\"core\/list-item\";i:10;s:14:\"core\/shortcode\";}s:8:\"uag_flag\";b:0;s:11:\"uag_version\";s:10:\"1778896465\";s:6:\"gfonts\";a:0:{}s:10:\"gfonts_url\";s:0:\"\";s:12:\"gfonts_files\";a:0:{}s:14:\"uag_faq_layout\";b:0;}"]},"uagb_featured_image_src":{"full":["https:\/\/wpml.org\/wp-content\/uploads\/2024\/01\/Slide-16_9-1-1-4.png",1920,1080,false],"thumbnail":["https:\/\/wpml.org\/wp-content\/uploads\/2024\/01\/Slide-16_9-1-1-4-150x84.png",150,84,true],"medium":["https:\/\/wpml.org\/wp-content\/uploads\/2024\/01\/Slide-16_9-1-1-4-300x169.png",300,169,true],"medium_large":["https:\/\/wpml.org\/wp-content\/uploads\/2024\/01\/Slide-16_9-1-1-4-768x432.png",768,432,true],"large":["https:\/\/wpml.org\/wp-content\/uploads\/2024\/01\/Slide-16_9-1-1-4-1024x576.png",1024,576,true],"1536x1536":["https:\/\/wpml.org\/wp-content\/uploads\/2024\/01\/Slide-16_9-1-1-4-1536x864.png",1536,864,true],"2048x2048":["https:\/\/wpml.org\/wp-content\/uploads\/2024\/01\/Slide-16_9-1-1-4.png",1920,1080,false],"gform-image-choice-sm":["https:\/\/wpml.org\/wp-content\/uploads\/2024\/01\/Slide-16_9-1-1-4.png",300,169,false],"gform-image-choice-md":["https:\/\/wpml.org\/wp-content\/uploads\/2024\/01\/Slide-16_9-1-1-4.png",400,225,false],"gform-image-choice-lg":["https:\/\/wpml.org\/wp-content\/uploads\/2024\/01\/Slide-16_9-1-1-4.png",600,338,false],"woocommerce_thumbnail":["https:\/\/wpml.org\/wp-content\/uploads\/2024\/01\/Slide-16_9-1-1-4-150x150.png",150,150,true],"woocommerce_single":["https:\/\/wpml.org\/wp-content\/uploads\/2024\/01\/Slide-16_9-1-1-4-300x169.png",300,169,true],"woocommerce_gallery_thumbnail":["https:\/\/wpml.org\/wp-content\/uploads\/2024\/01\/Slide-16_9-1-1-4-100x100.png",100,100,true]},"uagb_author_info":{"display_name":"Tomer Helzer","author_link":"https:\/\/wpml.org\/es\/author\/tomer-h\/"},"uagb_comment_info":0,"uagb_excerpt":"Aprenda a traducir autom\u00e1ticamente su sitio web de WordPress a m\u00e1s idiomas con DeepL y WPML. \u00bfPor qu\u00e9 traducir con DeepL y WPML? DeepL es uno de los mejores motores de traducci\u00f3n autom\u00e1tica disponibles hoy en d\u00eda. Es compatible con m\u00e1s de 30 idiomas, puede generar traducciones con calidad de nativo y es el motor&hellip;","_links":{"self":[{"href":"https:\/\/wpml.org\/es\/wp-json\/wp\/v2\/pages\/17014926","targetHints":{"allow":["GET"]}}],"collection":[{"href":"https:\/\/wpml.org\/es\/wp-json\/wp\/v2\/pages"}],"about":[{"href":"https:\/\/wpml.org\/es\/wp-json\/wp\/v2\/types\/page"}],"author":[{"embeddable":true,"href":"https:\/\/wpml.org\/es\/wp-json\/wp\/v2\/users\/578773"}],"replies":[{"embeddable":true,"href":"https:\/\/wpml.org\/es\/wp-json\/wp\/v2\/comments?post=17014926"}],"version-history":[{"count":8,"href":"https:\/\/wpml.org\/es\/wp-json\/wp\/v2\/pages\/17014926\/revisions"}],"predecessor-version":[{"id":17853917,"href":"https:\/\/wpml.org\/es\/wp-json\/wp\/v2\/pages\/17014926\/revisions\/17853917"}],"up":[{"embeddable":true,"href":"https:\/\/wpml.org\/es\/wp-json\/wp\/v2\/pages\/4844549"}],"wp:featuredmedia":[{"embeddable":true,"href":"https:\/\/wpml.org\/es\/wp-json\/wp\/v2\/media\/15217894"}],"wp:attachment":[{"href":"https:\/\/wpml.org\/es\/wp-json\/wp\/v2\/media?parent=17014926"}],"wp:term":[{"taxonomy":"related-projects-category","embeddable":true,"href":"https:\/\/wpml.org\/es\/wp-json\/wp\/v2\/related-projects-category?post=17014926"}],"curies":[{"name":"wp","href":"https:\/\/api.w.org\/{rel}","templated":true}]}}