{"id":17060828,"date":"2025-05-21T09:22:20","date_gmt":"2025-05-21T09:22:20","guid":{"rendered":"https:\/\/wpml.org\/documentation-2\/guia-de-inicio\/los-sitios-web-multilingues-simples-rinden-mejor-consejos-probados-para-aumentar-su-trafico-global\/"},"modified":"2025-05-22T10:20:16","modified_gmt":"2025-05-22T10:20:16","slug":"los-sitios-web-multilingues-simples-rinden-mejor-consejos-probados-para-aumentar-su-trafico-global","status":"publish","type":"page","link":"https:\/\/wpml.org\/es\/documentation-2\/guia-de-inicio\/los-sitios-web-multilingues-simples-rinden-mejor-consejos-probados-para-aumentar-su-trafico-global\/","title":{"rendered":"Los sitios web multiling\u00fces simples rinden mejor: consejos probados para aumentar su tr\u00e1fico global"},"content":{"rendered":"\n<div class=\"wp-block-toolset-blocks-container tb-container\" data-toolset-blocks-container=\"533d08cc674037c70041fd3f7aae99e1\"><div class=\"tb-container-inner\">\n<p class=\"tb-heading has-text-color\" data-toolset-blocks-heading=\"0190bf5c0f5e682e6e1d8be7e6f401ac\" data-last-update=\"1.4\"><span><span><a href=\"https:\/\/wpml.org\/es\/pagina-principal\/\">Home<\/a><\/span><\/span><\/p>\n\n\n\n<h1 class=\"tb-heading has-text-color\" data-toolset-blocks-heading=\"6a873bf0b5ed2ed5795fdeb334d80d4f\" data-last-update=\"1.4\">Los sitios web multiling\u00fces simples rinden mejor: consejos probados para aumentar su tr\u00e1fico global<\/h1>\n\n\n\n<p class=\"lead\">Antes de comenzar a traducir con WPML, aprenda c\u00f3mo evitar los problemas de configuraci\u00f3n que ralentizan los nuevos sitios multiling\u00fces, y siga los pasos probados que otros utilizan para llegar a los visitantes globales m\u00e1s r\u00e1pidamente.<br\/><\/p>\n<\/div><\/div>\n\n<div class=\"wp-block-toolset-blocks-container tb-container\" data-toolset-blocks-container=\"55531053acb92725ea5ca762e946075c\"><div class=\"tb-container-inner\">\n<p class=\"has-text-align-center\" style=\"font-size:18px\">Seg\u00fan nuestra investigaci\u00f3n, <strong>el 70% de los usuarios de WPML que califican su configuraci\u00f3n como \u201cde bajo esfuerzo\u201d<\/strong> afirmaron que lanzaron m\u00e1s r\u00e1pido, tradujeron con mayor facilidad y observaron un aumento en el tr\u00e1fico internacional, todo en solo unas pocas semanas.<\/p>\n<\/div><\/div>\n\n<div class=\"wp-block-toolset-blocks-container tb-container\" data-toolset-blocks-container=\"1d78ba5354d2a5e924572201d79e6137\"><div class=\"tb-container-inner\">\n<div class=\"wp-block-toolset-blocks-grid tb-grid\" data-toolset-blocks-grid=\"bd81ac74c09c9e79b69862792e617d13\">\n<div class=\"wp-block-toolset-blocks-grid-column tb-grid-column tb-grid-align-top\" data-toolset-blocks-grid-column=\"e0c62ef28c440411136281632d5a8d63\">\n<figure class=\"wp-block-image tb-image tb-image-dynamic tb-image-frame-none\" data-toolset-blocks-image=\"2e65b0810e6f93b7d78e007039a01759\"><img decoding=\"async\" width=\"1152\" height=\"1536\" loading=\"lazy\" src=\"https:\/\/wpml.org\/wp-content\/uploads\/2025\/05\/Positive-Business-Results-2.png\" alt=\"\" class=\"wp-image-17032624\" srcset=\"https:\/\/wpml.org\/wp-content\/uploads\/2025\/05\/Positive-Business-Results-2.png 1152w, https:\/\/wpml.org\/wp-content\/uploads\/2025\/05\/Positive-Business-Results-2-225x300.png 225w, https:\/\/wpml.org\/wp-content\/uploads\/2025\/05\/Positive-Business-Results-2-768x1024.png 768w, https:\/\/wpml.org\/wp-content\/uploads\/2025\/05\/Positive-Business-Results-2-113x150.png 113w, https:\/\/wpml.org\/wp-content\/uploads\/2025\/05\/Positive-Business-Results-2-300x400.png 300w\" sizes=\"auto, (max-width: 1152px) 100vw, 1152px\" \/><\/figure>\n<\/div>\n\n\n\n<div class=\"wp-block-toolset-blocks-grid-column tb-grid-column\" data-toolset-blocks-grid-column=\"9f75dfd214cb372d9492e3b770fdf02d\">\n<div class=\"wp-block-toolset-blocks-container tb-container\" data-toolset-blocks-container=\"76b9e19aebd78b467b04c64acfe33167\">\n<h2 class=\"tb-heading has-text-color\" data-toolset-blocks-heading=\"6b17c0d6cc04bb992d8ee96b9295721f\" data-last-update=\"1.4\"><strong>Utilice un tema de confianza y solo los plugins esenciales<\/strong><\/h2>\n\n\n\n<p class=\"tb-heading\" data-toolset-blocks-heading=\"b79e08d4e2c80337c14f6df797704d67\" data-last-update=\"1.4\">El tema y los plugins que elija afectan el rendimiento, la estabilidad y el proceso de traducci\u00f3n de su sitio.<br\/><br\/>Incluso en sitios de un solo idioma, los plugins obsoletos o innecesarios son la principal causa de problemas t\u00e9cnicos.<br\/><br\/>En sitios multiling\u00fces, estos problemas pueden ralentizar su flujo de trabajo de traducci\u00f3n o hacer que su sitio funcione incorrectamente en todos los idiomas.<\/p>\n\n\n\n<hr class=\"wp-block-separator has-text-color has-alpha-channel-opacity has-background is-style-wide\" style=\"margin-top:var(--wp--preset--spacing--70);margin-bottom:var(--wp--preset--spacing--70);background-color:#33879e29;color:#33879e29\"\/>\n\n\n\n<h4 class=\"tb-heading has-text-color\" data-toolset-blocks-heading=\"a5ddcdc6d0e028992a78658b1a529f45\" data-last-update=\"1.4\"><strong><strong>Para evitar problemas t\u00e9cnicos desde el principio:<\/strong><\/strong><\/h4>\n\n\n\n<ol style=\"margin-top:var(--wp--preset--spacing--30);margin-bottom:var(--wp--preset--spacing--30)\" class=\"wp-block-list\">\n<li>Lim\u00edtese a temas y plugins que se mantengan activamente y sean compatibles con WPML.<\/li>\n\n\n\n<li>Instale solo los plugins que realmente necesite.<\/li>\n\n\n\n<li>Antes de a\u00f1adir un nuevo plugin, aseg\u00farese de que admita un flujo de trabajo de traducci\u00f3n r\u00e1pido y sencillo.<\/li>\n\n\n\n<li>Evite utilizar c\u00f3digo personalizado a menos que est\u00e9 preparado para hacerlo compatible con m\u00faltiples idiomas y mantenerlo<\/li>\n<\/ol>\n\n\n\n<div class=\"wp-block-toolset-blocks-container tb-container\" data-toolset-blocks-container=\"8f975b96e501b68c66ac21dfbca5db68\">\n<h5 class=\"tb-heading has-text-color\" data-toolset-blocks-heading=\"d0a79ef7c620358ad1070455c3551e5e\" data-last-update=\"1.4\"><strong>Consulte los <\/strong><a href=\"https:\/\/wpml.org\/theme\/\"><strong>temas<\/strong><\/a><strong> y <\/strong><a href=\"https:\/\/wpml.org\/plugin\/\"><strong>plugins<\/strong><\/a><strong> recomendados por WPML<\/strong><\/h5>\n<\/div>\n<\/div>\n<\/div>\n<\/div>\n\n\n\n<div class=\"wp-block-toolset-blocks-grid tb-grid\" data-toolset-blocks-grid=\"cd5472b0e1fa18860d882197280acb8c\">\n<div class=\"wp-block-toolset-blocks-grid-column tb-grid-column tb-grid-align-center\" data-toolset-blocks-grid-column=\"2c6e19232c221cec2ce8d8a5ee3199bb\">\n<figure class=\"wp-block-image tb-image tb-image-dynamic tb-image-frame-none\" data-toolset-blocks-image=\"46619af7b9bd9a31d58d5b4f321698dd\"><img decoding=\"async\" width=\"1153\" height=\"1536\" loading=\"lazy\" src=\"https:\/\/wpml.org\/wp-content\/uploads\/2025\/05\/Multilingual-Challenges-1.png\" alt=\"\" class=\"wp-image-17032638\" srcset=\"https:\/\/wpml.org\/wp-content\/uploads\/2025\/05\/Multilingual-Challenges-1.png 1153w, https:\/\/wpml.org\/wp-content\/uploads\/2025\/05\/Multilingual-Challenges-1-225x300.png 225w, https:\/\/wpml.org\/wp-content\/uploads\/2025\/05\/Multilingual-Challenges-1-769x1024.png 769w, https:\/\/wpml.org\/wp-content\/uploads\/2025\/05\/Multilingual-Challenges-1-113x150.png 113w, https:\/\/wpml.org\/wp-content\/uploads\/2025\/05\/Multilingual-Challenges-1-768x1023.png 768w, https:\/\/wpml.org\/wp-content\/uploads\/2025\/05\/Multilingual-Challenges-1-300x400.png 300w\" sizes=\"auto, (max-width: 1153px) 100vw, 1153px\" \/><\/figure>\n<\/div>\n\n\n\n<div class=\"wp-block-toolset-blocks-grid-column tb-grid-column tb-grid-align-center\" data-toolset-blocks-grid-column=\"e00106ffb333181b9331013c5f8ca37a\">\n<div class=\"wp-block-toolset-blocks-container tb-container\" data-toolset-blocks-container=\"e3162eee41dafe36aa073613d6512a56\">\n<h2 class=\"tb-heading has-text-color\" data-toolset-blocks-heading=\"6b17c0d6cc04bb992d8ee96b9295721f\" data-last-update=\"1.4\"><strong>Redacte contenido que sea f\u00e1cil de entender y traducir<\/strong><\/h2>\n\n\n\n<p class=\"tb-heading\" data-toolset-blocks-heading=\"b79e08d4e2c80337c14f6df797704d67\" data-last-update=\"1.4\">Si su contenido es dif\u00edcil de leer en el idioma original, ser\u00e1 a\u00fan m\u00e1s dif\u00edcil de traducir. Cuanto m\u00e1s complejo sea su lenguaje, m\u00e1s edici\u00f3n tendr\u00e1 que hacer, y m\u00e1s tiempo le llevar\u00e1 poner en marcha su sitio multiling\u00fce. <\/p>\n\n\n\n<hr class=\"wp-block-separator has-text-color has-alpha-channel-opacity has-background is-style-wide\" style=\"margin-top:var(--wp--preset--spacing--70);margin-bottom:var(--wp--preset--spacing--70);background-color:#33879e29;color:#33879e29\"\/>\n\n\n\n<h4 class=\"tb-heading has-text-color\" data-toolset-blocks-heading=\"68d18ac8380575c984fba6e3b619fa68\" data-last-update=\"1.4\"><strong><strong><strong>Para obtener excelentes traducciones, mantenga su redacci\u00f3n lo suficientemente simple como para que un joven de 16 a\u00f1os pueda entenderla:<\/strong><\/strong><\/strong><\/h4>\n\n\n\n<ol style=\"margin-top:var(--wp--preset--spacing--30);margin-bottom:var(--wp--preset--spacing--30)\" class=\"wp-block-list\">\n<li>Mantenga las oraciones cortas y directas<\/li>\n\n\n\n<li>Utilice palabras simples en lugar de complicadas<\/li>\n\n\n\n<li>Evite modismos, jerga y referencias culturales<\/li>\n\n\n\n<li>Divida el texto con encabezados, vi\u00f1etas y p\u00e1rrafos cortos<\/li>\n<\/ol>\n<\/div>\n<\/div>\n<\/div>\n\n\n\n<div class=\"wp-block-toolset-blocks-grid tb-grid\" data-toolset-blocks-grid=\"7c8c199e5ea1527196831a8d2e4a5b92\">\n<div class=\"wp-block-toolset-blocks-grid-column tb-grid-column tb-grid-align-center\" data-toolset-blocks-grid-column=\"2c6e19232c221cec2ce8d8a5ee3199bb\">\n<figure class=\"wp-block-image tb-image tb-image-dynamic tb-image-frame-none\" data-toolset-blocks-image=\"51516b4ddf404a3ec3e050145a1500a4\"><img decoding=\"async\" width=\"769\" height=\"1024\" loading=\"lazy\" src=\"https:\/\/wpml.org\/wp-content\/uploads\/2025\/05\/Automatic-1-769x1024.png\" alt=\"\" class=\"wp-image-17032653\" srcset=\"https:\/\/wpml.org\/wp-content\/uploads\/2025\/05\/Automatic-1-769x1024.png 769w, https:\/\/wpml.org\/wp-content\/uploads\/2025\/05\/Automatic-1-225x300.png 225w, https:\/\/wpml.org\/wp-content\/uploads\/2025\/05\/Automatic-1-113x150.png 113w, https:\/\/wpml.org\/wp-content\/uploads\/2025\/05\/Automatic-1-768x1023.png 768w, https:\/\/wpml.org\/wp-content\/uploads\/2025\/05\/Automatic-1-300x400.png 300w, https:\/\/wpml.org\/wp-content\/uploads\/2025\/05\/Automatic-1.png 1153w\" sizes=\"auto, (max-width: 769px) 100vw, 769px\" \/><\/figure>\n<\/div>\n\n\n\n<div class=\"wp-block-toolset-blocks-grid-column tb-grid-column tb-grid-align-center\" data-toolset-blocks-grid-column=\"e00106ffb333181b9331013c5f8ca37a\">\n<div class=\"wp-block-toolset-blocks-container tb-container\" data-toolset-blocks-container=\"76b9e19aebd78b467b04c64acfe33167\">\n<h2 class=\"tb-heading has-text-color\" data-toolset-blocks-heading=\"6b17c0d6cc04bb992d8ee96b9295721f\" data-last-update=\"1.4\"><strong>Utilice la traducci\u00f3n autom\u00e1tica<\/strong><\/h2>\n\n\n\n<p class=\"tb-heading\" data-toolset-blocks-heading=\"bb4b71d6eb70396b4d33c0a6b93081c6\" data-last-update=\"1.4\">Si no est\u00e1 utilizando la traducci\u00f3n autom\u00e1tica, est\u00e1 dedicando demasiado tiempo al trabajo manual. Traducir todo usted mismo o revisar cada traducci\u00f3n l\u00ednea por l\u00ednea lleva tiempo. Podr\u00eda utilizar este valioso tiempo para marketing, SEO o dirigir su negocio.  <br\/><br\/>La <a href=\"https:\/\/wpml.org\/es\/documentation-2\/traduccion-automatica-para-contenido-de-wordpress-con-wpml\/\">traducci\u00f3n autom\u00e1tica<\/a> de WPML ofrece una excelente calidad a un costo m\u00ednimo. Con los cr\u00e9ditos incluidos en su compra de WPML, puede traducir la mayor parte o incluso todo su sitio de inmediato. <\/p>\n\n\n\n<hr class=\"wp-block-separator has-text-color has-alpha-channel-opacity has-background is-style-wide\" style=\"margin-top:var(--wp--preset--spacing--70);margin-bottom:var(--wp--preset--spacing--70);background-color:#33879e29;color:#33879e29\"\/>\n\n\n\n<h4 class=\"tb-heading has-text-color\" data-toolset-blocks-heading=\"a5ddcdc6d0e028992a78658b1a529f45\" data-last-update=\"1.4\"><strong><strong><strong>Para ahorrar tiempo y aumentar su tr\u00e1fico multiling\u00fce m\u00e1s r\u00e1pidamente:<\/strong><\/strong><\/strong><\/h4>\n\n\n\n<ol style=\"margin-top:var(--wp--preset--spacing--30);margin-bottom:var(--wp--preset--spacing--30)\" class=\"wp-block-list\">\n<li>Comience traduciendo autom\u00e1ticamente su p\u00e1gina de inicio, las principales p\u00e1ginas de destino y el contenido que genera conversiones.<\/li>\n\n\n\n<li class=\"has-link-color wp-elements-28fce35820eec36fc38a4c71ae23cf9f\"> Si <a href=\"https:\/\/wpml.org\/es\/documentation-2\/traduccion-automatica-para-contenido-de-wordpress-con-wpml\/wpml-ai-traducciones-a-nivel-nativo-para-wordpress\/\">WPML AI<\/a> admite sus idiomas, aproveche sus traducciones contextuales Mejores que las Humanas que se leen como si hubieran sido escritas por un hablante nativo.<\/li>\n\n\n\n<li>No deje contenido en borrador esperando una traducci\u00f3n perfecta; las traducciones publicadas atraen visitantes.<\/li>\n\n\n\n<li>Despu\u00e9s de publicar, deje que la retroalimentaci\u00f3n del mundo real le muestre qu\u00e9 mejorar y qu\u00e9 ya est\u00e1 funcionando.<\/li>\n<\/ol>\n<\/div>\n<\/div>\n<\/div>\n<\/div><\/div>\n\n<div class=\"wp-block-toolset-blocks-container tb-container\" data-toolset-blocks-container=\"4cbda994512a716922e3f1c16d89ae6c\"><div class=\"tb-container-inner\">\n<hr class=\"wp-block-separator has-text-color has-alpha-channel-opacity has-background is-style-wide\" style=\"margin-top:var(--wp--preset--spacing--70);margin-bottom:var(--wp--preset--spacing--70);background-color:#33879e29;color:#33879e29\"\/>\n\n\n\n<h2 class=\"tb-heading has-text-color\" data-toolset-blocks-heading=\"6b17c0d6cc04bb992d8ee96b9295721f\" data-last-update=\"1.4\"><strong>Obtenga m\u00e1s tr\u00e1fico con un sitio multiling\u00fce simple<\/strong><\/h2>\n\n\n\n<p class=\"tb-heading\" data-toolset-blocks-heading=\"b79e08d4e2c80337c14f6df797704d67\" data-last-update=\"1.4\">Todo lo que ha visto aqu\u00ed se basa en datos reales de cientos de usuarios de WPML. Los resultados son claros: los sitios multiling\u00fces m\u00e1s exitosos lo mantienen simple. Se centran en lo esencial: temas y plugins confiables, contenido f\u00e1cil de entender y traducci\u00f3n r\u00e1pida. Eso es lo que conduce a un mejor rendimiento.   <br\/><br\/>Usted tiene las mismas estrategias en sus manos. Ahora es el momento de ponerlas en acci\u00f3n. <\/p>\n\n\n\n<div class=\"wp-block-toolset-blocks-container tb-container\" data-toolset-blocks-container=\"e6d2ff72a4fe049897bbda010079e492\">\n<div class=\"wp-block-group is-vertical is-content-justification-center is-layout-flex wp-container-core-group-is-layout-eee6a810 wp-block-group-is-layout-flex\">\n<h3 class=\"tb-heading has-text-color\" data-toolset-blocks-heading=\"b772800d09532af8a595172a6a5d0c10\" data-last-update=\"1.4\"><strong><strong>Comencemos a traducir su sitio<\/strong><\/strong><\/h3>\n\n\n\n<h4 class=\"tb-heading has-text-color\" data-toolset-blocks-heading=\"1de052fd8130ca5acd9b9cd1d93d1791\" data-last-update=\"1.4\">Usted tiene las herramientas, los consejos y la confianza para comenzar a llegar a nuevas audiencias.<\/h4>\n<\/div>\n\n\n\n<div class=\"tb-button\" data-toolset-blocks-button=\"26e2624e01b8c2eea971e1c3ed8e63d1\"><a class=\"tb-button__link\" href=\"https:\/\/wpml.org\/documentation\/translating-your-contents\/\"><i class=\"tb-button__icon\"><\/i><span class=\"tb-button__content\">Traduzca su primera P\u00e1gina<\/span><\/a><\/div>\n<\/div>\n<\/div><\/div>\n","protected":false},"excerpt":{"rendered":"","protected":false},"author":538393,"featured_media":0,"parent":1258,"menu_order":0,"comment_status":"closed","ping_status":"closed","template":"template-full.php","meta":{"_bbp_topic_count":0,"_bbp_reply_count":0,"_bbp_total_topic_count":0,"_bbp_total_reply_count":0,"_bbp_voice_count":0,"_bbp_anonymous_reply_count":0,"_bbp_topic_count_hidden":0,"_bbp_reply_count_hidden":0,"_bbp_forum_subforum_count":0,"_uag_custom_page_level_css":"","ep_exclude_from_search":false,"footnotes":""},"related-projects-category":[],"class_list":["post-17060828","page","type-page","status-publish","hentry"],"spectra_custom_meta":{"_subscription_coupon_product_id":["0"],"_wpv_contains_gutenberg_views":[""],"_alp_processed":["1747909216"],"wpcf-unformatted-code":[""],"_wpml_media_duplicate":["1"],"_wpml_media_featured":["1"],"wpcf-display-breadcrumbs":["0"],"toolset_post_editor_mode":["block"],"wpcf-price-increase-show-from":[""],"wpcf-price-increase-show-till":[""],"_wp_page_template":["template-full.php"],"_yoast_wpseo_metadesc":["El 70% de los usuarios de WPML con una configuraci\u00f3n simple del sitio WordPress lanzan m\u00e1s r\u00e1pido, traducen con mayor facilidad y aumentan el tr\u00e1fico internacional en solo semanas."],"_last_translation_edit_mode":["translation-editor"],"_wpml_word_count":["745"],"_uagb_previous_block_counts":["a:90:{s:21:\"uagb\/advanced-heading\";i:0;s:15:\"uagb\/blockquote\";i:0;s:12:\"uagb\/buttons\";i:0;s:18:\"uagb\/buttons-child\";i:0;s:19:\"uagb\/call-to-action\";i:0;s:15:\"uagb\/cf7-styler\";i:0;s:11:\"uagb\/column\";i:0;s:12:\"uagb\/columns\";i:0;s:14:\"uagb\/container\";i:0;s:21:\"uagb\/content-timeline\";i:0;s:27:\"uagb\/content-timeline-child\";i:0;s:14:\"uagb\/countdown\";i:0;s:12:\"uagb\/counter\";i:0;s:8:\"uagb\/faq\";i:0;s:14:\"uagb\/faq-child\";i:0;s:10:\"uagb\/forms\";i:0;s:17:\"uagb\/forms-accept\";i:0;s:19:\"uagb\/forms-checkbox\";i:0;s:15:\"uagb\/forms-date\";i:0;s:16:\"uagb\/forms-email\";i:0;s:17:\"uagb\/forms-hidden\";i:0;s:15:\"uagb\/forms-name\";i:0;s:16:\"uagb\/forms-phone\";i:0;s:16:\"uagb\/forms-radio\";i:0;s:17:\"uagb\/forms-select\";i:0;s:19:\"uagb\/forms-textarea\";i:0;s:17:\"uagb\/forms-toggle\";i:0;s:14:\"uagb\/forms-url\";i:0;s:14:\"uagb\/gf-styler\";i:0;s:15:\"uagb\/google-map\";i:0;s:11:\"uagb\/how-to\";i:0;s:16:\"uagb\/how-to-step\";i:0;s:9:\"uagb\/icon\";i:0;s:14:\"uagb\/icon-list\";i:0;s:20:\"uagb\/icon-list-child\";i:0;s:10:\"uagb\/image\";i:0;s:18:\"uagb\/image-gallery\";i:0;s:13:\"uagb\/info-box\";i:0;s:18:\"uagb\/inline-notice\";i:0;s:11:\"uagb\/lottie\";i:0;s:21:\"uagb\/marketing-button\";i:0;s:10:\"uagb\/modal\";i:0;s:18:\"uagb\/popup-builder\";i:0;s:16:\"uagb\/post-button\";i:0;s:18:\"uagb\/post-carousel\";i:0;s:17:\"uagb\/post-excerpt\";i:0;s:14:\"uagb\/post-grid\";i:0;s:15:\"uagb\/post-image\";i:0;s:17:\"uagb\/post-masonry\";i:0;s:14:\"uagb\/post-meta\";i:0;s:18:\"uagb\/post-taxonomy\";i:0;s:18:\"uagb\/post-timeline\";i:0;s:15:\"uagb\/post-title\";i:0;s:20:\"uagb\/restaurant-menu\";i:0;s:26:\"uagb\/restaurant-menu-child\";i:0;s:11:\"uagb\/review\";i:0;s:12:\"uagb\/section\";i:0;s:14:\"uagb\/separator\";i:0;s:11:\"uagb\/slider\";i:0;s:17:\"uagb\/slider-child\";i:0;s:17:\"uagb\/social-share\";i:0;s:23:\"uagb\/social-share-child\";i:0;s:16:\"uagb\/star-rating\";i:0;s:23:\"uagb\/sure-cart-checkout\";i:0;s:22:\"uagb\/sure-cart-product\";i:0;s:15:\"uagb\/sure-forms\";i:0;s:22:\"uagb\/table-of-contents\";i:0;s:9:\"uagb\/tabs\";i:0;s:15:\"uagb\/tabs-child\";i:0;s:18:\"uagb\/taxonomy-list\";i:0;s:9:\"uagb\/team\";i:0;s:16:\"uagb\/testimonial\";i:0;s:14:\"uagb\/wp-search\";i:0;s:19:\"uagb\/instagram-feed\";i:0;s:10:\"uagb\/login\";i:0;s:17:\"uagb\/loop-builder\";i:0;s:18:\"uagb\/loop-category\";i:0;s:20:\"uagb\/loop-pagination\";i:0;s:15:\"uagb\/loop-reset\";i:0;s:16:\"uagb\/loop-search\";i:0;s:14:\"uagb\/loop-sort\";i:0;s:17:\"uagb\/loop-wrapper\";i:0;s:13:\"uagb\/register\";i:0;s:19:\"uagb\/register-email\";i:0;s:24:\"uagb\/register-first-name\";i:0;s:23:\"uagb\/register-last-name\";i:0;s:22:\"uagb\/register-password\";i:0;s:30:\"uagb\/register-reenter-password\";i:0;s:19:\"uagb\/register-terms\";i:0;s:22:\"uagb\/register-username\";i:0;}"],"_uag_css_file_name":["uag-css-17060828.css"],"_uag_page_assets":["a:9:{s:3:\"css\";s:260:\".uag-blocks-common-selector{z-index:var(--z-index-desktop) !important}@media(max-width: 976px){.uag-blocks-common-selector{z-index:var(--z-index-tablet) !important}}@media(max-width: 767px){.uag-blocks-common-selector{z-index:var(--z-index-mobile) !important}}\";s:2:\"js\";s:0:\"\";s:18:\"current_block_list\";a:12:{i:0;s:24:\"toolset-blocks\/container\";i:1;s:22:\"toolset-blocks\/heading\";i:2;s:14:\"core\/paragraph\";i:4;s:19:\"toolset-blocks\/grid\";i:5;s:26:\"toolset-blocks\/grid-column\";i:6;s:20:\"toolset-blocks\/image\";i:7;s:14:\"core\/separator\";i:8;s:9:\"core\/list\";i:9;s:14:\"core\/list-item\";i:11;s:10:\"core\/group\";i:12;s:21:\"toolset-blocks\/button\";i:13;s:14:\"core\/shortcode\";}s:8:\"uag_flag\";b:0;s:11:\"uag_version\";s:10:\"1778515112\";s:6:\"gfonts\";a:0:{}s:10:\"gfonts_url\";s:0:\"\";s:12:\"gfonts_files\";a:0:{}s:14:\"uag_faq_layout\";b:0;}"]},"uagb_featured_image_src":{"full":false,"thumbnail":false,"medium":false,"medium_large":false,"large":false,"1536x1536":false,"2048x2048":false,"gform-image-choice-sm":false,"gform-image-choice-md":false,"gform-image-choice-lg":false,"woocommerce_thumbnail":false,"woocommerce_single":false,"woocommerce_gallery_thumbnail":false},"uagb_author_info":{"display_name":"Kathy","author_link":"https:\/\/wpml.org\/es\/author\/kathy-b\/"},"uagb_comment_info":0,"uagb_excerpt":null,"_links":{"self":[{"href":"https:\/\/wpml.org\/es\/wp-json\/wp\/v2\/pages\/17060828","targetHints":{"allow":["GET"]}}],"collection":[{"href":"https:\/\/wpml.org\/es\/wp-json\/wp\/v2\/pages"}],"about":[{"href":"https:\/\/wpml.org\/es\/wp-json\/wp\/v2\/types\/page"}],"author":[{"embeddable":true,"href":"https:\/\/wpml.org\/es\/wp-json\/wp\/v2\/users\/538393"}],"replies":[{"embeddable":true,"href":"https:\/\/wpml.org\/es\/wp-json\/wp\/v2\/comments?post=17060828"}],"version-history":[{"count":1,"href":"https:\/\/wpml.org\/es\/wp-json\/wp\/v2\/pages\/17060828\/revisions"}],"predecessor-version":[{"id":17060830,"href":"https:\/\/wpml.org\/es\/wp-json\/wp\/v2\/pages\/17060828\/revisions\/17060830"}],"up":[{"embeddable":true,"href":"https:\/\/wpml.org\/es\/wp-json\/wp\/v2\/pages\/1258"}],"wp:attachment":[{"href":"https:\/\/wpml.org\/es\/wp-json\/wp\/v2\/media?parent=17060828"}],"wp:term":[{"taxonomy":"related-projects-category","embeddable":true,"href":"https:\/\/wpml.org\/es\/wp-json\/wp\/v2\/related-projects-category?post=17060828"}],"curies":[{"name":"wp","href":"https:\/\/api.w.org\/{rel}","templated":true}]}}