{"id":17578427,"date":"2025-09-23T13:25:55","date_gmt":"2025-09-23T13:25:55","guid":{"rendered":"https:\/\/wpml.org\/documentation-2\/proyectos-relacionados\/exportacion-e-importacion-de-wpml\/automatice-el-proceso-de-wpml-export-and-import\/"},"modified":"2026-02-26T07:26:40","modified_gmt":"2026-02-26T07:26:40","slug":"automatice-el-proceso-de-wpml-export-and-import","status":"publish","type":"page","link":"https:\/\/wpml.org\/es\/documentation-2\/proyectos-relacionados\/exportacion-e-importacion-de-wpml\/automatice-el-proceso-de-wpml-export-and-import\/","title":{"rendered":"Automatice el proceso de WPML Export and Import"},"content":{"rendered":"\n<p class=\"lead\">Aprenda a programar el procesamiento de contenido multiling\u00fce importado realizado por el complemento WPML Export and Import.<\/p>\n\n<p><a href=\"https:\/\/wpml.org\/es\/documentation-2\/proyectos-relacionados\/exportacion-e-importacion-de-wpml\/\">WPML Export and Import<\/a> funciona con los plugins de importaci\u00f3n que haya elegido para a\u00f1adir informaci\u00f3n de idioma al contenido importado y enlazar las traducciones. Si ha programado sus importaciones para que se realicen autom\u00e1ticamente, no tiene que activar WPML Export and Import manualmente; puede programar el proceso para que se ejecute cada vez que se complete una importaci\u00f3n. <\/p>\n\n<p>Esto elimina la necesidad de trabajo manual y permite importaciones totalmente automatizadas de contenido multiling\u00fce de principio a fin.<\/p>\n\n<h2 class=\"wp-block-heading\">Complementos requeridos<\/h2>\n\n<p>Instale y active todos los plugins necesarios tanto en su sitio de exportaci\u00f3n como en el de importaci\u00f3n:<\/p>\n\n<ul class=\"wp-block-list\">\n<li>Un <a href=\"https:\/\/wpml.org\/es\/documentation-2\/proyectos-relacionados\/exportacion-e-importacion-de-wpml\/#supported-export-and-import-plugins-and-tools\">plugin o herramienta de exportaci\u00f3n e importaci\u00f3n de WordPress compatible<\/a><\/li>\n\n\n\n<li>WPML<\/li>\n\n\n\n<li>WPML String Translation<\/li>\n\n\n\n<li>WPML Export and Import<\/li>\n\n\n\n<li>WPML Multilingual &amp; Multicurrency for WooCommerce (solo si exporta e importa productos de WooCommerce)<\/li>\n<\/ul>\n\n<p>En su sitio de importaci\u00f3n, aseg\u00farese de configurar WPML con los idiomas que est\u00e1 importando.<\/p>\n\n<h2 class=\"wp-block-heading\">Elija su API preferida<\/h2>\n\n<p>Dependiendo de su configuraci\u00f3n de importaciones programadas, utilice una de estas API:<\/p>\n\n<ul class=\"wp-block-list\">\n<li><strong>API de punto final de URL<\/strong>: Este es un punto final HTTP para trabajos cron, que se utiliza con mayor frecuencia cuando se programan acciones con el plugin WP All Import. Con este m\u00e9todo, simplemente a\u00f1ade otra URL a su configuraci\u00f3n existente. <\/li>\n<\/ul>\n\n<ul class=\"wp-block-list\">\n<li><strong>API de Action Hook<\/strong>. Si utiliza PHP para programar importaciones (por ejemplo, con Action Scheduler), a\u00f1ada este action hook para llamar al proceso de WPML Export and Import desde su script. <\/li>\n<\/ul>\n\n<p>Ambos procesos dan como resultado un procesamiento silencioso y automatizado de su contenido multiling\u00fce.<\/p>\n\n<h3 class=\"wp-block-heading\">Opci\u00f3n 1: configurar un punto final de URL<\/h3>\n\n<p>Para configurar el punto final de la URL:<\/p>\n\n<p><strong>1. Cree una clave de seguridad fuerte y \u00fanica a\u00f1adi\u00e9ndola a su wp-config.php<\/strong>.<\/p>\n<div class=\"wp-block-syntaxhighlighter-code \"><pre class=\"brush: plain; title: ; notranslate\" title=\"\">\ndefine( &#039;WPML_IMPORT_KEY&#039;, &#039;your-strong-secret-key-here&#039; );\n<\/pre><\/div>\n<p><strong>2. A\u00f1ada la URL de procesamiento a su configuraci\u00f3n existente para las importaciones programadas<\/strong>.<\/p>\n\n<p>La forma de la URL debe ser:<\/p>\n<div class=\"wp-block-syntaxhighlighter-code \"><pre class=\"brush: plain; title: ; notranslate\" title=\"\">\nhttps:\/\/yoursite.com\/?wpml_import_trigger=your-strong-secret-key-here\n<\/pre><\/div>\n<h4 class=\"wp-block-heading\">Ejemplo con WP All Import Pro<\/h4>\n\n<p>Supongamos que est\u00e1 utilizando la configuraci\u00f3n de programaci\u00f3n manual en WP All Import Pro. Su configuraci\u00f3n podr\u00eda ser as\u00ed: <\/p>\n\n<figure class=\"wp-block-image tb-image tb-image-dynamic tb-image-frame-none\" data-toolset-blocks-image=\"ca199a2699a014bf97523d416677d509\"><a href=\"https:\/\/wpml.org\/wp-content\/uploads\/2025\/09\/cron-jobs-example.png\"><img decoding=\"async\" width=\"1290\" height=\"820\" loading=\"lazy\" src=\"https:\/\/wpml.org\/wp-content\/uploads\/2025\/09\/cron-jobs-example.png\" alt=\"\" class=\"wp-image-17425482\" srcset=\"https:\/\/wpml.org\/wp-content\/uploads\/2025\/09\/cron-jobs-example.png 1290w, https:\/\/wpml.org\/wp-content\/uploads\/2025\/09\/cron-jobs-example-300x191.png 300w, https:\/\/wpml.org\/wp-content\/uploads\/2025\/09\/cron-jobs-example-1024x651.png 1024w, https:\/\/wpml.org\/wp-content\/uploads\/2025\/09\/cron-jobs-example-150x95.png 150w, https:\/\/wpml.org\/wp-content\/uploads\/2025\/09\/cron-jobs-example-768x488.png 768w\" sizes=\"auto, (max-width: 1290px) 100vw, 1290px\" \/><\/a><figcaption><div class=\"tb-image-caption\">Ejemplo de trabajos cron de una configuraci\u00f3n de prueba con WP All Import<\/div><\/figcaption><\/figure>\n\n<p>Ahora, solo tiene que a\u00f1adir otro comando cron para activar la URL de WPML Export and Import:<\/p>\n<div class=\"wp-block-syntaxhighlighter-code \"><pre class=\"brush: plain; title: ; notranslate\" title=\"\">\nwget -q -O - &quot;https:\/\/yoursite.com\/?wpml_import_trigger=your-strong-secret-key-here&quot;\n<\/pre><\/div>\n<p>Esencialmente, configure esta URL adicional de la misma manera que configur\u00f3 sus otros trabajos cron programados.<\/p>\n\n<h4 class=\"wp-block-heading\">Depuraci\u00f3n<\/h4>\n\n<p>Necesita una forma de comprobar los errores si ocurren. Para ello, active WP_DEBUG_LOG en su PHP. <\/p>\n\n<p>Esto le permite ver los errores en las entradas del registro.<\/p>\n\n<h3 class=\"wp-block-heading\">Opci\u00f3n 2: configurar un gancho de acci\u00f3n<\/h3>\n\n<p>Para llamar al proceso de WPML Export and Import, a\u00f1ada el siguiente hook a su c\u00f3digo PHP:<\/p>\n<div class=\"wp-block-syntaxhighlighter-code \"><pre class=\"brush: plain; title: ; notranslate\" title=\"\">\n\/\/ Activar el procesamiento de la importaci\u00f3n\ndo_action( &#039;wpml_import_process&#039; );\n<\/pre><\/div>\n<p>Cuando programe las acciones de importaci\u00f3n, utilice la siguiente l\u00ednea para programar el gancho como una tarea en segundo plano:<\/p>\n<div class=\"wp-block-syntaxhighlighter-code \"><pre class=\"brush: plain; title: ; notranslate\" title=\"\">\nwp_schedule_single_event( time(), &#039;wpml_import_process&#039; );\n<\/pre><\/div>\n<p>\u00a1Y ya est\u00e1 todo listo! Su proceso de importaci\u00f3n de contenido multiling\u00fce est\u00e1 ahora totalmente automatizado y no requiere ninguna intervenci\u00f3n manual. <\/p>\n\n<p><\/p>\n","protected":false},"excerpt":{"rendered":"<p>Aprenda a programar el procesamiento de contenido multiling\u00fce importado realizado por el complemento WPML Export and Import. WPML Export and Import funciona con los plugins de importaci\u00f3n que haya elegido para a\u00f1adir informaci\u00f3n de idioma al contenido importado y enlazar las traducciones. Si ha programado sus importaciones para que se realicen autom\u00e1ticamente, no tiene que [&hellip;]<\/p>\n","protected":false},"author":777903,"featured_media":0,"parent":15228639,"menu_order":0,"comment_status":"closed","ping_status":"closed","template":"","meta":{"_bbp_topic_count":0,"_bbp_reply_count":0,"_bbp_total_topic_count":0,"_bbp_total_reply_count":0,"_bbp_voice_count":0,"_bbp_anonymous_reply_count":0,"_bbp_topic_count_hidden":0,"_bbp_reply_count_hidden":0,"_bbp_forum_subforum_count":0,"_uag_custom_page_level_css":"","ep_exclude_from_search":false,"footnotes":""},"related-projects-category":[],"class_list":["post-17578427","page","type-page","status-publish","hentry"],"spectra_custom_meta":{"_subscription_coupon_product_id":["0"],"_wpv_contains_gutenberg_views":[""],"_alp_processed":["1772090801"],"wpcf-unformatted-code":[""],"_wpml_media_duplicate":["1"],"_wpml_media_featured":["1"],"toolset_post_editor_mode":["block"],"wpcf-price-increase-show-from":[""],"wpcf-price-increase-show-till":[""],"_last_translation_edit_mode":["translation-editor"],"_wpml_word_count":["600"],"_yoast_wpseo_metadesc":["Aprenda a programar el procesamiento de contenido multiling\u00fce importado realizado por el complemento WPML Export and Import."],"_uagb_previous_block_counts":["a:90:{s:21:\"uagb\/advanced-heading\";i:0;s:15:\"uagb\/blockquote\";i:0;s:12:\"uagb\/buttons\";i:0;s:18:\"uagb\/buttons-child\";i:0;s:19:\"uagb\/call-to-action\";i:0;s:15:\"uagb\/cf7-styler\";i:0;s:11:\"uagb\/column\";i:0;s:12:\"uagb\/columns\";i:0;s:14:\"uagb\/container\";i:0;s:21:\"uagb\/content-timeline\";i:0;s:27:\"uagb\/content-timeline-child\";i:0;s:14:\"uagb\/countdown\";i:0;s:12:\"uagb\/counter\";i:0;s:8:\"uagb\/faq\";i:0;s:14:\"uagb\/faq-child\";i:0;s:10:\"uagb\/forms\";i:0;s:17:\"uagb\/forms-accept\";i:0;s:19:\"uagb\/forms-checkbox\";i:0;s:15:\"uagb\/forms-date\";i:0;s:16:\"uagb\/forms-email\";i:0;s:17:\"uagb\/forms-hidden\";i:0;s:15:\"uagb\/forms-name\";i:0;s:16:\"uagb\/forms-phone\";i:0;s:16:\"uagb\/forms-radio\";i:0;s:17:\"uagb\/forms-select\";i:0;s:19:\"uagb\/forms-textarea\";i:0;s:17:\"uagb\/forms-toggle\";i:0;s:14:\"uagb\/forms-url\";i:0;s:14:\"uagb\/gf-styler\";i:0;s:15:\"uagb\/google-map\";i:0;s:11:\"uagb\/how-to\";i:0;s:16:\"uagb\/how-to-step\";i:0;s:9:\"uagb\/icon\";i:0;s:14:\"uagb\/icon-list\";i:0;s:20:\"uagb\/icon-list-child\";i:0;s:10:\"uagb\/image\";i:0;s:18:\"uagb\/image-gallery\";i:0;s:13:\"uagb\/info-box\";i:0;s:18:\"uagb\/inline-notice\";i:0;s:11:\"uagb\/lottie\";i:0;s:21:\"uagb\/marketing-button\";i:0;s:10:\"uagb\/modal\";i:0;s:18:\"uagb\/popup-builder\";i:0;s:16:\"uagb\/post-button\";i:0;s:18:\"uagb\/post-carousel\";i:0;s:17:\"uagb\/post-excerpt\";i:0;s:14:\"uagb\/post-grid\";i:0;s:15:\"uagb\/post-image\";i:0;s:17:\"uagb\/post-masonry\";i:0;s:14:\"uagb\/post-meta\";i:0;s:18:\"uagb\/post-taxonomy\";i:0;s:18:\"uagb\/post-timeline\";i:0;s:15:\"uagb\/post-title\";i:0;s:20:\"uagb\/restaurant-menu\";i:0;s:26:\"uagb\/restaurant-menu-child\";i:0;s:11:\"uagb\/review\";i:0;s:12:\"uagb\/section\";i:0;s:14:\"uagb\/separator\";i:0;s:11:\"uagb\/slider\";i:0;s:17:\"uagb\/slider-child\";i:0;s:17:\"uagb\/social-share\";i:0;s:23:\"uagb\/social-share-child\";i:0;s:16:\"uagb\/star-rating\";i:0;s:23:\"uagb\/sure-cart-checkout\";i:0;s:22:\"uagb\/sure-cart-product\";i:0;s:15:\"uagb\/sure-forms\";i:0;s:22:\"uagb\/table-of-contents\";i:0;s:9:\"uagb\/tabs\";i:0;s:15:\"uagb\/tabs-child\";i:0;s:18:\"uagb\/taxonomy-list\";i:0;s:9:\"uagb\/team\";i:0;s:16:\"uagb\/testimonial\";i:0;s:14:\"uagb\/wp-search\";i:0;s:19:\"uagb\/instagram-feed\";i:0;s:10:\"uagb\/login\";i:0;s:17:\"uagb\/loop-builder\";i:0;s:18:\"uagb\/loop-category\";i:0;s:20:\"uagb\/loop-pagination\";i:0;s:15:\"uagb\/loop-reset\";i:0;s:16:\"uagb\/loop-search\";i:0;s:14:\"uagb\/loop-sort\";i:0;s:17:\"uagb\/loop-wrapper\";i:0;s:13:\"uagb\/register\";i:0;s:19:\"uagb\/register-email\";i:0;s:24:\"uagb\/register-first-name\";i:0;s:23:\"uagb\/register-last-name\";i:0;s:22:\"uagb\/register-password\";i:0;s:30:\"uagb\/register-reenter-password\";i:0;s:19:\"uagb\/register-terms\";i:0;s:22:\"uagb\/register-username\";i:0;}"],"_uag_page_assets":["a:9:{s:3:\"css\";s:260:\".uag-blocks-common-selector{z-index:var(--z-index-desktop) !important}@media(max-width: 976px){.uag-blocks-common-selector{z-index:var(--z-index-tablet) !important}}@media(max-width: 767px){.uag-blocks-common-selector{z-index:var(--z-index-mobile) !important}}\";s:2:\"js\";s:0:\"\";s:18:\"current_block_list\";a:7:{i:0;s:14:\"core\/paragraph\";i:1;s:12:\"core\/heading\";i:2;s:9:\"core\/list\";i:3;s:14:\"core\/list-item\";i:4;s:22:\"syntaxhighlighter\/code\";i:5;s:20:\"toolset-blocks\/image\";i:6;s:14:\"core\/shortcode\";}s:8:\"uag_flag\";b:0;s:11:\"uag_version\";s:10:\"1778076477\";s:6:\"gfonts\";a:0:{}s:10:\"gfonts_url\";s:0:\"\";s:12:\"gfonts_files\";a:0:{}s:14:\"uag_faq_layout\";b:0;}"],"_uag_css_file_name":["uag-css-17578427.css"]},"uagb_featured_image_src":{"full":false,"thumbnail":false,"medium":false,"medium_large":false,"large":false,"1536x1536":false,"2048x2048":false,"gform-image-choice-sm":false,"gform-image-choice-md":false,"gform-image-choice-lg":false,"woocommerce_thumbnail":false,"woocommerce_single":false,"woocommerce_gallery_thumbnail":false},"uagb_author_info":{"display_name":"Nikoletta","author_link":"https:\/\/wpml.org\/es\/author\/nikoletta-b\/"},"uagb_comment_info":0,"uagb_excerpt":"Aprenda a programar el procesamiento de contenido multiling\u00fce importado realizado por el complemento WPML Export and Import. WPML Export and Import funciona con los plugins de importaci\u00f3n que haya elegido para a\u00f1adir informaci\u00f3n de idioma al contenido importado y enlazar las traducciones. Si ha programado sus importaciones para que se realicen autom\u00e1ticamente, no tiene que&hellip;","_links":{"self":[{"href":"https:\/\/wpml.org\/es\/wp-json\/wp\/v2\/pages\/17578427","targetHints":{"allow":["GET"]}}],"collection":[{"href":"https:\/\/wpml.org\/es\/wp-json\/wp\/v2\/pages"}],"about":[{"href":"https:\/\/wpml.org\/es\/wp-json\/wp\/v2\/types\/page"}],"author":[{"embeddable":true,"href":"https:\/\/wpml.org\/es\/wp-json\/wp\/v2\/users\/777903"}],"replies":[{"embeddable":true,"href":"https:\/\/wpml.org\/es\/wp-json\/wp\/v2\/comments?post=17578427"}],"version-history":[{"count":3,"href":"https:\/\/wpml.org\/es\/wp-json\/wp\/v2\/pages\/17578427\/revisions"}],"predecessor-version":[{"id":17854313,"href":"https:\/\/wpml.org\/es\/wp-json\/wp\/v2\/pages\/17578427\/revisions\/17854313"}],"up":[{"embeddable":true,"href":"https:\/\/wpml.org\/es\/wp-json\/wp\/v2\/pages\/15228639"}],"wp:attachment":[{"href":"https:\/\/wpml.org\/es\/wp-json\/wp\/v2\/media?parent=17578427"}],"wp:term":[{"taxonomy":"related-projects-category","embeddable":true,"href":"https:\/\/wpml.org\/es\/wp-json\/wp\/v2\/related-projects-category?post=17578427"}],"curies":[{"name":"wp","href":"https:\/\/api.w.org\/{rel}","templated":true}]}}