{"id":17578474,"date":"2020-06-23T15:24:11","date_gmt":"2020-06-23T15:24:11","guid":{"rendered":"https:\/\/wpml.org\/documentation-2\/compatibilidad-de-los-plugin\/traduzca-rank-math-con-wpml\/"},"modified":"2026-02-26T07:26:59","modified_gmt":"2026-02-26T07:26:59","slug":"traduzca-rank-math-con-wpml","status":"publish","type":"page","link":"https:\/\/wpml.org\/es\/documentation-2\/compatibilidad-de-los-plugin\/traduzca-rank-math-con-wpml\/","title":{"rendered":"Traducir Rank Math con WPML"},"content":{"rendered":"\n<p class=\"lead\">Aprenda c\u00f3mo traducir Rank Math con WPML. Traduzca todos los atributos SEO, incluidos los t\u00edtulos, las metadescripciones, los enlaces permanentes y m\u00e1s.  <\/p>\n\n<h2 class=\"wp-block-heading\" id=\"getting-started\">Empezando<\/h2>\n\n<p>Para traducir Rank Math con WPML, necesita los siguientes plugins:<\/p>\n\n<ul class=\"wp-block-list\">\n<li><a href=\"https:\/\/rankmath.com\/\" target=\"_blank\" rel=\"noreferrer noopener\">Rank Math<\/a><\/li>\n\n\n\n<li>WPML core<\/li>\n\n\n\n<li>WPML String Translation<\/li>\n\n\n\n<li><a href=\"https:\/\/wpml.org\/compatibility\/2021\/04\/wpml-seo-plugin-better-integration-with-seo-plugins\/\">WPML SEO add-on<\/a><\/li>\n<\/ul>\n\n<h2 class=\"wp-block-heading\" id=\"translating-on-page-seo-attributes\">Traducir los atributos SEO on-page<\/h2>\n\n<p>WPML puede traducir todos los atributos SEO on-page. Esto incluye <\/p>\n\n<ul class=\"wp-block-list\">\n<li>T\u00edtulos de p\u00e1gina<\/li>\n\n\n\n<li>Meta descripciones<\/li>\n\n\n\n<li>Breadcrumbs<\/li>\n\n\n\n<li>ALT y subt\u00edtulos de las im\u00e1genes<\/li>\n\n\n\n<li>Enlaces permanentes<\/li>\n\n\n\n<li>Y m\u00e1s&#8230;<\/li>\n<\/ul>\n\n<p>Actualmente, WPML no es compatible con las funciones de enlaces permanentes personalizados para la traducci\u00f3n. Por ejemplo, usar la configuraci\u00f3n de Rank Math para eliminar una base de categor\u00eda de las URL har\u00e1 que no se traduzcan correctamente. Antes de decidirse a usar esta configuraci\u00f3n, consulte nuestra <a href=\"https:\/\/wpml.org\/errata\/rank-math-setting-to-strip-product-base-breaks-translating-product-links\/\">soluci\u00f3n alternativa para eliminar una base de categor\u00eda de las URL<\/a> o p\u00f3ngase en contacto con nuestro soporte.  <\/p>\n\n<p>Para traducir los atributos SEO on-page con WPML, simplemente env\u00ede su contenido para la traducci\u00f3n. WPML traduce los atributos junto con la p\u00e1gina o la entrada a la que est\u00e1n asociados. <\/p>\n\n<figure class=\"wp-block-image tb-image tb-image-dynamic tb-image-frame-none\" data-toolset-blocks-image=\"a21f464e4de3ce2b2e806dbc3cf5ad81\"><a href=\"https:\/\/wpml.org\/wp-content\/uploads\/2026\/02\/Translating-post-with-Rank-Math-SEO-attributes.png\"><img decoding=\"async\" width=\"1024\" height=\"625\" loading=\"lazy\" src=\"https:\/\/wpml.org\/wp-content\/uploads\/2026\/02\/Translating-post-with-Rank-Math-SEO-attributes-1024x625.png\" alt=\"Translating post with Rank Math SEO attributes\" class=\"wp-image-17792443\" srcset=\"https:\/\/wpml.org\/wp-content\/uploads\/2026\/02\/Translating-post-with-Rank-Math-SEO-attributes-1024x625.png 1024w, https:\/\/wpml.org\/wp-content\/uploads\/2026\/02\/Translating-post-with-Rank-Math-SEO-attributes-300x183.png 300w, https:\/\/wpml.org\/wp-content\/uploads\/2026\/02\/Translating-post-with-Rank-Math-SEO-attributes-150x92.png 150w, https:\/\/wpml.org\/wp-content\/uploads\/2026\/02\/Translating-post-with-Rank-Math-SEO-attributes-768x469.png 768w, https:\/\/wpml.org\/wp-content\/uploads\/2026\/02\/Translating-post-with-Rank-Math-SEO-attributes-1536x938.png 1536w, https:\/\/wpml.org\/wp-content\/uploads\/2026\/02\/Translating-post-with-Rank-Math-SEO-attributes.png 1600w\" sizes=\"auto, (max-width: 1024px) 100vw, 1024px\" \/><\/a><figcaption><div class=\"tb-image-caption\">Traducci\u00f3n de entradas con atributos de Rank Math SEO<\/div><\/figcaption><\/figure>\n\n<h2 class=\"wp-block-heading\">Traduzca los metadatos de la taxonom\u00eda<\/h2>\n\n<p>Al traducir una entrada, WPML tambi\u00e9n traduce las taxonom\u00edas adjuntas. Esto incluye cualquier atributo SEO que haya a\u00f1adido en el fragmento de Rank Math para cada t\u00e9rmino de taxonom\u00eda (como el meta t\u00edtulo y la metadescripci\u00f3n). <\/p>\n\n<figure class=\"wp-block-image tb-image tb-image-dynamic tb-image-frame-none\" data-toolset-blocks-image=\"ac7af4acbeeb8aa8ea51c21a684966cd\"><a href=\"https:\/\/wpml.org\/wp-content\/uploads\/2025\/05\/category-seo-snippet-rankmath-1.png\"><img decoding=\"async\" width=\"1976\" height=\"1952\" loading=\"lazy\" src=\"https:\/\/wpml.org\/wp-content\/uploads\/2025\/05\/category-seo-snippet-rankmath-1.png\" alt=\"\" class=\"wp-image-17035028\" srcset=\"https:\/\/wpml.org\/wp-content\/uploads\/2025\/05\/category-seo-snippet-rankmath-1.png 1976w, https:\/\/wpml.org\/wp-content\/uploads\/2025\/05\/category-seo-snippet-rankmath-1-300x296.png 300w, https:\/\/wpml.org\/wp-content\/uploads\/2025\/05\/category-seo-snippet-rankmath-1-1024x1012.png 1024w, https:\/\/wpml.org\/wp-content\/uploads\/2025\/05\/category-seo-snippet-rankmath-1-150x148.png 150w, https:\/\/wpml.org\/wp-content\/uploads\/2025\/05\/category-seo-snippet-rankmath-1-768x759.png 768w, https:\/\/wpml.org\/wp-content\/uploads\/2025\/05\/category-seo-snippet-rankmath-1-1536x1517.png 1536w, https:\/\/wpml.org\/wp-content\/uploads\/2025\/05\/category-seo-snippet-rankmath-1-100x100.png 100w\" sizes=\"auto, (max-width: 1976px) 100vw, 1976px\" \/><\/a><figcaption><div class=\"tb-image-caption\">A\u00f1adir el meta t\u00edtulo y la metadescripci\u00f3n de una categor\u00eda con Rank Math<\/div><\/figcaption><\/figure>\n\n<p>Si modifica los metadatos de una taxonom\u00eda en el idioma original \u2014o quiere traducir taxonom\u00edas que no est\u00e1n adjuntas a ninguna entrada\u2014 vaya a <strong>WPML \u2192 Traducci\u00f3n de taxonom\u00edas<\/strong> para actualizar las traducciones.<\/p>\n\n<figure class=\"wp-block-image tb-image tb-image-dynamic tb-image-frame-none\" data-toolset-blocks-image=\"da86bdb58e0b4c0917fb2fdee7f9d4c4\"><a href=\"https:\/\/wpml.org\/wp-content\/uploads\/2025\/05\/translate-rankmath-taxonomy-metadata-1.png\"><img decoding=\"async\" width=\"2560\" height=\"1662\" loading=\"lazy\" src=\"https:\/\/wpml.org\/wp-content\/uploads\/2025\/05\/translate-rankmath-taxonomy-metadata-1.png\" alt=\"\" class=\"wp-image-17035043\" srcset=\"https:\/\/wpml.org\/wp-content\/uploads\/2025\/05\/translate-rankmath-taxonomy-metadata-1.png 2560w, https:\/\/wpml.org\/wp-content\/uploads\/2025\/05\/translate-rankmath-taxonomy-metadata-1-300x195.png 300w, https:\/\/wpml.org\/wp-content\/uploads\/2025\/05\/translate-rankmath-taxonomy-metadata-1-1024x665.png 1024w, https:\/\/wpml.org\/wp-content\/uploads\/2025\/05\/translate-rankmath-taxonomy-metadata-1-150x97.png 150w, https:\/\/wpml.org\/wp-content\/uploads\/2025\/05\/translate-rankmath-taxonomy-metadata-1-768x499.png 768w, https:\/\/wpml.org\/wp-content\/uploads\/2025\/05\/translate-rankmath-taxonomy-metadata-1-1536x997.png 1536w, https:\/\/wpml.org\/wp-content\/uploads\/2025\/05\/translate-rankmath-taxonomy-metadata-1-2048x1330.png 2048w\" sizes=\"auto, (max-width: 2560px) 100vw, 2560px\" \/><\/a><figcaption><div class=\"tb-image-caption\">Traducci\u00f3n de t\u00e9rminos de taxonom\u00eda y metadatos con la traducci\u00f3n de taxonom\u00edas de WPML<\/div><\/figcaption><\/figure>\n\n<h2 class=\"wp-block-heading\" id=\"translating-global-seo-texts\">Traduzca textos SEO globales<\/h2>\n\n<p>Para traducir textos SEO globales, como la etiqueta de la p\u00e1gina de inicio de las migas de pan, siga estos pasos:<\/p>\n\n<ol class=\"wp-block-list\">\n<li>Vaya a <strong>WPML<\/strong> \u2192 <strong>panel de control de traducci\u00f3n<\/strong>.<\/li>\n\n\n\n<li>Despl\u00e1cese hacia abajo hasta la secci\u00f3n <strong>Otros textos (Strings)<\/strong> y busque sus textos.<strong> <\/strong><\/li>\n\n\n\n<li>Seleccione sus textos y env\u00edelos para su traducci\u00f3n. <\/li>\n<\/ol>\n\n<h2 class=\"wp-block-heading\" id=\"sitemaps-and-wpml\">Sitemaps multiling\u00fces con WPML<\/h2>\n\n<p id=\"known-issues\">WPML gestiona autom\u00e1ticamente los sitemaps multiling\u00fces y las <a href=\"https:\/\/wpml.org\/documentation\/support\/adding-hreflang-wordpress\/\">etiquetas hreflang<\/a>. De forma predeterminada, a\u00f1ade etiquetas hreflang para cada variaci\u00f3n de URL en los sitemaps XML. <\/p>\n\n<h3 class=\"wp-block-heading\">A\u00f1adir etiquetas hreflang en la p\u00e1gina <\/h3>\n\n<p id=\"known-issues\">Si desea etiquetas hreflang en la p\u00e1gina  en lugar del sitemap, puede cambiar el ajuste usted mismo. Simplemente: <\/p>\n\n<p id=\"known-issues\">1. Desactive la funci\u00f3n de sitemap a\u00f1adiendo este c\u00f3digo a su <strong>wp-config.php<\/strong>:<\/p>\n\n<pre class=\"wp-block-preformatted\">define( 'WPML_SEO_ENABLE_SITEMAP_HREFLANG', false ); <\/pre>\n\n<p><\/p>\n\n<p>2. Vaya a la p\u00e1gina <strong>WPML \u2192 Idiomas<\/strong> y busque <strong>Opciones SEO<\/strong>. Ver\u00e1 la casilla de verificaci\u00f3n <strong>Mostrar idiomas alternativos en la secci\u00f3n HEAD<\/strong> \u2014 act\u00edvela y <strong>Guarde<\/strong>. <\/p>\n\n<figure class=\"wp-block-image tb-image tb-image-dynamic tb-image-frame-none\" data-toolset-blocks-image=\"3189122d0149db8bc89e7bb241be5417\"><a href=\"https:\/\/wpml.org\/wp-content\/uploads\/2025\/09\/option-for-hreflang-tag-in-head-rankmath.png\"><img decoding=\"async\" width=\"2544\" height=\"1174\" loading=\"lazy\" src=\"https:\/\/wpml.org\/wp-content\/uploads\/2025\/09\/option-for-hreflang-tag-in-head-rankmath.png\" alt=\"\" class=\"wp-image-17384106\" srcset=\"https:\/\/wpml.org\/wp-content\/uploads\/2025\/09\/option-for-hreflang-tag-in-head-rankmath.png 2544w, https:\/\/wpml.org\/wp-content\/uploads\/2025\/09\/option-for-hreflang-tag-in-head-rankmath-300x138.png 300w, https:\/\/wpml.org\/wp-content\/uploads\/2025\/09\/option-for-hreflang-tag-in-head-rankmath-1024x473.png 1024w, https:\/\/wpml.org\/wp-content\/uploads\/2025\/09\/option-for-hreflang-tag-in-head-rankmath-150x69.png 150w, https:\/\/wpml.org\/wp-content\/uploads\/2025\/09\/option-for-hreflang-tag-in-head-rankmath-768x354.png 768w, https:\/\/wpml.org\/wp-content\/uploads\/2025\/09\/option-for-hreflang-tag-in-head-rankmath-1536x709.png 1536w, https:\/\/wpml.org\/wp-content\/uploads\/2025\/09\/option-for-hreflang-tag-in-head-rankmath-2048x945.png 2048w\" sizes=\"auto, (max-width: 2544px) 100vw, 2544px\" \/><\/a><figcaption><div class=\"tb-image-caption\">Activar la opci\u00f3n de a\u00f1adir etiquetas hreflang en el <head de la p\u00e1gina><\/div><\/figcaption><\/figure>\n\n<h2 class=\"wp-block-heading\" id=\"translate-with-wpml\">Traducir Rank Math con WPML <a href=\"https:\/\/wpml.org\/es\/documentation-2\/proyectos-relacionados\/gravity-forms-multilingual\/#translate-with-wpml\"><\/a><\/h2>\n\n<p>Si ya tiene una cuenta de WPML, puede descargar el complemento WPML SEO para Rank Math (sin coste adicional) desde la <a href=\"https:\/\/wpml.org\/es\/account\/downloads\/#wpml-seo\">p\u00e1gina de descargas<\/a>.<\/p>\n\n<p>\u00bfNo tiene WPML? Visite nuestra <a href=\"https:\/\/wpml.org\/es\/purchase\/\">p\u00e1gina de precios<\/a> para encontrar el plan adecuado para su sitio web.  <\/p>\n","protected":false},"excerpt":{"rendered":"<p>Aprenda c\u00f3mo traducir Rank Math con WPML. Traduzca todos los atributos SEO, incluidos los t\u00edtulos, las metadescripciones, los enlaces permanentes y m\u00e1s. Empezando Para traducir Rank Math con WPML, necesita los siguientes plugins: Traducir los atributos SEO on-page WPML puede traducir todos los atributos SEO on-page. Esto incluye Actualmente, WPML no es compatible con las [&hellip;]<\/p>\n","protected":false},"author":578773,"featured_media":0,"parent":16317464,"menu_order":20,"comment_status":"closed","ping_status":"closed","template":"template-sidebar-2.php","meta":{"_bbp_topic_count":0,"_bbp_reply_count":0,"_bbp_total_topic_count":0,"_bbp_total_reply_count":0,"_bbp_voice_count":0,"_bbp_anonymous_reply_count":0,"_bbp_topic_count_hidden":0,"_bbp_reply_count_hidden":0,"_bbp_forum_subforum_count":0,"_uag_custom_page_level_css":"","ep_exclude_from_search":false,"footnotes":""},"related-projects-category":[],"class_list":["post-17578474","page","type-page","status-publish","hentry"],"spectra_custom_meta":{"_subscription_coupon_product_id":["0"],"_wpv_contains_gutenberg_views":[""],"_alp_processed":["1772090820"],"_views_template":["0"],"wpcf-unformatted-code":[""],"_wpml_media_duplicate":["1"],"_wpml_media_featured":["1"],"toolset_post_editor_mode":["block"],"wpcf-price-increase-show-from":[""],"wpcf-price-increase-show-till":[""],"_wp_page_template":["template-sidebar-2.php"],"_last_translation_edit_mode":["translation-editor"],"_wpml_word_count":["543"],"cmplz_hide_cookiebanner":[""],"wpcf-price-increase-content":[""],"wpcf-login-box-title":[""],"wpcf-page-content":[""],"_yoast_wpseo_primary_related-projects-category":[""],"_yoast_wpseo_metadesc":["Aprenda c\u00f3mo traducir Rank Math con WPML. Traduzca todos los atributos SEO, incluidos los t\u00edtulos, las metadescripciones, los enlaces permanentes y m\u00e1s."],"_uag_page_assets":["a:9:{s:3:\"css\";s:260:\".uag-blocks-common-selector{z-index:var(--z-index-desktop) !important}@media(max-width: 976px){.uag-blocks-common-selector{z-index:var(--z-index-tablet) !important}}@media(max-width: 767px){.uag-blocks-common-selector{z-index:var(--z-index-mobile) !important}}\";s:2:\"js\";s:0:\"\";s:18:\"current_block_list\";a:7:{i:0;s:14:\"core\/paragraph\";i:1;s:12:\"core\/heading\";i:2;s:9:\"core\/list\";i:3;s:14:\"core\/list-item\";i:4;s:20:\"toolset-blocks\/image\";i:5;s:17:\"core\/preformatted\";i:6;s:14:\"core\/shortcode\";}s:8:\"uag_flag\";b:0;s:11:\"uag_version\";s:10:\"1778148746\";s:6:\"gfonts\";a:0:{}s:10:\"gfonts_url\";s:0:\"\";s:12:\"gfonts_files\";a:0:{}s:14:\"uag_faq_layout\";b:0;}"],"_uag_css_file_name":["uag-css-17578474.css"]},"uagb_featured_image_src":{"full":false,"thumbnail":false,"medium":false,"medium_large":false,"large":false,"1536x1536":false,"2048x2048":false,"gform-image-choice-sm":false,"gform-image-choice-md":false,"gform-image-choice-lg":false,"woocommerce_thumbnail":false,"woocommerce_single":false,"woocommerce_gallery_thumbnail":false},"uagb_author_info":{"display_name":"Tomer Helzer","author_link":"https:\/\/wpml.org\/es\/author\/tomer-h\/"},"uagb_comment_info":0,"uagb_excerpt":"Aprenda c\u00f3mo traducir Rank Math con WPML. Traduzca todos los atributos SEO, incluidos los t\u00edtulos, las metadescripciones, los enlaces permanentes y m\u00e1s. Empezando Para traducir Rank Math con WPML, necesita los siguientes plugins: Traducir los atributos SEO on-page WPML puede traducir todos los atributos SEO on-page. Esto incluye Actualmente, WPML no es compatible con las&hellip;","_links":{"self":[{"href":"https:\/\/wpml.org\/es\/wp-json\/wp\/v2\/pages\/17578474","targetHints":{"allow":["GET"]}}],"collection":[{"href":"https:\/\/wpml.org\/es\/wp-json\/wp\/v2\/pages"}],"about":[{"href":"https:\/\/wpml.org\/es\/wp-json\/wp\/v2\/types\/page"}],"author":[{"embeddable":true,"href":"https:\/\/wpml.org\/es\/wp-json\/wp\/v2\/users\/578773"}],"replies":[{"embeddable":true,"href":"https:\/\/wpml.org\/es\/wp-json\/wp\/v2\/comments?post=17578474"}],"version-history":[{"count":6,"href":"https:\/\/wpml.org\/es\/wp-json\/wp\/v2\/pages\/17578474\/revisions"}],"predecessor-version":[{"id":17854347,"href":"https:\/\/wpml.org\/es\/wp-json\/wp\/v2\/pages\/17578474\/revisions\/17854347"}],"up":[{"embeddable":true,"href":"https:\/\/wpml.org\/es\/wp-json\/wp\/v2\/pages\/16317464"}],"wp:attachment":[{"href":"https:\/\/wpml.org\/es\/wp-json\/wp\/v2\/media?parent=17578474"}],"wp:term":[{"taxonomy":"related-projects-category","embeddable":true,"href":"https:\/\/wpml.org\/es\/wp-json\/wp\/v2\/related-projects-category?post=17578474"}],"curies":[{"name":"wp","href":"https:\/\/api.w.org\/{rel}","templated":true}]}}