{"id":17965065,"date":"2019-10-21T05:13:56","date_gmt":"2019-10-21T05:13:56","guid":{"rendered":"https:\/\/wpml.org\/documentation-2\/traduccion-automatica-para-contenido-de-wordpress-con-wpml\/compartir-creditos-de-traduccion-automatica-entre-varios-sitios\/"},"modified":"2026-04-13T08:27:12","modified_gmt":"2026-04-13T08:27:12","slug":"compartir-creditos-de-traduccion-automatica-entre-varios-sitios","status":"publish","type":"page","link":"https:\/\/wpml.org\/es\/documentation-2\/traduccion-automatica-para-contenido-de-wordpress-con-wpml\/compartir-creditos-de-traduccion-automatica-entre-varios-sitios\/","title":{"rendered":"Compartir cr\u00e9ditos de traducci\u00f3n autom\u00e1tica entre varios sitios"},"content":{"rendered":"\n<p class=\"lead\">Aprenda a compartir cr\u00e9ditos de traducci\u00f3n autom\u00e1tica entre varios sitios conect\u00e1ndolos.<\/p>\n\n<p>Conectar sitios entre s\u00ed tiene algunas ventajas:<\/p>\n\n<ul class=\"wp-block-list\">\n<li><strong>Menor coste por cr\u00e9dito<\/strong> \u2013 el coste por cr\u00e9dito disminuye cuanto m\u00e1s traduzca, por lo que pagar todos sus sitios en una sola factura le ofrece la mejor oferta.<\/li>\n\n\n\n<li><strong>Memoria de traducci\u00f3n compartida<\/strong> \u2013 sus sitios comparten una \u00fanica memoria de traducci\u00f3n, por lo que nunca paga por traducir la misma frase dos veces, independientemente de en qu\u00e9 sitio aparezca.<\/li>\n\n\n\n<li><strong>Terminolog\u00eda coherente<\/strong> \u2013 un glosario compartido mantiene sus frases y t\u00e9rminos clave uniformes en todos los sitios, autom\u00e1ticamente.<\/li>\n\n\n\n<li><strong>Una sola factura<\/strong> \u2013 todos sus sitios se facturan juntos, por lo que solo hay una factura de la que hacer seguimiento.<\/li>\n\n\n\n<li><strong>Paquetes de cr\u00e9ditos flexibles<\/strong> \u2013 los cr\u00e9ditos que compre se comparten entre todos sus sitios registrados, sin necesidad de asignarlos a cada sitio de forma individual.<\/li>\n<\/ul>\n\n<h2 class=\"wp-block-heading\">C\u00f3mo conectar sus sitios<\/h2>\n\n<p>Para conectar sitios a un saldo compartido de traducci\u00f3n autom\u00e1tica:<\/p>\n\n<ol class=\"wp-block-list\">\n<li>Inicie sesi\u00f3n en el sitio que desea conectar a otro: el que utiliza cr\u00e9ditos.<\/li>\n\n\n\n<li>Vaya a <strong>WPML<\/strong> \u2192 <strong>Panel de traducci\u00f3n<\/strong> y cambie a la pesta\u00f1a <strong>Pagos y mantenimiento<\/strong>.<\/li>\n\n\n\n<li>Despl\u00e1cese hacia abajo hasta <strong>Motor de traducci\u00f3n autom\u00e1tica<\/strong> y haga clic en <strong>Sitios conectados<\/strong>.<\/li>\n\n\n\n<li>Haga clic en el bot\u00f3n <strong>Copiar c\u00f3digo de migraci\u00f3n<\/strong>.  <\/li>\n<\/ol>\n<div class=\"wp-block-image\">\n<figure class=\" tb-image tb-image-dynamic tb-image-frame-none aligncenter\" data-toolset-blocks-image=\"3af1cc06c14c5bfa8fd8cb998b2fa8f1\"><a href=\"https:\/\/wpml.org\/wp-content\/uploads\/2026\/03\/copy-migration-code.png\"><img decoding=\"async\" width=\"1024\" height=\"600\" loading=\"lazy\" src=\"https:\/\/wpml.org\/wp-content\/uploads\/2026\/03\/copy-migration-code-1024x600.png\" alt=\"copy migration code button\" class=\"wp-image-17930645\" srcset=\"https:\/\/wpml.org\/wp-content\/uploads\/2026\/03\/copy-migration-code-1024x600.png 1024w, https:\/\/wpml.org\/wp-content\/uploads\/2026\/03\/copy-migration-code-300x176.png 300w, https:\/\/wpml.org\/wp-content\/uploads\/2026\/03\/copy-migration-code-150x88.png 150w, https:\/\/wpml.org\/wp-content\/uploads\/2026\/03\/copy-migration-code-768x450.png 768w, https:\/\/wpml.org\/wp-content\/uploads\/2026\/03\/copy-migration-code-1536x900.png 1536w, https:\/\/wpml.org\/wp-content\/uploads\/2026\/03\/copy-migration-code-2048x1200.png 2048w\" sizes=\"auto, (max-width: 1024px) 100vw, 1024px\" \/><\/a><figcaption><div class=\"tb-image-caption\"><em>Bot\u00f3n Copiar c\u00f3digo de migraci\u00f3n<\/em><\/div><\/figcaption><\/figure>\n<\/div>\n<ol start=\"5\" class=\"wp-block-list\">\n<li>A continuaci\u00f3n, inicie sesi\u00f3n en el sitio que est\u00e1 usando cr\u00e9ditos.  <\/li>\n\n\n\n<li>Vaya a la ubicaci\u00f3n <strong>Sitios conectados <\/strong>y haga clic en el bot\u00f3n <strong>Introducir la clave de conexi\u00f3n de otro sitio<\/strong>. Pegue el c\u00f3digo que acaba de copiar y guarde. <\/li>\n<\/ol>\n<div class=\"wp-block-image\">\n<figure class=\" tb-image tb-image-dynamic tb-image-frame-none aligncenter\" data-toolset-blocks-image=\"ddca628a7c6e8c9109169d1fc0479fa7\"><a href=\"https:\/\/wpml.org\/wp-content\/uploads\/2026\/03\/enter-migration-code.png\"><img decoding=\"async\" width=\"1024\" height=\"600\" loading=\"lazy\" src=\"https:\/\/wpml.org\/wp-content\/uploads\/2026\/03\/enter-migration-code-1024x600.png\" alt=\"Enter migration code button\" class=\"wp-image-17930670\" srcset=\"https:\/\/wpml.org\/wp-content\/uploads\/2026\/03\/enter-migration-code-1024x600.png 1024w, https:\/\/wpml.org\/wp-content\/uploads\/2026\/03\/enter-migration-code-300x176.png 300w, https:\/\/wpml.org\/wp-content\/uploads\/2026\/03\/enter-migration-code-150x88.png 150w, https:\/\/wpml.org\/wp-content\/uploads\/2026\/03\/enter-migration-code-768x450.png 768w, https:\/\/wpml.org\/wp-content\/uploads\/2026\/03\/enter-migration-code-1536x900.png 1536w, https:\/\/wpml.org\/wp-content\/uploads\/2026\/03\/enter-migration-code-2048x1200.png 2048w\" sizes=\"auto, (max-width: 1024px) 100vw, 1024px\" \/><\/a><figcaption><div class=\"tb-image-caption\"><em>Bot\u00f3n Introducir c\u00f3digo de migraci\u00f3n<\/em><\/div><\/figcaption><\/figure>\n<\/div>\n<p>Ahora ambos sitios usar\u00e1n cr\u00e9ditos de un fondo compartido.<\/p>\n\n<h3 class=\"wp-block-heading\" id=\"wpml-migration-wizard\">Conectar copias de sitios mediante el asistente de migraci\u00f3n de WPML<\/h3>\n\n<p>A veces, puede que desee crear una copia de su sitio con fines de prueba. En esos casos, tambi\u00e9n puede querer compartir cr\u00e9ditos o una suscripci\u00f3n de pago por uso entre su sitio web original y su copia de pruebas. Esto se puede hacer mediante el asistente de migraci\u00f3n de WPML, que aparece autom\u00e1ticamente cuando WPML detecta cambios en la URL de su sitio.  <\/p>\n\n<p>M\u00e1s informaci\u00f3n sobre <a href=\"https:\/\/wpml.org\/documentation\/translating-your-contents\/advanced-translation-editor\/using-advanced-translation-editor-when-you-move-or-use-a-copy-of-your-site\/\">c\u00f3mo usar el asistente de migraci\u00f3n para conectar copias de su sitio<\/a>.<\/p>\n\n<p>A trav\u00e9s del asistente de migraci\u00f3n, WPML detecta si su sitio es una copia y le pregunta si desea compartir cr\u00e9ditos entre el sitio nuevo y el original. Para ello:<\/p>\n\n<ol class=\"wp-block-list\">\n<li>Haga clic en el enlace para generar un c\u00f3digo de migraci\u00f3n \u00fanico en su sitio original.<\/li>\n\n\n\n<li>Copie el c\u00f3digo de su sitio web original y p\u00e9guelo en el asistente de migraci\u00f3n.<\/li>\n<\/ol>\n<div class=\"wp-block-image\">\n<figure class=\" tb-image tb-image-dynamic tb-image-frame-none aligncenter\" data-toolset-blocks-image=\"b19919c985ddd5271cb22276b3e9b90f\"><a href=\"https:\/\/wpml.org\/wp-content\/uploads\/2025\/08\/wpml-translation-dashboard-connecting-translation-credits.png\"><img decoding=\"async\" width=\"1024\" height=\"465\" loading=\"lazy\" src=\"https:\/\/wpml.org\/wp-content\/uploads\/2025\/08\/wpml-translation-dashboard-connecting-translation-credits-1024x465.png\" alt=\"Connecting automatic translation credits\" class=\"wp-image-17350929\" srcset=\"https:\/\/wpml.org\/wp-content\/uploads\/2025\/08\/wpml-translation-dashboard-connecting-translation-credits-1024x465.png 1024w, https:\/\/wpml.org\/wp-content\/uploads\/2025\/08\/wpml-translation-dashboard-connecting-translation-credits-300x136.png 300w, https:\/\/wpml.org\/wp-content\/uploads\/2025\/08\/wpml-translation-dashboard-connecting-translation-credits-150x68.png 150w, https:\/\/wpml.org\/wp-content\/uploads\/2025\/08\/wpml-translation-dashboard-connecting-translation-credits-768x348.png 768w, https:\/\/wpml.org\/wp-content\/uploads\/2025\/08\/wpml-translation-dashboard-connecting-translation-credits-1536x697.png 1536w, https:\/\/wpml.org\/wp-content\/uploads\/2025\/08\/wpml-translation-dashboard-connecting-translation-credits.png 1999w\" sizes=\"auto, (max-width: 1024px) 100vw, 1024px\" \/><\/a><figcaption><div class=\"tb-image-caption\"><em>Conectar un sitio original y su copia para compartir cr\u00e9ditos de traducci\u00f3n mediante el asistente de migraci\u00f3n de WPML<\/em><\/div><\/figcaption><\/figure>\n<\/div>\n<h2 class=\"wp-block-heading\">\u00bfNo puede conectar sitios?<\/h2>\n\n<p>En algunos casos, el sistema podr\u00eda impedirle conectar sitios. A continuaci\u00f3n se indican un par de motivos por los que esto podr\u00eda ocurrir. <\/p>\n\n<h3 class=\"wp-block-heading\">No puede fusionar sitios que tengan cuentas activas<\/h3>\n\n<p>Si ambos sitios tienen cuentas activas e independientes para la traducci\u00f3n autom\u00e1tica, debe:<\/p>\n\n<ol class=\"wp-block-list\">\n<li>Cancelar la cuenta en uno de estos dos sitios.<\/li>\n\n\n\n<li>Esperar a que se active el cargo de la cuenta cancelada (normalmente tarda alrededor de una hora).<\/li>\n\n\n\n<li>Pagar la factura final de la cuenta cancelada.<\/li>\n\n\n\n<li>Obtener el c\u00f3digo de migraci\u00f3n del sitio con la cuenta cancelada e introducirlo en el sitio con la cuenta que sigue activa.<\/li>\n<\/ol>\n\n<h3 class=\"wp-block-heading\">No puede conectar sitios que tengan una factura pendiente en la cuenta de traducci\u00f3n autom\u00e1tica<\/h3>\n\n<p>Si un sitio tiene una factura sin pagar, tendr\u00e1 que abonarla antes de poder conectar el sitio a otro.<\/p>\n\n<h2 class=\"wp-block-heading\">C\u00f3mo desconectar sitios<\/h2>\n\n<p>Los sitios conectados comparten una memoria de traducci\u00f3n, un glosario y cr\u00e9ditos. Esto significa que, cuando desconecte un sitio: <\/p>\n\n<ul class=\"wp-block-list\">\n<li>Se cancelar\u00e1n las traducciones en curso en ese sitio.<\/li>\n\n\n\n<li>Se restablecer\u00e1n la memoria de traducci\u00f3n y el glosario de ese sitio.<\/li>\n\n\n\n<li>Tendr\u00e1 que <a href=\"https:\/\/wpml.org\/es\/documentation-2\/traduccion-automatica-para-contenido-de-wordpress-con-wpml\/precios-del-servicio-de-traduccion-automatica\/\">asignar cr\u00e9ditos<\/a> o <a href=\"https:\/\/wpml.org\/es\/documentation-2\/traduccion-automatica-para-contenido-de-wordpress-con-wpml\/como-registrarse-al-sistema-de-pago-por-uso\/\">suscribirse al pago por uso<\/a> para seguir usando la traducci\u00f3n autom\u00e1tica en el sitio, ya que dejar\u00e1 de compartir cr\u00e9ditos con sus otros sitios.<\/li>\n<\/ul>\n\n<p>Para desconectar un sitio:<\/p>\n\n<ol class=\"wp-block-list\">\n<li>Vaya a <strong>WPML<\/strong> \u2192 <strong>Panel de traducci\u00f3n<\/strong> y haga clic en la pesta\u00f1a <strong>Pagos y mantenimiento<\/strong>.<\/li>\n\n\n\n<li>Despliegue el men\u00fa desplegable <strong>Sitios conectados<\/strong>.<\/li>\n\n\n\n<li>Haga clic en el icono de desvincular junto al sitio que desea desconectar.<\/li>\n<\/ol>\n<div class=\"wp-block-image\">\n<figure class=\" tb-image tb-image-dynamic tb-image-frame-none aligncenter\" data-toolset-blocks-image=\"e8524dd70247b754dd63253bc55b4c4a\"><a href=\"https:\/\/wpml.org\/wp-content\/uploads\/2023\/06\/wpml-disconnect-site.png\"><img decoding=\"async\" width=\"2156\" height=\"782\" loading=\"lazy\" src=\"https:\/\/wpml.org\/wp-content\/uploads\/2023\/06\/wpml-disconnect-site.png\" alt=\"\" class=\"wp-image-13791407\" srcset=\"https:\/\/wpml.org\/wp-content\/uploads\/2023\/06\/wpml-disconnect-site.png 2156w, https:\/\/wpml.org\/wp-content\/uploads\/2023\/06\/wpml-disconnect-site-300x109.png 300w, https:\/\/wpml.org\/wp-content\/uploads\/2023\/06\/wpml-disconnect-site-1024x371.png 1024w, https:\/\/wpml.org\/wp-content\/uploads\/2023\/06\/wpml-disconnect-site-150x54.png 150w, https:\/\/wpml.org\/wp-content\/uploads\/2023\/06\/wpml-disconnect-site-768x279.png 768w, https:\/\/wpml.org\/wp-content\/uploads\/2023\/06\/wpml-disconnect-site-1536x557.png 1536w, https:\/\/wpml.org\/wp-content\/uploads\/2023\/06\/wpml-disconnect-site-2048x743.png 2048w\" sizes=\"auto, (max-width: 2156px) 100vw, 2156px\" \/><\/a><figcaption><div class=\"tb-image-caption\"><em>Desconectar sitios que comparten cr\u00e9ditos de traducci\u00f3n autom\u00e1tica o una cuenta de pago por uso<\/em><\/div><\/figcaption><\/figure>\n<\/div>","protected":false},"excerpt":{"rendered":"<p>Aprenda a compartir cr\u00e9ditos de traducci\u00f3n autom\u00e1tica entre varios sitios conect\u00e1ndolos. Conectar sitios entre s\u00ed tiene algunas ventajas: C\u00f3mo conectar sus sitios Para conectar sitios a un saldo compartido de traducci\u00f3n autom\u00e1tica: Ahora ambos sitios usar\u00e1n cr\u00e9ditos de un fondo compartido. Conectar copias de sitios mediante el asistente de migraci\u00f3n de WPML A veces, puede [&hellip;]<\/p>\n","protected":false},"author":76577,"featured_media":0,"parent":4844549,"menu_order":35,"comment_status":"closed","ping_status":"closed","template":"template-sidebar-2.php","meta":{"_bbp_topic_count":0,"_bbp_reply_count":0,"_bbp_total_topic_count":0,"_bbp_total_reply_count":0,"_bbp_voice_count":0,"_bbp_anonymous_reply_count":0,"_bbp_topic_count_hidden":0,"_bbp_reply_count_hidden":0,"_bbp_forum_subforum_count":0,"_uag_custom_page_level_css":"","ep_exclude_from_search":false,"footnotes":""},"related-projects-category":[],"class_list":["post-17965065","page","type-page","status-publish","hentry"],"spectra_custom_meta":{"_subscription_coupon_product_id":["0"],"_wpv_contains_gutenberg_views":[""],"_alp_processed":["1776068832"],"_last_translation_edit_mode":["translation-editor"],"_views_template":["0"],"wpcf-unformatted-code":[""],"_wpml_media_duplicate":["1"],"_wpml_media_featured":["1"],"toolset_post_editor_mode":["block"],"wpcf-price-increase-show-from":[""],"wpcf-price-increase-show-till":[""],"_wp_page_template":["template-sidebar-2.php"],"_yoast_wpseo_title":["%%title%% %%page%%"],"_yoast_wpseo_metadesc":["Aprenda a compartir cr\u00e9ditos de traducci\u00f3n autom\u00e1tica entre varios sitios conect\u00e1ndolos."],"_wpml_word_count":["741"],"_uag_css_file_name":["uag-css-17965065.css"],"_uag_page_assets":["a:9:{s:3:\"css\";s:260:\".uag-blocks-common-selector{z-index:var(--z-index-desktop) !important}@media(max-width: 976px){.uag-blocks-common-selector{z-index:var(--z-index-tablet) !important}}@media(max-width: 767px){.uag-blocks-common-selector{z-index:var(--z-index-mobile) !important}}\";s:2:\"js\";s:0:\"\";s:18:\"current_block_list\";a:6:{i:0;s:14:\"core\/paragraph\";i:1;s:9:\"core\/list\";i:2;s:14:\"core\/list-item\";i:3;s:12:\"core\/heading\";i:4;s:20:\"toolset-blocks\/image\";i:5;s:14:\"core\/shortcode\";}s:8:\"uag_flag\";b:0;s:11:\"uag_version\";s:10:\"1778514872\";s:6:\"gfonts\";a:0:{}s:10:\"gfonts_url\";s:0:\"\";s:12:\"gfonts_files\";a:0:{}s:14:\"uag_faq_layout\";b:0;}"]},"uagb_featured_image_src":{"full":false,"thumbnail":false,"medium":false,"medium_large":false,"large":false,"1536x1536":false,"2048x2048":false,"gform-image-choice-sm":false,"gform-image-choice-md":false,"gform-image-choice-lg":false,"woocommerce_thumbnail":false,"woocommerce_single":false,"woocommerce_gallery_thumbnail":false},"uagb_author_info":{"display_name":"Dario","author_link":"https:\/\/wpml.org\/es\/author\/darioh\/"},"uagb_comment_info":0,"uagb_excerpt":"Aprenda a compartir cr\u00e9ditos de traducci\u00f3n autom\u00e1tica entre varios sitios conect\u00e1ndolos. Conectar sitios entre s\u00ed tiene algunas ventajas: C\u00f3mo conectar sus sitios Para conectar sitios a un saldo compartido de traducci\u00f3n autom\u00e1tica: Ahora ambos sitios usar\u00e1n cr\u00e9ditos de un fondo compartido. Conectar copias de sitios mediante el asistente de migraci\u00f3n de WPML A veces, puede&hellip;","_links":{"self":[{"href":"https:\/\/wpml.org\/es\/wp-json\/wp\/v2\/pages\/17965065","targetHints":{"allow":["GET"]}}],"collection":[{"href":"https:\/\/wpml.org\/es\/wp-json\/wp\/v2\/pages"}],"about":[{"href":"https:\/\/wpml.org\/es\/wp-json\/wp\/v2\/types\/page"}],"author":[{"embeddable":true,"href":"https:\/\/wpml.org\/es\/wp-json\/wp\/v2\/users\/76577"}],"replies":[{"embeddable":true,"href":"https:\/\/wpml.org\/es\/wp-json\/wp\/v2\/comments?post=17965065"}],"version-history":[{"count":2,"href":"https:\/\/wpml.org\/es\/wp-json\/wp\/v2\/pages\/17965065\/revisions"}],"predecessor-version":[{"id":17965068,"href":"https:\/\/wpml.org\/es\/wp-json\/wp\/v2\/pages\/17965065\/revisions\/17965068"}],"up":[{"embeddable":true,"href":"https:\/\/wpml.org\/es\/wp-json\/wp\/v2\/pages\/4844549"}],"wp:attachment":[{"href":"https:\/\/wpml.org\/es\/wp-json\/wp\/v2\/media?parent=17965065"}],"wp:term":[{"taxonomy":"related-projects-category","embeddable":true,"href":"https:\/\/wpml.org\/es\/wp-json\/wp\/v2\/related-projects-category?post=17965065"}],"curies":[{"name":"wp","href":"https:\/\/api.w.org\/{rel}","templated":true}]}}