{"id":2432555,"date":"2017-06-12T10:26:48","date_gmt":"2017-06-12T10:26:48","guid":{"rendered":"https:\/\/wpml.org\/documentation-2\/guia-de-inicio\/traducir-campos-personalizados\/"},"modified":"2026-02-04T14:28:27","modified_gmt":"2026-02-04T14:28:27","slug":"traducir-campos-personalizados","status":"publish","type":"page","link":"https:\/\/wpml.org\/es\/documentation-2\/guia-de-inicio\/traducir-campos-personalizados\/","title":{"rendered":"Traduzca los campos personalizados con WPML"},"content":{"rendered":"\n<p class=\"lead\">Aprenda a traducir campos personalizados en WordPress a m\u00e1s idiomas con WPML.<\/p>\n\n<p>Los campos personalizados le permiten a\u00f1adir datos adicionales como texto, im\u00e1genes o selecciones a sus entradas, p\u00e1ginas y tipos de entradas personalizadas. <\/p>\n\n<p>Por ejemplo, un sitio web de bienes ra\u00edces podr\u00eda usar un tipo de entrada personalizada llamado \u201cPropiedades\u201d, que tiene campos personalizados como Precio, Tipo de propiedad y N\u00famero de habitaciones. Con WPML, puede traducir estos campos como cualquier otro contenido de su sitio web. <\/p>\n\n<figure class=\"wp-block-image tb-image tb-image-dynamic tb-image-frame-none\" data-toolset-blocks-image=\"705765218e4d86d580d0e56e91595af8\"><a href=\"https:\/\/wpml.org\/wp-content\/uploads\/2025\/10\/Custom-post-with-custom-fields.png\"><img decoding=\"async\" width=\"1024\" height=\"790\" loading=\"lazy\" src=\"https:\/\/wpml.org\/wp-content\/uploads\/2025\/10\/Custom-post-with-custom-fields-1024x790.png\" alt=\"Custom post with custom fields\" class=\"wp-image-17481092\" srcset=\"https:\/\/wpml.org\/wp-content\/uploads\/2025\/10\/Custom-post-with-custom-fields-1024x790.png 1024w, https:\/\/wpml.org\/wp-content\/uploads\/2025\/10\/Custom-post-with-custom-fields-300x231.png 300w, https:\/\/wpml.org\/wp-content\/uploads\/2025\/10\/Custom-post-with-custom-fields-150x116.png 150w, https:\/\/wpml.org\/wp-content\/uploads\/2025\/10\/Custom-post-with-custom-fields-768x592.png 768w, https:\/\/wpml.org\/wp-content\/uploads\/2025\/10\/Custom-post-with-custom-fields-1536x1185.png 1536w, https:\/\/wpml.org\/wp-content\/uploads\/2025\/10\/Custom-post-with-custom-fields.png 1600w\" sizes=\"auto, (max-width: 1024px) 100vw, 1024px\" \/><\/a><figcaption><div class=\"tb-image-caption\">Entrada personalizada con campos personalizados<\/div><\/figcaption><\/figure>\n\n<p><\/p>\n\n<div class=\"wp-block-toolset-blocks-container tb-container\" data-toolset-blocks-container=\"f908b134276ba3432b0b77744504af0a\">\n<div class=\"wp-block-toolset-blocks-grid tb-grid\" data-toolset-blocks-grid=\"11c011d4d76e7a5d432ca395f201a03b\">\n<div class=\"wp-block-toolset-blocks-grid-column tb-grid-column tb-grid-align-top\" data-toolset-blocks-grid-column=\"3034fbe886c11054e95b46b09d3e4112\">\n<div class=\"wp-block-toolset-blocks-container tb-container\" data-toolset-blocks-container=\"5cf35f77ebe86fbe26ba5394e7247dee\"><\/div>\n<\/div>\n\n\n\n<div class=\"wp-block-toolset-blocks-grid-column tb-grid-column tb-grid-align-top\" data-toolset-blocks-grid-column=\"3034fbe886c11054e95b46b09d3e4112\">\n<p>Si est\u00e1 utilizando ACF para construir sus campos personalizados, siga la gu\u00eda de WPML para <a href=\"https:\/\/wpml.org\/es\/documentation-2\/proyectos-relacionados\/advanced-custom-fields-acf-multilingual-traduce-todos-los-campos-con-wpml\/\">traducir campos personalizados de ACF<\/a>.<\/p>\n<\/div>\n<\/div>\n<\/div>\n\n<h2 class=\"wp-block-heading\"><strong>C\u00f3mo traducir campos personalizados<\/strong><\/h2>\n\n<p>Para traducir campos personalizados con WPML:<\/p>\n\n<ol class=\"wp-block-list\">\n<li>Ve a <strong>WPML<\/strong> \u2192 <strong>Ajustes<\/strong>.<\/li>\n\n\n\n<li>Despl\u00e1cese hacia abajo hasta la secci\u00f3n <strong>Traducci\u00f3n de campos personalizados<\/strong>. <\/li>\n\n\n\n<li>Establezca una preferencia de traducci\u00f3n para cada campo personalizado.<\/li>\n<\/ol>\n\n<figure class=\"wp-block-image tb-image tb-image-dynamic tb-image-frame-none\" data-toolset-blocks-image=\"673df9f6d51f90a46d39244d83465e4a\"><a href=\"https:\/\/wpml.org\/wp-content\/uploads\/2025\/10\/Setting-translation-options-for-custom-fields.png\"><img decoding=\"async\" width=\"1024\" height=\"331\" loading=\"lazy\" src=\"https:\/\/wpml.org\/wp-content\/uploads\/2025\/10\/Setting-translation-options-for-custom-fields-1024x331.png\" alt=\"Setting translation options for custom fields\" class=\"wp-image-17481106\" srcset=\"https:\/\/wpml.org\/wp-content\/uploads\/2025\/10\/Setting-translation-options-for-custom-fields-1024x331.png 1024w, https:\/\/wpml.org\/wp-content\/uploads\/2025\/10\/Setting-translation-options-for-custom-fields-300x97.png 300w, https:\/\/wpml.org\/wp-content\/uploads\/2025\/10\/Setting-translation-options-for-custom-fields-150x48.png 150w, https:\/\/wpml.org\/wp-content\/uploads\/2025\/10\/Setting-translation-options-for-custom-fields-768x248.png 768w, https:\/\/wpml.org\/wp-content\/uploads\/2025\/10\/Setting-translation-options-for-custom-fields-1536x496.png 1536w, https:\/\/wpml.org\/wp-content\/uploads\/2025\/10\/Setting-translation-options-for-custom-fields.png 1600w\" sizes=\"auto, (max-width: 1024px) 100vw, 1024px\" \/><\/a><figcaption><div class=\"tb-image-caption\">Estableciendo opciones de traducci\u00f3n para campos personalizados<\/div><\/figcaption><\/figure>\n\n<p><\/p>\n\n<ol start=\"4\" class=\"wp-block-list\">\n<li>Finalmente, vaya a <strong>WPML<\/strong> \u2192 <strong>Panel de traducci\u00f3n<\/strong> y env\u00ede el contenido con sus campos personalizados para su traducci\u00f3n. Para obtener la mejor calidad de traducci\u00f3n, le recomendamos que utilice la <a href=\"https:\/\/wpml.org\/es\/documentation-2\/traduccion-automatica-para-contenido-de-wordpress-con-wpml\/\">traducci\u00f3n autom\u00e1tica<\/a> de WPML.<\/li>\n<\/ol>\n\n<figure class=\"wp-block-image tb-image tb-image-dynamic tb-image-frame-none\" data-toolset-blocks-image=\"3c247aa3e5298f0e99b818d81f0d978e\"><a href=\"https:\/\/wpml.org\/wp-content\/uploads\/2026\/02\/Selecting-post-with-custom-fields-for-translation.png\"><img decoding=\"async\" width=\"1024\" height=\"611\" loading=\"lazy\" src=\"https:\/\/wpml.org\/wp-content\/uploads\/2026\/02\/Selecting-post-with-custom-fields-for-translation-1024x611.png\" alt=\"Selecting post with custom fields for translation\" class=\"wp-image-17792312\" srcset=\"https:\/\/wpml.org\/wp-content\/uploads\/2026\/02\/Selecting-post-with-custom-fields-for-translation-1024x611.png 1024w, https:\/\/wpml.org\/wp-content\/uploads\/2026\/02\/Selecting-post-with-custom-fields-for-translation-300x179.png 300w, https:\/\/wpml.org\/wp-content\/uploads\/2026\/02\/Selecting-post-with-custom-fields-for-translation-150x90.png 150w, https:\/\/wpml.org\/wp-content\/uploads\/2026\/02\/Selecting-post-with-custom-fields-for-translation-768x458.png 768w, https:\/\/wpml.org\/wp-content\/uploads\/2026\/02\/Selecting-post-with-custom-fields-for-translation-1536x917.png 1536w, https:\/\/wpml.org\/wp-content\/uploads\/2026\/02\/Selecting-post-with-custom-fields-for-translation.png 1600w\" sizes=\"auto, (max-width: 1024px) 100vw, 1024px\" \/><\/a><figcaption><div class=\"tb-image-caption\">Seleccionando entrada con campos personalizados para la traducci\u00f3n<\/div><\/figcaption><\/figure>\n\n<p>Sus campos personalizados ahora aparecer\u00e1n traducidos al cambiar de idioma.<\/p>\n\n<div class=\"wp-block-toolset-blocks-grid tb-grid\" data-toolset-blocks-grid=\"3d9c399fe625e1b972f817a0680229f6\">\n<div class=\"wp-block-toolset-blocks-grid-column tb-grid-column tb-grid-align-top\" data-toolset-blocks-grid-column=\"3034fbe886c11054e95b46b09d3e4112\">\n<figure class=\"wp-block-image tb-image tb-image-dynamic tb-image-frame-none\" data-toolset-blocks-image=\"31312e777e633d48752a511b81fd8f31\"><a href=\"https:\/\/wpml.org\/wp-content\/uploads\/2025\/10\/Custom-fields-in-English-1.png\"><img decoding=\"async\" width=\"1024\" height=\"589\" loading=\"lazy\" src=\"https:\/\/wpml.org\/wp-content\/uploads\/2025\/10\/Custom-fields-in-English-1-1024x589.png\" alt=\"Custom fields in English\" class=\"wp-image-17481164\" srcset=\"https:\/\/wpml.org\/wp-content\/uploads\/2025\/10\/Custom-fields-in-English-1-1024x589.png 1024w, https:\/\/wpml.org\/wp-content\/uploads\/2025\/10\/Custom-fields-in-English-1-300x173.png 300w, https:\/\/wpml.org\/wp-content\/uploads\/2025\/10\/Custom-fields-in-English-1-150x86.png 150w, https:\/\/wpml.org\/wp-content\/uploads\/2025\/10\/Custom-fields-in-English-1-768x442.png 768w, https:\/\/wpml.org\/wp-content\/uploads\/2025\/10\/Custom-fields-in-English-1-1536x884.png 1536w, https:\/\/wpml.org\/wp-content\/uploads\/2025\/10\/Custom-fields-in-English-1.png 1600w\" sizes=\"auto, (max-width: 1024px) 100vw, 1024px\" \/><\/a><figcaption><div class=\"tb-image-caption\">Campos personalizados en ingl\u00e9s<\/div><\/figcaption><\/figure>\n<\/div>\n\n\n\n<div class=\"wp-block-toolset-blocks-grid-column tb-grid-column tb-grid-align-top\" data-toolset-blocks-grid-column=\"3034fbe886c11054e95b46b09d3e4112\">\n<figure class=\"wp-block-image tb-image tb-image-dynamic tb-image-frame-none\" data-toolset-blocks-image=\"a35486d0955bdcddfda931691d87395d\"><a href=\"https:\/\/wpml.org\/wp-content\/uploads\/2025\/10\/Custom-fields-in-Spanish-1.png\"><img decoding=\"async\" width=\"1024\" height=\"595\" loading=\"lazy\" src=\"https:\/\/wpml.org\/wp-content\/uploads\/2025\/10\/Custom-fields-in-Spanish-1-1024x595.png\" alt=\"Custom fields in Spanish\" class=\"wp-image-17481150\" srcset=\"https:\/\/wpml.org\/wp-content\/uploads\/2025\/10\/Custom-fields-in-Spanish-1-1024x595.png 1024w, https:\/\/wpml.org\/wp-content\/uploads\/2025\/10\/Custom-fields-in-Spanish-1-300x174.png 300w, https:\/\/wpml.org\/wp-content\/uploads\/2025\/10\/Custom-fields-in-Spanish-1-150x87.png 150w, https:\/\/wpml.org\/wp-content\/uploads\/2025\/10\/Custom-fields-in-Spanish-1-768x446.png 768w, https:\/\/wpml.org\/wp-content\/uploads\/2025\/10\/Custom-fields-in-Spanish-1-1536x892.png 1536w, https:\/\/wpml.org\/wp-content\/uploads\/2025\/10\/Custom-fields-in-Spanish-1.png 1600w\" sizes=\"auto, (max-width: 1024px) 100vw, 1024px\" \/><\/a><figcaption><div class=\"tb-image-caption\">Campos personalizados en espa\u00f1ol<\/div><\/figcaption><\/figure>\n<\/div>\n<\/div>\n\n<h2 class=\"wp-block-heading\">Preguntas frecuentes<\/h2>\n\n<div id=\"faq\" class=\"wp-block-toolset-blocks-container tb-container\" data-toolset-blocks-container=\"3c47785d6e1708c649124e2fe04a1b68\">\n<div class=\"wp-block-toolset-blocks-container tb-container\" data-toolset-blocks-container=\"40d6b7d75c97be28d62acd5aaafad645\">\n<details class=\"wp-block-details has-dark-gray-color has-text-color has-link-color wp-elements-5459fc2e08ec6d11a81f924790c363df is-layout-flow wp-block-details-is-layout-flow\" style=\"font-size:16px;font-style:normal;font-weight:700\" open><summary>\u00bfC\u00f3mo funcionan las opciones de traducci\u00f3n para campos personalizados?<\/summary>\n<div class=\"wp-block-toolset-blocks-container tb-container\" data-toolset-blocks-container=\"b55b9e366429f8319ddee947984288b0\">\n<p class=\"tb-heading has-text-color\" data-toolset-blocks-heading=\"2860add562799c34bdca10a6fba90f21\" data-last-update=\"1.4\">WPML ofrece cuatro preferencias de traducci\u00f3n para campos personalizados: <br\/><br\/><strong>Traducir<\/strong> <strong>\u2013 <\/strong>hace que los valores de sus campos personalizados sean traducibles (ideal para textos).<br\/><strong>Copiar \u2013 <\/strong>copia el valor del campo en todos los idiomas, manteni\u00e9ndolo igual en todas partes (ideal para n\u00fameros\/im\u00e1genes). <br\/><strong>Copiar una vez<\/strong> <strong>\u2013 <\/strong>copia el valor del idioma predeterminado una vez, lo que le permite crear diferentes valores de campo por idioma.<br\/><strong>No traducir<\/strong> <strong>\u2013 <\/strong>no hace nada.<\/p>\n\n\n\n<p class=\"tb-heading has-text-color\" data-toolset-blocks-heading=\"2860add562799c34bdca10a6fba90f21\" data-last-update=\"1.4\">Para saber qu\u00e9 opci\u00f3n elegir para cada campo, consulte nuestra gu\u00eda de <a href=\"https:\/\/wpml.org\/es\/documentation-2\/proyectos-relacionados\/advanced-custom-fields-acf-multilingual-traduce-todos-los-campos-con-wpml\/preferencias-de-traduccion-de-campos-personalizados-para-acf-y-wpml\/\">preferencias de traducci\u00f3n para campos personalizados<\/a>. <span id=\"docs-internal-guid-4d7fa5c0-7fff-f44b-7b8f-4dc1f5dcd09e\"><\/span><\/p>\n<\/div>\n<\/details>\n<\/div>\n\n\n\n<div class=\"wp-block-toolset-blocks-container tb-container\" data-toolset-blocks-container=\"40d6b7d75c97be28d62acd5aaafad645\">\n<details class=\"wp-block-details has-dark-gray-color has-text-color has-link-color wp-elements-ddecb9952a79d926673c6243317302ad is-layout-flow wp-block-details-is-layout-flow\" style=\"font-size:16px;font-style:normal;font-weight:700\"><summary>\u00bfPuedo traducir campos personalizados a\u00f1adidos con c\u00f3digo?<\/summary>\n<div class=\"wp-block-toolset-blocks-container tb-container\" data-toolset-blocks-container=\"b55b9e366429f8319ddee947984288b0\">\n<p class=\"tb-heading has-text-color\" data-toolset-blocks-heading=\"2860add562799c34bdca10a6fba90f21\" data-last-update=\"1.4\">S\u00ed, puede traducir campos personalizados a\u00f1adidos con c\u00f3digo. Primero, necesita <g id=\"gid_0\">registrar los campos en el archivo wpml-config.xml<\/g>. Una vez registrados, puede traducirlos como campos normales.   <\/p>\n<\/div>\n<\/details>\n<\/div>\n<\/div>\n","protected":false},"excerpt":{"rendered":"<p>Aprenda a traducir campos personalizados en WordPress a m\u00e1s idiomas con WPML. Los campos personalizados le permiten a\u00f1adir datos adicionales como texto, im\u00e1genes o selecciones a sus entradas, p\u00e1ginas y tipos de entradas personalizadas. Por ejemplo, un sitio web de bienes ra\u00edces podr\u00eda usar un tipo de entrada personalizada llamado \u201cPropiedades\u201d, que tiene campos personalizados [&hellip;]<\/p>\n","protected":false},"author":76577,"featured_media":0,"parent":1258,"menu_order":45,"comment_status":"closed","ping_status":"closed","template":"template-sidebar-2.php","meta":{"_bbp_topic_count":0,"_bbp_reply_count":0,"_bbp_total_topic_count":0,"_bbp_total_reply_count":0,"_bbp_voice_count":0,"_bbp_anonymous_reply_count":0,"_bbp_topic_count_hidden":0,"_bbp_reply_count_hidden":0,"_bbp_forum_subforum_count":0,"_uag_custom_page_level_css":"","ep_exclude_from_search":false,"footnotes":""},"related-projects-category":[],"class_list":["post-2432555","page","type-page","status-publish","hentry"],"spectra_custom_meta":{"ratings_users":["0"],"ratings_score":["0"],"ratings_average":["0"],"inline_featured_image":["0"],"_alp_processed":["1770215307"],"_views_template":["0"],"_wp_page_template":["template-sidebar-2.php"],"_wpml_media_featured":["1"],"_subscription_coupon_product_id":["0"],"_last_translation_edit_mode":["translation-editor"],"_oembed_b9ed4048f72ad6c7db9e194b36b2ddd7":["<iframe title=\"Add a Custom Language in WPML\" width=\"700\" height=\"394\" src=\"https:\/\/www.youtube.com\/embed\/gbdbEOQA0Kw?feature=oembed&enablejsapi=1&origin=https:\/\/wpml.org\" frameborder=\"0\" allow=\"accelerometer; autoplay; clipboard-write; encrypted-media; gyroscope; picture-in-picture\" allowfullscreen><\/iframe>"],"_oembed_time_b9ed4048f72ad6c7db9e194b36b2ddd7":["1605224275"],"_oembed_1caedca534b636d09c0950cf45fb0cb9":["<iframe title=\"WPML Setup for the First Time\" width=\"700\" height=\"394\" src=\"https:\/\/www.youtube.com\/embed\/O7zrroWtrpQ?feature=oembed&enablejsapi=1&origin=https:\/\/wpml.org\" frameborder=\"0\" allow=\"accelerometer; autoplay; clipboard-write; encrypted-media; gyroscope; picture-in-picture\" allowfullscreen><\/iframe>"],"_oembed_time_1caedca534b636d09c0950cf45fb0cb9":["1605224275"],"_oembed_6eeaaf76264d07834a5024ecc691d2d0":["<iframe title=\"Media Translation for WPML 4.0\" width=\"525\" height=\"394\" src=\"https:\/\/www.youtube.com\/embed\/8kvqMTy3r2g?feature=oembed&enablejsapi=1&origin=https:\/\/wpml.org\" frameborder=\"0\" allow=\"accelerometer; autoplay; clipboard-write; encrypted-media; gyroscope; picture-in-picture\" allowfullscreen><\/iframe>"],"_oembed_time_6eeaaf76264d07834a5024ecc691d2d0":["1605224275"],"toolset_post_editor_mode":["block"],"_oembed_2e34596e274cb24b66dc3b680fc8d773":["<iframe title=\"Using WPML to translate content created with Gutenberg editor\" width=\"700\" height=\"394\" src=\"https:\/\/www.youtube.com\/embed\/Lw1rdlVxXQ4?start=8&feature=oembed&enablejsapi=1&origin=https:\/\/wpml.org\" frameborder=\"0\" allow=\"accelerometer; autoplay; clipboard-write; encrypted-media; gyroscope; picture-in-picture\" allowfullscreen><\/iframe>"],"_oembed_time_2e34596e274cb24b66dc3b680fc8d773":["1646047528"],"wpcf-unformatted-code":[""],"wpcf-price-increase-show-from":[""],"wpcf-price-increase-show-till":[""],"_wpml_media_duplicate":["0"],"_wpml_word_count":["426"],"cmplz_hide_cookiebanner":[""],"wpcf-price-increase-content":[""],"wpcf-login-box-title":[""],"wpcf-page-content":[""],"_yoast_wpseo_primary_related-projects-category":[""],"_yoast_wpseo_title":["%%title%% %%page%%"],"_yoast_wpseo_metadesc":["Aprenda a traducir campos personalizados en WordPress a m\u00e1s idiomas con WPML."],"_uag_css_file_name":["uag-css-2432555.css"],"_uag_page_assets":["a:9:{s:3:\"css\";s:260:\".uag-blocks-common-selector{z-index:var(--z-index-desktop) !important}@media(max-width: 976px){.uag-blocks-common-selector{z-index:var(--z-index-tablet) !important}}@media(max-width: 767px){.uag-blocks-common-selector{z-index:var(--z-index-mobile) !important}}\";s:2:\"js\";s:0:\"\";s:18:\"current_block_list\";a:11:{i:0;s:14:\"core\/paragraph\";i:1;s:20:\"toolset-blocks\/image\";i:2;s:24:\"toolset-blocks\/container\";i:3;s:19:\"toolset-blocks\/grid\";i:4;s:26:\"toolset-blocks\/grid-column\";i:5;s:12:\"core\/heading\";i:6;s:9:\"core\/list\";i:7;s:14:\"core\/list-item\";i:10;s:12:\"core\/details\";i:12;s:22:\"toolset-blocks\/heading\";i:13;s:14:\"core\/shortcode\";}s:8:\"uag_flag\";b:0;s:11:\"uag_version\";s:10:\"1778281762\";s:6:\"gfonts\";a:0:{}s:10:\"gfonts_url\";s:0:\"\";s:12:\"gfonts_files\";a:0:{}s:14:\"uag_faq_layout\";b:0;}"]},"uagb_featured_image_src":{"full":false,"thumbnail":false,"medium":false,"medium_large":false,"large":false,"1536x1536":false,"2048x2048":false,"gform-image-choice-sm":false,"gform-image-choice-md":false,"gform-image-choice-lg":false,"woocommerce_thumbnail":false,"woocommerce_single":false,"woocommerce_gallery_thumbnail":false},"uagb_author_info":{"display_name":"Dario","author_link":"https:\/\/wpml.org\/es\/author\/darioh\/"},"uagb_comment_info":0,"uagb_excerpt":"Aprenda a traducir campos personalizados en WordPress a m\u00e1s idiomas con WPML. Los campos personalizados le permiten a\u00f1adir datos adicionales como texto, im\u00e1genes o selecciones a sus entradas, p\u00e1ginas y tipos de entradas personalizadas. Por ejemplo, un sitio web de bienes ra\u00edces podr\u00eda usar un tipo de entrada personalizada llamado \u201cPropiedades\u201d, que tiene campos personalizados&hellip;","_links":{"self":[{"href":"https:\/\/wpml.org\/es\/wp-json\/wp\/v2\/pages\/2432555","targetHints":{"allow":["GET"]}}],"collection":[{"href":"https:\/\/wpml.org\/es\/wp-json\/wp\/v2\/pages"}],"about":[{"href":"https:\/\/wpml.org\/es\/wp-json\/wp\/v2\/types\/page"}],"author":[{"embeddable":true,"href":"https:\/\/wpml.org\/es\/wp-json\/wp\/v2\/users\/76577"}],"replies":[{"embeddable":true,"href":"https:\/\/wpml.org\/es\/wp-json\/wp\/v2\/comments?post=2432555"}],"version-history":[{"count":8,"href":"https:\/\/wpml.org\/es\/wp-json\/wp\/v2\/pages\/2432555\/revisions"}],"predecessor-version":[{"id":17792319,"href":"https:\/\/wpml.org\/es\/wp-json\/wp\/v2\/pages\/2432555\/revisions\/17792319"}],"up":[{"embeddable":true,"href":"https:\/\/wpml.org\/es\/wp-json\/wp\/v2\/pages\/1258"}],"wp:attachment":[{"href":"https:\/\/wpml.org\/es\/wp-json\/wp\/v2\/media?parent=2432555"}],"wp:term":[{"taxonomy":"related-projects-category","embeddable":true,"href":"https:\/\/wpml.org\/es\/wp-json\/wp\/v2\/related-projects-category?post=2432555"}],"curies":[{"name":"wp","href":"https:\/\/api.w.org\/{rel}","templated":true}]}}