{"id":2432563,"date":"2017-06-12T10:26:37","date_gmt":"2017-06-12T10:26:37","guid":{"rendered":"https:\/\/wpml.org\/documentation-2\/guia-de-inicio\/traducir-entradas-personalizadas\/"},"modified":"2026-02-04T14:23:36","modified_gmt":"2026-02-04T14:23:36","slug":"traducir-entradas-personalizadas","status":"publish","type":"page","link":"https:\/\/wpml.org\/es\/documentation-2\/guia-de-inicio\/traducir-entradas-personalizadas\/","title":{"rendered":"C\u00f3mo traducir tipos de entradas personalizadas con WPML"},"content":{"rendered":"\n<p class=\"lead\">Aprenda a traducir sus tipos de entradas personalizadas en WordPress a m\u00e1s idiomas con WPML.<\/p>\n\n<h2 class=\"wp-block-heading\">Traducir tipos de entrada personalizados<\/h2>\n\n<p>Para traducir tipos de entradas personalizadas con WPML: <\/p>\n\n<ol class=\"wp-block-list\">\n<li>Vaya a <strong>WPML<\/strong> \u2192 <strong>panel de control de traducci\u00f3n<\/strong>.<\/li>\n\n\n\n<li>Seleccione las entradas personalizadas que desea traducir. <\/li>\n<\/ol>\n<div class=\"wp-block-image\">\n<figure class=\" tb-image tb-image-dynamic tb-image-frame-none aligncenter\" data-toolset-blocks-image=\"dffdf231c34d63ef4448a5e4efec5181\"><a href=\"https:\/\/wpml.org\/wp-content\/uploads\/2026\/02\/Selecting-custom-post-to-translate.png\"><img decoding=\"async\" width=\"1024\" height=\"596\" loading=\"lazy\" src=\"https:\/\/wpml.org\/wp-content\/uploads\/2026\/02\/Selecting-custom-post-to-translate-1024x596.png\" alt=\"Selecting custom post to translate\" class=\"wp-image-17792260\" srcset=\"https:\/\/wpml.org\/wp-content\/uploads\/2026\/02\/Selecting-custom-post-to-translate-1024x596.png 1024w, https:\/\/wpml.org\/wp-content\/uploads\/2026\/02\/Selecting-custom-post-to-translate-300x175.png 300w, https:\/\/wpml.org\/wp-content\/uploads\/2026\/02\/Selecting-custom-post-to-translate-150x87.png 150w, https:\/\/wpml.org\/wp-content\/uploads\/2026\/02\/Selecting-custom-post-to-translate-768x447.png 768w, https:\/\/wpml.org\/wp-content\/uploads\/2026\/02\/Selecting-custom-post-to-translate-1536x895.png 1536w, https:\/\/wpml.org\/wp-content\/uploads\/2026\/02\/Selecting-custom-post-to-translate.png 1600w\" sizes=\"auto, (max-width: 1024px) 100vw, 1024px\" \/><\/a><figcaption><div class=\"tb-image-caption\">Selecci\u00f3n de entrada personalizada para traducir<\/div><\/figcaption><\/figure>\n<\/div>\n<ol start=\"3\" class=\"wp-block-list\">\n<li>Elija un m\u00e9todo de traducci\u00f3n (le recomendamos la <a href=\"https:\/\/wpml.org\/es\/documentation-2\/traduccion-automatica-para-contenido-de-wordpress-con-wpml\/\">traducci\u00f3n autom\u00e1tica<\/a> de WPML, de gran precisi\u00f3n) y haga clic en <strong>Traducir<\/strong>.<\/li>\n<\/ol>\n\n<h2 class=\"wp-block-heading\">\u00bfNo encuentra sus tipos de entrada personalizados?<\/h2>\n\n<p>Si no ve su tipo de entrada personalizado en el <strong>Panel de control de traducci\u00f3n<\/strong>:<\/p>\n\n<ol class=\"wp-block-list\">\n<li>Vaya a <strong>WPML <\/strong>\u2192 <strong>Ajustes <\/strong>y despl\u00e1cese hacia abajo hasta <strong>Traducci\u00f3n de tipos de entradas<\/strong>. <\/li>\n\n\n\n<li>Localice el tipo de entrada personalizado que desea traducir y establ\u00e9zcalo en <strong>Traducible: mostrar solo los elementos traducidos<\/strong>. Haga clic en <strong>Guardar<\/strong> para confirmar. <\/li>\n<\/ol>\n\n<figure class=\"wp-block-image tb-image tb-image-dynamic tb-image-frame-none\" data-toolset-blocks-image=\"6dcf2e6a6cb22c2f8fcebb74f23c35a9\"><a href=\"https:\/\/wpml.org\/wp-content\/uploads\/2025\/08\/Setting-Recipe-custom-post-type-as-Translatable.png\"><img decoding=\"async\" width=\"1024\" height=\"496\" loading=\"lazy\" src=\"https:\/\/wpml.org\/wp-content\/uploads\/2025\/08\/Setting-Recipe-custom-post-type-as-Translatable-1024x496.png\" alt=\"Setting Recipe custom post type as Translatable\" class=\"wp-image-17334109\" srcset=\"https:\/\/wpml.org\/wp-content\/uploads\/2025\/08\/Setting-Recipe-custom-post-type-as-Translatable-1024x496.png 1024w, https:\/\/wpml.org\/wp-content\/uploads\/2025\/08\/Setting-Recipe-custom-post-type-as-Translatable-300x145.png 300w, https:\/\/wpml.org\/wp-content\/uploads\/2025\/08\/Setting-Recipe-custom-post-type-as-Translatable-150x73.png 150w, https:\/\/wpml.org\/wp-content\/uploads\/2025\/08\/Setting-Recipe-custom-post-type-as-Translatable-768x372.png 768w, https:\/\/wpml.org\/wp-content\/uploads\/2025\/08\/Setting-Recipe-custom-post-type-as-Translatable-1536x744.png 1536w, https:\/\/wpml.org\/wp-content\/uploads\/2025\/08\/Setting-Recipe-custom-post-type-as-Translatable.png 1600w\" sizes=\"auto, (max-width: 1024px) 100vw, 1024px\" \/><\/a><figcaption><div class=\"tb-image-caption\">Establecer el tipo de entrada personalizado Receta como Traducible <\/div><\/figcaption><\/figure>\n\n<p>Su tipo de entrada personalizado ahora deber\u00eda aparecer en el <strong>Panel de traducci\u00f3n<\/strong>.<\/p>\n\n<div class=\"wp-block-toolset-blocks-container tb-container\" data-toolset-blocks-container=\"f908b134276ba3432b0b77744504af0a\">\n<div class=\"wp-block-toolset-blocks-grid tb-grid\" data-toolset-blocks-grid=\"0625d28d153dcf59262d47978e68087a\">\n<div class=\"wp-block-toolset-blocks-grid-column tb-grid-column tb-grid-align-top\" data-toolset-blocks-grid-column=\"3034fbe886c11054e95b46b09d3e4112\">\n<div class=\"wp-block-toolset-blocks-container tb-container\" data-toolset-blocks-container=\"5cf35f77ebe86fbe26ba5394e7247dee\"><\/div>\n<\/div>\n\n\n\n<div class=\"wp-block-toolset-blocks-grid-column tb-grid-column tb-grid-align-top\" data-toolset-blocks-grid-column=\"3034fbe886c11054e95b46b09d3e4112\">\n<p>Para obtener m\u00e1s informaci\u00f3n sobre el Panel de Traducci\u00f3n, consulte nuestra gu\u00eda completa sobre <a href=\"https:\/\/wpml.org\/how-to\/translation-dashboard\/\">c\u00f3mo utilizar el Panel de Traducci\u00f3n<\/a>. <\/p>\n<\/div>\n<\/div>\n<\/div>\n","protected":false},"excerpt":{"rendered":"<p>Aprenda a traducir sus tipos de entradas personalizadas en WordPress a m\u00e1s idiomas con WPML. Traducir tipos de entrada personalizados Para traducir tipos de entradas personalizadas con WPML: \u00bfNo encuentra sus tipos de entrada personalizados? Si no ve su tipo de entrada personalizado en el Panel de control de traducci\u00f3n: Su tipo de entrada personalizado [&hellip;]<\/p>\n","protected":false},"author":76577,"featured_media":0,"parent":1258,"menu_order":44,"comment_status":"closed","ping_status":"closed","template":"template-sidebar-2.php","meta":{"_bbp_topic_count":0,"_bbp_reply_count":0,"_bbp_total_topic_count":0,"_bbp_total_reply_count":0,"_bbp_voice_count":0,"_bbp_anonymous_reply_count":0,"_bbp_topic_count_hidden":0,"_bbp_reply_count_hidden":0,"_bbp_forum_subforum_count":0,"_uag_custom_page_level_css":"","ep_exclude_from_search":false,"footnotes":""},"related-projects-category":[],"class_list":["post-2432563","page","type-page","status-publish","hentry"],"spectra_custom_meta":{"ratings_users":["0"],"ratings_score":["0"],"ratings_average":["0"],"inline_featured_image":["0"],"_alp_processed":["1770215016"],"_views_template":["0"],"_wp_page_template":["template-sidebar-2.php"],"_wpml_media_featured":["1"],"_wpml_media_duplicate":["0"],"_subscription_coupon_product_id":["0"],"_last_translation_edit_mode":["translation-editor"],"_oembed_085e890236af876c824fa92e59328670":["<iframe title=\"Translating Menus in WPML\" width=\"700\" height=\"394\" src=\"https:\/\/www.youtube.com\/embed\/aFQuEGQs19c?feature=oembed&enablejsapi=1&origin=https:\/\/wpml.org\" frameborder=\"0\" allow=\"accelerometer; autoplay; clipboard-write; encrypted-media; gyroscope; picture-in-picture\" allowfullscreen><\/iframe>"],"_oembed_time_085e890236af876c824fa92e59328670":["1612440166"],"_oembed_6eeaaf76264d07834a5024ecc691d2d0":["<iframe title=\"Media Translation for WPML 4.0\" width=\"525\" height=\"394\" src=\"https:\/\/www.youtube.com\/embed\/8kvqMTy3r2g?feature=oembed&enablejsapi=1&origin=https:\/\/wpml.org\" frameborder=\"0\" allow=\"accelerometer; autoplay; clipboard-write; encrypted-media; gyroscope; picture-in-picture\" allowfullscreen><\/iframe>"],"_oembed_time_6eeaaf76264d07834a5024ecc691d2d0":["1612440167"],"wpcf-unformatted-code":[""],"toolset_post_editor_mode":["block"],"wpcf-price-increase-show-from":[""],"wpcf-price-increase-show-till":[""],"_wpml_word_count":["208"],"cmplz_hide_cookiebanner":[""],"wpcf-price-increase-content":[""],"wpcf-login-box-title":[""],"wpcf-page-content":[""],"_yoast_wpseo_primary_related-projects-category":[""],"_yoast_wpseo_metadesc":["Aprenda a traducir sus tipos de entradas personalizadas en WordPress a m\u00e1s idiomas con WPML."],"_yoast_wpseo_focuskw":["traducir tipos de entrada personalizados"],"_uag_css_file_name":["uag-css-2432563.css"],"_uag_page_assets":["a:9:{s:3:\"css\";s:260:\".uag-blocks-common-selector{z-index:var(--z-index-desktop) !important}@media(max-width: 976px){.uag-blocks-common-selector{z-index:var(--z-index-tablet) !important}}@media(max-width: 767px){.uag-blocks-common-selector{z-index:var(--z-index-mobile) !important}}\";s:2:\"js\";s:0:\"\";s:18:\"current_block_list\";a:9:{i:0;s:14:\"core\/paragraph\";i:1;s:12:\"core\/heading\";i:2;s:9:\"core\/list\";i:3;s:14:\"core\/list-item\";i:4;s:20:\"toolset-blocks\/image\";i:5;s:24:\"toolset-blocks\/container\";i:6;s:19:\"toolset-blocks\/grid\";i:7;s:26:\"toolset-blocks\/grid-column\";i:8;s:14:\"core\/shortcode\";}s:8:\"uag_flag\";b:0;s:11:\"uag_version\";s:10:\"1778265650\";s:6:\"gfonts\";a:0:{}s:10:\"gfonts_url\";s:0:\"\";s:12:\"gfonts_files\";a:0:{}s:14:\"uag_faq_layout\";b:0;}"]},"uagb_featured_image_src":{"full":false,"thumbnail":false,"medium":false,"medium_large":false,"large":false,"1536x1536":false,"2048x2048":false,"gform-image-choice-sm":false,"gform-image-choice-md":false,"gform-image-choice-lg":false,"woocommerce_thumbnail":false,"woocommerce_single":false,"woocommerce_gallery_thumbnail":false},"uagb_author_info":{"display_name":"Dario","author_link":"https:\/\/wpml.org\/es\/author\/darioh\/"},"uagb_comment_info":0,"uagb_excerpt":"Aprenda a traducir sus tipos de entradas personalizadas en WordPress a m\u00e1s idiomas con WPML. Traducir tipos de entrada personalizados Para traducir tipos de entradas personalizadas con WPML: \u00bfNo encuentra sus tipos de entrada personalizados? Si no ve su tipo de entrada personalizado en el Panel de control de traducci\u00f3n: Su tipo de entrada personalizado&hellip;","_links":{"self":[{"href":"https:\/\/wpml.org\/es\/wp-json\/wp\/v2\/pages\/2432563","targetHints":{"allow":["GET"]}}],"collection":[{"href":"https:\/\/wpml.org\/es\/wp-json\/wp\/v2\/pages"}],"about":[{"href":"https:\/\/wpml.org\/es\/wp-json\/wp\/v2\/types\/page"}],"author":[{"embeddable":true,"href":"https:\/\/wpml.org\/es\/wp-json\/wp\/v2\/users\/76577"}],"replies":[{"embeddable":true,"href":"https:\/\/wpml.org\/es\/wp-json\/wp\/v2\/comments?post=2432563"}],"version-history":[{"count":8,"href":"https:\/\/wpml.org\/es\/wp-json\/wp\/v2\/pages\/2432563\/revisions"}],"predecessor-version":[{"id":17792266,"href":"https:\/\/wpml.org\/es\/wp-json\/wp\/v2\/pages\/2432563\/revisions\/17792266"}],"up":[{"embeddable":true,"href":"https:\/\/wpml.org\/es\/wp-json\/wp\/v2\/pages\/1258"}],"wp:attachment":[{"href":"https:\/\/wpml.org\/es\/wp-json\/wp\/v2\/media?parent=2432563"}],"wp:term":[{"taxonomy":"related-projects-category","embeddable":true,"href":"https:\/\/wpml.org\/es\/wp-json\/wp\/v2\/related-projects-category?post=2432563"}],"curies":[{"name":"wp","href":"https:\/\/api.w.org\/{rel}","templated":true}]}}