{"id":3507301,"date":"2013-06-16T11:52:50","date_gmt":"2013-06-16T11:52:50","guid":{"rendered":"https:\/\/wpml.org\/documentation-2\/guia-de-inicio\/traduccion-de-categorias-de-entradas-y-taxonomias-personalizadas\/"},"modified":"2026-02-26T07:19:51","modified_gmt":"2026-02-26T07:19:51","slug":"traduccion-de-categorias-de-entradas-y-taxonomias-personalizadas","status":"publish","type":"page","link":"https:\/\/wpml.org\/es\/documentation-2\/guia-de-inicio\/traduccion-de-categorias-de-entradas-y-taxonomias-personalizadas\/","title":{"rendered":"Traducci\u00f3n de Categor\u00edas de Publicaciones, Etiquetas y Taxonom\u00edas Personalizadas"},"content":{"rendered":"\n<p class=\"lead\">Aprenda a traducir categor\u00edas, etiquetas, categor\u00edas de productos y taxonom\u00edas personalizadas de WordPress a m\u00e1s idiomas con WPML.<\/p>\n\n<h2 class=\"wp-block-heading\" id=\"getting-started\">C\u00f3mo empezar<\/h2>\n\n<p>Para traducir taxonom\u00edas, instale y active los siguientes plugins: <\/p>\n\n<ul class=\"wp-block-list\">\n<li>WPML<\/li>\n\n\n\n<li>WPML String Translation<\/li>\n\n\n\n<li><a href=\"https:\/\/wpml.org\/documentation\/related-projects\/woocommerce-multilingual\/\">WPML Multilingual &amp; Multicurrency for WooCommerce<\/a> (if you\u2019re translating product categories)<\/li>\n<\/ul>\n\n<h2 class=\"wp-block-heading\" id=\"translate-taxonomies-with-wpml\">Traducir taxonom\u00edas con WPML<\/h2>\n\n<p>Para traducir cualquier taxonom\u00eda con WPML, simplemente env\u00ede su contenido para su traducci\u00f3n a trav\u00e9s de <strong>WPML <\/strong>\u2192 <strong>Panel de control de traducci\u00f3n<\/strong>. WPML traduce sus taxonom\u00edas junto con el resto de su contenido. <\/p>\n\n<div class=\"wp-block-toolset-blocks-grid tb-grid\" data-toolset-blocks-grid=\"3d9c399fe625e1b972f817a0680229f6\">\n<div class=\"wp-block-toolset-blocks-grid-column tb-grid-column tb-grid-align-top\" data-toolset-blocks-grid-column=\"3034fbe886c11054e95b46b09d3e4112\"><div class=\"wp-block-image\">\n<figure class=\" tb-image tb-image-dynamic tb-image-frame-none aligncenter\" data-toolset-blocks-image=\"1b8f14bb8f198dacdc1d695e6f89f7c4\"><a href=\"https:\/\/wpml.org\/wp-content\/uploads\/2026\/02\/Sending-post-for-translation-via-Translation-Dashboard.png\"><img decoding=\"async\" width=\"1024\" height=\"625\" loading=\"lazy\" src=\"https:\/\/wpml.org\/wp-content\/uploads\/2026\/02\/Sending-post-for-translation-via-Translation-Dashboard-1024x625.png\" alt=\"Sending post for translation via Translation Dashboard\" class=\"wp-image-17792244\" srcset=\"https:\/\/wpml.org\/wp-content\/uploads\/2026\/02\/Sending-post-for-translation-via-Translation-Dashboard-1024x625.png 1024w, https:\/\/wpml.org\/wp-content\/uploads\/2026\/02\/Sending-post-for-translation-via-Translation-Dashboard-300x183.png 300w, https:\/\/wpml.org\/wp-content\/uploads\/2026\/02\/Sending-post-for-translation-via-Translation-Dashboard-150x92.png 150w, https:\/\/wpml.org\/wp-content\/uploads\/2026\/02\/Sending-post-for-translation-via-Translation-Dashboard-768x469.png 768w, https:\/\/wpml.org\/wp-content\/uploads\/2026\/02\/Sending-post-for-translation-via-Translation-Dashboard-1536x938.png 1536w, https:\/\/wpml.org\/wp-content\/uploads\/2026\/02\/Sending-post-for-translation-via-Translation-Dashboard.png 1600w\" sizes=\"auto, (max-width: 1024px) 100vw, 1024px\" \/><\/a><figcaption><div class=\"tb-image-caption\">Env\u00edo de entradas para su traducci\u00f3n a trav\u00e9s del Panel de traducci\u00f3n<\/div><\/figcaption><\/figure>\n<\/div><\/div>\n\n\n\n<div class=\"wp-block-toolset-blocks-grid-column tb-grid-column tb-grid-align-top\" data-toolset-blocks-grid-column=\"3034fbe886c11054e95b46b09d3e4112\">\n<figure class=\"wp-block-image tb-image tb-image-dynamic tb-image-frame-none\" data-toolset-blocks-image=\"dc9300a0469c50276954155297092c0f\"><a href=\"https:\/\/wpml.org\/wp-content\/uploads\/2024\/06\/Taxonomy-term-in-Spanish.png\"><img decoding=\"async\" width=\"1024\" height=\"664\" loading=\"lazy\" src=\"https:\/\/wpml.org\/wp-content\/uploads\/2024\/06\/Taxonomy-term-in-Spanish-1024x664.png\" alt=\"translated taxonomy in post \" class=\"wp-image-15821801\" srcset=\"https:\/\/wpml.org\/wp-content\/uploads\/2024\/06\/Taxonomy-term-in-Spanish-1024x664.png 1024w, https:\/\/wpml.org\/wp-content\/uploads\/2024\/06\/Taxonomy-term-in-Spanish-300x195.png 300w, https:\/\/wpml.org\/wp-content\/uploads\/2024\/06\/Taxonomy-term-in-Spanish-150x97.png 150w, https:\/\/wpml.org\/wp-content\/uploads\/2024\/06\/Taxonomy-term-in-Spanish-768x498.png 768w, https:\/\/wpml.org\/wp-content\/uploads\/2024\/06\/Taxonomy-term-in-Spanish-1536x996.png 1536w, https:\/\/wpml.org\/wp-content\/uploads\/2024\/06\/Taxonomy-term-in-Spanish.png 2047w\" sizes=\"auto, (max-width: 1024px) 100vw, 1024px\" \/><\/a><figcaption><div class=\"tb-image-caption\">Taxonom\u00eda traducida en la entrada<\/div><\/figcaption><\/figure>\n<\/div>\n<\/div>\n\n<p>Si sus taxonom\u00edas no se traducen, aseg\u00farese de que est\u00e9n configuradas como <strong>Traducibles<\/strong>: <\/p>\n\n<ol class=\"wp-block-list\">\n<li>Vaya a <strong>WPML<\/strong> \u2192 <strong>Ajustes<\/strong> y despl\u00e1cese hacia abajo hasta <strong>Traducci\u00f3n de taxonom\u00edas<\/strong>.<\/li>\n\n\n\n<li>Encuentre su taxonom\u00eda y aseg\u00farese de que est\u00e9 configurada como <strong>Traducible<\/strong> <strong>\u2013 mostrar solo los elementos traducidos<\/strong>. <\/li>\n<\/ol>\n\n<figure class=\"wp-block-image tb-image tb-image-dynamic tb-image-frame-none\" data-toolset-blocks-image=\"fffd3eb96b79731e2e4841d291a40900\"><a href=\"https:\/\/wpml.org\/wp-content\/uploads\/2025\/08\/Making-taxonomies-Translatable-in-WPML-Settings.png\"><img decoding=\"async\" width=\"1024\" height=\"493\" loading=\"lazy\" src=\"https:\/\/wpml.org\/wp-content\/uploads\/2025\/08\/Making-taxonomies-Translatable-in-WPML-Settings-1024x493.png\" alt=\"Making taxonomies Translatable in WPML Settings\" class=\"wp-image-17334005\" srcset=\"https:\/\/wpml.org\/wp-content\/uploads\/2025\/08\/Making-taxonomies-Translatable-in-WPML-Settings-1024x493.png 1024w, https:\/\/wpml.org\/wp-content\/uploads\/2025\/08\/Making-taxonomies-Translatable-in-WPML-Settings-300x144.png 300w, https:\/\/wpml.org\/wp-content\/uploads\/2025\/08\/Making-taxonomies-Translatable-in-WPML-Settings-150x72.png 150w, https:\/\/wpml.org\/wp-content\/uploads\/2025\/08\/Making-taxonomies-Translatable-in-WPML-Settings-768x370.png 768w, https:\/\/wpml.org\/wp-content\/uploads\/2025\/08\/Making-taxonomies-Translatable-in-WPML-Settings-1536x739.png 1536w, https:\/\/wpml.org\/wp-content\/uploads\/2025\/08\/Making-taxonomies-Translatable-in-WPML-Settings.png 1600w\" sizes=\"auto, (max-width: 1024px) 100vw, 1024px\" \/><\/a><figcaption><div class=\"tb-image-caption\">Hacer que las taxonom\u00edas sean traducibles en los ajustes de WPML<\/div><\/figcaption><\/figure>\n\n<h2 class=\"wp-block-heading\" id=\"translate-taxonomy-base-slugs\">Traducir los slugs base de la taxonom\u00eda<\/h2>\n\n<p>Los slugs base de la taxonom\u00eda son la parte de una URL que va antes de los t\u00e9rminos individuales de la taxonom\u00eda. Por ejemplo, en un blog de viajes con <strong>Destinos<\/strong> como slug base de la taxonom\u00eda y <strong>Espa\u00f1a<\/strong> como t\u00e9rmino de la taxonom\u00eda, una URL tendr\u00eda este aspecto: <\/p>\n\n<figure class=\"wp-block-image tb-image tb-image-dynamic tb-image-frame-none\" data-toolset-blocks-image=\"7ae07d3c732f011423dab0f430431d99\"><a href=\"https:\/\/wpml.org\/wp-content\/uploads\/2024\/05\/Taxonomy-base-slugs-1.png\"><img decoding=\"async\" width=\"1024\" height=\"602\" loading=\"lazy\" src=\"https:\/\/wpml.org\/wp-content\/uploads\/2024\/05\/Taxonomy-base-slugs-1-1024x602.png\" alt=\"Taxonomy base slug in URL\" class=\"wp-image-15652933\" srcset=\"https:\/\/wpml.org\/wp-content\/uploads\/2024\/05\/Taxonomy-base-slugs-1-1024x602.png 1024w, https:\/\/wpml.org\/wp-content\/uploads\/2024\/05\/Taxonomy-base-slugs-1-300x176.png 300w, https:\/\/wpml.org\/wp-content\/uploads\/2024\/05\/Taxonomy-base-slugs-1-150x88.png 150w, https:\/\/wpml.org\/wp-content\/uploads\/2024\/05\/Taxonomy-base-slugs-1-768x452.png 768w, https:\/\/wpml.org\/wp-content\/uploads\/2024\/05\/Taxonomy-base-slugs-1-1536x903.png 1536w, https:\/\/wpml.org\/wp-content\/uploads\/2024\/05\/Taxonomy-base-slugs-1.png 1665w\" sizes=\"auto, (max-width: 1024px) 100vw, 1024px\" \/><\/a><figcaption><div class=\"tb-image-caption\">Slug base de la taxonom\u00eda en la URL<\/div><\/figcaption><\/figure>\n\n<p>Para traducir los slugs base de la taxonom\u00eda con WPML: <\/p>\n\n<ol class=\"wp-block-list\">\n<li>Vaya a <strong>WPML \u2192 Ajustes<\/strong> y despl\u00e1cese hacia abajo hasta la secci\u00f3n <strong>Traducci\u00f3n de taxonom\u00edas<\/strong>.<\/li>\n\n\n\n<li>Configure su taxonom\u00eda personalizada en una de las dos opciones de traducci\u00f3n y <strong>Guarde<\/strong>.<\/li>\n\n\n\n<li>Haga clic en la opci\u00f3n <strong>Establecer diferentes slugs en diferentes idiomas para {Nombre de la taxonom\u00eda}<\/strong> que aparece y rellene los slugs traducidos para cada idioma.<\/li>\n<\/ol>\n\n<h2 class=\"wp-block-heading\" id=\"edit-taxonomy-translations\">Actualizar las traducciones de la taxonom\u00eda<\/h2>\n\n<p>Para actualizar las traducciones de la taxonom\u00eda: <\/p>\n\n<ol class=\"wp-block-list\">\n<li>Vaya a <strong>WPML<\/strong> \u2192 <strong>Traducci\u00f3n de taxonom\u00edas<\/strong>.<\/li>\n\n\n\n<li>Seleccione la taxonom\u00eda que desea actualizar y realice los cambios.<\/li>\n<\/ol>\n\n<figure class=\"wp-block-image tb-image tb-image-dynamic tb-image-frame-none\" data-toolset-blocks-image=\"9ebd1cc2fc5ada7beb7624d0d9dbe36e\"><a href=\"https:\/\/wpml.org\/wp-content\/uploads\/2024\/05\/Editing-taxonomy-translations.png\"><img decoding=\"async\" width=\"1024\" height=\"559\" loading=\"lazy\" src=\"https:\/\/wpml.org\/wp-content\/uploads\/2024\/05\/Editing-taxonomy-translations-1024x559.png\" alt=\"Editing taxonomy translations\" class=\"wp-image-15647752\" srcset=\"https:\/\/wpml.org\/wp-content\/uploads\/2024\/05\/Editing-taxonomy-translations-1024x559.png 1024w, https:\/\/wpml.org\/wp-content\/uploads\/2024\/05\/Editing-taxonomy-translations-300x164.png 300w, https:\/\/wpml.org\/wp-content\/uploads\/2024\/05\/Editing-taxonomy-translations-150x82.png 150w, https:\/\/wpml.org\/wp-content\/uploads\/2024\/05\/Editing-taxonomy-translations-768x419.png 768w, https:\/\/wpml.org\/wp-content\/uploads\/2024\/05\/Editing-taxonomy-translations-1536x838.png 1536w, https:\/\/wpml.org\/wp-content\/uploads\/2024\/05\/Editing-taxonomy-translations.png 1600w\" sizes=\"auto, (max-width: 1024px) 100vw, 1024px\" \/><\/a><figcaption><div class=\"tb-image-caption\">Edici\u00f3n de traducciones de taxonom\u00eda <\/div><\/figcaption><\/figure>\n\n<p>Si desea actualizar las traducciones de la taxonom\u00eda autom\u00e1ticamente: <\/p>\n\n<ol class=\"wp-block-list\">\n<li>Vaya a <strong>WPML<\/strong> \u2192 <strong>Ajustes<\/strong> y despl\u00e1cese hacia abajo hasta <strong>Opciones de documentos traducidos<\/strong>. <\/li>\n\n\n\n<li>Desmarque <strong>No mostrar las taxonom\u00edas traducidas en el Editor de traducci\u00f3n<\/strong>. <\/li>\n\n\n\n<li>Por \u00faltimo, env\u00ede una p\u00e1gina o entrada que tenga la taxonom\u00eda que desea actualizar para su traducci\u00f3n. WPML actualizar\u00e1 autom\u00e1ticamente la traducci\u00f3n de la taxonom\u00eda junto con el resto de su contenido.  <\/li>\n<\/ol>\n\n<figure class=\"wp-block-image tb-image tb-image-dynamic tb-image-frame-none\" data-toolset-blocks-image=\"6f400a93afa8d059dc35a21141202597\"><a href=\"https:\/\/wpml.org\/wp-content\/uploads\/2019\/09\/translating-taxonomies-in-ATE.png\"><img decoding=\"async\" width=\"1024\" height=\"672\" loading=\"lazy\" src=\"https:\/\/wpml.org\/wp-content\/uploads\/2019\/09\/translating-taxonomies-in-ATE-1024x672.png\" alt=\"Translating taxonomies in ATE\" class=\"wp-image-16945183\" srcset=\"https:\/\/wpml.org\/wp-content\/uploads\/2019\/09\/translating-taxonomies-in-ATE-1024x672.png 1024w, https:\/\/wpml.org\/wp-content\/uploads\/2019\/09\/translating-taxonomies-in-ATE-300x197.png 300w, https:\/\/wpml.org\/wp-content\/uploads\/2019\/09\/translating-taxonomies-in-ATE-150x98.png 150w, https:\/\/wpml.org\/wp-content\/uploads\/2019\/09\/translating-taxonomies-in-ATE-768x504.png 768w, https:\/\/wpml.org\/wp-content\/uploads\/2019\/09\/translating-taxonomies-in-ATE-1536x1008.png 1536w, https:\/\/wpml.org\/wp-content\/uploads\/2019\/09\/translating-taxonomies-in-ATE.png 1914w\" sizes=\"auto, (max-width: 1024px) 100vw, 1024px\" \/><\/a><figcaption><div class=\"tb-image-caption\">Traducci\u00f3n autom\u00e1tica de taxonom\u00edas en el Editor de traducci\u00f3n avanzado<\/div><\/figcaption><\/figure>\n\n<h2 class=\"wp-block-heading\" id=\"sync-taxonomy-structure\">Sincronizar la estructura de taxonom\u00eda en todos los idiomas<\/h2>\n\n<p>Si cambia la estructura de la taxonom\u00eda de su sitio en el idioma por defecto, necesita sincronizar este cambio en todos sus idiomas.<\/p>\n\n<p>Para sincronizar su estructura de taxonom\u00eda en todos los idiomas: <\/p>\n\n<ol class=\"wp-block-list\">\n<li>Vaya a <strong>WPML<\/strong> \u2192 <strong>Traducci\u00f3n de taxonom\u00edas<\/strong>.<\/li>\n\n\n\n<li>Seleccione la taxonom\u00eda que desea sincronizar y cambie a la pesta\u00f1a <strong>Sincronizaci\u00f3n de jerarqu\u00eda<\/strong>. Haga clic en <strong>actualizar jerarqu\u00eda de taxonom\u00eda<\/strong> para sincronizar.  <\/li>\n<\/ol>\n\n<figure class=\"wp-block-image tb-image tb-image-dynamic tb-image-frame-none\" data-toolset-blocks-image=\"da0f05689c4d9d88a7bda7201c84b5af\"><a href=\"https:\/\/wpml.org\/wp-content\/uploads\/2024\/05\/Syncing-taxonomy-structure-across-languages.png\"><img decoding=\"async\" width=\"1024\" height=\"609\" loading=\"lazy\" src=\"https:\/\/wpml.org\/wp-content\/uploads\/2024\/05\/Syncing-taxonomy-structure-across-languages-1024x609.png\" alt=\"Syncing taxonomy structure across languages\" class=\"wp-image-15647795\" srcset=\"https:\/\/wpml.org\/wp-content\/uploads\/2024\/05\/Syncing-taxonomy-structure-across-languages-1024x609.png 1024w, https:\/\/wpml.org\/wp-content\/uploads\/2024\/05\/Syncing-taxonomy-structure-across-languages-300x178.png 300w, https:\/\/wpml.org\/wp-content\/uploads\/2024\/05\/Syncing-taxonomy-structure-across-languages-150x89.png 150w, https:\/\/wpml.org\/wp-content\/uploads\/2024\/05\/Syncing-taxonomy-structure-across-languages-768x457.png 768w, https:\/\/wpml.org\/wp-content\/uploads\/2024\/05\/Syncing-taxonomy-structure-across-languages.png 1438w\" sizes=\"auto, (max-width: 1024px) 100vw, 1024px\" \/><\/a><figcaption><div class=\"tb-image-caption\">Sincronizaci\u00f3n de la estructura de taxonom\u00eda en todos los idiomas<\/div><\/figcaption><\/figure>\n","protected":false},"excerpt":{"rendered":"<p>Aprenda a traducir categor\u00edas, etiquetas, categor\u00edas de productos y taxonom\u00edas personalizadas de WordPress a m\u00e1s idiomas con WPML. C\u00f3mo empezar Para traducir taxonom\u00edas, instale y active los siguientes plugins: Traducir taxonom\u00edas con WPML Para traducir cualquier taxonom\u00eda con WPML, simplemente env\u00ede su contenido para su traducci\u00f3n a trav\u00e9s de WPML \u2192 Panel de control de [&hellip;]<\/p>\n","protected":false},"author":578773,"featured_media":0,"parent":1258,"menu_order":47,"comment_status":"closed","ping_status":"closed","template":"template-sidebar-2.php","meta":{"_bbp_topic_count":0,"_bbp_reply_count":0,"_bbp_total_topic_count":0,"_bbp_total_reply_count":0,"_bbp_voice_count":0,"_bbp_anonymous_reply_count":0,"_bbp_topic_count_hidden":0,"_bbp_reply_count_hidden":0,"_bbp_forum_subforum_count":0,"_uag_custom_page_level_css":"","ep_exclude_from_search":false,"footnotes":""},"related-projects-category":[],"class_list":["post-3507301","page","type-page","status-publish","hentry"],"spectra_custom_meta":{"ratings_users":["0"],"ratings_score":["0"],"ratings_average":["0"],"_subscription_coupon_product_id":["0"],"inline_featured_image":["0"],"_alp_processed":["1772090392"],"_views_template":["0"],"_wpml_media_featured":["1"],"_wp_page_template":["template-sidebar-2.php"],"wpcf-unformatted-code":[""],"toolset_post_editor_mode":["block"],"wpcf-price-increase-show-from":[""],"wpcf-price-increase-show-till":[""],"_oembed_809539948dec7d9364864e7814a4a558":["<iframe title=\"How we translate wpml.org\" width=\"700\" height=\"394\" src=\"https:\/\/www.youtube.com\/embed\/FxScQ-bkOXo?feature=oembed&enablejsapi=1&origin=https:\/\/wpml.org\" frameborder=\"0\" allow=\"accelerometer; autoplay; clipboard-write; encrypted-media; gyroscope; picture-in-picture\" allowfullscreen><\/iframe>"],"_oembed_time_809539948dec7d9364864e7814a4a558":["1634637896"],"_last_translation_edit_mode":["translation-editor"],"_oembed_bbf56b1d4c25ce11481afba39f176f85":["<iframe title=\"Using WPML to translate content created with page builders\" width=\"700\" height=\"394\" src=\"https:\/\/www.youtube.com\/embed\/MSqNzrdPMkE?feature=oembed&enablejsapi=1&origin=https:\/\/wpml.org\" frameborder=\"0\" allow=\"accelerometer; autoplay; clipboard-write; encrypted-media; gyroscope; picture-in-picture\" allowfullscreen><\/iframe>"],"_oembed_time_bbf56b1d4c25ce11481afba39f176f85":["1655807421"],"_oembed_085e890236af876c824fa92e59328670":["<iframe title=\"Translating Menus in WPML\" width=\"700\" height=\"394\" src=\"https:\/\/www.youtube.com\/embed\/aFQuEGQs19c?feature=oembed&enablejsapi=1&origin=https:\/\/wpml.org\" frameborder=\"0\" allow=\"accelerometer; autoplay; clipboard-write; encrypted-media; gyroscope; picture-in-picture\" allowfullscreen><\/iframe>"],"_oembed_time_085e890236af876c824fa92e59328670":["1668506238"],"_wpml_media_duplicate":["0"],"_oembed_4cfc36a20eaaa6d52ffcb90b45efbebf":["{{unknown}}"],"_oembed_4ba9cd2220e447854339cd9ed2c0e9c3":["{{unknown}}"],"_oembed_8f7288ccd1228336cd0cbad12f165507":["{{unknown}}"],"_wpml_word_count":["546"],"cmplz_hide_cookiebanner":[""],"wpcf-price-increase-content":[""],"wpcf-relevant-forum-documentation":["1"],"wpcf-login-box-title":[""],"wpcf-page-content":[""],"_yoast_wpseo_primary_related-projects-category":[""],"_oembed_8b192c37df925cacb831b3922e69595d":["<iframe title=\"Using WPML To Translate Pages Built With Fusion Builder (Avada Theme)\" width=\"700\" height=\"394\" src=\"https:\/\/www.youtube.com\/embed\/_bNqjjBPdGA?feature=oembed&enablejsapi=1&origin=https:\/\/wpml.org\" frameborder=\"0\" allow=\"accelerometer; autoplay; clipboard-write; encrypted-media; gyroscope; picture-in-picture; web-share\" referrerpolicy=\"strict-origin-when-cross-origin\" allowfullscreen><\/iframe>"],"_oembed_time_8b192c37df925cacb831b3922e69595d":["1762942747"],"_yoast_wpseo_metadesc":["Aprenda a traducir categor\u00edas, etiquetas, categor\u00edas de productos y taxonom\u00edas personalizadas de WordPress a m\u00e1s idiomas con WPML."],"_uag_css_file_name":["uag-css-3507301.css"],"_uag_page_assets":["a:9:{s:3:\"css\";s:260:\".uag-blocks-common-selector{z-index:var(--z-index-desktop) !important}@media(max-width: 976px){.uag-blocks-common-selector{z-index:var(--z-index-tablet) !important}}@media(max-width: 767px){.uag-blocks-common-selector{z-index:var(--z-index-mobile) !important}}\";s:2:\"js\";s:0:\"\";s:18:\"current_block_list\";a:8:{i:0;s:14:\"core\/paragraph\";i:1;s:12:\"core\/heading\";i:2;s:9:\"core\/list\";i:3;s:14:\"core\/list-item\";i:4;s:19:\"toolset-blocks\/grid\";i:5;s:26:\"toolset-blocks\/grid-column\";i:6;s:20:\"toolset-blocks\/image\";i:7;s:14:\"core\/shortcode\";}s:8:\"uag_flag\";b:0;s:11:\"uag_version\";s:10:\"1778239402\";s:6:\"gfonts\";a:0:{}s:10:\"gfonts_url\";s:0:\"\";s:12:\"gfonts_files\";a:0:{}s:14:\"uag_faq_layout\";b:0;}"]},"uagb_featured_image_src":{"full":false,"thumbnail":false,"medium":false,"medium_large":false,"large":false,"1536x1536":false,"2048x2048":false,"gform-image-choice-sm":false,"gform-image-choice-md":false,"gform-image-choice-lg":false,"woocommerce_thumbnail":false,"woocommerce_single":false,"woocommerce_gallery_thumbnail":false},"uagb_author_info":{"display_name":"Tomer Helzer","author_link":"https:\/\/wpml.org\/es\/author\/tomer-h\/"},"uagb_comment_info":0,"uagb_excerpt":"Aprenda a traducir categor\u00edas, etiquetas, categor\u00edas de productos y taxonom\u00edas personalizadas de WordPress a m\u00e1s idiomas con WPML. C\u00f3mo empezar Para traducir taxonom\u00edas, instale y active los siguientes plugins: Traducir taxonom\u00edas con WPML Para traducir cualquier taxonom\u00eda con WPML, simplemente env\u00ede su contenido para su traducci\u00f3n a trav\u00e9s de WPML \u2192 Panel de control de&hellip;","_links":{"self":[{"href":"https:\/\/wpml.org\/es\/wp-json\/wp\/v2\/pages\/3507301","targetHints":{"allow":["GET"]}}],"collection":[{"href":"https:\/\/wpml.org\/es\/wp-json\/wp\/v2\/pages"}],"about":[{"href":"https:\/\/wpml.org\/es\/wp-json\/wp\/v2\/types\/page"}],"author":[{"embeddable":true,"href":"https:\/\/wpml.org\/es\/wp-json\/wp\/v2\/users\/578773"}],"replies":[{"embeddable":true,"href":"https:\/\/wpml.org\/es\/wp-json\/wp\/v2\/comments?post=3507301"}],"version-history":[{"count":8,"href":"https:\/\/wpml.org\/es\/wp-json\/wp\/v2\/pages\/3507301\/revisions"}],"predecessor-version":[{"id":17854012,"href":"https:\/\/wpml.org\/es\/wp-json\/wp\/v2\/pages\/3507301\/revisions\/17854012"}],"up":[{"embeddable":true,"href":"https:\/\/wpml.org\/es\/wp-json\/wp\/v2\/pages\/1258"}],"wp:attachment":[{"href":"https:\/\/wpml.org\/es\/wp-json\/wp\/v2\/media?parent=3507301"}],"wp:term":[{"taxonomy":"related-projects-category","embeddable":true,"href":"https:\/\/wpml.org\/es\/wp-json\/wp\/v2\/related-projects-category?post=3507301"}],"curies":[{"name":"wp","href":"https:\/\/api.w.org\/{rel}","templated":true}]}}