{"id":3839,"date":"2009-11-24T20:23:31","date_gmt":"2009-11-24T20:23:31","guid":{"rendered":"http:\/\/wpml.org\/documentation-2\/traducir-los-contenidos\/"},"modified":"2026-02-25T06:38:19","modified_gmt":"2026-02-25T06:38:19","slug":"traducir-los-contenidos","status":"publish","type":"page","link":"https:\/\/wpml.org\/es\/documentation-2\/traducir-los-contenidos\/","title":{"rendered":"Panel de Traducci\u00f3n"},"content":{"rendered":"\n<div class=\"wp-block-toolset-blocks-container tb-container alignfull\" data-toolset-blocks-container=\"9afdb393900e8f9190c62bc960dbd833\"><div class=\"tb-container-inner\">\n<p class=\"tb-heading has-text-color\" data-toolset-blocks-heading=\"0190bf5c0f5e682e6e1d8be7e6f401ac\" data-last-update=\"1.4\"><span><span><a href=\"https:\/\/wpml.org\/es\/pagina-principal\/\">Home<\/a><\/span><\/span><\/p>\n\n\n\n<div class=\"wp-block-toolset-blocks-grid tb-grid\" data-toolset-blocks-grid=\"2774ecbe73f77c87e0c83e6bd1b474ef\">\n<div class=\"wp-block-toolset-blocks-grid-column tb-grid-column tb-grid-align-center\" data-toolset-blocks-grid-column=\"f586ff7bfe1d7317c63162ec7b7039ed\">\n<div class=\"wp-block-toolset-blocks-container tb-container\" data-toolset-blocks-container=\"d1145a202a133618fec34f7d20c9dbb9\">\n<h1 class=\"tb-heading has-text-color\" data-toolset-blocks-heading=\"1f754702eb70d940509234ba099a8b2d\" data-last-update=\"1.4\">Panel de Traducci\u00f3n<\/h1>\n\n\n\n<p class=\"tb-heading has-text-color\" data-toolset-blocks-heading=\"af2163c1fd8f2d90dd812af009e1ef56\" data-last-update=\"1.4\">El Panel de Traducci\u00f3n es el centro neur\u00e1lgico de WPML para seleccionar el contenido del sitio web a traducir y gestionar el progreso de su traducci\u00f3n.<\/p>\n<\/div>\n<\/div>\n\n\n\n<div class=\"wp-block-toolset-blocks-grid-column tb-grid-column tb-grid-align-center\" data-toolset-blocks-grid-column=\"c77f65d01bb1c283e93f285b389d97af\">\n<div class=\"tb-fields-and-text\" data-toolset-blocks-fields-and-text=\"3e1d2592ce20bdf2bf813c9dfa44c991\"><p><img decoding=\"async\" class=\"size-full aligncenter\" src=\"https:\/\/wpml.org\/wp-content\/uploads\/2024\/06\/controls-1-min.png\" width=\"804\" height=\"744\"\/><\/p><\/div>\n<\/div>\n<\/div>\n<\/div><\/div>\n\n<div class=\"wp-block-toolset-blocks-container tb-container product-page-content\" data-toolset-blocks-container=\"b085af9398a2e3cf150a39a2a6b529e1\"><div class=\"tb-container-inner\">\n<div class=\"wp-block-toolset-blocks-grid tb-grid\" data-toolset-blocks-grid=\"ea97337afaa592cf47d8d74f07746c7e\">\n<div class=\"wp-block-toolset-blocks-grid-column tb-grid-column tb-grid-align-top\" data-toolset-blocks-grid-column=\"3034fbe886c11054e95b46b09d3e4112\">\n<div style=\"height:40px\" aria-hidden=\"true\" class=\"wp-block-spacer\"><\/div>\n\n\n\n<h3 class=\"wp-block-heading\">Centro de Traducci\u00f3n Centralizado<\/h3>\n\n\n\n<p>Gestione todas las traducciones de su sitio desde un \u00fanico panel en su administraci\u00f3n de WordPress.<\/p>\n<\/div>\n\n\n\n<div class=\"wp-block-toolset-blocks-grid-column tb-grid-column tb-grid-align-top\" data-toolset-blocks-grid-column=\"3034fbe886c11054e95b46b09d3e4112\">\n<figure class=\"wp-block-image tb-image tb-image-dynamic tb-image-frame-none\" data-toolset-blocks-image=\"74e39ed3f2631fb426644bdd206a5d7c\"><img decoding=\"async\" width=\"1600\" height=\"1045\" loading=\"lazy\" src=\"https:\/\/wpml.org\/wp-content\/uploads\/2026\/02\/translation-dashboard-screen.png\" alt=\"\" class=\"wp-image-17792118\" srcset=\"https:\/\/wpml.org\/wp-content\/uploads\/2026\/02\/translation-dashboard-screen.png 1600w, https:\/\/wpml.org\/wp-content\/uploads\/2026\/02\/translation-dashboard-screen-300x196.png 300w, https:\/\/wpml.org\/wp-content\/uploads\/2026\/02\/translation-dashboard-screen-1024x669.png 1024w, https:\/\/wpml.org\/wp-content\/uploads\/2026\/02\/translation-dashboard-screen-150x98.png 150w, https:\/\/wpml.org\/wp-content\/uploads\/2026\/02\/translation-dashboard-screen-768x502.png 768w, https:\/\/wpml.org\/wp-content\/uploads\/2026\/02\/translation-dashboard-screen-1536x1003.png 1536w\" sizes=\"auto, (max-width: 1600px) 100vw, 1600px\" \/><\/figure>\n<\/div>\n<\/div>\n\n\n\n<div class=\"wp-block-toolset-blocks-grid tb-grid\" data-toolset-blocks-grid=\"dfc0fad1f393136a61731ded02d5c508\">\n<div class=\"wp-block-toolset-blocks-grid-column tb-grid-column tb-grid-align-top\" data-toolset-blocks-grid-column=\"e0c62ef28c440411136281632d5a8d63\">\n<figure class=\"wp-block-image tb-image tb-image-dynamic tb-image-frame-none\" data-toolset-blocks-image=\"7d1c4d6dfd43d9013fc98c97b583f3cf\"><img decoding=\"async\" width=\"1024\" height=\"674\" loading=\"lazy\" src=\"https:\/\/wpml.org\/wp-content\/uploads\/2025\/10\/Realtime-status-in-Translation-Dashboard-1024x674.png\" alt=\"Realtime status in Translation Dashboard\" class=\"wp-image-17475052\" srcset=\"https:\/\/wpml.org\/wp-content\/uploads\/2025\/10\/Realtime-status-in-Translation-Dashboard-1024x674.png 1024w, https:\/\/wpml.org\/wp-content\/uploads\/2025\/10\/Realtime-status-in-Translation-Dashboard-300x197.png 300w, https:\/\/wpml.org\/wp-content\/uploads\/2025\/10\/Realtime-status-in-Translation-Dashboard-150x99.png 150w, https:\/\/wpml.org\/wp-content\/uploads\/2025\/10\/Realtime-status-in-Translation-Dashboard-768x505.png 768w, https:\/\/wpml.org\/wp-content\/uploads\/2025\/10\/Realtime-status-in-Translation-Dashboard.png 1263w\" sizes=\"auto, (max-width: 1024px) 100vw, 1024px\" \/><\/figure>\n<\/div>\n\n\n\n<div class=\"wp-block-toolset-blocks-grid-column tb-grid-column tb-grid-align-top\" data-toolset-blocks-grid-column=\"3034fbe886c11054e95b46b09d3e4112\">\n<div style=\"height:40px\" aria-hidden=\"true\" class=\"wp-block-spacer\"><\/div>\n\n\n\n<h3 class=\"wp-block-heading\">Estado y Actualizaciones en Tiempo Real<\/h3>\n\n\n\n<p>Vea las traducciones en curso, las completadas y las que requieren actualizaciones.<\/p>\n<\/div>\n<\/div>\n\n\n\n<div class=\"wp-block-toolset-blocks-grid tb-grid\" data-toolset-blocks-grid=\"ea97337afaa592cf47d8d74f07746c7e\">\n<div class=\"wp-block-toolset-blocks-grid-column tb-grid-column tb-grid-align-top\" data-toolset-blocks-grid-column=\"3034fbe886c11054e95b46b09d3e4112\">\n<div style=\"height:40px\" aria-hidden=\"true\" class=\"wp-block-spacer\"><\/div>\n\n\n\n<h3 class=\"wp-block-heading\">M\u00e9todos de Traducci\u00f3n Flexibles<\/h3>\n\n\n\n<p>Traduzca autom\u00e1ticamente, por su cuenta, con usuarios de su sitio o con servicios de traducci\u00f3n.<\/p>\n<\/div>\n\n\n\n<div class=\"wp-block-toolset-blocks-grid-column tb-grid-column tb-grid-align-top\" data-toolset-blocks-grid-column=\"3034fbe886c11054e95b46b09d3e4112\">\n<figure class=\"wp-block-image tb-image tb-image-dynamic tb-image-frame-none\" data-toolset-blocks-image=\"82fcc54118d32bce7f866187e6af3baf\"><img decoding=\"async\" width=\"1600\" height=\"908\" loading=\"lazy\" src=\"https:\/\/wpml.org\/wp-content\/uploads\/2026\/02\/translation-options.png\" alt=\"\" class=\"wp-image-17792133\" srcset=\"https:\/\/wpml.org\/wp-content\/uploads\/2026\/02\/translation-options.png 1600w, https:\/\/wpml.org\/wp-content\/uploads\/2026\/02\/translation-options-300x170.png 300w, https:\/\/wpml.org\/wp-content\/uploads\/2026\/02\/translation-options-1024x581.png 1024w, https:\/\/wpml.org\/wp-content\/uploads\/2026\/02\/translation-options-150x85.png 150w, https:\/\/wpml.org\/wp-content\/uploads\/2026\/02\/translation-options-768x436.png 768w, https:\/\/wpml.org\/wp-content\/uploads\/2026\/02\/translation-options-1536x872.png 1536w\" sizes=\"auto, (max-width: 1600px) 100vw, 1600px\" \/><\/figure>\n<\/div>\n<\/div>\n\n\n\n<div class=\"wp-block-toolset-blocks-grid tb-grid\" data-toolset-blocks-grid=\"317a291765e682143cd1990eb46be0fd\">\n<div class=\"wp-block-toolset-blocks-grid-column tb-grid-column tb-grid-align-top\" data-toolset-blocks-grid-column=\"3034fbe886c11054e95b46b09d3e4112\">\n<figure class=\"wp-block-image tb-image tb-image-dynamic tb-image-frame-none\" data-toolset-blocks-image=\"65b0dd730248cf8cdaab5c13b8da0c0b\"><img decoding=\"async\" width=\"993\" height=\"590\" loading=\"lazy\" src=\"https:\/\/wpml.org\/wp-content\/uploads\/2026\/02\/translation-costs.png\" alt=\"\" class=\"wp-image-17792150\" srcset=\"https:\/\/wpml.org\/wp-content\/uploads\/2026\/02\/translation-costs.png 993w, https:\/\/wpml.org\/wp-content\/uploads\/2026\/02\/translation-costs-300x178.png 300w, https:\/\/wpml.org\/wp-content\/uploads\/2026\/02\/translation-costs-150x89.png 150w, https:\/\/wpml.org\/wp-content\/uploads\/2026\/02\/translation-costs-768x456.png 768w\" sizes=\"auto, (max-width: 993px) 100vw, 993px\" \/><\/figure>\n<\/div>\n\n\n\n<div class=\"wp-block-toolset-blocks-grid-column tb-grid-column tb-grid-align-top\" data-toolset-blocks-grid-column=\"3034fbe886c11054e95b46b09d3e4112\">\n<div style=\"height:40px\" aria-hidden=\"true\" class=\"wp-block-spacer\"><\/div>\n\n\n\n<h3 class=\"wp-block-heading\">Costes de Traducci\u00f3n Claros<\/h3>\n\n\n\n<p>Vea el n\u00famero exacto de cr\u00e9ditos que consumir\u00e1 la traducci\u00f3n autom\u00e1tica de su contenido, as\u00ed como el coste estimado en euros.<\/p>\n<\/div>\n<\/div>\n\n\n\n<div style=\"height:60px\" aria-hidden=\"true\" class=\"wp-block-spacer\"><\/div>\n\n\n\n<h2 class=\"wp-block-heading has-text-align-center\">C\u00f3mo Usar el Panel de Traducci\u00f3n<\/h2>\n\n\n\n<p class=\"tb-heading\" data-toolset-blocks-heading=\"86cef3a394159f20bec2319fd2318e64\" data-last-update=\"1.4\">Traduzca cualquier contenido de su sitio web en tres sencillos pasos.<\/p>\n\n\n\n<div style=\"height:10px\" aria-hidden=\"true\" class=\"wp-block-spacer\"><\/div>\n\n\n\n<div class=\"wp-block-toolset-blocks-grid tb-grid\" data-toolset-blocks-grid=\"fb68e9a873867b36d5c13c01005648e2\">\n<div class=\"wp-block-toolset-blocks-grid-column tb-grid-column tb-grid-align-top\" data-toolset-blocks-grid-column=\"3034fbe886c11054e95b46b09d3e4112\">\n<div class=\"wp-block-toolset-blocks-grid tb-grid\" data-toolset-blocks-grid=\"155a3dacc0742235a56b365a3fa54aa0\">\n<div class=\"wp-block-toolset-blocks-grid-column tb-grid-column tb-grid-align-center\" data-toolset-blocks-grid-column=\"f586ff7bfe1d7317c63162ec7b7039ed\">\n<div class=\"wp-block-toolset-blocks-container tb-container\" data-toolset-blocks-container=\"c10aa1111c31fba4a5e0ea5adb7dbac7\"><\/div>\n<\/div>\n\n\n\n<div class=\"wp-block-toolset-blocks-grid-column tb-grid-column tb-grid-align-center\" data-toolset-blocks-grid-column=\"f586ff7bfe1d7317c63162ec7b7039ed\">\n<p id=\"essential-addons\" class=\"tb-heading has-text-color\" data-toolset-blocks-heading=\"e037dd8909f4671e59f6ff8b7621013c\" data-last-update=\"1.4\">Seleccionar Contenido<\/p>\n<\/div>\n\n\n\n<div class=\"wp-block-toolset-blocks-grid-column tb-grid-column tb-grid-align-top\" data-toolset-blocks-grid-column=\"3034fbe886c11054e95b46b09d3e4112\"><\/div>\n\n\n\n<div class=\"wp-block-toolset-blocks-grid-column tb-grid-column tb-grid-align-top\" data-toolset-blocks-grid-column=\"3034fbe886c11054e95b46b09d3e4112\">\n<p>Vaya a <strong>WPML <\/strong>\u2192 <strong>Panel de Traducci\u00f3n <\/strong>y seleccione el contenido que desea traducir.<\/p>\n<\/div>\n<\/div>\n<\/div>\n\n\n\n<div class=\"wp-block-toolset-blocks-grid-column tb-grid-column tb-grid-align-top\" data-toolset-blocks-grid-column=\"3034fbe886c11054e95b46b09d3e4112\">\n<div class=\"wp-block-toolset-blocks-grid tb-grid\" data-toolset-blocks-grid=\"155a3dacc0742235a56b365a3fa54aa0\">\n<div class=\"wp-block-toolset-blocks-grid-column tb-grid-column tb-grid-align-center\" data-toolset-blocks-grid-column=\"f586ff7bfe1d7317c63162ec7b7039ed\">\n<div class=\"wp-block-toolset-blocks-container tb-container\" data-toolset-blocks-container=\"0eb9fce6571c9dec1a430bf12affe90c\"><\/div>\n<\/div>\n\n\n\n<div class=\"wp-block-toolset-blocks-grid-column tb-grid-column tb-grid-align-center\" data-toolset-blocks-grid-column=\"f586ff7bfe1d7317c63162ec7b7039ed\">\n<p id=\"essential-addons\" class=\"tb-heading has-text-color\" data-toolset-blocks-heading=\"e037dd8909f4671e59f6ff8b7621013c\" data-last-update=\"1.4\">Elegir M\u00e9todo de Traducci\u00f3n<\/p>\n<\/div>\n\n\n\n<div class=\"wp-block-toolset-blocks-grid-column tb-grid-column tb-grid-align-top\" data-toolset-blocks-grid-column=\"3034fbe886c11054e95b46b09d3e4112\"><\/div>\n\n\n\n<div class=\"wp-block-toolset-blocks-grid-column tb-grid-column tb-grid-align-top\" data-toolset-blocks-grid-column=\"3034fbe886c11054e95b46b09d3e4112\">\n<p>Decida c\u00f3mo traducir su contenido: use la <a href=\"https:\/\/wpml.org\/es\/documentation-2\/traduccion-automatica-para-contenido-de-wordpress-con-wpml\/\">traducci\u00f3n autom\u00e1tica<\/a> de WPML para obtener la mejor calidad.<\/p>\n<\/div>\n<\/div>\n<\/div>\n\n\n\n<div class=\"wp-block-toolset-blocks-grid-column tb-grid-column tb-grid-align-top\" data-toolset-blocks-grid-column=\"3034fbe886c11054e95b46b09d3e4112\">\n<div class=\"wp-block-toolset-blocks-grid tb-grid\" data-toolset-blocks-grid=\"155a3dacc0742235a56b365a3fa54aa0\">\n<div class=\"wp-block-toolset-blocks-grid-column tb-grid-column tb-grid-align-center\" data-toolset-blocks-grid-column=\"f586ff7bfe1d7317c63162ec7b7039ed\">\n<div class=\"wp-block-toolset-blocks-container tb-container\" data-toolset-blocks-container=\"21fb808c346b41860b4533592d1d9d24\"><\/div>\n<\/div>\n\n\n\n<div class=\"wp-block-toolset-blocks-grid-column tb-grid-column tb-grid-align-center\" data-toolset-blocks-grid-column=\"f586ff7bfe1d7317c63162ec7b7039ed\">\n<p id=\"essential-addons\" class=\"tb-heading has-text-color\" data-toolset-blocks-heading=\"e037dd8909f4671e59f6ff8b7621013c\" data-last-update=\"1.4\">Revisar y Enviar<\/p>\n<\/div>\n\n\n\n<div class=\"wp-block-toolset-blocks-grid-column tb-grid-column tb-grid-align-top\" data-toolset-blocks-grid-column=\"3034fbe886c11054e95b46b09d3e4112\"><\/div>\n\n\n\n<div class=\"wp-block-toolset-blocks-grid-column tb-grid-column tb-grid-align-top\" data-toolset-blocks-grid-column=\"3034fbe886c11054e95b46b09d3e4112\">\n<p>Vea un resumen del contenido seleccionado y haga clic en <strong>Traducir<\/strong>.<\/p>\n<\/div>\n<\/div>\n<\/div>\n<\/div>\n\n\n\n<div style=\"height:30px\" aria-hidden=\"true\" class=\"wp-block-spacer\"><\/div>\n\n\n\n<div class=\"wp-block-toolset-blocks-container tb-container\" data-toolset-blocks-container=\"f908b134276ba3432b0b77744504af0a\">\n<div class=\"wp-block-toolset-blocks-grid tb-grid\" data-toolset-blocks-grid=\"11c011d4d76e7a5d432ca395f201a03b\">\n<div class=\"wp-block-toolset-blocks-grid-column tb-grid-column tb-grid-align-top\" data-toolset-blocks-grid-column=\"3034fbe886c11054e95b46b09d3e4112\">\n<div class=\"wp-block-toolset-blocks-container tb-container\" data-toolset-blocks-container=\"5cf35f77ebe86fbe26ba5394e7247dee\"><\/div>\n<\/div>\n\n\n\n<div class=\"wp-block-toolset-blocks-grid-column tb-grid-column tb-grid-align-top\" data-toolset-blocks-grid-column=\"3034fbe886c11054e95b46b09d3e4112\">\n<p class=\"tb-heading\" data-toolset-blocks-heading=\"6accbb87eeb156ecd9e1231ac06f0bc5\" data-last-update=\"1.4\"><strong>\u00bfNecesita m\u00e1s informaci\u00f3n?<\/strong><\/p>\n\n\n\n<p>Consulte nuestra <a href=\"https:\/\/wpml.org\/how-to\/translation-dashboard\/\">gu\u00eda detallada paso a paso del Panel de Traducci\u00f3n<\/a>.<\/p>\n<\/div>\n<\/div>\n<\/div>\n<\/div><\/div>\n\n<p><\/p>\n","protected":false},"excerpt":{"rendered":"<p>Al pensar en traducir su contenido, puede que piense en el \u00abt\u00edtulo\u00bb y el \u00abcuerpo\u00bb de la p\u00e1gina. Sin embargo, el contenido completamente traducido requiere m\u00e1s atenci\u00f3n. En este documento, le explicamos lo que necesita saber antes de empezar a traducir su contenido y c\u00f3mo gestionar los diferentes elementos de sus sitios.   <\/p>\n","protected":false},"author":76577,"featured_media":0,"parent":3315,"menu_order":39,"comment_status":"closed","ping_status":"closed","template":"template-full-with-popup.php","meta":{"_bbp_topic_count":0,"_bbp_reply_count":0,"_bbp_total_topic_count":0,"_bbp_total_reply_count":0,"_bbp_voice_count":0,"_bbp_anonymous_reply_count":0,"_bbp_topic_count_hidden":0,"_bbp_reply_count_hidden":0,"_bbp_forum_subforum_count":0,"ep_exclude_from_search":false,"footnotes":""},"related-projects-category":[],"class_list":["post-3839","page","type-page","status-publish","hentry"],"_links":{"self":[{"href":"https:\/\/wpml.org\/es\/wp-json\/wp\/v2\/pages\/3839","targetHints":{"allow":["GET"]}}],"collection":[{"href":"https:\/\/wpml.org\/es\/wp-json\/wp\/v2\/pages"}],"about":[{"href":"https:\/\/wpml.org\/es\/wp-json\/wp\/v2\/types\/page"}],"author":[{"embeddable":true,"href":"https:\/\/wpml.org\/es\/wp-json\/wp\/v2\/users\/76577"}],"replies":[{"embeddable":true,"href":"https:\/\/wpml.org\/es\/wp-json\/wp\/v2\/comments?post=3839"}],"version-history":[{"count":9,"href":"https:\/\/wpml.org\/es\/wp-json\/wp\/v2\/pages\/3839\/revisions"}],"predecessor-version":[{"id":17849386,"href":"https:\/\/wpml.org\/es\/wp-json\/wp\/v2\/pages\/3839\/revisions\/17849386"}],"up":[{"embeddable":true,"href":"https:\/\/wpml.org\/es\/wp-json\/wp\/v2\/pages\/3315"}],"wp:attachment":[{"href":"https:\/\/wpml.org\/es\/wp-json\/wp\/v2\/media?parent=3839"}],"wp:term":[{"taxonomy":"related-projects-category","embeddable":true,"href":"https:\/\/wpml.org\/es\/wp-json\/wp\/v2\/related-projects-category?post=3839"}],"curies":[{"name":"wp","href":"https:\/\/api.w.org\/{rel}","templated":true}]}}