{"id":468297,"date":"2013-05-02T09:13:53","date_gmt":"2013-05-02T09:13:53","guid":{"rendered":"http:\/\/wpml.org\/documentation-2\/proyectos-relacionados\/woocommerce-multilingual-ofrezca-sitios-web-con-ecomercio-en-varios-idiomas\/"},"modified":"2026-02-26T07:30:24","modified_gmt":"2026-02-26T07:30:24","slug":"woocommerce-multilingual-ofrezca-sitios-web-con-ecomercio-en-varios-idiomas","status":"publish","type":"page","link":"https:\/\/wpml.org\/es\/documentation-2\/proyectos-relacionados\/woocommerce-multilingual-ofrezca-sitios-web-con-ecomercio-en-varios-idiomas\/","title":{"rendered":"WPML Multilingual &amp; Multicurrency for WooCommerce &#8211; Traduzca tiendas"},"content":{"rendered":"\n<div class=\"wp-block-toolset-blocks-container tb-container\" data-toolset-blocks-container=\"e1777e62136f4ba1982726a3fbfdc08a\"><div class=\"tb-container-inner\">\n<div class=\"wp-block-toolset-blocks-container tb-container\" data-toolset-blocks-container=\"0f611822a64f1e56998896f941cece14\"><\/div>\n\n\n\n<h1 class=\"tb-heading\" data-toolset-blocks-heading=\"e9065b09e177b8e381d819f7555bdfa3\" data-last-update=\"1.4\">WPML Multilingual &amp; Multicurrency for WooCommerce<\/h1>\n\n\n\n<p class=\"tb-heading has-text-color\" data-toolset-blocks-heading=\"5ac4b88993e585f6f50c4066e3249b89\" data-last-update=\"1.4\">WCML de WPML le permite crear tiendas WooCommerce internacionales con varios idiomas, varias monedas y pasarelas de pago localizadas. Con la confianza de <strong>m\u00e1s de 100.000 sitios de WooCommerce<\/strong>. <\/p>\n\n\n\n<div id=\"wpml-info-account-trigger\" class=\"tb-button\" data-toolset-blocks-button=\"23f2da8f0017586e86196bb7671e11cf\"><a class=\"tb-button__link\" href=\"https:\/\/wpml.org\/account\/downloads\/#wpml-multilingual-multicurrency-for-woocommerce\" target=\"_blank\"><span class=\"tb-button__content\">Obtenga WPML para WooCommerce<\/span><i class=\"tb-button__icon\"><\/i><\/a><\/div>\n<\/div><\/div>\n\n<div class=\"wp-block-toolset-blocks-container tb-container\" data-toolset-blocks-container=\"39c45dee860c2af8017f91b5660b8bf4\"><div class=\"tb-container-inner\">\n<div class=\"wp-block-toolset-blocks-grid tb-grid\" data-toolset-blocks-grid=\"d35d48406572d278d0ded23a36f918c1\">\n<div class=\"wp-block-toolset-blocks-grid-column tb-grid-column tb-grid-align-center\" data-toolset-blocks-grid-column=\"f586ff7bfe1d7317c63162ec7b7039ed\">\n<div class=\"wp-block-toolset-blocks-grid tb-grid\" data-toolset-blocks-grid=\"a89a58d8b7281c452b56bf2474e5a755\">\n<div class=\"wp-block-toolset-blocks-grid-column tb-grid-column tb-grid-align-center\" data-toolset-blocks-grid-column=\"2c6e19232c221cec2ce8d8a5ee3199bb\">\n<div class=\"wp-block-toolset-blocks-container tb-container\" data-toolset-blocks-container=\"e4642a443dba58cbb4cb859048f420b0\"><\/div>\n<\/div>\n\n\n\n<div class=\"wp-block-toolset-blocks-grid-column tb-grid-column tb-grid-align-center\" data-toolset-blocks-grid-column=\"2c6e19232c221cec2ce8d8a5ee3199bb\">\n<h2 class=\"tb-heading\" data-toolset-blocks-heading=\"adee741f66278c9138f8153f222d48a1\" data-last-update=\"1.4\">Traduzca cada parte de su tienda WooCommerce<\/h2>\n<\/div>\n<\/div>\n\n\n\n<p class=\"tb-heading\" data-toolset-blocks-heading=\"bb795b7d1d6b9280919a6ffc19c910cf\" data-last-update=\"1.4\">WPML <a href=\"https:\/\/wpml.org\/es\/documentation-2\/proyectos-relacionados\/woocommerce-multilingual-ofrezca-sitios-web-con-ecomercio-en-varios-idiomas\/como-traducir-tiendas-woocommerce-con-wpml\/\">traduce todo en su tienda WooCommerce<\/a>. Esto incluye productos, variaciones, las p\u00e1ginas de pago y carrito, correos electr\u00f3nicos e incluso las rese\u00f1as de productos. Sus clientes nunca ver\u00e1n un sitio en varios idiomas.<br\/><br\/>Funciona con todos los temas y extensiones populares de WooCommerce, manteniendo la coherencia de su dise\u00f1o y funcionalidad en todos los idiomas.<br\/><\/p>\n<\/div>\n\n\n\n<div class=\"wp-block-toolset-blocks-grid-column tb-grid-column tb-grid-align-center main-img-box\" data-toolset-blocks-grid-column=\"9f3f98f46c4d051f6a2753c51e211d8b\">\n<div class=\"wp-block-toolset-blocks-container tb-container\" data-toolset-blocks-container=\"b1f74dca45ee98b17e903016169062ad\"><\/div>\n<\/div>\n<\/div>\n\n\n\n<div class=\"wp-block-toolset-blocks-grid tb-grid\" data-toolset-blocks-grid=\"0bfc40d4c5824288340ea52d67851ff8\">\n<div class=\"wp-block-toolset-blocks-grid-column tb-grid-column tb-grid-align-center\" data-toolset-blocks-grid-column=\"f586ff7bfe1d7317c63162ec7b7039ed\">\n<div class=\"wp-block-toolset-blocks-container tb-container\" data-toolset-blocks-container=\"90567df4eabefa703920ccb0e145ea1c\"><\/div>\n<\/div>\n\n\n\n<div class=\"wp-block-toolset-blocks-grid-column tb-grid-column tb-grid-align-center main-img-box\" data-toolset-blocks-grid-column=\"026d15f91d20448fab5fc2538214c790\">\n<div class=\"wp-block-toolset-blocks-grid tb-grid\" data-toolset-blocks-grid=\"71cbd3ef044608289fab18493bad15b1\">\n<div class=\"wp-block-toolset-blocks-grid-column tb-grid-column tb-grid-align-center\" data-toolset-blocks-grid-column=\"f586ff7bfe1d7317c63162ec7b7039ed\">\n<div class=\"wp-block-toolset-blocks-container tb-container\" data-toolset-blocks-container=\"4b92aba627056d4e9be0625dea214d62\"><\/div>\n<\/div>\n\n\n\n<div class=\"wp-block-toolset-blocks-grid-column tb-grid-column tb-grid-align-center\" data-toolset-blocks-grid-column=\"f586ff7bfe1d7317c63162ec7b7039ed\">\n<h2 class=\"tb-heading\" data-toolset-blocks-heading=\"adee741f66278c9138f8153f222d48a1\" data-last-update=\"1.4\">Acepte varias monedas y pasarelas de pago<\/h2>\n<\/div>\n<\/div>\n\n\n\n<p class=\"tb-heading\" data-toolset-blocks-heading=\"bb795b7d1d6b9280919a6ffc19c910cf\" data-last-update=\"1.4\"><strong>El 33% de los compradores abandonan sus carritos<\/strong> cuando los precios solo se muestran en d\u00f3lares estadounidenses. WPML se asegura de que eso no le suceda a usted. <br\/><br\/>Puede establecer precios y <a href=\"https:\/\/wpml.org\/es\/documentation-2\/proyectos-relacionados\/woocommerce-multilingual-ofrezca-sitios-web-con-ecomercio-en-varios-idiomas\/caracteristicas-multidivisa-para-woocommerce\/\">recibir pagos en m\u00e1s de 200 divisas<\/a> en funci\u00f3n del idioma o la ubicaci\u00f3n de sus clientes.<br\/><br\/>Con\u00e9ctese a fuentes de tipos de cambio en tiempo real (por hora, d\u00eda o semana) o establezca tipos personalizados para tener un control total.<\/p>\n<\/div>\n<\/div>\n\n\n\n<div class=\"wp-block-toolset-blocks-grid tb-grid\" data-toolset-blocks-grid=\"d35d48406572d278d0ded23a36f918c1\">\n<div class=\"wp-block-toolset-blocks-grid-column tb-grid-column tb-grid-align-center\" data-toolset-blocks-grid-column=\"f586ff7bfe1d7317c63162ec7b7039ed\">\n<div class=\"wp-block-toolset-blocks-grid tb-grid\" data-toolset-blocks-grid=\"1c563cd523a49946984e648211e635a1\">\n<div class=\"wp-block-toolset-blocks-grid-column tb-grid-column tb-grid-align-center\" data-toolset-blocks-grid-column=\"f586ff7bfe1d7317c63162ec7b7039ed\">\n<div class=\"wp-block-toolset-blocks-container tb-container\" data-toolset-blocks-container=\"500e43cc7bb1907cd2ca3c2130edf155\"><\/div>\n<\/div>\n\n\n\n<div class=\"wp-block-toolset-blocks-grid-column tb-grid-column tb-grid-align-center\" data-toolset-blocks-grid-column=\"f586ff7bfe1d7317c63162ec7b7039ed\">\n<h2 class=\"tb-heading\" data-toolset-blocks-heading=\"adee741f66278c9138f8153f222d48a1\" data-last-update=\"1.4\">Obtenga una traducci\u00f3n autom\u00e1tica de calidad humana mediante IA<\/h2>\n<\/div>\n<\/div>\n\n\n\n<p class=\"tb-heading\" data-toolset-blocks-heading=\"bb795b7d1d6b9280919a6ffc19c910cf\" data-last-update=\"1.4\">Evite el trabajo de traducci\u00f3n manual y empiece a vender a nivel mundial antes. <br\/><br\/>Traduzca toda su tienda WooCommerce con PTC, el motor de <a href=\"https:\/\/wpml.org\/es\/documentation-2\/traduccion-automatica-para-contenido-de-wordpress-con-wpml\/\">traducci\u00f3n autom\u00e1tica por IA<\/a> de WPML, que ofrece una precisi\u00f3n de calidad humana a la velocidad y el coste de una m\u00e1quina.<br\/><br\/>Adem\u00e1s, cada traducci\u00f3n est\u00e1 cubierta por nuestra <a href=\"https:\/\/wpml.org\/es\/documentation-2\/traduccion-automatica-para-contenido-de-wordpress-con-wpml\/traduccion-automatica-con-calidad-garantizada\/\">Garant\u00eda de Calidad para la traducci\u00f3n por IA<\/a>.<\/p>\n<\/div>\n\n\n\n<div class=\"wp-block-toolset-blocks-grid-column tb-grid-column tb-grid-align-center main-img-box\" data-toolset-blocks-grid-column=\"026d15f91d20448fab5fc2538214c790\">\n<div class=\"wp-block-toolset-blocks-container tb-container\" data-toolset-blocks-container=\"4788de94a1ad39f20c4baaee8cbea303\"><\/div>\n<\/div>\n<\/div>\n\n\n\n<div class=\"wp-block-toolset-blocks-grid tb-grid\" data-toolset-blocks-grid=\"0bfc40d4c5824288340ea52d67851ff8\">\n<div class=\"wp-block-toolset-blocks-grid-column tb-grid-column tb-grid-align-center\" data-toolset-blocks-grid-column=\"f586ff7bfe1d7317c63162ec7b7039ed\">\n<div class=\"wp-block-toolset-blocks-container tb-container\" data-toolset-blocks-container=\"b98ce3adafae6d91d5437b573b97ebc2\"><\/div>\n<\/div>\n\n\n\n<div class=\"wp-block-toolset-blocks-grid-column tb-grid-column tb-grid-align-top main-img-box\" data-toolset-blocks-grid-column=\"48bc3cef69a20281895bd9d7321af3c3\">\n<div class=\"wp-block-toolset-blocks-grid tb-grid\" data-toolset-blocks-grid=\"bdd1d51824e700af242e1991fbf7a135\">\n<div class=\"wp-block-toolset-blocks-grid-column tb-grid-column tb-grid-align-center\" data-toolset-blocks-grid-column=\"f586ff7bfe1d7317c63162ec7b7039ed\">\n<div class=\"wp-block-toolset-blocks-container tb-container\" data-toolset-blocks-container=\"ca6ec92e03b36dd09cb8828b536d4636\"><\/div>\n<\/div>\n\n\n\n<div class=\"wp-block-toolset-blocks-grid-column tb-grid-column tb-grid-align-center\" data-toolset-blocks-grid-column=\"f586ff7bfe1d7317c63162ec7b7039ed\">\n<h2 class=\"tb-heading\" data-toolset-blocks-heading=\"adee741f66278c9138f8153f222d48a1\" data-last-update=\"1.4\">Aumente el tr\u00e1fico org\u00e1nico a trav\u00e9s del SEO multiling\u00fce<\/h2>\n<\/div>\n<\/div>\n\n\n\n<p class=\"tb-heading\" data-toolset-blocks-heading=\"bb795b7d1d6b9280919a6ffc19c910cf\" data-last-update=\"1.4\">WPML traduce los metatextos SEO y las URL. Tambi\u00e9n mantiene autom\u00e1ticamente las etiquetas hreflang, las migas de pan y los mapas del sitio localizados para que los motores de b\u00fasqueda entiendan e indexen su sitio correctamente.  <br\/><br\/>Con el <a href=\"https:\/\/wpml.org\/es\/documentation-2\/seo-multilingue\/\">SEO multiling\u00fce<\/a>, su tienda obtendr\u00e1 m\u00e1s tr\u00e1fico org\u00e1nico de visitantes en diferentes idiomas.<\/p>\n<\/div>\n<\/div>\n\n\n\n<div class=\"wp-block-toolset-blocks-container tb-container\" data-toolset-blocks-container=\"9ba9c3ca25504983dd5fd05f8065071e\">\n<div class=\"wp-block-toolset-blocks-grid tb-grid\" data-toolset-blocks-grid=\"c6b972590259fc930bc051af7a3729c8\">\n<div class=\"wp-block-toolset-blocks-grid-column tb-grid-column tb-grid-align-top\" data-toolset-blocks-grid-column=\"8b5b0c23f55222193f253e4cd6504b27\">\n<div class=\"wp-block-toolset-blocks-container tb-container\" data-toolset-blocks-container=\"76c8efba34324d3b5bd3d449cb572077\"><\/div>\n\n\n\n<div class=\"wp-block-toolset-blocks-container tb-container\" data-toolset-blocks-container=\"76b9e19aebd78b467b04c64acfe33167\">\n<h2 class=\"tb-heading\" data-toolset-blocks-heading=\"6d8a5c9c42cf0af506722b054bea7c02\" data-last-update=\"1.4\">Estable, seguro y siempre listo<\/h2>\n\n\n\n<p class=\"tb-heading\" data-toolset-blocks-heading=\"bb795b7d1d6b9280919a6ffc19c910cf\" data-last-update=\"1.4\">Con m\u00e1s de <strong>1,5 millones de sitios<\/strong> que utilizan WPML, la estabilidad no es opcional. Es nuestra reputaci\u00f3n. <br\/><br\/>WPML y el complemento WCML se prueban antes de cada nuevo <strong>lanzamiento de WordPress y WooCommerce<\/strong>, lo que garantiza que su tienda multiling\u00fce se mantenga estable, independientemente de las actualizaciones que lleguen.<\/p>\n<\/div>\n<\/div>\n\n\n\n<div class=\"wp-block-toolset-blocks-grid-column tb-grid-column tb-grid-align-top\" data-toolset-blocks-grid-column=\"ccef0acde848d1374ee2e3f64f9f452a\">\n<div class=\"wp-block-toolset-blocks-container tb-container\" data-toolset-blocks-container=\"b841f10638deca18a1503f8dde4c3207\"><\/div>\n\n\n\n<div class=\"wp-block-toolset-blocks-container tb-container\" data-toolset-blocks-container=\"76b9e19aebd78b467b04c64acfe33167\">\n<h2 class=\"tb-heading\" data-toolset-blocks-heading=\"17c63c2c4f267bd025227c2af31ce35d\" data-last-update=\"1.4\">Soporte global con el que puede contar<\/h2>\n\n\n\n<p class=\"tb-heading\" data-toolset-blocks-heading=\"bb795b7d1d6b9280919a6ffc19c910cf\" data-last-update=\"1.4\">Nuestros expertos de soporte t\u00e9cnico trabajan <strong>6 d\u00edas a la semana, 19 horas al d\u00eda<\/strong>, en <strong>9 idiomas<\/strong>.<br\/><br\/>Ya sea por la ma\u00f1ana en Tokio o por la noche en Los \u00c1ngeles, su tienda WooCommerce sigue funcionando sin problemas.<\/p>\n<\/div>\n<\/div>\n\n\n\n<div class=\"wp-block-toolset-blocks-grid-column tb-grid-column tb-grid-align-top\" data-toolset-blocks-grid-column=\"3034fbe886c11054e95b46b09d3e4112\"><\/div>\n\n\n\n<div class=\"wp-block-toolset-blocks-grid-column tb-grid-column tb-grid-align-top\" data-toolset-blocks-grid-column=\"3034fbe886c11054e95b46b09d3e4112\"><\/div>\n<\/div>\n<\/div>\n\n\n\n<div class=\"wp-block-toolset-blocks-container tb-container\" data-toolset-blocks-container=\"bcb90e3a5937c53eebcc98567de656c8\">\n<h2 class=\"tb-heading\" data-toolset-blocks-heading=\"fcb2374cee529d0d027b01f6c0206369\" data-last-update=\"1.4\">\u00bfListo para traducir? Le guiaremos. <\/h2>\n\n\n\n<p class=\"tb-heading\" data-toolset-blocks-heading=\"6e60ed0861ca1c3f7a5a419840cab502\" data-last-update=\"1.4\">Siga nuestra gu\u00eda paso a paso para ver lo f\u00e1cil que es hacer que su sitio de WooCommerce sea multiling\u00fce con WPML. <\/p>\n\n\n\n<div class=\"tb-button\" data-toolset-blocks-button=\"e1a6b3388c5f880c2c1d16dda4985c17\"><a class=\"tb-button__link\" href=\"https:\/\/wpml.org\/documentation\/related-projects\/woocommerce-multilingual\/how-to-translate-woocommerce\/\"><span class=\"tb-button__content\">C\u00f3mo traducir WooCommerce<\/span><i class=\"tb-button__icon\"><\/i><\/a><\/div>\n<\/div>\n<\/div><\/div>\n","protected":false},"excerpt":{"rendered":"<p class=\"lead\">WPML Multilingual &amp; Multicurrency para WooCommerce facilita la gesti\u00f3n de sitios de comercio electr\u00f3nico multiling\u00fces con WooCommerce y WPML. El plugin agiliza el proceso de traducci\u00f3n, de modo que solo tenga que traducir los textos.  Las traducciones de productos, categor\u00edas y variaciones se crean autom\u00e1ticamente para usted.<\/p>\n","protected":false},"author":538393,"featured_media":0,"parent":97645,"menu_order":0,"comment_status":"closed","ping_status":"closed","template":"template-full-with-popup-generic.php","meta":{"_bbp_topic_count":0,"_bbp_reply_count":0,"_bbp_total_topic_count":0,"_bbp_total_reply_count":0,"_bbp_voice_count":0,"_bbp_anonymous_reply_count":0,"_bbp_topic_count_hidden":0,"_bbp_reply_count_hidden":0,"_bbp_forum_subforum_count":0,"ep_exclude_from_search":false,"footnotes":""},"related-projects-category":[27053],"class_list":["post-468297","page","type-page","status-publish","hentry","related-projects-category-e-commerce-es"],"_links":{"self":[{"href":"https:\/\/wpml.org\/es\/wp-json\/wp\/v2\/pages\/468297","targetHints":{"allow":["GET"]}}],"collection":[{"href":"https:\/\/wpml.org\/es\/wp-json\/wp\/v2\/pages"}],"about":[{"href":"https:\/\/wpml.org\/es\/wp-json\/wp\/v2\/types\/page"}],"author":[{"embeddable":true,"href":"https:\/\/wpml.org\/es\/wp-json\/wp\/v2\/users\/538393"}],"replies":[{"embeddable":true,"href":"https:\/\/wpml.org\/es\/wp-json\/wp\/v2\/comments?post=468297"}],"version-history":[{"count":9,"href":"https:\/\/wpml.org\/es\/wp-json\/wp\/v2\/pages\/468297\/revisions"}],"predecessor-version":[{"id":17854521,"href":"https:\/\/wpml.org\/es\/wp-json\/wp\/v2\/pages\/468297\/revisions\/17854521"}],"up":[{"embeddable":true,"href":"https:\/\/wpml.org\/es\/wp-json\/wp\/v2\/pages\/97645"}],"wp:attachment":[{"href":"https:\/\/wpml.org\/es\/wp-json\/wp\/v2\/media?parent=468297"}],"wp:term":[{"taxonomy":"related-projects-category","embeddable":true,"href":"https:\/\/wpml.org\/es\/wp-json\/wp\/v2\/related-projects-category?post=468297"}],"curies":[{"name":"wp","href":"https:\/\/api.w.org\/{rel}","templated":true}]}}