{"id":509441,"date":"2014-08-12T09:28:45","date_gmt":"2014-08-12T09:28:45","guid":{"rendered":"http:\/\/wpml.org\/?page_id=509441"},"modified":"2025-06-10T13:38:16","modified_gmt":"2025-06-10T13:38:16","slug":"sitios","status":"publish","type":"page","link":"https:\/\/wpml.org\/es\/account\/sitios\/","title":{"rendered":"Sus sitios registrados"},"content":{"rendered":"","protected":false},"excerpt":{"rendered":"","protected":false},"author":64191,"featured_media":0,"parent":452173,"menu_order":27,"comment_status":"open","ping_status":"closed","template":"page-my-sites.php","meta":{"_bbp_topic_count":0,"_bbp_reply_count":0,"_bbp_total_topic_count":0,"_bbp_total_reply_count":0,"_bbp_voice_count":0,"_bbp_anonymous_reply_count":0,"_bbp_topic_count_hidden":0,"_bbp_reply_count_hidden":0,"_bbp_forum_subforum_count":0,"_uag_custom_page_level_css":"","ep_exclude_from_search":false,"footnotes":""},"related-projects-category":[],"class_list":["post-509441","page","type-page","status-publish","hentry"],"spectra_custom_meta":{"_edit_lock":["1415707953:22418"],"_edit_last":["22418"],"_wp_page_template":["page-my-sites.php"],"ratings_users":["0"],"ratings_score":["0"],"ratings_average":["0"],"_views_template":["0"],"_alp_processed":["1749562697"],"_wpml_media_duplicate":["0"],"_wpml_media_featured":["1"],"_subscription_coupon_product_id":["0"],"_last_translation_edit_mode":["translation-editor"],"wpcf-unformatted-code":[""],"wpcf-price-increase-show-from":[""],"wpcf-price-increase-show-till":[""],"_yoast_wpseo_metadesc":["Registre su sitio para recibir actualizaciones de WPML en el panel de administraci\u00f3n."],"wpcf-login-box-title":["A\u00f1adir sitios a su cuenta de WPML"],"wpcf-page-content":["<div class=\"row justify-content-center\">\n<div class=\"col-md-10\">\n<p>Para recibir actualizaciones de WPML directamente desde el panel de administraci\u00f3n de su sitio, es necesario registrar dicho sitio con WPML. Esta p\u00e1gina le permite hacerlo f\u00e1cilmente. <\/p>\n<p>Tambi\u00e9n puede a\u00f1adir cuentas de usuarios finales a cada uno de sus sitios que utilizan WPML. De esta manera, podr\u00e1n recibir soporte para el uso de WPML directamente de nosotros. <\/p>\n<\/div>\n<\/div>"],"_wpml_word_count":["4"],"_uag_css_file_name":["uag-css-509441.css"],"_uag_page_assets":["a:9:{s:3:\"css\";s:260:\".uag-blocks-common-selector{z-index:var(--z-index-desktop) !important}@media(max-width: 976px){.uag-blocks-common-selector{z-index:var(--z-index-tablet) !important}}@media(max-width: 767px){.uag-blocks-common-selector{z-index:var(--z-index-mobile) !important}}\";s:2:\"js\";s:0:\"\";s:18:\"current_block_list\";a:1:{i:0;s:14:\"core\/shortcode\";}s:8:\"uag_flag\";b:0;s:11:\"uag_version\";s:10:\"1778364589\";s:6:\"gfonts\";a:0:{}s:10:\"gfonts_url\";s:0:\"\";s:12:\"gfonts_files\";a:0:{}s:14:\"uag_faq_layout\";b:0;}"]},"uagb_featured_image_src":{"full":false,"thumbnail":false,"medium":false,"medium_large":false,"large":false,"1536x1536":false,"2048x2048":false,"gform-image-choice-sm":false,"gform-image-choice-md":false,"gform-image-choice-lg":false,"woocommerce_thumbnail":false,"woocommerce_single":false,"woocommerce_gallery_thumbnail":false},"uagb_author_info":{"display_name":"Ana","author_link":"https:\/\/wpml.org\/es\/author\/ana-c\/"},"uagb_comment_info":0,"uagb_excerpt":null,"_links":{"self":[{"href":"https:\/\/wpml.org\/es\/wp-json\/wp\/v2\/pages\/509441","targetHints":{"allow":["GET"]}}],"collection":[{"href":"https:\/\/wpml.org\/es\/wp-json\/wp\/v2\/pages"}],"about":[{"href":"https:\/\/wpml.org\/es\/wp-json\/wp\/v2\/types\/page"}],"author":[{"embeddable":true,"href":"https:\/\/wpml.org\/es\/wp-json\/wp\/v2\/users\/64191"}],"replies":[{"embeddable":true,"href":"https:\/\/wpml.org\/es\/wp-json\/wp\/v2\/comments?post=509441"}],"version-history":[{"count":3,"href":"https:\/\/wpml.org\/es\/wp-json\/wp\/v2\/pages\/509441\/revisions"}],"predecessor-version":[{"id":17122150,"href":"https:\/\/wpml.org\/es\/wp-json\/wp\/v2\/pages\/509441\/revisions\/17122150"}],"up":[{"embeddable":true,"href":"https:\/\/wpml.org\/es\/wp-json\/wp\/v2\/pages\/452173"}],"wp:attachment":[{"href":"https:\/\/wpml.org\/es\/wp-json\/wp\/v2\/media?parent=509441"}],"wp:term":[{"taxonomy":"related-projects-category","embeddable":true,"href":"https:\/\/wpml.org\/es\/wp-json\/wp\/v2\/related-projects-category?post=509441"}],"curies":[{"name":"wp","href":"https:\/\/api.w.org\/{rel}","templated":true}]}}