{"id":5209589,"date":"2018-06-04T08:05:56","date_gmt":"2018-06-04T08:05:56","guid":{"rendered":"https:\/\/wpml.org\/documentation-2\/traducir-los-contenidos\/traduccion-profesional-mediante-wpml\/"},"modified":"2025-02-17T10:04:40","modified_gmt":"2025-02-17T10:04:40","slug":"traduccion-profesional-mediante-wpml","status":"publish","type":"page","link":"https:\/\/wpml.org\/es\/documentation-2\/traducir-los-contenidos\/traduccion-profesional-mediante-wpml\/","title":{"rendered":"C\u00f3mo usar los servicios de traducci\u00f3n en WPML"},"content":{"rendered":"\n<p class=\"lead\">Aprenda c\u00f3mo conectar su sitio web a los principales servicios de traducci\u00f3n y enviar contenido para traducci\u00f3n utilizando WPML.<\/p>\n\n<h2 class=\"wp-block-heading\" id=\"why-use-translation-service\">\u00bfPor qu\u00e9 utilizar un servicio de traducci\u00f3n?<\/h2>\n\n<p>Los servicios de traducci\u00f3n constituyen un m\u00e9todo fidedigno para traducir su sitio web. A diferencia de los contratistas individuales y los aut\u00f3nomos a tiempo parcial, los servicios de traducci\u00f3n emplean traductores profesionales con experiencia pr\u00e1ctica.  <\/p>\n\n<p>Esto garantiza una serie de beneficios: <\/p>\n\n<div class=\"wp-block-toolset-blocks-grid tb-grid\" data-toolset-blocks-grid=\"53f136bfa28f200d6e261a82c95996b5\">\n<div class=\"wp-block-toolset-blocks-grid-column tb-grid-column tb-grid-align-top\" data-toolset-blocks-grid-column=\"3034fbe886c11054e95b46b09d3e4112\">\n<div class=\"wp-block-toolset-blocks-container tb-container\" data-toolset-blocks-container=\"b686692ca1b4b018f3b0f74489416dd6\"><\/div>\n\n\n\n<p class=\"tb-heading\" data-toolset-blocks-heading=\"6eee2a0222dd86c811e3129fc3ca4915\" data-last-update=\"1.4\">Traducciones excelentes<\/p>\n\n\n\n<p class=\"tb-heading has-text-color\" data-toolset-blocks-heading=\"8f22bb68207bdb49cdf90c813ccae5c6\" data-last-update=\"1.4\">Obtenga traducciones que coincidan con la voz de su contenido y suenen naturales para los hablantes nativos<\/p>\n<\/div>\n\n\n\n<div class=\"wp-block-toolset-blocks-grid-column tb-grid-column tb-grid-align-top\" data-toolset-blocks-grid-column=\"3034fbe886c11054e95b46b09d3e4112\">\n<div class=\"wp-block-toolset-blocks-container tb-container\" data-toolset-blocks-container=\"342535f546ab1ce6c8e2ac28af1c74de\"><\/div>\n\n\n\n<p class=\"tb-heading\" data-toolset-blocks-heading=\"6eee2a0222dd86c811e3129fc3ca4915\" data-last-update=\"1.4\">Especializaci\u00f3n en la industria<\/p>\n\n\n\n<p class=\"tb-heading has-text-color\" data-toolset-blocks-heading=\"8f22bb68207bdb49cdf90c813ccae5c6\" data-last-update=\"1.4\">Trabaje con servicios de traducci\u00f3n que se especializan en el nicho y la industria de su sitio web<\/p>\n<\/div>\n\n\n\n<div class=\"wp-block-toolset-blocks-grid-column tb-grid-column tb-grid-align-top\" data-toolset-blocks-grid-column=\"3034fbe886c11054e95b46b09d3e4112\">\n<div class=\"wp-block-toolset-blocks-container tb-container\" data-toolset-blocks-container=\"80df8dfb7d2393e5845f83c68a6c69d4\"><\/div>\n\n\n\n<p class=\"tb-heading\" data-toolset-blocks-heading=\"6eee2a0222dd86c811e3129fc3ca4915\" data-last-update=\"1.4\">Ahorra tiempo y esfuerzo<\/p>\n\n\n\n<p class=\"tb-heading has-text-color\" data-toolset-blocks-heading=\"8f22bb68207bdb49cdf90c813ccae5c6\" data-last-update=\"1.4\">Ded\u00edquese a otras tareas importantes mientras los profesionales traducen su sitio web<\/p>\n<\/div>\n<\/div>\n\n<p>En WPML, colaboramos con m\u00e1s de 70 <a href=\"https:\/\/wpml.org\/translation-service\/\">servicios de traducci\u00f3n profesionales<\/a> l\u00edderes de todo el mundo. <\/p>\n\n<p>Independientemente de si gestiona una p\u00e1gina de empresa peque\u00f1a o un gran sitio web corporativo, nuestros socios se especializan en docenas de industrias, asegurando traducciones precisas para su nicho espec\u00edfico. <\/p>\n\n<div style=\"height:5px\" aria-hidden=\"true\" class=\"wp-block-spacer\"><\/div>\n\n<h2 class=\"wp-block-heading\" id=\"use-translation-service-wpml\">C\u00f3mo usar los servicios de traducci\u00f3n en WPML<\/h2>\n\n<p>El uso de servicios de traducci\u00f3n en WPML es sencillo y seguro. Puede enviar contenido para su traducci\u00f3n directamente desde su panel de administraci\u00f3n de WordPress, y los traductores externos nunca tienen acceso a su sitio web. <\/p>\n\n<p>As\u00ed es como funciona el proceso. <\/p>\n\n<h3 class=\"wp-block-heading\" id=\"connect-to-translation-service\">1. Conecte su sitio web a un servicio de traducci\u00f3n<\/h3>\n\n<p>WPML ofrece dos formas de conectar su sitio web a un servicio de traducci\u00f3n: durante el asistente de configuraci\u00f3n, o en la pesta\u00f1a <strong>Translation Management<\/strong> \u2192 <strong>Translators<\/strong>. <\/p>\n\n<div class=\"wp-block-toolset-blocks-grid tb-grid\" data-toolset-blocks-grid=\"3d9c399fe625e1b972f817a0680229f6\">\n<div class=\"wp-block-toolset-blocks-grid-column tb-grid-column tb-grid-align-top\" data-toolset-blocks-grid-column=\"3034fbe886c11054e95b46b09d3e4112\">\n<figure class=\"wp-block-image tb-image tb-image-dynamic tb-image-frame-none\" data-toolset-blocks-image=\"b9ebb66251177b99b50b02a4b38a5c47\"><a href=\"https:\/\/wpml.org\/wp-content\/uploads\/2024\/07\/Connecting-to-a-translation-service-in-the-setup-wizard.png\"><img decoding=\"async\" width=\"1024\" height=\"716\" loading=\"lazy\" src=\"https:\/\/wpml.org\/wp-content\/uploads\/2024\/07\/Connecting-to-a-translation-service-in-the-setup-wizard-1024x716.png\" alt=\"Connecting to a translation service in the setup wizard\" class=\"wp-image-15994330\" srcset=\"https:\/\/wpml.org\/wp-content\/uploads\/2024\/07\/Connecting-to-a-translation-service-in-the-setup-wizard-1024x716.png 1024w, https:\/\/wpml.org\/wp-content\/uploads\/2024\/07\/Connecting-to-a-translation-service-in-the-setup-wizard-300x210.png 300w, https:\/\/wpml.org\/wp-content\/uploads\/2024\/07\/Connecting-to-a-translation-service-in-the-setup-wizard-150x105.png 150w, https:\/\/wpml.org\/wp-content\/uploads\/2024\/07\/Connecting-to-a-translation-service-in-the-setup-wizard-768x537.png 768w, https:\/\/wpml.org\/wp-content\/uploads\/2024\/07\/Connecting-to-a-translation-service-in-the-setup-wizard-1536x1074.png 1536w, https:\/\/wpml.org\/wp-content\/uploads\/2024\/07\/Connecting-to-a-translation-service-in-the-setup-wizard.png 1600w\" sizes=\"auto, (max-width: 1024px) 100vw, 1024px\" \/><\/a><figcaption><div class=\"tb-image-caption\">Conectando a un servicio de traducci\u00f3n en el asistente de configuraci\u00f3n<\/div><\/figcaption><\/figure>\n<\/div>\n\n\n\n<div class=\"wp-block-toolset-blocks-grid-column tb-grid-column tb-grid-align-top\" data-toolset-blocks-grid-column=\"3034fbe886c11054e95b46b09d3e4112\">\n<figure class=\"wp-block-image tb-image tb-image-dynamic tb-image-frame-none\" data-toolset-blocks-image=\"4a01f8ef94ce21d20f7f08017b48ead4\"><a href=\"https:\/\/wpml.org\/wp-content\/uploads\/2024\/07\/Connecting-to-translation-service-in-Translation-Management.png\"><img decoding=\"async\" width=\"1024\" height=\"692\" loading=\"lazy\" src=\"https:\/\/wpml.org\/wp-content\/uploads\/2024\/07\/Connecting-to-translation-service-in-Translation-Management-1024x692.png\" alt=\"Connecting to translation service in Translation Management\" class=\"wp-image-15994315\" srcset=\"https:\/\/wpml.org\/wp-content\/uploads\/2024\/07\/Connecting-to-translation-service-in-Translation-Management-1024x692.png 1024w, https:\/\/wpml.org\/wp-content\/uploads\/2024\/07\/Connecting-to-translation-service-in-Translation-Management-300x203.png 300w, https:\/\/wpml.org\/wp-content\/uploads\/2024\/07\/Connecting-to-translation-service-in-Translation-Management-150x101.png 150w, https:\/\/wpml.org\/wp-content\/uploads\/2024\/07\/Connecting-to-translation-service-in-Translation-Management-768x519.png 768w, https:\/\/wpml.org\/wp-content\/uploads\/2024\/07\/Connecting-to-translation-service-in-Translation-Management-1536x1039.png 1536w, https:\/\/wpml.org\/wp-content\/uploads\/2024\/07\/Connecting-to-translation-service-in-Translation-Management.png 1600w\" sizes=\"auto, (max-width: 1024px) 100vw, 1024px\" \/><\/a><figcaption><div class=\"tb-image-caption\">Conectando a un servicio de traducci\u00f3n en Translation Management<\/div><\/figcaption><\/figure>\n<\/div>\n<\/div>\n\n<p>Una vez que seleccione su servicio de traducci\u00f3n preferido, deber\u00e1 autenticarlo con un token de API. Para obtener instrucciones sobre c\u00f3mo obtener un token, consulte la documentaci\u00f3n de su servicio de traducci\u00f3n espec\u00edfico en nuestro <a href=\"https:\/\/wpml.org\/translation-service\/\">directorio de servicios de traducci\u00f3n<\/a>. <\/p>\n\n<div style=\"height:5px\" aria-hidden=\"true\" class=\"wp-block-spacer\"><\/div>\n\n<div class=\"wp-block-toolset-blocks-container tb-container\" data-toolset-blocks-container=\"422698fa4e77a9890059ce8619548214\">\n<div class=\"wp-block-toolset-blocks-grid tb-grid\" data-toolset-blocks-grid=\"37d19417981b1b97920df56c088840a6\">\n<div class=\"wp-block-toolset-blocks-grid-column tb-grid-column tb-grid-align-top\" data-toolset-blocks-grid-column=\"3034fbe886c11054e95b46b09d3e4112\">\n<div class=\"wp-block-toolset-blocks-container tb-container\" data-toolset-blocks-container=\"8462661d63c4401da3f7686632759d01\"><\/div>\n<\/div>\n\n\n\n<div class=\"wp-block-toolset-blocks-grid-column tb-grid-column tb-grid-align-top\" data-toolset-blocks-grid-column=\"3034fbe886c11054e95b46b09d3e4112\">\n<p class=\"tb-heading has-text-color\" data-toolset-blocks-heading=\"c1ace1a37913fe1cf5b4191d09bc8145\" data-last-update=\"1.4\">\u00bfDesea utilizar un servicio de traducci\u00f3n que no est\u00e1 disponible en nuestra lista predeterminada? Siga los <a href=\"#frequently-asked-questions\">pasos en la secci\u00f3n de FAQ<\/a> para conectar su sitio web con un servicio externo. <\/p>\n<\/div>\n<\/div>\n<\/div>\n\n<h3 class=\"wp-block-heading\" id=\"hide-languages\">2. Ocultar idiomas en progreso (opcional)<strong> <\/strong><\/h3>\n\n<p>WPML le permite ocultar temporalmente todo el contenido en un idioma espec\u00edfico de su sitio web. Esto garantiza que los usuarios no vean traducciones en curso o \u00e1reas parcialmente traducidas de su sitio web.  <\/p>\n\n<p>Para ocultar idiomas en su sitio web, vaya a <strong>WPML<\/strong> \u2192 <strong>Idiomas<\/strong> y despl\u00e1cese hasta la secci\u00f3n <strong>Ocultar idiomas<\/strong>. Seleccione los idiomas que desea ocultar y guarde sus preferencias.  <\/p>\n\n<figure class=\"wp-block-image tb-image tb-image-dynamic tb-image-frame-none\" data-toolset-blocks-image=\"6d09e655b12fa04694e9b304f9ba6b4f\"><a href=\"https:\/\/wpml.org\/wp-content\/uploads\/2024\/05\/Hiding-content-in-specific-languages.png\"><img decoding=\"async\" width=\"1024\" height=\"552\" loading=\"lazy\" src=\"https:\/\/wpml.org\/wp-content\/uploads\/2024\/05\/Hiding-content-in-specific-languages-1024x552.png\" alt=\"Hiding content in specific languages\" class=\"wp-image-15643338\" srcset=\"https:\/\/wpml.org\/wp-content\/uploads\/2024\/05\/Hiding-content-in-specific-languages-1024x552.png 1024w, https:\/\/wpml.org\/wp-content\/uploads\/2024\/05\/Hiding-content-in-specific-languages-300x162.png 300w, https:\/\/wpml.org\/wp-content\/uploads\/2024\/05\/Hiding-content-in-specific-languages-150x81.png 150w, https:\/\/wpml.org\/wp-content\/uploads\/2024\/05\/Hiding-content-in-specific-languages-768x414.png 768w, https:\/\/wpml.org\/wp-content\/uploads\/2024\/05\/Hiding-content-in-specific-languages.png 1439w\" sizes=\"auto, (max-width: 1024px) 100vw, 1024px\" \/><\/a><figcaption><div class=\"tb-image-caption\">Ocultando contenido en idiomas espec\u00edficos<\/div><\/figcaption><\/figure>\n\n<h3 class=\"wp-block-heading\" id=\"send-content-for-translation\">3. Enviar contenido para traducci\u00f3n<\/h3>\n\n<p>Para enviar contenido a un servicio de traducci\u00f3n: <\/p>\n\n<ol class=\"wp-block-list\">\n<li>Ve a <strong>WPML<\/strong> \u2192 <strong>Translation Management<\/strong>. <\/li>\n\n\n\n<li>Seleccione el contenido que desea traducir.<\/li>\n\n\n\n<li>En <strong>Controles de traducci\u00f3n<\/strong>, elija <strong>Asignar servicio de traducci\u00f3n<\/strong> y env\u00ede para su traducci\u00f3n. <\/li>\n<\/ol>\n<div class=\"wp-block-image\">\n<figure class=\" tb-image tb-image-dynamic tb-image-frame-none aligncenter\" data-toolset-blocks-image=\"dbf5480dd50f4e32592e13c35a3f388f\"><a href=\"https:\/\/wpml.org\/wp-content\/uploads\/2024\/07\/Selecting-translation-service-in-Translation-Management.png\"><img decoding=\"async\" width=\"1024\" height=\"644\" loading=\"lazy\" src=\"https:\/\/wpml.org\/wp-content\/uploads\/2024\/07\/Selecting-translation-service-in-Translation-Management-1024x644.png\" alt=\"Selecting translation service in Translation Management\" class=\"wp-image-15994240\" srcset=\"https:\/\/wpml.org\/wp-content\/uploads\/2024\/07\/Selecting-translation-service-in-Translation-Management-1024x644.png 1024w, https:\/\/wpml.org\/wp-content\/uploads\/2024\/07\/Selecting-translation-service-in-Translation-Management-300x189.png 300w, https:\/\/wpml.org\/wp-content\/uploads\/2024\/07\/Selecting-translation-service-in-Translation-Management-150x94.png 150w, https:\/\/wpml.org\/wp-content\/uploads\/2024\/07\/Selecting-translation-service-in-Translation-Management-768x483.png 768w, https:\/\/wpml.org\/wp-content\/uploads\/2024\/07\/Selecting-translation-service-in-Translation-Management-1536x966.png 1536w, https:\/\/wpml.org\/wp-content\/uploads\/2024\/07\/Selecting-translation-service-in-Translation-Management.png 1996w\" sizes=\"auto, (max-width: 1024px) 100vw, 1024px\" \/><\/a><figcaption><div class=\"tb-image-caption\">Seleccionando el uso de un servicio de traducci\u00f3n en Gesti\u00f3n de Traducciones<\/div><\/figcaption><\/figure>\n<\/div>\n<div class=\"wp-block-toolset-blocks-container tb-container\" data-toolset-blocks-container=\"422698fa4e77a9890059ce8619548214\">\n<div class=\"wp-block-toolset-blocks-grid tb-grid\" data-toolset-blocks-grid=\"37d19417981b1b97920df56c088840a6\">\n<div class=\"wp-block-toolset-blocks-grid-column tb-grid-column tb-grid-align-top\" data-toolset-blocks-grid-column=\"3034fbe886c11054e95b46b09d3e4112\">\n<div class=\"wp-block-toolset-blocks-container tb-container\" data-toolset-blocks-container=\"8462661d63c4401da3f7686632759d01\"><\/div>\n<\/div>\n\n\n\n<div class=\"wp-block-toolset-blocks-grid-column tb-grid-column tb-grid-align-top\" data-toolset-blocks-grid-column=\"3034fbe886c11054e95b46b09d3e4112\">\n<p class=\"tb-heading has-text-color\" data-toolset-blocks-heading=\"c1ace1a37913fe1cf5b4191d09bc8145\" data-last-update=\"1.4\">Recuerde que WPML no gestiona los pagos, por lo que deber\u00e1 pagar directamente a su servicio de traducci\u00f3n. <\/p>\n<\/div>\n<\/div>\n<\/div>\n\n<p><\/p>\n\n<h3 class=\"wp-block-heading\" id=\"receive-completed-translations\">4. Recibir traducciones completadas<\/h3>\n\n<p>Una vez que las traducciones est\u00e1n listas, WPML las recupera autom\u00e1ticamente y las publica en su sitio web. Las traducciones completadas aparecen en el panel de <strong>Gesti\u00f3n de Traducciones<\/strong> con un icono de marca de verificaci\u00f3n. <\/p>\n<div class=\"wp-block-image\">\n<figure class=\" tb-image tb-image-dynamic tb-image-frame-none aligncenter\" data-toolset-blocks-image=\"b28784db0364046cd249cee562a26f12\"><a href=\"https:\/\/wpml.org\/wp-content\/uploads\/2024\/07\/Completed-translations-in-Translation-Management-1.png\"><img decoding=\"async\" width=\"1024\" height=\"625\" loading=\"lazy\" src=\"https:\/\/wpml.org\/wp-content\/uploads\/2024\/07\/Completed-translations-in-Translation-Management-1-1024x625.png\" alt=\"Completed translations in Translation Management\" class=\"wp-image-15994291\" srcset=\"https:\/\/wpml.org\/wp-content\/uploads\/2024\/07\/Completed-translations-in-Translation-Management-1-1024x625.png 1024w, https:\/\/wpml.org\/wp-content\/uploads\/2024\/07\/Completed-translations-in-Translation-Management-1-300x183.png 300w, https:\/\/wpml.org\/wp-content\/uploads\/2024\/07\/Completed-translations-in-Translation-Management-1-150x92.png 150w, https:\/\/wpml.org\/wp-content\/uploads\/2024\/07\/Completed-translations-in-Translation-Management-1-768x469.png 768w, https:\/\/wpml.org\/wp-content\/uploads\/2024\/07\/Completed-translations-in-Translation-Management-1-1536x938.png 1536w, https:\/\/wpml.org\/wp-content\/uploads\/2024\/07\/Completed-translations-in-Translation-Management-1-2048x1250.png 2048w\" sizes=\"auto, (max-width: 1024px) 100vw, 1024px\" \/><\/a><figcaption><div class=\"tb-image-caption\">Traducciones completadas en Translation Management<\/div><\/figcaption><\/figure>\n<\/div>\n<div style=\"height:5px\" aria-hidden=\"true\" class=\"wp-block-spacer\"><\/div>\n\n<h2 class=\"wp-block-heading\" id=\"frequently-asked-questions\">Preguntas Frecuentes<\/h2>\n\n<div style=\"height:10px\" aria-hidden=\"true\" class=\"wp-block-spacer\"><\/div>\n\n<div id=\"faq\" class=\"wp-block-toolset-blocks-container tb-container\" data-toolset-blocks-container=\"3c47785d6e1708c649124e2fe04a1b68\">\n<div class=\"wp-block-toolset-blocks-container tb-container\" data-toolset-blocks-container=\"40d6b7d75c97be28d62acd5aaafad645\">\n<details class=\"wp-block-details has-ast-global-color-3-color has-text-color has-link-color wp-elements-158485f18fed47081bde55c556ea387f is-layout-flow wp-block-details-is-layout-flow\" style=\"font-size:15px;font-style:normal;font-weight:700\"><summary>\u00bfPor qu\u00e9 algunos textos aparecen sin traducir?<\/summary>\n<p class=\"tb-heading has-text-color\" data-toolset-blocks-heading=\"d9c36d003b4652b4ae1e92a25a44d041\" data-last-update=\"1.4\">Si env\u00eda contenido para traducci\u00f3n y algunos textos a\u00fan aparecen sin traducir, es probable que estos textos sean cadenas. <br\/><br\/>Para traducir cadenas, vaya a <strong>WPML<\/strong> \u2192 <strong>Gesti\u00f3n de Traducciones<\/strong> y despl\u00e1cese hacia abajo hasta la secci\u00f3n <strong>Otros textos (Cadenas)<\/strong>. Seleccione sus textos y siga los mismos pasos explicados anteriormente para enviarlos a su servicio de traducci\u00f3n. <\/p>\n<\/details>\n<\/div>\n<\/div>\n\n<div id=\"faq\" class=\"wp-block-toolset-blocks-container tb-container\" data-toolset-blocks-container=\"3c47785d6e1708c649124e2fe04a1b68\">\n<div class=\"wp-block-toolset-blocks-container tb-container\" data-toolset-blocks-container=\"40d6b7d75c97be28d62acd5aaafad645\">\n<details class=\"wp-block-details has-ast-global-color-3-color has-text-color has-link-color wp-elements-9304ad9c1a4d065aae081d5b02bb7954 is-layout-flow wp-block-details-is-layout-flow\" style=\"font-size:15px;font-style:normal;font-weight:700\"><summary>\u00bfC\u00f3mo puedo cancelar traducciones?<\/summary>\n<p class=\"tb-heading has-text-color\" data-toolset-blocks-heading=\"d9c36d003b4652b4ae1e92a25a44d041\" data-last-update=\"1.4\">Para cancelar traducciones, es necesario que se ponga en contacto directamente con su servicio de traducci\u00f3n.<\/p>\n<\/details>\n<\/div>\n<\/div>\n\n<div id=\"faq\" class=\"wp-block-toolset-blocks-container tb-container\" data-toolset-blocks-container=\"3c47785d6e1708c649124e2fe04a1b68\">\n<div class=\"wp-block-toolset-blocks-container tb-container\" data-toolset-blocks-container=\"40d6b7d75c97be28d62acd5aaafad645\">\n<details class=\"wp-block-details has-ast-global-color-3-color has-text-color has-link-color wp-elements-1149e525cfc12155bb84a30787e201ad is-layout-flow wp-block-details-is-layout-flow\" style=\"font-size:15px;font-style:normal;font-weight:700\"><summary>\u00bfC\u00f3mo puedo utilizar un servicio de traducci\u00f3n que no est\u00e1 disponible en WPML?<\/summary>\n<p class=\"tb-heading has-text-color\" data-toolset-blocks-heading=\"d9c36d003b4652b4ae1e92a25a44d041\" data-last-update=\"1.4\">Para utilizar un servicio de traducci\u00f3n que no est\u00e9 disponible en WPML, comience por solicitar al servicio que se una a <a href=\"https:\/\/wpml.org\/documentation\/content-translation\/translation-hub\/\">Translation Hub<\/a> \u2014 nuestro programa de integraci\u00f3n. Una vez integrado con WPML, siga los pasos a continuaci\u00f3n para conectar su sitio web con el servicio de traducci\u00f3n:  <br\/><br\/>1. Solicite a su servicio de traducci\u00f3n que le env\u00ede su <strong>Clave de Activaci\u00f3n <\/strong>y <strong>token de API<\/strong>. <br\/>2. Dir\u00edjase a <strong>WPML <\/strong>\u2192 <strong>Gesti\u00f3n de Traducci\u00f3n <\/strong>y cambie a la pesta\u00f1a <strong>Traductores<\/strong>. <br\/>3. Haga clic en el bot\u00f3n <strong>activar un servicio no listado aqu\u00ed <\/strong>e introduzca su <strong>Clave de Activaci\u00f3n <\/strong>en la ventana emergente. Su servicio aparecer\u00e1 ahora en la pantalla. <br\/>4. Haga clic en el bot\u00f3n <strong>autenticar<\/strong> e introduzca su <strong>token de API<\/strong>. <br\/><br\/>Ahora puede enviar contenido a este servicio de traducci\u00f3n a trav\u00e9s de <strong>Gesti\u00f3n de Traducci\u00f3n<\/strong>.<\/p>\n<\/details>\n<\/div>\n<\/div>\n\n<div style=\"height:10px\" aria-hidden=\"true\" class=\"wp-block-spacer\"><\/div>\n\n<h2 class=\"wp-block-heading\" id=\"get-started-wpml\">Comience con WPML<\/h2>\n\n<p>Para comenzar con los servicios de traducci\u00f3n, necesita una cuenta <strong>Multilingual CMS <\/strong>o <strong>Multilingual Agency <\/strong>de WPML. <\/p>\n\n<p>Visite nuestra <a href=\"https:\/\/wpml.org\/es\/purchase\/\">p\u00e1gina de precios<\/a> para obtener m\u00e1s informaci\u00f3n. <\/p>\n","protected":false},"excerpt":{"rendered":"<p>Aprenda c\u00f3mo conectar su sitio web a los principales servicios de traducci\u00f3n y enviar contenido para traducci\u00f3n utilizando WPML. \u00bfPor qu\u00e9 utilizar un servicio de traducci\u00f3n? Los servicios de traducci\u00f3n constituyen un m\u00e9todo fidedigno para traducir su sitio web. A diferencia de los contratistas individuales y los aut\u00f3nomos a tiempo parcial, los servicios de traducci\u00f3n [&hellip;]<\/p>\n","protected":false},"author":578773,"featured_media":0,"parent":3839,"menu_order":9,"comment_status":"closed","ping_status":"closed","template":"template-sidebar-2.php","meta":{"_bbp_topic_count":0,"_bbp_reply_count":0,"_bbp_total_topic_count":0,"_bbp_total_reply_count":0,"_bbp_voice_count":0,"_bbp_anonymous_reply_count":0,"_bbp_topic_count_hidden":0,"_bbp_reply_count_hidden":0,"_bbp_forum_subforum_count":0,"ep_exclude_from_search":false,"footnotes":""},"related-projects-category":[],"class_list":["post-5209589","page","type-page","status-publish","hentry"],"_links":{"self":[{"href":"https:\/\/wpml.org\/es\/wp-json\/wp\/v2\/pages\/5209589","targetHints":{"allow":["GET"]}}],"collection":[{"href":"https:\/\/wpml.org\/es\/wp-json\/wp\/v2\/pages"}],"about":[{"href":"https:\/\/wpml.org\/es\/wp-json\/wp\/v2\/types\/page"}],"author":[{"embeddable":true,"href":"https:\/\/wpml.org\/es\/wp-json\/wp\/v2\/users\/578773"}],"replies":[{"embeddable":true,"href":"https:\/\/wpml.org\/es\/wp-json\/wp\/v2\/comments?post=5209589"}],"version-history":[{"count":8,"href":"https:\/\/wpml.org\/es\/wp-json\/wp\/v2\/pages\/5209589\/revisions"}],"predecessor-version":[{"id":16712798,"href":"https:\/\/wpml.org\/es\/wp-json\/wp\/v2\/pages\/5209589\/revisions\/16712798"}],"up":[{"embeddable":true,"href":"https:\/\/wpml.org\/es\/wp-json\/wp\/v2\/pages\/3839"}],"wp:attachment":[{"href":"https:\/\/wpml.org\/es\/wp-json\/wp\/v2\/media?parent=5209589"}],"wp:term":[{"taxonomy":"related-projects-category","embeddable":true,"href":"https:\/\/wpml.org\/es\/wp-json\/wp\/v2\/related-projects-category?post=5209589"}],"curies":[{"name":"wp","href":"https:\/\/api.w.org\/{rel}","templated":true}]}}