{"id":5209647,"date":"2018-06-05T07:33:41","date_gmt":"2018-06-05T07:33:41","guid":{"rendered":"https:\/\/wpml.org\/documentation-2\/traducir-los-contenidos\/editor-de-traduccion-avanzado\/"},"modified":"2026-02-25T06:42:11","modified_gmt":"2026-02-25T06:42:11","slug":"editor-de-traduccion-avanzado","status":"publish","type":"page","link":"https:\/\/wpml.org\/es\/documentation-2\/traducir-los-contenidos\/editor-de-traduccion-avanzado\/","title":{"rendered":"Editor de traducci\u00f3n avanzado"},"content":{"rendered":"\n<div class=\"wp-block-toolset-blocks-container tb-container alignfull\" data-toolset-blocks-container=\"b43b4d0738be11c7c2c0678fa767bc44\"><div class=\"tb-container-inner\">\n<p class=\"tb-heading has-text-color\" data-toolset-blocks-heading=\"0190bf5c0f5e682e6e1d8be7e6f401ac\" data-last-update=\"1.4\"><span><span><a href=\"https:\/\/wpml.org\/es\/pagina-principal\/\">Home<\/a><\/span><\/span><\/p>\n\n\n\n<div class=\"wp-block-toolset-blocks-grid tb-grid\" data-toolset-blocks-grid=\"3bd56fee3cfbd50d66bc5f9fd84ad209\">\n<div class=\"wp-block-toolset-blocks-grid-column tb-grid-column tb-grid-align-center\" data-toolset-blocks-grid-column=\"f586ff7bfe1d7317c63162ec7b7039ed\">\n<div class=\"wp-block-toolset-blocks-container tb-container\" data-toolset-blocks-container=\"d1145a202a133618fec34f7d20c9dbb9\">\n<h1 class=\"tb-heading has-text-color\" data-toolset-blocks-heading=\"343efed024a80ac2a1ee090ed32a2c27\" data-last-update=\"1.4\">Editor de traducci\u00f3n avanzado<\/h1>\n\n\n\n<p class=\"tb-heading has-text-color\" data-toolset-blocks-heading=\"af2163c1fd8f2d90dd812af009e1ef56\" data-last-update=\"1.4\">El Editor de traducci\u00f3n avanzado de WPML ofrece la forma m\u00e1s r\u00e1pida, c\u00f3moda y asequible de obtener traducciones precisas para sitios de WordPress.<\/p>\n<\/div>\n<\/div>\n\n\n\n<div class=\"wp-block-toolset-blocks-grid-column tb-grid-column tb-grid-align-center\" data-toolset-blocks-grid-column=\"c77f65d01bb1c283e93f285b389d97af\">\n<div class=\"tb-fields-and-text\" data-toolset-blocks-fields-and-text=\"3e1d2592ce20bdf2bf813c9dfa44c991\"><p><img decoding=\"async\" class=\"size-full wp-image-15805580 aligncenter\" src=\"https:\/\/wpml.org\/wp-content\/uploads\/2024\/06\/ATE-min.png\" alt=\"\" width=\"744\" height=\"754\" srcset=\"https:\/\/wpml.org\/wp-content\/uploads\/2024\/06\/ATE-min.png 744w, https:\/\/wpml.org\/wp-content\/uploads\/2024\/06\/ATE-min-296x300.png 296w, https:\/\/wpml.org\/wp-content\/uploads\/2024\/06\/ATE-min-148x150.png 148w, https:\/\/wpml.org\/wp-content\/uploads\/2024\/06\/ATE-min-300x304.png 300w, https:\/\/wpml.org\/wp-content\/uploads\/2024\/06\/ATE-min-100x100.png 100w\" sizes=\"(max-width: 744px) 100vw, 744px\" \/><\/p><\/div>\n<\/div>\n<\/div>\n<\/div><\/div>\n\n<div class=\"wp-block-toolset-blocks-container tb-container product-page-content\" data-toolset-blocks-container=\"238ff9eb0cba89de9e261fd422193fcb\"><div class=\"tb-container-inner\">\n<h2 class=\"tb-heading has-text-color\" data-toolset-blocks-heading=\"e7d8728149d45e0bf04d87cd28846a7f\" data-last-update=\"1.4\">Editor de traducci\u00f3n contextual lado a lado<\/h2>\n\n\n\n<p class=\"tb-heading has-text-color\" data-toolset-blocks-heading=\"6b02de44a943e94854dc79db5a6b6074\" data-last-update=\"1.4\">Vea lo que est\u00e1 traduciendo mientras traduce. El Editor de traducci\u00f3n de WPML muestra el contenido que traduce tal como WordPress lo organiza. No es necesario adivinar qu\u00e9 est\u00e1 traduciendo ni d\u00f3nde aparece en el sitio.  <\/p>\n\n\n\n<figure class=\"wp-block-image tb-image tb-image-dynamic tb-image-frame-none\" data-toolset-blocks-image=\"31308a598bbcfe8f9adf74abff1916f2\"><a href=\"https:\/\/wpml.org\/wp-content\/uploads\/2025\/10\/Side-by-side-translations.png\"><img decoding=\"async\" width=\"1024\" height=\"605\" loading=\"lazy\" src=\"https:\/\/wpml.org\/wp-content\/uploads\/2025\/10\/Side-by-side-translations-1024x605.png\" alt=\"Side-by-side translations in the Advanced Translation Editor\" class=\"wp-image-17536004\" srcset=\"https:\/\/wpml.org\/wp-content\/uploads\/2025\/10\/Side-by-side-translations-1024x605.png 1024w, https:\/\/wpml.org\/wp-content\/uploads\/2025\/10\/Side-by-side-translations-300x177.png 300w, https:\/\/wpml.org\/wp-content\/uploads\/2025\/10\/Side-by-side-translations-150x89.png 150w, https:\/\/wpml.org\/wp-content\/uploads\/2025\/10\/Side-by-side-translations-768x454.png 768w, https:\/\/wpml.org\/wp-content\/uploads\/2025\/10\/Side-by-side-translations-1536x908.png 1536w, https:\/\/wpml.org\/wp-content\/uploads\/2025\/10\/Side-by-side-translations-2048x1210.png 2048w\" sizes=\"auto, (max-width: 1024px) 100vw, 1024px\" \/><\/a><\/figure>\n\n\n\n<h2 class=\"tb-heading has-text-color\" data-toolset-blocks-heading=\"cf4fc801c05855659a1eeebe44782da5\" data-last-update=\"1.4\">Edici\u00f3n segura de HTML<\/h2>\n\n\n\n<p class=\"tb-heading has-text-color\" data-toolset-blocks-heading=\"6b02de44a943e94854dc79db5a6b6074\" data-last-update=\"1.4\">El contenido de WordPress es rico en estructura, formato y enlaces. El Editor de traducci\u00f3n de WPML hace imposible romper accidentalmente el estilo HTML, omitir enlaces o causar problemas de dise\u00f1o. No importa qui\u00e9n traduzca para usted (incluida nuestra IA), puede estar seguro de que nada se romper\u00e1.  <\/p>\n\n\n\n<figure class=\"wp-block-image tb-image tb-image-dynamic tb-image-frame-none\" data-toolset-blocks-image=\"cba4e48f96488d01dfa5cda98a3c06e1\"><a href=\"https:\/\/wpml.org\/wp-content\/uploads\/2025\/10\/Safe-html-editing-2.png\"><img decoding=\"async\" width=\"1024\" height=\"642\" loading=\"lazy\" src=\"https:\/\/wpml.org\/wp-content\/uploads\/2025\/10\/Safe-html-editing-2-1024x642.png\" alt=\"Safe html editing in the Advanced Translation Editor\" class=\"wp-image-17536168\" srcset=\"https:\/\/wpml.org\/wp-content\/uploads\/2025\/10\/Safe-html-editing-2-1024x642.png 1024w, https:\/\/wpml.org\/wp-content\/uploads\/2025\/10\/Safe-html-editing-2-300x188.png 300w, https:\/\/wpml.org\/wp-content\/uploads\/2025\/10\/Safe-html-editing-2-150x94.png 150w, https:\/\/wpml.org\/wp-content\/uploads\/2025\/10\/Safe-html-editing-2-768x482.png 768w, https:\/\/wpml.org\/wp-content\/uploads\/2025\/10\/Safe-html-editing-2-1536x963.png 1536w, https:\/\/wpml.org\/wp-content\/uploads\/2025\/10\/Safe-html-editing-2.png 1968w\" sizes=\"auto, (max-width: 1024px) 100vw, 1024px\" \/><\/a><\/figure>\n\n\n\n<div class=\"wp-block-toolset-blocks-grid tb-grid\" data-toolset-blocks-grid=\"a0a4878c81addb54b771e14a857909b0\">\n<div class=\"wp-block-toolset-blocks-grid-column tb-grid-column tb-grid-align-center\" data-toolset-blocks-grid-column=\"f586ff7bfe1d7317c63162ec7b7039ed\">\n<div class=\"tb-fields-and-text\" data-toolset-blocks-fields-and-text=\"3e1d2592ce20bdf2bf813c9dfa44c991\"><p><img decoding=\"async\" class=\" aligncenter\" src=\"https:\/\/wpml.org\/wp-content\/uploads\/2024\/06\/CT-4-min.png\" width=\"220\" height=\"220\"\/><\/p><\/div>\n<\/div>\n\n\n\n<div class=\"wp-block-toolset-blocks-grid-column tb-grid-column tb-grid-align-center\" data-toolset-blocks-grid-column=\"f586ff7bfe1d7317c63162ec7b7039ed\">\n<h2 class=\"tb-heading has-text-color\" data-toolset-blocks-heading=\"194070cc2a1965e46aef0588e1fc15d6\" data-last-update=\"1.4\">Un m\u00e9todo de traducci\u00f3n para cualquier tipo de contenido<\/h2>\n\n\n\n<p class=\"tb-heading has-text-color\" data-toolset-blocks-heading=\"6b02de44a943e94854dc79db5a6b6074\" data-last-update=\"1.4\">No importa si est\u00e1 traduciendo una entrada de blog, una p\u00e1gina, un formulario de contacto o un producto, el flujo de traducci\u00f3n es el mismo.<\/p>\n<\/div>\n<\/div>\n\n\n\n<h2 class=\"tb-heading has-text-color\" data-toolset-blocks-heading=\"e7d8728149d45e0bf04d87cd28846a7f\" data-last-update=\"1.4\">Revisi\u00f3n en el front-end<\/h2>\n\n\n\n<p class=\"tb-heading has-text-color\" data-toolset-blocks-heading=\"6b02de44a943e94854dc79db5a6b6074\" data-last-update=\"1.4\">El toque final de la traducci\u00f3n autom\u00e1tica con IA de WPML es la revisi\u00f3n en el front-end. Ver\u00e1 las traducciones antes de publicarlas, exactamente como aparecer\u00e1n para los visitantes. Si nota algo incorrecto, haga clic para editar antes de que sus clientes vean las traducciones.  <\/p>\n\n\n\n<figure class=\"wp-block-image tb-image tb-image-dynamic tb-image-frame-none\" data-toolset-blocks-image=\"24c6c34b04a5ffcfea0a6cd85a3aba5d\"><a href=\"https:\/\/wpml.org\/wp-content\/uploads\/2025\/10\/Reviewing-product-on-front-end-editor-1.png\"><img decoding=\"async\" width=\"1024\" height=\"667\" loading=\"lazy\" src=\"https:\/\/wpml.org\/wp-content\/uploads\/2025\/10\/Reviewing-product-on-front-end-editor-1-1024x667.png\" alt=\"Reviewing product on front-end editor\" class=\"wp-image-17536182\" srcset=\"https:\/\/wpml.org\/wp-content\/uploads\/2025\/10\/Reviewing-product-on-front-end-editor-1-1024x667.png 1024w, https:\/\/wpml.org\/wp-content\/uploads\/2025\/10\/Reviewing-product-on-front-end-editor-1-300x195.png 300w, https:\/\/wpml.org\/wp-content\/uploads\/2025\/10\/Reviewing-product-on-front-end-editor-1-150x98.png 150w, https:\/\/wpml.org\/wp-content\/uploads\/2025\/10\/Reviewing-product-on-front-end-editor-1-768x500.png 768w, https:\/\/wpml.org\/wp-content\/uploads\/2025\/10\/Reviewing-product-on-front-end-editor-1-1536x1000.png 1536w, https:\/\/wpml.org\/wp-content\/uploads\/2025\/10\/Reviewing-product-on-front-end-editor-1.png 1791w\" sizes=\"auto, (max-width: 1024px) 100vw, 1024px\" \/><\/a><\/figure>\n\n\n\n<div class=\"wp-block-toolset-blocks-grid tb-grid\" data-toolset-blocks-grid=\"aeda342898b07eb620db0b2692b896b9\">\n<div class=\"wp-block-toolset-blocks-grid-column tb-grid-column tb-grid-align-center\" data-toolset-blocks-grid-column=\"f586ff7bfe1d7317c63162ec7b7039ed\">\n<div class=\"tb-fields-and-text\" data-toolset-blocks-fields-and-text=\"3e1d2592ce20bdf2bf813c9dfa44c991\"><p><img decoding=\"async\" class=\"aligncenter\" src=\"https:\/\/wpml.org\/wp-content\/uploads\/2024\/06\/AI-2-min.png\" width=\"186\" height=\"186\"\/><\/p><\/div>\n<\/div>\n\n\n\n<div class=\"wp-block-toolset-blocks-grid-column tb-grid-column tb-grid-align-center\" data-toolset-blocks-grid-column=\"f586ff7bfe1d7317c63162ec7b7039ed\">\n<h2 class=\"tb-heading has-text-color\" data-toolset-blocks-heading=\"09aef7265010ac977f32609fcd269223\" data-last-update=\"1.4\">Traducci\u00f3n autom\u00e1tica con IA<\/h2>\n\n\n\n<p class=\"tb-heading has-text-color\" data-toolset-blocks-heading=\"6b02de44a943e94854dc79db5a6b6074\" data-last-update=\"1.4\">El Editor de traducci\u00f3n avanzado le permite utilizar la <a href=\"https:\/\/wpml.org\/es\/documentation-2\/traduccion-automatica-para-contenido-de-wordpress-con-wpml\/\">traducci\u00f3n con IA<\/a> de WPML y obtener traducciones de calidad humana, con la velocidad y el coste de una m\u00e1quina. Empleamos una combinaci\u00f3n de tecnolog\u00edas de traducci\u00f3n de alta gama, con nuestros algoritmos propios, para ofrecer la mejor traducci\u00f3n con IA posible. <\/p>\n<\/div>\n<\/div>\n\n\n\n<div class=\"wp-block-toolset-blocks-container tb-container\" data-toolset-blocks-container=\"effb74344ce72658700211638812e9d5\">\n<div class=\"wp-block-toolset-blocks-grid tb-grid\" data-toolset-blocks-grid=\"878bfbda017a65e1f7d8192ec5498259\">\n<div class=\"wp-block-toolset-blocks-grid-column tb-grid-column tb-grid-align-center\" data-toolset-blocks-grid-column=\"f586ff7bfe1d7317c63162ec7b7039ed\">\n<div class=\"wp-block-toolset-blocks-container tb-container\" data-toolset-blocks-container=\"dcd113b1b0d67dc106a78b38f78a7e36\"><\/div>\n<\/div>\n\n\n\n<div class=\"wp-block-toolset-blocks-grid-column tb-grid-column tb-grid-align-center\" data-toolset-blocks-grid-column=\"f586ff7bfe1d7317c63162ec7b7039ed\">\n<h3 class=\"tb-heading has-text-color\" data-toolset-blocks-heading=\"895ee183921d28cee0d4bb29b89f2e99\" data-last-update=\"1.4\">Documentaci\u00f3n adicional<\/h3>\n<\/div>\n<\/div>\n\n\n\n<div class=\"tb-button mention-btn\" data-toolset-blocks-button=\"9b315c714c5ef34822fe977f9faf3490\"><a class=\"tb-button__link\" href=\"https:\/\/wpml.org\/documentation\/translating-your-contents\/advanced-translation-editor\/how-to-create-and-manage-glossary-entries\/\"><i class=\"tb-button__icon\"><\/i><span class=\"tb-button__content\">C\u00f3mo utilizar el glosario para obtener traducciones precisas<\/span><\/a><\/div>\n\n\n\n<div style=\"height:16px\" aria-hidden=\"true\" class=\"wp-block-spacer\"><\/div>\n\n\n\n<div class=\"tb-button mention-btn\" data-toolset-blocks-button=\"b9c95d74f41ae9880fe3eb1d303adbb9\"><a class=\"tb-button__link\" href=\"https:\/\/wpml.org\/documentation\/translating-your-contents\/advanced-translation-editor\/using-advanced-translation-editor-when-you-move-or-use-a-copy-of-your-site\/\"><i class=\"tb-button__icon\"><\/i><span class=\"tb-button__content\">Gesti\u00f3n de traducciones al migrar de desarrollo a producci\u00f3n o al copiar su sitio<\/span><\/a><\/div>\n<\/div>\n<\/div><\/div>\n","protected":false},"excerpt":{"rendered":"","protected":false},"author":76577,"featured_media":0,"parent":3839,"menu_order":4,"comment_status":"closed","ping_status":"closed","template":"template-full.php","meta":{"_bbp_topic_count":0,"_bbp_reply_count":0,"_bbp_total_topic_count":0,"_bbp_total_reply_count":0,"_bbp_voice_count":0,"_bbp_anonymous_reply_count":0,"_bbp_topic_count_hidden":0,"_bbp_reply_count_hidden":0,"_bbp_forum_subforum_count":0,"_uag_custom_page_level_css":"","ep_exclude_from_search":false,"footnotes":""},"related-projects-category":[],"class_list":["post-5209647","page","type-page","status-publish","hentry"],"spectra_custom_meta":{"ratings_users":["0"],"ratings_score":["0"],"ratings_average":["0"],"_subscription_coupon_product_id":["0"],"inline_featured_image":["0"],"_wpv_contains_gutenberg_views":[""],"_alp_processed":["1772001731"],"_views_template":["0"],"_wpml_media_featured":["1"],"_wp_page_template":["template-full.php"],"_oembed_1e02e02ee671c61d8638766a0ee1cb8e":["<iframe title=\"WPML Advanced Translation Editor\" width=\"700\" height=\"394\" src=\"https:\/\/www.youtube.com\/embed\/TmmyU6MtXY8?feature=oembed\" frameborder=\"0\" allow=\"accelerometer; autoplay; encrypted-media; gyroscope; picture-in-picture\" allowfullscreen><\/iframe>"],"_oembed_time_1e02e02ee671c61d8638766a0ee1cb8e":["1577718282"],"_last_translation_edit_mode":["translation-editor"],"_oembed_b9ed4048f72ad6c7db9e194b36b2ddd7":["<iframe title=\"Add a Custom Language in WPML\" width=\"700\" height=\"394\" src=\"https:\/\/www.youtube.com\/embed\/gbdbEOQA0Kw?feature=oembed&enablejsapi=1&origin=https:\/\/wpml.org\" frameborder=\"0\" allow=\"accelerometer; autoplay; clipboard-write; encrypted-media; gyroscope; picture-in-picture\" allowfullscreen><\/iframe>"],"_oembed_time_b9ed4048f72ad6c7db9e194b36b2ddd7":["1603666202"],"_oembed_1caedca534b636d09c0950cf45fb0cb9":["<iframe title=\"WPML Setup for the First Time\" width=\"700\" height=\"394\" src=\"https:\/\/www.youtube.com\/embed\/O7zrroWtrpQ?feature=oembed&enablejsapi=1&origin=https:\/\/wpml.org\" frameborder=\"0\" allow=\"accelerometer; autoplay; clipboard-write; encrypted-media; gyroscope; picture-in-picture\" allowfullscreen><\/iframe>"],"_oembed_time_1caedca534b636d09c0950cf45fb0cb9":["1603666202"],"_oembed_6eeaaf76264d07834a5024ecc691d2d0":["<iframe title=\"Media Translation for WPML 4.0\" width=\"525\" height=\"394\" src=\"https:\/\/www.youtube.com\/embed\/8kvqMTy3r2g?feature=oembed&enablejsapi=1&origin=https:\/\/wpml.org\" frameborder=\"0\" allow=\"accelerometer; autoplay; clipboard-write; encrypted-media; gyroscope; picture-in-picture\" allowfullscreen><\/iframe>"],"_oembed_time_6eeaaf76264d07834a5024ecc691d2d0":["1604868038"],"_oembed_085e890236af876c824fa92e59328670":["<iframe title=\"Translating Menus in WPML\" width=\"700\" height=\"394\" src=\"https:\/\/www.youtube.com\/embed\/aFQuEGQs19c?feature=oembed&enablejsapi=1&origin=https:\/\/wpml.org\" frameborder=\"0\" allow=\"accelerometer; autoplay; clipboard-write; encrypted-media; gyroscope; picture-in-picture\" allowfullscreen><\/iframe>"],"_oembed_time_085e890236af876c824fa92e59328670":["1606441670"],"_oembed_8f4dd281fde949aaaec897e32bbedb6b":["<iframe title=\"Doing a Test Translation with Translation Services\" width=\"700\" height=\"394\" src=\"https:\/\/www.youtube.com\/embed\/ozBasV4sNCs?feature=oembed&enablejsapi=1&origin=https:\/\/wpml.org\" frameborder=\"0\" allow=\"accelerometer; autoplay; clipboard-write; encrypted-media; gyroscope; picture-in-picture\" allowfullscreen><\/iframe>"],"_oembed_time_8f4dd281fde949aaaec897e32bbedb6b":["1612522706"],"wpcf-unformatted-code":[""],"_wpml_word_count":["377"],"wpcf-price-increase-show-from":[""],"wpcf-price-increase-show-till":[""],"toolset_post_editor_mode":["block"],"_syntaxhighlighter_encoded":["1"],"_oembed_809539948dec7d9364864e7814a4a558":["<iframe title=\"How we translate wpml.org\" width=\"700\" height=\"394\" src=\"https:\/\/www.youtube.com\/embed\/FxScQ-bkOXo?feature=oembed&enablejsapi=1&origin=https:\/\/wpml.org\" frameborder=\"0\" allow=\"accelerometer; autoplay; clipboard-write; encrypted-media; gyroscope; picture-in-picture\" allowfullscreen><\/iframe>"],"_oembed_time_809539948dec7d9364864e7814a4a558":["1636991530"],"wpcf-relevant-forum-documentation":["1"],"wpcf-price-increase-content":[""],"wpcf-login-box-title":[""],"wpcf-page-content":[""],"_oembed_8b192c37df925cacb831b3922e69595d":["<iframe title=\"Using WPML To Translate Pages Built With Fusion Builder (Avada Theme)\" width=\"700\" height=\"394\" src=\"https:\/\/www.youtube.com\/embed\/_bNqjjBPdGA?feature=oembed&enablejsapi=1&origin=https:\/\/wpml.org\" frameborder=\"0\" allow=\"accelerometer; autoplay; clipboard-write; encrypted-media; gyroscope; picture-in-picture\" allowfullscreen><\/iframe>"],"_oembed_time_8b192c37df925cacb831b3922e69595d":["1659950248"],"_oembed_bbf56b1d4c25ce11481afba39f176f85":["<iframe title=\"Using WPML to translate content created with page builders\" width=\"700\" height=\"394\" src=\"https:\/\/www.youtube.com\/embed\/MSqNzrdPMkE?feature=oembed&enablejsapi=1&origin=https:\/\/wpml.org\" frameborder=\"0\" allow=\"accelerometer; autoplay; clipboard-write; encrypted-media; gyroscope; picture-in-picture\" allowfullscreen><\/iframe>"],"_oembed_time_bbf56b1d4c25ce11481afba39f176f85":["1659950248"],"_wpml_media_duplicate":["0"],"_oembed_ad44eba37d85b195e5cb17199977d665":["<iframe title=\"sidebar manager\" width=\"525\" height=\"394\" src=\"https:\/\/www.youtube.com\/embed\/2QWi4Q9fVok?feature=oembed&enablejsapi=1&origin=https:\/\/wpml.org\" frameborder=\"0\" allow=\"accelerometer; autoplay; clipboard-write; encrypted-media; gyroscope; picture-in-picture; web-share\" allowfullscreen><\/iframe>"],"_oembed_time_ad44eba37d85b195e5cb17199977d665":["1679041785"],"cmplz_hide_cookiebanner":[""],"_yoast_wpseo_primary_related-projects-category":[""],"_yoast_wpseo_metadesc":["El Editor de traducci\u00f3n avanzado de WPML ofrece la forma m\u00e1s r\u00e1pida, c\u00f3moda y asequible de obtener traducciones precisas para sitios de WordPress."],"_uag_css_file_name":["uag-css-5209647.css"],"_uag_page_assets":["a:9:{s:3:\"css\";s:260:\".uag-blocks-common-selector{z-index:var(--z-index-desktop) !important}@media(max-width: 976px){.uag-blocks-common-selector{z-index:var(--z-index-tablet) !important}}@media(max-width: 767px){.uag-blocks-common-selector{z-index:var(--z-index-mobile) !important}}\";s:2:\"js\";s:0:\"\";s:18:\"current_block_list\";a:9:{i:0;s:24:\"toolset-blocks\/container\";i:1;s:22:\"toolset-blocks\/heading\";i:2;s:19:\"toolset-blocks\/grid\";i:3;s:26:\"toolset-blocks\/grid-column\";i:5;s:30:\"toolset-blocks\/fields-and-text\";i:6;s:20:\"toolset-blocks\/image\";i:7;s:21:\"toolset-blocks\/button\";i:8;s:11:\"core\/spacer\";i:9;s:14:\"core\/shortcode\";}s:8:\"uag_flag\";b:0;s:11:\"uag_version\";s:10:\"1778155423\";s:6:\"gfonts\";a:0:{}s:10:\"gfonts_url\";s:0:\"\";s:12:\"gfonts_files\";a:0:{}s:14:\"uag_faq_layout\";b:0;}"]},"uagb_featured_image_src":{"full":false,"thumbnail":false,"medium":false,"medium_large":false,"large":false,"1536x1536":false,"2048x2048":false,"gform-image-choice-sm":false,"gform-image-choice-md":false,"gform-image-choice-lg":false,"woocommerce_thumbnail":false,"woocommerce_single":false,"woocommerce_gallery_thumbnail":false},"uagb_author_info":{"display_name":"Dario","author_link":"https:\/\/wpml.org\/es\/author\/darioh\/"},"uagb_comment_info":0,"uagb_excerpt":null,"_links":{"self":[{"href":"https:\/\/wpml.org\/es\/wp-json\/wp\/v2\/pages\/5209647","targetHints":{"allow":["GET"]}}],"collection":[{"href":"https:\/\/wpml.org\/es\/wp-json\/wp\/v2\/pages"}],"about":[{"href":"https:\/\/wpml.org\/es\/wp-json\/wp\/v2\/types\/page"}],"author":[{"embeddable":true,"href":"https:\/\/wpml.org\/es\/wp-json\/wp\/v2\/users\/76577"}],"replies":[{"embeddable":true,"href":"https:\/\/wpml.org\/es\/wp-json\/wp\/v2\/comments?post=5209647"}],"version-history":[{"count":8,"href":"https:\/\/wpml.org\/es\/wp-json\/wp\/v2\/pages\/5209647\/revisions"}],"predecessor-version":[{"id":17849455,"href":"https:\/\/wpml.org\/es\/wp-json\/wp\/v2\/pages\/5209647\/revisions\/17849455"}],"up":[{"embeddable":true,"href":"https:\/\/wpml.org\/es\/wp-json\/wp\/v2\/pages\/3839"}],"wp:attachment":[{"href":"https:\/\/wpml.org\/es\/wp-json\/wp\/v2\/media?parent=5209647"}],"wp:term":[{"taxonomy":"related-projects-category","embeddable":true,"href":"https:\/\/wpml.org\/es\/wp-json\/wp\/v2\/related-projects-category?post=5209647"}],"curies":[{"name":"wp","href":"https:\/\/api.w.org\/{rel}","templated":true}]}}