{"id":5260933,"date":"2020-01-09T11:14:15","date_gmt":"2020-01-09T11:14:15","guid":{"rendered":"https:\/\/wpml.org\/escribe-tu-opinion\/"},"modified":"2020-01-09T11:17:02","modified_gmt":"2020-01-09T11:17:02","slug":"escribe-tu-opinion","status":"publish","type":"page","link":"https:\/\/wpml.org\/es\/escribe-tu-opinion\/","title":{"rendered":"Escribe tu opini\u00f3n"},"content":{"rendered":"<p>Gracias por usar WPML y nuestros Servicios de Traducci\u00f3n. Nos encantar\u00eda conocer tu opini\u00f3n y dar a conocer tu sitio web (opcional). Comparte tu opini\u00f3n con otros clientes.<\/p>\n","protected":false},"excerpt":{"rendered":"<p>Gracias por usar WPML y nuestros Servicios de Traducci\u00f3n. Nos encantar\u00eda conocer tu opini\u00f3n y dar a conocer tu sitio web (opcional). Comparte tu opini\u00f3n con otros clientes.<\/p>\n","protected":false},"author":59141,"featured_media":0,"parent":0,"menu_order":12,"comment_status":"closed","ping_status":"closed","template":"","meta":{"_bbp_topic_count":0,"_bbp_reply_count":0,"_bbp_total_topic_count":0,"_bbp_total_reply_count":0,"_bbp_voice_count":0,"_bbp_anonymous_reply_count":0,"_bbp_topic_count_hidden":0,"_bbp_reply_count_hidden":0,"_bbp_forum_subforum_count":0,"ep_exclude_from_search":false,"footnotes":""},"related-projects-category":[],"class_list":["post-5260933","page","type-page","status-publish","hentry"],"_links":{"self":[{"href":"https:\/\/wpml.org\/es\/wp-json\/wp\/v2\/pages\/5260933","targetHints":{"allow":["GET"]}}],"collection":[{"href":"https:\/\/wpml.org\/es\/wp-json\/wp\/v2\/pages"}],"about":[{"href":"https:\/\/wpml.org\/es\/wp-json\/wp\/v2\/types\/page"}],"author":[{"embeddable":true,"href":"https:\/\/wpml.org\/es\/wp-json\/wp\/v2\/users\/59141"}],"replies":[{"embeddable":true,"href":"https:\/\/wpml.org\/es\/wp-json\/wp\/v2\/comments?post=5260933"}],"version-history":[{"count":1,"href":"https:\/\/wpml.org\/es\/wp-json\/wp\/v2\/pages\/5260933\/revisions"}],"predecessor-version":[{"id":5260969,"href":"https:\/\/wpml.org\/es\/wp-json\/wp\/v2\/pages\/5260933\/revisions\/5260969"}],"wp:attachment":[{"href":"https:\/\/wpml.org\/es\/wp-json\/wp\/v2\/media?parent=5260933"}],"wp:term":[{"taxonomy":"related-projects-category","embeddable":true,"href":"https:\/\/wpml.org\/es\/wp-json\/wp\/v2\/related-projects-category?post=5260933"}],"curies":[{"name":"wp","href":"https:\/\/api.w.org\/{rel}","templated":true}]}}