{"id":6198,"date":"2010-12-28T13:58:29","date_gmt":"2010-12-28T13:58:29","guid":{"rendered":"http:\/\/wpml.org\/caracteristicas\/"},"modified":"2026-02-26T07:20:02","modified_gmt":"2026-02-26T07:20:02","slug":"caracteristicas","status":"publish","type":"page","link":"https:\/\/wpml.org\/es\/caracteristicas\/","title":{"rendered":"Funcionalidades de WPML"},"content":{"rendered":"\n<div class=\"wp-block-toolset-blocks-container tb-container\" data-toolset-blocks-container=\"1723f581a506bac7b33df317f23843ed\"><div class=\"tb-container-inner\">\n<h1 class=\"tb-heading has-text-color\" data-toolset-blocks-heading=\"a371b389eaca851838f73367f218fe78\" data-last-update=\"1.4\">Funcionalidades de WPML<\/h1>\n\n\n\n<h2 class=\"tb-heading has-text-color\" data-toolset-blocks-heading=\"204b4f2d1b010e7c358ea1bee7777442\" data-last-update=\"1.4\">Una instalaci\u00f3n de WordPress \u2013 M\u00faltiples idiomas<\/h2>\n\n\n\n<p class=\"has-text-align-center has-dark-gray-color has-text-color\">WPML le permite gestionar un sitio multiling\u00fce desde una sola instalaci\u00f3n de WordPress. Puede traducir entre <a href=\"https:\/\/ate.wpml.org\/wpml_ai\" target=\"_blank\" rel=\"noreferrer noopener\">m\u00e1s de 2500 pares de idiomas<\/a> o a\u00f1adir sus propias variantes como el franc\u00e9s canadiense o el espa\u00f1ol mexicano. <\/p>\n<\/div><\/div>\n\n<div class=\"wp-block-toolset-blocks-container tb-container\" data-toolset-blocks-container=\"7bbfe29c9c6bf63ade056de3df4b2e08\"><div class=\"tb-container-inner\">\n<div class=\"wp-block-toolset-blocks-container tb-container\" data-toolset-blocks-container=\"7ebb1955aec68553fc543c0ceecfdcfa\"><div class=\"tb-container-inner\">\n<h2 class=\"tb-heading has-text-color\" data-toolset-blocks-heading=\"e1436496fb933d7ee75eea0239e04b56\" data-last-update=\"1.4\">M\u00e9todos de traducci\u00f3n flexibles que se adaptan a sus necesidades<\/h2>\n\n\n\n<p class=\"has-text-align-center has-dark-gray-color has-text-color\">No importa si est\u00e1 creando y traduciendo sitios usted mismo o si est\u00e1 construyendo sitios grandes para organizaciones. WPML ofrece un flujo de trabajo de traducci\u00f3n que funciona para usted. <\/p>\n<\/div><\/div>\n\n\n\n<div class=\"wp-block-toolset-blocks-container tb-container\" data-toolset-blocks-container=\"041c373f4e011d694373e84f0db5eb63\">\n<div class=\"wp-block-toolset-blocks-grid tb-grid\" data-toolset-blocks-grid=\"205de38824eb36308b2b47e65abd0dd9\">\n<div class=\"wp-block-toolset-blocks-grid-column tb-grid-column tb-grid-align-center\" data-toolset-blocks-grid-column=\"f586ff7bfe1d7317c63162ec7b7039ed\">\n<div class=\"wp-block-toolset-blocks-container tb-container\" data-toolset-blocks-container=\"2c2bb1e9fdb8c42461bc56f171b7fed2\"><\/div>\n<\/div>\n\n\n\n<div class=\"wp-block-toolset-blocks-grid-column tb-grid-column tb-grid-align-center\" data-toolset-blocks-grid-column=\"a69d9d03e8fd635d3d546808e8e90596\">\n<h2 class=\"tb-heading has-text-color\" data-toolset-blocks-heading=\"f4f61a81fe2d91ae7fc4627ab11dfbf5\" data-last-update=\"1.4\">Traducciones con IA: calidad humana, coste y velocidad de m\u00e1quina<\/h2>\n\n\n\n<p class=\"has-dark-gray-color has-text-color\">La <a href=\"https:\/\/wpml.org\/es\/documentation-2\/traduccion-automatica-para-contenido-de-wordpress-con-wpml\/\">Traducci\u00f3n IA<\/a> de WPML es la combinaci\u00f3n perfecta de calidad, asequibilidad y velocidad. Nuestro <a href=\"https:\/\/ptc.wpml.org\/about\/\" target=\"_blank\" rel=\"noreferrer noopener\">Private Translation Cloud (PTC)<\/a> traduce su sitio web con contexto y comprensi\u00f3n completos. <\/p>\n\n\n\n<p class=\"has-dark-gray-color has-text-color\">Adem\u00e1s de la traducci\u00f3n con IA, puede traducir usted mismo, asignar traducciones a su equipo o utilizar uno de los muchos <a href=\"https:\/\/wpml.org\/translation-service\/\">servicios de traducci\u00f3n profesional<\/a> integrados con WPML.<\/p>\n<\/div>\n<\/div>\n\n\n\n<div class=\"wp-block-toolset-blocks-grid tb-grid\" data-toolset-blocks-grid=\"0b01e4784880e48bf8c621faae890185\">\n<div class=\"wp-block-toolset-blocks-grid-column tb-grid-column tb-grid-align-center\" data-toolset-blocks-grid-column=\"f586ff7bfe1d7317c63162ec7b7039ed\">\n<h2 class=\"tb-heading has-text-color\" data-toolset-blocks-heading=\"74c7a87db3b5fc57d51c36cedd809376\" data-last-update=\"1.4\">Control del flujo de trabajo de traducci\u00f3n<\/h2>\n\n\n\n<p class=\"has-dark-gray-color has-text-color\">El <a href=\"https:\/\/wpml.org\/es\/documentation-2\/traducir-los-contenidos\/\">Panel de Control de Traducci\u00f3n<\/a> de WPML le permite controlar qu\u00e9 traduce y c\u00f3mo lo traduce. Traduzca todo su sitio autom\u00e1ticamente, utilice la traducci\u00f3n autom\u00e1tica para publicaciones y p\u00e1ginas espec\u00edficas o traduzca usted mismo el contenido de su sitio. <\/p>\n<\/div>\n\n\n\n<div class=\"wp-block-toolset-blocks-grid-column tb-grid-column tb-grid-align-center\" data-toolset-blocks-grid-column=\"a69d9d03e8fd635d3d546808e8e90596\">\n<div class=\"wp-block-toolset-blocks-container tb-container\" data-toolset-blocks-container=\"c086b450d8ea287800efb8a4002ce616\"><\/div>\n<\/div>\n<\/div>\n<\/div>\n<\/div><\/div>\n\n<div class=\"wp-block-toolset-blocks-container tb-container\" data-toolset-blocks-container=\"d67e0df9b8a84033a20ea3e7351897fb\"><div class=\"tb-container-inner\">\n<div class=\"wp-block-toolset-blocks-grid tb-grid\" data-toolset-blocks-grid=\"058eac82b0dca681301a7be483fc7a0f\">\n<div class=\"wp-block-toolset-blocks-grid-column tb-grid-column tb-grid-align-center\" data-toolset-blocks-grid-column=\"f586ff7bfe1d7317c63162ec7b7039ed\">\n<h2 class=\"tb-heading has-text-color\" data-toolset-blocks-heading=\"f4f61a81fe2d91ae7fc4627ab11dfbf5\" data-last-update=\"1.4\">Comercio electr\u00f3nico multiling\u00fce y multimoneda<\/h2>\n\n\n\n<p class=\"has-dark-gray-color has-text-color\">Con WPML, puede gestionar f\u00e1cilmente una tienda WooCommerce <a href=\"https:\/\/wpml.org\/es\/documentation-2\/proyectos-relacionados\/woocommerce-multilingual-ofrezca-sitios-web-con-ecomercio-en-varios-idiomas\/\">multiling\u00fce<\/a> y <a href=\"https:\/\/wpml.org\/es\/documentation-2\/proyectos-relacionados\/woocommerce-multilingual-ofrezca-sitios-web-con-ecomercio-en-varios-idiomas\/caracteristicas-multidivisa-para-woocommerce\/\">multimoneda<\/a>. Tendr\u00e1 soporte completo para todos los tipos de productos, ventas y promociones: todo lo que ofrece WooCommerce. <\/p>\n\n\n\n<p class=\"has-dark-gray-color has-text-color\">Sus clientes disfrutar\u00e1n de una experiencia de compra fluida y completamente localizada, desde la navegaci\u00f3n por los productos hasta el pago y los correos electr\u00f3nicos de confirmaci\u00f3n.<\/p>\n\n\n\n<div class=\"wp-block-toolset-blocks-container tb-container\" data-toolset-blocks-container=\"e663d9134aa1e90319a4958a26b926b2\"><\/div>\n<\/div>\n\n\n\n<div class=\"wp-block-toolset-blocks-grid-column tb-grid-column tb-grid-align-center\" data-toolset-blocks-grid-column=\"f586ff7bfe1d7317c63162ec7b7039ed\">\n<div class=\"wp-block-toolset-blocks-container tb-container\" data-toolset-blocks-container=\"c95ba1166e45d3aef2b13cd05faff1a9\"><\/div>\n<\/div>\n<\/div>\n<\/div><\/div>\n\n<div class=\"wp-block-toolset-blocks-container tb-container\" data-toolset-blocks-container=\"e10c85e3c34c1f6f73ff3f5d7fb9bcc9\"><div class=\"tb-container-inner\">\n<div class=\"wp-block-toolset-blocks-grid tb-grid\" data-toolset-blocks-grid=\"8e65cba89c4429b24bf745e02a1d1729\">\n<div class=\"wp-block-toolset-blocks-grid-column tb-grid-column tb-grid-align-center\" data-toolset-blocks-grid-column=\"f586ff7bfe1d7317c63162ec7b7039ed\">\n<div class=\"wp-block-toolset-blocks-container tb-container\" data-toolset-blocks-container=\"5bf33c74abe5765091d5279d9fabda7c\"><\/div>\n<\/div>\n\n\n\n<div class=\"wp-block-toolset-blocks-grid-column tb-grid-column tb-grid-align-center\" data-toolset-blocks-grid-column=\"a69d9d03e8fd635d3d546808e8e90596\">\n<h2 class=\"tb-heading has-text-color\" data-toolset-blocks-heading=\"f4f61a81fe2d91ae7fc4627ab11dfbf5\" data-last-update=\"1.4\">String Translation<\/h2>\n\n\n\n<p class=\"has-dark-gray-color has-text-color\">Puede traducir textos en otros plugins y en pantallas de administraci\u00f3n directamente desde la interfaz de <a href=\"https:\/\/wpml.org\/es\/documentation-2\/guia-de-inicio\/traduccion-de-cadenas\/\">String Translation<\/a> de WPML.<\/p>\n\n\n\n<p class=\"has-dark-gray-color has-text-color\">Ver\u00e1 de d\u00f3nde proceden los textos tanto en el c\u00f3digo como en el sitio, para que sus traducciones sean significativas.<\/p>\n<\/div>\n<\/div>\n<\/div><\/div>\n\n<div class=\"wp-block-toolset-blocks-container tb-container\" data-toolset-blocks-container=\"c7afdd53b71cfee49b8b74cb53bf4095\"><div class=\"tb-container-inner\">\n<div class=\"wp-block-toolset-blocks-grid tb-grid\" data-toolset-blocks-grid=\"00fda5c768cc15ca6079c53aec0b3275\">\n<div class=\"wp-block-toolset-blocks-grid-column tb-grid-column tb-grid-align-center\" data-toolset-blocks-grid-column=\"f586ff7bfe1d7317c63162ec7b7039ed\">\n<div class=\"wp-block-toolset-blocks-container tb-container\" data-toolset-blocks-container=\"03b9e7a5da291bff6e9fd682d5046108\"><\/div>\n\n\n\n<h2 class=\"tb-heading has-text-color\" data-toolset-blocks-heading=\"74c7a87db3b5fc57d51c36cedd809376\" data-last-update=\"1.4\">SEO multiling\u00fce<\/h2>\n\n\n\n<p class=\"has-dark-gray-color has-text-color\">WPML le ayuda a optimizar para los motores de b\u00fasqueda en cada idioma. Puede configurar idiomas usando TLDs, subdominios, carpetas o argumentos de idioma. Le permite traducir los slugs de las p\u00e1ginas, las metaetiquetas SEO y los t\u00edtulos.  <\/p>\n\n\n\n<p class=\"has-dark-gray-color has-text-color\">WPML se integra con todos los <a href=\"https:\/\/wpml.org\/es\/plugin-functionality\/seo-es\/\">plugins SEO populares<\/a>, para que pueda gestionar el SEO on-page f\u00e1cilmente, incluso si no habla los idiomas a los que est\u00e1 traduciendo.<\/p>\n<\/div>\n\n\n\n<div class=\"wp-block-toolset-blocks-grid-column tb-grid-column tb-grid-align-center\" data-toolset-blocks-grid-column=\"a69d9d03e8fd635d3d546808e8e90596\">\n<div class=\"wp-block-toolset-blocks-container tb-container\" data-toolset-blocks-container=\"df67208a5b04d9464f94136ec8cfc03e\"><\/div>\n<\/div>\n<\/div>\n<\/div><\/div>\n\n<div class=\"wp-block-toolset-blocks-container tb-container\" data-toolset-blocks-container=\"6423f1c849c4fd2870eeaf2ceeae8ecb\"><div class=\"tb-container-inner\">\n<div class=\"wp-block-toolset-blocks-grid tb-grid\" data-toolset-blocks-grid=\"252a09e5f8fc80ab670ecd3bc6c3fbb8\">\n<div class=\"wp-block-toolset-blocks-grid-column tb-grid-column\" data-toolset-blocks-grid-column=\"a6e73c9bcfb6574667bd3043cd1e8d9d\">\n<div class=\"wp-block-toolset-blocks-container tb-container\" data-toolset-blocks-container=\"6027e47d23979dec09f13b0773994282\">\n<div class=\"wp-block-toolset-blocks-grid tb-grid\" data-toolset-blocks-grid=\"f708cf0d1b02e959d399e0511c112efe\">\n<div class=\"wp-block-toolset-blocks-grid-column tb-grid-column tb-grid-align-center\" data-toolset-blocks-grid-column=\"f586ff7bfe1d7317c63162ec7b7039ed\">\n<div class=\"wp-block-toolset-blocks-container tb-container\" data-toolset-blocks-container=\"e1541660ea5a27a752d4968d6e755cc6\"><\/div>\n<\/div>\n\n\n\n<div class=\"wp-block-toolset-blocks-grid-column tb-grid-column tb-grid-align-center\" data-toolset-blocks-grid-column=\"f586ff7bfe1d7317c63162ec7b7039ed\">\n<h3 class=\"tb-heading has-text-color\" data-toolset-blocks-heading=\"c27a0229686ff8d27e7d7ed8fe105882\" data-last-update=\"1.4\">R\u00e1pido y eficiente<\/h3>\n<\/div>\n<\/div>\n\n\n\n<p class=\"has-dark-gray-color has-text-color\">El dise\u00f1o modular de WPML le permite utilizar exactamente los componentes que necesita para cada sitio. En cada versi\u00f3n nos aseguramos de que el rendimiento siga siendo excelente, tanto en el administrador como en la parte p\u00fablica del sitio. <\/p>\n<\/div>\n<\/div>\n\n\n\n<div class=\"wp-block-toolset-blocks-grid-column tb-grid-column\" data-toolset-blocks-grid-column=\"a6e73c9bcfb6574667bd3043cd1e8d9d\">\n<div class=\"wp-block-toolset-blocks-container tb-container\" data-toolset-blocks-container=\"8cdc2221991620356f08c32bea7c4c97\">\n<div class=\"wp-block-toolset-blocks-grid tb-grid\" data-toolset-blocks-grid=\"83e5c232323f100fe5f76e355a1bf8c4\">\n<div class=\"wp-block-toolset-blocks-grid-column tb-grid-column tb-grid-align-center\" data-toolset-blocks-grid-column=\"f586ff7bfe1d7317c63162ec7b7039ed\">\n<div class=\"wp-block-toolset-blocks-container tb-container\" data-toolset-blocks-container=\"5c096946af0a01cc6089e037ed0321cd\"><\/div>\n<\/div>\n\n\n\n<div class=\"wp-block-toolset-blocks-grid-column tb-grid-column tb-grid-align-center\" data-toolset-blocks-grid-column=\"f586ff7bfe1d7317c63162ec7b7039ed\">\n<h3 class=\"tb-heading has-text-color\" data-toolset-blocks-heading=\"c27a0229686ff8d27e7d7ed8fe105882\" data-last-update=\"1.4\">Estable y seguro<\/h3>\n<\/div>\n<\/div>\n\n\n\n<p class=\"has-dark-gray-color has-text-color\">WPML siempre est\u00e1 listo antes de cualquier lanzamiento de WordPress y cubre todas las funcionalidades y actualizaciones de seguridad de WordPress. Nos tomamos la seguridad en serio, utilizamos auditor\u00edas internas y externas y respondemos a los problemas inmediatamente. Con m\u00e1s de <strong>1,5 millones de sitios usando WPML<\/strong>, simplemente no podemos tolerar vulnerabilidades.  <\/p>\n<\/div>\n<\/div>\n<\/div>\n<\/div><\/div>\n\n<div class=\"wp-block-toolset-blocks-container tb-container\" data-toolset-blocks-container=\"0b8b1c95954917919a94bad97ec5a83c\"><div class=\"tb-container-inner\">\n<div class=\"wp-block-toolset-blocks-grid tb-grid\" data-toolset-blocks-grid=\"a000dbc34526ad3dd29c253de174bfdc\">\n<div class=\"wp-block-toolset-blocks-grid-column tb-grid-column tb-grid-align-top\" data-toolset-blocks-grid-column=\"3034fbe886c11054e95b46b09d3e4112\">\n<div class=\"wp-block-toolset-blocks-container tb-container\" data-toolset-blocks-container=\"60103c15e61442c0f49fe2265333c012\"><\/div>\n<\/div>\n\n\n\n<div class=\"wp-block-toolset-blocks-grid-column tb-grid-column tb-grid-align-center\" data-toolset-blocks-grid-column=\"f586ff7bfe1d7317c63162ec7b7039ed\">\n<h2 class=\"tb-heading has-text-color\" data-toolset-blocks-heading=\"f4f61a81fe2d91ae7fc4627ab11dfbf5\" data-last-update=\"1.4\">Funciona con casi cualquier tema y plugin de WordPress<\/h2>\n\n\n\n<p class=\"has-dark-gray-color has-text-color\">WPML funciona sin problemas con la mayor\u00eda de los temas y plugins de WordPress siguiendo los est\u00e1ndares de WordPress. Puede traducir publicaciones, p\u00e1ginas, tipos de contenido personalizados, campos, widgets, men\u00fas, taxonom\u00edas, im\u00e1genes, medios, e incluso textos de administraci\u00f3n. <\/p>\n\n\n\n<p class=\"has-dark-gray-color has-text-color\">Tambi\u00e9n colaboramos con autores de plugins y temas para garantizar la compatibilidad. Consulte nuestros directorios de <a href=\"https:\/\/wpml.org\/theme\/\">temas<\/a> y <a href=\"https:\/\/wpml.org\/plugin\/\">plugins<\/a> para confirmar que hemos probado los que usted utiliza. <\/p>\n<\/div>\n<\/div>\n<\/div><\/div>\n\n<div class=\"wp-block-toolset-blocks-container tb-container\" data-toolset-blocks-container=\"6423f1c849c4fd2870eeaf2ceeae8ecb\"><div class=\"tb-container-inner\">\n<div class=\"wp-block-toolset-blocks-grid tb-grid product-page-content\" data-toolset-blocks-grid=\"5b4d2c35c051affa002bb1700463ba47\">\n<div class=\"wp-block-toolset-blocks-grid-column tb-grid-column tb-grid-align-top\" data-toolset-blocks-grid-column=\"3034fbe886c11054e95b46b09d3e4112\">\n<h2 class=\"tb-heading has-text-color\" data-toolset-blocks-heading=\"f4f61a81fe2d91ae7fc4627ab11dfbf5\" data-last-update=\"1.4\">Soporte fiable, desarrollo proactivo<\/h2>\n\n\n\n<p class=\"has-dark-gray-color has-text-color\">WPML ofrece soporte 6 d\u00edas a la semana, 19 horas al d\u00eda, en 9 idiomas. Nuestro equipo global cubre zonas horarias desde las ma\u00f1anas de Asia-Pac\u00edfico hasta las tardes de EE. UU.-Pac\u00edfico. Hacemos turnos durante las vacaciones para mantener el soporte funcionando sin problemas.  <\/p>\n\n\n\n<p class=\"has-dark-gray-color has-text-color\">Cuando compra WPML, obtiene tranquilidad: sus preguntas se responden y sus problemas se resuelven.<\/p>\n\n\n\n<p class=\"has-dark-gray-color has-text-color\">Nuestros desarrolladores trabajan de forma proactiva:<\/p>\n\n\n\n<ul class=\"wp-block-list has-dark-gray-color has-text-color\">\n<li>Publicamos actualizaciones antes de las versiones de WordPress<\/li>\n\n\n\n<li>Garantizamos la compatibilidad con plugins y temas populares<\/li>\n\n\n\n<li>Respondemos inmediatamente a los problemas de seguridad<\/li>\n\n\n\n<li>Nos centramos en la estabilidad, el rendimiento y las necesidades futuras de su sitio<\/li>\n<\/ul>\n\n\n\n<div class=\"wp-block-toolset-blocks-grid tb-grid\" data-toolset-blocks-grid=\"c1922e6726dfd0eb10d6bff560a62893\">\n<div class=\"wp-block-toolset-blocks-grid-column tb-grid-column tb-grid-align-top\" data-toolset-blocks-grid-column=\"3034fbe886c11054e95b46b09d3e4112\">\n<p class=\"tb-heading has-text-color\" data-toolset-blocks-heading=\"9a939f4816097cdf53e0c4b0c039aeb7\" data-last-update=\"1.4\">6<\/p>\n\n\n\n<p class=\"tb-heading has-text-color\" data-toolset-blocks-heading=\"d683b7d4811dfc68d864079cabb63af9\" data-last-update=\"1.4\">d\u00edas a la semana<\/p>\n<\/div>\n\n\n\n<div class=\"wp-block-toolset-blocks-grid-column tb-grid-column tb-grid-align-top\" data-toolset-blocks-grid-column=\"3034fbe886c11054e95b46b09d3e4112\">\n<p class=\"tb-heading has-text-color\" data-toolset-blocks-heading=\"020798d8a809c5b8204282715e010296\" data-last-update=\"1.4\">19<\/p>\n\n\n\n<p class=\"tb-heading has-text-color\" data-toolset-blocks-heading=\"d683b7d4811dfc68d864079cabb63af9\" data-last-update=\"1.4\">horas al d\u00eda<\/p>\n<\/div>\n\n\n\n<div class=\"wp-block-toolset-blocks-grid-column tb-grid-column tb-grid-align-top\" data-toolset-blocks-grid-column=\"3034fbe886c11054e95b46b09d3e4112\">\n<p class=\"tb-heading has-text-color\" data-toolset-blocks-heading=\"8b5157a08b306a9c80154d58c72ebd72\" data-last-update=\"1.4\">9<\/p>\n\n\n\n<p class=\"tb-heading has-text-color\" data-toolset-blocks-heading=\"6029b8c62c707d33c2a9fd334f0a8cb6\" data-last-update=\"1.4\">idiomas<\/p>\n<\/div>\n<\/div>\n<\/div>\n\n\n\n<div class=\"wp-block-toolset-blocks-grid-column tb-grid-column tb-grid-align-center\" data-toolset-blocks-grid-column=\"b7562241931e22881376ef37ab0374cb\">\n<figure class=\"wp-block-image size-large\"><img decoding=\"async\" src=\"https:\/\/wpml.org\/wp-content\/uploads\/2021\/07\/WPML-support-team2-768x787.png\" alt=\"\"\/><\/figure>\n<\/div>\n<\/div>\n<\/div><\/div>\n\n<div class=\"wp-block-toolset-blocks-container tb-container\" data-toolset-blocks-container=\"b397d5c8682b537e0c7c07efb09adced\"><div class=\"tb-container-inner\"><div class=\"wp-block-image\">\n<figure class=\" tb-image tb-image-dynamic tb-image-frame-none aligncenter\" data-toolset-blocks-image=\"a0095963e04227a4faea5e5fe40f9e98\"><img decoding=\"async\" width=\"139\" height=\"120\" loading=\"lazy\" src=\"https:\/\/wpml.org\/wp-content\/uploads\/2021\/07\/heart-1.png\" alt=\"\" class=\"wp-image-9158605\"\/><\/figure>\n<\/div>\n\n\n<p class=\"has-text-align-center has-dark-gray-color has-text-color\">WPML es nuestro sustento.<br\/>Nos aseguramos de que disfrute usando WPML para que siga volviendo.<\/p>\n<\/div><\/div>\n","protected":false},"excerpt":{"rendered":"","protected":false},"author":2,"featured_media":0,"parent":0,"menu_order":41,"comment_status":"closed","ping_status":"closed","template":"template-full.php","meta":{"_bbp_topic_count":0,"_bbp_reply_count":0,"_bbp_total_topic_count":0,"_bbp_total_reply_count":0,"_bbp_voice_count":0,"_bbp_anonymous_reply_count":0,"_bbp_topic_count_hidden":0,"_bbp_reply_count_hidden":0,"_bbp_forum_subforum_count":0,"ep_exclude_from_search":false,"footnotes":""},"related-projects-category":[],"class_list":["post-6198","page","type-page","status-publish","hentry"],"_links":{"self":[{"href":"https:\/\/wpml.org\/es\/wp-json\/wp\/v2\/pages\/6198","targetHints":{"allow":["GET"]}}],"collection":[{"href":"https:\/\/wpml.org\/es\/wp-json\/wp\/v2\/pages"}],"about":[{"href":"https:\/\/wpml.org\/es\/wp-json\/wp\/v2\/types\/page"}],"author":[{"embeddable":true,"href":"https:\/\/wpml.org\/es\/wp-json\/wp\/v2\/users\/2"}],"replies":[{"embeddable":true,"href":"https:\/\/wpml.org\/es\/wp-json\/wp\/v2\/comments?post=6198"}],"version-history":[{"count":9,"href":"https:\/\/wpml.org\/es\/wp-json\/wp\/v2\/pages\/6198\/revisions"}],"predecessor-version":[{"id":17854019,"href":"https:\/\/wpml.org\/es\/wp-json\/wp\/v2\/pages\/6198\/revisions\/17854019"}],"wp:attachment":[{"href":"https:\/\/wpml.org\/es\/wp-json\/wp\/v2\/media?parent=6198"}],"wp:term":[{"taxonomy":"related-projects-category","embeddable":true,"href":"https:\/\/wpml.org\/es\/wp-json\/wp\/v2\/related-projects-category?post=6198"}],"curies":[{"name":"wp","href":"https:\/\/api.w.org\/{rel}","templated":true}]}}