{"id":76499,"date":"2009-04-02T18:30:12","date_gmt":"2009-04-02T18:30:12","guid":{"rendered":"http:\/\/wpml.org\/pagina-principal\/requerimientos-minimos-2\/"},"modified":"2026-04-24T08:29:32","modified_gmt":"2026-04-24T08:29:32","slug":"requerimientos-minimos-2","status":"publish","type":"page","link":"https:\/\/wpml.org\/es\/pagina-principal\/requerimientos-minimos-2\/","title":{"rendered":"Requisitos m\u00ednimos de WPML"},"content":{"rendered":"\n<p class=\"lead\">Aseg\u00farese de que su sitio funcione sin problemas con WPML cumpliendo estos sencillos requisitos m\u00ednimos.<\/p>\n\n<h2 class=\"wp-block-heading\">Requisito fundamental: memoria de WordPress<\/h2>\n\n<figure class=\"wp-block-table\"><table class=\"has-fixed-layout\"><tbody><tr><td class=\"has-text-align-center\" data-align=\"center\"><strong>L\u00edmite M\u00ednimo de Memoria<\/strong><\/td><td class=\"has-text-align-center\" data-align=\"center\"><strong>L\u00edmite de Memoria Recomendado<\/strong><\/td><\/tr><tr><td class=\"has-text-align-center\" data-align=\"center\">128MB<\/td><td class=\"has-text-align-center\" data-align=\"center\">256MB<\/td><\/tr><\/tbody><\/table><\/figure>\n\n<div class=\"wp-block-toolset-blocks-container tb-container\" data-toolset-blocks-container=\"8e3e01a3a504ebe6cb0759ef96e18a6d\">\n<p>Aseg\u00farese de comprobar los l\u00edmites de memoria PHP y WordPress de su WordPress antes de instalar WPML. Una memoria insuficiente puede causar problemas graves como: <\/p>\n\n\n\n<ul class=\"wp-block-list\">\n<li>Ca\u00eddas del sitio<\/li>\n\n\n\n<li>Problemas de sincronizaci\u00f3n del men\u00fa<\/li>\n\n\n\n<li>Imposibilidad de completar las traducciones en el Editor de traducci\u00f3n avanzado<\/li>\n<\/ul>\n<\/div>\n\n<p>Vea c\u00f3mo <a href=\"https:\/\/developer.wordpress.org\/advanced-administration\/wordpress\/wp-config\/#increasing-memory-allocated-to-php\" target=\"_blank\" rel=\"noreferrer noopener\">aumentar la memoria de WordPress<\/a>.<\/p>\n\n<h2 class=\"wp-block-heading\">Requisitos de la versi\u00f3n del sistema<\/h2>\n\n<ul class=\"wp-block-list\">\n<li>WordPress 4.7 o superior<\/li>\n\n\n\n<li>PHP 7.4 &#8211; 8.3<\/li>\n\n\n\n<li>MySQL 5.6 o superior. O MariaDB 10.1 o superior \n<ul class=\"wp-block-list\">\n<li>Utilice el juego de caracteres utf8mb4 y una clasificaci\u00f3n compatible con Unicode. Obtenga m\u00e1s informaci\u00f3n sobre la <a href=\"https:\/\/wpml.org\/home\/minimum-requirements\/collation-and-charset\/\">clasificaci\u00f3n y el juego de caracteres recomendados por WPML<\/a>. <\/li>\n<\/ul>\n<\/li>\n<\/ul>\n\n<h2 class=\"wp-block-heading\">Requisitos Adicionales<\/h2>\n\n<p>Para que WPML funcione correctamente, active lo siguiente:<\/p>\n\n<ul class=\"wp-block-list\">\n<li><a href=\"https:\/\/wpml.org\/documentation\/support\/rest-api-dependencies\/\">API REST de WordPress<\/a> para WPML<\/li>\n\n\n\n<li>Capacidad para crear tablas en su base de datos<\/li>\n\n\n\n<li><a href=\"http:\/\/php.net\/manual\/en\/book.mbstring.php\" target=\"_blank\" rel=\"noopener noreferrer\">Extensi\u00f3n de cadena multibyte<\/a><\/li>\n\n\n\n<li><a href=\"http:\/\/php.net\/manual\/en\/book.simplexml.php\" target=\"_blank\" rel=\"noopener noreferrer\">Extensi\u00f3n SimpleXML<\/a> para utilizar <a href=\"https:\/\/wpml.org\/documentation\/translating-your-contents\/using-desktop-cat-tools\/\">archivos XLIFF<\/a> en WPML<\/li>\n\n\n\n<li>La funci\u00f3n PHP <code>eval()<\/code><strong> <\/strong><\/li>\n\n\n\n<li>El m\u00f3dulo PHP <code>libxml<\/code> 2.7.8 o superior.<\/li>\n<\/ul>\n\n<div class=\"wp-block-toolset-blocks-container tb-container\" data-toolset-blocks-container=\"c1f904918387fdcd13f37d48e05bbe4a\">\n<div id=\"FAQ\" class=\"wp-block-toolset-blocks-container tb-container\" data-toolset-blocks-container=\"b85bbea7fba27be991aa0c24c63aa6ba\">\n<h2 class=\"wp-block-heading\">Verificaci\u00f3n de Requisitos Espec\u00edficos<\/h2>\n\n\n\n<div class=\"wp-block-toolset-blocks-container tb-container\" data-toolset-blocks-container=\"b58d71c6b23adcf044605babd02164c4\">\n<div class=\"tb-fields-and-text\" data-toolset-blocks-fields-and-text=\"da3b7950306720c29addcb55ec6222b7\"><p><a class=\"anchorlink btn btn-primary no-underline\" role=\"button\" href=\"#other-requirements\" data-toggle=\"collapse\" aria-expanded=\"false\" aria-controls=\"collapseExample\" style=\"color: #373737; font-weight: bold;\">\u00bfC\u00f3mo puedo comprobar mi l\u00edmite de memoria, el tama\u00f1o de la pila, la versi\u00f3n de WordPress y otros requisitos?<\/a><\/p><\/div>\n\n\n\n<div id=\"other-requirements\" class=\"wp-block-toolset-blocks-container tb-container collapse\" data-toolset-blocks-container=\"98af0b643138d9b1faeb3a947730f86f\">\n<div class=\"wp-block-toolset-blocks-container tb-container card-body card\" data-toolset-blocks-container=\"64967a84567eef912b20c4f89304de4e\">\n<p class=\"tb-heading\" data-toolset-blocks-heading=\"8421bda8b50dfb8caa6445075e894f0b\" data-last-update=\"1.4\">Puede comprobar varios requisitos directamente desde WordPress.<\/p>\n\n\n\n<p class=\"tb-heading\" data-toolset-blocks-heading=\"8421bda8b50dfb8caa6445075e894f0b\" data-last-update=\"1.4\">Inicie sesi\u00f3n en su administraci\u00f3n de WordPress, vaya a <strong>Herramientas \u2192 Salud del sitio<\/strong> y haga clic en la pesta\u00f1a <strong>Info<\/strong>. Despl\u00e1cese hacia abajo y expanda las diferentes secciones para encontrar informaci\u00f3n sobre la memoria o la versi\u00f3n de PHP, su versi\u00f3n de WordPress y mucho m\u00e1s. <\/p>\n\n\n\n<p class=\"tb-heading\" data-toolset-blocks-heading=\"8421bda8b50dfb8caa6445075e894f0b\" data-last-update=\"1.4\">Para comprobar el tama\u00f1o de pila disponible y otra informaci\u00f3n de PHP (como el uso de memoria y los l\u00edmites), vaya a <strong>WPML \u2192 Soporte<\/strong>. <\/p>\n<\/div>\n<\/div>\n<\/div>\n\n\n\n<div class=\"wp-block-toolset-blocks-container tb-container\" data-toolset-blocks-container=\"2f09509b4fbf47d0b7f274ce6b56eff3\">\n<div id=\"calculate-your-cost-lnk\" class=\"tb-fields-and-text\" data-toolset-blocks-fields-and-text=\"a81bc486b5f2bcfbdb7651888eececa7\"><p><a class=\"anchorlink btn btn-primary no-underline\" role=\"button\" href=\"#permalinks\" data-toggle=\"collapse\" aria-expanded=\"false\" aria-controls=\"collapseExample\" style=\"color: #373737; font-weight: bold;\">\u00bfQu\u00e9 estructura de enlaces permanentes debo tener?<\/a><\/p><\/div>\n\n\n\n<div id=\"permalinks\" class=\"wp-block-toolset-blocks-container tb-container collapse\" data-toolset-blocks-container=\"a8b293a5fc7d5497bbecea796ba236da\">\n<div class=\"wp-block-toolset-blocks-container tb-container card-body card\" data-toolset-blocks-container=\"4709f8ae6b8c27d262b7a97685dda302\">\n<p class=\"tb-heading\" data-toolset-blocks-heading=\"8421bda8b50dfb8caa6445075e894f0b\" data-last-update=\"1.4\">WPML a\u00f1ade informaci\u00f3n de idioma a las URL. Se ha probado con las siguientes estructuras de enlaces permanentes: <\/p>\n\n\n\n<ul class=\"wp-block-list\">\n<li>El predeterminado<\/li>\n\n\n\n<li>\/%year%\/%monthnum%\/%postname%\/<\/li>\n<\/ul>\n\n\n\n<p class=\"tb-heading\" data-toolset-blocks-heading=\"8421bda8b50dfb8caa6445075e894f0b\" data-last-update=\"1.4\"><strong>Explicaci\u00f3n:<\/strong><\/p>\n\n\n\n<p class=\"tb-heading\" data-toolset-blocks-heading=\"8421bda8b50dfb8caa6445075e894f0b\" data-last-update=\"1.4\">Otras estructuras de enlaces permanentes tambi\u00e9n pueden funcionar, pero pueden causar problemas en diferentes configuraciones. En todos nuestros sitios, estamos utilizando <strong>\/%year%\/%monthnum%\/%postname%\/<\/strong>. <\/p>\n\n\n\n<p class=\"tb-heading\" data-toolset-blocks-heading=\"8421bda8b50dfb8caa6445075e894f0b\" data-last-update=\"1.4\">Para las p\u00e1ginas, obtendr\u00e1 exactamente las mismas URL que con <strong>\/%postname%\/<\/strong>. Sin embargo, con esta estructura de enlaces permanentes, no hay forma de que WordPress confunda las p\u00e1ginas y las entradas, lo que podr\u00eda causar problemas para la resoluci\u00f3n de idiomas.  <\/p>\n<\/div>\n<\/div>\n<\/div>\n\n\n\n<div class=\"wp-block-toolset-blocks-container tb-container\" data-toolset-blocks-container=\"6ef63d2603c160319392f5afbc8bd96d\">\n<div id=\"calculate-your-cost-lnk\" class=\"tb-fields-and-text\" data-toolset-blocks-fields-and-text=\"a81bc486b5f2bcfbdb7651888eececa7\"><p><a class=\"anchorlink btn btn-primary no-underline\" role=\"button\" href=\"#eval\" data-toggle=\"collapse\" aria-expanded=\"false\" aria-controls=\"collapseExample\" style=\"color: #373737; font-weight: bold;\">\u00bfPor qu\u00e9 deber\u00eda habilitar la funci\u00f3n eval() de PHP?<\/a><\/p><\/div>\n\n\n\n<div id=\"eval\" class=\"wp-block-toolset-blocks-container tb-container collapse\" data-toolset-blocks-container=\"3783bae51680724b42d26398e79850b6\">\n<div class=\"wp-block-toolset-blocks-container tb-container card-body card\" data-toolset-blocks-container=\"4709f8ae6b8c27d262b7a97685dda302\">\n<p class=\"tb-heading\" data-toolset-blocks-heading=\"8421bda8b50dfb8caa6445075e894f0b\" data-last-update=\"1.4\">WPML utiliza el framework <strong>TWIG<\/strong> para su estructura y plantillas. Esto significa que la funci\u00f3n <strong>eval()<\/strong> debe estar activada para que WPML funcione correctamente. <\/p>\n\n\n\n<p class=\"tb-heading\" data-toolset-blocks-heading=\"8421bda8b50dfb8caa6445075e894f0b\" data-last-update=\"1.4\">Los motores de plantillas m\u00e1s populares, como <strong>Smarty<\/strong> y <strong>TWIG<\/strong>, han descubierto que es m\u00e1s r\u00e1pido escribir el c\u00f3digo PHP en un archivo. De ese modo, puede aprovechar el almacenamiento en cach\u00e9 <strong>OPcode<\/strong> y evitar tener que construir el c\u00f3digo de la plantilla en tiempo de ejecuci\u00f3n. <\/p>\n\n\n\n<p class=\"tb-heading\" data-toolset-blocks-heading=\"8421bda8b50dfb8caa6445075e894f0b\" data-last-update=\"1.4\"><strong>TWIG<\/strong> ejecuta muchas comprobaciones y saneamiento para evitar posibles ataques y es seguro utilizarlo con WPML. Sin embargo, no podemos asegurar que otros desarrolladores hayan realizado las mismas comprobaciones que nosotros en nuestro proceso de control de calidad. <\/p>\n\n\n\n<p class=\"tb-heading\" data-toolset-blocks-heading=\"8421bda8b50dfb8caa6445075e894f0b\" data-last-update=\"1.4\">Todav\u00eda estamos investigando posibles soluciones que no requieran la compilaci\u00f3n de plantillas sobre la marcha y que har\u00edan innecesario el uso de la funci\u00f3n <strong>eval()<\/strong>. Sin embargo, por el momento, \u00e9sta es la mejor soluci\u00f3n. <\/p>\n\n\n\n<p class=\"tb-heading\" data-toolset-blocks-heading=\"8421bda8b50dfb8caa6445075e894f0b\" data-last-update=\"1.4\">Tenga en cuenta que, por lo general, la funci\u00f3n <strong>eval()<\/strong> no se puede desactivar en PHP, pero algunas extensiones como <strong>Suhosin<\/strong> pueden hacerlo. Puede que tu proveedor de alojamiento instale y configure estas extensiones. <\/p>\n<\/div>\n<\/div>\n<\/div>\n<\/div>\n<\/div>\n","protected":false},"excerpt":{"rendered":"<p>Aseg\u00farese de que su sitio funcione sin problemas con WPML cumpliendo estos sencillos requisitos m\u00ednimos. Requisito fundamental: memoria de WordPress L\u00edmite M\u00ednimo de Memoria L\u00edmite de Memoria Recomendado 128MB 256MB Vea c\u00f3mo aumentar la memoria de WordPress. Requisitos de la versi\u00f3n del sistema Requisitos Adicionales Para que WPML funcione correctamente, active lo siguiente:<\/p>\n","protected":false},"author":1,"featured_media":0,"parent":1090,"menu_order":35,"comment_status":"closed","ping_status":"closed","template":"template-nosidebar-centered.php","meta":{"_bbp_topic_count":0,"_bbp_reply_count":0,"_bbp_total_topic_count":0,"_bbp_total_reply_count":0,"_bbp_voice_count":0,"_bbp_anonymous_reply_count":0,"_bbp_topic_count_hidden":0,"_bbp_reply_count_hidden":0,"_bbp_forum_subforum_count":0,"_uag_custom_page_level_css":"","ep_exclude_from_search":false,"footnotes":""},"related-projects-category":[],"class_list":["post-76499","page","type-page","status-publish","hentry"],"spectra_custom_meta":{"ratings_users":["0"],"ratings_score":["0"],"ratings_average":["0"],"_wp_page_template":["template-nosidebar-centered.php"],"_views_template":["0"],"_icl_translation":["1"],"_edit_lock":["1478267808:76577"],"_edit_last":["76577"],"bbps-topic-tags":["a:0:{}"],"_alp_processed":["1777019372"],"_yoast_wpseo_content_score":["60"],"_wpml_media_featured":["1"],"_subscription_coupon_product_id":["0"],"inline_featured_image":["0"],"_last_translation_edit_mode":["translation-editor"],"wpml_tf_post_rating_quantity":["1"],"wpml_tf_post_rating_average":["3"],"_oembed_bbf56b1d4c25ce11481afba39f176f85":["<iframe title=\"Using WPML to translate content created with page builders\" width=\"700\" height=\"394\" src=\"https:\/\/www.youtube.com\/embed\/MSqNzrdPMkE?feature=oembed&enablejsapi=1&origin=https:\/\/wpml.org\" frameborder=\"0\" allow=\"accelerometer; autoplay; clipboard-write; encrypted-media; gyroscope; picture-in-picture\" allowfullscreen><\/iframe>"],"_oembed_time_bbf56b1d4c25ce11481afba39f176f85":["1651053752"],"wpcf-unformatted-code":[""],"wpcf-price-increase-show-from":[""],"wpcf-price-increase-show-till":[""],"_wpml_media_duplicate":["0"],"toolset_post_editor_mode":["block"],"_wpml_word_count":["639"],"_yoast_wpseo_title":["Requisitos m\u00ednimos de WPML"],"_yoast_wpseo_metadesc":["Aseg\u00farese de que su sitio funcione sin problemas con WPML cumpliendo estos sencillos requisitos m\u00ednimos."],"_uag_css_file_name":["uag-css-76499.css"],"_uag_page_assets":["a:9:{s:3:\"css\";s:260:\".uag-blocks-common-selector{z-index:var(--z-index-desktop) !important}@media(max-width: 976px){.uag-blocks-common-selector{z-index:var(--z-index-tablet) !important}}@media(max-width: 767px){.uag-blocks-common-selector{z-index:var(--z-index-mobile) !important}}\";s:2:\"js\";s:0:\"\";s:18:\"current_block_list\";a:9:{i:0;s:14:\"core\/paragraph\";i:1;s:12:\"core\/heading\";i:2;s:10:\"core\/table\";i:3;s:24:\"toolset-blocks\/container\";i:4;s:9:\"core\/list\";i:5;s:14:\"core\/list-item\";i:7;s:30:\"toolset-blocks\/fields-and-text\";i:10;s:22:\"toolset-blocks\/heading\";i:11;s:14:\"core\/shortcode\";}s:8:\"uag_flag\";b:0;s:11:\"uag_version\";s:10:\"1778239478\";s:6:\"gfonts\";a:0:{}s:10:\"gfonts_url\";s:0:\"\";s:12:\"gfonts_files\";a:0:{}s:14:\"uag_faq_layout\";b:0;}"]},"uagb_featured_image_src":{"full":false,"thumbnail":false,"medium":false,"medium_large":false,"large":false,"1536x1536":false,"2048x2048":false,"gform-image-choice-sm":false,"gform-image-choice-md":false,"gform-image-choice-lg":false,"woocommerce_thumbnail":false,"woocommerce_single":false,"woocommerce_gallery_thumbnail":false},"uagb_author_info":{"display_name":"Amir","author_link":"https:\/\/wpml.org\/es\/author\/admingm\/"},"uagb_comment_info":20,"uagb_excerpt":"Aseg\u00farese de que su sitio funcione sin problemas con WPML cumpliendo estos sencillos requisitos m\u00ednimos. Requisito fundamental: memoria de WordPress L\u00edmite M\u00ednimo de Memoria L\u00edmite de Memoria Recomendado 128MB 256MB Vea c\u00f3mo aumentar la memoria de WordPress. Requisitos de la versi\u00f3n del sistema Requisitos Adicionales Para que WPML funcione correctamente, active lo siguiente:","_links":{"self":[{"href":"https:\/\/wpml.org\/es\/wp-json\/wp\/v2\/pages\/76499","targetHints":{"allow":["GET"]}}],"collection":[{"href":"https:\/\/wpml.org\/es\/wp-json\/wp\/v2\/pages"}],"about":[{"href":"https:\/\/wpml.org\/es\/wp-json\/wp\/v2\/types\/page"}],"author":[{"embeddable":true,"href":"https:\/\/wpml.org\/es\/wp-json\/wp\/v2\/users\/1"}],"replies":[{"embeddable":true,"href":"https:\/\/wpml.org\/es\/wp-json\/wp\/v2\/comments?post=76499"}],"version-history":[{"count":8,"href":"https:\/\/wpml.org\/es\/wp-json\/wp\/v2\/pages\/76499\/revisions"}],"predecessor-version":[{"id":17992042,"href":"https:\/\/wpml.org\/es\/wp-json\/wp\/v2\/pages\/76499\/revisions\/17992042"}],"up":[{"embeddable":true,"href":"https:\/\/wpml.org\/es\/wp-json\/wp\/v2\/pages\/1090"}],"wp:attachment":[{"href":"https:\/\/wpml.org\/es\/wp-json\/wp\/v2\/media?parent=76499"}],"wp:term":[{"taxonomy":"related-projects-category","embeddable":true,"href":"https:\/\/wpml.org\/es\/wp-json\/wp\/v2\/related-projects-category?post=76499"}],"curies":[{"name":"wp","href":"https:\/\/api.w.org\/{rel}","templated":true}]}}