{"id":845797,"date":"2015-07-27T12:11:42","date_gmt":"2015-07-27T12:11:42","guid":{"rendered":"https:\/\/wpml.org\/es\/documentation-2\/woocommerce-extensions-compatibility\/"},"modified":"2024-06-12T09:14:38","modified_gmt":"2024-06-12T09:14:38","slug":"woocommerce-extensions-compatibility","status":"publish","type":"page","link":"https:\/\/wpml.org\/es\/documentation-2\/woocommerce-extensions-compatibility\/","title":{"rendered":"Compatibilidad de las extensiones de WooCommerce"},"content":{"rendered":"<div class=\"compatibility-introbox\">\n<p>Busca el icono de Multilingual Ready en las extensiones antes de comprarlas.<\/p>\n<p>Este icono significa que hemos probado la extensi\u00f3n y la hemos certificado.<br \/>\nSi no est\u00e1s seguro, ponte en contacto con el autor y rem\u00edtelo a nuestro <a href=\"https:\/\/wpml.org\/documentation\/support\/go-global-program\/\">programa de certificaci\u00f3n<\/a>. <\/p><\/div>\n<h2>Extensiones WPML Multilingual &#038; Multicurrency for WooCommerce Ready<\/h2>\n<p>Muchas extensiones de WooCommerce funcionan bien en sitios multiling\u00fces.<br \/>\nPara asegurarnos, trabajamos con los autores de las extensiones y realizamos pruebas exhaustivas.<br \/>\nDespu\u00e9s, listamos esas extensiones aqu\u00ed.  <\/p>\n<p>Esta P\u00e1gina enumera las extensiones de WooCommerce.<br \/>\nPara obtener una lista m\u00e1s general de las extensiones que se han probado con WPML, consulta la <a href=\"\/?page_id=119949\">lista de compatibilidad de extensiones<\/a>. <\/p>\n<p>Para utilizar todas estas extensiones, necesitar\u00e1s <a href=\"\/\">WPML<\/a> y <a href=\"https:\/\/wpml.org\/documentation\/related-projects\/woocommerce-multilingual\/\">WPML Multilingual &#038; Multicurrency for WooCommerce<\/a>.<\/p>\n<form autocomplete=\"off\" name=\"wpv-filter-627943\" action=\"\/es\/wp-json\/wp\/v2\/pages\/845797?wpv_view_count=627943\" method=\"get\" class=\"wpv-filter-form js-wpv-filter-form js-wpv-filter-form-627943 js-wpv-form-full js-wpv-dps-enabled\" data-viewnumber=\"627943\" data-viewid=\"627943\" data-viewhash=\"eyJuYW1lIjoiQ2VydGlmaWVkIFdDIGV4dGVuc2lvbnMgbGlzdCJ9\" data-viewwidgetid=\"0\" data-orderby=\"\" data-order=\"\" data-orderbyas=\"\" data-orderbysecond=\"\" data-ordersecond=\"\" data-parametric=\"{&quot;query&quot;:&quot;normal&quot;,&quot;id&quot;:627943,&quot;view_id&quot;:627943,&quot;widget_id&quot;:0,&quot;view_hash&quot;:&quot;627943&quot;,&quot;action&quot;:&quot;\\\/es\\\/wp-json\\\/wp\\\/v2\\\/pages\\\/845797?wpv_view_count=627943&quot;,&quot;sort&quot;:{&quot;orderby&quot;:&quot;&quot;,&quot;order&quot;:&quot;&quot;,&quot;orderby_as&quot;:&quot;&quot;,&quot;orderby_second&quot;:&quot;&quot;,&quot;order_second&quot;:&quot;&quot;},&quot;orderby&quot;:&quot;&quot;,&quot;order&quot;:&quot;&quot;,&quot;orderby_as&quot;:&quot;&quot;,&quot;orderby_second&quot;:&quot;&quot;,&quot;order_second&quot;:&quot;&quot;,&quot;ajax_form&quot;:&quot;&quot;,&quot;ajax_results&quot;:&quot;&quot;,&quot;effect&quot;:&quot;fade&quot;,&quot;prebefore&quot;:&quot;&quot;,&quot;before&quot;:&quot;&quot;,&quot;after&quot;:&quot;&quot;,&quot;attributes&quot;:[],&quot;environment&quot;:{&quot;current_post_id&quot;:845797,&quot;parent_post_id&quot;:845797,&quot;parent_term_id&quot;:0,&quot;parent_user_id&quot;:0,&quot;archive&quot;:{&quot;type&quot;:&quot;&quot;,&quot;name&quot;:&quot;&quot;,&quot;data&quot;:[]}},&quot;loop&quot;:{&quot;type&quot;:&quot;&quot;,&quot;name&quot;:&quot;&quot;,&quot;data&quot;:[],&quot;id&quot;:0}}\" data-attributes=\"[]\" data-environment=\"{&quot;current_post_id&quot;:845797,&quot;parent_post_id&quot;:845797,&quot;parent_term_id&quot;:0,&quot;parent_user_id&quot;:0,&quot;archive&quot;:{&quot;type&quot;:&quot;&quot;,&quot;name&quot;:&quot;&quot;,&quot;data&quot;:[]}}\"><input type=\"hidden\" class=\"js-wpv-dps-filter-data js-wpv-filter-data-for-this-form\" data-action=\"\/es\/wp-json\/wp\/v2\/pages\/845797?wpv_view_count=627943\" data-page=\"1\" data-ajax=\"disable\" data-effect=\"fade\" data-maxpages=\"0\" data-ajaxprebefore=\"\" data-ajaxbefore=\"\" data-ajaxafter=\"\" \/><input class=\"wpv_view_count wpv_view_count-627943\" type=\"hidden\" name=\"wpv_view_count\" value=\"627943\" \/>\n\n<div class=\"compatibility-search clearfix\">\n<h4>Buscar por<\/h4> \n<div class=\"form-row\">\n  <label>Nombre de plugin: <\/label>\n\t<input type=\"text\" name=\"wpv_post_search\"  class=\"js-wpv-filter-trigger-delayed form-control\" \/>\n  <\/div><div class=\"form-row\">\n <input type=\"button\" class=\"reset-button wpv-reset-trigger js-wpv-reset-trigger\" name=\"wpv_filter_reset\" value=\"\u00d7 Clear all filters\" \/><input type=\"submit\" class=\"button-primary wpv-submit-trigger js-wpv-submit-trigger\" name=\"wpv_filter_submit\" value=\"Search\" \/> \n  <\/div> \n<\/div>\n\n<\/form>\n<div id=\"wpv-view-layout-627943\" class=\"js-wpv-view-layout js-wpv-layout-responsive js-wpv-view-layout-627943\" data-viewnumber=\"627943\" data-pagination=\"{&quot;id&quot;:627943,&quot;query&quot;:&quot;normal&quot;,&quot;type&quot;:&quot;paged&quot;,&quot;effect&quot;:&quot;fade&quot;,&quot;duration&quot;:&quot;500&quot;,&quot;speed&quot;:5,&quot;pause_on_hover&quot;:&quot;disabled&quot;,&quot;stop_rollover&quot;:&quot;false&quot;,&quot;cache_pages&quot;:&quot;enabled&quot;,&quot;preload_images&quot;:&quot;enabled&quot;,&quot;preload_pages&quot;:&quot;enabled&quot;,&quot;preload_reach&quot;:&quot;1&quot;,&quot;spinner&quot;:&quot;builtin&quot;,&quot;spinner_image&quot;:&quot;https:\/\/wpml.org\/wp-content\/plugins\/wp-views\/embedded\/res\/img\/ajax-loader.gif&quot;,&quot;callback_next&quot;:&quot;&quot;,&quot;manage_history&quot;:&quot;disabled&quot;,&quot;has_controls_in_form&quot;:&quot;disabled&quot;,&quot;infinite_tolerance&quot;:&quot;0&quot;,&quot;max_pages&quot;:0,&quot;page&quot;:1,&quot;base_permalink&quot;:&quot;\/es\/wp-json\/wp\/v2\/pages\/845797?wpv_view_count=627943&amp;wpv_paged=WPV_PAGE_NUM&quot;,&quot;loop&quot;:{&quot;type&quot;:&quot;&quot;,&quot;name&quot;:&quot;&quot;,&quot;data&quot;:[],&quot;id&quot;:0}}\" data-permalink=\"\/es\/wp-json\/wp\/v2\/pages\/845797?wpv_view_count=627943\">\n\n\n<\/div>\n","protected":false},"excerpt":{"rendered":"<p>Muchas extensiones de WooCommerce funcionan bien en sitios multiling\u00fces.<br \/>\nPara asegurarnos, trabajamos con los autores de las extensiones y realizamos pruebas exhaustivas.<br \/>\nDespu\u00e9s, listamos esas extensiones aqu\u00ed.    <\/p>\n","protected":false},"author":10760,"featured_media":0,"parent":3315,"menu_order":60,"comment_status":"closed","ping_status":"closed","template":"","meta":{"_bbp_topic_count":0,"_bbp_reply_count":0,"_bbp_total_topic_count":0,"_bbp_total_reply_count":0,"_bbp_voice_count":0,"_bbp_anonymous_reply_count":0,"_bbp_topic_count_hidden":0,"_bbp_reply_count_hidden":0,"_bbp_forum_subforum_count":0,"_uag_custom_page_level_css":"","ep_exclude_from_search":false,"footnotes":""},"related-projects-category":[],"class_list":["post-845797","page","type-page","status-publish","hentry"],"spectra_custom_meta":{"ratings_users":["0"],"ratings_score":["0"],"ratings_average":["0"],"_alp_processed":["1718183679"],"_wp_page_template":["default"],"_views_template":["0"],"_wpml_media_duplicate":["0"],"_wpml_media_featured":["1"],"wpcf-unformatted-code":[""],"wpcf-price-increase-show-from":[""],"wpcf-price-increase-show-till":[""],"_subscription_coupon_product_id":["0"],"_last_translation_edit_mode":["translation-editor"],"_cms_nav_minihome":["1"],"_top_nav_excluded":[""],"_uag_css_file_name":["uag-css-845797.css"],"_uag_page_assets":["a:9:{s:3:\"css\";s:260:\".uag-blocks-common-selector{z-index:var(--z-index-desktop) !important}@media(max-width: 976px){.uag-blocks-common-selector{z-index:var(--z-index-tablet) !important}}@media(max-width: 767px){.uag-blocks-common-selector{z-index:var(--z-index-mobile) !important}}\";s:2:\"js\";s:0:\"\";s:18:\"current_block_list\";a:1:{i:0;s:14:\"core\/shortcode\";}s:8:\"uag_flag\";b:0;s:11:\"uag_version\";s:10:\"1778843699\";s:6:\"gfonts\";a:0:{}s:10:\"gfonts_url\";s:0:\"\";s:12:\"gfonts_files\";a:0:{}s:14:\"uag_faq_layout\";b:0;}"]},"uagb_featured_image_src":{"full":false,"thumbnail":false,"medium":false,"medium_large":false,"large":false,"1536x1536":false,"2048x2048":false,"gform-image-choice-sm":false,"gform-image-choice-md":false,"gform-image-choice-lg":false,"woocommerce_thumbnail":false,"woocommerce_single":false,"woocommerce_gallery_thumbnail":false},"uagb_author_info":{"display_name":"Amit","author_link":"https:\/\/wpml.org\/es\/author\/amit-k\/"},"uagb_comment_info":0,"uagb_excerpt":"Muchas extensiones de WooCommerce funcionan bien en sitios multiling\u00fces. Para asegurarnos, trabajamos con los autores de las extensiones y realizamos pruebas exhaustivas. Despu\u00e9s, listamos esas extensiones aqu\u00ed.","_links":{"self":[{"href":"https:\/\/wpml.org\/es\/wp-json\/wp\/v2\/pages\/845797","targetHints":{"allow":["GET"]}}],"collection":[{"href":"https:\/\/wpml.org\/es\/wp-json\/wp\/v2\/pages"}],"about":[{"href":"https:\/\/wpml.org\/es\/wp-json\/wp\/v2\/types\/page"}],"author":[{"embeddable":true,"href":"https:\/\/wpml.org\/es\/wp-json\/wp\/v2\/users\/10760"}],"replies":[{"embeddable":true,"href":"https:\/\/wpml.org\/es\/wp-json\/wp\/v2\/comments?post=845797"}],"version-history":[{"count":6,"href":"https:\/\/wpml.org\/es\/wp-json\/wp\/v2\/pages\/845797\/revisions"}],"predecessor-version":[{"id":15730112,"href":"https:\/\/wpml.org\/es\/wp-json\/wp\/v2\/pages\/845797\/revisions\/15730112"}],"up":[{"embeddable":true,"href":"https:\/\/wpml.org\/es\/wp-json\/wp\/v2\/pages\/3315"}],"wp:attachment":[{"href":"https:\/\/wpml.org\/es\/wp-json\/wp\/v2\/media?parent=845797"}],"wp:term":[{"taxonomy":"related-projects-category","embeddable":true,"href":"https:\/\/wpml.org\/es\/wp-json\/wp\/v2\/related-projects-category?post=845797"}],"curies":[{"name":"wp","href":"https:\/\/api.w.org\/{rel}","templated":true}]}}