{"id":8540,"date":"2011-08-12T05:45:09","date_gmt":"2011-08-12T05:45:09","guid":{"rendered":"http:\/\/wpml.org\/documentation-2\/guia-de-inicio\/traduccion-de-cadenas\/"},"modified":"2026-02-26T07:27:47","modified_gmt":"2026-02-26T07:27:47","slug":"traduccion-de-cadenas","status":"publish","type":"page","link":"https:\/\/wpml.org\/es\/documentation-2\/guia-de-inicio\/traduccion-de-cadenas\/","title":{"rendered":"WPML String Translation"},"content":{"rendered":"\n<p class=\"lead\">WPML String Translation le permite traducir textos fuera de las entradas, p\u00e1ginas y taxonom\u00edas, como el eslogan del sitio, los textos de la pantalla de administraci\u00f3n y los t\u00edtulos de los widgets.<\/p>\n\n<p>En WordPress, las p\u00e1ginas de la parte visible del sitio constan de dos cosas: \u201ccontenido\u201d y \u201ctodo lo dem\u00e1s\u201d (la estructura del sitio). Las \u201ccadenas\u201d forman parte de la estructura del sitio.  <\/p>\n\n<p>En otras palabras, las cadenas son fragmentos de texto que aparecen en todo tu sitio web, pero que no forman parte de contenido espec\u00edfico como entradas o p\u00e1ginas. Esto incluye las etiquetas de los men\u00fas, los mensajes de error, las instrucciones de los formularios y cualquier otro texto que forme parte del propio WordPress y del tema o los plugins que utilices. <\/p>\n\n<p>Aqu\u00ed tienes un breve v\u00eddeo que explica qu\u00e9 son las cadenas y c\u00f3mo traducirlas:<\/p>\n\n<div class=\"tb-youtube\" data-toolset-blocks-youtube=\"95304be196341537b8e1bf72fec2c297\"><div><iframe data-src=\"https:\/\/www.youtube.com\/embed\/WjfFX53nMsE?rel=0&#038;toolset=1\" frameBorder=\"0\" allow=\"accelerometer; autoplay; encrypted-media; gyroscope; picture-in-picture\" allowfullscreen><\/iframe><\/div><\/div>\n\n<div style=\"height:50px\" aria-hidden=\"true\" class=\"wp-block-spacer\"><\/div>\n\n<h2 class=\"wp-block-heading\">Lo que necesita para traducir cadenas<\/h2>\n\n<p>El complemento WPML\u2019s String Translation le permite traducir cualquier cadena de su sitio. Es un <a href=\"https:\/\/wpml.org\/es\/documentation-2\/plugin-principal-de-wpml-y-add-ons\/\">componente de WPML<\/a>, disponible en nuestras cuentas WPML Multilingual CMS y WPML Multilingual Agency. <\/p>\n\n<p>Puede instalarlo como parte de la <a href=\"https:\/\/wpml.org\/es\/faq\/como-instalar-wpml\/\">instalaci\u00f3n de WPML<\/a> o descargarlo manualmente desde su p\u00e1gina de <a href=\"https:\/\/wpml.org\/es\/account\/downloads\/\">Descargas de la cuenta<\/a>. En su administraci\u00f3n de WordPress, si ve <strong>WPML <\/strong>\u2192<strong> String Translation <\/strong>en su men\u00fa, es que lo tiene instalado.<\/p>\n\n<h2 class=\"wp-block-heading\">Traducci\u00f3n de cadenas de texto mediante WPML<\/h2>\n\n<p>De forma predeterminada, WPML detecta autom\u00e1ticamente las cadenas de texto sin traducir y las marca para su traducci\u00f3n. Lo hace mientras navega por el contenido traducido en su sitio mientras est\u00e1 conectado como administrador. Tambi\u00e9n puede hacer que WPML haga esto para todos los visitantes, independientemente de si han iniciado sesi\u00f3n o no.  <\/p>\n\n<p>Para traducir cadenas de texto, vaya a <strong>WPML<\/strong> \u2192 <strong>Panel de traducci\u00f3n<\/strong> y despl\u00e1cese hacia abajo hasta la secci\u00f3n <strong>Otros textos (cadenas)<\/strong>. Utilice el filtro para encontrar las cadenas de texto y enviarlas para su traducci\u00f3n.  Puede traducir cadenas de texto usted mismo o utilizar la <a href=\"https:\/\/wpml.org\/es\/documentation-2\/traduccion-automatica-para-contenido-de-wordpress-con-wpml\/\">traducci\u00f3n autom\u00e1tica<\/a> r\u00e1pida y precisa de WPML.<\/p>\n\n<p>Si no encuentras las cadenas que necesitas traducir, comprueba la parte superior de la secci\u00f3n <strong>Otros textos (cadenas)<\/strong> para asegurarte de que la detecci\u00f3n autom\u00e1tica de cadenas est\u00e1 activada. A continuaci\u00f3n, visita la p\u00e1gina de la parte visible del sitio donde aparecen esas cadenas en cualquier idioma que no sea el ingl\u00e9s. <\/p>\n\n<p>Tenga en cuenta que actualmente no es posible revisar las traducciones de las cadenas.<\/p>\n\n<h2 class=\"wp-block-heading\">\u00bfA\u00fan no puede encontrar las cadenas?<\/h2>\n\n<p>Hay ciertos tipos de cadenas de texto que WPML no puede identificar autom\u00e1ticamente. Esto incluye las cadenas de texto que los temas y plugins utilizan para almacenar ajustes, perfiles de usuario, textos con marcadores de posici\u00f3n y otros. <\/p>\n\n<p>Para tales cadenas, necesita realizar algunos pasos adicionales para registrarlas para su traducci\u00f3n. Para obtener instrucciones detalladas, consulte <a href=\"https:\/\/wpml.org\/es\/documentation-2\/guia-de-inicio\/traduccion-de-cadenas\/buscar-cadenas-que-no-aparecen-en-la-pagina-traduccion-de-cadenas\/\">c\u00f3mo encontrar cadenas que no aparecen para su traducci\u00f3n<\/a>. <\/p>\n","protected":false},"excerpt":{"rendered":"<p>WPML String Translation le permite traducir textos fuera de las entradas, p\u00e1ginas y taxonom\u00edas, como el eslogan del sitio, los textos de la pantalla de administraci\u00f3n y los t\u00edtulos de los widgets. En WordPress, las p\u00e1ginas de la parte visible del sitio constan de dos cosas: \u201ccontenido\u201d y \u201ctodo lo dem\u00e1s\u201d (la estructura del sitio). [&hellip;]<\/p>\n","protected":false},"author":2,"featured_media":0,"parent":1258,"menu_order":62,"comment_status":"closed","ping_status":"closed","template":"template-nosidebar-centered.php","meta":{"_bbp_topic_count":0,"_bbp_reply_count":0,"_bbp_total_topic_count":0,"_bbp_total_reply_count":0,"_bbp_voice_count":0,"_bbp_anonymous_reply_count":0,"_bbp_topic_count_hidden":0,"_bbp_reply_count_hidden":0,"_bbp_forum_subforum_count":0,"ep_exclude_from_search":false,"footnotes":""},"related-projects-category":[],"class_list":["post-8540","page","type-page","status-publish","hentry"],"_links":{"self":[{"href":"https:\/\/wpml.org\/es\/wp-json\/wp\/v2\/pages\/8540","targetHints":{"allow":["GET"]}}],"collection":[{"href":"https:\/\/wpml.org\/es\/wp-json\/wp\/v2\/pages"}],"about":[{"href":"https:\/\/wpml.org\/es\/wp-json\/wp\/v2\/types\/page"}],"author":[{"embeddable":true,"href":"https:\/\/wpml.org\/es\/wp-json\/wp\/v2\/users\/2"}],"replies":[{"embeddable":true,"href":"https:\/\/wpml.org\/es\/wp-json\/wp\/v2\/comments?post=8540"}],"version-history":[{"count":8,"href":"https:\/\/wpml.org\/es\/wp-json\/wp\/v2\/pages\/8540\/revisions"}],"predecessor-version":[{"id":17854387,"href":"https:\/\/wpml.org\/es\/wp-json\/wp\/v2\/pages\/8540\/revisions\/17854387"}],"up":[{"embeddable":true,"href":"https:\/\/wpml.org\/es\/wp-json\/wp\/v2\/pages\/1258"}],"wp:attachment":[{"href":"https:\/\/wpml.org\/es\/wp-json\/wp\/v2\/media?parent=8540"}],"wp:term":[{"taxonomy":"related-projects-category","embeddable":true,"href":"https:\/\/wpml.org\/es\/wp-json\/wp\/v2\/related-projects-category?post=8540"}],"curies":[{"name":"wp","href":"https:\/\/api.w.org\/{rel}","templated":true}]}}