{"id":890138,"date":"2013-01-13T23:51:34","date_gmt":"2013-01-13T23:51:34","guid":{"rendered":"https:\/\/wpml.org\/es\/pagina-principal\/acerca-de-wpml\/"},"modified":"2026-02-26T08:12:10","modified_gmt":"2026-02-26T08:12:10","slug":"acerca-de-wpml","status":"publish","type":"page","link":"https:\/\/wpml.org\/es\/pagina-principal\/acerca-de-wpml\/","title":{"rendered":"Acerca de WPML"},"content":{"rendered":"\n<div class=\"wp-block-toolset-blocks-container tb-container\" data-toolset-blocks-container=\"a3910d70d80070d95b5c6a055e856747\"><div class=\"tb-container-inner\">\n<h1 class=\"tb-heading\" data-toolset-blocks-heading=\"8e71fd9af23fa25c7999187bab397e6b\" data-last-update=\"1.4\">Acerca de WPML<\/h1>\n\n\n\n<h3 class=\"tb-heading\" data-toolset-blocks-heading=\"1e5f978603d5fbb9fea9f3230ca8bb8e\" data-last-update=\"1.4\">Desde el primer d\u00eda, nuestras prioridades han sido las mismas:<br\/>conseguir que WordPress funcione de forma multiling\u00fce de manera r\u00e1pida, eficiente y asequible.<\/h3>\n<\/div><\/div>\n\n<div class=\"wp-block-toolset-blocks-container tb-container\" data-toolset-blocks-container=\"f859b1454672f6cd3842f5483ef72cbe\"><div class=\"tb-container-inner\">\n<div class=\"wp-block-toolset-blocks-grid tb-grid\" data-toolset-blocks-grid=\"0dc790d61d0d64487a90abd4452260c6\">\n<div class=\"wp-block-toolset-blocks-grid-column tb-grid-column\" data-toolset-blocks-grid-column=\"a6e73c9bcfb6574667bd3043cd1e8d9d\">\n<h2 class=\"tb-heading has-text-color\" data-toolset-blocks-heading=\"1ae42fe7d67cac20294428d4937abca0\" data-last-update=\"1.4\">Nuestra historia<\/h2>\n\n\n\n<div class=\"tb-fields-and-text\" data-toolset-blocks-fields-and-text=\"6088439d9df1bb352cf469db67308436\"><p>En 2007, comenzamos nuestra andadura ofreciendo servicios de traducci\u00f3n de sitios web. A medida que el enfoque de las soluciones de traducci\u00f3n ha evolucionado, nosotros tambi\u00e9n lo hemos hecho. Todos nuestros esfuerzos han conducido a la creaci\u00f3n de WPML, que ahora es el plugin multiling\u00fce para WordPress l\u00edder del mercado.  <\/p>\n<p>Hoy en d\u00eda, WPML est\u00e1 instalado en m\u00e1s de 1.500.000 sitios WordPress y permite traducir su sitio a m\u00e1s de 65 idiomas.<\/p>\n<p>Con WPML, puede elegir entre diferentes m\u00e9todos de traducci\u00f3n, incluida la traducci\u00f3n autom\u00e1tica.<\/p><\/div>\n\n\n\n<div class=\"tb-button\" data-toolset-blocks-button=\"49f41af23506df56ba7230374101c59b\"><a class=\"tb-button__link\" href=\"https:\/\/wpml.org\/features\/\"><span class=\"tb-button__content\">Descubra las funciones de WPML<\/span><i class=\"tb-button__icon\"><\/i><\/a><\/div>\n<\/div>\n\n\n\n<div class=\"wp-block-toolset-blocks-grid-column tb-grid-column tb-grid-align-center\" data-toolset-blocks-grid-column=\"f586ff7bfe1d7317c63162ec7b7039ed\">\n<p class=\"tb-heading has-text-color\" data-toolset-blocks-heading=\"c008a69f635d8361130bfe225df80787\" data-last-update=\"1.4\">2007 \u2014<\/p>\n\n\n\n<p class=\"tb-heading has-text-color\" data-toolset-blocks-heading=\"5d84e7a5666e724f433b33e0ac5ff25e\" data-last-update=\"1.4\">  Hoy<\/p>\n\n\n\n<div class=\"wp-block-toolset-blocks-container tb-container\" data-toolset-blocks-container=\"9852e77f1d7beccbb811aa348a99c0bd\">\n<div class=\"wp-block-toolset-blocks-container tb-container\" data-toolset-blocks-container=\"24c91226a80c83f25f10c073e13dae28\">\n<h2 class=\"tb-heading has-text-color\" data-toolset-blocks-heading=\"02c75c9e7f09d80344213bebe67934c4\" data-last-update=\"1.4\">&gt;1.500.000<\/h2>\n\n\n\n<p class=\"tb-heading has-text-color\" data-toolset-blocks-heading=\"6a9f4cf27c4d0fdaf6117dc29b354d96\" data-last-update=\"1.4\">sitios WordPress utilizan WPML<\/p>\n<\/div>\n\n\n\n<div class=\"wp-block-toolset-blocks-container tb-container\" data-toolset-blocks-container=\"72e713bb22beb48bcd433c599d2bffdb\">\n<h2 class=\"tb-heading has-text-color\" data-toolset-blocks-heading=\"02c75c9e7f09d80344213bebe67934c4\" data-last-update=\"1.4\">65+<\/h2>\n\n\n\n<p class=\"tb-heading has-text-color\" data-toolset-blocks-heading=\"6a9f4cf27c4d0fdaf6117dc29b354d96\" data-last-update=\"1.4\">idiomas<\/p>\n<\/div>\n<\/div>\n<\/div>\n<\/div>\n<\/div><\/div>\n\n<div class=\"wp-block-toolset-blocks-container tb-container\" data-toolset-blocks-container=\"15ff353d2306f0cd7dc0781728774c9c\"><div class=\"tb-container-inner\">\n<h2 class=\"tb-heading has-text-color\" data-toolset-blocks-heading=\"c1142de8a583de6aba9cb51ef67b5210\" data-last-update=\"1.4\">Cree sitios WordPress de la manera correcta<\/h2>\n\n\n\n<div class=\"tb-fields-and-text\" data-toolset-blocks-fields-and-text=\"6088439d9df1bb352cf469db67308436\"><p style=\"text-align: center;\">Creemos que todos los usuarios de WordPress deber\u00edan poder crear sitios web eficaces, independientemente de sus conocimientos y habilidades de programaci\u00f3n. Nuestra <a href=\"https:\/\/toolset.com\/home\/toolset-components\/\">suite de plugins Toolset<\/a> facilita la creaci\u00f3n de sitios avanzados para todos. Puede dise\u00f1ar desde WordPress, y no es necesario crear temas hijo ni escribir PHP. <\/p><\/div>\n\n\n\n<div class=\"tb-button\" data-toolset-blocks-button=\"8234d811471c9594bf9d70a9ee3bd06d\"><a class=\"tb-button__link\" href=\"https:\/\/toolset.com\/\" target=\"_blank\" rel=\"noopener\"><span class=\"tb-button__content\">M\u00e1s informaci\u00f3n sobre Toolset<\/span><i class=\"tb-button__icon\"><\/i><\/a><\/div>\n<\/div><\/div>\n\n<div class=\"wp-block-toolset-blocks-container tb-container\" data-toolset-blocks-container=\"0b32ffeb160c54d040a2c1dfa76cd932\"><div class=\"tb-container-inner\">\n<div class=\"wp-block-toolset-blocks-grid tb-grid\" data-toolset-blocks-grid=\"11f418a1360207b4c2a98aba9ed91c20\">\n<div class=\"wp-block-toolset-blocks-grid-column tb-grid-column tb-grid-align-center\" data-toolset-blocks-grid-column=\"f586ff7bfe1d7317c63162ec7b7039ed\">\n<div class=\"wp-block-toolset-blocks-container tb-container\" data-toolset-blocks-container=\"9852e77f1d7beccbb811aa348a99c0bd\">\n<div class=\"wp-block-toolset-blocks-container tb-container\" data-toolset-blocks-container=\"24c91226a80c83f25f10c073e13dae28\">\n<h2 class=\"tb-heading has-text-color\" data-toolset-blocks-heading=\"9520a6140f2b9533d0271691117b7b19\" data-last-update=\"1.4\">6<\/h2>\n\n\n\n<p class=\"tb-heading has-text-color\" data-toolset-blocks-heading=\"1697573550b4ab85c18a52719a4b0bd9\" data-last-update=\"1.4\">d\u00edas por semana<\/p>\n<\/div>\n\n\n\n<div class=\"wp-block-toolset-blocks-container tb-container\" data-toolset-blocks-container=\"c8d150915edaa853a5eed3dde076c1da\">\n<h2 class=\"tb-heading has-text-color\" data-toolset-blocks-heading=\"9520a6140f2b9533d0271691117b7b19\" data-last-update=\"1.4\">19<\/h2>\n\n\n\n<p class=\"tb-heading has-text-color\" data-toolset-blocks-heading=\"1697573550b4ab85c18a52719a4b0bd9\" data-last-update=\"1.4\">horas por d\u00eda<\/p>\n<\/div>\n\n\n\n<div class=\"wp-block-toolset-blocks-container tb-container\" data-toolset-blocks-container=\"cf468e6650af60e82a50621fc5791e29\">\n<h2 class=\"tb-heading has-text-color\" data-toolset-blocks-heading=\"9520a6140f2b9533d0271691117b7b19\" data-last-update=\"1.4\">9<\/h2>\n\n\n\n<p class=\"tb-heading has-text-color\" data-toolset-blocks-heading=\"1697573550b4ab85c18a52719a4b0bd9\" data-last-update=\"1.4\">idiomas<\/p>\n<\/div>\n<\/div>\n<\/div>\n\n\n\n<div class=\"wp-block-toolset-blocks-grid-column tb-grid-column tb-grid-align-center\" data-toolset-blocks-grid-column=\"f586ff7bfe1d7317c63162ec7b7039ed\">\n<h2 class=\"tb-heading has-text-color\" data-toolset-blocks-heading=\"f4f61a81fe2d91ae7fc4627ab11dfbf5\" data-last-update=\"1.4\">Soporte integral<\/h2>\n\n\n\n<div class=\"tb-fields-and-text\" data-toolset-blocks-fields-and-text=\"6088439d9df1bb352cf469db67308436\"><p><span style=\"font-weight: 400;\">Hacemos todo lo posible para proporcionar un soporte preciso, bien informado y oportuno a trav\u00e9s de nuestro foro de soporte y soporte por chat.<\/span><\/p>\n<p><span style=\"font-weight: 400;\">Nuestro equipo de soporte trabaja 6 d\u00edas a la semana, 19 horas al d\u00eda. Tenemos personal de soporte que cubre Asia, Europa y Am\u00e9rica. <\/span> <\/p><\/div>\n\n\n\n<div class=\"tb-button\" data-toolset-blocks-button=\"281cae5316c986a98a1f979589cba0fd\"><a class=\"tb-button__link\" href=\"https:\/\/wpml.org\/forums\/forum\/english-support\/\"><span class=\"tb-button__content\">Solicitar soporte<\/span><i class=\"tb-button__icon\"><\/i><\/a><\/div>\n<\/div>\n<\/div>\n<\/div><\/div>\n\n<div class=\"wp-block-toolset-blocks-container tb-container tb-container-parallax\" data-toolset-blocks-container=\"3b860a0da9fa77763983ae9d53b42418\">\n<div class=\"wp-block-toolset-blocks-container tb-container\" data-toolset-blocks-container=\"563872829c4955bb9234ede50b2f1eb8\"><div class=\"tb-container-inner\">\n<div class=\"wp-block-toolset-blocks-container tb-container\" data-toolset-blocks-container=\"2efca0c9d871b7f3aa86bb7eeb5a2cac\"><div class=\"tb-container-inner\">\n<div class=\"wp-block-toolset-blocks-grid tb-grid\" data-toolset-blocks-grid=\"b29227ec0bc1142671bcfa505ac96850\">\n<div class=\"wp-block-toolset-blocks-grid-column tb-grid-column tb-grid-align-center\" data-toolset-blocks-grid-column=\"f586ff7bfe1d7317c63162ec7b7039ed\">\n<h2 class=\"tb-heading has-text-color\" data-toolset-blocks-heading=\"467a040c84ff791b192242d5d1a51fb7\" data-last-update=\"1.4\">Nuestro equipo<\/h2>\n\n\n\n<p class=\"tb-heading has-text-color\" data-toolset-blocks-heading=\"36f3a707077677ef599834d93d3ae5ab\" data-last-update=\"1.4\">Puede que conozca OnTheGoSystems como la empresa detr\u00e1s de WPML y Toolset, pero detr\u00e1s de cada empresa hay un gran equipo de personas. Nuestra empresa est\u00e1 registrada en Hong Kong, sin embargo, somos un equipo realmente internacional. OnTheGoSystems est\u00e1 formado por m\u00e1s de 100 personas, todas trabajando juntas 100% de forma remota desde 40 pa\u00edses diferentes. Vivimos, trabajamos y respiramos nuestro eslogan:<\/p>\n\n\n\n<h3 class=\"tb-heading has-text-color\" data-toolset-blocks-heading=\"70da933b672332eab253fb8143d374ae\" data-last-update=\"1.4\">&#8211; Las personas felices hacen grandes productos<\/h3>\n\n\n\n<p class=\"tb-heading has-text-color\" data-toolset-blocks-heading=\"3a082cfbe32a4414073d98f022ba43c8\" data-last-update=\"1.4\">Siempre estamos buscando personas con talento y pasi\u00f3n para unirse a nosotros. Si est\u00e1 interesado en transformar los sitios WordPress en potencias multiling\u00fces, eche un vistazo a nuestras vacantes. <\/p>\n\n\n\n<div class=\"wp-block-toolset-blocks-grid tb-grid\" data-toolset-blocks-grid=\"bc0f620fef134dfa654c82a6a1927846\">\n<div class=\"wp-block-toolset-blocks-grid-column tb-grid-column tb-grid-align-top\" data-toolset-blocks-grid-column=\"3034fbe886c11054e95b46b09d3e4112\">\n<div class=\"tb-button\" data-toolset-blocks-button=\"793badf463cb8b94b258947352f639bc\"><a class=\"tb-button__link\" href=\"https:\/\/onthegosystems.com\/jobs\/\" target=\"_blank\" rel=\"noopener\"><span class=\"tb-button__content\">\u00danase a nuestro equipo<\/span><i class=\"tb-button__icon\"><\/i><\/a><\/div>\n<\/div>\n\n\n\n<div class=\"wp-block-toolset-blocks-grid-column tb-grid-column tb-grid-align-top\" data-toolset-blocks-grid-column=\"3034fbe886c11054e95b46b09d3e4112\">\n<div class=\"tb-button\" data-toolset-blocks-button=\"8c30f3565f2e0ccdb2a43e9122f1506f\"><a class=\"tb-button__link\" href=\"https:\/\/onthegosystems.com\/team\/\" target=\"_blank\" rel=\"noopener\"><span class=\"tb-button__content\">Conozca a nuestro equipo<\/span><i class=\"tb-button__icon\"><\/i><\/a><\/div>\n<\/div>\n<\/div>\n<\/div>\n\n\n\n<div class=\"wp-block-toolset-blocks-grid-column tb-grid-column tb-grid-align-center\" data-toolset-blocks-grid-column=\"f586ff7bfe1d7317c63162ec7b7039ed\">\n<div class=\"wp-block-toolset-blocks-container tb-container\" data-toolset-blocks-container=\"78c7412c49daead0518eea80a01beb6f\">\n<div class=\"wp-block-toolset-blocks-container tb-container\" data-toolset-blocks-container=\"24c91226a80c83f25f10c073e13dae28\">\n<h2 class=\"tb-heading has-text-color\" data-toolset-blocks-heading=\"d77b31cb76441dd9e2b35d686abe0dcf\" data-last-update=\"1.4\">&gt;100<\/h2>\n\n\n\n<p class=\"tb-heading has-text-color\" data-toolset-blocks-heading=\"cd59a4f717d493ea6b36d74020f000ec\" data-last-update=\"1.4\">personas<\/p>\n<\/div>\n\n\n\n<div class=\"wp-block-toolset-blocks-container tb-container\" data-toolset-blocks-container=\"c8d150915edaa853a5eed3dde076c1da\">\n<h2 class=\"tb-heading has-text-color\" data-toolset-blocks-heading=\"d77b31cb76441dd9e2b35d686abe0dcf\" data-last-update=\"1.4\">100%<\/h2>\n\n\n\n<p class=\"tb-heading has-text-color\" data-toolset-blocks-heading=\"cd59a4f717d493ea6b36d74020f000ec\" data-last-update=\"1.4\">de forma remota<\/p>\n<\/div>\n\n\n\n<div class=\"wp-block-toolset-blocks-container tb-container\" data-toolset-blocks-container=\"cf468e6650af60e82a50621fc5791e29\">\n<h2 class=\"tb-heading has-text-color\" data-toolset-blocks-heading=\"d77b31cb76441dd9e2b35d686abe0dcf\" data-last-update=\"1.4\">40<\/h2>\n\n\n\n<p class=\"tb-heading has-text-color\" data-toolset-blocks-heading=\"cd59a4f717d493ea6b36d74020f000ec\" data-last-update=\"1.4\">pa\u00edses<\/p>\n<\/div>\n<\/div>\n<\/div>\n<\/div>\n<\/div><\/div>\n<\/div><\/div>\n<\/div>\n","protected":false},"excerpt":{"rendered":"","protected":false},"author":2,"featured_media":0,"parent":1090,"menu_order":0,"comment_status":"closed","ping_status":"closed","template":"template-full.php","meta":{"_bbp_topic_count":0,"_bbp_reply_count":0,"_bbp_total_topic_count":0,"_bbp_total_reply_count":0,"_bbp_voice_count":0,"_bbp_anonymous_reply_count":0,"_bbp_topic_count_hidden":0,"_bbp_reply_count_hidden":0,"_bbp_forum_subforum_count":0,"ep_exclude_from_search":false,"footnotes":""},"related-projects-category":[],"class_list":["post-890138","page","type-page","status-publish","hentry"],"_links":{"self":[{"href":"https:\/\/wpml.org\/es\/wp-json\/wp\/v2\/pages\/890138","targetHints":{"allow":["GET"]}}],"collection":[{"href":"https:\/\/wpml.org\/es\/wp-json\/wp\/v2\/pages"}],"about":[{"href":"https:\/\/wpml.org\/es\/wp-json\/wp\/v2\/types\/page"}],"author":[{"embeddable":true,"href":"https:\/\/wpml.org\/es\/wp-json\/wp\/v2\/users\/2"}],"replies":[{"embeddable":true,"href":"https:\/\/wpml.org\/es\/wp-json\/wp\/v2\/comments?post=890138"}],"version-history":[{"count":8,"href":"https:\/\/wpml.org\/es\/wp-json\/wp\/v2\/pages\/890138\/revisions"}],"predecessor-version":[{"id":17855142,"href":"https:\/\/wpml.org\/es\/wp-json\/wp\/v2\/pages\/890138\/revisions\/17855142"}],"up":[{"embeddable":true,"href":"https:\/\/wpml.org\/es\/wp-json\/wp\/v2\/pages\/1090"}],"wp:attachment":[{"href":"https:\/\/wpml.org\/es\/wp-json\/wp\/v2\/media?parent=890138"}],"wp:term":[{"taxonomy":"related-projects-category","embeddable":true,"href":"https:\/\/wpml.org\/es\/wp-json\/wp\/v2\/related-projects-category?post=890138"}],"curies":[{"name":"wp","href":"https:\/\/api.w.org\/{rel}","templated":true}]}}