{"id":9611,"date":"2012-02-17T19:21:28","date_gmt":"2012-02-17T19:21:28","guid":{"rendered":"http:\/\/wpml.org\/compra\/proceso-de-adquisicion\/"},"modified":"2025-02-11T08:34:29","modified_gmt":"2025-02-11T08:34:29","slug":"proceso-de-adquisicion","status":"publish","type":"page","link":"https:\/\/wpml.org\/es\/purchase\/proceso-de-adquisicion\/","title":{"rendered":"Proceso de compra"},"content":{"rendered":"<p class=\"lead\">Habitualmente, se necesitan unos minutos para solicitar WPML y tenerlo operativo en su sitio. Los pagos con tarjeta de cr\u00e9dito se procesan autom\u00e1ticamente y recibir\u00e1 su nueva cuenta, lista para descargar y utilizar. <\/p>\n<p>Puede abonar WPML utilizando tarjeta de cr\u00e9dito, PayPal, tarjetas de d\u00e9bito o transferencias bancarias (mediante cheques electr\u00f3nicos de PayPal). Los pagos con tarjeta de cr\u00e9dito y d\u00e9bito se procesan en menos de un minuto. Las transferencias bancarias se procesan en varios d\u00edas (dependiendo de su ubicaci\u00f3n). Una vez completado el pago, recibir\u00e1 un correo electr\u00f3nico con la informaci\u00f3n de su cuenta. Posteriormente, podr\u00e1 descargar WPML e instalarlo en su sitio.    <\/p>\n<h2>Paso 1) Seleccione la versi\u00f3n de WPML que desea adquirir<\/h2>\n<p>Puede elegir entre las versiones <a href=\"https:\/\/wpml.org\/purchase\/?add-to-cart=2436660\">Multilingual CMS<\/a>, <a href=\"https:\/\/wpml.org\/purchase\/?add-to-cart=2436659\">Multilingual Blog<\/a> y <a href=\"https:\/\/wpml.org\/purchase\/?add-to-cart=2436661\">Multilingual Agency<\/a>. Multilingual CMS es nuestra versi\u00f3n m\u00e1s completa, que permite traducir los sitios m\u00e1s complejos con WordPress. Incluye todo lo necesario para p\u00e1ginas, tipos personalizados y entradas (para un blog). La versi\u00f3n Multilingual Blog est\u00e1 destinada a sitios m\u00e1s sencillos que son principalmente un blog de WordPress. La versi\u00f3n <a href=\"https:\/\/wpml.org\/purchase\/?add-to-cart=2436661\">Multilingual Agency<\/a> tambi\u00e9n incluye todos los componentes de WPML, pero le permite instalar WPML en un n\u00famero ilimitado de sitios.    <\/p>\n<p>Para una comparaci\u00f3n detallada, consulte los <a href=\"https:\/\/wpml.org\/purchase\/\">precios de WPML<\/a>.<\/p>\n<p>Siempre puede actualizar los tipos de cuenta y abonar \u00fanicamente la diferencia.<\/p>\n<h2>Paso 2) Introduzca su nombre y correo electr\u00f3nico y elija un procesador de pagos<\/h2>\n<p>Solo necesitamos su nombre completo y correo electr\u00f3nico. Requerimos esta informaci\u00f3n para crear su cuenta y entregar su pedido. Introducir\u00e1 la informaci\u00f3n de su tarjeta de cr\u00e9dito directamente en PayPal o en un procesador de pagos alternativo. Ambos procesadores de pago admiten tarjetas de cr\u00e9dito y d\u00e9bito. Para transferencias bancarias, necesitar\u00e1 tener una cuenta de PayPal y a\u00f1adir una cuenta bancaria.    <\/p>\n<h2>Paso 3) Realice el pago en l\u00ednea<\/h2>\n<p>Ser\u00e1 dirigido al procesador de pagos que haya elegido. Tanto PayPal como el procesador de pagos alternativo cuentan con seguridad de clase mundial y protecci\u00f3n contra fraudes. Para obtener m\u00e1s informaci\u00f3n al respecto, le rogamos que lea nuestra <a href=\"https:\/\/wpml.org\/documentation\/privacy-policy-and-gdpr-compliance\/\">pol\u00edtica de privacidad y seguridad<\/a>. En resumen, protegemos su informaci\u00f3n y nos aseguramos de que nunca pueda verse comprometida. No recibimos ni almacenamos ninguna informaci\u00f3n financiera.    <\/p>\n<h2>Paso 4) Reciba su cuenta de WPML y descargue<\/h2>\n<p>Tan pronto como se complete su pago, crearemos autom\u00e1ticamente su cuenta de WPML. Los pagos con tarjeta de cr\u00e9dito y d\u00e9bito se completan casi instant\u00e1neamente. Las transferencias bancarias requerir\u00e1n algunos d\u00edas para procesarse.  <\/p>\n<p>A continuaci\u00f3n, inicie sesi\u00f3n en su cuenta, haga clic en <strong>Descargas<\/strong> y obtenga WPML. Ahora ha finalizado. Le recomendamos que siga la <a href=\"https:\/\/wpml.org\/documentation\/getting-started-guide\/\">gu\u00eda de inicio<\/a> para configurar y utilizar correctamente WPML.  <\/p>\n<p>\u00bfNecesita ayuda? <a href=\"https:\/\/wpml.org\/home\/contact-us\/\">\u00a1Cont\u00e1ctenos<\/a>!<\/p>\n","protected":false},"excerpt":{"rendered":"<p>Habitualmente, se necesitan unos minutos para solicitar WPML y tenerlo operativo en su sitio. Los pagos con tarjeta de cr\u00e9dito se procesan autom\u00e1ticamente y recibir\u00e1 su nueva cuenta, lista para descargar y utilizar. Puede abonar WPML utilizando tarjeta de cr\u00e9dito, PayPal, tarjetas de d\u00e9bito o transferencias bancarias (mediante cheques electr\u00f3nicos de PayPal). Los pagos con [&hellip;]<\/p>\n","protected":false},"author":2,"featured_media":0,"parent":6197,"menu_order":53,"comment_status":"closed","ping_status":"closed","template":"template-nosidebar-centered.php","meta":{"_bbp_topic_count":0,"_bbp_reply_count":0,"_bbp_total_topic_count":0,"_bbp_total_reply_count":0,"_bbp_voice_count":0,"_bbp_anonymous_reply_count":0,"_bbp_topic_count_hidden":0,"_bbp_reply_count_hidden":0,"_bbp_forum_subforum_count":0,"ep_exclude_from_search":false,"footnotes":""},"related-projects-category":[],"class_list":["post-9611","page","type-page","status-publish","hentry"],"_links":{"self":[{"href":"https:\/\/wpml.org\/es\/wp-json\/wp\/v2\/pages\/9611","targetHints":{"allow":["GET"]}}],"collection":[{"href":"https:\/\/wpml.org\/es\/wp-json\/wp\/v2\/pages"}],"about":[{"href":"https:\/\/wpml.org\/es\/wp-json\/wp\/v2\/types\/page"}],"author":[{"embeddable":true,"href":"https:\/\/wpml.org\/es\/wp-json\/wp\/v2\/users\/2"}],"replies":[{"embeddable":true,"href":"https:\/\/wpml.org\/es\/wp-json\/wp\/v2\/comments?post=9611"}],"version-history":[{"count":8,"href":"https:\/\/wpml.org\/es\/wp-json\/wp\/v2\/pages\/9611\/revisions"}],"predecessor-version":[{"id":16690292,"href":"https:\/\/wpml.org\/es\/wp-json\/wp\/v2\/pages\/9611\/revisions\/16690292"}],"up":[{"embeddable":true,"href":"https:\/\/wpml.org\/es\/wp-json\/wp\/v2\/pages\/6197"}],"wp:attachment":[{"href":"https:\/\/wpml.org\/es\/wp-json\/wp\/v2\/media?parent=9611"}],"wp:term":[{"taxonomy":"related-projects-category","embeddable":true,"href":"https:\/\/wpml.org\/es\/wp-json\/wp\/v2\/related-projects-category?post=9611"}],"curies":[{"name":"wp","href":"https:\/\/api.w.org\/{rel}","templated":true}]}}