{"id":9613,"date":"2009-01-07T18:33:01","date_gmt":"2009-01-07T18:33:01","guid":{"rendered":"http:\/\/wpml.org\/pagina-principal\/contactarnos\/"},"modified":"2026-04-21T13:19:45","modified_gmt":"2026-04-21T13:19:45","slug":"contactarnos","status":"publish","type":"page","link":"https:\/\/wpml.org\/es\/pagina-principal\/contactarnos\/","title":{"rendered":"Contacte con nosotros"},"content":{"rendered":"\n<h2 class=\"wp-block-heading has-dark-gray-color has-text-color has-link-color wp-elements-eb9823c3c8069c6f1461d52f64262900\">Servicios al cliente<\/h2>\n\n<a class=\"wp-block-toolset-blocks-container tb-container container-as-link no-underline\" href=\"https:\/\/wpml.org\/forums\/forum\/english-support\/\" style=\"display:block\" data-toolset-blocks-container=\"b1228e22f93b557a79535b80607a6329\">\n<div class=\"wp-block-toolset-blocks-grid tb-grid\" data-toolset-blocks-grid=\"159d375a4f5b081ce43734eef4e70093\">\n<div class=\"wp-block-toolset-blocks-grid-column tb-grid-column tb-grid-align-top\" data-toolset-blocks-grid-column=\"3034fbe886c11054e95b46b09d3e4112\">\n<div class=\"wp-block-toolset-blocks-container tb-container\" data-toolset-blocks-container=\"f8de0ab6e896aa96fa7ac1ee93c3db25\"><\/div>\n<\/div>\n\n\n\n<div class=\"wp-block-toolset-blocks-grid-column tb-grid-column tb-grid-align-top\" data-toolset-blocks-grid-column=\"3034fbe886c11054e95b46b09d3e4112\">\n<h3 class=\"tb-heading has-text-color\" data-toolset-blocks-heading=\"22da1915f6475dc1f3201afb7ba3817f\" data-last-update=\"1.4\">Soporte t\u00e9cnico<\/h3>\n\n\n\n<p class=\"tb-heading has-text-color\" data-toolset-blocks-heading=\"63541e61422659be89d3497bcb6a394b\" data-last-update=\"1.4\">Si ha comprado WPML y necesita ayuda t\u00e9cnica, visite el foro de soporte exclusivo para miembros.<\/p>\n<\/div>\n<\/div>\n<\/a>\n\n<a class=\"wp-block-toolset-blocks-container tb-container container-as-link no-underline\" href=\"https:\/\/wpml.org\/purchase\/pre-sales-questions\/\" style=\"display:block\" data-toolset-blocks-container=\"3a9e90c90fd68d9289a60ff3b80158b8\">\n<div class=\"wp-block-toolset-blocks-grid tb-grid\" data-toolset-blocks-grid=\"9b93a7cecf27d9fa6b122b3c9c6e6463\">\n<div class=\"wp-block-toolset-blocks-grid-column tb-grid-column tb-grid-align-top\" data-toolset-blocks-grid-column=\"3034fbe886c11054e95b46b09d3e4112\">\n<div class=\"wp-block-toolset-blocks-container tb-container\" data-toolset-blocks-container=\"1ff1d79b9133b542fdb6a5d8cf53b5a0\"><\/div>\n<\/div>\n\n\n\n<div class=\"wp-block-toolset-blocks-grid-column tb-grid-column tb-grid-align-top\" data-toolset-blocks-grid-column=\"3034fbe886c11054e95b46b09d3e4112\">\n<h3 class=\"tb-heading has-text-color\" data-toolset-blocks-heading=\"c9018b03ac0b5da006ff19ae5428a892\" data-last-update=\"1.4\">Preguntas de preventa<\/h3>\n\n\n\n<p class=\"tb-heading has-text-color\" data-toolset-blocks-heading=\"2bd6d642c9c8c21d1a045e385fdc7896\" data-last-update=\"1.4\">\u00bfA\u00fan no es cliente? H\u00e1ganos sus preguntas de preventa. <\/p>\n<\/div>\n<\/div>\n<\/a>\n\n<a class=\"wp-block-toolset-blocks-container tb-container container-as-link no-underline\" href=\"https:\/\/wpml.org\/home\/contact-us\/contact-form\/\" style=\"display:block\" data-toolset-blocks-container=\"76e76173477fdadb6fdd23c6e52928dc\">\n<div class=\"wp-block-toolset-blocks-grid tb-grid\" data-toolset-blocks-grid=\"9b93a7cecf27d9fa6b122b3c9c6e6463\">\n<div class=\"wp-block-toolset-blocks-grid-column tb-grid-column tb-grid-align-top\" data-toolset-blocks-grid-column=\"3034fbe886c11054e95b46b09d3e4112\">\n<div class=\"wp-block-toolset-blocks-container tb-container\" data-toolset-blocks-container=\"9b7e48fce51f5dd40dfd903b89350f1d\"><\/div>\n<\/div>\n\n\n\n<div class=\"wp-block-toolset-blocks-grid-column tb-grid-column tb-grid-align-top\" data-toolset-blocks-grid-column=\"3034fbe886c11054e95b46b09d3e4112\">\n<h3 class=\"tb-heading has-text-color\" data-toolset-blocks-heading=\"c9018b03ac0b5da006ff19ae5428a892\" data-last-update=\"1.4\">P\u00e1gina de la cuenta<\/h3>\n\n\n\n<p class=\"tb-heading has-text-color\" data-toolset-blocks-heading=\"2bd6d642c9c8c21d1a045e385fdc7896\" data-last-update=\"1.4\">\u00bfTiene alg\u00fan problema con su cuenta o suscripci\u00f3n? Utilice nuestro formulario de contacto. <\/p>\n<\/div>\n<\/div>\n<\/a>\n\n<a class=\"wp-block-toolset-blocks-container tb-container container-as-link no-underline\" href=\"https:\/\/wpml.org\/account\/lost-my-password\/\" style=\"display:block\" data-toolset-blocks-container=\"a8833a8652134701ed93983f02ff5458\">\n<div class=\"wp-block-toolset-blocks-grid tb-grid\" data-toolset-blocks-grid=\"9b93a7cecf27d9fa6b122b3c9c6e6463\">\n<div class=\"wp-block-toolset-blocks-grid-column tb-grid-column tb-grid-align-top\" data-toolset-blocks-grid-column=\"3034fbe886c11054e95b46b09d3e4112\">\n<div class=\"wp-block-toolset-blocks-container tb-container\" data-toolset-blocks-container=\"0886a53fbc069af9c81ed1a3daecb9e0\"><\/div>\n<\/div>\n\n\n\n<div class=\"wp-block-toolset-blocks-grid-column tb-grid-column tb-grid-align-top\" data-toolset-blocks-grid-column=\"3034fbe886c11054e95b46b09d3e4112\">\n<h3 class=\"tb-heading has-text-color\" data-toolset-blocks-heading=\"c9018b03ac0b5da006ff19ae5428a892\" data-last-update=\"1.4\">Recuperaci\u00f3n de contrase\u00f1a<\/h3>\n\n\n\n<p class=\"tb-heading has-text-color\" data-toolset-blocks-heading=\"2bd6d642c9c8c21d1a045e385fdc7896\" data-last-update=\"1.4\">\u00bfCompr\u00f3 WPML y no recibi\u00f3 el correo electr\u00f3nico de nueva cuenta? Utilice la recuperaci\u00f3n de contrase\u00f1a.<br\/>\u00bfUtiliz\u00f3 el correo electr\u00f3nico incorrecto al comprar WPML? No se preocupe, puede usar su correo electr\u00f3nico de PayPal para restablecer el inicio de sesi\u00f3n de su cuenta.  <\/p>\n<\/div>\n<\/div>\n<\/a>\n\n<a class=\"wp-block-toolset-blocks-container tb-container container-as-link no-underline\" href=\"https:\/\/wpml.org\/theme\/\" style=\"display:block\" data-toolset-blocks-container=\"b10bed58496494d815bc5737ee6916c8\">\n<div class=\"wp-block-toolset-blocks-grid tb-grid\" data-toolset-blocks-grid=\"9b93a7cecf27d9fa6b122b3c9c6e6463\">\n<div class=\"wp-block-toolset-blocks-grid-column tb-grid-column tb-grid-align-top\" data-toolset-blocks-grid-column=\"3034fbe886c11054e95b46b09d3e4112\">\n<div class=\"wp-block-toolset-blocks-container tb-container\" data-toolset-blocks-container=\"824ec746d58d042f9a27397f49dbab0c\"><\/div>\n<\/div>\n\n\n\n<div class=\"wp-block-toolset-blocks-grid-column tb-grid-column tb-grid-align-top\" data-toolset-blocks-grid-column=\"3034fbe886c11054e95b46b09d3e4112\">\n<h3 class=\"tb-heading has-text-color\" data-toolset-blocks-heading=\"c9018b03ac0b5da006ff19ae5428a892\" data-last-update=\"1.4\">Compatibilidad de temas<\/h3>\n\n\n\n<p class=\"tb-heading has-text-color\" data-toolset-blocks-heading=\"2bd6d642c9c8c21d1a045e385fdc7896\" data-last-update=\"1.4\">Compruebe si WPML es compatible con su tema.<\/p>\n<\/div>\n<\/div>\n<\/a>\n\n<a class=\"wp-block-toolset-blocks-container tb-container container-as-link no-underline\" href=\"https:\/\/wpml.org\/home\/contact-us\/report-security-and-vulnerability-issues\/\" style=\"display:block\" data-toolset-blocks-container=\"1561befa6c2e6aaf6e25b7d7fde5ac64\">\n<div class=\"wp-block-toolset-blocks-grid tb-grid\" data-toolset-blocks-grid=\"9b93a7cecf27d9fa6b122b3c9c6e6463\">\n<div class=\"wp-block-toolset-blocks-grid-column tb-grid-column tb-grid-align-top\" data-toolset-blocks-grid-column=\"3034fbe886c11054e95b46b09d3e4112\">\n<div class=\"wp-block-toolset-blocks-container tb-container\" data-toolset-blocks-container=\"1c82e54c6dd10ab198c86fe614923483\"><\/div>\n<\/div>\n\n\n\n<div class=\"wp-block-toolset-blocks-grid-column tb-grid-column tb-grid-align-top\" data-toolset-blocks-grid-column=\"3034fbe886c11054e95b46b09d3e4112\">\n<h3 class=\"tb-heading has-text-color\" data-toolset-blocks-heading=\"c9018b03ac0b5da006ff19ae5428a892\" data-last-update=\"1.4\">Problemas de seguridad y vulnerabilidades<\/h3>\n\n\n\n<p class=\"tb-heading has-text-color\" data-toolset-blocks-heading=\"2bd6d642c9c8c21d1a045e385fdc7896\" data-last-update=\"1.4\">\u00bfHa encontrado un problema de seguridad o una vulnerabilidad? Utilice este formulario. <\/p>\n<\/div>\n<\/div>\n<\/a>\n\n<a class=\"wp-block-toolset-blocks-container tb-container container-as-link no-underline\" href=\"https:\/\/wpml.org\/purchase\/refunds\/\" style=\"display:block\" data-toolset-blocks-container=\"fbc0255d9a70115f8387efff38159ac4\">\n<div class=\"wp-block-toolset-blocks-grid tb-grid\" data-toolset-blocks-grid=\"9b93a7cecf27d9fa6b122b3c9c6e6463\">\n<div class=\"wp-block-toolset-blocks-grid-column tb-grid-column tb-grid-align-top\" data-toolset-blocks-grid-column=\"3034fbe886c11054e95b46b09d3e4112\">\n<div class=\"wp-block-toolset-blocks-container tb-container\" data-toolset-blocks-container=\"d80d7662aa4df7bd31a161c97eebd4f3\"><\/div>\n<\/div>\n\n\n\n<div class=\"wp-block-toolset-blocks-grid-column tb-grid-column tb-grid-align-top\" data-toolset-blocks-grid-column=\"3034fbe886c11054e95b46b09d3e4112\">\n<h3 class=\"tb-heading has-text-color\" data-toolset-blocks-heading=\"c9018b03ac0b5da006ff19ae5428a892\" data-last-update=\"1.4\">\u00bfDesea devolver WPML?<\/h3>\n\n\n\n<p class=\"tb-heading has-text-color\" data-toolset-blocks-heading=\"2bd6d642c9c8c21d1a045e385fdc7896\" data-last-update=\"1.4\">Solicite un reembolso.<\/p>\n<\/div>\n<\/div>\n<\/a>\n\n<a class=\"wp-block-toolset-blocks-container tb-container container-as-link no-underline\" href=\"https:\/\/wpml.org\/home\/contact-us\/lost-account-email\/\" style=\"display:block\" data-toolset-blocks-container=\"a28146d8ea4039a2c60a9055118504a6\">\n<div class=\"wp-block-toolset-blocks-grid tb-grid\" data-toolset-blocks-grid=\"9b93a7cecf27d9fa6b122b3c9c6e6463\">\n<div class=\"wp-block-toolset-blocks-grid-column tb-grid-column tb-grid-align-top\" data-toolset-blocks-grid-column=\"3034fbe886c11054e95b46b09d3e4112\">\n<div class=\"wp-block-toolset-blocks-container tb-container\" data-toolset-blocks-container=\"c459df833777a05716356b716e099a1c\"><\/div>\n<\/div>\n\n\n\n<div class=\"wp-block-toolset-blocks-grid-column tb-grid-column tb-grid-align-top\" data-toolset-blocks-grid-column=\"3034fbe886c11054e95b46b09d3e4112\">\n<h3 class=\"tb-heading has-text-color\" data-toolset-blocks-heading=\"c9018b03ac0b5da006ff19ae5428a892\" data-last-update=\"1.4\">\u00bfNo recuerda el correo electr\u00f3nico de su cuenta?<\/h3>\n\n\n\n<p class=\"tb-heading has-text-color\" data-toolset-blocks-heading=\"2bd6d642c9c8c21d1a045e385fdc7896\" data-last-update=\"1.4\">Pida a nuestro equipo que lo encuentre.<\/p>\n<\/div>\n<\/div>\n<\/a>\n\n<a class=\"wp-block-toolset-blocks-container tb-container container-as-link no-underline\" href=\"https:\/\/wpml.org\/documentation\/automatic-translation\/quality-guarantee\/translation-refunds\/\" style=\"display:block\" data-toolset-blocks-container=\"c267f9438f0f1d6f8118c5bbaa06d4a6\">\n<div class=\"wp-block-toolset-blocks-grid tb-grid\" data-toolset-blocks-grid=\"9b93a7cecf27d9fa6b122b3c9c6e6463\">\n<div class=\"wp-block-toolset-blocks-grid-column tb-grid-column tb-grid-align-top\" data-toolset-blocks-grid-column=\"3034fbe886c11054e95b46b09d3e4112\">\n<div class=\"wp-block-toolset-blocks-container tb-container\" data-toolset-blocks-container=\"38fbb67cccd7a6425b60d912700f9631\"><\/div>\n<\/div>\n\n\n\n<div class=\"wp-block-toolset-blocks-grid-column tb-grid-column tb-grid-align-top\" data-toolset-blocks-grid-column=\"3034fbe886c11054e95b46b09d3e4112\">\n<h3 class=\"tb-heading has-text-color\" data-toolset-blocks-heading=\"c9018b03ac0b5da006ff19ae5428a892\" data-last-update=\"1.4\">\u00bfNo est\u00e1 satisfecho con las traducciones de IA de PTC?<\/h3>\n\n\n\n<p class=\"tb-heading has-text-color\" data-toolset-blocks-heading=\"2bd6d642c9c8c21d1a045e385fdc7896\" data-last-update=\"1.4\">Solicite un reembolso.<\/p>\n<\/div>\n<\/div>\n<\/a>\n\n<div style=\"height:48px\" aria-hidden=\"true\" class=\"wp-block-spacer\"><\/div>\n\n<h2 class=\"wp-block-heading has-dark-gray-color has-text-color has-link-color wp-elements-da553164e05b73aa52a4566cc291e31f\">Consultas comerciales<\/h2>\n\n<a class=\"wp-block-toolset-blocks-container tb-container container-as-link no-underline\" href=\"https:\/\/wpml.org\/home\/contact-us\/contact-form\/\" style=\"display:block\" data-toolset-blocks-container=\"76e76173477fdadb6fdd23c6e52928dc\">\n<div class=\"wp-block-toolset-blocks-grid tb-grid\" data-toolset-blocks-grid=\"9b93a7cecf27d9fa6b122b3c9c6e6463\">\n<div class=\"wp-block-toolset-blocks-grid-column tb-grid-column tb-grid-align-top\" data-toolset-blocks-grid-column=\"3034fbe886c11054e95b46b09d3e4112\">\n<div class=\"wp-block-toolset-blocks-container tb-container\" data-toolset-blocks-container=\"c8242cf3bfde3cb878f1e17a98d8c310\"><\/div>\n<\/div>\n\n\n\n<div class=\"wp-block-toolset-blocks-grid-column tb-grid-column tb-grid-align-top\" data-toolset-blocks-grid-column=\"3034fbe886c11054e95b46b09d3e4112\">\n<h3 class=\"tb-heading has-text-color\" data-toolset-blocks-heading=\"c9018b03ac0b5da006ff19ae5428a892\" data-last-update=\"1.4\">Negocios y prensa<\/h3>\n\n\n\n<p class=\"tb-heading has-text-color\" data-toolset-blocks-heading=\"2bd6d642c9c8c21d1a045e385fdc7896\" data-last-update=\"1.4\">\u00bfTiene alguna consulta comercial o de prensa? Utilice nuestro formulario de contacto. <\/p>\n<\/div>\n<\/div>\n<\/a>\n\n<a class=\"wp-block-toolset-blocks-container tb-container container-as-link no-underline\" href=\"https:\/\/wpml.org\/documentation\/support\/go-global-program\/\" style=\"display:block\" data-toolset-blocks-container=\"db355bcc40a179b93ae7b80c6580e8cf\">\n<div class=\"wp-block-toolset-blocks-grid tb-grid\" data-toolset-blocks-grid=\"9b93a7cecf27d9fa6b122b3c9c6e6463\">\n<div class=\"wp-block-toolset-blocks-grid-column tb-grid-column tb-grid-align-top\" data-toolset-blocks-grid-column=\"3034fbe886c11054e95b46b09d3e4112\">\n<div class=\"wp-block-toolset-blocks-container tb-container\" data-toolset-blocks-container=\"95aa241c3d10e08dd2755f4f5303ea67\"><\/div>\n<\/div>\n\n\n\n<div class=\"wp-block-toolset-blocks-grid-column tb-grid-column tb-grid-align-top\" data-toolset-blocks-grid-column=\"3034fbe886c11054e95b46b09d3e4112\">\n<h3 class=\"tb-heading has-text-color\" data-toolset-blocks-heading=\"c9018b03ac0b5da006ff19ae5428a892\" data-last-update=\"1.4\">Desarrolladores de temas y complementos<\/h3>\n\n\n\n<p class=\"tb-heading has-text-color\" data-toolset-blocks-heading=\"2bd6d642c9c8c21d1a045e385fdc7896\" data-last-update=\"1.4\">\u00bfDesea que le ayudemos a lograr la compatibilidad con WPML? \u00danase a nuestro programa Go Global. <\/p>\n<\/div>\n<\/div>\n<\/a>\n\n<a class=\"wp-block-toolset-blocks-container tb-container container-as-link no-underline\" href=\"https:\/\/wpml.org\/documentation\/content-translation\/interested-in-integrating-with-wpml\/\" style=\"display:block\" data-toolset-blocks-container=\"49c5c841d062c6e4bdccd61a6704ac14\">\n<div class=\"wp-block-toolset-blocks-grid tb-grid\" data-toolset-blocks-grid=\"9b93a7cecf27d9fa6b122b3c9c6e6463\">\n<div class=\"wp-block-toolset-blocks-grid-column tb-grid-column tb-grid-align-top\" data-toolset-blocks-grid-column=\"3034fbe886c11054e95b46b09d3e4112\">\n<div class=\"wp-block-toolset-blocks-container tb-container\" data-toolset-blocks-container=\"fb33fe8a49d7dce75af1c9ba48c2eda4\"><\/div>\n<\/div>\n\n\n\n<div class=\"wp-block-toolset-blocks-grid-column tb-grid-column tb-grid-align-top\" data-toolset-blocks-grid-column=\"3034fbe886c11054e95b46b09d3e4112\">\n<h3 class=\"tb-heading has-text-color\" data-toolset-blocks-heading=\"c9018b03ac0b5da006ff19ae5428a892\" data-last-update=\"1.4\">Servicios de traducci\u00f3n<\/h3>\n\n\n\n<p class=\"tb-heading has-text-color\" data-toolset-blocks-heading=\"2bd6d642c9c8c21d1a045e385fdc7896\" data-last-update=\"1.4\">\u00bfRepresenta a un servicio de traducci\u00f3n profesional? Contacte con nosotros para integrar su servicio de traducci\u00f3n con WPML. <\/p>\n<\/div>\n<\/div>\n<\/a>\n\n<a class=\"wp-block-toolset-blocks-container tb-container container-as-link no-underline\" href=\"http:\/\/www.onthegosystems.com\/jobs\/\" target=\"_blank\" style=\"display:block\" rel=\"noopener noreferrer\" data-toolset-blocks-container=\"730f1ef65dbbab0204ed5bae60de5c9d\">\n<div class=\"wp-block-toolset-blocks-grid tb-grid\" data-toolset-blocks-grid=\"9b93a7cecf27d9fa6b122b3c9c6e6463\">\n<div class=\"wp-block-toolset-blocks-grid-column tb-grid-column tb-grid-align-top\" data-toolset-blocks-grid-column=\"3034fbe886c11054e95b46b09d3e4112\">\n<div class=\"wp-block-toolset-blocks-container tb-container\" data-toolset-blocks-container=\"aaed79bc00f78fb442c0e598a63e4579\"><\/div>\n<\/div>\n\n\n\n<div class=\"wp-block-toolset-blocks-grid-column tb-grid-column tb-grid-align-top\" data-toolset-blocks-grid-column=\"3034fbe886c11054e95b46b09d3e4112\">\n<h3 class=\"tb-heading has-text-color\" data-toolset-blocks-heading=\"c9018b03ac0b5da006ff19ae5428a892\" data-last-update=\"1.4\">Empleo<\/h3>\n\n\n\n<p class=\"tb-heading has-text-color\" data-toolset-blocks-heading=\"2bd6d642c9c8c21d1a045e385fdc7896\" data-last-update=\"1.4\">\u00bfLe interesa desarrollar su carrera profesional con nosotros? Explore las oportunidades en desarrollo de WordPress, soporte y m\u00e1s en nuestra p\u00e1gina de Empleo. <\/p>\n<\/div>\n<\/div>\n<\/a>\n\n<div style=\"height:48px\" aria-hidden=\"true\" class=\"wp-block-spacer\"><\/div>\n\n<h2 class=\"wp-block-heading has-dark-gray-color has-text-color has-link-color wp-elements-b4c8d36cc71d9decd3f3db41cf6c8553\"><strong>Nuestra direcci\u00f3n<\/strong><\/h2>\n<p><strong>OnTheGoSystems Limited<\/strong><\/p><p>22\/F 3 Lockhart Road<br> Wanchai<br> Hong Kong<\/p>\n","protected":false},"excerpt":{"rendered":"<p>Servicios al cliente Consultas comerciales Nuestra direcci\u00f3n<\/p>\n","protected":false},"author":1,"featured_media":0,"parent":1090,"menu_order":0,"comment_status":"closed","ping_status":"closed","template":"nosidebar-template.php","meta":{"_bbp_topic_count":0,"_bbp_reply_count":0,"_bbp_total_topic_count":0,"_bbp_total_reply_count":0,"_bbp_voice_count":0,"_bbp_anonymous_reply_count":0,"_bbp_topic_count_hidden":0,"_bbp_reply_count_hidden":0,"_bbp_forum_subforum_count":0,"_uag_custom_page_level_css":"","ep_exclude_from_search":false,"footnotes":""},"related-projects-category":[],"class_list":["post-9613","page","type-page","status-publish","hentry"],"spectra_custom_meta":{"ratings_users":["0"],"ratings_score":["0"],"ratings_average":["0"],"_wp_page_template":["nosidebar-template.php"],"_icl_translation":["1"],"_views_template":["0"],"_edit_lock":["1778155071:609223"],"_edit_last":["27353"],"bbps-topic-tags":["a:0:{}"],"_alp_processed":["1776777585"],"_yoast_wpseo_content_score":["60"],"_subscription_coupon_product_id":["0"],"inline_featured_image":["0"],"_yoast_wpseo_primary_documentation-category":[""],"wpcf-disable-autop":["1"],"_wpml_media_featured":["1"],"_last_translation_edit_mode":["translation-editor"],"wpcf-unformatted-code":[""],"wpcf-price-increase-show-from":[""],"wpcf-price-increase-show-till":[""],"_wpml_media_duplicate":["0"],"_oembed_5a55d53e37a9b5cf0a1196915e7af25d":["<iframe title=\"Create Multilingual Contact Forms using Contact Form 7 and WPML\" width=\"700\" height=\"394\" src=\"https:\/\/www.youtube.com\/embed\/YC1LAMt6kvk?feature=oembed&enablejsapi=1&origin=https:\/\/wpml.org\" frameborder=\"0\" allow=\"accelerometer; autoplay; clipboard-write; encrypted-media; gyroscope; picture-in-picture; web-share\" referrerpolicy=\"strict-origin-when-cross-origin\" allowfullscreen><\/iframe>"],"_oembed_time_5a55d53e37a9b5cf0a1196915e7af25d":["1717640772"],"toolset_post_editor_mode":["block"],"_wpml_word_count":["292"],"cmplz_hide_cookiebanner":[""],"wpcf-price-increase-content":[""],"wpcf-login-box-title":[""],"wpcf-page-content":[""],"_yoast_wpseo_primary_related-projects-category":[""],"_yoast_wpseo_title":["Contacte con nosotros - WPML"],"_yoast_wpseo_metadesc":["P\u00f3ngase en contacto con el equipo de WPML para asuntos relacionados con su cuenta, preguntas de preventa, consultas sobre asociaciones o informaci\u00f3n general sobre WPML."],"_uag_css_file_name":["uag-css-9613.css"],"_uag_page_assets":["a:9:{s:3:\"css\";s:0:\"\";s:2:\"js\";s:0:\"\";s:18:\"current_block_list\";a:7:{i:0;s:12:\"core\/heading\";i:1;s:24:\"toolset-blocks\/container\";i:2;s:19:\"toolset-blocks\/grid\";i:3;s:26:\"toolset-blocks\/grid-column\";i:5;s:22:\"toolset-blocks\/heading\";i:6;s:11:\"core\/spacer\";i:7;s:14:\"core\/shortcode\";}s:8:\"uag_flag\";b:0;s:11:\"uag_version\";s:10:\"1778891698\";s:6:\"gfonts\";a:0:{}s:10:\"gfonts_url\";s:0:\"\";s:12:\"gfonts_files\";a:0:{}s:14:\"uag_faq_layout\";b:0;}"]},"uagb_featured_image_src":{"full":false,"thumbnail":false,"medium":false,"medium_large":false,"large":false,"1536x1536":false,"2048x2048":false,"gform-image-choice-sm":false,"gform-image-choice-md":false,"gform-image-choice-lg":false,"woocommerce_thumbnail":false,"woocommerce_single":false,"woocommerce_gallery_thumbnail":false},"uagb_author_info":{"display_name":"Amir","author_link":"https:\/\/wpml.org\/es\/author\/admingm\/"},"uagb_comment_info":0,"uagb_excerpt":"Servicios al cliente Consultas comerciales Nuestra direcci\u00f3n","_links":{"self":[{"href":"https:\/\/wpml.org\/es\/wp-json\/wp\/v2\/pages\/9613","targetHints":{"allow":["GET"]}}],"collection":[{"href":"https:\/\/wpml.org\/es\/wp-json\/wp\/v2\/pages"}],"about":[{"href":"https:\/\/wpml.org\/es\/wp-json\/wp\/v2\/types\/page"}],"author":[{"embeddable":true,"href":"https:\/\/wpml.org\/es\/wp-json\/wp\/v2\/users\/1"}],"replies":[{"embeddable":true,"href":"https:\/\/wpml.org\/es\/wp-json\/wp\/v2\/comments?post=9613"}],"version-history":[{"count":8,"href":"https:\/\/wpml.org\/es\/wp-json\/wp\/v2\/pages\/9613\/revisions"}],"predecessor-version":[{"id":17984436,"href":"https:\/\/wpml.org\/es\/wp-json\/wp\/v2\/pages\/9613\/revisions\/17984436"}],"up":[{"embeddable":true,"href":"https:\/\/wpml.org\/es\/wp-json\/wp\/v2\/pages\/1090"}],"wp:attachment":[{"href":"https:\/\/wpml.org\/es\/wp-json\/wp\/v2\/media?parent=9613"}],"wp:term":[{"taxonomy":"related-projects-category","embeddable":true,"href":"https:\/\/wpml.org\/es\/wp-json\/wp\/v2\/related-projects-category?post=9613"}],"curies":[{"name":"wp","href":"https:\/\/api.w.org\/{rel}","templated":true}]}}