{"id":9614,"date":"2012-02-17T19:53:22","date_gmt":"2012-02-17T19:53:22","guid":{"rendered":"http:\/\/wpml.org\/compra\/preguntas-antes-de-adquirir-el-producto\/"},"modified":"2024-06-12T09:18:33","modified_gmt":"2024-06-12T09:18:33","slug":"preguntas-antes-de-adquirir-el-producto","status":"publish","type":"page","link":"https:\/\/wpml.org\/es\/purchase\/preguntas-antes-de-adquirir-el-producto\/","title":{"rendered":"Preguntas preventa"},"content":{"rendered":"<p>\u00bfTienes alguna pregunta?<br \/>\n\u00bfNecesitas una aclaraci\u00f3n?<br \/>\nDeja un comentario aqu\u00ed y obt\u00e9n una respuesta.  <\/p>\n","protected":false},"excerpt":{"rendered":"<p>\u00bfTienes alguna pregunta? \u00bfNecesitas una aclaraci\u00f3n? Deja un comentario aqu\u00ed y obt\u00e9n una respuesta.<\/p>\n","protected":false},"author":2,"featured_media":0,"parent":6197,"menu_order":44,"comment_status":"open","ping_status":"closed","template":"template-full-header-with-wrapper.php","meta":{"_bbp_topic_count":0,"_bbp_reply_count":0,"_bbp_total_topic_count":0,"_bbp_total_reply_count":0,"_bbp_voice_count":0,"_bbp_anonymous_reply_count":0,"_bbp_topic_count_hidden":0,"_bbp_reply_count_hidden":0,"_bbp_forum_subforum_count":0,"ep_exclude_from_search":false,"footnotes":""},"related-projects-category":[],"class_list":["post-9614","page","type-page","status-publish","hentry"],"_links":{"self":[{"href":"https:\/\/wpml.org\/es\/wp-json\/wp\/v2\/pages\/9614","targetHints":{"allow":["GET"]}}],"collection":[{"href":"https:\/\/wpml.org\/es\/wp-json\/wp\/v2\/pages"}],"about":[{"href":"https:\/\/wpml.org\/es\/wp-json\/wp\/v2\/types\/page"}],"author":[{"embeddable":true,"href":"https:\/\/wpml.org\/es\/wp-json\/wp\/v2\/users\/2"}],"replies":[{"embeddable":true,"href":"https:\/\/wpml.org\/es\/wp-json\/wp\/v2\/comments?post=9614"}],"version-history":[{"count":1,"href":"https:\/\/wpml.org\/es\/wp-json\/wp\/v2\/pages\/9614\/revisions"}],"predecessor-version":[{"id":15730121,"href":"https:\/\/wpml.org\/es\/wp-json\/wp\/v2\/pages\/9614\/revisions\/15730121"}],"up":[{"embeddable":true,"href":"https:\/\/wpml.org\/es\/wp-json\/wp\/v2\/pages\/6197"}],"wp:attachment":[{"href":"https:\/\/wpml.org\/es\/wp-json\/wp\/v2\/media?parent=9614"}],"wp:term":[{"taxonomy":"related-projects-category","embeddable":true,"href":"https:\/\/wpml.org\/es\/wp-json\/wp\/v2\/related-projects-category?post=9614"}],"curies":[{"name":"wp","href":"https:\/\/api.w.org\/{rel}","templated":true}]}}