{"id":968986,"date":"2016-06-01T14:21:08","date_gmt":"2016-06-01T14:21:08","guid":{"rendered":"https:\/\/wpml.org\/es\/pagina-principal\/comparar-wpml-con-alternativas-con-y-sin-costo\/"},"modified":"2025-12-09T09:34:11","modified_gmt":"2025-12-09T09:34:11","slug":"comparar-wpml-con-alternativas-con-y-sin-costo","status":"publish","type":"page","link":"https:\/\/wpml.org\/es\/pagina-principal\/comparar-wpml-con-alternativas-con-y-sin-costo\/","title":{"rendered":"Comparaci\u00f3n de WPML con alternativas gratuitas y de pago"},"content":{"rendered":"\n<div class=\"wp-block-toolset-blocks-container tb-container\" data-toolset-blocks-container=\"3bbe7c5c4bf290180151b2be3af6f689\"><div class=\"tb-container-inner\">\n<div class=\"wp-block-toolset-blocks-grid tb-grid\" data-toolset-blocks-grid=\"45a28227956944f4b2189b2d10c2f3f8\">\n<div class=\"wp-block-toolset-blocks-grid-column tb-grid-column tb-grid-align-top\" data-toolset-blocks-grid-column=\"3034fbe886c11054e95b46b09d3e4112\">\n<p class=\"tb-heading\" data-toolset-blocks-heading=\"520fcf3802b9a6a3a60de7770e574333\" data-last-update=\"1.4\"><strong>Compare sus costes<\/strong> para cada plugin multiling\u00fce importante de WordPress en funci\u00f3n de las caracter\u00edsticas que necesite.<\/p>\n<\/div>\n\n\n\n<div class=\"wp-block-toolset-blocks-grid-column tb-grid-column tb-grid-align-top\" data-toolset-blocks-grid-column=\"3034fbe886c11054e95b46b09d3e4112\">\n<p class=\"tb-heading\" data-toolset-blocks-heading=\"28e0e933681b2060daf347d58549c7a3\" data-last-update=\"1.4\">Vea c\u00f3mo se compara WPML con la competencia. Elija sus opciones a continuaci\u00f3n para ver el coste de traducir su sitio utilizando cada plugin de traducci\u00f3n popular de WordPress. <\/p>\n<\/div>\n<\/div>\n<\/div><\/div>\n<div class=\"wpml-compare-calculator\">\n                        <div class=\"wpml-compare-calculator__grid\">\n                            <div class=\"wpml-compare-calculator__grid-sidebar\">\n                                <button class=\"wpml-compare-calculator__grid-sidebar-toggle\"><i class=\"wpml-ico-funnel\"><\/i> Filtrar<\/button>\n                                <div class=\"wpml-compare-calculator__grid-sidebar-wrapper\">\n                                    <div class=\"wpml-compare-calculator__grid-sidebar-head\">\n                                        <a href=\"#\"><i class=\"wpml-ico-close\"><\/i><\/a>\n                                        <a href=\"#\">Aplicar<\/a>\n                                    <\/div>\n                                    <div class=\"wpml-compare-calculator__grid-sidebar-item\">\n                                        <div class=\"form-group form-group__slider\">\n                                            <label for=\"fLanguages\">\u00bfA cu\u00e1ntos idiomas quieres traducir tu sitio (sin incluir tu idioma predeterminado)?<\/label>\n                                            <input type=\"number\" class=\"form-control\" id=\"fLanguages\" value=\"2\" min=\"0\" max=\"10\" readonly>\n                                            <div class=\"form-group__range\">\n                                                <div class=\"form-group__range-track\"><\/div>\n                                                <input type=\"range\" class=\"form-control-range\" id=\"fLanguagesRange\" value=\"0\" min=\"0\" max=\"3\" step=\"1\">\n                                            <\/div>\n                                        <\/div>\n                                    <\/div>\n                                    <div class=\"wpml-compare-calculator__grid-sidebar-item\">\n                                        <div class=\"form-group form-group__slider\">\n                                            <label for=\"fSites\">\u00bfCu\u00e1ntos sitios quieres traducir?<\/label>\n                                            <input type=\"number\" class=\"form-control\" id=\"fSites\" value=\"1\" min=\"0\" max=\"25\" readonly>\n                                            <div class=\"form-group__range\">\n                                                <div class=\"form-group__range-track\"><\/div>\n                                                <input type=\"range\" class=\"form-control-range\" id=\"fSitesRange\" value=\"0\" min=\"0\" max=\"3\" step=\"1\">\n                                            <\/div>\n                                        <\/div>\n                                    <\/div>\n                                <\/div>\n                            <\/div>\n                            <div class=\"wpml-compare-calculator__grid-content\">\n                                <div class=\"wpml-compare-calculator__grid-content__table\">\n                                    <div class=\"wcc-table__logo\"><\/div>\n                                    <div class=\"wcc-table__logo wcc-table__logo-polylang\">Polylang<\/div>\n                                    <div class=\"wcc-table__logo wcc-table__logo-translatepress\">TranslatePress<\/div>\n                                    <div class=\"wcc-table__logo wcc-table__logo-weglot\">Weglot<\/div>\n                                    <div class=\"wcc-table__logo wcc-table__logo-gtranslate\">GTranslate<\/div>\n                                    <div class=\"wcc-table__logo wcc-table__logo-wpml\">WPML<\/div>\n                                    \n                                    <div class=\"wcc-table__label\">Precio para el primer a\u00f1o <i class=\"wpml-ico-info-o\" data-toggle=\"tooltip\" title=\"El precio de compra inicial basado en las opciones elegidas\"><\/i><\/div>\n                                    <div class=\"wcc-table__item text-blue\" data-id=\"polylang\" data-content=\"pricing\">$89<\/div>\n                                    <div class=\"wcc-table__item text-blue\" data-id=\"translatePress\" data-content=\"pricing\">$159<\/div>\n                                    <div class=\"wcc-table__item text-blue\" data-id=\"weglot\" data-content=\"pricing\">$1,990<\/div>\n                                    <div class=\"wcc-table__item text-blue\" data-id=\"gTranslate\" data-content=\"pricing\">$299<\/div>\n                                    <div class=\"wcc-table__item text-blue\" data-id=\"wpml\" data-content=\"pricing\">&euro;99<\/div>\n                                    \n                                    <div class=\"wcc-table__label\">Traducci\u00f3n en el backend <i class=\"wpml-ico-info-o\" data-toggle=\"tooltip\" title=\"Puedes traducir el contenido del sitio en el backend, sin tener que esperar a que los visitantes lo vean primero en el frontend. Los plugins que solo permiten traducci\u00f3n en el frontend hacen que la traducci\u00f3n parezca f\u00e1cil, pero dependen de que alguien vea primero el contenido antes de que est\u00e9 disponible para traducci\u00f3n.\"><\/i><\/div>\n                                    <div class=\"wcc-table__item wcc-table__item-check\" data-id=\"polylang\" data-content=\"backendTranslation\"><\/div>\n                                    <div class=\"wcc-table__item wcc-table__item-check\" data-id=\"translatePress\" data-content=\"backendTranslation\"><\/div>\n                                    <div class=\"wcc-table__item wcc-table__item-check\" data-id=\"weglot\" data-content=\"backendTranslation\"><\/div>\n                                    <div class=\"wcc-table__item wcc-table__item-check\" data-id=\"gTranslate\" data-content=\"backendTranslation\"><\/div>\n                                    <div class=\"wcc-table__item wcc-table__item-check\" data-id=\"wpml\" data-content=\"backendTranslation\"><\/div>\n                                    \n                                    <div class=\"wcc-table__label\">Traducci\u00f3n autom\u00e1tica usando PTC <i class=\"wpml-ico-info-o\" data-toggle=\"tooltip\" title=\"Traduce tu sitio instant\u00e1neamente con nuestra tecnolog\u00eda de IA propietaria.\"><\/i><\/div>\n                                    <div class=\"wcc-table__item wcc-table__item-check\" data-id=\"polylang\" data-content=\"wpmlAI\"><\/div>\n                                    <div class=\"wcc-table__item wcc-table__item-check\" data-id=\"translatePress\" data-content=\"wpmlAI\"><\/div>\n                                    <div class=\"wcc-table__item wcc-table__item-check\" data-id=\"weglot\" data-content=\"wpmlAI\"><\/div>\n                                    <div class=\"wcc-table__item wcc-table__item-check\" data-id=\"gTranslate\" data-content=\"wpmlAI\"><\/div>\n                                    <div class=\"wcc-table__item wcc-table__item-check\" data-id=\"wpml\" data-content=\"wpmlAI\"><\/div>\n                                    \n                                    <div class=\"wcc-table__label\">Traducci\u00f3n autom\u00e1tica usando Google Translate <i class=\"wpml-ico-info-o\" data-toggle=\"tooltip\" title=\"Traduce tu sitio instant\u00e1neamente, con la tecnolog\u00eda de Google Translate\"><\/i><\/div>\n                                    <div class=\"wcc-table__item wcc-table__item-check\" data-id=\"polylang\" data-content=\"atGoogle\"><\/div>\n                                    <div class=\"wcc-table__item wcc-table__item-check\" data-id=\"translatePress\" data-content=\"atGoogle\"><\/div>\n                                    <div class=\"wcc-table__item wcc-table__item-check\" data-id=\"weglot\" data-content=\"atGoogle\"><\/div>\n                                    <div class=\"wcc-table__item wcc-table__item-check\" data-id=\"gTranslate\" data-content=\"atGoogle\"><\/div>\n                                    <div class=\"wcc-table__item wcc-table__item-check\" data-id=\"wpml\" data-content=\"atGoogle\"><\/div>\n                                    \n                                    \n                                    <div class=\"wcc-table__label\">Traducci\u00f3n autom\u00e1tica usando DeepL <i class=\"wpml-ico-info-o\" data-toggle=\"tooltip\" title=\"Traduce tu sitio instant\u00e1neamente, con la tecnolog\u00eda de DeepL\"><\/i><\/div>\n                                    <div class=\"wcc-table__item wcc-table__item-check\" data-id=\"polylang\" data-content=\"atDeepl\"><\/div>\n                                    <div class=\"wcc-table__item wcc-table__item-check\" data-id=\"translatePress\" data-content=\"atDeepl\"><\/div>\n                                    <div class=\"wcc-table__item wcc-table__item-check\" data-id=\"weglot\" data-content=\"atDeepl\"><\/div>\n                                    <div class=\"wcc-table__item wcc-table__item-check\" data-id=\"gTranslate\" data-content=\"atDeepl\"><\/div>\n                                    <div class=\"wcc-table__item wcc-table__item-check\" data-id=\"wpml\" data-content=\"atDeepl\"><\/div>\n                                    \n                                    <div class=\"wcc-table__label\">SEO multiling\u00fce <i class=\"wpml-ico-info-o\" data-toggle=\"tooltip\" title=\"Traduce todos los metadatos de las entradas y a\u00f1ade atributos hreflang a cada p\u00e1gina\"><\/i><\/div>\n                                    <div class=\"wcc-table__item wcc-table__item-check\" data-id=\"polylang\" data-content=\"multilingualSeo\"><i class=\"wpml-ico wpml-ico-check-circle\"><\/i><\/div>\n                                    <div class=\"wcc-table__item wcc-table__item-check\" data-id=\"translatePress\" data-content=\"multilingualSeo\"><i class=\"wpml-ico wpml-ico-check-circle\"><\/i><\/div>\n                                    <div class=\"wcc-table__item wcc-table__item-check\" data-id=\"weglot\" data-content=\"multilingualSeo\"><i class=\"wpml-ico wpml-ico-check-circle\"><\/i><\/div>\n                                    <div class=\"wcc-table__item wcc-table__item-check\" data-id=\"gTranslate\" data-content=\"multilingualSeo\"><i class=\"wpml-ico wpml-ico-check-circle\"><\/i><\/div>\n                                    <div class=\"wcc-table__item wcc-table__item-check\" data-id=\"wpml\" data-content=\"multilingualSeo\"><i class=\"wpml-ico wpml-ico-check-circle\"><\/i><\/div>\n                                    \n                                    <div class=\"wcc-table__label\">Traducir slugs de URL <i class=\"wpml-ico-info-o\" data-toggle=\"tooltip\" title=\"Ten control total sobre los slugs para todos los tipos de contenido\"><\/i><\/div>\n                                    <div class=\"wcc-table__item wcc-table__item-check\" data-id=\"polylang\" data-content=\"translateUrlSlugs\"><i class=\"wpml-ico wpml-ico-check-circle\"><\/i><\/div>\n                                    <div class=\"wcc-table__item wcc-table__item-check\" data-id=\"translatePress\" data-content=\"translateUrlSlugs\"><i class=\"wpml-ico wpml-ico-check-circle\"><\/i><\/div>\n                                    <div class=\"wcc-table__item wcc-table__item-check\" data-id=\"weglot\" data-content=\"translateUrlSlugs\"><i class=\"wpml-ico wpml-ico-check-circle\"><\/i><\/div>\n                                    <div class=\"wcc-table__item wcc-table__item-check\" data-id=\"gTranslate\" data-content=\"translateUrlSlugs\"><i class=\"wpml-ico wpml-ico-check-circle\"><\/i><\/div>\n                                    <div class=\"wcc-table__item wcc-table__item-check\" data-id=\"wpml\" data-content=\"translateUrlSlugs\"><i class=\"wpml-ico wpml-ico-check-circle\"><\/i><\/div>\n                                    \n                                    <div class=\"wcc-table__label\">Soporte para WooCommerce <i class=\"wpml-ico-info-o\" data-toggle=\"tooltip\" title=\"Traduce productos simples y variables y mant\u00e9n el idioma consistente durante el proceso de compra\"><\/i><\/div>\n                                    <div class=\"wcc-table__item wcc-table__item-check\" data-id=\"polylang\" data-content=\"wooSupport\"><\/div>\n                                    <div class=\"wcc-table__item wcc-table__item-check\" data-id=\"translatePress\" data-content=\"wooSupport\"><\/div>\n                                    <div class=\"wcc-table__item wcc-table__item-check\" data-id=\"weglot\" data-content=\"wooSupport\"><\/div>\n                                    <div class=\"wcc-table__item wcc-table__item-check\" data-id=\"gTranslate\" data-content=\"wooSupport\"><\/div>\n                                    <div class=\"wcc-table__item wcc-table__item-check\" data-id=\"wpml\" data-content=\"wooSupport\"><\/div>\n                                    \n                                    <div class=\"wcc-table__label\">Gesti\u00f3n de traducci\u00f3n <i class=\"wpml-ico-info-o\" data-toggle=\"tooltip\" title=\"Configura un equipo de traductores, asigna tareas y comprueba el estado general de los traductores de un sitio\"><\/i><\/div>\n                                    <div class=\"wcc-table__item wcc-table__item-check\" data-id=\"polylang\" data-content=\"translationManagement\"><\/div>\n                                    <div class=\"wcc-table__item wcc-table__item-check\" data-id=\"translatePress\" data-content=\"translationManagement\"><i class=\"wpml-ico wpml-ico-check-circle\"><\/i><\/div>\n                                    <div class=\"wcc-table__item wcc-table__item-check\" data-id=\"weglot\" data-content=\"translationManagement\"><i class=\"wpml-ico wpml-ico-check-circle\"><\/i><\/div>\n                                    <div class=\"wcc-table__item wcc-table__item-check\" data-id=\"gTranslate\" data-content=\"translationManagement\"><i class=\"wpml-ico wpml-ico-check-circle\"><\/i><\/div>\n                                    <div class=\"wcc-table__item wcc-table__item-check\" data-id=\"wpml\" data-content=\"translationManagement\"><i class=\"wpml-ico wpml-ico-check-circle\"><\/i><\/div> \n                                    \n                                    <div class=\"wcc-table__label\">N\u00famero de servicios de traducci\u00f3n integrados <i class=\"wpml-ico-info-o\" data-toggle=\"tooltip\" title=\"Servicios de traducci\u00f3n profesionales que ofrecen traducciones de alta calidad que funcionan con cada plugin\"><\/i><\/div>\n                                    <div class=\"wcc-table__item\" data-id=\"polylang\" data-content=\"noTs\"><span>1<\/span><\/div>\n                                    <div class=\"wcc-table__item\" data-id=\"translatePress\" data-content=\"noTs\"><span>2<\/span><\/div>\n                                    <div class=\"wcc-table__item\" data-id=\"weglot\" data-content=\"noTs\"><span>1<\/span><\/div>\n                                    <div class=\"wcc-table__item\" data-id=\"gTranslate\" data-content=\"noTs\"><span><\/span><\/div>\n                                    <div class=\"wcc-table__item\" data-id=\"wpml\" data-content=\"noTs\"><span>70<\/span><\/div>\n                                    \n                                    <div class=\"wcc-table__label\">S\u00e9 due\u00f1o de tus traducciones <i class=\"wpml-ico-info-o\" data-toggle=\"tooltip\" title=\"Almacena tus traducciones en tu propia base de datos para que no tengas que seguir pagando para mostrar las traducciones en tu sitio.\"><\/i><\/div>\n                                    <div class=\"wcc-table__item\" data-id=\"polylang\" data-content=\"ownTranslations\"><i class=\"wpml-ico wpml-ico-check-circle\"><\/i><\/div>\n                                    <div class=\"wcc-table__item\" data-id=\"translatePress\" data-content=\"ownTranslations\"><i class=\"wpml-ico wpml-ico-check-circle\"><\/i><\/div>\n                                    <div class=\"wcc-table__item\" data-id=\"weglot\" data-content=\"ownTranslations\"><\/div>\n                                    <div class=\"wcc-table__item\" data-id=\"gTranslate\" data-content=\"ownTranslations\"><\/div>\n                                    <div class=\"wcc-table__item\" data-id=\"wpml\" data-content=\"ownTranslations\"><i class=\"wpml-ico wpml-ico-check-circle\"><\/i><\/div>\n                                    \n                                    <div class=\"wcc-table__label\">Traducir correos electr\u00f3nicos enviados desde el administrador de WordPress <i class=\"wpml-ico-info-o\" data-toggle=\"tooltip\" title=\"Traduce correos electr\u00f3nicos y otros textos que no aparecen en ninguna p\u00e1gina\"><\/i><\/div>\n                                    <div class=\"wcc-table__item\" data-id=\"polylang\" data-content=\"translateEmails\"><i class=\"wpml-ico wpml-ico-check-circle\"><\/i><\/div>\n                                    <div class=\"wcc-table__item\" data-id=\"translatePress\" data-content=\"translateEmails\"><i class=\"wpml-ico wpml-ico-check-circle\"><\/i><\/div>\n                                    <div class=\"wcc-table__item\" data-id=\"weglot\" data-content=\"translateEmails\"><\/div>\n                                    <div class=\"wcc-table__item\" data-id=\"gTranslate\" data-content=\"translateEmails\"><i class=\"wpml-ico wpml-ico-check-circle\"><\/i><\/div>\n                                    <div class=\"wcc-table__item\" data-id=\"wpml\" data-content=\"translateEmails\"><i class=\"wpml-ico wpml-ico-check-circle\"><\/i><\/div>\n\n                                <\/div>\n                            <\/div>\n                        <\/div>\n\n<div class=\"wp-block-toolset-blocks-grid tb-grid\" data-toolset-blocks-grid=\"3e5c71a1ca979719795a70892bd7f7c9\">\n<div class=\"wp-block-toolset-blocks-grid-column tb-grid-column tb-grid-align-top\" data-toolset-blocks-grid-column=\"3034fbe886c11054e95b46b09d3e4112\"><\/div>\n\n\n\n<div class=\"wp-block-toolset-blocks-grid-column tb-grid-column tb-grid-align-top\" data-toolset-blocks-grid-column=\"3034fbe886c11054e95b46b09d3e4112\">\n<p class=\"tb-heading\" data-toolset-blocks-heading=\"82e1505a6ddda3ffe9a06b813997e3d2\" data-last-update=\"1.4\">* Los sitios de empresa tienen alrededor de <strong>20<\/strong> p\u00e1ginas con <strong>500<\/strong> palabras en cada una. Los sitios de comercio electr\u00f3nico tienen <strong>100<\/strong> productos con <strong>300<\/strong> palabras cada uno. Utilice nuestra <a href=\"https:\/\/wpml.org\/es\/documentation-2\/traduccion-automatica-para-contenido-de-wordpress-con-wpml\/precios-del-servicio-de-traduccion-automatica\/#how-automatic-translation-works\">Calculadora de precios de traducci\u00f3n autom\u00e1tica<\/a> para obtener estimaciones m\u00e1s precisas.  <\/p>\n<\/div>\n<\/div>\n\n<div class=\"wp-block-toolset-blocks-container tb-container\" data-toolset-blocks-container=\"fa3170e0556695f46bd70cc1519740ee\">\n<h2 class=\"tb-heading has-text-color\" data-toolset-blocks-heading=\"49ecf4a0b0ca049343fa6c4e0da0e828\" data-last-update=\"1.4\">\u00bfListo para empezar?<\/h2>\n\n\n\n<div class=\"tb-button\" data-toolset-blocks-button=\"d435bc7f760b2d7987c5ea99c239cd88\"><a class=\"tb-button__link\" href=\"https:\/\/wpml.org\/purchase\/\"><span class=\"tb-button__content\">Comprar WPML<\/span><i class=\"tb-button__icon\"><\/i><\/a><\/div>\n\n\n\n<p class=\"tb-heading has-text-color\" data-toolset-blocks-heading=\"5f94c2f3865b84670a4dea86398a2867\" data-last-update=\"1.4\">\u00bfNecesitas m\u00e1s ayuda?  <a href=\"https:\/\/wpml.org\/es\/purchase\/preguntas-antes-de-adquirir-el-producto\/\" target=\"_blank\" rel=\"noreferrer noopener\">Haz una pregunta<\/a><\/p>\n<\/div>\n","protected":false},"excerpt":{"rendered":"","protected":false},"author":204756,"featured_media":0,"parent":1090,"menu_order":87,"comment_status":"closed","ping_status":"closed","template":"template-full-header-with-wrapper.php","meta":{"_bbp_topic_count":0,"_bbp_reply_count":0,"_bbp_total_topic_count":0,"_bbp_total_reply_count":0,"_bbp_voice_count":0,"_bbp_anonymous_reply_count":0,"_bbp_topic_count_hidden":0,"_bbp_reply_count_hidden":0,"_bbp_forum_subforum_count":0,"ep_exclude_from_search":false,"footnotes":""},"related-projects-category":[],"class_list":["post-968986","page","type-page","status-publish","hentry"],"_links":{"self":[{"href":"https:\/\/wpml.org\/es\/wp-json\/wp\/v2\/pages\/968986","targetHints":{"allow":["GET"]}}],"collection":[{"href":"https:\/\/wpml.org\/es\/wp-json\/wp\/v2\/pages"}],"about":[{"href":"https:\/\/wpml.org\/es\/wp-json\/wp\/v2\/types\/page"}],"author":[{"embeddable":true,"href":"https:\/\/wpml.org\/es\/wp-json\/wp\/v2\/users\/204756"}],"replies":[{"embeddable":true,"href":"https:\/\/wpml.org\/es\/wp-json\/wp\/v2\/comments?post=968986"}],"version-history":[{"count":10,"href":"https:\/\/wpml.org\/es\/wp-json\/wp\/v2\/pages\/968986\/revisions"}],"predecessor-version":[{"id":17646473,"href":"https:\/\/wpml.org\/es\/wp-json\/wp\/v2\/pages\/968986\/revisions\/17646473"}],"up":[{"embeddable":true,"href":"https:\/\/wpml.org\/es\/wp-json\/wp\/v2\/pages\/1090"}],"wp:attachment":[{"href":"https:\/\/wpml.org\/es\/wp-json\/wp\/v2\/media?parent=968986"}],"wp:term":[{"taxonomy":"related-projects-category","embeddable":true,"href":"https:\/\/wpml.org\/es\/wp-json\/wp\/v2\/related-projects-category?post=968986"}],"curies":[{"name":"wp","href":"https:\/\/api.w.org\/{rel}","templated":true}]}}